{"id":395,"date":"2026-03-24T15:09:22","date_gmt":"2026-03-24T15:09:22","guid":{"rendered":"https:\/\/www.machinerybearings.com\/about\/"},"modified":"2026-05-02T21:07:09","modified_gmt":"2026-05-02T21:07:09","slug":"about","status":"publish","type":"page","link":"https:\/\/www.machinerybearings.com\/fr\/about\/","title":{"rendered":"\u00c0 propos"},"content":{"rendered":"<div data-elementor-type=\"wp-page\" data-elementor-id=\"395\" class=\"elementor elementor-395\" data-elementor-post-type=\"page\">\n\t\t\t\t<div class=\"elementor-element elementor-element-443e739 e-flex e-con-boxed e-con e-parent\" data-id=\"443e739\" data-element_type=\"container\" data-e-type=\"container\" data-settings=\"{&quot;background_background&quot;:&quot;classic&quot;}\">\n\t\t\t\t\t<div class=\"e-con-inner\">\n\t\t<div class=\"elementor-element elementor-element-8816627 e-con-full e-flex e-con e-child\" data-id=\"8816627\" data-element_type=\"container\" data-e-type=\"container\">\n\t\t\t\t<div class=\"elementor-element elementor-element-c2fdea1 elementor-widget elementor-widget-heading\" data-id=\"c2fdea1\" data-element_type=\"widget\" data-e-type=\"widget\" data-widget_type=\"heading.default\">\n\t\t\t\t<div class=\"elementor-widget-container\">\n\t\t\t\t\t<h1 class=\"elementor-heading-title elementor-size-default\">\u00c0 propos<\/h1>\t\t\t\t<\/div>\n\t\t\t\t<\/div>\n\t\t\t\t<\/div>\n\t\t\t\t\t<\/div>\n\t\t\t\t<\/div>\n\t\t<div class=\"elementor-element elementor-element-9c4fb5e e-flex e-con-boxed e-con e-parent\" data-id=\"9c4fb5e\" data-element_type=\"container\" data-e-type=\"container\" data-settings=\"{&quot;background_background&quot;:&quot;classic&quot;}\">\n\t\t\t\t\t<div class=\"e-con-inner\">\n\t\t<div class=\"elementor-element elementor-element-ef2fe3d e-con-full e-flex e-con e-child\" data-id=\"ef2fe3d\" data-element_type=\"container\" data-e-type=\"container\" data-settings=\"{&quot;background_background&quot;:&quot;classic&quot;}\">\n\t\t\t\t<div class=\"elementor-element elementor-element-4be2227 elementor-widget elementor-widget-heading\" data-id=\"4be2227\" data-element_type=\"widget\" data-e-type=\"widget\" data-widget_type=\"heading.default\">\n\t\t\t\t<div class=\"elementor-widget-container\">\n\t\t\t\t\t<h5 class=\"elementor-heading-title elementor-size-default\">RoulementsMachinerie<\/h5>\t\t\t\t<\/div>\n\t\t\t\t<\/div>\n\t\t\t\t<div class=\"elementor-element elementor-element-7e0a8fb elementor-widget elementor-widget-heading\" data-id=\"7e0a8fb\" data-element_type=\"widget\" data-e-type=\"widget\" data-widget_type=\"heading.default\">\n\t\t\t\t<div class=\"elementor-widget-container\">\n\t\t\t\t\t<h2 class=\"elementor-heading-title elementor-size-default\">Qui Nous Sommes<\/h2>\t\t\t\t<\/div>\n\t\t\t\t<\/div>\n\t\t\t\t<\/div>\n\t\t\t\t\t<\/div>\n\t\t\t\t<\/div>\n\t\t<div class=\"elementor-element elementor-element-3790522 e-flex e-con-boxed e-con e-parent\" data-id=\"3790522\" data-element_type=\"container\" data-e-type=\"container\">\n\t\t\t\t\t<div class=\"e-con-inner\">\n\t\t<div class=\"elementor-element elementor-element-3149c78 e-con-full e-flex e-con e-child\" data-id=\"3149c78\" data-element_type=\"container\" data-e-type=\"container\">\n\t\t\t\t<div class=\"elementor-element elementor-element-ff7b81f elementor-widget elementor-widget-heading\" data-id=\"ff7b81f\" data-element_type=\"widget\" data-e-type=\"widget\" data-widget_type=\"heading.default\">\n\t\t\t\t<div class=\"elementor-widget-container\">\n\t\t\t\t\t<h6 class=\"elementor-heading-title elementor-size-default\">Notre histoire<\/h6>\t\t\t\t<\/div>\n\t\t\t\t<\/div>\n\t\t\t\t<\/div>\n\t\t<div class=\"elementor-element elementor-element-ba3fc8e e-con-full e-flex e-con e-child\" data-id=\"ba3fc8e\" data-element_type=\"container\" data-e-type=\"container\">\n\t\t\t\t<div class=\"elementor-element elementor-element-b8a8c9f elementor-widget-divider--view-line elementor-widget elementor-widget-divider\" data-id=\"b8a8c9f\" data-element_type=\"widget\" data-e-type=\"widget\" data-widget_type=\"divider.default\">\n\t\t\t\t<div class=\"elementor-widget-container\">\n\t\t\t\t\t\t\t<div class=\"elementor-divider\">\n\t\t\t<span class=\"elementor-divider-separator\">\n\t\t\t\t\t\t<\/span>\n\t\t<\/div>\n\t\t\t\t\t\t<\/div>\n\t\t\t\t<\/div>\n\t\t\t\t<div class=\"elementor-element elementor-element-84850f0 elementor-widget elementor-widget-text-editor\" data-id=\"84850f0\" data-element_type=\"widget\" data-e-type=\"widget\" data-widget_type=\"text-editor.default\">\n\t\t\t\t<div class=\"elementor-widget-container\">\n\t\t\t\t\t\t\t\t\t<p data-start=\"154\" data-end=\"371\">RoulementsMachinerie est une plateforme professionnelle de roulements industriels sous Henan Wonzh Precision Manufacturing Co., Ltd., d\u00e9di\u00e9e \u00e0 fournir des solutions de roulements fiables et performantes pour les clients du monde entier.<\/p><p data-start=\"373\" data-end=\"583\">Forts de plusieurs ann\u00e9es d'exp\u00e9rience dans la fabrication de pr\u00e9cision, nous nous sp\u00e9cialisons dans la production et l'approvisionnement d'une large gamme de roulements utilis\u00e9s dans les machines, les syst\u00e8mes de transmission de puissance et les environnements industriels lourds.<\/p><p data-start=\"585\" data-end=\"759\">Notre objectif n'est pas seulement de fournir des produits, mais aussi de livrer des solutions ax\u00e9es sur l'ing\u00e9nierie qui am\u00e9liorent les performances des \u00e9quipements, r\u00e9duisent les temps d'arr\u00eat et prolongent la dur\u00e9e de vie.<\/p><p data-start=\"784\" data-end=\"950\">Henan Wonzh Precision Manufacturing Co., Ltd. a \u00e9t\u00e9 fond\u00e9e avec une vision claire : apporter une ing\u00e9nierie de pr\u00e9cision et des composants fiables au march\u00e9 industriel mondial.<\/p><p data-start=\"952\" data-end=\"1279\">Au fil des ans, nous avons continuellement \u00e9largi nos capacit\u00e9s dans la fabrication de roulements, les solutions d'\u00e9tanch\u00e9it\u00e9 et les composants m\u00e9caniques connexes. Gr\u00e2ce \u00e0 des investissements continus dans la technologie de production et les syst\u00e8mes de contr\u00f4le de la qualit\u00e9, nous avons construit une cha\u00eene d'approvisionnement stable et des partenariats \u00e0 long terme avec des clients de divers secteurs.<\/p><p data-start=\"1281\" data-end=\"1472\">Aujourd'hui, RoulementsMachinerie sert de plateforme d\u00e9di\u00e9e pour se connecter avec des clients internationaux, offrant \u00e0 la fois des solutions de roulements standard et personnalis\u00e9es adapt\u00e9es aux applications du monde r\u00e9el.<\/p>\t\t\t\t\t\t\t\t<\/div>\n\t\t\t\t<\/div>\n\t\t\t\t<\/div>\n\t\t\t\t\t<\/div>\n\t\t\t\t<\/div>\n\t\t<div class=\"elementor-element elementor-element-ec04f94 e-flex e-con-boxed e-con e-parent\" data-id=\"ec04f94\" data-element_type=\"container\" data-e-type=\"container\" data-settings=\"{&quot;background_background&quot;:&quot;classic&quot;}\">\n\t\t\t\t\t<div class=\"e-con-inner\">\n\t\t<div class=\"elementor-element elementor-element-1c9762f e-con-full e-flex e-con e-child\" data-id=\"1c9762f\" data-element_type=\"container\" data-e-type=\"container\">\n\t\t<div class=\"elementor-element elementor-element-ba45ee9 e-con-full e-flex e-con e-child\" data-id=\"ba45ee9\" data-element_type=\"container\" data-e-type=\"container\">\n\t\t<div class=\"elementor-element elementor-element-4e3ff3d e-con-full e-flex e-con e-child\" data-id=\"4e3ff3d\" data-element_type=\"container\" data-e-type=\"container\">\n\t\t\t\t<div class=\"elementor-element elementor-element-e9b7223 elementor-widget elementor-widget-heading\" data-id=\"e9b7223\" data-element_type=\"widget\" data-e-type=\"widget\" data-widget_type=\"heading.default\">\n\t\t\t\t<div class=\"elementor-widget-container\">\n\t\t\t\t\t<h6 class=\"elementor-heading-title elementor-size-default\">Notre Vision<\/h6>\t\t\t\t<\/div>\n\t\t\t\t<\/div>\n\t\t\t\t<\/div>\n\t\t<div class=\"elementor-element elementor-element-d7f54ae e-con-full e-flex e-con e-child\" data-id=\"d7f54ae\" data-element_type=\"container\" data-e-type=\"container\">\n\t\t\t\t<div class=\"elementor-element elementor-element-518860d elementor-widget-divider--view-line elementor-widget elementor-widget-divider\" data-id=\"518860d\" data-element_type=\"widget\" data-e-type=\"widget\" data-widget_type=\"divider.default\">\n\t\t\t\t<div class=\"elementor-widget-container\">\n\t\t\t\t\t\t\t<div class=\"elementor-divider\">\n\t\t\t<span class=\"elementor-divider-separator\">\n\t\t\t\t\t\t<\/span>\n\t\t<\/div>\n\t\t\t\t\t\t<\/div>\n\t\t\t\t<\/div>\n\t\t\t\t<div class=\"elementor-element elementor-element-442f3f8 elementor-widget elementor-widget-text-editor\" data-id=\"442f3f8\" data-element_type=\"widget\" data-e-type=\"widget\" data-widget_type=\"text-editor.default\">\n\t\t\t\t<div class=\"elementor-widget-container\">\n\t\t\t\t\t\t\t\t\t<p data-start=\"1498\" data-end=\"1646\">Devenir un fournisseur mondial de confiance de roulements de pr\u00e9cision et de composants m\u00e9caniques, reconnu pour sa qualit\u00e9, sa fiabilit\u00e9 et son expertise en ing\u00e9nierie.<\/p><p data-start=\"1648\" data-end=\"1772\">Nous visons \u00e0 soutenir les industries du monde entier en livrant des produits qui r\u00e9pondent aux normes les plus \u00e9lev\u00e9es de performance et de durabilit\u00e9.<\/p>\t\t\t\t\t\t\t\t<\/div>\n\t\t\t\t<\/div>\n\t\t\t\t<\/div>\n\t\t\t\t<\/div>\n\t\t<div class=\"elementor-element elementor-element-d382d58 e-con-full e-flex e-con e-child\" data-id=\"d382d58\" data-element_type=\"container\" data-e-type=\"container\">\n\t\t<div class=\"elementor-element elementor-element-2398d76 e-con-full e-flex e-con e-child\" data-id=\"2398d76\" data-element_type=\"container\" data-e-type=\"container\">\n\t\t\t\t<div class=\"elementor-element elementor-element-82836ee elementor-widget elementor-widget-heading\" data-id=\"82836ee\" data-element_type=\"widget\" data-e-type=\"widget\" data-widget_type=\"heading.default\">\n\t\t\t\t<div class=\"elementor-widget-container\">\n\t\t\t\t\t<h6 class=\"elementor-heading-title elementor-size-default\">Notre Mission<\/h6>\t\t\t\t<\/div>\n\t\t\t\t<\/div>\n\t\t\t\t<\/div>\n\t\t<div class=\"elementor-element elementor-element-9de1ae7 e-con-full e-flex e-con e-child\" data-id=\"9de1ae7\" data-element_type=\"container\" data-e-type=\"container\">\n\t\t\t\t<div class=\"elementor-element elementor-element-88206b2 elementor-widget-divider--view-line elementor-widget elementor-widget-divider\" data-id=\"88206b2\" data-element_type=\"widget\" data-e-type=\"widget\" data-widget_type=\"divider.default\">\n\t\t\t\t<div class=\"elementor-widget-container\">\n\t\t\t\t\t\t\t<div class=\"elementor-divider\">\n\t\t\t<span class=\"elementor-divider-separator\">\n\t\t\t\t\t\t<\/span>\n\t\t<\/div>\n\t\t\t\t\t\t<\/div>\n\t\t\t\t<\/div>\n\t\t\t\t<div class=\"elementor-element elementor-element-60f644e elementor-widget elementor-widget-text-editor\" data-id=\"60f644e\" data-element_type=\"widget\" data-e-type=\"widget\" data-widget_type=\"text-editor.default\">\n\t\t\t\t<div class=\"elementor-widget-container\">\n\t\t\t\t\t\t\t\t\t<p data-start=\"95\" data-end=\"285\">Nous nous engageons \u00e0 livrer plus que de simples produits de roulements. Chez RoulementsMachinerie, notre mission est guid\u00e9e par un objectif clair sur la qualit\u00e9, la performance et la valeur \u00e0 long terme pour nos clients.<\/p><p data-start=\"287\" data-end=\"491\">En combinant la fabrication de pr\u00e9cision avec un soutien technique pratique, nous visons \u00e0 aider les entreprises \u00e0 am\u00e9liorer leur efficacit\u00e9, r\u00e9duire les temps d'arr\u00eat et atteindre un fonctionnement fiable dans des environnements industriels exigeants.<\/p>\t\t\t\t\t\t\t\t<\/div>\n\t\t\t\t<\/div>\n\t\t\t\t<div class=\"elementor-element elementor-element-2f19918 elementor-icon-list--layout-traditional elementor-list-item-link-full_width elementor-widget elementor-widget-icon-list\" data-id=\"2f19918\" data-element_type=\"widget\" data-e-type=\"widget\" data-widget_type=\"icon-list.default\">\n\t\t\t\t<div class=\"elementor-widget-container\">\n\t\t\t\t\t\t\t<ul class=\"elementor-icon-list-items\">\n\t\t\t\t\t\t\t<li class=\"elementor-icon-list-item\">\n\t\t\t\t\t\t\t\t\t\t\t<span class=\"elementor-icon-list-icon\">\n\t\t\t\t\t\t\t<i aria-hidden=\"true\" class=\"fas fa-caret-right\"><\/i>\t\t\t\t\t\t<\/span>\n\t\t\t\t\t\t\t\t\t\t<span class=\"elementor-icon-list-text\">Fournir des produits de roulements de haute qualit\u00e9 avec des performances constantes<\/span>\n\t\t\t\t\t\t\t\t\t<\/li>\n\t\t\t\t\t\t\t\t<li class=\"elementor-icon-list-item\">\n\t\t\t\t\t\t\t\t\t\t\t<span class=\"elementor-icon-list-icon\">\n\t\t\t\t\t\t\t<i aria-hidden=\"true\" class=\"fas fa-caret-right\"><\/i>\t\t\t\t\t\t<\/span>\n\t\t\t\t\t\t\t\t\t\t<span class=\"elementor-icon-list-text\">Offrir des solutions d'ing\u00e9nierie pratiques et efficaces<\/span>\n\t\t\t\t\t\t\t\t\t<\/li>\n\t\t\t\t\t\t\t\t<li class=\"elementor-icon-list-item\">\n\t\t\t\t\t\t\t\t\t\t\t<span class=\"elementor-icon-list-icon\">\n\t\t\t\t\t\t\t<i aria-hidden=\"true\" class=\"fas fa-caret-right\"><\/i>\t\t\t\t\t\t<\/span>\n\t\t\t\t\t\t\t\t\t\t<span class=\"elementor-icon-list-text\">Aider les clients \u00e0 r\u00e9duire les co\u00fbts op\u00e9rationnels et am\u00e9liorer la fiabilit\u00e9 des syst\u00e8mes<\/span>\n\t\t\t\t\t\t\t\t\t<\/li>\n\t\t\t\t\t\t\t\t<li class=\"elementor-icon-list-item\">\n\t\t\t\t\t\t\t\t\t\t\t<span class=\"elementor-icon-list-icon\">\n\t\t\t\t\t\t\t<i aria-hidden=\"true\" class=\"fas fa-caret-right\"><\/i>\t\t\t\t\t\t<\/span>\n\t\t\t\t\t\t\t\t\t\t<span class=\"elementor-icon-list-text\">Construire des partenariats \u00e0 long terme bas\u00e9s sur la confiance et le professionnalisme<\/span>\n\t\t\t\t\t\t\t\t\t<\/li>\n\t\t\t\t\t\t<\/ul>\n\t\t\t\t\t\t<\/div>\n\t\t\t\t<\/div>\n\t\t\t\t<\/div>\n\t\t\t\t<\/div>\n\t\t\t\t<\/div>\n\t\t\t\t\t<\/div>\n\t\t\t\t<\/div>\n\t\t\t\t<\/div>","protected":false},"excerpt":{"rendered":"<p>About MachineryBearings Who We Are Our story MachineryBearings is a professional industrial bearing platform under Henan Wonzh Precision Manufacturing Co., Ltd., dedicated to providing reliable and high-performance bearing solutions for global customers. With years of experience in precision manufacturing, we specialize in the production and supply of a wide range of bearings used in machinery, [&hellip;]<\/p>\n","protected":false},"author":1,"featured_media":0,"parent":0,"menu_order":0,"comment_status":"closed","ping_status":"closed","template":"","meta":{"site-sidebar-layout":"no-sidebar","site-content-layout":"page-builder","ast-site-content-layout":"default","site-content-style":"default","site-sidebar-style":"default","ast-global-header-display":"","ast-banner-title-visibility":"","ast-main-header-display":"","ast-hfb-above-header-display":"","ast-hfb-below-header-display":"","ast-hfb-mobile-header-display":"","site-post-title":"disabled","ast-breadcrumbs-content":"disabled","ast-featured-img":"disabled","footer-sml-layout":"","ast-disable-related-posts":"","theme-transparent-header-meta":"enabled","adv-header-id-meta":"","stick-header-meta":"","header-above-stick-meta":"","header-main-stick-meta":"","header-below-stick-meta":"","astra-migrate-meta-layouts":"default","ast-page-background-enabled":"default","ast-page-background-meta":{"desktop":{"background-color":"","background-image":"","background-repeat":"repeat","background-position":"center center","background-size":"auto","background-attachment":"scroll","background-type":"","background-media":"","overlay-type":"","overlay-color":"","overlay-opacity":"","overlay-gradient":""},"tablet":{"background-color":"","background-image":"","background-repeat":"repeat","background-position":"center center","background-size":"auto","background-attachment":"scroll","background-type":"","background-media":"","overlay-type":"","overlay-color":"","overlay-opacity":"","overlay-gradient":""},"mobile":{"background-color":"","background-image":"","background-repeat":"repeat","background-position":"center center","background-size":"auto","background-attachment":"scroll","background-type":"","background-media":"","overlay-type":"","overlay-color":"","overlay-opacity":"","overlay-gradient":""}},"ast-content-background-meta":{"desktop":{"background-color":"var(--ast-global-color-5)","background-image":"","background-repeat":"repeat","background-position":"center center","background-size":"auto","background-attachment":"scroll","background-type":"","background-media":"","overlay-type":"","overlay-color":"","overlay-opacity":"","overlay-gradient":""},"tablet":{"background-color":"var(--ast-global-color-5)","background-image":"","background-repeat":"repeat","background-position":"center center","background-size":"auto","background-attachment":"scroll","background-type":"","background-media":"","overlay-type":"","overlay-color":"","overlay-opacity":"","overlay-gradient":""},"mobile":{"background-color":"var(--ast-global-color-5)","background-image":"","background-repeat":"repeat","background-position":"center center","background-size":"auto","background-attachment":"scroll","background-type":"","background-media":"","overlay-type":"","overlay-color":"","overlay-opacity":"","overlay-gradient":""}},"footnotes":""},"class_list":["post-395","page","type-page","status-publish","hentry"],"_links":{"self":[{"href":"https:\/\/www.machinerybearings.com\/fr\/wp-json\/wp\/v2\/pages\/395","targetHints":{"allow":["GET"]}}],"collection":[{"href":"https:\/\/www.machinerybearings.com\/fr\/wp-json\/wp\/v2\/pages"}],"about":[{"href":"https:\/\/www.machinerybearings.com\/fr\/wp-json\/wp\/v2\/types\/page"}],"author":[{"embeddable":true,"href":"https:\/\/www.machinerybearings.com\/fr\/wp-json\/wp\/v2\/users\/1"}],"replies":[{"embeddable":true,"href":"https:\/\/www.machinerybearings.com\/fr\/wp-json\/wp\/v2\/comments?post=395"}],"version-history":[{"count":9,"href":"https:\/\/www.machinerybearings.com\/fr\/wp-json\/wp\/v2\/pages\/395\/revisions"}],"predecessor-version":[{"id":2492,"href":"https:\/\/www.machinerybearings.com\/fr\/wp-json\/wp\/v2\/pages\/395\/revisions\/2492"}],"wp:attachment":[{"href":"https:\/\/www.machinerybearings.com\/fr\/wp-json\/wp\/v2\/media?parent=395"}],"curies":[{"name":"wp","href":"https:\/\/api.w.org\/{rel}","templated":true}]}}