{"id":2371,"date":"2026-04-11T16:08:56","date_gmt":"2026-04-11T16:08:56","guid":{"rendered":"https:\/\/www.machinerybearings.com\/?post_type=product&#038;p=2371"},"modified":"2026-05-04T11:35:44","modified_gmt":"2026-05-04T11:35:44","slug":"6308-deep-groove-ball-bearing-heavy-duty-high-load-bearing-for-industrial-machinery-motors","status":"publish","type":"product","link":"https:\/\/www.machinerybearings.com\/fr\/produit\/6308-deep-groove-ball-bearing-heavy-duty-high-load-bearing-for-industrial-machinery-motors\/","title":{"rendered":"Roulement \u00e0 billes \u00e0 gorge profonde 6308 \u2013 Roulement haute charge pour machines industrielles et moteurs"},"content":{"rendered":"<p data-start=\"402\" data-end=\"714\">Le <strong data-start=\"406\" data-end=\"439\">6308 Roulement \u00e0 billes \u00e0 gorge profonde<\/strong> est un roulement robuste con\u00e7u pour supporter des charges radiales \u00e9lev\u00e9es et des charges axiales mod\u00e9r\u00e9es dans les deux directions. Avec des rainures de piste profondes et des billes en acier de pr\u00e9cision, il garantit une rotation fluide, un faible frottement et des performances fiables dans des conditions de fonctionnement exigeantes.<\/p>\n<p data-start=\"716\" data-end=\"1084\">Fabriqu\u00e9 en acier au chrome de haute qualit\u00e9, et disponible en variantes en acier inoxydable et en c\u00e9ramique, le roulement 6308 offre une excellente durabilit\u00e9, une r\u00e9sistance \u00e0 l'usure et une protection contre la corrosion. Il est propos\u00e9 dans plusieurs configurations, y compris type ouvert, protection m\u00e9tallique (ZZ) et \u00e9tanch\u00e9it\u00e9 en caoutchouc (2RS), ce qui lui permet de fonctionner efficacement dans divers environnements industriels.<\/p>\n<p data-start=\"1086\" data-end=\"1267\">Gr\u00e2ce \u00e0 sa construction robuste et \u00e0 sa haute capacit\u00e9 de charge, le roulement 6308 est largement utilis\u00e9 dans les machines lourdes, les moteurs \u00e9lectriques, les \u00e9quipements miniers et les syst\u00e8mes de transmission industriels.<\/p>\n<h1 data-section-id=\"8av2ty\" data-start=\"1274\" data-end=\"1292\"><span role=\"text\"><strong data-start=\"1276\" data-end=\"1292\">Caract\u00e9ristiques cl\u00e9s<\/strong><\/span><\/h1>\n<ul data-start=\"1294\" data-end=\"1650\">\n<li data-section-id=\"bwqvck\" data-start=\"1294\" data-end=\"1344\">Haute capacit\u00e9 de charge pour des applications lourdes<\/li>\n<li data-section-id=\"vw4nbe\" data-start=\"1345\" data-end=\"1397\">Fonctionnement fluide avec faible frottement et faible bruit<\/li>\n<li data-section-id=\"11wwjkv\" data-start=\"1398\" data-end=\"1461\">Disponible en ouvert, ZZ (protection m\u00e9tallique) et 2RS (joint en caoutchouc)<\/li>\n<li data-section-id=\"ll8nwg\" data-start=\"1462\" data-end=\"1505\">Grande durabilit\u00e9 et longue dur\u00e9e de vie<\/li>\n<li data-section-id=\"1adeiig\" data-start=\"1506\" data-end=\"1561\">Excellente r\u00e9sistance \u00e0 l'usure et aux environnements difficiles<\/li>\n<li data-section-id=\"1799fsu\" data-start=\"1562\" data-end=\"1613\">Mat\u00e9riaux optionnels : acier inoxydable et c\u00e9ramique<\/li>\n<li data-section-id=\"15114ml\" data-start=\"1614\" data-end=\"1650\">Convient pour l'OEM et l'approvisionnement en gros<\/li>\n<\/ul>\n<h1 data-section-id=\"10k15yz\" data-start=\"1657\" data-end=\"1687\"><span role=\"text\"><strong data-start=\"1659\" data-end=\"1687\">Sp\u00e9cifications techniques<\/strong><\/span><\/h1>\n<div class=\"TyagGW_tableContainer\">\n<div class=\"group TyagGW_tableWrapper flex flex-col-reverse w-fit\" tabindex=\"-1\">\n<table class=\"w-fit min-w-(--thread-content-width)\" data-start=\"1689\" data-end=\"2094\">\n<thead data-start=\"1689\" data-end=\"1710\">\n<tr data-start=\"1689\" data-end=\"1710\">\n<th class=\"\" data-start=\"1689\" data-end=\"1701\" data-col-size=\"sm\">Param\u00e8tre<\/th>\n<th class=\"\" data-start=\"1701\" data-end=\"1710\" data-col-size=\"sm\">Valeur<\/th>\n<\/tr>\n<\/thead>\n<tbody data-start=\"1731\" data-end=\"2094\">\n<tr data-start=\"1731\" data-end=\"1755\">\n<td data-start=\"1731\" data-end=\"1747\" data-col-size=\"sm\">Mod\u00e8le de roulement<\/td>\n<td data-col-size=\"sm\" data-start=\"1747\" data-end=\"1755\">6308<\/td>\n<\/tr>\n<tr data-start=\"1756\" data-end=\"1786\">\n<td data-start=\"1756\" data-end=\"1777\" data-col-size=\"sm\">Diam\u00e8tre int\u00e9rieur (d)<\/td>\n<td data-col-size=\"sm\" data-start=\"1777\" data-end=\"1786\">40 mm<\/td>\n<\/tr>\n<tr data-start=\"1787\" data-end=\"1817\">\n<td data-start=\"1787\" data-end=\"1808\" data-col-size=\"sm\">Diam\u00e8tre ext\u00e9rieur (D)<\/td>\n<td data-col-size=\"sm\" data-start=\"1808\" data-end=\"1817\">90 mm<\/td>\n<\/tr>\n<tr data-start=\"1818\" data-end=\"1839\">\n<td data-start=\"1818\" data-end=\"1830\" data-col-size=\"sm\">Largeur (B)<\/td>\n<td data-col-size=\"sm\" data-start=\"1830\" data-end=\"1839\">23 mm<\/td>\n<\/tr>\n<tr data-start=\"1840\" data-end=\"1895\">\n<td data-start=\"1840\" data-end=\"1851\" data-col-size=\"sm\">Mat\u00e9riau<\/td>\n<td data-col-size=\"sm\" data-start=\"1851\" data-end=\"1895\">Acier chrom\u00e9 \/ Acier inoxydable \/ C\u00e9ramique<\/td>\n<\/tr>\n<tr data-start=\"1896\" data-end=\"1937\">\n<td data-start=\"1896\" data-end=\"1912\" data-col-size=\"sm\">Mat\u00e9riau de la cage<\/td>\n<td data-col-size=\"sm\" data-start=\"1912\" data-end=\"1937\">Acier \/ Laiton \/ Nylon<\/td>\n<\/tr>\n<tr data-start=\"1938\" data-end=\"1972\">\n<td data-start=\"1938\" data-end=\"1953\" data-col-size=\"sm\">Type de joint<\/td>\n<td data-col-size=\"sm\" data-start=\"1953\" data-end=\"1972\">Ouvert \/ ZZ \/ 2RS<\/td>\n<\/tr>\n<tr data-start=\"1973\" data-end=\"2020\">\n<td data-start=\"1973\" data-end=\"1992\" data-col-size=\"sm\">Classe de pr\u00e9cision<\/td>\n<td data-col-size=\"sm\" data-start=\"1992\" data-end=\"2020\">ABEC-1 \/ ABEC-3 \/ ABEC-5<\/td>\n<\/tr>\n<tr data-start=\"2021\" data-end=\"2051\">\n<td data-start=\"2021\" data-end=\"2035\" data-col-size=\"sm\">Lubrification<\/td>\n<td data-col-size=\"sm\" data-start=\"2035\" data-end=\"2051\">Graisse \/ Huile<\/td>\n<\/tr>\n<tr data-start=\"2052\" data-end=\"2094\">\n<td data-start=\"2052\" data-end=\"2076\" data-col-size=\"sm\">Temp\u00e9rature de fonctionnement<\/td>\n<td data-col-size=\"sm\" data-start=\"2076\" data-end=\"2094\">-20\u00b0C \u00e0 120\u00b0C<\/td>\n<\/tr>\n<\/tbody>\n<\/table>\n<\/div>\n<\/div>\n<h1 data-section-id=\"1p00fbj\" data-start=\"2101\" data-end=\"2119\"><span role=\"text\"><strong data-start=\"2103\" data-end=\"2119\">Applications<\/strong><\/span><\/h1>\n<p data-start=\"2121\" data-end=\"2173\">Le roulement \u00e0 billes \u00e0 gorge profonde 6308 est largement utilis\u00e9 dans :<\/p>\n<ul data-start=\"2175\" data-end=\"2370\">\n<li data-section-id=\"1s8l1ph\" data-start=\"2175\" data-end=\"2215\">Grands moteurs \u00e9lectriques et g\u00e9n\u00e9rateurs<\/li>\n<li data-section-id=\"q2883m\" data-start=\"2216\" data-end=\"2246\">Machines industrielles lourdes<\/li>\n<li data-section-id=\"i7ylry\" data-start=\"2247\" data-end=\"2284\">\u00c9quipements miniers et de construction<\/li>\n<li data-section-id=\"15oirsh\" data-start=\"2285\" data-end=\"2323\">Bo\u00eetes de vitesses et syst\u00e8mes de transmission<\/li>\n<li data-section-id=\"dl2tr4\" data-start=\"2324\" data-end=\"2349\">Pompes et compresseurs<\/li>\n<li data-section-id=\"176s2ln\" data-start=\"2350\" data-end=\"2370\">Syst\u00e8mes de convoyage<\/li>\n<\/ul>\n<h1 data-section-id=\"zdmnob\" data-start=\"2377\" data-end=\"2396\"><span role=\"text\"><strong data-start=\"2379\" data-end=\"2396\">Pourquoi nous choisir<\/strong><\/span><\/h1>\n<ul data-start=\"2398\" data-end=\"2652\">\n<li data-section-id=\"e72s0b\" data-start=\"2398\" data-end=\"2458\">Approvisionnement direct d'usine avec une qualit\u00e9 stable et coh\u00e9rente<\/li>\n<li data-section-id=\"w8c53i\" data-start=\"2459\" data-end=\"2503\">Services OEM et de personnalisation disponibles<\/li>\n<li data-section-id=\"b8nq5v\" data-start=\"2504\" data-end=\"2557\">Tarification comp\u00e9titive pour les commandes en gros et \u00e0 long terme<\/li>\n<li data-section-id=\"1dhnpi9\" data-start=\"2558\" data-end=\"2600\">Production rapide et livraison dans le monde entier<\/li>\n<li data-section-id=\"e7h9xh\" data-start=\"2601\" data-end=\"2652\">Normes strictes d'inspection et de test de qualit\u00e9<\/li>\n<\/ul>\n<h1 data-section-id=\"1iusff4\" data-start=\"2659\" data-end=\"2668\"><span role=\"text\"><strong data-start=\"2661\" data-end=\"2668\">FAQ<\/strong><\/span><\/h1>\n<p data-start=\"2670\" data-end=\"2890\"><strong data-start=\"2670\" data-end=\"2730\">Q1 : Quelle est la diff\u00e9rence entre 6308-ZZ et 6308-2RS ?<\/strong><br data-start=\"2730\" data-end=\"2733\" \/>A: 6308-ZZ utilise des boucliers en m\u00e9tal pour une vitesse plus \u00e9lev\u00e9e et un frottement r\u00e9duit, tandis que 6308-2RS utilise des joints en caoutchouc pour une meilleure performance d'\u00e9tanch\u00e9it\u00e9 contre la poussi\u00e8re et l'humidit\u00e9.<\/p>\n<p data-start=\"2892\" data-end=\"3067\"><strong data-start=\"2892\" data-end=\"2954\">Q2: Pouvez-vous fournir des versions lourdes ou de haute pr\u00e9cision ?<\/strong><br data-start=\"2954\" data-end=\"2957\" \/>A: Oui, nous proposons des options \u00e0 haute charge, de haute pr\u00e9cision et des mat\u00e9riaux personnalis\u00e9s, y compris l'acier inoxydable et la c\u00e9ramique.<\/p>\n<p data-start=\"3069\" data-end=\"3232\"><strong data-start=\"3069\" data-end=\"3112\">Q3: Soutenez-vous les commandes OEM et en gros ?<\/strong><br data-start=\"3112\" data-end=\"3115\" \/>A: Oui, nous soutenons les services OEM, y compris les sp\u00e9cifications personnalis\u00e9es, l'emballage et le branding pour les commandes en grande quantit\u00e9.<\/p>","protected":false},"excerpt":{"rendered":"<p>Le <strong data-start=\"406\" data-end=\"439\">6308 Roulement \u00e0 billes \u00e0 gorge profonde<\/strong> est un roulement robuste con\u00e7u pour supporter des charges radiales \u00e9lev\u00e9es et des charges axiales mod\u00e9r\u00e9es dans les deux directions. Avec des rainures de piste profondes et des billes en acier de pr\u00e9cision, il garantit une rotation fluide, un faible frottement et des performances fiables dans des conditions de fonctionnement exigeantes.<\/p>","protected":false},"featured_media":2579,"comment_status":"open","ping_status":"closed","template":"","meta":{"site-sidebar-layout":"default","site-content-layout":"","ast-site-content-layout":"default","site-content-style":"default","site-sidebar-style":"default","ast-global-header-display":"","ast-banner-title-visibility":"","ast-main-header-display":"","ast-hfb-above-header-display":"","ast-hfb-below-header-display":"","ast-hfb-mobile-header-display":"","site-post-title":"","ast-breadcrumbs-content":"","ast-featured-img":"","footer-sml-layout":"","ast-disable-related-posts":"","theme-transparent-header-meta":"default","adv-header-id-meta":"","stick-header-meta":"default","header-above-stick-meta":"","header-main-stick-meta":"","header-below-stick-meta":"","astra-migrate-meta-layouts":"set","ast-page-background-enabled":"default","ast-page-background-meta":{"desktop":{"background-color":"","background-image":"","background-repeat":"repeat","background-position":"center center","background-size":"auto","background-attachment":"scroll","background-type":"","background-media":"","overlay-type":"","overlay-color":"","overlay-opacity":"","overlay-gradient":""},"tablet":{"background-color":"","background-image":"","background-repeat":"repeat","background-position":"center center","background-size":"auto","background-attachment":"scroll","background-type":"","background-media":"","overlay-type":"","overlay-color":"","overlay-opacity":"","overlay-gradient":""},"mobile":{"background-color":"","background-image":"","background-repeat":"repeat","background-position":"center center","background-size":"auto","background-attachment":"scroll","background-type":"","background-media":"","overlay-type":"","overlay-color":"","overlay-opacity":"","overlay-gradient":""}},"ast-content-background-meta":{"desktop":{"background-color":"var(--ast-global-color-5)","background-image":"","background-repeat":"repeat","background-position":"center center","background-size":"auto","background-attachment":"scroll","background-type":"","background-media":"","overlay-type":"","overlay-color":"","overlay-opacity":"","overlay-gradient":""},"tablet":{"background-color":"var(--ast-global-color-5)","background-image":"","background-repeat":"repeat","background-position":"center center","background-size":"auto","background-attachment":"scroll","background-type":"","background-media":"","overlay-type":"","overlay-color":"","overlay-opacity":"","overlay-gradient":""},"mobile":{"background-color":"var(--ast-global-color-5)","background-image":"","background-repeat":"repeat","background-position":"center center","background-size":"auto","background-attachment":"scroll","background-type":"","background-media":"","overlay-type":"","overlay-color":"","overlay-opacity":"","overlay-gradient":""}}},"product_brand":[],"product_cat":[15],"product_tag":[55,53,54,41,33,56,51,45,57,38],"class_list":{"0":"post-2371","1":"product","2":"type-product","3":"status-publish","4":"has-post-thumbnail","6":"product_cat-deep-groove-ball-bearings","7":"product_tag-6308-2rs-bearing","8":"product_tag-6308-bearing","9":"product_tag-6308-zz-bearing","10":"product_tag-bearing-manufacturer","11":"product_tag-deep-groove-ball-bearing","12":"product_tag-heavy-duty-bearing","13":"product_tag-high-load-bearing","14":"product_tag-industrial-bearing","15":"product_tag-large-size-bearing","16":"product_tag-motor-bearing","17":"desktop-align-left","18":"tablet-align-left","19":"mobile-align-left","20":"ast-product-gallery-layout-horizontal-slider","21":"ast-product-gallery-with-no-image","22":"ast-product-tabs-layout-horizontal","24":"first","25":"instock","26":"shipping-taxable","27":"product-type-simple"},"_links":{"self":[{"href":"https:\/\/www.machinerybearings.com\/fr\/wp-json\/wp\/v2\/product\/2371","targetHints":{"allow":["GET"]}}],"collection":[{"href":"https:\/\/www.machinerybearings.com\/fr\/wp-json\/wp\/v2\/product"}],"about":[{"href":"https:\/\/www.machinerybearings.com\/fr\/wp-json\/wp\/v2\/types\/product"}],"replies":[{"embeddable":true,"href":"https:\/\/www.machinerybearings.com\/fr\/wp-json\/wp\/v2\/comments?post=2371"}],"wp:featuredmedia":[{"embeddable":true,"href":"https:\/\/www.machinerybearings.com\/fr\/wp-json\/wp\/v2\/media\/2579"}],"wp:attachment":[{"href":"https:\/\/www.machinerybearings.com\/fr\/wp-json\/wp\/v2\/media?parent=2371"}],"wp:term":[{"taxonomy":"product_brand","embeddable":true,"href":"https:\/\/www.machinerybearings.com\/fr\/wp-json\/wp\/v2\/product_brand?post=2371"},{"taxonomy":"product_cat","embeddable":true,"href":"https:\/\/www.machinerybearings.com\/fr\/wp-json\/wp\/v2\/product_cat?post=2371"},{"taxonomy":"product_tag","embeddable":true,"href":"https:\/\/www.machinerybearings.com\/fr\/wp-json\/wp\/v2\/product_tag?post=2371"}],"curies":[{"name":"wp","href":"https:\/\/api.w.org\/{rel}","templated":true}]}}