{"id":2372,"date":"2026-04-11T16:12:43","date_gmt":"2026-04-11T16:12:43","guid":{"rendered":"https:\/\/www.machinerybearings.com\/?post_type=product&#038;p=2372"},"modified":"2026-05-03T06:16:02","modified_gmt":"2026-05-03T06:16:02","slug":"16010-thin-section-deep-groove-ball-bearing-lightweight-large-diameter-bearing-for-industrial-applications","status":"publish","type":"product","link":"https:\/\/www.machinerybearings.com\/fr\/produit\/16010-thin-section-deep-groove-ball-bearing-lightweight-large-diameter-bearing-for-industrial-applications\/","title":{"rendered":"16010 Roulement \u00e0 billes \u00e0 gorge profonde de section mince \u2013 Roulement l\u00e9ger de grand diam\u00e8tre pour applications industrielles"},"content":{"rendered":"<p data-start=\"419\" data-end=\"755\">Le <strong data-start=\"423\" data-end=\"470\">16010 Roulement \u00e0 billes \u00e0 gorge profonde \u00e0 section mince<\/strong> est con\u00e7u pour des applications n\u00e9cessitant une section transversale compacte combin\u00e9e \u00e0 un diam\u00e8tre int\u00e9rieur et ext\u00e9rieur relativement grand. Avec son profil mince et sa g\u00e9om\u00e9trie interne optimis\u00e9e, il offre un poids r\u00e9duit, une friction plus faible et une utilisation efficace de l'espace sans compromettre les performances.<\/p>\n<p data-start=\"757\" data-end=\"1053\">Fabriqu\u00e9 en acier au chrome de haute qualit\u00e9, et disponible en options en acier inoxydable et en c\u00e9ramique, le roulement 16010 offre une excellente durabilit\u00e9, une r\u00e9sistance \u00e0 la corrosion et un fonctionnement fluide. Son design de piste profonde lui permet de supporter \u00e0 la fois des charges radiales et des charges axiales l\u00e9g\u00e8res dans les deux directions.<\/p>\n<p data-start=\"1055\" data-end=\"1292\">Disponible en type ouvert, avec protection m\u00e9tallique (ZZ) et \u00e9tanch\u00e9it\u00e9 en caoutchouc (2RS), le roulement \u00e0 section mince 16010 est adapt\u00e9 \u00e0 une large gamme d'environnements industriels, en particulier l\u00e0 o\u00f9 la conception compacte et l\u00e9g\u00e8re est essentielle.<\/p>\n<h1 data-section-id=\"8av2ty\" data-start=\"1299\" data-end=\"1317\"><span role=\"text\"><strong data-start=\"1301\" data-end=\"1317\">Caract\u00e9ristiques cl\u00e9s<\/strong><\/span><\/h1>\n<ul data-start=\"1319\" data-end=\"1682\">\n<li data-section-id=\"1ck2v1g\" data-start=\"1319\" data-end=\"1378\">Design \u00e0 section transversale mince pour des applications \u00e9conomisant de l'espace<\/li>\n<li data-section-id=\"1qqsaq8\" data-start=\"1379\" data-end=\"1436\">Structure l\u00e9g\u00e8re avec une inertie de rotation r\u00e9duite<\/li>\n<li data-section-id=\"1bkzhsf\" data-start=\"1437\" data-end=\"1474\">Fonctionnement fluide et \u00e0 faible friction<\/li>\n<li data-section-id=\"46y8gf\" data-start=\"1475\" data-end=\"1522\">Supporte des charges radiales et des charges axiales l\u00e9g\u00e8res<\/li>\n<li data-section-id=\"97kjp5\" data-start=\"1523\" data-end=\"1572\">Disponible en configurations Ouvert, ZZ et 2RS<\/li>\n<li data-section-id=\"1799fsu\" data-start=\"1573\" data-end=\"1624\">Mat\u00e9riaux optionnels : acier inoxydable et c\u00e9ramique<\/li>\n<li data-section-id=\"mm83ej\" data-start=\"1625\" data-end=\"1682\">Adapt\u00e9 aux \u00e9quipements de pr\u00e9cision et aux applications OEM<\/li>\n<\/ul>\n<h1 data-section-id=\"10k15yz\" data-start=\"1689\" data-end=\"1719\"><span role=\"text\"><strong data-start=\"1691\" data-end=\"1719\">Sp\u00e9cifications techniques<\/strong><\/span><\/h1>\n<div class=\"TyagGW_tableContainer\">\n<div class=\"group TyagGW_tableWrapper flex flex-col-reverse w-fit\" tabindex=\"-1\">\n<table class=\"w-fit min-w-(--thread-content-width)\" data-start=\"1721\" data-end=\"2119\">\n<thead data-start=\"1721\" data-end=\"1742\">\n<tr data-start=\"1721\" data-end=\"1742\">\n<th class=\"\" data-start=\"1721\" data-end=\"1733\" data-col-size=\"sm\">Param\u00e8tre<\/th>\n<th class=\"\" data-start=\"1733\" data-end=\"1742\" data-col-size=\"sm\">Valeur<\/th>\n<\/tr>\n<\/thead>\n<tbody data-start=\"1763\" data-end=\"2119\">\n<tr data-start=\"1763\" data-end=\"1788\">\n<td data-start=\"1763\" data-end=\"1779\" data-col-size=\"sm\">Mod\u00e8le de roulement<\/td>\n<td data-start=\"1779\" data-end=\"1788\" data-col-size=\"sm\">16010<\/td>\n<\/tr>\n<tr data-start=\"1789\" data-end=\"1819\">\n<td data-start=\"1789\" data-end=\"1810\" data-col-size=\"sm\">Diam\u00e8tre int\u00e9rieur (d)<\/td>\n<td data-start=\"1810\" data-end=\"1819\" data-col-size=\"sm\">50 mm<\/td>\n<\/tr>\n<tr data-start=\"1820\" data-end=\"1850\">\n<td data-start=\"1820\" data-end=\"1841\" data-col-size=\"sm\">Diam\u00e8tre ext\u00e9rieur (D)<\/td>\n<td data-col-size=\"sm\" data-start=\"1841\" data-end=\"1850\">80 mm<\/td>\n<\/tr>\n<tr data-start=\"1851\" data-end=\"1872\">\n<td data-start=\"1851\" data-end=\"1863\" data-col-size=\"sm\">Largeur (B)<\/td>\n<td data-col-size=\"sm\" data-start=\"1863\" data-end=\"1872\">10 mm<\/td>\n<\/tr>\n<tr data-start=\"1873\" data-end=\"1928\">\n<td data-start=\"1873\" data-end=\"1884\" data-col-size=\"sm\">Mat\u00e9riau<\/td>\n<td data-col-size=\"sm\" data-start=\"1884\" data-end=\"1928\">Acier chrom\u00e9 \/ Acier inoxydable \/ C\u00e9ramique<\/td>\n<\/tr>\n<tr data-start=\"1929\" data-end=\"1962\">\n<td data-start=\"1929\" data-end=\"1945\" data-col-size=\"sm\">Mat\u00e9riau de la cage<\/td>\n<td data-col-size=\"sm\" data-start=\"1945\" data-end=\"1962\">Acier \/ Nylon<\/td>\n<\/tr>\n<tr data-start=\"1963\" data-end=\"1997\">\n<td data-start=\"1963\" data-end=\"1978\" data-col-size=\"sm\">Type de joint<\/td>\n<td data-start=\"1978\" data-end=\"1997\" data-col-size=\"sm\">Ouvert \/ ZZ \/ 2RS<\/td>\n<\/tr>\n<tr data-start=\"1998\" data-end=\"2045\">\n<td data-start=\"1998\" data-end=\"2017\" data-col-size=\"sm\">Classe de pr\u00e9cision<\/td>\n<td data-col-size=\"sm\" data-start=\"2017\" data-end=\"2045\">ABEC-1 \/ ABEC-3 \/ ABEC-5<\/td>\n<\/tr>\n<tr data-start=\"2046\" data-end=\"2076\">\n<td data-start=\"2046\" data-end=\"2060\" data-col-size=\"sm\">Lubrification<\/td>\n<td data-col-size=\"sm\" data-start=\"2060\" data-end=\"2076\">Graisse \/ Huile<\/td>\n<\/tr>\n<tr data-start=\"2077\" data-end=\"2119\">\n<td data-start=\"2077\" data-end=\"2101\" data-col-size=\"sm\">Temp\u00e9rature de fonctionnement<\/td>\n<td data-col-size=\"sm\" data-start=\"2101\" data-end=\"2119\">-20\u00b0C \u00e0 120\u00b0C<\/td>\n<\/tr>\n<\/tbody>\n<\/table>\n<\/div>\n<\/div>\n<h1 data-section-id=\"1p00fbj\" data-start=\"2126\" data-end=\"2144\"><span role=\"text\"><strong data-start=\"2128\" data-end=\"2144\">Applications<\/strong><\/span><\/h1>\n<p data-start=\"2146\" data-end=\"2200\">Le roulement \u00e0 billes \u00e0 section mince 16010 est largement utilis\u00e9 dans :<\/p>\n<ul data-start=\"2202\" data-end=\"2400\">\n<li data-section-id=\"atmlbz\" data-start=\"2202\" data-end=\"2238\">Les machines industrielles l\u00e9g\u00e8res<\/li>\n<li data-section-id=\"1q02707\" data-start=\"2239\" data-end=\"2274\">Les syst\u00e8mes de robotique et d'automatisation<\/li>\n<li data-section-id=\"kh47jd\" data-start=\"2275\" data-end=\"2296\">Les \u00e9quipements m\u00e9dicaux<\/li>\n<li data-section-id=\"1tqjc7s\" data-start=\"2297\" data-end=\"2322\">Les instruments de pr\u00e9cision<\/li>\n<li data-section-id=\"1170ol2\" data-start=\"2323\" data-end=\"2360\">Les syst\u00e8mes de convoyage et de transmission<\/li>\n<li data-section-id=\"pjwe9y\" data-start=\"2361\" data-end=\"2400\">Les assemblages m\u00e9caniques \u00e0 espace limit\u00e9<\/li>\n<\/ul>\n<h1 data-section-id=\"zdmnob\" data-start=\"2407\" data-end=\"2426\"><span role=\"text\"><strong data-start=\"2409\" data-end=\"2426\">Pourquoi nous choisir<\/strong><\/span><\/h1>\n<ul data-start=\"2428\" data-end=\"2639\">\n<li data-section-id=\"xx8vmd\" data-start=\"2428\" data-end=\"2475\">Fourniture directe d'usine avec une qualit\u00e9 fiable<\/li>\n<li data-section-id=\"ary9wy\" data-start=\"2476\" data-end=\"2520\">Services de conception OEM et sur mesure disponibles<\/li>\n<li data-section-id=\"18yrkc1\" data-start=\"2521\" data-end=\"2560\">Tarification comp\u00e9titive pour les commandes en gros<\/li>\n<li data-section-id=\"1x678vr\" data-start=\"2561\" data-end=\"2600\">Production rapide et livraison mondiale<\/li>\n<li data-section-id=\"1oidmxg\" data-start=\"2601\" data-end=\"2639\">Contr\u00f4le qualit\u00e9 strict et tests<\/li>\n<\/ul>\n<h1 data-section-id=\"1iusff4\" data-start=\"2646\" data-end=\"2655\"><span role=\"text\"><strong data-start=\"2648\" data-end=\"2655\">FAQ<\/strong><\/span><\/h1>\n<p data-start=\"2657\" data-end=\"2876\"><strong data-start=\"2657\" data-end=\"2731\">Q1 : Qu'est-ce qui rend les roulements \u00e0 section mince diff\u00e9rents des roulements standard ?<\/strong><br data-start=\"2731\" data-end=\"2734\" \/>R : Les roulements \u00e0 section mince ont une section transversale r\u00e9duite, permettant un poids plus l\u00e9ger et un design gain de place tout en maintenant de bonnes performances.<\/p>\n<p data-start=\"2878\" data-end=\"3062\"><strong data-start=\"2878\" data-end=\"2947\">Q2 : Pouvez-vous fournir des versions en acier inoxydable ou en c\u00e9ramique du 16010 ?<\/strong><br data-start=\"2947\" data-end=\"2950\" \/>R : Oui, nous proposons des options en acier inoxydable et en c\u00e9ramique pour la r\u00e9sistance \u00e0 la corrosion et les applications haute performance.<\/p>\n<p data-start=\"3064\" data-end=\"3201\"><strong data-start=\"3064\" data-end=\"3116\">Q3 : Soutenez-vous la personnalisation et les commandes OEM ?<\/strong><br data-start=\"3116\" data-end=\"3119\" \/>R : Oui, nous soutenons des dimensions, des mat\u00e9riaux et un branding personnalis\u00e9s pour les commandes en gros.<\/p>","protected":false},"excerpt":{"rendered":"<p>Le <strong data-start=\"423\" data-end=\"470\">16010 Roulement \u00e0 billes \u00e0 gorge profonde \u00e0 section mince<\/strong> est con\u00e7u pour des applications n\u00e9cessitant une section transversale compacte combin\u00e9e \u00e0 un diam\u00e8tre int\u00e9rieur et ext\u00e9rieur relativement grand. Avec son profil mince et sa g\u00e9om\u00e9trie interne optimis\u00e9e, il offre un poids r\u00e9duit, une friction plus faible et une utilisation efficace de l'espace sans compromettre les performances.<\/p>","protected":false},"featured_media":2542,"comment_status":"open","ping_status":"closed","template":"","meta":{"site-sidebar-layout":"default","site-content-layout":"","ast-site-content-layout":"default","site-content-style":"default","site-sidebar-style":"default","ast-global-header-display":"","ast-banner-title-visibility":"","ast-main-header-display":"","ast-hfb-above-header-display":"","ast-hfb-below-header-display":"","ast-hfb-mobile-header-display":"","site-post-title":"","ast-breadcrumbs-content":"","ast-featured-img":"","footer-sml-layout":"","ast-disable-related-posts":"","theme-transparent-header-meta":"default","adv-header-id-meta":"","stick-header-meta":"default","header-above-stick-meta":"","header-main-stick-meta":"","header-below-stick-meta":"","astra-migrate-meta-layouts":"set","ast-page-background-enabled":"default","ast-page-background-meta":{"desktop":{"background-color":"","background-image":"","background-repeat":"repeat","background-position":"center center","background-size":"auto","background-attachment":"scroll","background-type":"","background-media":"","overlay-type":"","overlay-color":"","overlay-opacity":"","overlay-gradient":""},"tablet":{"background-color":"","background-image":"","background-repeat":"repeat","background-position":"center center","background-size":"auto","background-attachment":"scroll","background-type":"","background-media":"","overlay-type":"","overlay-color":"","overlay-opacity":"","overlay-gradient":""},"mobile":{"background-color":"","background-image":"","background-repeat":"repeat","background-position":"center center","background-size":"auto","background-attachment":"scroll","background-type":"","background-media":"","overlay-type":"","overlay-color":"","overlay-opacity":"","overlay-gradient":""}},"ast-content-background-meta":{"desktop":{"background-color":"var(--ast-global-color-5)","background-image":"","background-repeat":"repeat","background-position":"center center","background-size":"auto","background-attachment":"scroll","background-type":"","background-media":"","overlay-type":"","overlay-color":"","overlay-opacity":"","overlay-gradient":""},"tablet":{"background-color":"var(--ast-global-color-5)","background-image":"","background-repeat":"repeat","background-position":"center center","background-size":"auto","background-attachment":"scroll","background-type":"","background-media":"","overlay-type":"","overlay-color":"","overlay-opacity":"","overlay-gradient":""},"mobile":{"background-color":"var(--ast-global-color-5)","background-image":"","background-repeat":"repeat","background-position":"center center","background-size":"auto","background-attachment":"scroll","background-type":"","background-media":"","overlay-type":"","overlay-color":"","overlay-opacity":"","overlay-gradient":""}}},"product_brand":[],"product_cat":[15],"product_tag":[58,46,33,45,62,61,47,63,60,59],"class_list":{"0":"post-2372","1":"product","2":"type-product","3":"status-publish","4":"has-post-thumbnail","6":"product_cat-deep-groove-ball-bearings","7":"product_tag-16010-bearing","8":"product_tag-bearing-supplier","9":"product_tag-deep-groove-ball-bearing","10":"product_tag-industrial-bearing","11":"product_tag-large-diameter-bearing","12":"product_tag-lightweight-bearing","13":"product_tag-oem-bearing-manufacturer","14":"product_tag-precision-bearing","15":"product_tag-slim-bearing","16":"product_tag-thin-section-ball-bearing","17":"desktop-align-left","18":"tablet-align-left","19":"mobile-align-left","20":"ast-product-gallery-layout-horizontal-slider","21":"ast-product-gallery-with-no-image","22":"ast-product-tabs-layout-horizontal","24":"first","25":"instock","26":"shipping-taxable","27":"product-type-simple"},"_links":{"self":[{"href":"https:\/\/www.machinerybearings.com\/fr\/wp-json\/wp\/v2\/product\/2372","targetHints":{"allow":["GET"]}}],"collection":[{"href":"https:\/\/www.machinerybearings.com\/fr\/wp-json\/wp\/v2\/product"}],"about":[{"href":"https:\/\/www.machinerybearings.com\/fr\/wp-json\/wp\/v2\/types\/product"}],"replies":[{"embeddable":true,"href":"https:\/\/www.machinerybearings.com\/fr\/wp-json\/wp\/v2\/comments?post=2372"}],"wp:featuredmedia":[{"embeddable":true,"href":"https:\/\/www.machinerybearings.com\/fr\/wp-json\/wp\/v2\/media\/2542"}],"wp:attachment":[{"href":"https:\/\/www.machinerybearings.com\/fr\/wp-json\/wp\/v2\/media?parent=2372"}],"wp:term":[{"taxonomy":"product_brand","embeddable":true,"href":"https:\/\/www.machinerybearings.com\/fr\/wp-json\/wp\/v2\/product_brand?post=2372"},{"taxonomy":"product_cat","embeddable":true,"href":"https:\/\/www.machinerybearings.com\/fr\/wp-json\/wp\/v2\/product_cat?post=2372"},{"taxonomy":"product_tag","embeddable":true,"href":"https:\/\/www.machinerybearings.com\/fr\/wp-json\/wp\/v2\/product_tag?post=2372"}],"curies":[{"name":"wp","href":"https:\/\/api.w.org\/{rel}","templated":true}]}}