{"id":2394,"date":"2026-04-12T13:57:10","date_gmt":"2026-04-12T13:57:10","guid":{"rendered":"https:\/\/www.machinerybearings.com\/?post_type=product&#038;p=2394"},"modified":"2026-05-03T11:51:04","modified_gmt":"2026-05-03T11:51:04","slug":"6203-ceramic-bearing-high-speed-low-friction-ball-bearing-for-precision-applications","status":"publish","type":"product","link":"https:\/\/www.machinerybearings.com\/fr\/produit\/6203-ceramic-bearing-high-speed-low-friction-ball-bearing-for-precision-applications\/","title":{"rendered":"6203 Roulement en c\u00e9ramique \u2013 Roulement \u00e0 billes \u00e0 grande vitesse et faible friction pour applications de pr\u00e9cision"},"content":{"rendered":"<p data-start=\"351\" data-end=\"711\">Le <strong data-start=\"355\" data-end=\"379\">6203 Ceramic Bearing<\/strong> is engineered for high-speed and high-performance applications where reduced friction, low heat generation, and long service life are essential. Available in both <strong data-start=\"543\" data-end=\"559\">full ceramic<\/strong> et <strong data-start=\"564\" data-end=\"613\">hybrid ceramic (Si\u2083N\u2084 balls with steel rings)<\/strong> configurations, this bearing offers superior performance compared to conventional steel bearings.<\/p>\n<p data-start=\"713\" data-end=\"989\">Ceramic materials such as zirconia (ZrO\u2082) and silicon nitride (Si\u2083N\u2084) provide excellent hardness, wear resistance, and lightweight properties. These features allow the 6203 ceramic bearing to operate at significantly higher speeds with lower vibration and improved efficiency.<\/p>\n<p data-start=\"991\" data-end=\"1300\">In addition, ceramic bearings are non-magnetic and electrically insulating, making them ideal for sensitive equipment and high-frequency applications. With options for open, ZZ (metal shield), and 2RS (rubber sealed) designs, the 6203 ceramic bearing can be adapted to a wide range of industrial environments.<\/p>\n<h1 data-section-id=\"8av2ty\" data-start=\"1307\" data-end=\"1325\"><span role=\"text\"><strong data-start=\"1309\" data-end=\"1325\">Caract\u00e9ristiques cl\u00e9s<\/strong><\/span><\/h1>\n<ul data-start=\"1327\" data-end=\"1652\">\n<li data-section-id=\"ceobeo\" data-start=\"1327\" data-end=\"1371\">High-speed performance with low friction<\/li>\n<li data-section-id=\"1qru979\" data-start=\"1372\" data-end=\"1427\">Available in full ceramic or hybrid ceramic designs<\/li>\n<li data-section-id=\"m924m7\" data-start=\"1428\" data-end=\"1479\">Reduced heat generation and longer service life<\/li>\n<li data-section-id=\"zaas2l\" data-start=\"1480\" data-end=\"1523\">Excellent corrosion and wear resistance<\/li>\n<li data-section-id=\"1kr75oc\" data-start=\"1524\" data-end=\"1568\">Non-magnetic and electrically insulating<\/li>\n<li data-section-id=\"1udf4lg\" data-start=\"1569\" data-end=\"1608\">Lightweight for improved efficiency<\/li>\n<li data-section-id=\"6rb5ny\" data-start=\"1609\" data-end=\"1652\">Multiple sealing options: Open, ZZ, 2RS<\/li>\n<\/ul>\n<h1 data-section-id=\"10k15yz\" data-start=\"1659\" data-end=\"1689\"><span role=\"text\"><strong data-start=\"1661\" data-end=\"1689\">Sp\u00e9cifications techniques<\/strong><\/span><\/h1>\n<div class=\"TyagGW_tableContainer\">\n<div class=\"group TyagGW_tableWrapper flex flex-col-reverse w-fit\" tabindex=\"-1\">\n<table class=\"w-fit min-w-(--thread-content-width)\" data-start=\"1691\" data-end=\"2172\">\n<thead data-start=\"1691\" data-end=\"1712\">\n<tr data-start=\"1691\" data-end=\"1712\">\n<th class=\"\" data-start=\"1691\" data-end=\"1703\" data-col-size=\"sm\">Param\u00e8tre<\/th>\n<th class=\"\" data-start=\"1703\" data-end=\"1712\" data-col-size=\"sm\">Valeur<\/th>\n<\/tr>\n<\/thead>\n<tbody data-start=\"1733\" data-end=\"2172\">\n<tr data-start=\"1733\" data-end=\"1765\">\n<td data-start=\"1733\" data-end=\"1749\" data-col-size=\"sm\">Mod\u00e8le de roulement<\/td>\n<td data-col-size=\"sm\" data-start=\"1749\" data-end=\"1765\">6203 Ceramic<\/td>\n<\/tr>\n<tr data-start=\"1766\" data-end=\"1796\">\n<td data-start=\"1766\" data-end=\"1787\" data-col-size=\"sm\">Diam\u00e8tre int\u00e9rieur (d)<\/td>\n<td data-col-size=\"sm\" data-start=\"1787\" data-end=\"1796\">17 mm<\/td>\n<\/tr>\n<tr data-start=\"1797\" data-end=\"1827\">\n<td data-start=\"1797\" data-end=\"1818\" data-col-size=\"sm\">Diam\u00e8tre ext\u00e9rieur (D)<\/td>\n<td data-start=\"1818\" data-end=\"1827\" data-col-size=\"sm\">40 mm<\/td>\n<\/tr>\n<tr data-start=\"1828\" data-end=\"1849\">\n<td data-start=\"1828\" data-end=\"1840\" data-col-size=\"sm\">Largeur (B)<\/td>\n<td data-col-size=\"sm\" data-start=\"1840\" data-end=\"1849\">12 mm<\/td>\n<\/tr>\n<tr data-start=\"1850\" data-end=\"1882\">\n<td data-start=\"1850\" data-end=\"1866\" data-col-size=\"sm\">Ball Material<\/td>\n<td data-col-size=\"sm\" data-start=\"1866\" data-end=\"1882\">Si\u2083N\u2084 \/ ZrO\u2082<\/td>\n<\/tr>\n<tr data-start=\"1883\" data-end=\"1943\">\n<td data-start=\"1883\" data-end=\"1899\" data-col-size=\"sm\">Ring Material<\/td>\n<td data-start=\"1899\" data-end=\"1943\" data-col-size=\"sm\">Ceramic \/ Chrome Steel \/ Stainless Steel<\/td>\n<\/tr>\n<tr data-start=\"1944\" data-end=\"1984\">\n<td data-start=\"1944\" data-end=\"1960\" data-col-size=\"sm\">Mat\u00e9riau de la cage<\/td>\n<td data-col-size=\"sm\" data-start=\"1960\" data-end=\"1984\">PTFE \/ Steel \/ Nylon<\/td>\n<\/tr>\n<tr data-start=\"1985\" data-end=\"2019\">\n<td data-start=\"1985\" data-end=\"2000\" data-col-size=\"sm\">Type de joint<\/td>\n<td data-col-size=\"sm\" data-start=\"2000\" data-end=\"2019\">Ouvert \/ ZZ \/ 2RS<\/td>\n<\/tr>\n<tr data-start=\"2020\" data-end=\"2067\">\n<td data-start=\"2020\" data-end=\"2039\" data-col-size=\"sm\">Classe de pr\u00e9cision<\/td>\n<td data-col-size=\"sm\" data-start=\"2039\" data-end=\"2067\">ABEC-3 \/ ABEC-5 \/ ABEC-7<\/td>\n<\/tr>\n<tr data-start=\"2068\" data-end=\"2104\">\n<td data-start=\"2068\" data-end=\"2082\" data-col-size=\"sm\">Lubrification<\/td>\n<td data-col-size=\"sm\" data-start=\"2082\" data-end=\"2104\">Grease \/ Oil \/ Dry<\/td>\n<\/tr>\n<tr data-start=\"2105\" data-end=\"2172\">\n<td data-start=\"2105\" data-end=\"2129\" data-col-size=\"sm\">Temp\u00e9rature de fonctionnement<\/td>\n<td data-col-size=\"sm\" data-start=\"2129\" data-end=\"2172\">-20\u00b0C to 200\u00b0C+ (depending on material)<\/td>\n<\/tr>\n<\/tbody>\n<\/table>\n<\/div>\n<\/div>\n<h1 data-section-id=\"1p00fbj\" data-start=\"2179\" data-end=\"2197\"><span role=\"text\"><strong data-start=\"2181\" data-end=\"2197\">Applications<\/strong><\/span><\/h1>\n<p data-start=\"2199\" data-end=\"2242\">The 6203 ceramic bearing is widely used in:<\/p>\n<ul data-start=\"2244\" data-end=\"2443\">\n<li data-section-id=\"gccqvr\" data-start=\"2244\" data-end=\"2274\">Moteurs \u00e9lectriques \u00e0 grande vitesse<\/li>\n<li data-section-id=\"oy2x2x\" data-start=\"2275\" data-end=\"2305\">CNC machinery and spindles<\/li>\n<li data-section-id=\"dl2tr4\" data-start=\"2306\" data-end=\"2331\">Pompes et compresseurs<\/li>\n<li data-section-id=\"1ewc9vl\" data-start=\"2332\" data-end=\"2368\">Medical and laboratory equipment<\/li>\n<li data-section-id=\"1pwkzpd\" data-start=\"2369\" data-end=\"2409\">Semiconductor and electronic devices<\/li>\n<li data-section-id=\"xwcxty\" data-start=\"2410\" data-end=\"2443\">Industrial automation systems<\/li>\n<\/ul>\n<h1 data-section-id=\"zdmnob\" data-start=\"2450\" data-end=\"2469\"><span role=\"text\"><strong data-start=\"2452\" data-end=\"2469\">Pourquoi nous choisir<\/strong><\/span><\/h1>\n<ul data-start=\"2471\" data-end=\"2697\">\n<li data-section-id=\"yq94r8\" data-start=\"2471\" data-end=\"2520\">High-quality ceramic materials (ZrO\u2082 \/ Si\u2083N\u2084)<\/li>\n<li data-section-id=\"w8c53i\" data-start=\"2521\" data-end=\"2565\">Services OEM et de personnalisation disponibles<\/li>\n<li data-section-id=\"1ax0097\" data-start=\"2566\" data-end=\"2610\">Advanced precision manufacturing process<\/li>\n<li data-section-id=\"18yrkc1\" data-start=\"2611\" data-end=\"2650\">Tarification comp\u00e9titive pour les commandes en gros<\/li>\n<li data-section-id=\"1e5r3c8\" data-start=\"2651\" data-end=\"2697\">Fast delivery and global technical support<\/li>\n<\/ul>\n<h1 data-section-id=\"1iusff4\" data-start=\"2704\" data-end=\"2713\"><span role=\"text\"><strong data-start=\"2706\" data-end=\"2713\">FAQ<\/strong><\/span><\/h1>\n<p data-start=\"2715\" data-end=\"2957\"><strong data-start=\"2715\" data-end=\"2795\">Q1: What is the difference between full ceramic and hybrid ceramic bearings?<\/strong><br data-start=\"2795\" data-end=\"2798\" \/>A: Full ceramic bearings use ceramic rings and balls, while hybrid bearings use ceramic balls with steel rings, offering a balance of strength and performance.<\/p>\n<p data-start=\"2959\" data-end=\"3145\"><strong data-start=\"2959\" data-end=\"3025\">Q2: Are ceramic bearings suitable for high-speed applications?<\/strong><br data-start=\"3025\" data-end=\"3028\" \/>A: Yes, ceramic bearings are ideal for high-speed applications due to their low friction and reduced heat generation.<\/p>\n<p data-start=\"3147\" data-end=\"3308\"><strong data-start=\"3147\" data-end=\"3198\">Q3: Can I choose sealed versions like 6203-2RS?<\/strong><br data-start=\"3198\" data-end=\"3201\" \/>A: Yes, ceramic bearings are available in open, ZZ, and 2RS configurations based on your application needs.<\/p>","protected":false},"excerpt":{"rendered":"<p>Le <strong data-start=\"355\" data-end=\"379\">6203 Ceramic Bearing<\/strong> is engineered for high-speed and high-performance applications where reduced friction, low heat generation, and long service life are essential. Available in both <strong data-start=\"543\" data-end=\"559\">full ceramic<\/strong> et <strong data-start=\"564\" data-end=\"613\">hybrid ceramic (Si\u2083N\u2084 balls with steel rings)<\/strong> configurations, this bearing offers superior performance compared to conventional steel bearings.<\/p>","protected":false},"featured_media":2554,"comment_status":"open","ping_status":"closed","template":"","meta":{"site-sidebar-layout":"default","site-content-layout":"","ast-site-content-layout":"default","site-content-style":"default","site-sidebar-style":"default","ast-global-header-display":"","ast-banner-title-visibility":"","ast-main-header-display":"","ast-hfb-above-header-display":"","ast-hfb-below-header-display":"","ast-hfb-mobile-header-display":"","site-post-title":"","ast-breadcrumbs-content":"","ast-featured-img":"","footer-sml-layout":"","ast-disable-related-posts":"","theme-transparent-header-meta":"default","adv-header-id-meta":"","stick-header-meta":"default","header-above-stick-meta":"","header-main-stick-meta":"","header-below-stick-meta":"","astra-migrate-meta-layouts":"set","ast-page-background-enabled":"default","ast-page-background-meta":{"desktop":{"background-color":"","background-image":"","background-repeat":"repeat","background-position":"center center","background-size":"auto","background-attachment":"scroll","background-type":"","background-media":"","overlay-type":"","overlay-color":"","overlay-opacity":"","overlay-gradient":""},"tablet":{"background-color":"","background-image":"","background-repeat":"repeat","background-position":"center center","background-size":"auto","background-attachment":"scroll","background-type":"","background-media":"","overlay-type":"","overlay-color":"","overlay-opacity":"","overlay-gradient":""},"mobile":{"background-color":"","background-image":"","background-repeat":"repeat","background-position":"center center","background-size":"auto","background-attachment":"scroll","background-type":"","background-media":"","overlay-type":"","overlay-color":"","overlay-opacity":"","overlay-gradient":""}},"ast-content-background-meta":{"desktop":{"background-color":"var(--ast-global-color-5)","background-image":"","background-repeat":"repeat","background-position":"center center","background-size":"auto","background-attachment":"scroll","background-type":"","background-media":"","overlay-type":"","overlay-color":"","overlay-opacity":"","overlay-gradient":""},"tablet":{"background-color":"var(--ast-global-color-5)","background-image":"","background-repeat":"repeat","background-position":"center center","background-size":"auto","background-attachment":"scroll","background-type":"","background-media":"","overlay-type":"","overlay-color":"","overlay-opacity":"","overlay-gradient":""},"mobile":{"background-color":"var(--ast-global-color-5)","background-image":"","background-repeat":"repeat","background-position":"center center","background-size":"auto","background-attachment":"scroll","background-type":"","background-media":"","overlay-type":"","overlay-color":"","overlay-opacity":"","overlay-gradient":""}}},"product_brand":[],"product_cat":[28],"product_tag":[98,70,86,99,93,38,72,63,94,84],"class_list":{"0":"post-2394","1":"product","2":"type-product","3":"status-publish","4":"has-post-thumbnail","6":"product_cat-ceramic-bearings","7":"product_tag-6203-ceramic-bearing","8":"product_tag-cnc-bearing","9":"product_tag-full-ceramic-bearing","10":"product_tag-high-speed-ceramic-bearing","11":"product_tag-hybrid-ceramic-bearing","12":"product_tag-motor-bearing","13":"product_tag-oem-bearing-supplier","14":"product_tag-precision-bearing","15":"product_tag-si3n4-bearing","16":"product_tag-zirconia-bearing","17":"desktop-align-left","18":"tablet-align-left","19":"mobile-align-left","20":"ast-product-gallery-layout-horizontal-slider","21":"ast-product-gallery-with-no-image","22":"ast-product-tabs-layout-horizontal","24":"first","25":"instock","26":"shipping-taxable","27":"product-type-simple"},"_links":{"self":[{"href":"https:\/\/www.machinerybearings.com\/fr\/wp-json\/wp\/v2\/product\/2394","targetHints":{"allow":["GET"]}}],"collection":[{"href":"https:\/\/www.machinerybearings.com\/fr\/wp-json\/wp\/v2\/product"}],"about":[{"href":"https:\/\/www.machinerybearings.com\/fr\/wp-json\/wp\/v2\/types\/product"}],"replies":[{"embeddable":true,"href":"https:\/\/www.machinerybearings.com\/fr\/wp-json\/wp\/v2\/comments?post=2394"}],"wp:featuredmedia":[{"embeddable":true,"href":"https:\/\/www.machinerybearings.com\/fr\/wp-json\/wp\/v2\/media\/2554"}],"wp:attachment":[{"href":"https:\/\/www.machinerybearings.com\/fr\/wp-json\/wp\/v2\/media?parent=2394"}],"wp:term":[{"taxonomy":"product_brand","embeddable":true,"href":"https:\/\/www.machinerybearings.com\/fr\/wp-json\/wp\/v2\/product_brand?post=2394"},{"taxonomy":"product_cat","embeddable":true,"href":"https:\/\/www.machinerybearings.com\/fr\/wp-json\/wp\/v2\/product_cat?post=2394"},{"taxonomy":"product_tag","embeddable":true,"href":"https:\/\/www.machinerybearings.com\/fr\/wp-json\/wp\/v2\/product_tag?post=2394"}],"curies":[{"name":"wp","href":"https:\/\/api.w.org\/{rel}","templated":true}]}}