{"id":2421,"date":"2026-04-12T15:09:40","date_gmt":"2026-04-12T15:09:40","guid":{"rendered":"https:\/\/www.machinerybearings.com\/?post_type=product&#038;p=2421"},"modified":"2026-05-04T14:05:11","modified_gmt":"2026-05-04T14:05:11","slug":"ucfl204-bearing-unit-flanged-pillow-block-insert-bearing-for-industrial-applications","status":"publish","type":"product","link":"https:\/\/www.machinerybearings.com\/fr\/produit\/ucfl204-bearing-unit-flanged-pillow-block-insert-bearing-for-industrial-applications\/","title":{"rendered":"Unit\u00e9 de roulement UCFL204 \u2013 Roulement \u00e0 insert de bloc \u00e0 palier flasque pour applications industrielles"},"content":{"rendered":"<p data-start=\"349\" data-end=\"599\">Le <strong data-start=\"353\" data-end=\"377\">Unit\u00e9 de roulement UCFL204<\/strong> est un ensemble de roulement mont\u00e9 compos\u00e9 d'un <strong data-start=\"424\" data-end=\"484\">roulement ins\u00e9r\u00e9 UC204 et d'un bo\u00eetier \u00e0 bride de type FL \u00e0 2 boulons<\/strong>. Il est con\u00e7u pour une installation facile, un fonctionnement stable et un support d'arbre fiable dans des syst\u00e8mes industriels compacts.<\/p>\n<p data-start=\"601\" data-end=\"928\">La surface ext\u00e9rieure sph\u00e9rique du roulement ins\u00e9r\u00e9 UC204 permet un auto-alignement \u00e0 l'int\u00e9rieur du bo\u00eetier, aidant \u00e0 compenser les d\u00e9salignements d'arbre et r\u00e9duisant les erreurs d'installation. Associ\u00e9 \u00e0 un bo\u00eetier en fonte durable, l'unit\u00e9 UCFL204 offre une rigidit\u00e9 forte et une longue dur\u00e9e de vie m\u00eame en fonctionnement continu.<\/p>\n<p data-start=\"930\" data-end=\"1048\">Cette unit\u00e9 de roulement est largement utilis\u00e9e dans les machines o\u00f9 une installation \u00e9conomisant de l'espace et un montage s\u00e9curis\u00e9 sur bride sont n\u00e9cessaires.<\/p>\n<h1 data-section-id=\"8av2ty\" data-start=\"1055\" data-end=\"1073\"><span role=\"text\"><strong data-start=\"1057\" data-end=\"1073\">Caract\u00e9ristiques cl\u00e9s<\/strong><\/span><\/h1>\n<ul data-start=\"1075\" data-end=\"1418\">\n<li data-section-id=\"1iip39r\" data-start=\"1075\" data-end=\"1137\">Unit\u00e9 de roulement compl\u00e8te : roulement ins\u00e9r\u00e9 UC204 + bo\u00eetier \u00e0 bride FL204<\/li>\n<li data-section-id=\"c8j627\" data-start=\"1138\" data-end=\"1180\">Conception \u00e0 bride \u00e0 2 boulons pour un montage facile<\/li>\n<li data-section-id=\"1htcgf9\" data-start=\"1181\" data-end=\"1236\">Structure auto-alignante r\u00e9duisant les erreurs d'installation<\/li>\n<li data-section-id=\"hz8ven\" data-start=\"1237\" data-end=\"1286\">Pr\u00e9lubrifi\u00e9 pour un fonctionnement sans entretien<\/li>\n<li data-section-id=\"50mpjz\" data-start=\"1287\" data-end=\"1330\">Bo\u00eetier en fonte robuste pour la durabilit\u00e9<\/li>\n<li data-section-id=\"1sh2lpk\" data-start=\"1331\" data-end=\"1375\">Fonctionnement fluide avec des performances stables<\/li>\n<li data-section-id=\"1398rv\" data-start=\"1376\" data-end=\"1418\">Convient pour une utilisation industrielle continue<\/li>\n<\/ul>\n<h1 data-section-id=\"10k15yz\" data-start=\"1425\" data-end=\"1455\"><span role=\"text\"><strong data-start=\"1427\" data-end=\"1455\">Sp\u00e9cifications techniques<\/strong><\/span><\/h1>\n<div class=\"TyagGW_tableContainer\">\n<div class=\"group TyagGW_tableWrapper flex flex-col-reverse w-fit\" tabindex=\"-1\">\n<table class=\"w-fit min-w-(--thread-content-width)\" data-start=\"1457\" data-end=\"1828\">\n<thead data-start=\"1457\" data-end=\"1478\">\n<tr data-start=\"1457\" data-end=\"1478\">\n<th class=\"\" data-start=\"1457\" data-end=\"1469\" data-col-size=\"sm\">Param\u00e8tre<\/th>\n<th class=\"\" data-start=\"1469\" data-end=\"1478\" data-col-size=\"md\">Valeur<\/th>\n<\/tr>\n<\/thead>\n<tbody data-start=\"1499\" data-end=\"1828\">\n<tr data-start=\"1499\" data-end=\"1526\">\n<td data-start=\"1499\" data-end=\"1515\" data-col-size=\"sm\">Mod\u00e8le de roulement<\/td>\n<td data-start=\"1515\" data-end=\"1526\" data-col-size=\"md\">UCFL204<\/td>\n<\/tr>\n<tr data-start=\"1527\" data-end=\"1553\">\n<td data-start=\"1527\" data-end=\"1544\" data-col-size=\"sm\">Palier \u00e0 insert<\/td>\n<td data-start=\"1544\" data-end=\"1553\" data-col-size=\"md\">UC204<\/td>\n<\/tr>\n<tr data-start=\"1554\" data-end=\"1594\">\n<td data-start=\"1554\" data-end=\"1569\" data-col-size=\"sm\">Type de bo\u00eetier<\/td>\n<td data-start=\"1569\" data-end=\"1594\" data-col-size=\"md\">Unit\u00e9 de bride \u00e0 2 boulons FL<\/td>\n<\/tr>\n<tr data-start=\"1595\" data-end=\"1621\">\n<td data-start=\"1595\" data-end=\"1612\" data-col-size=\"sm\">Diam\u00e8tre de l'arbre<\/td>\n<td data-start=\"1612\" data-end=\"1621\" data-col-size=\"md\">20 mm<\/td>\n<\/tr>\n<tr data-start=\"1622\" data-end=\"1681\">\n<td data-start=\"1622\" data-end=\"1633\" data-col-size=\"sm\">Mat\u00e9riau<\/td>\n<td data-start=\"1633\" data-end=\"1681\" data-col-size=\"md\">Acier chrom\u00e9 (roulement) \/ Fonte (bo\u00eetier)<\/td>\n<\/tr>\n<tr data-start=\"1682\" data-end=\"1720\">\n<td data-start=\"1682\" data-end=\"1697\" data-col-size=\"sm\">Type de joint<\/td>\n<td data-start=\"1697\" data-end=\"1720\" data-col-size=\"md\">Scell\u00e9 en caoutchouc (2RS)<\/td>\n<\/tr>\n<tr data-start=\"1721\" data-end=\"1750\">\n<td data-start=\"1721\" data-end=\"1735\" data-col-size=\"sm\">Lubrification<\/td>\n<td data-start=\"1735\" data-end=\"1750\" data-col-size=\"md\">Pr\u00e9-graiss\u00e9<\/td>\n<\/tr>\n<tr data-start=\"1751\" data-end=\"1785\">\n<td data-start=\"1751\" data-end=\"1767\" data-col-size=\"sm\">Type de montage<\/td>\n<td data-start=\"1767\" data-end=\"1785\" data-col-size=\"md\">Mont\u00e9 sur bride<\/td>\n<\/tr>\n<tr data-start=\"1786\" data-end=\"1828\">\n<td data-start=\"1786\" data-end=\"1810\" data-col-size=\"sm\">Temp\u00e9rature de fonctionnement<\/td>\n<td data-start=\"1810\" data-end=\"1828\" data-col-size=\"md\">-20\u00b0C \u00e0 120\u00b0C<\/td>\n<\/tr>\n<\/tbody>\n<\/table>\n<\/div>\n<\/div>\n<h1 data-section-id=\"1p00fbj\" data-start=\"1835\" data-end=\"1853\"><span role=\"text\"><strong data-start=\"1837\" data-end=\"1853\">Applications<\/strong><\/span><\/h1>\n<p data-start=\"1855\" data-end=\"1898\">L'unit\u00e9 de roulement UCFL204 est largement utilis\u00e9e dans :<\/p>\n<ul data-start=\"1900\" data-end=\"2062\">\n<li data-section-id=\"176s2ln\" data-start=\"1900\" data-end=\"1920\">Syst\u00e8mes de convoyage<\/li>\n<li data-section-id=\"1n6ynun\" data-start=\"1921\" data-end=\"1947\">Machines agricoles<\/li>\n<li data-section-id=\"1htpp6l\" data-start=\"1948\" data-end=\"1971\">\u00c9quipements d'emballage<\/li>\n<li data-section-id=\"i9rybb\" data-start=\"1972\" data-end=\"2000\">Les machines de transformation alimentaire<\/li>\n<li data-section-id=\"io1u9n\" data-start=\"2001\" data-end=\"2022\">Machines textiles<\/li>\n<li data-section-id=\"1rjvugo\" data-start=\"2023\" data-end=\"2062\">Syst\u00e8mes d'automatisation industrielle l\u00e9gers<\/li>\n<\/ul>\n<h1 data-section-id=\"zdmnob\" data-start=\"2069\" data-end=\"2088\"><span role=\"text\"><strong data-start=\"2071\" data-end=\"2088\">Pourquoi nous choisir<\/strong><\/span><\/h1>\n<ul data-start=\"2090\" data-end=\"2300\">\n<li data-section-id=\"17c68gd\" data-start=\"2090\" data-end=\"2139\">Approvisionnement stable en usine avec une qualit\u00e9 constante<\/li>\n<li data-section-id=\"u89jr3\" data-start=\"2140\" data-end=\"2184\">Options de bo\u00eetier OEM et sur mesure disponibles<\/li>\n<li data-section-id=\"fwknz2\" data-start=\"2185\" data-end=\"2224\">Compatible avec les unit\u00e9s UCFL standard<\/li>\n<li data-section-id=\"g74bia\" data-start=\"2225\" data-end=\"2258\">Livraison rapide pour les commandes en gros<\/li>\n<li data-section-id=\"1u6ytj0\" data-start=\"2259\" data-end=\"2300\">Inspection stricte et contr\u00f4le de qualit\u00e9<\/li>\n<\/ul>\n<h1 data-section-id=\"1iusff4\" data-start=\"2307\" data-end=\"2316\"><span role=\"text\"><strong data-start=\"2309\" data-end=\"2316\">FAQ<\/strong><\/span><\/h1>\n<p data-start=\"2318\" data-end=\"2475\"><strong data-start=\"2318\" data-end=\"2354\">Q1 : Qu'est-ce qu'une unit\u00e9 de roulement UCFL ?<\/strong><br data-start=\"2354\" data-end=\"2357\" \/>R : C'est une unit\u00e9 de roulement mont\u00e9e compl\u00e8te compos\u00e9e d'un roulement \u00e0 insert UC et d'un bo\u00eetier \u00e0 bride pour une installation facile.<\/p>\n<p data-start=\"2477\" data-end=\"2593\"><strong data-start=\"2477\" data-end=\"2516\">Q2 : L'UCFL204 peut-il \u00eatre remplac\u00e9 facilement ?<\/strong><br data-start=\"2516\" data-end=\"2519\" \/>R : Oui, il est con\u00e7u pour un remplacement standard dans les syst\u00e8mes mont\u00e9s sur bride.<\/p>\n<p data-start=\"2595\" data-end=\"2710\"><strong data-start=\"2595\" data-end=\"2641\">Q3 : Est-il adapt\u00e9 aux environnements poussi\u00e9reux ?<\/strong><br data-start=\"2641\" data-end=\"2644\" \/>R : Oui, le design scell\u00e9 aide \u00e0 prot\u00e9ger contre la poussi\u00e8re et l'humidit\u00e9.<\/p>","protected":false},"excerpt":{"rendered":"<p>Le <strong data-start=\"353\" data-end=\"377\">Unit\u00e9 de roulement UCFL204<\/strong> est un ensemble de roulement mont\u00e9 compos\u00e9 d'un <strong data-start=\"424\" data-end=\"484\">roulement ins\u00e9r\u00e9 UC204 et d'un bo\u00eetier \u00e0 bride de type FL \u00e0 2 boulons<\/strong>. Il est con\u00e7u pour une installation facile, un fonctionnement stable et un support d'arbre fiable dans des syst\u00e8mes industriels compacts.<\/p>","protected":false},"featured_media":2601,"comment_status":"open","ping_status":"closed","template":"","meta":{"site-sidebar-layout":"default","site-content-layout":"","ast-site-content-layout":"default","site-content-style":"default","site-sidebar-style":"default","ast-global-header-display":"","ast-banner-title-visibility":"","ast-main-header-display":"","ast-hfb-above-header-display":"","ast-hfb-below-header-display":"","ast-hfb-mobile-header-display":"","site-post-title":"","ast-breadcrumbs-content":"","ast-featured-img":"","footer-sml-layout":"","ast-disable-related-posts":"","theme-transparent-header-meta":"default","adv-header-id-meta":"","stick-header-meta":"default","header-above-stick-meta":"","header-main-stick-meta":"","header-below-stick-meta":"","astra-migrate-meta-layouts":"set","ast-page-background-enabled":"default","ast-page-background-meta":{"desktop":{"background-color":"","background-image":"","background-repeat":"repeat","background-position":"center center","background-size":"auto","background-attachment":"scroll","background-type":"","background-media":"","overlay-type":"","overlay-color":"","overlay-opacity":"","overlay-gradient":""},"tablet":{"background-color":"","background-image":"","background-repeat":"repeat","background-position":"center center","background-size":"auto","background-attachment":"scroll","background-type":"","background-media":"","overlay-type":"","overlay-color":"","overlay-opacity":"","overlay-gradient":""},"mobile":{"background-color":"","background-image":"","background-repeat":"repeat","background-position":"center center","background-size":"auto","background-attachment":"scroll","background-type":"","background-media":"","overlay-type":"","overlay-color":"","overlay-opacity":"","overlay-gradient":""}},"ast-content-background-meta":{"desktop":{"background-color":"var(--ast-global-color-5)","background-image":"","background-repeat":"repeat","background-position":"center center","background-size":"auto","background-attachment":"scroll","background-type":"","background-media":"","overlay-type":"","overlay-color":"","overlay-opacity":"","overlay-gradient":""},"tablet":{"background-color":"var(--ast-global-color-5)","background-image":"","background-repeat":"repeat","background-position":"center center","background-size":"auto","background-attachment":"scroll","background-type":"","background-media":"","overlay-type":"","overlay-color":"","overlay-opacity":"","overlay-gradient":""},"mobile":{"background-color":"var(--ast-global-color-5)","background-image":"","background-repeat":"repeat","background-position":"center center","background-size":"auto","background-attachment":"scroll","background-type":"","background-media":"","overlay-type":"","overlay-color":"","overlay-opacity":"","overlay-gradient":""}}},"product_brand":[],"product_cat":[27],"product_tag":[165,169,45,167,72,157,162,166,168,164],"class_list":{"0":"post-2421","1":"product","2":"type-product","3":"status-publish","4":"has-post-thumbnail","6":"product_cat-insert-bearings","7":"product_tag-flange-bearing-unit","8":"product_tag-flange-mounted-bearing","9":"product_tag-industrial-bearing","10":"product_tag-mounted-bearing-unit","11":"product_tag-oem-bearing-supplier","12":"product_tag-pillow-block-bearing","13":"product_tag-self-aligning-bearing","14":"product_tag-uc-insert-bearing","15":"product_tag-ucfl-housing-bearing","16":"product_tag-ucfl204-bearing","17":"desktop-align-left","18":"tablet-align-left","19":"mobile-align-left","20":"ast-product-gallery-layout-horizontal-slider","21":"ast-product-gallery-with-no-image","22":"ast-product-tabs-layout-horizontal","24":"first","25":"instock","26":"shipping-taxable","27":"product-type-simple"},"_links":{"self":[{"href":"https:\/\/www.machinerybearings.com\/fr\/wp-json\/wp\/v2\/product\/2421","targetHints":{"allow":["GET"]}}],"collection":[{"href":"https:\/\/www.machinerybearings.com\/fr\/wp-json\/wp\/v2\/product"}],"about":[{"href":"https:\/\/www.machinerybearings.com\/fr\/wp-json\/wp\/v2\/types\/product"}],"replies":[{"embeddable":true,"href":"https:\/\/www.machinerybearings.com\/fr\/wp-json\/wp\/v2\/comments?post=2421"}],"wp:featuredmedia":[{"embeddable":true,"href":"https:\/\/www.machinerybearings.com\/fr\/wp-json\/wp\/v2\/media\/2601"}],"wp:attachment":[{"href":"https:\/\/www.machinerybearings.com\/fr\/wp-json\/wp\/v2\/media?parent=2421"}],"wp:term":[{"taxonomy":"product_brand","embeddable":true,"href":"https:\/\/www.machinerybearings.com\/fr\/wp-json\/wp\/v2\/product_brand?post=2421"},{"taxonomy":"product_cat","embeddable":true,"href":"https:\/\/www.machinerybearings.com\/fr\/wp-json\/wp\/v2\/product_cat?post=2421"},{"taxonomy":"product_tag","embeddable":true,"href":"https:\/\/www.machinerybearings.com\/fr\/wp-json\/wp\/v2\/product_tag?post=2421"}],"curies":[{"name":"wp","href":"https:\/\/api.w.org\/{rel}","templated":true}]}}