{"id":2422,"date":"2026-04-12T15:14:52","date_gmt":"2026-04-12T15:14:52","guid":{"rendered":"https:\/\/www.machinerybearings.com\/?post_type=product&#038;p=2422"},"modified":"2026-05-04T14:10:09","modified_gmt":"2026-05-04T14:10:09","slug":"ucp205-pillow-block-insert-bearing-unit-self-aligning-mounted-bearing-for-industrial-applications","status":"publish","type":"product","link":"https:\/\/www.machinerybearings.com\/fr\/produit\/ucp205-pillow-block-insert-bearing-unit-self-aligning-mounted-bearing-for-industrial-applications\/","title":{"rendered":"Unit\u00e9 de roulement \u00e0 insert de bloc \u00e0 palier UCP205 \u2013 Roulement mont\u00e9 auto-alignant pour applications industrielles"},"content":{"rendered":"<p data-start=\"363\" data-end=\"674\">Le <strong data-start=\"367\" data-end=\"410\">Unit\u00e9 de palier \u00e0 coussin UCP205<\/strong> est une solution de palier mont\u00e9 largement utilis\u00e9e compos\u00e9e d'un <strong data-start=\"469\" data-end=\"529\">palier \u00e0 insert UC205 et d'un bo\u00eetier \u00e0 coussin de s\u00e9rie P<\/strong>. Il est con\u00e7u pour une installation facile, un support d'arbre fiable et un fonctionnement stable dans une large gamme d'applications industrielles et agricoles.<\/p>\n<p data-start=\"676\" data-end=\"1021\">Le palier \u00e0 insert UC205 pr\u00e9sente une surface ext\u00e9rieure sph\u00e9rique qui permet un auto-alignement au sein du bo\u00eetier, aidant \u00e0 compenser le d\u00e9salignement de l'arbre et \u00e0 r\u00e9duire le stress d'installation. Associ\u00e9 \u00e0 un bo\u00eetier \u00e0 coussin en fonte robuste, l'unit\u00e9 UCP205 offre une excellente durabilit\u00e9 et une longue dur\u00e9e de vie m\u00eame dans des conditions de charge continue.<\/p>\n<p data-start=\"1023\" data-end=\"1160\">Cette unit\u00e9 de palier est pr\u00e9-lubrifi\u00e9e et scell\u00e9e, ce qui la rend peu exigeante en entretien et adapt\u00e9e \u00e0 un fonctionnement \u00e0 long terme dans des environnements exigeants.<\/p>\n<h1 data-section-id=\"8av2ty\" data-start=\"1167\" data-end=\"1185\"><span role=\"text\"><strong data-start=\"1169\" data-end=\"1185\">Caract\u00e9ristiques cl\u00e9s<\/strong><\/span><\/h1>\n<ul data-start=\"1187\" data-end=\"1537\">\n<li data-section-id=\"1eo27wa\" data-start=\"1187\" data-end=\"1254\">Unit\u00e9 compl\u00e8te : palier \u00e0 insert UC205 + bo\u00eetier \u00e0 coussin P205<\/li>\n<li data-section-id=\"41j4o2\" data-start=\"1255\" data-end=\"1307\">Conception auto-alignante r\u00e9duisant les erreurs d'installation<\/li>\n<li data-section-id=\"g14pap\" data-start=\"1308\" data-end=\"1356\">Bo\u00eetier en fonte robuste pour une haute durabilit\u00e9<\/li>\n<li data-section-id=\"1jun2sr\" data-start=\"1357\" data-end=\"1403\">Pr\u00e9-graiss\u00e9 pour un fonctionnement sans entretien<\/li>\n<li data-section-id=\"1owb0yh\" data-start=\"1404\" data-end=\"1456\">Haute capacit\u00e9 de charge radiale et performance stable<\/li>\n<li data-section-id=\"1l42fwv\" data-start=\"1457\" data-end=\"1494\">Installation et remplacement faciles<\/li>\n<li data-section-id=\"1398rv\" data-start=\"1495\" data-end=\"1537\">Convient pour une utilisation industrielle continue<\/li>\n<\/ul>\n<h1 data-section-id=\"10k15yz\" data-start=\"1544\" data-end=\"1574\"><span role=\"text\"><strong data-start=\"1546\" data-end=\"1574\">Sp\u00e9cifications techniques<\/strong><\/span><\/h1>\n<div class=\"TyagGW_tableContainer\">\n<div class=\"group TyagGW_tableWrapper flex flex-col-reverse w-fit\" tabindex=\"-1\">\n<table class=\"w-fit min-w-(--thread-content-width)\" data-start=\"1576\" data-end=\"1960\">\n<thead data-start=\"1576\" data-end=\"1597\">\n<tr data-start=\"1576\" data-end=\"1597\">\n<th class=\"\" data-start=\"1576\" data-end=\"1588\" data-col-size=\"sm\">Param\u00e8tre<\/th>\n<th class=\"\" data-start=\"1588\" data-end=\"1597\" data-col-size=\"sm\">Valeur<\/th>\n<\/tr>\n<\/thead>\n<tbody data-start=\"1618\" data-end=\"1960\">\n<tr data-start=\"1618\" data-end=\"1644\">\n<td data-start=\"1618\" data-end=\"1634\" data-col-size=\"sm\">Mod\u00e8le de roulement<\/td>\n<td data-start=\"1634\" data-end=\"1644\" data-col-size=\"sm\">UCP205<\/td>\n<\/tr>\n<tr data-start=\"1645\" data-end=\"1671\">\n<td data-start=\"1645\" data-end=\"1662\" data-col-size=\"sm\">Palier \u00e0 insert<\/td>\n<td data-start=\"1662\" data-end=\"1671\" data-col-size=\"sm\">UC205<\/td>\n<\/tr>\n<tr data-start=\"1672\" data-end=\"1712\">\n<td data-start=\"1672\" data-end=\"1687\" data-col-size=\"sm\">Type de bo\u00eetier<\/td>\n<td data-start=\"1687\" data-end=\"1712\" data-col-size=\"sm\">Coussin de s\u00e9rie P<\/td>\n<\/tr>\n<tr data-start=\"1713\" data-end=\"1739\">\n<td data-start=\"1713\" data-end=\"1730\" data-col-size=\"sm\">Diam\u00e8tre de l'arbre<\/td>\n<td data-start=\"1730\" data-end=\"1739\" data-col-size=\"sm\">25 mm<\/td>\n<\/tr>\n<tr data-start=\"1740\" data-end=\"1772\">\n<td data-start=\"1740\" data-end=\"1759\" data-col-size=\"sm\">Mat\u00e9riau du bo\u00eetier<\/td>\n<td data-start=\"1759\" data-end=\"1772\" data-col-size=\"sm\">Fonte<\/td>\n<\/tr>\n<tr data-start=\"1773\" data-end=\"1808\">\n<td data-start=\"1773\" data-end=\"1792\" data-col-size=\"sm\">Mat\u00e9riau du palier<\/td>\n<td data-start=\"1792\" data-end=\"1808\" data-col-size=\"sm\">Acier au chrome<\/td>\n<\/tr>\n<tr data-start=\"1809\" data-end=\"1847\">\n<td data-start=\"1809\" data-end=\"1824\" data-col-size=\"sm\">Type de joint<\/td>\n<td data-start=\"1824\" data-end=\"1847\" data-col-size=\"sm\">Scell\u00e9 en caoutchouc (2RS)<\/td>\n<\/tr>\n<tr data-start=\"1848\" data-end=\"1877\">\n<td data-start=\"1848\" data-end=\"1862\" data-col-size=\"sm\">Lubrification<\/td>\n<td data-start=\"1862\" data-end=\"1877\" data-col-size=\"sm\">Pr\u00e9-graiss\u00e9<\/td>\n<\/tr>\n<tr data-start=\"1878\" data-end=\"1917\">\n<td data-start=\"1878\" data-end=\"1894\" data-col-size=\"sm\">Type de montage<\/td>\n<td data-start=\"1894\" data-end=\"1917\" data-col-size=\"sm\">Mont\u00e9 sur base \u00e0 2 boulons<\/td>\n<\/tr>\n<tr data-start=\"1918\" data-end=\"1960\">\n<td data-start=\"1918\" data-end=\"1942\" data-col-size=\"sm\">Temp\u00e9rature de fonctionnement<\/td>\n<td data-start=\"1942\" data-end=\"1960\" data-col-size=\"sm\">-20\u00b0C \u00e0 120\u00b0C<\/td>\n<\/tr>\n<\/tbody>\n<\/table>\n<\/div>\n<\/div>\n<h1 data-section-id=\"1p00fbj\" data-start=\"1967\" data-end=\"1985\"><span role=\"text\"><strong data-start=\"1969\" data-end=\"1985\">Applications<\/strong><\/span><\/h1>\n<p data-start=\"1987\" data-end=\"2042\">L'unit\u00e9 de palier en bloc de coussin UCP205 est largement utilis\u00e9e dans :<\/p>\n<ul data-start=\"2044\" data-end=\"2208\">\n<li data-section-id=\"176s2ln\" data-start=\"2044\" data-end=\"2064\">Syst\u00e8mes de convoyage<\/li>\n<li data-section-id=\"1n6ynun\" data-start=\"2065\" data-end=\"2091\">Machines agricoles<\/li>\n<li data-section-id=\"1htpp6l\" data-start=\"2092\" data-end=\"2115\">\u00c9quipements d'emballage<\/li>\n<li data-section-id=\"io1u9n\" data-start=\"2116\" data-end=\"2137\">Machines textiles<\/li>\n<li data-section-id=\"i9rybb\" data-start=\"2138\" data-end=\"2166\">Les machines de transformation alimentaire<\/li>\n<li data-section-id=\"1075gc1\" data-start=\"2167\" data-end=\"2208\">Les syst\u00e8mes de transmission industrielle l\u00e9g\u00e8re<\/li>\n<\/ul>\n<h1 data-section-id=\"zdmnob\" data-start=\"2215\" data-end=\"2234\"><span role=\"text\"><strong data-start=\"2217\" data-end=\"2234\">Pourquoi nous choisir<\/strong><\/span><\/h1>\n<ul data-start=\"2236\" data-end=\"2459\">\n<li data-section-id=\"17c68gd\" data-start=\"2236\" data-end=\"2285\">Approvisionnement stable en usine avec une qualit\u00e9 constante<\/li>\n<li data-section-id=\"1ccoc9p\" data-start=\"2286\" data-end=\"2326\">Bo\u00eetier OEM et personnalis\u00e9 disponible<\/li>\n<li data-section-id=\"19poq3t\" data-start=\"2327\" data-end=\"2376\">Compatible avec les syst\u00e8mes de blocs de coussin standard<\/li>\n<li data-section-id=\"1ons1n2\" data-start=\"2377\" data-end=\"2417\">Livraison rapide et support pour les commandes en gros<\/li>\n<li data-section-id=\"1w1qi25\" data-start=\"2418\" data-end=\"2459\">Inspection et test de qualit\u00e9 stricts<\/li>\n<\/ul>\n<h1 data-section-id=\"1iusff4\" data-start=\"2466\" data-end=\"2475\"><span role=\"text\"><strong data-start=\"2468\" data-end=\"2475\">FAQ<\/strong><\/span><\/h1>\n<p data-start=\"2477\" data-end=\"2631\"><strong data-start=\"2477\" data-end=\"2512\">Q1 : Qu'est-ce qu'une unit\u00e9 de palier UCP ?<\/strong><br data-start=\"2512\" data-end=\"2515\" \/>R : C'est une unit\u00e9 de palier mont\u00e9e compos\u00e9e d'un palier ins\u00e9r\u00e9 UC et d'un bo\u00eetier de bloc de coussin pour un support d'arbre facile.<\/p>\n<p data-start=\"2633\" data-end=\"2751\"><strong data-start=\"2633\" data-end=\"2671\">Q2 : Le UCP205 peut-il \u00eatre remplac\u00e9 facilement ?<\/strong><br data-start=\"2671\" data-end=\"2674\" \/>R : Oui, il est con\u00e7u pour une interchangeabilit\u00e9 standard dans les syst\u00e8mes industriels.<\/p>\n<p data-start=\"2753\" data-end=\"2906\"><strong data-start=\"2753\" data-end=\"2804\">Q3 : Est-il adapt\u00e9 aux applications \u00e0 charge lourde ?<\/strong><br data-start=\"2804\" data-end=\"2807\" \/>R : Il est adapt\u00e9 aux applications \u00e0 charge moyenne et \u00e0 un fonctionnement continu dans des environnements industriels.<\/p>","protected":false},"excerpt":{"rendered":"<p>Le <strong data-start=\"367\" data-end=\"410\">Unit\u00e9 de palier \u00e0 coussin UCP205<\/strong> est une solution de palier mont\u00e9 largement utilis\u00e9e compos\u00e9e d'un <strong data-start=\"469\" data-end=\"529\">palier \u00e0 insert UC205 et d'un bo\u00eetier \u00e0 coussin de s\u00e9rie P<\/strong>. Il est con\u00e7u pour une installation facile, un support d'arbre fiable et un fonctionnement stable dans une large gamme d'applications industrielles et agricoles.<\/p>","protected":false},"featured_media":2602,"comment_status":"open","ping_status":"closed","template":"","meta":{"site-sidebar-layout":"default","site-content-layout":"","ast-site-content-layout":"default","site-content-style":"default","site-sidebar-style":"default","ast-global-header-display":"","ast-banner-title-visibility":"","ast-main-header-display":"","ast-hfb-above-header-display":"","ast-hfb-below-header-display":"","ast-hfb-mobile-header-display":"","site-post-title":"","ast-breadcrumbs-content":"","ast-featured-img":"","footer-sml-layout":"","ast-disable-related-posts":"","theme-transparent-header-meta":"default","adv-header-id-meta":"","stick-header-meta":"default","header-above-stick-meta":"","header-main-stick-meta":"","header-below-stick-meta":"","astra-migrate-meta-layouts":"set","ast-page-background-enabled":"default","ast-page-background-meta":{"desktop":{"background-color":"","background-image":"","background-repeat":"repeat","background-position":"center center","background-size":"auto","background-attachment":"scroll","background-type":"","background-media":"","overlay-type":"","overlay-color":"","overlay-opacity":"","overlay-gradient":""},"tablet":{"background-color":"","background-image":"","background-repeat":"repeat","background-position":"center center","background-size":"auto","background-attachment":"scroll","background-type":"","background-media":"","overlay-type":"","overlay-color":"","overlay-opacity":"","overlay-gradient":""},"mobile":{"background-color":"","background-image":"","background-repeat":"repeat","background-position":"center center","background-size":"auto","background-attachment":"scroll","background-type":"","background-media":"","overlay-type":"","overlay-color":"","overlay-opacity":"","overlay-gradient":""}},"ast-content-background-meta":{"desktop":{"background-color":"var(--ast-global-color-5)","background-image":"","background-repeat":"repeat","background-position":"center center","background-size":"auto","background-attachment":"scroll","background-type":"","background-media":"","overlay-type":"","overlay-color":"","overlay-opacity":"","overlay-gradient":""},"tablet":{"background-color":"var(--ast-global-color-5)","background-image":"","background-repeat":"repeat","background-position":"center center","background-size":"auto","background-attachment":"scroll","background-type":"","background-media":"","overlay-type":"","overlay-color":"","overlay-opacity":"","overlay-gradient":""},"mobile":{"background-color":"var(--ast-global-color-5)","background-image":"","background-repeat":"repeat","background-position":"center center","background-size":"auto","background-attachment":"scroll","background-type":"","background-media":"","overlay-type":"","overlay-color":"","overlay-opacity":"","overlay-gradient":""}}},"product_brand":[],"product_cat":[27],"product_tag":[161,45,171,159,72,157,172,162,155,170],"class_list":{"0":"post-2422","1":"product","2":"type-product","3":"status-publish","4":"has-post-thumbnail","6":"product_cat-insert-bearings","7":"product_tag-bearing-housing-unit","8":"product_tag-industrial-bearing","9":"product_tag-insert-bearing-unit","10":"product_tag-mounted-bearing","11":"product_tag-oem-bearing-supplier","12":"product_tag-pillow-block-bearing","13":"product_tag-plummer-block-bearing","14":"product_tag-self-aligning-bearing","15":"product_tag-uc205-bearing","16":"product_tag-ucp205-bearing","17":"desktop-align-left","18":"tablet-align-left","19":"mobile-align-left","20":"ast-product-gallery-layout-horizontal-slider","21":"ast-product-gallery-with-no-image","22":"ast-product-tabs-layout-horizontal","24":"first","25":"instock","26":"shipping-taxable","27":"product-type-simple"},"_links":{"self":[{"href":"https:\/\/www.machinerybearings.com\/fr\/wp-json\/wp\/v2\/product\/2422","targetHints":{"allow":["GET"]}}],"collection":[{"href":"https:\/\/www.machinerybearings.com\/fr\/wp-json\/wp\/v2\/product"}],"about":[{"href":"https:\/\/www.machinerybearings.com\/fr\/wp-json\/wp\/v2\/types\/product"}],"replies":[{"embeddable":true,"href":"https:\/\/www.machinerybearings.com\/fr\/wp-json\/wp\/v2\/comments?post=2422"}],"wp:featuredmedia":[{"embeddable":true,"href":"https:\/\/www.machinerybearings.com\/fr\/wp-json\/wp\/v2\/media\/2602"}],"wp:attachment":[{"href":"https:\/\/www.machinerybearings.com\/fr\/wp-json\/wp\/v2\/media?parent=2422"}],"wp:term":[{"taxonomy":"product_brand","embeddable":true,"href":"https:\/\/www.machinerybearings.com\/fr\/wp-json\/wp\/v2\/product_brand?post=2422"},{"taxonomy":"product_cat","embeddable":true,"href":"https:\/\/www.machinerybearings.com\/fr\/wp-json\/wp\/v2\/product_cat?post=2422"},{"taxonomy":"product_tag","embeddable":true,"href":"https:\/\/www.machinerybearings.com\/fr\/wp-json\/wp\/v2\/product_tag?post=2422"}],"curies":[{"name":"wp","href":"https:\/\/api.w.org\/{rel}","templated":true}]}}