{"id":2440,"date":"2026-04-13T14:32:45","date_gmt":"2026-04-13T14:32:45","guid":{"rendered":"https:\/\/www.machinerybearings.com\/?post_type=product&#038;p=2440"},"modified":"2026-05-04T14:15:15","modified_gmt":"2026-05-04T14:15:15","slug":"wide-inner-ring-bearing-insert-bearing-with-extended-inner-ring-for-enhanced-shaft-support","status":"publish","type":"product","link":"https:\/\/www.machinerybearings.com\/fr\/produit\/wide-inner-ring-bearing-insert-bearing-with-extended-inner-ring-for-enhanced-shaft-support\/","title":{"rendered":"Roulement \u00e0 bague int\u00e9rieure large \u2013 Roulement \u00e0 insert avec bague int\u00e9rieure prolong\u00e9e pour un support d'arbre am\u00e9lior\u00e9"},"content":{"rendered":"<p data-start=\"376\" data-end=\"699\">Le <strong data-start=\"380\" data-end=\"407\">Roulement \u00e0 large bague int\u00e9rieure<\/strong> est un roulement \u00e0 insert sp\u00e9cialis\u00e9 con\u00e7u avec une bague int\u00e9rieure prolong\u00e9e d'un ou des deux c\u00f4t\u00e9s. Ce design offre un support d'arbre suppl\u00e9mentaire, une stabilit\u00e9 am\u00e9lior\u00e9e et de meilleures performances de verrouillage, ce qui le rend id\u00e9al pour les applications avec d\u00e9salignement d'arbre, vibration ou longueur de support d'arbre limit\u00e9e.<\/p>\n<p data-start=\"701\" data-end=\"997\">Largement utilis\u00e9 dans les machines agricoles et les syst\u00e8mes de convoyeurs, les roulements \u00e0 large bague int\u00e9rieure sont g\u00e9n\u00e9ralement mont\u00e9s dans des logements en bloc palier ou \u00e0 bride. La bague int\u00e9rieure prolong\u00e9e permet un verrouillage s\u00e9curis\u00e9 \u00e0 l'aide de vis de r\u00e9glage ou de colliers de verrouillage excentriques, garantissant un fonctionnement fiable dans des conditions de charge dynamique.<\/p>\n<p data-start=\"999\" data-end=\"1194\">Fabriqu\u00e9s en acier au chrome de haute qualit\u00e9 et disponibles en versions en acier inoxydable, ces roulements offrent une excellente durabilit\u00e9, une rotation fluide et une longue dur\u00e9e de vie dans des environnements exigeants.<\/p>\n<h1 data-section-id=\"8av2ty\" data-start=\"1201\" data-end=\"1219\"><span role=\"text\"><strong data-start=\"1203\" data-end=\"1219\">Caract\u00e9ristiques cl\u00e9s<\/strong><\/span><\/h1>\n<ul data-start=\"1221\" data-end=\"1567\">\n<li data-section-id=\"19holap\" data-start=\"1221\" data-end=\"1271\">Bague int\u00e9rieure prolong\u00e9e pour un support d'arbre am\u00e9lior\u00e9<\/li>\n<li data-section-id=\"1j20xvq\" data-start=\"1272\" data-end=\"1332\">Stabilit\u00e9 am\u00e9lior\u00e9e dans les applications avec d\u00e9viation d'arbre<\/li>\n<li data-section-id=\"1te2cmv\" data-start=\"1333\" data-end=\"1387\">Verrouillage s\u00e9curis\u00e9 avec vis de r\u00e9glage ou collier excentrique<\/li>\n<li data-section-id=\"3br2ju\" data-start=\"1388\" data-end=\"1426\">Design de surface ext\u00e9rieure auto-alignante<\/li>\n<li data-section-id=\"hwxtx0\" data-start=\"1427\" data-end=\"1476\">Convient aux logements en bloc palier et \u00e0 bride<\/li>\n<li data-section-id=\"1lzu0yl\" data-start=\"1477\" data-end=\"1516\">Pr\u00e9-lubrifi\u00e9 pour un entretien facile<\/li>\n<li data-section-id=\"1u6kvkj\" data-start=\"1517\" data-end=\"1567\">Forte r\u00e9sistance aux vibrations et aux charges d'impact<\/li>\n<\/ul>\n<h1 data-section-id=\"10k15yz\" data-start=\"1574\" data-end=\"1604\"><span role=\"text\"><strong data-start=\"1576\" data-end=\"1604\">Sp\u00e9cifications techniques<\/strong><\/span><\/h1>\n<div class=\"TyagGW_tableContainer\">\n<div class=\"group TyagGW_tableWrapper flex flex-col-reverse w-fit\" tabindex=\"-1\">\n<table class=\"w-fit min-w-(--thread-content-width)\" data-start=\"1606\" data-end=\"2064\">\n<thead data-start=\"1606\" data-end=\"1627\">\n<tr data-start=\"1606\" data-end=\"1627\">\n<th class=\"\" data-start=\"1606\" data-end=\"1618\" data-col-size=\"sm\">Param\u00e8tre<\/th>\n<th class=\"\" data-start=\"1618\" data-end=\"1627\" data-col-size=\"md\">Valeur<\/th>\n<\/tr>\n<\/thead>\n<tbody data-start=\"1648\" data-end=\"2064\">\n<tr data-start=\"1648\" data-end=\"1697\">\n<td data-start=\"1648\" data-end=\"1663\" data-col-size=\"sm\">Type de roulement<\/td>\n<td data-col-size=\"md\" data-start=\"1663\" data-end=\"1697\">Roulement \u00e0 insert \u00e0 large bague int\u00e9rieure<\/td>\n<\/tr>\n<tr data-start=\"1698\" data-end=\"1762\">\n<td data-start=\"1698\" data-end=\"1710\" data-col-size=\"sm\">Structure<\/td>\n<td data-col-size=\"md\" data-start=\"1710\" data-end=\"1762\">Roulement \u00e0 billes \u00e0 une rang\u00e9e avec bague int\u00e9rieure prolong\u00e9e<\/td>\n<\/tr>\n<tr data-start=\"1763\" data-end=\"1808\">\n<td data-start=\"1763\" data-end=\"1774\" data-col-size=\"sm\">Mat\u00e9riau<\/td>\n<td data-col-size=\"md\" data-start=\"1774\" data-end=\"1808\">Acier au chrome \/ Acier inoxydable<\/td>\n<\/tr>\n<tr data-start=\"1809\" data-end=\"1866\">\n<td data-start=\"1809\" data-end=\"1826\" data-col-size=\"sm\">M\u00e9thode de verrouillage<\/td>\n<td data-col-size=\"md\" data-start=\"1826\" data-end=\"1866\">Vis de r\u00e9glage \/ Collier de verrouillage excentrique<\/td>\n<\/tr>\n<tr data-start=\"1867\" data-end=\"1904\">\n<td data-start=\"1867\" data-end=\"1882\" data-col-size=\"sm\">Type de joint<\/td>\n<td data-col-size=\"md\" data-start=\"1882\" data-end=\"1904\">Joints en caoutchouc (2RS)<\/td>\n<\/tr>\n<tr data-start=\"1905\" data-end=\"1934\">\n<td data-start=\"1905\" data-end=\"1919\" data-col-size=\"sm\">Lubrification<\/td>\n<td data-col-size=\"md\" data-start=\"1919\" data-end=\"1934\">Pr\u00e9-graiss\u00e9<\/td>\n<\/tr>\n<tr data-start=\"1935\" data-end=\"1986\">\n<td data-start=\"1935\" data-end=\"1959\" data-col-size=\"sm\">Compatibilit\u00e9 du bo\u00eetier<\/td>\n<td data-col-size=\"md\" data-start=\"1959\" data-end=\"1986\">S\u00e9ries UCP \/ UCF \/ UCFL<\/td>\n<\/tr>\n<tr data-start=\"1987\" data-end=\"2029\">\n<td data-start=\"1987\" data-end=\"2011\" data-col-size=\"sm\">Temp\u00e9rature de fonctionnement<\/td>\n<td data-col-size=\"md\" data-start=\"2011\" data-end=\"2029\">-20\u00b0C \u00e0 120\u00b0C<\/td>\n<\/tr>\n<tr data-start=\"2030\" data-end=\"2064\">\n<td data-start=\"2030\" data-end=\"2042\" data-col-size=\"sm\">Type de charge<\/td>\n<td data-col-size=\"md\" data-start=\"2042\" data-end=\"2064\">Charge radiale moyenne<\/td>\n<\/tr>\n<\/tbody>\n<\/table>\n<\/div>\n<\/div>\n<h1 data-section-id=\"1p00fbj\" data-start=\"2071\" data-end=\"2089\"><span role=\"text\"><strong data-start=\"2073\" data-end=\"2089\">Applications<\/strong><\/span><\/h1>\n<p data-start=\"2091\" data-end=\"2135\">Les roulements \u00e0 large bague int\u00e9rieure sont largement utilis\u00e9s dans :<\/p>\n<ul data-start=\"2137\" data-end=\"2291\">\n<li data-section-id=\"1n6ynun\" data-start=\"2137\" data-end=\"2163\">Machines agricoles<\/li>\n<li data-section-id=\"176s2ln\" data-start=\"2164\" data-end=\"2184\">Syst\u00e8mes de convoyage<\/li>\n<li data-section-id=\"1vok1mu\" data-start=\"2185\" data-end=\"2214\">\u00c9quipements de jardinage et de pelouse<\/li>\n<li data-section-id=\"io1u9n\" data-start=\"2215\" data-end=\"2236\">Machines textiles<\/li>\n<li data-section-id=\"1htpp6l\" data-start=\"2237\" data-end=\"2260\">\u00c9quipements d'emballage<\/li>\n<li data-section-id=\"14dhqtb\" data-start=\"2261\" data-end=\"2291\">Machines industrielles l\u00e9g\u00e8res<\/li>\n<\/ul>\n<h1 data-section-id=\"zdmnob\" data-start=\"2298\" data-end=\"2317\"><span role=\"text\"><strong data-start=\"2300\" data-end=\"2317\">Pourquoi nous choisir<\/strong><\/span><\/h1>\n<ul data-start=\"2319\" data-end=\"2558\">\n<li data-section-id=\"27wjk1\" data-start=\"2319\" data-end=\"2372\">Forte exp\u00e9rience dans la fabrication de roulements \u00e0 insert<\/li>\n<li data-section-id=\"1rc9oj3\" data-start=\"2373\" data-end=\"2419\">Solutions de verrouillage OEM et sur mesure disponibles<\/li>\n<li data-section-id=\"1veetvt\" data-start=\"2420\" data-end=\"2470\">Mat\u00e9riaux de haute qualit\u00e9 avec performance stable<\/li>\n<li data-section-id=\"25hgpv\" data-start=\"2471\" data-end=\"2513\">Compatible avec les unit\u00e9s de bo\u00eetier standard<\/li>\n<li data-section-id=\"1lpvtyk\" data-start=\"2514\" data-end=\"2558\">Livraison rapide et capacit\u00e9 d'approvisionnement en gros<\/li>\n<\/ul>\n<h1 data-section-id=\"1iusff4\" data-start=\"2565\" data-end=\"2574\"><span role=\"text\"><strong data-start=\"2567\" data-end=\"2574\">FAQ<\/strong><\/span><\/h1>\n<p data-start=\"2576\" data-end=\"2751\"><strong data-start=\"2576\" data-end=\"2635\">Q1 : Quel est l'avantage d'un roulement \u00e0 large bague int\u00e9rieure ?<\/strong><br data-start=\"2635\" data-end=\"2638\" \/>R : Il offre un meilleur support d'arbre et une stabilit\u00e9, en particulier dans les applications avec d\u00e9viation ou vibration de l'arbre.<\/p>\n<p data-start=\"2753\" data-end=\"2877\"><strong data-start=\"2753\" data-end=\"2799\">Q2 : Comment le roulement est-il fix\u00e9 \u00e0 l'arbre ?<\/strong><br data-start=\"2799\" data-end=\"2802\" \/>R : Il est g\u00e9n\u00e9ralement s\u00e9curis\u00e9 \u00e0 l'aide de vis de r\u00e9glage ou d'un collier de verrouillage excentrique.<\/p>\n<p data-start=\"2879\" data-end=\"3013\"><strong data-start=\"2879\" data-end=\"2938\">Q3 : Peut-il \u00eatre utilis\u00e9 avec des bo\u00eetiers de palier standard ?<\/strong><br data-start=\"2938\" data-end=\"2941\" \/>A : Oui, il est compatible avec les unit\u00e9s de logement UCP, UCF et UCFL standard.<\/p>","protected":false},"excerpt":{"rendered":"<p>Le <strong data-start=\"380\" data-end=\"407\">Roulement \u00e0 large bague int\u00e9rieure<\/strong> est un roulement \u00e0 insert sp\u00e9cialis\u00e9 con\u00e7u avec une bague int\u00e9rieure prolong\u00e9e d'un ou des deux c\u00f4t\u00e9s. Ce design offre un support d'arbre suppl\u00e9mentaire, une stabilit\u00e9 am\u00e9lior\u00e9e et de meilleures performances de verrouillage, ce qui le rend id\u00e9al pour les applications avec d\u00e9salignement d'arbre, vibration ou longueur de support d'arbre limit\u00e9e.<\/p>","protected":false},"featured_media":2603,"comment_status":"open","ping_status":"closed","template":"","meta":{"site-sidebar-layout":"default","site-content-layout":"","ast-site-content-layout":"default","site-content-style":"default","site-sidebar-style":"default","ast-global-header-display":"","ast-banner-title-visibility":"","ast-main-header-display":"","ast-hfb-above-header-display":"","ast-hfb-below-header-display":"","ast-hfb-mobile-header-display":"","site-post-title":"","ast-breadcrumbs-content":"","ast-featured-img":"","footer-sml-layout":"","ast-disable-related-posts":"","theme-transparent-header-meta":"default","adv-header-id-meta":"","stick-header-meta":"default","header-above-stick-meta":"","header-main-stick-meta":"","header-below-stick-meta":"","astra-migrate-meta-layouts":"set","ast-page-background-enabled":"default","ast-page-background-meta":{"desktop":{"background-color":"","background-image":"","background-repeat":"repeat","background-position":"center center","background-size":"auto","background-attachment":"scroll","background-type":"","background-media":"","overlay-type":"","overlay-color":"","overlay-opacity":"","overlay-gradient":""},"tablet":{"background-color":"","background-image":"","background-repeat":"repeat","background-position":"center center","background-size":"auto","background-attachment":"scroll","background-type":"","background-media":"","overlay-type":"","overlay-color":"","overlay-opacity":"","overlay-gradient":""},"mobile":{"background-color":"","background-image":"","background-repeat":"repeat","background-position":"center center","background-size":"auto","background-attachment":"scroll","background-type":"","background-media":"","overlay-type":"","overlay-color":"","overlay-opacity":"","overlay-gradient":""}},"ast-content-background-meta":{"desktop":{"background-color":"var(--ast-global-color-5)","background-image":"","background-repeat":"repeat","background-position":"center center","background-size":"auto","background-attachment":"scroll","background-type":"","background-media":"","overlay-type":"","overlay-color":"","overlay-opacity":"","overlay-gradient":""},"tablet":{"background-color":"var(--ast-global-color-5)","background-image":"","background-repeat":"repeat","background-position":"center center","background-size":"auto","background-attachment":"scroll","background-type":"","background-media":"","overlay-type":"","overlay-color":"","overlay-opacity":"","overlay-gradient":""},"mobile":{"background-color":"var(--ast-global-color-5)","background-image":"","background-repeat":"repeat","background-position":"center center","background-size":"auto","background-attachment":"scroll","background-type":"","background-media":"","overlay-type":"","overlay-color":"","overlay-opacity":"","overlay-gradient":""}}},"product_brand":[],"product_cat":[22],"product_tag":[160,209,45,156,159,72,157,162,215,214],"class_list":{"0":"post-2440","1":"product","2":"type-product","3":"status-publish","4":"has-post-thumbnail","6":"product_cat-self-aligning-ball-bearings","7":"product_tag-agricultural-bearing","8":"product_tag-conveyor-bearing","9":"product_tag-industrial-bearing","10":"product_tag-insert-bearing","11":"product_tag-mounted-bearing","12":"product_tag-oem-bearing-supplier","13":"product_tag-pillow-block-bearing","14":"product_tag-self-aligning-bearing","15":"product_tag-uc-bearing","16":"product_tag-wide-inner-ring-bearing","17":"desktop-align-left","18":"tablet-align-left","19":"mobile-align-left","20":"ast-product-gallery-layout-horizontal-slider","21":"ast-product-gallery-with-no-image","22":"ast-product-tabs-layout-horizontal","24":"first","25":"instock","26":"shipping-taxable","27":"product-type-simple"},"_links":{"self":[{"href":"https:\/\/www.machinerybearings.com\/fr\/wp-json\/wp\/v2\/product\/2440","targetHints":{"allow":["GET"]}}],"collection":[{"href":"https:\/\/www.machinerybearings.com\/fr\/wp-json\/wp\/v2\/product"}],"about":[{"href":"https:\/\/www.machinerybearings.com\/fr\/wp-json\/wp\/v2\/types\/product"}],"replies":[{"embeddable":true,"href":"https:\/\/www.machinerybearings.com\/fr\/wp-json\/wp\/v2\/comments?post=2440"}],"wp:featuredmedia":[{"embeddable":true,"href":"https:\/\/www.machinerybearings.com\/fr\/wp-json\/wp\/v2\/media\/2603"}],"wp:attachment":[{"href":"https:\/\/www.machinerybearings.com\/fr\/wp-json\/wp\/v2\/media?parent=2440"}],"wp:term":[{"taxonomy":"product_brand","embeddable":true,"href":"https:\/\/www.machinerybearings.com\/fr\/wp-json\/wp\/v2\/product_brand?post=2440"},{"taxonomy":"product_cat","embeddable":true,"href":"https:\/\/www.machinerybearings.com\/fr\/wp-json\/wp\/v2\/product_cat?post=2440"},{"taxonomy":"product_tag","embeddable":true,"href":"https:\/\/www.machinerybearings.com\/fr\/wp-json\/wp\/v2\/product_tag?post=2440"}],"curies":[{"name":"wp","href":"https:\/\/api.w.org\/{rel}","templated":true}]}}