{"id":2444,"date":"2026-04-13T14:39:55","date_gmt":"2026-04-13T14:39:55","guid":{"rendered":"https:\/\/www.machinerybearings.com\/?post_type=product&#038;p=2444"},"modified":"2026-05-03T06:24:41","modified_gmt":"2026-05-03T06:24:41","slug":"22205-spherical-roller-bearing-self-aligning-heavy-load-bearing-for-industrial-applications","status":"publish","type":"product","link":"https:\/\/www.machinerybearings.com\/fr\/produit\/22205-spherical-roller-bearing-self-aligning-heavy-load-bearing-for-industrial-applications\/","title":{"rendered":"22205 Roulement \u00e0 rouleaux sph\u00e9riques \u2013 Roulement auto-alignant pour charges lourdes pour applications industrielles"},"content":{"rendered":"<p data-start=\"379\" data-end=\"690\">Le <strong data-start=\"383\" data-end=\"417\">22205 Roulement \u00e0 rouleaux sph\u00e9riques<\/strong> est un roulement \u00e0 rouleaux \u00e0 double rang\u00e9e con\u00e7u pour supporter de lourdes charges radiales et des charges axiales mod\u00e9r\u00e9es tout en compensant le d\u00e9salignement de l'arbre. Sa piste sph\u00e9rique permet un alignement automatique, ce qui le rend id\u00e9al pour les applications o\u00f9 la d\u00e9flexion de l'arbre ou les erreurs d'installation se produisent.<\/p>\n<p data-start=\"692\" data-end=\"953\">Ce roulement est con\u00e7u pour une haute durabilit\u00e9 et fiabilit\u00e9 dans des conditions de travail difficiles. Compar\u00e9 aux roulements \u00e0 billes auto-aligneurs, les roulements \u00e0 rouleaux sph\u00e9riques comme le 22205 offrent une capacit\u00e9 de charge significativement plus \u00e9lev\u00e9e et une meilleure r\u00e9sistance aux chocs et aux vibrations.<\/p>\n<p data-start=\"955\" data-end=\"1136\">Fabriqu\u00e9 en acier alli\u00e9 ou en acier chrom\u00e9 de haute qualit\u00e9, le roulement 22205 garantit une longue dur\u00e9e de vie, un fonctionnement fluide et des performances constantes dans des environnements industriels exigeants.<\/p>\n<h1 data-section-id=\"8av2ty\" data-start=\"1143\" data-end=\"1161\"><span role=\"text\"><strong data-start=\"1145\" data-end=\"1161\">Caract\u00e9ristiques cl\u00e9s<\/strong><\/span><\/h1>\n<ul data-start=\"1163\" data-end=\"1499\">\n<li data-section-id=\"17ys86f\" data-start=\"1163\" data-end=\"1220\">Haute capacit\u00e9 de charge radiale pour des applications lourdes<\/li>\n<li data-section-id=\"1fr59o7\" data-start=\"1221\" data-end=\"1280\">Design auto-alignant compense le d\u00e9salignement de l'arbre<\/li>\n<li data-section-id=\"1vl001\" data-start=\"1281\" data-end=\"1325\">Supporte des charges radiales et axiales combin\u00e9es<\/li>\n<li data-section-id=\"4qe041\" data-start=\"1326\" data-end=\"1373\">Excellente r\u00e9sistance aux chocs et aux vibrations<\/li>\n<li data-section-id=\"js9du9\" data-start=\"1374\" data-end=\"1418\">Longue dur\u00e9e de vie dans des conditions difficiles<\/li>\n<li data-section-id=\"xjurbh\" data-start=\"1419\" data-end=\"1456\">Faible friction et fonctionnement stable<\/li>\n<li data-section-id=\"1398rv\" data-start=\"1457\" data-end=\"1499\">Convient pour une utilisation industrielle continue<\/li>\n<\/ul>\n<h1 data-section-id=\"10k15yz\" data-start=\"1506\" data-end=\"1536\"><span role=\"text\"><strong data-start=\"1508\" data-end=\"1536\">Sp\u00e9cifications techniques<\/strong><\/span><\/h1>\n<div class=\"TyagGW_tableContainer\">\n<div class=\"group TyagGW_tableWrapper flex flex-col-reverse w-fit\" tabindex=\"-1\">\n<table class=\"w-fit min-w-(--thread-content-width)\" data-start=\"1538\" data-end=\"1953\">\n<thead data-start=\"1538\" data-end=\"1559\">\n<tr data-start=\"1538\" data-end=\"1559\">\n<th class=\"\" data-start=\"1538\" data-end=\"1550\" data-col-size=\"sm\">Param\u00e8tre<\/th>\n<th class=\"\" data-start=\"1550\" data-end=\"1559\" data-col-size=\"sm\">Valeur<\/th>\n<\/tr>\n<\/thead>\n<tbody data-start=\"1580\" data-end=\"1953\">\n<tr data-start=\"1580\" data-end=\"1605\">\n<td data-start=\"1580\" data-end=\"1596\" data-col-size=\"sm\">Mod\u00e8le de roulement<\/td>\n<td data-start=\"1596\" data-end=\"1605\" data-col-size=\"sm\">22205<\/td>\n<\/tr>\n<tr data-start=\"1606\" data-end=\"1636\">\n<td data-start=\"1606\" data-end=\"1627\" data-col-size=\"sm\">Diam\u00e8tre int\u00e9rieur (d)<\/td>\n<td data-col-size=\"sm\" data-start=\"1627\" data-end=\"1636\">25 mm<\/td>\n<\/tr>\n<tr data-start=\"1637\" data-end=\"1667\">\n<td data-start=\"1637\" data-end=\"1658\" data-col-size=\"sm\">Diam\u00e8tre ext\u00e9rieur (D)<\/td>\n<td data-start=\"1658\" data-end=\"1667\" data-col-size=\"sm\">52 mm<\/td>\n<\/tr>\n<tr data-start=\"1668\" data-end=\"1689\">\n<td data-start=\"1668\" data-end=\"1680\" data-col-size=\"sm\">Largeur (B)<\/td>\n<td data-col-size=\"sm\" data-start=\"1680\" data-end=\"1689\">18 mm<\/td>\n<\/tr>\n<tr data-start=\"1690\" data-end=\"1733\">\n<td data-start=\"1690\" data-end=\"1705\" data-col-size=\"sm\">Type de roulement<\/td>\n<td data-col-size=\"sm\" data-start=\"1705\" data-end=\"1733\">Roulement \u00e0 rouleaux sph\u00e9riques<\/td>\n<\/tr>\n<tr data-start=\"1734\" data-end=\"1767\">\n<td data-start=\"1734\" data-end=\"1746\" data-col-size=\"sm\">Structure<\/td>\n<td data-start=\"1746\" data-end=\"1767\" data-col-size=\"sm\">Roulement \u00e0 double rang\u00e9e<\/td>\n<\/tr>\n<tr data-start=\"1768\" data-end=\"1809\">\n<td data-start=\"1768\" data-end=\"1779\" data-col-size=\"sm\">Mat\u00e9riau<\/td>\n<td data-start=\"1779\" data-end=\"1809\" data-col-size=\"sm\">Acier chrom\u00e9 \/ Acier alli\u00e9<\/td>\n<\/tr>\n<tr data-start=\"1810\" data-end=\"1843\">\n<td data-start=\"1810\" data-end=\"1826\" data-col-size=\"sm\">Mat\u00e9riau de la cage<\/td>\n<td data-start=\"1826\" data-end=\"1843\" data-col-size=\"sm\">Acier \/ Laiton<\/td>\n<\/tr>\n<tr data-start=\"1844\" data-end=\"1874\">\n<td data-start=\"1844\" data-end=\"1858\" data-col-size=\"sm\">Lubrification<\/td>\n<td data-start=\"1858\" data-end=\"1874\" data-col-size=\"sm\">Graisse \/ Huile<\/td>\n<\/tr>\n<tr data-start=\"1875\" data-end=\"1910\">\n<td data-start=\"1875\" data-end=\"1894\" data-col-size=\"sm\">Classe de pr\u00e9cision<\/td>\n<td data-start=\"1894\" data-end=\"1910\" data-col-size=\"sm\">P0 \/ P6 \/ P5<\/td>\n<\/tr>\n<tr data-start=\"1911\" data-end=\"1953\">\n<td data-start=\"1911\" data-end=\"1935\" data-col-size=\"sm\">Temp\u00e9rature de fonctionnement<\/td>\n<td data-start=\"1935\" data-end=\"1953\" data-col-size=\"sm\">-20\u00b0C \u00e0 150\u00b0C<\/td>\n<\/tr>\n<\/tbody>\n<\/table>\n<\/div>\n<\/div>\n<h1 data-section-id=\"1p00fbj\" data-start=\"1960\" data-end=\"1978\"><span role=\"text\"><strong data-start=\"1962\" data-end=\"1978\">Applications<\/strong><\/span><\/h1>\n<p data-start=\"1980\" data-end=\"2033\">Le roulement \u00e0 rouleaux sph\u00e9riques 22205 est largement utilis\u00e9 dans :<\/p>\n<ul data-start=\"2035\" data-end=\"2219\">\n<li data-section-id=\"byc78f\" data-start=\"2035\" data-end=\"2066\">\u00c9quipements miniers et de carri\u00e8re<\/li>\n<li data-section-id=\"176s2ln\" data-start=\"2067\" data-end=\"2087\">Syst\u00e8mes de convoyage<\/li>\n<li data-section-id=\"1n6ynun\" data-start=\"2088\" data-end=\"2114\">Machines agricoles<\/li>\n<li data-section-id=\"942l0d\" data-start=\"2115\" data-end=\"2139\">R\u00e9ducteurs industriels<\/li>\n<li data-section-id=\"10ok9wi\" data-start=\"2140\" data-end=\"2177\">Lignes de production d'acier et de ciment<\/li>\n<li data-section-id=\"azxdeo\" data-start=\"2178\" data-end=\"2219\">Syst\u00e8mes de transmission m\u00e9canique lourde<\/li>\n<\/ul>\n<h1 data-section-id=\"zdmnob\" data-start=\"2226\" data-end=\"2245\"><span role=\"text\"><strong data-start=\"2228\" data-end=\"2245\">Pourquoi nous choisir<\/strong><\/span><\/h1>\n<ul data-start=\"2247\" data-end=\"2490\">\n<li data-section-id=\"1vbjgp6\" data-start=\"2247\" data-end=\"2304\">Forte capacit\u00e9 dans la fabrication de roulements lourds<\/li>\n<li data-section-id=\"1eol690\" data-start=\"2305\" data-end=\"2343\">Solutions OEM et sur mesure disponibles<\/li>\n<li data-section-id=\"gy7e8t\" data-start=\"2344\" data-end=\"2398\">Mat\u00e9riaux de haute qualit\u00e9 avec un contr\u00f4le qualit\u00e9 strict<\/li>\n<li data-section-id=\"rqr2fb\" data-start=\"2399\" data-end=\"2443\">Approvisionnement stable pour les commandes industrielles en gros<\/li>\n<li data-section-id=\"bhimnc\" data-start=\"2444\" data-end=\"2490\">Livraison rapide dans le monde entier et support technique<\/li>\n<\/ul>\n<h1 data-section-id=\"1iusff4\" data-start=\"2497\" data-end=\"2506\"><span role=\"text\"><strong data-start=\"2499\" data-end=\"2506\">FAQ<\/strong><\/span><\/h1>\n<p data-start=\"2508\" data-end=\"2645\"><strong data-start=\"2508\" data-end=\"2567\">Q1 : Quel est l'avantage des roulements \u00e0 rouleaux sph\u00e9riques ?<\/strong><br data-start=\"2567\" data-end=\"2570\" \/>R : Ils offrent une grande capacit\u00e9 de charge et une excellente compensation de d\u00e9salignement.<\/p>\n<p data-start=\"2647\" data-end=\"2770\"><strong data-start=\"2647\" data-end=\"2693\">Q2 : Les roulements 22205 peuvent-ils supporter des charges lourdes ?<\/strong><br data-start=\"2693\" data-end=\"2696\" \/>R : Oui, ils sont con\u00e7us pour des charges radiales lourdes et des charges axiales mod\u00e9r\u00e9es.<\/p>\n<p data-start=\"2772\" data-end=\"2896\"><strong data-start=\"2772\" data-end=\"2822\">Q3 : Des mat\u00e9riaux ou des designs personnalis\u00e9s sont-ils disponibles ?<\/strong><br data-start=\"2822\" data-end=\"2825\" \/>R : Oui, nous soutenons la personnalisation OEM en fonction des exigences d'application.<\/p>","protected":false},"excerpt":{"rendered":"<p>Le <strong data-start=\"383\" data-end=\"417\">22205 Roulement \u00e0 rouleaux sph\u00e9riques<\/strong> est un roulement \u00e0 rouleaux \u00e0 double rang\u00e9e con\u00e7u pour supporter de lourdes charges radiales et des charges axiales mod\u00e9r\u00e9es tout en compensant le d\u00e9salignement de l'arbre. Sa piste sph\u00e9rique permet un alignement automatique, ce qui le rend id\u00e9al pour les applications o\u00f9 la d\u00e9flexion de l'arbre ou les erreurs d'installation se produisent.<\/p>","protected":false},"featured_media":2545,"comment_status":"open","ping_status":"closed","template":"","meta":{"site-sidebar-layout":"default","site-content-layout":"","ast-site-content-layout":"default","site-content-style":"default","site-sidebar-style":"default","ast-global-header-display":"","ast-banner-title-visibility":"","ast-main-header-display":"","ast-hfb-above-header-display":"","ast-hfb-below-header-display":"","ast-hfb-mobile-header-display":"","site-post-title":"","ast-breadcrumbs-content":"","ast-featured-img":"","footer-sml-layout":"","ast-disable-related-posts":"","theme-transparent-header-meta":"default","adv-header-id-meta":"","stick-header-meta":"default","header-above-stick-meta":"","header-main-stick-meta":"","header-below-stick-meta":"","astra-migrate-meta-layouts":"set","ast-page-background-enabled":"default","ast-page-background-meta":{"desktop":{"background-color":"","background-image":"","background-repeat":"repeat","background-position":"center center","background-size":"auto","background-attachment":"scroll","background-type":"","background-media":"","overlay-type":"","overlay-color":"","overlay-opacity":"","overlay-gradient":""},"tablet":{"background-color":"","background-image":"","background-repeat":"repeat","background-position":"center center","background-size":"auto","background-attachment":"scroll","background-type":"","background-media":"","overlay-type":"","overlay-color":"","overlay-opacity":"","overlay-gradient":""},"mobile":{"background-color":"","background-image":"","background-repeat":"repeat","background-position":"center center","background-size":"auto","background-attachment":"scroll","background-type":"","background-media":"","overlay-type":"","overlay-color":"","overlay-opacity":"","overlay-gradient":""}},"ast-content-background-meta":{"desktop":{"background-color":"var(--ast-global-color-5)","background-image":"","background-repeat":"repeat","background-position":"center center","background-size":"auto","background-attachment":"scroll","background-type":"","background-media":"","overlay-type":"","overlay-color":"","overlay-opacity":"","overlay-gradient":""},"tablet":{"background-color":"var(--ast-global-color-5)","background-image":"","background-repeat":"repeat","background-position":"center center","background-size":"auto","background-attachment":"scroll","background-type":"","background-media":"","overlay-type":"","overlay-color":"","overlay-opacity":"","overlay-gradient":""},"mobile":{"background-color":"var(--ast-global-color-5)","background-image":"","background-repeat":"repeat","background-position":"center center","background-size":"auto","background-attachment":"scroll","background-type":"","background-media":"","overlay-type":"","overlay-color":"","overlay-opacity":"","overlay-gradient":""}}},"product_brand":[],"product_cat":[24],"product_tag":[218,209,78,56,51,45,119,72,219,153],"class_list":{"0":"post-2444","1":"product","2":"type-product","3":"status-publish","4":"has-post-thumbnail","6":"product_cat-spherical-roller-bearings","7":"product_tag-22205-bearing","8":"product_tag-conveyor-bearing","9":"product_tag-gearbox-bearing","10":"product_tag-heavy-duty-bearing","11":"product_tag-high-load-bearing","12":"product_tag-industrial-bearing","13":"product_tag-mining-bearing","14":"product_tag-oem-bearing-supplier","15":"product_tag-self-aligning-roller-bearing","16":"product_tag-spherical-roller-bearing","17":"desktop-align-left","18":"tablet-align-left","19":"mobile-align-left","20":"ast-product-gallery-layout-horizontal-slider","21":"ast-product-gallery-with-no-image","22":"ast-product-tabs-layout-horizontal","24":"first","25":"instock","26":"shipping-taxable","27":"product-type-simple"},"_links":{"self":[{"href":"https:\/\/www.machinerybearings.com\/fr\/wp-json\/wp\/v2\/product\/2444","targetHints":{"allow":["GET"]}}],"collection":[{"href":"https:\/\/www.machinerybearings.com\/fr\/wp-json\/wp\/v2\/product"}],"about":[{"href":"https:\/\/www.machinerybearings.com\/fr\/wp-json\/wp\/v2\/types\/product"}],"replies":[{"embeddable":true,"href":"https:\/\/www.machinerybearings.com\/fr\/wp-json\/wp\/v2\/comments?post=2444"}],"wp:featuredmedia":[{"embeddable":true,"href":"https:\/\/www.machinerybearings.com\/fr\/wp-json\/wp\/v2\/media\/2545"}],"wp:attachment":[{"href":"https:\/\/www.machinerybearings.com\/fr\/wp-json\/wp\/v2\/media?parent=2444"}],"wp:term":[{"taxonomy":"product_brand","embeddable":true,"href":"https:\/\/www.machinerybearings.com\/fr\/wp-json\/wp\/v2\/product_brand?post=2444"},{"taxonomy":"product_cat","embeddable":true,"href":"https:\/\/www.machinerybearings.com\/fr\/wp-json\/wp\/v2\/product_cat?post=2444"},{"taxonomy":"product_tag","embeddable":true,"href":"https:\/\/www.machinerybearings.com\/fr\/wp-json\/wp\/v2\/product_tag?post=2444"}],"curies":[{"name":"wp","href":"https:\/\/api.w.org\/{rel}","templated":true}]}}