{"id":2448,"date":"2026-04-13T14:47:11","date_gmt":"2026-04-13T14:47:11","guid":{"rendered":"https:\/\/www.machinerybearings.com\/?post_type=product&#038;p=2448"},"modified":"2026-05-03T05:44:19","modified_gmt":"2026-05-03T05:44:19","slug":"22312-spherical-roller-bearing-heavy-load-self-aligning-bearing-for-industrial-applications","status":"publish","type":"product","link":"https:\/\/www.machinerybearings.com\/fr\/produit\/22312-spherical-roller-bearing-heavy-load-self-aligning-bearing-for-industrial-applications\/","title":{"rendered":"22312 Roulement \u00e0 rouleaux sph\u00e9riques \u2013 Roulement auto-alignant pour charges lourdes pour applications industrielles"},"content":{"rendered":"<p data-start=\"386\" data-end=\"712\">Le <strong data-start=\"390\" data-end=\"424\">22312 Roulement \u00e0 rouleaux sph\u00e9riques<\/strong> est un roulement robuste \u00e0 double rang\u00e9e con\u00e7u pour supporter des charges radiales extr\u00eamement \u00e9lev\u00e9es et des charges axiales mod\u00e9r\u00e9es tout en compensant le d\u00e9salignement de l'arbre. Son design de chemin de roulement sph\u00e9rique permet un alignement automatique, garantissant des performances stables m\u00eame en cas de d\u00e9viation de l'arbre ou d'erreurs d'installation.<\/p>\n<p data-start=\"714\" data-end=\"980\">Compar\u00e9 \u00e0 la s\u00e9rie 22200, les roulements de la s\u00e9rie 22300 offrent <strong data-start=\"776\" data-end=\"868\">une capacit\u00e9 de charge plus \u00e9lev\u00e9e, une durabilit\u00e9 accrue et une meilleure r\u00e9sistance aux chocs et aux vibrations<\/strong>, ce qui les rend id\u00e9aux pour des environnements industriels exigeants tels que l'exploitation mini\u00e8re, la production d'acier et les machines lourdes.<\/p>\n<p data-start=\"982\" data-end=\"1161\">Fabriqu\u00e9 en acier alli\u00e9 ou en acier au chrome de haute qualit\u00e9, le roulement 22312 offre une excellente r\u00e9sistance, une r\u00e9sistance \u00e0 l'usure et une longue dur\u00e9e de vie dans des conditions de charge lourde continues.<\/p>\n<h1 data-section-id=\"8av2ty\" data-start=\"1168\" data-end=\"1186\"><span role=\"text\"><strong data-start=\"1170\" data-end=\"1186\">Caract\u00e9ristiques cl\u00e9s<\/strong><\/span><\/h1>\n<ul data-start=\"1188\" data-end=\"1516\">\n<li data-section-id=\"1bxkwpw\" data-start=\"1188\" data-end=\"1227\">Capacit\u00e9 de charge radiale extr\u00eamement \u00e9lev\u00e9e<\/li>\n<li data-section-id=\"1fr59o7\" data-start=\"1228\" data-end=\"1287\">Design auto-alignant compense le d\u00e9salignement de l'arbre<\/li>\n<li data-section-id=\"1vl001\" data-start=\"1288\" data-end=\"1332\">Supporte des charges radiales et axiales combin\u00e9es<\/li>\n<li data-section-id=\"rdribk\" data-start=\"1333\" data-end=\"1379\">R\u00e9sistance sup\u00e9rieure aux chocs et aux vibrations<\/li>\n<li data-section-id=\"1vtlpw4\" data-start=\"1380\" data-end=\"1432\">Structure renforc\u00e9e pour des applications lourdes<\/li>\n<li data-section-id=\"js9du9\" data-start=\"1433\" data-end=\"1477\">Longue dur\u00e9e de vie dans des conditions difficiles<\/li>\n<li data-section-id=\"1mpt223\" data-start=\"1478\" data-end=\"1516\">Fonctionnement fluide avec faible frottement<\/li>\n<\/ul>\n<h1 data-section-id=\"10k15yz\" data-start=\"1523\" data-end=\"1553\"><span role=\"text\"><strong data-start=\"1525\" data-end=\"1553\">Sp\u00e9cifications techniques<\/strong><\/span><\/h1>\n<div class=\"TyagGW_tableContainer\">\n<div class=\"group TyagGW_tableWrapper flex flex-col-reverse w-fit\" tabindex=\"-1\">\n<table class=\"w-fit min-w-(--thread-content-width)\" data-start=\"1555\" data-end=\"1971\">\n<thead data-start=\"1555\" data-end=\"1576\">\n<tr data-start=\"1555\" data-end=\"1576\">\n<th class=\"\" data-start=\"1555\" data-end=\"1567\" data-col-size=\"sm\">Param\u00e8tre<\/th>\n<th class=\"\" data-start=\"1567\" data-end=\"1576\" data-col-size=\"sm\">Valeur<\/th>\n<\/tr>\n<\/thead>\n<tbody data-start=\"1597\" data-end=\"1971\">\n<tr data-start=\"1597\" data-end=\"1622\">\n<td data-start=\"1597\" data-end=\"1613\" data-col-size=\"sm\">Mod\u00e8le de roulement<\/td>\n<td data-start=\"1613\" data-end=\"1622\" data-col-size=\"sm\">22312<\/td>\n<\/tr>\n<tr data-start=\"1623\" data-end=\"1653\">\n<td data-start=\"1623\" data-end=\"1644\" data-col-size=\"sm\">Diam\u00e8tre int\u00e9rieur (d)<\/td>\n<td data-col-size=\"sm\" data-start=\"1644\" data-end=\"1653\">60 mm<\/td>\n<\/tr>\n<tr data-start=\"1654\" data-end=\"1685\">\n<td data-start=\"1654\" data-end=\"1675\" data-col-size=\"sm\">Diam\u00e8tre ext\u00e9rieur (D)<\/td>\n<td data-start=\"1675\" data-end=\"1685\" data-col-size=\"sm\">130 mm<\/td>\n<\/tr>\n<tr data-start=\"1686\" data-end=\"1707\">\n<td data-start=\"1686\" data-end=\"1698\" data-col-size=\"sm\">Largeur (B)<\/td>\n<td data-start=\"1698\" data-end=\"1707\" data-col-size=\"sm\">46 mm<\/td>\n<\/tr>\n<tr data-start=\"1708\" data-end=\"1751\">\n<td data-start=\"1708\" data-end=\"1723\" data-col-size=\"sm\">Type de roulement<\/td>\n<td data-start=\"1723\" data-end=\"1751\" data-col-size=\"sm\">Roulement \u00e0 rouleaux sph\u00e9riques<\/td>\n<\/tr>\n<tr data-start=\"1752\" data-end=\"1785\">\n<td data-start=\"1752\" data-end=\"1764\" data-col-size=\"sm\">Structure<\/td>\n<td data-start=\"1764\" data-end=\"1785\" data-col-size=\"sm\">Roulement \u00e0 double rang\u00e9e<\/td>\n<\/tr>\n<tr data-start=\"1786\" data-end=\"1827\">\n<td data-start=\"1786\" data-end=\"1797\" data-col-size=\"sm\">Mat\u00e9riau<\/td>\n<td data-start=\"1797\" data-end=\"1827\" data-col-size=\"sm\">Acier chrom\u00e9 \/ Acier alli\u00e9<\/td>\n<\/tr>\n<tr data-start=\"1828\" data-end=\"1861\">\n<td data-start=\"1828\" data-end=\"1844\" data-col-size=\"sm\">Mat\u00e9riau de la cage<\/td>\n<td data-start=\"1844\" data-end=\"1861\" data-col-size=\"sm\">Acier \/ Laiton<\/td>\n<\/tr>\n<tr data-start=\"1862\" data-end=\"1892\">\n<td data-start=\"1862\" data-end=\"1876\" data-col-size=\"sm\">Lubrification<\/td>\n<td data-start=\"1876\" data-end=\"1892\" data-col-size=\"sm\">Graisse \/ Huile<\/td>\n<\/tr>\n<tr data-start=\"1893\" data-end=\"1928\">\n<td data-start=\"1893\" data-end=\"1912\" data-col-size=\"sm\">Classe de pr\u00e9cision<\/td>\n<td data-start=\"1912\" data-end=\"1928\" data-col-size=\"sm\">P0 \/ P6 \/ P5<\/td>\n<\/tr>\n<tr data-start=\"1929\" data-end=\"1971\">\n<td data-start=\"1929\" data-end=\"1953\" data-col-size=\"sm\">Temp\u00e9rature de fonctionnement<\/td>\n<td data-start=\"1953\" data-end=\"1971\" data-col-size=\"sm\">-20\u00b0C \u00e0 150\u00b0C<\/td>\n<\/tr>\n<\/tbody>\n<\/table>\n<\/div>\n<\/div>\n<h1 data-section-id=\"1p00fbj\" data-start=\"1978\" data-end=\"1996\"><span role=\"text\"><strong data-start=\"1980\" data-end=\"1996\">Applications<\/strong><\/span><\/h1>\n<p data-start=\"1998\" data-end=\"2051\">Le roulement \u00e0 rouleaux sph\u00e9riques 22312 est largement utilis\u00e9 dans :<\/p>\n<ul data-start=\"2053\" data-end=\"2234\">\n<li data-section-id=\"byc78f\" data-start=\"2053\" data-end=\"2084\">\u00c9quipements miniers et de carri\u00e8re<\/li>\n<li data-section-id=\"10jsg4s\" data-start=\"2085\" data-end=\"2122\">Les aci\u00e9ries et les machines de laminage<\/li>\n<li data-section-id=\"siir4p\" data-start=\"2123\" data-end=\"2154\">Les syst\u00e8mes de convoyeurs lourds<\/li>\n<li data-section-id=\"1tqmi6a\" data-start=\"2155\" data-end=\"2182\">Les lignes de production de ciment<\/li>\n<li data-section-id=\"942l0d\" data-start=\"2183\" data-end=\"2207\">R\u00e9ducteurs industriels<\/li>\n<li data-section-id=\"19d9gij\" data-start=\"2208\" data-end=\"2234\">Les machines de construction<\/li>\n<\/ul>\n<h1 data-section-id=\"zdmnob\" data-start=\"2241\" data-end=\"2260\"><span role=\"text\"><strong data-start=\"2243\" data-end=\"2260\">Pourquoi nous choisir<\/strong><\/span><\/h1>\n<ul data-start=\"2262\" data-end=\"2521\">\n<li data-section-id=\"1ygtht\" data-start=\"2262\" data-end=\"2318\">Expertise solide dans la fabrication de supports lourds<\/li>\n<li data-section-id=\"8lis3h\" data-start=\"2319\" data-end=\"2369\">Solutions d'ing\u00e9nierie OEM et sur mesure disponibles<\/li>\n<li data-section-id=\"gy7e8t\" data-start=\"2370\" data-end=\"2424\">Mat\u00e9riaux de haute qualit\u00e9 avec un contr\u00f4le qualit\u00e9 strict<\/li>\n<li data-section-id=\"h81w5g\" data-start=\"2425\" data-end=\"2474\">Approvisionnement fiable pour de grands projets industriels<\/li>\n<li data-section-id=\"bhimnc\" data-start=\"2475\" data-end=\"2521\">Livraison rapide dans le monde entier et support technique<\/li>\n<\/ul>\n<h1 data-section-id=\"1iusff4\" data-start=\"2528\" data-end=\"2537\"><span role=\"text\"><strong data-start=\"2530\" data-end=\"2537\">FAQ<\/strong><\/span><\/h1>\n<p data-start=\"2539\" data-end=\"2727\"><strong data-start=\"2539\" data-end=\"2606\">Q1 : Quelle est la diff\u00e9rence entre les roulements de s\u00e9rie 222 et 223 ?<\/strong><br data-start=\"2606\" data-end=\"2609\" \/>R : La s\u00e9rie 223 a une capacit\u00e9 de charge plus \u00e9lev\u00e9e et est con\u00e7ue pour des applications plus lourdes par rapport \u00e0 la s\u00e9rie 222.<\/p>\n<p data-start=\"2729\" data-end=\"2883\"><strong data-start=\"2729\" data-end=\"2780\">Q2 : Le 22312 est-il adapt\u00e9 \u00e0 un usage industriel intensif ?<\/strong><br data-start=\"2780\" data-end=\"2783\" \/>R : Oui, il est sp\u00e9cifiquement con\u00e7u pour des conditions de charge extr\u00eames dans des industries comme l'exploitation mini\u00e8re et l'acier.<\/p>\n<p data-start=\"2885\" data-end=\"3022\"><strong data-start=\"2885\" data-end=\"2930\">Q3 : Ce roulement peut-il g\u00e9rer un d\u00e9salignement ?<\/strong><br data-start=\"2930\" data-end=\"2933\" \/>R : Oui, le design sph\u00e9rique permet un alignement automatique et r\u00e9duit le stress sur le syst\u00e8me.<\/p>","protected":false},"excerpt":{"rendered":"<p>Le <strong data-start=\"390\" data-end=\"424\">22312 Roulement \u00e0 rouleaux sph\u00e9riques<\/strong> est un roulement robuste \u00e0 double rang\u00e9e con\u00e7u pour supporter des charges radiales extr\u00eamement \u00e9lev\u00e9es et des charges axiales mod\u00e9r\u00e9es tout en compensant le d\u00e9salignement de l'arbre. Son design de chemin de roulement sph\u00e9rique permet un alignement automatique, garantissant des performances stables m\u00eame en cas de d\u00e9viation de l'arbre ou d'erreurs d'installation.<\/p>","protected":false},"featured_media":2536,"comment_status":"open","ping_status":"closed","template":"","meta":{"site-sidebar-layout":"default","site-content-layout":"","ast-site-content-layout":"default","site-content-style":"default","site-sidebar-style":"default","ast-global-header-display":"","ast-banner-title-visibility":"","ast-main-header-display":"","ast-hfb-above-header-display":"","ast-hfb-below-header-display":"","ast-hfb-mobile-header-display":"","site-post-title":"","ast-breadcrumbs-content":"","ast-featured-img":"","footer-sml-layout":"","ast-disable-related-posts":"","theme-transparent-header-meta":"default","adv-header-id-meta":"","stick-header-meta":"default","header-above-stick-meta":"","header-main-stick-meta":"","header-below-stick-meta":"","astra-migrate-meta-layouts":"set","ast-page-background-enabled":"default","ast-page-background-meta":{"desktop":{"background-color":"","background-image":"","background-repeat":"repeat","background-position":"center center","background-size":"auto","background-attachment":"scroll","background-type":"","background-media":"","overlay-type":"","overlay-color":"","overlay-opacity":"","overlay-gradient":""},"tablet":{"background-color":"","background-image":"","background-repeat":"repeat","background-position":"center center","background-size":"auto","background-attachment":"scroll","background-type":"","background-media":"","overlay-type":"","overlay-color":"","overlay-opacity":"","overlay-gradient":""},"mobile":{"background-color":"","background-image":"","background-repeat":"repeat","background-position":"center center","background-size":"auto","background-attachment":"scroll","background-type":"","background-media":"","overlay-type":"","overlay-color":"","overlay-opacity":"","overlay-gradient":""}},"ast-content-background-meta":{"desktop":{"background-color":"var(--ast-global-color-5)","background-image":"","background-repeat":"repeat","background-position":"center center","background-size":"auto","background-attachment":"scroll","background-type":"","background-media":"","overlay-type":"","overlay-color":"","overlay-opacity":"","overlay-gradient":""},"tablet":{"background-color":"var(--ast-global-color-5)","background-image":"","background-repeat":"repeat","background-position":"center center","background-size":"auto","background-attachment":"scroll","background-type":"","background-media":"","overlay-type":"","overlay-color":"","overlay-opacity":"","overlay-gradient":""},"mobile":{"background-color":"var(--ast-global-color-5)","background-image":"","background-repeat":"repeat","background-position":"center center","background-size":"auto","background-attachment":"scroll","background-type":"","background-media":"","overlay-type":"","overlay-color":"","overlay-opacity":"","overlay-gradient":""}}},"product_brand":[],"product_cat":[24],"product_tag":[221,209,78,151,45,119,72,219,153,150],"class_list":{"0":"post-2448","1":"product","2":"type-product","3":"status-publish","4":"has-post-thumbnail","6":"product_cat-spherical-roller-bearings","7":"product_tag-22312-bearing","8":"product_tag-conveyor-bearing","9":"product_tag-gearbox-bearing","10":"product_tag-heavy-load-bearing","11":"product_tag-industrial-bearing","12":"product_tag-mining-bearing","13":"product_tag-oem-bearing-supplier","14":"product_tag-self-aligning-roller-bearing","15":"product_tag-spherical-roller-bearing","16":"product_tag-steel-mill-bearing","17":"desktop-align-left","18":"tablet-align-left","19":"mobile-align-left","20":"ast-product-gallery-layout-horizontal-slider","21":"ast-product-gallery-with-no-image","22":"ast-product-tabs-layout-horizontal","24":"first","25":"instock","26":"shipping-taxable","27":"product-type-simple"},"_links":{"self":[{"href":"https:\/\/www.machinerybearings.com\/fr\/wp-json\/wp\/v2\/product\/2448","targetHints":{"allow":["GET"]}}],"collection":[{"href":"https:\/\/www.machinerybearings.com\/fr\/wp-json\/wp\/v2\/product"}],"about":[{"href":"https:\/\/www.machinerybearings.com\/fr\/wp-json\/wp\/v2\/types\/product"}],"replies":[{"embeddable":true,"href":"https:\/\/www.machinerybearings.com\/fr\/wp-json\/wp\/v2\/comments?post=2448"}],"wp:featuredmedia":[{"embeddable":true,"href":"https:\/\/www.machinerybearings.com\/fr\/wp-json\/wp\/v2\/media\/2536"}],"wp:attachment":[{"href":"https:\/\/www.machinerybearings.com\/fr\/wp-json\/wp\/v2\/media?parent=2448"}],"wp:term":[{"taxonomy":"product_brand","embeddable":true,"href":"https:\/\/www.machinerybearings.com\/fr\/wp-json\/wp\/v2\/product_brand?post=2448"},{"taxonomy":"product_cat","embeddable":true,"href":"https:\/\/www.machinerybearings.com\/fr\/wp-json\/wp\/v2\/product_cat?post=2448"},{"taxonomy":"product_tag","embeddable":true,"href":"https:\/\/www.machinerybearings.com\/fr\/wp-json\/wp\/v2\/product_tag?post=2448"}],"curies":[{"name":"wp","href":"https:\/\/api.w.org\/{rel}","templated":true}]}}