{"id":2452,"date":"2026-04-13T15:02:11","date_gmt":"2026-04-13T15:02:11","guid":{"rendered":"https:\/\/www.machinerybearings.com\/?post_type=product&#038;p=2452"},"modified":"2026-05-03T05:28:34","modified_gmt":"2026-05-03T05:28:34","slug":"vibrating-screen-bearing-for-heavy-duty-mining-and-industrial-equipment","status":"publish","type":"product","link":"https:\/\/www.machinerybearings.com\/fr\/produit\/vibrating-screen-bearing-for-heavy-duty-mining-and-industrial-equipment\/","title":{"rendered":"Roulement de crible vibrant pour \u00e9quipements miniers et industriels lourds"},"content":{"rendered":"<h3 data-section-id=\"1c8nfac\" data-start=\"214\" data-end=\"242\">Roulement de crible vibrant<\/h3>\n<p data-start=\"244\" data-end=\"430\">Les roulements de crible vibrant sont sp\u00e9cialement con\u00e7us pour des conditions de travail \u00e0 haute charge et \u00e0 haute vibration dans l'exploitation mini\u00e8re, l'extraction, le traitement des granulats et les \u00e9quipements de criblage industriels lourds.<\/p>\n<p data-start=\"432\" data-end=\"576\">Ils sont con\u00e7us pour maintenir des performances stables sous des charges d'impact continues, une forte vibration de rotation et des conditions de d\u00e9salignement s\u00e9v\u00e8res.<\/p>\n<p data-start=\"578\" data-end=\"790\">Compar\u00e9 aux roulements industriels standard, les roulements de crible vibrant offrent un renforcement interne plus fort, un jeu optimis\u00e9 et une r\u00e9sistance \u00e0 la fatigue am\u00e9lior\u00e9e pour garantir une longue dur\u00e9e de vie dans des environnements difficiles.<\/p>\n<h2 data-section-id=\"28z5ez\" data-start=\"797\" data-end=\"828\">\ud83d\udd37 Tableau des param\u00e8tres techniques<\/h2>\n<div class=\"TyagGW_tableContainer\">\n<div class=\"group TyagGW_tableWrapper flex flex-col-reverse w-fit\" tabindex=\"-1\">\n<table class=\"w-fit min-w-(--thread-content-width)\" data-start=\"830\" data-end=\"1415\">\n<thead data-start=\"830\" data-end=\"854\">\n<tr data-start=\"830\" data-end=\"854\">\n<th class=\"\" data-start=\"830\" data-end=\"837\" data-col-size=\"sm\">Article<\/th>\n<th class=\"\" data-start=\"837\" data-end=\"854\" data-col-size=\"md\">Sp\u00e9cification<\/th>\n<\/tr>\n<\/thead>\n<tbody data-start=\"879\" data-end=\"1415\">\n<tr data-start=\"879\" data-end=\"950\">\n<td data-start=\"879\" data-end=\"894\" data-col-size=\"sm\">Type de roulement<\/td>\n<td data-start=\"894\" data-end=\"950\" data-col-size=\"md\">Roulement \u00e0 rouleaux sph\u00e9riques \/ Roulement \u00e0 rouleaux lourds<\/td>\n<\/tr>\n<tr data-start=\"951\" data-end=\"997\">\n<td data-start=\"951\" data-end=\"963\" data-col-size=\"sm\">Type de charge<\/td>\n<td data-col-size=\"md\" data-start=\"963\" data-end=\"997\">Charge radiale \u00e9lev\u00e9e + charge d'impact<\/td>\n<\/tr>\n<tr data-start=\"998\" data-end=\"1056\">\n<td data-start=\"998\" data-end=\"1020\" data-col-size=\"sm\">Condition de fonctionnement<\/td>\n<td data-col-size=\"md\" data-start=\"1020\" data-end=\"1056\">Haute vibration, choc continu<\/td>\n<\/tr>\n<tr data-start=\"1057\" data-end=\"1103\">\n<td data-start=\"1057\" data-end=\"1068\" data-col-size=\"sm\">Mat\u00e9riau<\/td>\n<td data-start=\"1068\" data-end=\"1103\" data-col-size=\"md\">Acier \u00e0 roulement GCr15 \/ GCr15SiMn<\/td>\n<\/tr>\n<tr data-start=\"1104\" data-end=\"1154\">\n<td data-start=\"1104\" data-end=\"1116\" data-col-size=\"sm\">Type de cage<\/td>\n<td data-col-size=\"md\" data-start=\"1116\" data-end=\"1154\">Cage en acier \/ Cage en laiton (optionnel)<\/td>\n<\/tr>\n<tr data-start=\"1155\" data-end=\"1192\">\n<td data-start=\"1155\" data-end=\"1167\" data-col-size=\"sm\">Jeu<\/td>\n<td data-start=\"1167\" data-end=\"1192\" data-col-size=\"md\">C3 \/ C4 \/ C5 optionnel<\/td>\n<\/tr>\n<tr data-start=\"1193\" data-end=\"1236\">\n<td data-start=\"1193\" data-end=\"1207\" data-col-size=\"sm\">Lubrification<\/td>\n<td data-col-size=\"md\" data-start=\"1207\" data-end=\"1236\">Lubrification \u00e0 la graisse ou \u00e0 l'huile<\/td>\n<\/tr>\n<tr data-start=\"1237\" data-end=\"1300\">\n<td data-start=\"1237\" data-end=\"1257\" data-col-size=\"sm\">Plage de temp\u00e9rature<\/td>\n<td data-col-size=\"md\" data-start=\"1257\" data-end=\"1300\">-30\u00b0C \u00e0 200\u00b0C (d\u00e9pend du type de graisse)<\/td>\n<\/tr>\n<tr data-start=\"1301\" data-end=\"1355\">\n<td data-start=\"1301\" data-end=\"1318\" data-col-size=\"sm\">Option d'\u00e9tanch\u00e9it\u00e9<\/td>\n<td data-col-size=\"md\" data-start=\"1318\" data-end=\"1355\">Ouvert \/ Scell\u00e9 \/ Conception anti-poussi\u00e8re<\/td>\n<\/tr>\n<tr data-start=\"1356\" data-end=\"1415\">\n<td data-start=\"1356\" data-end=\"1382\" data-col-size=\"sm\">Capacit\u00e9 de d\u00e9salignement<\/td>\n<td data-col-size=\"md\" data-start=\"1382\" data-end=\"1415\">Haute capacit\u00e9 d'auto-alignement<\/td>\n<\/tr>\n<\/tbody>\n<\/table>\n<\/div>\n<\/div>\n<h2 data-section-id=\"1y8un7j\" data-start=\"1422\" data-end=\"1440\">\ud83d\udd37 Caract\u00e9ristiques cl\u00e9s<\/h2>\n<ul data-start=\"1442\" data-end=\"1785\">\n<li data-section-id=\"1u8enpv\" data-start=\"1442\" data-end=\"1496\">Con\u00e7u pour des environnements de vibration \u00e0 haute fr\u00e9quence<\/li>\n<li data-section-id=\"1kldcsm\" data-start=\"1497\" data-end=\"1553\">Excellente r\u00e9sistance aux chocs et aux charges radiales lourdes<\/li>\n<li data-section-id=\"y8b7hk\" data-start=\"1554\" data-end=\"1620\">Forte performance d'auto-alignement pour r\u00e9duire le stress d'installation<\/li>\n<li data-section-id=\"5rf9z8\" data-start=\"1621\" data-end=\"1673\">Dur\u00e9e de vie prolong\u00e9e en fonctionnement continu<\/li>\n<li data-section-id=\"1h13109\" data-start=\"1674\" data-end=\"1720\">Fr\u00e9quence de maintenance r\u00e9duite et temps d'arr\u00eat<\/li>\n<li data-section-id=\"ektqkh\" data-start=\"1721\" data-end=\"1785\">Adapt\u00e9 aux conditions de poussi\u00e8re, d'humidit\u00e9 et industrielles difficiles<\/li>\n<\/ul>\n<h2 data-section-id=\"1mxbwoh\" data-start=\"1792\" data-end=\"1815\">\ud83d\udd37 Domaines d'application<\/h2>\n<ul data-start=\"1817\" data-end=\"2024\">\n<li data-section-id=\"1bd7p6v\" data-start=\"1817\" data-end=\"1845\">\u00c9crans vibrants pour l'exploitation mini\u00e8re<\/li>\n<li data-section-id=\"15q8jif\" data-start=\"1846\" data-end=\"1885\">Usines de concassage et de criblage de pierres<\/li>\n<li data-section-id=\"14v4408\" data-start=\"1886\" data-end=\"1915\">\u00c9quipements de traitement du charbon<\/li>\n<li data-section-id=\"1tqmi6a\" data-start=\"1916\" data-end=\"1943\">Les lignes de production de ciment<\/li>\n<li data-section-id=\"ewy2ju\" data-start=\"1944\" data-end=\"1989\">Syst\u00e8mes de m\u00e9tallurgie et de traitement des min\u00e9raux<\/li>\n<li data-section-id=\"xfcvsg\" data-start=\"1990\" data-end=\"2024\">Machines de carri\u00e8re et d'agr\u00e9gats<\/li>\n<\/ul>\n<h2 data-section-id=\"1a1u7ke\" data-start=\"2031\" data-end=\"2059\">\ud83d\udd37 Avantages techniques<\/h2>\n<p data-start=\"2061\" data-end=\"2200\">L'\u00e9quipement de criblage vibrant cr\u00e9e un stress dynamique continu sur les roulements, ce qui entra\u00eene souvent une d\u00e9faillance pr\u00e9matur\u00e9e des types de roulements standard.<\/p>\n<p data-start=\"2202\" data-end=\"2266\">Ce produit est con\u00e7u pour r\u00e9soudre des probl\u00e8mes de d\u00e9faillance courants tels que :<\/p>\n<ul data-start=\"2268\" data-end=\"2409\">\n<li data-section-id=\"14i90g7\" data-start=\"2268\" data-end=\"2296\">Fissuration par fatigue de la voie<\/li>\n<li data-section-id=\"bk7bso\" data-start=\"2297\" data-end=\"2333\">D\u00e9formation de la cage sous vibration<\/li>\n<li data-section-id=\"2qwo8v\" data-start=\"2334\" data-end=\"2379\">Rupture de lubrification due \u00e0 l'accumulation de chaleur<\/li>\n<li data-section-id=\"ty5bi0\" data-start=\"2380\" data-end=\"2409\">Usure induite par un d\u00e9salignement<\/li>\n<\/ul>\n<p data-start=\"2411\" data-end=\"2532\">En optimisant la g\u00e9om\u00e9trie interne et la r\u00e9sistance des mat\u00e9riaux, la dur\u00e9e de vie est consid\u00e9rablement am\u00e9lior\u00e9e dans les applications lourdes.<\/p>\n<h2 data-section-id=\"bf9ua4\" data-start=\"2539\" data-end=\"2559\">\ud83d\udd37 Options personnalis\u00e9es<\/h2>\n<p data-start=\"2561\" data-end=\"2601\">Nous soutenons les solutions OEM et personnalis\u00e9es :<\/p>\n<ul data-start=\"2603\" data-end=\"2823\">\n<li data-section-id=\"12z25a6\" data-start=\"2603\" data-end=\"2645\">Personnalisation du diam\u00e8tre int\u00e9rieur et ext\u00e9rieur<\/li>\n<li data-section-id=\"11j4pt1\" data-start=\"2646\" data-end=\"2690\">S\u00e9lection du mat\u00e9riau de la cage (acier ou laiton)<\/li>\n<li data-section-id=\"rh4t0y\" data-start=\"2691\" data-end=\"2732\">Ajustement de la classe de jeu (C3\/C4\/C5)<\/li>\n<li data-section-id=\"wvf30s\" data-start=\"2733\" data-end=\"2780\">Traitement thermique sp\u00e9cial pour haute temp\u00e9rature<\/li>\n<li data-section-id=\"14r2iv5\" data-start=\"2781\" data-end=\"2823\">Conception de structure \u00e9tanche et anti-poussi\u00e8re<\/li>\n<\/ul>","protected":false},"excerpt":{"rendered":"<p data-start=\"244\" data-end=\"430\">Les roulements de crible vibrant sont sp\u00e9cialement con\u00e7us pour des conditions de travail \u00e0 haute charge et \u00e0 haute vibration dans l'exploitation mini\u00e8re, l'extraction, le traitement des granulats et les \u00e9quipements de criblage industriels lourds.<\/p>\n<p data-start=\"432\" data-end=\"576\">Ils sont con\u00e7us pour maintenir des performances stables sous des charges d'impact continues, une forte vibration de rotation et des conditions de d\u00e9salignement s\u00e9v\u00e8res.<\/p>","protected":false},"featured_media":2533,"comment_status":"open","ping_status":"closed","template":"","meta":{"site-sidebar-layout":"default","site-content-layout":"","ast-site-content-layout":"default","site-content-style":"default","site-sidebar-style":"default","ast-global-header-display":"","ast-banner-title-visibility":"","ast-main-header-display":"","ast-hfb-above-header-display":"","ast-hfb-below-header-display":"","ast-hfb-mobile-header-display":"","site-post-title":"","ast-breadcrumbs-content":"","ast-featured-img":"","footer-sml-layout":"","ast-disable-related-posts":"","theme-transparent-header-meta":"default","adv-header-id-meta":"","stick-header-meta":"default","header-above-stick-meta":"","header-main-stick-meta":"","header-below-stick-meta":"","astra-migrate-meta-layouts":"set","ast-page-background-enabled":"default","ast-page-background-meta":{"desktop":{"background-color":"","background-image":"","background-repeat":"repeat","background-position":"center center","background-size":"auto","background-attachment":"scroll","background-type":"","background-media":"","overlay-type":"","overlay-color":"","overlay-opacity":"","overlay-gradient":""},"tablet":{"background-color":"","background-image":"","background-repeat":"repeat","background-position":"center center","background-size":"auto","background-attachment":"scroll","background-type":"","background-media":"","overlay-type":"","overlay-color":"","overlay-opacity":"","overlay-gradient":""},"mobile":{"background-color":"","background-image":"","background-repeat":"repeat","background-position":"center center","background-size":"auto","background-attachment":"scroll","background-type":"","background-media":"","overlay-type":"","overlay-color":"","overlay-opacity":"","overlay-gradient":""}},"ast-content-background-meta":{"desktop":{"background-color":"var(--ast-global-color-5)","background-image":"","background-repeat":"repeat","background-position":"center center","background-size":"auto","background-attachment":"scroll","background-type":"","background-media":"","overlay-type":"","overlay-color":"","overlay-opacity":"","overlay-gradient":""},"tablet":{"background-color":"var(--ast-global-color-5)","background-image":"","background-repeat":"repeat","background-position":"center center","background-size":"auto","background-attachment":"scroll","background-type":"","background-media":"","overlay-type":"","overlay-color":"","overlay-opacity":"","overlay-gradient":""},"mobile":{"background-color":"var(--ast-global-color-5)","background-image":"","background-repeat":"repeat","background-position":"center center","background-size":"auto","background-attachment":"scroll","background-type":"","background-media":"","overlay-type":"","overlay-color":"","overlay-opacity":"","overlay-gradient":""}}},"product_brand":[],"product_cat":[24],"product_tag":[231,234,232,233,56,51,228,119,47,230,162,229,153,235,227],"class_list":{"0":"post-2452","1":"product","2":"type-product","3":"status-publish","4":"has-post-thumbnail","6":"product_cat-spherical-roller-bearings","7":"product_tag-aggregate-equipment-bearing","8":"product_tag-c4-clearance-bearing","9":"product_tag-cement-plant-bearing","10":"product_tag-gcr15-bearing","11":"product_tag-heavy-duty-bearing","12":"product_tag-high-load-bearing","13":"product_tag-industrial-roller-bearing","14":"product_tag-mining-bearing","15":"product_tag-oem-bearing-manufacturer","16":"product_tag-quarry-machine-bearing","17":"product_tag-self-aligning-bearing","18":"product_tag-shock-resistant-bearing","19":"product_tag-spherical-roller-bearing","20":"product_tag-vibrating-machinery-parts","21":"product_tag-vibrating-screen-bearing","22":"desktop-align-left","23":"tablet-align-left","24":"mobile-align-left","25":"ast-product-gallery-layout-horizontal-slider","26":"ast-product-gallery-with-no-image","27":"ast-product-tabs-layout-horizontal","29":"first","30":"instock","31":"shipping-taxable","32":"product-type-simple"},"_links":{"self":[{"href":"https:\/\/www.machinerybearings.com\/fr\/wp-json\/wp\/v2\/product\/2452","targetHints":{"allow":["GET"]}}],"collection":[{"href":"https:\/\/www.machinerybearings.com\/fr\/wp-json\/wp\/v2\/product"}],"about":[{"href":"https:\/\/www.machinerybearings.com\/fr\/wp-json\/wp\/v2\/types\/product"}],"replies":[{"embeddable":true,"href":"https:\/\/www.machinerybearings.com\/fr\/wp-json\/wp\/v2\/comments?post=2452"}],"wp:featuredmedia":[{"embeddable":true,"href":"https:\/\/www.machinerybearings.com\/fr\/wp-json\/wp\/v2\/media\/2533"}],"wp:attachment":[{"href":"https:\/\/www.machinerybearings.com\/fr\/wp-json\/wp\/v2\/media?parent=2452"}],"wp:term":[{"taxonomy":"product_brand","embeddable":true,"href":"https:\/\/www.machinerybearings.com\/fr\/wp-json\/wp\/v2\/product_brand?post=2452"},{"taxonomy":"product_cat","embeddable":true,"href":"https:\/\/www.machinerybearings.com\/fr\/wp-json\/wp\/v2\/product_cat?post=2452"},{"taxonomy":"product_tag","embeddable":true,"href":"https:\/\/www.machinerybearings.com\/fr\/wp-json\/wp\/v2\/product_tag?post=2452"}],"curies":[{"name":"wp","href":"https:\/\/api.w.org\/{rel}","templated":true}]}}