{"id":2458,"date":"2026-04-13T15:15:27","date_gmt":"2026-04-13T15:15:27","guid":{"rendered":"https:\/\/www.machinerybearings.com\/?post_type=product&#038;p=2458"},"modified":"2026-05-03T05:04:49","modified_gmt":"2026-05-03T05:04:49","slug":"32008-tapered-roller-bearing-for-automotive-and-industrial-load-applications","status":"publish","type":"product","link":"https:\/\/www.machinerybearings.com\/fr\/produit\/32008-tapered-roller-bearing-for-automotive-and-industrial-load-applications\/","title":{"rendered":"32008 Roulement \u00e0 rouleaux coniques pour applications de charges automobiles et industrielles"},"content":{"rendered":"<p data-start=\"111\" data-end=\"387\">Le roulement conique 32008 est con\u00e7u pour g\u00e9rer des charges radiales et axiales combin\u00e9es avec une grande efficacit\u00e9 et stabilit\u00e9. Sa g\u00e9om\u00e9trie de rouleau conique assure une transmission de charge fluide, une friction r\u00e9duite et des performances fiables dans des conditions de charge moyenne et de vitesse mod\u00e9r\u00e9e.<\/p>\n<p data-start=\"389\" data-end=\"560\">Ce roulement est largement utilis\u00e9 dans les syst\u00e8mes automobiles, les machines agricoles, les bo\u00eetes de vitesses et les \u00e9quipements industriels o\u00f9 une structure compacte et une grande capacit\u00e9 de charge sont requises.<\/p>\n<h3 data-section-id=\"sse2nj\" data-start=\"567\" data-end=\"591\">Param\u00e8tres techniques<\/h3>\n<div class=\"TyagGW_tableContainer\">\n<div class=\"group TyagGW_tableWrapper flex flex-col-reverse w-fit\" tabindex=\"-1\">\n<table class=\"w-fit min-w-(--thread-content-width)\" data-start=\"593\" data-end=\"1072\">\n<thead data-start=\"593\" data-end=\"617\">\n<tr data-start=\"593\" data-end=\"617\">\n<th class=\"\" data-start=\"593\" data-end=\"600\" data-col-size=\"sm\">Article<\/th>\n<th class=\"\" data-start=\"600\" data-end=\"617\" data-col-size=\"sm\">Sp\u00e9cification<\/th>\n<\/tr>\n<\/thead>\n<tbody data-start=\"642\" data-end=\"1072\">\n<tr data-start=\"642\" data-end=\"683\">\n<td data-start=\"642\" data-end=\"657\" data-col-size=\"sm\">Type de roulement<\/td>\n<td data-start=\"657\" data-end=\"683\" data-col-size=\"sm\">Roulement conique<\/td>\n<\/tr>\n<tr data-start=\"684\" data-end=\"701\">\n<td data-start=\"684\" data-end=\"692\" data-col-size=\"sm\">Mod\u00e8le<\/td>\n<td data-start=\"692\" data-end=\"701\" data-col-size=\"sm\">32008<\/td>\n<\/tr>\n<tr data-start=\"702\" data-end=\"732\">\n<td data-start=\"702\" data-end=\"723\" data-col-size=\"sm\">Diam\u00e8tre int\u00e9rieur (d)<\/td>\n<td data-start=\"723\" data-end=\"732\" data-col-size=\"sm\">40 mm<\/td>\n<\/tr>\n<tr data-start=\"733\" data-end=\"763\">\n<td data-start=\"733\" data-end=\"754\" data-col-size=\"sm\">Diam\u00e8tre ext\u00e9rieur (D)<\/td>\n<td data-start=\"754\" data-end=\"763\" data-col-size=\"sm\">68 mm<\/td>\n<\/tr>\n<tr data-start=\"764\" data-end=\"785\">\n<td data-start=\"764\" data-end=\"776\" data-col-size=\"sm\">Largeur (T)<\/td>\n<td data-start=\"776\" data-end=\"785\" data-col-size=\"sm\">19 mm<\/td>\n<\/tr>\n<tr data-start=\"786\" data-end=\"826\">\n<td data-start=\"786\" data-end=\"798\" data-col-size=\"sm\">Type de charge<\/td>\n<td data-start=\"798\" data-end=\"826\" data-col-size=\"sm\">Charge radiale + Charge axiale<\/td>\n<\/tr>\n<tr data-start=\"827\" data-end=\"857\">\n<td data-start=\"827\" data-end=\"843\" data-col-size=\"sm\">Mat\u00e9riau de la cage<\/td>\n<td data-start=\"843\" data-end=\"857\" data-col-size=\"sm\">Cage en acier<\/td>\n<\/tr>\n<tr data-start=\"858\" data-end=\"891\">\n<td data-start=\"858\" data-end=\"869\" data-col-size=\"sm\">Mat\u00e9riau<\/td>\n<td data-start=\"869\" data-end=\"891\" data-col-size=\"sm\">Acier au chrome GCr15<\/td>\n<\/tr>\n<tr data-start=\"892\" data-end=\"935\">\n<td data-start=\"892\" data-end=\"906\" data-col-size=\"sm\">Lubrification<\/td>\n<td data-start=\"906\" data-end=\"935\" data-col-size=\"sm\">Lubrification \u00e0 la graisse ou \u00e0 l'huile<\/td>\n<\/tr>\n<tr data-start=\"936\" data-end=\"985\">\n<td data-start=\"936\" data-end=\"948\" data-col-size=\"sm\">Structure<\/td>\n<td data-start=\"948\" data-end=\"985\" data-col-size=\"sm\">Roulement conique \u00e0 une rang\u00e9e<\/td>\n<\/tr>\n<tr data-start=\"986\" data-end=\"1033\">\n<td data-start=\"986\" data-end=\"1004\" data-col-size=\"sm\">Vitesse de fonctionnement<\/td>\n<td data-start=\"1004\" data-end=\"1033\" data-col-size=\"sm\">Applications \u00e0 vitesse moyenne<\/td>\n<\/tr>\n<tr data-start=\"1034\" data-end=\"1072\">\n<td data-start=\"1034\" data-end=\"1054\" data-col-size=\"sm\">Plage de temp\u00e9rature<\/td>\n<td data-start=\"1054\" data-end=\"1072\" data-col-size=\"sm\">-30\u00b0C \u00e0 150\u00b0C<\/td>\n<\/tr>\n<\/tbody>\n<\/table>\n<\/div>\n<\/div>\n<h3 data-section-id=\"1iz91iu\" data-start=\"1079\" data-end=\"1095\">Caract\u00e9ristiques cl\u00e9s<\/h3>\n<ul data-start=\"1097\" data-end=\"1388\">\n<li data-section-id=\"1vl001\" data-start=\"1097\" data-end=\"1141\">Supporte des charges radiales et axiales combin\u00e9es<\/li>\n<li data-section-id=\"1srodc3\" data-start=\"1142\" data-end=\"1184\">Conception compacte avec une grande capacit\u00e9 de charge<\/li>\n<li data-section-id=\"93gu7o\" data-start=\"1185\" data-end=\"1241\">Fonctionnement stable dans des conditions de travail continues<\/li>\n<li data-section-id=\"fmcfrv\" data-start=\"1242\" data-end=\"1282\">Frottement et g\u00e9n\u00e9ration de chaleur r\u00e9duits<\/li>\n<li data-section-id=\"77ge0v\" data-start=\"1283\" data-end=\"1331\">Longue dur\u00e9e de vie dans des environnements industriels<\/li>\n<li data-section-id=\"1fuex6u\" data-start=\"1332\" data-end=\"1388\">Convient aux conditions de choc et de vibrations mod\u00e9r\u00e9es<\/li>\n<\/ul>\n<h3 data-section-id=\"wggvqn\" data-start=\"1395\" data-end=\"1411\">Applications<\/h3>\n<ul data-start=\"1413\" data-end=\"1640\">\n<li data-section-id=\"16jv93o\" data-start=\"1413\" data-end=\"1438\">Moyeux de roues automobiles<\/li>\n<li data-section-id=\"15oirsh\" data-start=\"1439\" data-end=\"1477\">Bo\u00eetes de vitesses et syst\u00e8mes de transmission<\/li>\n<li data-section-id=\"1n6ynun\" data-start=\"1478\" data-end=\"1504\">Machines agricoles<\/li>\n<li data-section-id=\"16fhp27\" data-start=\"1505\" data-end=\"1531\">\u00c9quipements de construction<\/li>\n<li data-section-id=\"gcuaph\" data-start=\"1532\" data-end=\"1560\">Syst\u00e8mes d'entra\u00eenement industriels<\/li>\n<li data-section-id=\"4ay2tg\" data-start=\"1561\" data-end=\"1603\">Syst\u00e8mes de convoyage et de manutention de mat\u00e9riaux<\/li>\n<li data-section-id=\"a5j0us\" data-start=\"1604\" data-end=\"1640\">Machines mini\u00e8res l\u00e9g\u00e8res \u00e0 moyennes<\/li>\n<\/ul>\n<h3 data-section-id=\"gqbmdj\" data-start=\"1647\" data-end=\"1673\">Avantages techniques<\/h3>\n<p data-start=\"1675\" data-end=\"1844\">Le roulement conique 32008 fournit une distribution de charge efficace gr\u00e2ce \u00e0 ses \u00e9l\u00e9ments roulants en forme de c\u00f4ne, r\u00e9duisant le stress de bord et am\u00e9liorant la stabilit\u00e9 op\u00e9rationnelle.<\/p>\n<p data-start=\"1846\" data-end=\"1975\">Sa structure am\u00e9liore la r\u00e9sistance \u00e0 la fatigue et assure des performances fiables dans des applications avec des forces axiales et radiales combin\u00e9es.<\/p>\n<h3 data-section-id=\"ex11qd\" data-start=\"1982\" data-end=\"2000\">Options personnalis\u00e9es<\/h3>\n<ul data-start=\"2002\" data-end=\"2206\">\n<li data-section-id=\"1x00fvb\" data-start=\"2002\" data-end=\"2052\">Ajustement du jeu interne (C3\/C4 en option)<\/li>\n<li data-section-id=\"11j4pt1\" data-start=\"2053\" data-end=\"2097\">S\u00e9lection du mat\u00e9riau de la cage (acier ou laiton)<\/li>\n<li data-section-id=\"1icjogp\" data-start=\"2098\" data-end=\"2131\">Options de conception ouverte ou scell\u00e9e<\/li>\n<li data-section-id=\"1jq34of\" data-start=\"2132\" data-end=\"2167\">Remplissage de graisse haute temp\u00e9rature<\/li>\n<li data-section-id=\"1mlx5yn\" data-start=\"2168\" data-end=\"2206\">Support de marque et d'emballage OEM<\/li>\n<\/ul>","protected":false},"excerpt":{"rendered":"<p>Le roulement conique 32008 est con\u00e7u pour g\u00e9rer des charges radiales et axiales combin\u00e9es avec une grande efficacit\u00e9 et stabilit\u00e9. Sa g\u00e9om\u00e9trie de rouleau conique assure une transmission de charge fluide, une friction r\u00e9duite et des performances fiables dans des conditions de charge moyenne et de vitesse mod\u00e9r\u00e9e.<\/p>","protected":false},"featured_media":2524,"comment_status":"open","ping_status":"closed","template":"","meta":{"site-sidebar-layout":"default","site-content-layout":"","ast-site-content-layout":"default","site-content-style":"default","site-sidebar-style":"default","ast-global-header-display":"","ast-banner-title-visibility":"","ast-main-header-display":"","ast-hfb-above-header-display":"","ast-hfb-below-header-display":"","ast-hfb-mobile-header-display":"","site-post-title":"","ast-breadcrumbs-content":"","ast-featured-img":"","footer-sml-layout":"","ast-disable-related-posts":"","theme-transparent-header-meta":"default","adv-header-id-meta":"","stick-header-meta":"default","header-above-stick-meta":"","header-main-stick-meta":"","header-below-stick-meta":"","astra-migrate-meta-layouts":"set","ast-page-background-enabled":"default","ast-page-background-meta":{"desktop":{"background-color":"","background-image":"","background-repeat":"repeat","background-position":"center center","background-size":"auto","background-attachment":"scroll","background-type":"","background-media":"","overlay-type":"","overlay-color":"","overlay-opacity":"","overlay-gradient":""},"tablet":{"background-color":"","background-image":"","background-repeat":"repeat","background-position":"center center","background-size":"auto","background-attachment":"scroll","background-type":"","background-media":"","overlay-type":"","overlay-color":"","overlay-opacity":"","overlay-gradient":""},"mobile":{"background-color":"","background-image":"","background-repeat":"repeat","background-position":"center center","background-size":"auto","background-attachment":"scroll","background-type":"","background-media":"","overlay-type":"","overlay-color":"","overlay-opacity":"","overlay-gradient":""}},"ast-content-background-meta":{"desktop":{"background-color":"var(--ast-global-color-5)","background-image":"","background-repeat":"repeat","background-position":"center center","background-size":"auto","background-attachment":"scroll","background-type":"","background-media":"","overlay-type":"","overlay-color":"","overlay-opacity":"","overlay-gradient":""},"tablet":{"background-color":"var(--ast-global-color-5)","background-image":"","background-repeat":"repeat","background-position":"center center","background-size":"auto","background-attachment":"scroll","background-type":"","background-media":"","overlay-type":"","overlay-color":"","overlay-opacity":"","overlay-gradient":""},"mobile":{"background-color":"var(--ast-global-color-5)","background-image":"","background-repeat":"repeat","background-position":"center center","background-size":"auto","background-attachment":"scroll","background-type":"","background-media":"","overlay-type":"","overlay-color":"","overlay-opacity":"","overlay-gradient":""}}},"product_brand":[],"product_cat":[23],"product_tag":[245,237,240,233,78,56,45,47,239,241,154,242,238],"class_list":{"0":"post-2458","1":"product","2":"type-product","3":"status-publish","4":"has-post-thumbnail","6":"product_cat-tapered-roller-bearings","7":"product_tag-32008-bearing","8":"product_tag-automotive-bearing","9":"product_tag-chrome-steel-bearing","10":"product_tag-gcr15-bearing","11":"product_tag-gearbox-bearing","12":"product_tag-heavy-duty-bearing","13":"product_tag-industrial-bearing","14":"product_tag-oem-bearing-manufacturer","15":"product_tag-radial-axial-bearing","16":"product_tag-single-row-roller-bearing","17":"product_tag-tapered-roller-bearing","18":"product_tag-transmission-bearing","19":"product_tag-wheel-hub-bearing","20":"desktop-align-left","21":"tablet-align-left","22":"mobile-align-left","23":"ast-product-gallery-layout-horizontal-slider","24":"ast-product-gallery-with-no-image","25":"ast-product-tabs-layout-horizontal","27":"first","28":"instock","29":"shipping-taxable","30":"product-type-simple"},"_links":{"self":[{"href":"https:\/\/www.machinerybearings.com\/fr\/wp-json\/wp\/v2\/product\/2458","targetHints":{"allow":["GET"]}}],"collection":[{"href":"https:\/\/www.machinerybearings.com\/fr\/wp-json\/wp\/v2\/product"}],"about":[{"href":"https:\/\/www.machinerybearings.com\/fr\/wp-json\/wp\/v2\/types\/product"}],"replies":[{"embeddable":true,"href":"https:\/\/www.machinerybearings.com\/fr\/wp-json\/wp\/v2\/comments?post=2458"}],"wp:featuredmedia":[{"embeddable":true,"href":"https:\/\/www.machinerybearings.com\/fr\/wp-json\/wp\/v2\/media\/2524"}],"wp:attachment":[{"href":"https:\/\/www.machinerybearings.com\/fr\/wp-json\/wp\/v2\/media?parent=2458"}],"wp:term":[{"taxonomy":"product_brand","embeddable":true,"href":"https:\/\/www.machinerybearings.com\/fr\/wp-json\/wp\/v2\/product_brand?post=2458"},{"taxonomy":"product_cat","embeddable":true,"href":"https:\/\/www.machinerybearings.com\/fr\/wp-json\/wp\/v2\/product_cat?post=2458"},{"taxonomy":"product_tag","embeddable":true,"href":"https:\/\/www.machinerybearings.com\/fr\/wp-json\/wp\/v2\/product_tag?post=2458"}],"curies":[{"name":"wp","href":"https:\/\/api.w.org\/{rel}","templated":true}]}}