{"id":2367,"date":"2026-04-11T15:40:24","date_gmt":"2026-04-11T15:40:24","guid":{"rendered":"https:\/\/www.machinerybearings.com\/?post_type=product&#038;p=2367"},"modified":"2026-05-03T14:23:30","modified_gmt":"2026-05-03T14:23:30","slug":"608-deep-groove-ball-bearing-high-speed-miniature-bearing-for-motors-industrial-applications","status":"publish","type":"product","link":"https:\/\/www.machinerybearings.com\/hu\/termek\/608-deep-groove-ball-bearing-high-speed-miniature-bearing-for-motors-industrial-applications\/","title":{"rendered":"608 M\u00e9lyhorny\u00fa g\u00f6mbcsap\u00e1gy \u2013 Nagy sebess\u00e9g\u0171 mini csap\u00e1gy motorokhoz \u00e9s ipari alkalmaz\u00e1sokhoz"},"content":{"rendered":"<p data-start=\"396\" data-end=\"672\">The <strong data-start=\"400\" data-end=\"432\">608 Deep Groove Ball Bearing<\/strong> is a high-performance miniature bearing designed for smooth operation, low noise, and long service life. Featuring deep raceway grooves and precision steel balls, it can support both radial loads and limited axial loads in both directions.<\/p>\n<p data-start=\"674\" data-end=\"1027\">Manufactured from premium chrome steel, with optional stainless steel and ceramic materials, the 608 bearing ensures excellent durability, corrosion resistance, and high-speed performance. It is available in multiple configurations, including open type, metal shield (ZZ), and rubber sealed (2RS), allowing it to adapt to different working environments.<\/p>\n<p data-start=\"1029\" data-end=\"1207\">Thanks to its compact size and reliable performance, the 608 bearing is widely used in electric motors, automation equipment, household appliances, and various precision devices.<\/p>\n<h1 data-section-id=\"8av2ty\" data-start=\"1214\" data-end=\"1232\"><span role=\"text\"><strong data-start=\"1216\" data-end=\"1232\">F\u0151bb jellemz\u0151k<\/strong><\/span><\/h1>\n<ul data-start=\"1234\" data-end=\"1524\">\n<li data-section-id=\"nteuqw\" data-start=\"1234\" data-end=\"1277\">High-speed capability with low friction<\/li>\n<li data-section-id=\"swonxr\" data-start=\"1278\" data-end=\"1315\">Compact and lightweight structure<\/li>\n<li data-section-id=\"6rb5ny\" data-start=\"1316\" data-end=\"1359\">Multiple sealing options: Open, ZZ, 2RS<\/li>\n<li data-section-id=\"1teidfj\" data-start=\"1360\" data-end=\"1393\">Low noise and smooth rotation<\/li>\n<li data-section-id=\"1wga4vx\" data-start=\"1394\" data-end=\"1435\">Long service life and high durability<\/li>\n<li data-section-id=\"1799fsu\" data-start=\"1436\" data-end=\"1487\">Opcion\u00e1lis anyagok: rozsdamentes ac\u00e9l \u00e9s ker\u00e1mia<\/li>\n<li data-section-id=\"15114ml\" data-start=\"1488\" data-end=\"1524\">OEM \u00e9s nagykereskedelmi ell\u00e1t\u00e1sra alkalmas<\/li>\n<\/ul>\n<h1 data-section-id=\"10k15yz\" data-start=\"1531\" data-end=\"1561\"><span role=\"text\"><strong data-start=\"1533\" data-end=\"1561\">M\u0171szaki adatok<\/strong><\/span><\/h1>\n<div class=\"TyagGW_tableContainer\">\n<div class=\"group TyagGW_tableWrapper flex flex-col-reverse w-fit\" tabindex=\"-1\">\n<table class=\"w-fit min-w-(--thread-content-width)\" data-start=\"1563\" data-end=\"1957\">\n<thead data-start=\"1563\" data-end=\"1584\">\n<tr data-start=\"1563\" data-end=\"1584\">\n<th class=\"\" data-start=\"1563\" data-end=\"1575\" data-col-size=\"sm\">Param\u00e9ter<\/th>\n<th class=\"\" data-start=\"1575\" data-end=\"1584\" data-col-size=\"sm\">\u00c9rt\u00e9k<\/th>\n<\/tr>\n<\/thead>\n<tbody data-start=\"1605\" data-end=\"1957\">\n<tr data-start=\"1605\" data-end=\"1628\">\n<td data-start=\"1605\" data-end=\"1621\" data-col-size=\"sm\">Csap\u00e1gy modell<\/td>\n<td data-col-size=\"sm\" data-start=\"1621\" data-end=\"1628\">608<\/td>\n<\/tr>\n<tr data-start=\"1629\" data-end=\"1658\">\n<td data-start=\"1629\" data-end=\"1650\" data-col-size=\"sm\">Bels\u0151 \u00e1tm\u00e9r\u0151 (d)<\/td>\n<td data-col-size=\"sm\" data-start=\"1650\" data-end=\"1658\">8 mm<\/td>\n<\/tr>\n<tr data-start=\"1659\" data-end=\"1689\">\n<td data-start=\"1659\" data-end=\"1680\" data-col-size=\"sm\">K\u00fcls\u0151 \u00e1tm\u00e9r\u0151 (D)<\/td>\n<td data-col-size=\"sm\" data-start=\"1680\" data-end=\"1689\">22 mm<\/td>\n<\/tr>\n<tr data-start=\"1690\" data-end=\"1710\">\n<td data-start=\"1690\" data-end=\"1702\" data-col-size=\"sm\">Sz\u00e9less\u00e9g (B)<\/td>\n<td data-start=\"1702\" data-end=\"1710\" data-col-size=\"sm\">7 mm<\/td>\n<\/tr>\n<tr data-start=\"1711\" data-end=\"1766\">\n<td data-start=\"1711\" data-end=\"1722\" data-col-size=\"sm\">Anyag<\/td>\n<td data-start=\"1722\" data-end=\"1766\" data-col-size=\"sm\">Kr\u00f3mac\u00e9l \/ Rozsdamentes ac\u00e9l \/ Ker\u00e1mia<\/td>\n<\/tr>\n<tr data-start=\"1767\" data-end=\"1800\">\n<td data-start=\"1767\" data-end=\"1783\" data-col-size=\"sm\">Kos\u00e1r anyaga<\/td>\n<td data-col-size=\"sm\" data-start=\"1783\" data-end=\"1800\">Ac\u00e9l \/ Nylon<\/td>\n<\/tr>\n<tr data-start=\"1801\" data-end=\"1835\">\n<td data-start=\"1801\" data-end=\"1816\" data-col-size=\"sm\">T\u00f6m\u00edt\u00e9si t\u00edpus<\/td>\n<td data-col-size=\"sm\" data-start=\"1816\" data-end=\"1835\">Nyitott \/ ZZ \/ 2RS<\/td>\n<\/tr>\n<tr data-start=\"1836\" data-end=\"1883\">\n<td data-start=\"1836\" data-end=\"1855\" data-col-size=\"sm\">Pontoss\u00e1gi oszt\u00e1ly<\/td>\n<td data-col-size=\"sm\" data-start=\"1855\" data-end=\"1883\">ABEC-1 \/ ABEC-3 \/ ABEC-5<\/td>\n<\/tr>\n<tr data-start=\"1884\" data-end=\"1914\">\n<td data-start=\"1884\" data-end=\"1898\" data-col-size=\"sm\">Ken\u00e9s<\/td>\n<td data-start=\"1898\" data-end=\"1914\" data-col-size=\"sm\">Zs\u00edr \/ Olaj<\/td>\n<\/tr>\n<tr data-start=\"1915\" data-end=\"1957\">\n<td data-start=\"1915\" data-end=\"1939\" data-col-size=\"sm\">M\u0171k\u00f6d\u00e9si h\u0151m\u00e9rs\u00e9klet<\/td>\n<td data-start=\"1939\" data-end=\"1957\" data-col-size=\"sm\">-20\u00b0C-t\u00f3l 120\u00b0C-ig<\/td>\n<\/tr>\n<\/tbody>\n<\/table>\n<\/div>\n<\/div>\n<h1 data-section-id=\"1p00fbj\" data-start=\"1964\" data-end=\"1982\"><span role=\"text\"><strong data-start=\"1966\" data-end=\"1982\">Alkalmaz\u00e1sok<\/strong><\/span><\/h1>\n<p data-start=\"1984\" data-end=\"2035\">The 608 deep groove ball bearing is widely used in:<\/p>\n<ul data-start=\"2037\" data-end=\"2257\">\n<li data-section-id=\"zp4m4p\" data-start=\"2037\" data-end=\"2076\">Electric motors and small machinery<\/li>\n<li data-section-id=\"i5nd0z\" data-start=\"2077\" data-end=\"2110\">Skateboards and roller skates<\/li>\n<li data-section-id=\"v0rl60\" data-start=\"2111\" data-end=\"2169\">Household appliances such as fans and washing machines<\/li>\n<li data-section-id=\"xoxbuq\" data-start=\"2170\" data-end=\"2210\">Power tools and automation equipment<\/li>\n<li data-section-id=\"176s2ln\" data-start=\"2211\" data-end=\"2231\">Sz\u00e1ll\u00edt\u00f3szalag rendszerek<\/li>\n<li data-section-id=\"1tqjc7s\" data-start=\"2232\" data-end=\"2257\">Prec\u00edzi\u00f3s m\u0171szerek<\/li>\n<\/ul>\n<h1 data-section-id=\"zdmnob\" data-start=\"2264\" data-end=\"2283\"><span role=\"text\"><strong data-start=\"2266\" data-end=\"2283\">Mi\u00e9rt v\u00e1lasszon minket<\/strong><\/span><\/h1>\n<ul data-start=\"2285\" data-end=\"2507\">\n<li data-section-id=\"cgme99\" data-start=\"2285\" data-end=\"2334\">Direct factory supply with consistent quality<\/li>\n<li data-section-id=\"w8c53i\" data-start=\"2335\" data-end=\"2379\">OEM \u00e9s testreszab\u00e1si szolg\u00e1ltat\u00e1sok el\u00e9rhet\u0151k<\/li>\n<li data-section-id=\"18yrkc1\" data-start=\"2380\" data-end=\"2419\">Versenyk\u00e9pes \u00e1rak nagyobb megrendel\u00e9sek eset\u00e9n<\/li>\n<li data-section-id=\"tuyq12\" data-start=\"2420\" data-end=\"2457\">Gyors sz\u00e1ll\u00edt\u00e1s \u00e9s glob\u00e1lis sz\u00e1ll\u00edt\u00e1s<\/li>\n<li data-section-id=\"zhb6f\" data-start=\"2458\" data-end=\"2507\">Strict quality control and inspection process<\/li>\n<\/ul>\n<h1 data-section-id=\"1iusff4\" data-start=\"2514\" data-end=\"2523\"><span role=\"text\"><strong data-start=\"2516\" data-end=\"2523\">GYIK<\/strong><\/span><\/h1>\n<p data-start=\"2525\" data-end=\"2732\"><strong data-start=\"2525\" data-end=\"2583\">Q1: What is the difference between 608-ZZ and 608-2RS?<\/strong><br data-start=\"2583\" data-end=\"2586\" \/>A: 608-ZZ uses metal shields for lower friction and higher speed, while 608-2RS uses rubber seals for better protection against dust and moisture.<\/p>\n<p data-start=\"2734\" data-end=\"2903\"><strong data-start=\"2734\" data-end=\"2776\">Q2: Do you offer ceramic 608 bearings?<\/strong><br data-start=\"2776\" data-end=\"2779\" \/>A: Yes, both full ceramic and hybrid ceramic 608 bearings are available for high-speed and corrosion-resistant applications.<\/p>\n<p data-start=\"2905\" data-end=\"3064\"><strong data-start=\"2905\" data-end=\"2949\">Q3: Can you support OEM and bulk orders?<\/strong><br data-start=\"2949\" data-end=\"2952\" \/>A: Yes, we provide OEM services including customized materials, packaging, and branding for large-volume orders.<\/p>","protected":false},"excerpt":{"rendered":"<p>The <strong data-start=\"400\" data-end=\"432\">608 Deep Groove Ball Bearing<\/strong> is a high-performance miniature bearing designed for smooth operation, low noise, and long service life. Featuring deep raceway grooves and precision steel balls, it can support both radial loads and limited axial loads in both directions.<\/p>","protected":false},"featured_media":2573,"comment_status":"open","ping_status":"closed","template":"","meta":{"site-sidebar-layout":"default","site-content-layout":"","ast-site-content-layout":"default","site-content-style":"default","site-sidebar-style":"default","ast-global-header-display":"","ast-banner-title-visibility":"","ast-main-header-display":"","ast-hfb-above-header-display":"","ast-hfb-below-header-display":"","ast-hfb-mobile-header-display":"","site-post-title":"","ast-breadcrumbs-content":"","ast-featured-img":"","footer-sml-layout":"","ast-disable-related-posts":"","theme-transparent-header-meta":"default","adv-header-id-meta":"","stick-header-meta":"default","header-above-stick-meta":"","header-main-stick-meta":"","header-below-stick-meta":"","astra-migrate-meta-layouts":"set","ast-page-background-enabled":"default","ast-page-background-meta":{"desktop":{"background-color":"","background-image":"","background-repeat":"repeat","background-position":"center center","background-size":"auto","background-attachment":"scroll","background-type":"","background-media":"","overlay-type":"","overlay-color":"","overlay-opacity":"","overlay-gradient":""},"tablet":{"background-color":"","background-image":"","background-repeat":"repeat","background-position":"center center","background-size":"auto","background-attachment":"scroll","background-type":"","background-media":"","overlay-type":"","overlay-color":"","overlay-opacity":"","overlay-gradient":""},"mobile":{"background-color":"","background-image":"","background-repeat":"repeat","background-position":"center center","background-size":"auto","background-attachment":"scroll","background-type":"","background-media":"","overlay-type":"","overlay-color":"","overlay-opacity":"","overlay-gradient":""}},"ast-content-background-meta":{"desktop":{"background-color":"var(--ast-global-color-5)","background-image":"","background-repeat":"repeat","background-position":"center center","background-size":"auto","background-attachment":"scroll","background-type":"","background-media":"","overlay-type":"","overlay-color":"","overlay-opacity":"","overlay-gradient":""},"tablet":{"background-color":"var(--ast-global-color-5)","background-image":"","background-repeat":"repeat","background-position":"center center","background-size":"auto","background-attachment":"scroll","background-type":"","background-media":"","overlay-type":"","overlay-color":"","overlay-opacity":"","overlay-gradient":""},"mobile":{"background-color":"var(--ast-global-color-5)","background-image":"","background-repeat":"repeat","background-position":"center center","background-size":"auto","background-attachment":"scroll","background-type":"","background-media":"","overlay-type":"","overlay-color":"","overlay-opacity":"","overlay-gradient":""}}},"product_brand":[],"product_cat":[15],"product_tag":[36,32,35,41,40,33,39,34,38,37],"class_list":{"0":"post-2367","1":"product","2":"type-product","3":"status-publish","4":"has-post-thumbnail","6":"product_cat-deep-groove-ball-bearings","7":"product_tag-608-2rs-bearing","8":"product_tag-608-bearing","9":"product_tag-608-zz-bearing","10":"product_tag-bearing-manufacturer","11":"product_tag-ceramic-bearing","12":"product_tag-deep-groove-ball-bearing","13":"product_tag-high-speed-bearing","14":"product_tag-miniature-bearing","15":"product_tag-motor-bearing","16":"product_tag-small-ball-bearing","17":"desktop-align-left","18":"tablet-align-left","19":"mobile-align-left","20":"ast-product-gallery-layout-horizontal-slider","21":"ast-product-gallery-with-no-image","22":"ast-product-tabs-layout-horizontal","24":"first","25":"instock","26":"shipping-taxable","27":"product-type-simple"},"_links":{"self":[{"href":"https:\/\/www.machinerybearings.com\/hu\/wp-json\/wp\/v2\/product\/2367","targetHints":{"allow":["GET"]}}],"collection":[{"href":"https:\/\/www.machinerybearings.com\/hu\/wp-json\/wp\/v2\/product"}],"about":[{"href":"https:\/\/www.machinerybearings.com\/hu\/wp-json\/wp\/v2\/types\/product"}],"replies":[{"embeddable":true,"href":"https:\/\/www.machinerybearings.com\/hu\/wp-json\/wp\/v2\/comments?post=2367"}],"wp:featuredmedia":[{"embeddable":true,"href":"https:\/\/www.machinerybearings.com\/hu\/wp-json\/wp\/v2\/media\/2573"}],"wp:attachment":[{"href":"https:\/\/www.machinerybearings.com\/hu\/wp-json\/wp\/v2\/media?parent=2367"}],"wp:term":[{"taxonomy":"product_brand","embeddable":true,"href":"https:\/\/www.machinerybearings.com\/hu\/wp-json\/wp\/v2\/product_brand?post=2367"},{"taxonomy":"product_cat","embeddable":true,"href":"https:\/\/www.machinerybearings.com\/hu\/wp-json\/wp\/v2\/product_cat?post=2367"},{"taxonomy":"product_tag","embeddable":true,"href":"https:\/\/www.machinerybearings.com\/hu\/wp-json\/wp\/v2\/product_tag?post=2367"}],"curies":[{"name":"wp","href":"https:\/\/api.w.org\/{rel}","templated":true}]}}