{"id":2369,"date":"2026-04-11T15:49:21","date_gmt":"2026-04-11T15:49:21","guid":{"rendered":"https:\/\/www.machinerybearings.com\/?post_type=product&#038;p=2369"},"modified":"2026-05-03T14:26:38","modified_gmt":"2026-05-03T14:26:38","slug":"6205-deep-groove-ball-bearing-high-load-high-speed-bearing-for-motors-pumps-industrial-equipment","status":"publish","type":"product","link":"https:\/\/www.machinerybearings.com\/hu\/termek\/6205-deep-groove-ball-bearing-high-load-high-speed-bearing-for-motors-pumps-industrial-equipment\/","title":{"rendered":"6205 M\u00e9lyhorny\u00fa goly\u00f3scsap\u00e1gy \u2013 Nagy terhel\u00e9s\u0171, nagy sebess\u00e9g\u0171 csap\u00e1gy motorokhoz, szivatty\u00fakhoz \u00e9s ipari berendez\u00e9sekhez"},"content":{"rendered":"<p data-start=\"407\" data-end=\"705\">The <strong data-start=\"411\" data-end=\"444\">6205 M\u00e9lyhorny\u00fa goly\u00f3scsap\u00e1gy<\/strong> egy sz\u00e9les k\u00f6rben haszn\u00e1lt \u00e9s sokoldal\u00fa csap\u00e1gy, amelyet nagy terhelhet\u0151s\u00e9g, sima forg\u00e1s \u00e9s hossz\u00fa \u00e9lettartam jellemez. M\u00e9ly fut\u00f3fel\u00fcletekkel \u00e9s prec\u00edz ac\u00e9lgoly\u00f3kkal rendelkezik, k\u00e9pes mind radi\u00e1lis, mind m\u00e9rs\u00e9kelt axi\u00e1lis terhel\u00e9sek t\u00e1mogat\u00e1s\u00e1ra mindk\u00e9t ir\u00e1nyban.<\/p>\n<p data-start=\"707\" data-end=\"1070\">Pr\u00e9mium min\u0151s\u00e9g\u0171 kr\u00f3m ac\u00e9lb\u00f3l k\u00e9sz\u00fclt, \u00e9s rozsdamentes ac\u00e9l \u00e9s ker\u00e1mia opci\u00f3kban el\u00e9rhet\u0151, a 6205 csap\u00e1gy kiv\u00e1l\u00f3 szil\u00e1rds\u00e1got, kop\u00e1s\u00e1ll\u00f3s\u00e1got \u00e9s korr\u00f3zi\u00f3v\u00e9delmet k\u00edn\u00e1l. T\u00f6bb konfigur\u00e1ci\u00f3ban el\u00e9rhet\u0151, bele\u00e9rtve a nyitott t\u00edpust, f\u00e9m pajzsot (ZZ) \u00e9s gumit\u00f6m\u00edt\u00e9st (2RS), biztos\u00edtva a megb\u00edzhat\u00f3 teljes\u00edtm\u00e9nyt k\u00fcl\u00f6nb\u00f6z\u0151 \u00fczemeltet\u00e9si k\u00f6r\u00fclm\u00e9nyek k\u00f6z\u00f6tt.<\/p>\n<p data-start=\"1072\" data-end=\"1239\">Robusztus szerkezet\u00e9vel \u00e9s nagy sebess\u00e9g\u0171 k\u00e9pess\u00e9g\u00e9vel a 6205 csap\u00e1gy ide\u00e1lis elektromos motorokhoz, szivatty\u00fakhoz, mez\u0151gazdas\u00e1gi g\u00e9pekhez \u00e9s ipari hajt\u00e1srendszerekhez.<\/p>\n<h1 data-section-id=\"8av2ty\" data-start=\"1246\" data-end=\"1264\"><span role=\"text\"><strong data-start=\"1248\" data-end=\"1264\">F\u0151bb jellemz\u0151k<\/strong><\/span><\/h1>\n<ul data-start=\"1266\" data-end=\"1590\">\n<li data-section-id=\"jc024j\" data-start=\"1266\" data-end=\"1315\">Nagy terhelhet\u0151s\u00e9g \u00e9s nagy sebess\u00e9g\u0171 teljes\u00edtm\u00e9ny<\/li>\n<li data-section-id=\"18ey2rm\" data-start=\"1316\" data-end=\"1353\">Alacsony s\u00farl\u00f3d\u00e1s \u00e9s sima m\u0171k\u00f6d\u00e9s<\/li>\n<li data-section-id=\"11wwjkv\" data-start=\"1354\" data-end=\"1417\">El\u00e9rhet\u0151 nyitott, ZZ (f\u00e9mpajzs) \u00e9s 2RS (gumi t\u00f6m\u00edt\u00e9s) v\u00e1ltozatban<\/li>\n<li data-section-id=\"1nj7ysv\" data-start=\"1418\" data-end=\"1465\">Tart\u00f3s kivitel hossz\u00fa \u00e9lettartammal<\/li>\n<li data-section-id=\"rusbjz\" data-start=\"1466\" data-end=\"1501\">Alacsony zaj \u00e9s cs\u00f6kkentett rezg\u00e9s<\/li>\n<li data-section-id=\"1799fsu\" data-start=\"1502\" data-end=\"1553\">Opcion\u00e1lis anyagok: rozsdamentes ac\u00e9l \u00e9s ker\u00e1mia<\/li>\n<li data-section-id=\"15114ml\" data-start=\"1554\" data-end=\"1590\">OEM \u00e9s nagykereskedelmi ell\u00e1t\u00e1sra alkalmas<\/li>\n<\/ul>\n<h1 data-section-id=\"10k15yz\" data-start=\"1597\" data-end=\"1627\"><span role=\"text\"><strong data-start=\"1599\" data-end=\"1627\">M\u0171szaki adatok<\/strong><\/span><\/h1>\n<div class=\"TyagGW_tableContainer\">\n<div class=\"group TyagGW_tableWrapper flex flex-col-reverse w-fit\" tabindex=\"-1\">\n<table class=\"w-fit min-w-(--thread-content-width)\" data-start=\"1629\" data-end=\"2026\">\n<thead data-start=\"1629\" data-end=\"1650\">\n<tr data-start=\"1629\" data-end=\"1650\">\n<th class=\"\" data-start=\"1629\" data-end=\"1641\" data-col-size=\"sm\">Param\u00e9ter<\/th>\n<th class=\"\" data-start=\"1641\" data-end=\"1650\" data-col-size=\"sm\">\u00c9rt\u00e9k<\/th>\n<\/tr>\n<\/thead>\n<tbody data-start=\"1671\" data-end=\"2026\">\n<tr data-start=\"1671\" data-end=\"1695\">\n<td data-start=\"1671\" data-end=\"1687\" data-col-size=\"sm\">Csap\u00e1gy modell<\/td>\n<td data-col-size=\"sm\" data-start=\"1687\" data-end=\"1695\">6205<\/td>\n<\/tr>\n<tr data-start=\"1696\" data-end=\"1726\">\n<td data-start=\"1696\" data-end=\"1717\" data-col-size=\"sm\">Bels\u0151 \u00e1tm\u00e9r\u0151 (d)<\/td>\n<td data-col-size=\"sm\" data-start=\"1717\" data-end=\"1726\">25 mm<\/td>\n<\/tr>\n<tr data-start=\"1727\" data-end=\"1757\">\n<td data-start=\"1727\" data-end=\"1748\" data-col-size=\"sm\">K\u00fcls\u0151 \u00e1tm\u00e9r\u0151 (D)<\/td>\n<td data-col-size=\"sm\" data-start=\"1748\" data-end=\"1757\">52 mm<\/td>\n<\/tr>\n<tr data-start=\"1758\" data-end=\"1779\">\n<td data-start=\"1758\" data-end=\"1770\" data-col-size=\"sm\">Sz\u00e9less\u00e9g (B)<\/td>\n<td data-col-size=\"sm\" data-start=\"1770\" data-end=\"1779\">15 mm<\/td>\n<\/tr>\n<tr data-start=\"1780\" data-end=\"1835\">\n<td data-start=\"1780\" data-end=\"1791\" data-col-size=\"sm\">Anyag<\/td>\n<td data-start=\"1791\" data-end=\"1835\" data-col-size=\"sm\">Kr\u00f3mac\u00e9l \/ Rozsdamentes ac\u00e9l \/ Ker\u00e1mia<\/td>\n<\/tr>\n<tr data-start=\"1836\" data-end=\"1869\">\n<td data-start=\"1836\" data-end=\"1852\" data-col-size=\"sm\">Kos\u00e1r anyaga<\/td>\n<td data-col-size=\"sm\" data-start=\"1852\" data-end=\"1869\">Ac\u00e9l \/ Nylon<\/td>\n<\/tr>\n<tr data-start=\"1870\" data-end=\"1904\">\n<td data-start=\"1870\" data-end=\"1885\" data-col-size=\"sm\">T\u00f6m\u00edt\u00e9si t\u00edpus<\/td>\n<td data-start=\"1885\" data-end=\"1904\" data-col-size=\"sm\">Nyitott \/ ZZ \/ 2RS<\/td>\n<\/tr>\n<tr data-start=\"1905\" data-end=\"1952\">\n<td data-start=\"1905\" data-end=\"1924\" data-col-size=\"sm\">Pontoss\u00e1gi oszt\u00e1ly<\/td>\n<td data-start=\"1924\" data-end=\"1952\" data-col-size=\"sm\">ABEC-1 \/ ABEC-3 \/ ABEC-5<\/td>\n<\/tr>\n<tr data-start=\"1953\" data-end=\"1983\">\n<td data-start=\"1953\" data-end=\"1967\" data-col-size=\"sm\">Ken\u00e9s<\/td>\n<td data-col-size=\"sm\" data-start=\"1967\" data-end=\"1983\">Zs\u00edr \/ Olaj<\/td>\n<\/tr>\n<tr data-start=\"1984\" data-end=\"2026\">\n<td data-start=\"1984\" data-end=\"2008\" data-col-size=\"sm\">M\u0171k\u00f6d\u00e9si h\u0151m\u00e9rs\u00e9klet<\/td>\n<td data-col-size=\"sm\" data-start=\"2008\" data-end=\"2026\">-20\u00b0C-t\u00f3l 120\u00b0C-ig<\/td>\n<\/tr>\n<\/tbody>\n<\/table>\n<\/div>\n<\/div>\n<h1 data-section-id=\"1p00fbj\" data-start=\"2033\" data-end=\"2051\"><span role=\"text\"><strong data-start=\"2035\" data-end=\"2051\">Alkalmaz\u00e1sok<\/strong><\/span><\/h1>\n<p data-start=\"2053\" data-end=\"2105\">A 6205 m\u00e9lyhorny\u00fa goly\u00f3scsap\u00e1gy sz\u00e9les k\u00f6rben haszn\u00e1latos:<\/p>\n<ul data-start=\"2107\" data-end=\"2281\">\n<li data-section-id=\"19ja8o\" data-start=\"2107\" data-end=\"2141\">Elektromos motorok \u00e9s gener\u00e1torok<\/li>\n<li data-section-id=\"dl2tr4\" data-start=\"2142\" data-end=\"2167\">Szivatty\u00fak \u00e9s kompresszorok<\/li>\n<li data-section-id=\"1n6ynun\" data-start=\"2168\" data-end=\"2194\">Mez\u0151gazdas\u00e1gi g\u00e9pek<\/li>\n<li data-section-id=\"15oirsh\" data-start=\"2195\" data-end=\"2233\">Sebess\u00e9gv\u00e1lt\u00f3k \u00e9s hajt\u00e1srendszerek<\/li>\n<li data-section-id=\"1fzl3dj\" data-start=\"2234\" data-end=\"2256\">Sz\u00e1ll\u00edt\u00f3szalag berendez\u00e9sek<\/li>\n<li data-section-id=\"ho81mp\" data-start=\"2257\" data-end=\"2281\">Ipari g\u00e9pek<\/li>\n<\/ul>\n<h1 data-section-id=\"zdmnob\" data-start=\"2288\" data-end=\"2307\"><span role=\"text\"><strong data-start=\"2290\" data-end=\"2307\">Mi\u00e9rt v\u00e1lasszon minket<\/strong><\/span><\/h1>\n<ul data-start=\"2309\" data-end=\"2521\">\n<li data-section-id=\"1hoqfcd\" data-start=\"2309\" data-end=\"2358\">Gy\u00e1ri k\u00f6zvetlen ell\u00e1t\u00e1s, k\u00f6vetkezetes min\u0151s\u00e9ggel<\/li>\n<li data-section-id=\"1h0w0om\" data-start=\"2359\" data-end=\"2401\">OEM \u00e9s testreszabott megold\u00e1sok el\u00e9rhet\u0151k<\/li>\n<li data-section-id=\"18yrkc1\" data-start=\"2402\" data-end=\"2441\">Versenyk\u00e9pes \u00e1rak nagyobb megrendel\u00e9sek eset\u00e9n<\/li>\n<li data-section-id=\"tuyq12\" data-start=\"2442\" data-end=\"2479\">Gyors sz\u00e1ll\u00edt\u00e1s \u00e9s glob\u00e1lis sz\u00e1ll\u00edt\u00e1s<\/li>\n<li data-section-id=\"1warmzg\" data-start=\"2480\" data-end=\"2521\">Szigor\u00fa min\u0151s\u00e9gellen\u0151rz\u00e9s \u00e9s ellen\u0151rz\u00e9s<\/li>\n<\/ul>\n<h1 data-section-id=\"1iusff4\" data-start=\"2528\" data-end=\"2537\"><span role=\"text\"><strong data-start=\"2530\" data-end=\"2537\">GYIK<\/strong><\/span><\/h1>\n<p data-start=\"2539\" data-end=\"2750\"><strong data-start=\"2539\" data-end=\"2599\">K1: Mi a k\u00fcl\u00f6nbs\u00e9g a 6205-ZZ \u00e9s a 6205-2RS k\u00f6z\u00f6tt?<\/strong><br data-start=\"2599\" data-end=\"2602\" \/>V: A 6205-ZZ f\u00e9mpajzsokat haszn\u00e1l a magasabb sebess\u00e9g \u00e9s alacsonyabb s\u00farl\u00f3d\u00e1s \u00e9rdek\u00e9ben, m\u00edg a 6205-2RS gumit\u00f6m\u00edt\u00e9seket haszn\u00e1l a por \u00e9s a nedvess\u00e9g jobb v\u00e9delme \u00e9rdek\u00e9ben.<\/p>\n<p data-start=\"2752\" data-end=\"2928\"><strong data-start=\"2752\" data-end=\"2816\">K2: Tudsz biztos\u00edtani nagy pontoss\u00e1g\u00fa vagy ker\u00e1mia 6205 csap\u00e1gyakat?<\/strong><br data-start=\"2816\" data-end=\"2819\" \/>V: Igen, k\u00edn\u00e1lunk nagy pontoss\u00e1g\u00fa oszt\u00e1lyokat, valamint hibrid \u00e9s teljes ker\u00e1mia lehet\u0151s\u00e9geket ig\u00e9nyes alkalmaz\u00e1sokhoz.<\/p>\n<p data-start=\"2930\" data-end=\"3084\"><strong data-start=\"2930\" data-end=\"2973\">Q3: T\u00e1mogatj\u00e1k az OEM \u00e9s nagy t\u00e9teles megrendel\u00e9seket?<\/strong><br data-start=\"2973\" data-end=\"2976\" \/>V: Igen, OEM szolg\u00e1ltat\u00e1sokat ny\u00fajtunk, bele\u00e9rtve a testreszabott anyagokat, csomagol\u00e1st \u00e9s m\u00e1rk\u00e1z\u00e1st nagy mennyis\u00e9g\u0171 megrendel\u00e9sekhez.<\/p>","protected":false},"excerpt":{"rendered":"<p>The <strong data-start=\"411\" data-end=\"444\">6205 M\u00e9lyhorny\u00fa goly\u00f3scsap\u00e1gy<\/strong> egy sz\u00e9les k\u00f6rben haszn\u00e1lt \u00e9s sokoldal\u00fa csap\u00e1gy, amelyet nagy terhelhet\u0151s\u00e9g, sima forg\u00e1s \u00e9s hossz\u00fa \u00e9lettartam jellemez. M\u00e9ly fut\u00f3fel\u00fcletekkel \u00e9s prec\u00edz ac\u00e9lgoly\u00f3kkal rendelkezik, k\u00e9pes mind radi\u00e1lis, mind m\u00e9rs\u00e9kelt axi\u00e1lis terhel\u00e9sek t\u00e1mogat\u00e1s\u00e1ra mindk\u00e9t ir\u00e1nyban.<\/p>","protected":false},"featured_media":2575,"comment_status":"open","ping_status":"closed","template":"","meta":{"site-sidebar-layout":"default","site-content-layout":"","ast-site-content-layout":"default","site-content-style":"default","site-sidebar-style":"default","ast-global-header-display":"","ast-banner-title-visibility":"","ast-main-header-display":"","ast-hfb-above-header-display":"","ast-hfb-below-header-display":"","ast-hfb-mobile-header-display":"","site-post-title":"","ast-breadcrumbs-content":"","ast-featured-img":"","footer-sml-layout":"","ast-disable-related-posts":"","theme-transparent-header-meta":"default","adv-header-id-meta":"","stick-header-meta":"default","header-above-stick-meta":"","header-main-stick-meta":"","header-below-stick-meta":"","astra-migrate-meta-layouts":"set","ast-page-background-enabled":"default","ast-page-background-meta":{"desktop":{"background-color":"","background-image":"","background-repeat":"repeat","background-position":"center center","background-size":"auto","background-attachment":"scroll","background-type":"","background-media":"","overlay-type":"","overlay-color":"","overlay-opacity":"","overlay-gradient":""},"tablet":{"background-color":"","background-image":"","background-repeat":"repeat","background-position":"center center","background-size":"auto","background-attachment":"scroll","background-type":"","background-media":"","overlay-type":"","overlay-color":"","overlay-opacity":"","overlay-gradient":""},"mobile":{"background-color":"","background-image":"","background-repeat":"repeat","background-position":"center center","background-size":"auto","background-attachment":"scroll","background-type":"","background-media":"","overlay-type":"","overlay-color":"","overlay-opacity":"","overlay-gradient":""}},"ast-content-background-meta":{"desktop":{"background-color":"var(--ast-global-color-5)","background-image":"","background-repeat":"repeat","background-position":"center center","background-size":"auto","background-attachment":"scroll","background-type":"","background-media":"","overlay-type":"","overlay-color":"","overlay-opacity":"","overlay-gradient":""},"tablet":{"background-color":"var(--ast-global-color-5)","background-image":"","background-repeat":"repeat","background-position":"center center","background-size":"auto","background-attachment":"scroll","background-type":"","background-media":"","overlay-type":"","overlay-color":"","overlay-opacity":"","overlay-gradient":""},"mobile":{"background-color":"var(--ast-global-color-5)","background-image":"","background-repeat":"repeat","background-position":"center center","background-size":"auto","background-attachment":"scroll","background-type":"","background-media":"","overlay-type":"","overlay-color":"","overlay-opacity":"","overlay-gradient":""}}},"product_brand":[],"product_cat":[15],"product_tag":[50,48,49,46,33,52,51,45,38,47],"class_list":{"0":"post-2369","1":"product","2":"type-product","3":"status-publish","4":"has-post-thumbnail","6":"product_cat-deep-groove-ball-bearings","7":"product_tag-6205-2rs-bearing","8":"product_tag-6205-bearing","9":"product_tag-6205-zz-bearing","10":"product_tag-bearing-supplier","11":"product_tag-deep-groove-ball-bearing","12":"product_tag-electric-motor-bearing","13":"product_tag-high-load-bearing","14":"product_tag-industrial-bearing","15":"product_tag-motor-bearing","16":"product_tag-oem-bearing-manufacturer","17":"desktop-align-left","18":"tablet-align-left","19":"mobile-align-left","20":"ast-product-gallery-layout-horizontal-slider","21":"ast-product-gallery-with-no-image","22":"ast-product-tabs-layout-horizontal","24":"first","25":"instock","26":"shipping-taxable","27":"product-type-simple"},"_links":{"self":[{"href":"https:\/\/www.machinerybearings.com\/hu\/wp-json\/wp\/v2\/product\/2369","targetHints":{"allow":["GET"]}}],"collection":[{"href":"https:\/\/www.machinerybearings.com\/hu\/wp-json\/wp\/v2\/product"}],"about":[{"href":"https:\/\/www.machinerybearings.com\/hu\/wp-json\/wp\/v2\/types\/product"}],"replies":[{"embeddable":true,"href":"https:\/\/www.machinerybearings.com\/hu\/wp-json\/wp\/v2\/comments?post=2369"}],"wp:featuredmedia":[{"embeddable":true,"href":"https:\/\/www.machinerybearings.com\/hu\/wp-json\/wp\/v2\/media\/2575"}],"wp:attachment":[{"href":"https:\/\/www.machinerybearings.com\/hu\/wp-json\/wp\/v2\/media?parent=2369"}],"wp:term":[{"taxonomy":"product_brand","embeddable":true,"href":"https:\/\/www.machinerybearings.com\/hu\/wp-json\/wp\/v2\/product_brand?post=2369"},{"taxonomy":"product_cat","embeddable":true,"href":"https:\/\/www.machinerybearings.com\/hu\/wp-json\/wp\/v2\/product_cat?post=2369"},{"taxonomy":"product_tag","embeddable":true,"href":"https:\/\/www.machinerybearings.com\/hu\/wp-json\/wp\/v2\/product_tag?post=2369"}],"curies":[{"name":"wp","href":"https:\/\/api.w.org\/{rel}","templated":true}]}}