{"id":2371,"date":"2026-04-11T16:08:56","date_gmt":"2026-04-11T16:08:56","guid":{"rendered":"https:\/\/www.machinerybearings.com\/?post_type=product&#038;p=2371"},"modified":"2026-05-04T11:35:44","modified_gmt":"2026-05-04T11:35:44","slug":"6308-melyhornyu-golyoscsapagy-nehez-terhelesu-nagy-terhelhetosegu-ipari-gepek-motorjaihoz","status":"publish","type":"product","link":"https:\/\/www.machinerybearings.com\/hu\/termek\/6308-melyhornyu-golyoscsapagy-nehez-terhelesu-nagy-terhelhetosegu-ipari-gepek-motorjaihoz\/","title":{"rendered":"6308 M\u00e9lyhorny\u00fa goly\u00f3scsap\u00e1gy \u2013 Neh\u00e9z terhel\u00e9s\u0171 csap\u00e1gy ipari g\u00e9pekhez \u00e9s motorokhoz"},"content":{"rendered":"<p data-start=\"402\" data-end=\"714\">The <strong data-start=\"406\" data-end=\"439\">6308 m\u00e9lyhorny\u00fa goly\u00f3scsap\u00e1gy<\/strong> egy neh\u00e9z terhel\u00e9s\u0171 csap\u00e1gy, amelyet magas radi\u00e1lis terhel\u00e9sek \u00e9s m\u00e9rs\u00e9kelt axi\u00e1lis terhel\u00e9sek kezel\u00e9s\u00e9re terveztek mindk\u00e9t ir\u00e1nyban. A m\u00e9ly versenyp\u00e1lya hornyokkal \u00e9s prec\u00edzi\u00f3s ac\u00e9l goly\u00f3kkal biztos\u00edtja a sima forg\u00e1st, alacsony s\u00farl\u00f3d\u00e1st \u00e9s megb\u00edzhat\u00f3 teljes\u00edtm\u00e9nyt a k\u00f6vetelm\u00e9nyeket t\u00e1maszt\u00f3 \u00fczemeltet\u00e9si k\u00f6r\u00fclm\u00e9nyek k\u00f6z\u00f6tt.<\/p>\n<p data-start=\"716\" data-end=\"1084\">Magas min\u0151s\u00e9g\u0171 kr\u00f3mac\u00e9lb\u00f3l k\u00e9sz\u00fclt, \u00e9s rozsdamentes ac\u00e9l \u00e9s ker\u00e1mia v\u00e1ltozatban el\u00e9rhet\u0151, a 6308 csap\u00e1gy kiv\u00e1l\u00f3 tart\u00f3ss\u00e1got, kop\u00e1s\u00e1ll\u00f3s\u00e1got \u00e9s korr\u00f3zi\u00f3v\u00e9delmet biztos\u00edt. T\u00f6bb konfigur\u00e1ci\u00f3ban k\u00edn\u00e1lj\u00e1k, bele\u00e9rtve a nyitott t\u00edpust, f\u00e9mpajzsot (ZZ) \u00e9s gumit\u00f6m\u00edt\u00e9st (2RS), lehet\u0151v\u00e9 t\u00e9ve, hogy k\u00fcl\u00f6nb\u00f6z\u0151 ipari k\u00f6rnyezetekben hat\u00e9konyan m\u0171k\u00f6dj\u00f6n.<\/p>\n<p data-start=\"1086\" data-end=\"1267\">Robusztus fel\u00e9p\u00edt\u00e9s\u00e9nek \u00e9s magas terhelhet\u0151s\u00e9g\u00e9nek k\u00f6sz\u00f6nhet\u0151en a 6308 csap\u00e1gyat sz\u00e9les k\u00f6rben haszn\u00e1lj\u00e1k neh\u00e9zg\u00e9pekben, elektromos motorokban, b\u00e1ny\u00e1szati berendez\u00e9sekben \u00e9s ipari \u00e1tviteli rendszerekben.<\/p>\n<h1 data-section-id=\"8av2ty\" data-start=\"1274\" data-end=\"1292\"><span role=\"text\"><strong data-start=\"1276\" data-end=\"1292\">F\u0151bb jellemz\u0151k<\/strong><\/span><\/h1>\n<ul data-start=\"1294\" data-end=\"1650\">\n<li data-section-id=\"bwqvck\" data-start=\"1294\" data-end=\"1344\">Magas terhelhet\u0151s\u00e9g neh\u00e9z alkalmaz\u00e1sokhoz<\/li>\n<li data-section-id=\"vw4nbe\" data-start=\"1345\" data-end=\"1397\">Sim\u00e1bb m\u0171k\u00f6d\u00e9s alacsony s\u00farl\u00f3d\u00e1ssal \u00e9s alacsony zajjal<\/li>\n<li data-section-id=\"11wwjkv\" data-start=\"1398\" data-end=\"1461\">El\u00e9rhet\u0151 nyitott, ZZ (f\u00e9mpajzs) \u00e9s 2RS (gumi t\u00f6m\u00edt\u00e9s) v\u00e1ltozatban<\/li>\n<li data-section-id=\"ll8nwg\" data-start=\"1462\" data-end=\"1505\">Er\u0151s tart\u00f3ss\u00e1g \u00e9s hossz\u00fa \u00e9lettartam<\/li>\n<li data-section-id=\"1adeiig\" data-start=\"1506\" data-end=\"1561\">Kiv\u00e1l\u00f3 kop\u00e1s\u00e1ll\u00f3s\u00e1g \u00e9s ellen\u00e1ll\u00e1s a zord k\u00f6rnyezetekkel szemben<\/li>\n<li data-section-id=\"1799fsu\" data-start=\"1562\" data-end=\"1613\">Opcion\u00e1lis anyagok: rozsdamentes ac\u00e9l \u00e9s ker\u00e1mia<\/li>\n<li data-section-id=\"15114ml\" data-start=\"1614\" data-end=\"1650\">OEM \u00e9s nagykereskedelmi ell\u00e1t\u00e1sra alkalmas<\/li>\n<\/ul>\n<h1 data-section-id=\"10k15yz\" data-start=\"1657\" data-end=\"1687\"><span role=\"text\"><strong data-start=\"1659\" data-end=\"1687\">M\u0171szaki adatok<\/strong><\/span><\/h1>\n<div class=\"TyagGW_tableContainer\">\n<div class=\"group TyagGW_tableWrapper flex flex-col-reverse w-fit\" tabindex=\"-1\">\n<table class=\"w-fit min-w-(--thread-content-width)\" data-start=\"1689\" data-end=\"2094\">\n<thead data-start=\"1689\" data-end=\"1710\">\n<tr data-start=\"1689\" data-end=\"1710\">\n<th class=\"\" data-start=\"1689\" data-end=\"1701\" data-col-size=\"sm\">Param\u00e9ter<\/th>\n<th class=\"\" data-start=\"1701\" data-end=\"1710\" data-col-size=\"sm\">\u00c9rt\u00e9k<\/th>\n<\/tr>\n<\/thead>\n<tbody data-start=\"1731\" data-end=\"2094\">\n<tr data-start=\"1731\" data-end=\"1755\">\n<td data-start=\"1731\" data-end=\"1747\" data-col-size=\"sm\">Csap\u00e1gy modell<\/td>\n<td data-col-size=\"sm\" data-start=\"1747\" data-end=\"1755\">6308<\/td>\n<\/tr>\n<tr data-start=\"1756\" data-end=\"1786\">\n<td data-start=\"1756\" data-end=\"1777\" data-col-size=\"sm\">Bels\u0151 \u00e1tm\u00e9r\u0151 (d)<\/td>\n<td data-col-size=\"sm\" data-start=\"1777\" data-end=\"1786\">40 mm<\/td>\n<\/tr>\n<tr data-start=\"1787\" data-end=\"1817\">\n<td data-start=\"1787\" data-end=\"1808\" data-col-size=\"sm\">K\u00fcls\u0151 \u00e1tm\u00e9r\u0151 (D)<\/td>\n<td data-col-size=\"sm\" data-start=\"1808\" data-end=\"1817\">90 mm<\/td>\n<\/tr>\n<tr data-start=\"1818\" data-end=\"1839\">\n<td data-start=\"1818\" data-end=\"1830\" data-col-size=\"sm\">Sz\u00e9less\u00e9g (B)<\/td>\n<td data-col-size=\"sm\" data-start=\"1830\" data-end=\"1839\">23 mm<\/td>\n<\/tr>\n<tr data-start=\"1840\" data-end=\"1895\">\n<td data-start=\"1840\" data-end=\"1851\" data-col-size=\"sm\">Anyag<\/td>\n<td data-col-size=\"sm\" data-start=\"1851\" data-end=\"1895\">Kr\u00f3mac\u00e9l \/ Rozsdamentes ac\u00e9l \/ Ker\u00e1mia<\/td>\n<\/tr>\n<tr data-start=\"1896\" data-end=\"1937\">\n<td data-start=\"1896\" data-end=\"1912\" data-col-size=\"sm\">Kos\u00e1r anyaga<\/td>\n<td data-col-size=\"sm\" data-start=\"1912\" data-end=\"1937\">Ac\u00e9l \/ S\u00e1rgar\u00e9z \/ Nylon<\/td>\n<\/tr>\n<tr data-start=\"1938\" data-end=\"1972\">\n<td data-start=\"1938\" data-end=\"1953\" data-col-size=\"sm\">T\u00f6m\u00edt\u00e9si t\u00edpus<\/td>\n<td data-col-size=\"sm\" data-start=\"1953\" data-end=\"1972\">Nyitott \/ ZZ \/ 2RS<\/td>\n<\/tr>\n<tr data-start=\"1973\" data-end=\"2020\">\n<td data-start=\"1973\" data-end=\"1992\" data-col-size=\"sm\">Pontoss\u00e1gi oszt\u00e1ly<\/td>\n<td data-col-size=\"sm\" data-start=\"1992\" data-end=\"2020\">ABEC-1 \/ ABEC-3 \/ ABEC-5<\/td>\n<\/tr>\n<tr data-start=\"2021\" data-end=\"2051\">\n<td data-start=\"2021\" data-end=\"2035\" data-col-size=\"sm\">Ken\u00e9s<\/td>\n<td data-col-size=\"sm\" data-start=\"2035\" data-end=\"2051\">Zs\u00edr \/ Olaj<\/td>\n<\/tr>\n<tr data-start=\"2052\" data-end=\"2094\">\n<td data-start=\"2052\" data-end=\"2076\" data-col-size=\"sm\">M\u0171k\u00f6d\u00e9si h\u0151m\u00e9rs\u00e9klet<\/td>\n<td data-col-size=\"sm\" data-start=\"2076\" data-end=\"2094\">-20\u00b0C-t\u00f3l 120\u00b0C-ig<\/td>\n<\/tr>\n<\/tbody>\n<\/table>\n<\/div>\n<\/div>\n<h1 data-section-id=\"1p00fbj\" data-start=\"2101\" data-end=\"2119\"><span role=\"text\"><strong data-start=\"2103\" data-end=\"2119\">Alkalmaz\u00e1sok<\/strong><\/span><\/h1>\n<p data-start=\"2121\" data-end=\"2173\">A 6308 m\u00e9lyhorny\u00fa goly\u00f3scsap\u00e1gy sz\u00e9les k\u00f6rben haszn\u00e1latos:<\/p>\n<ul data-start=\"2175\" data-end=\"2370\">\n<li data-section-id=\"1s8l1ph\" data-start=\"2175\" data-end=\"2215\">Nagy elektromos motorok \u00e9s gener\u00e1torok<\/li>\n<li data-section-id=\"q2883m\" data-start=\"2216\" data-end=\"2246\">Neh\u00e9zipari g\u00e9pek<\/li>\n<li data-section-id=\"i7ylry\" data-start=\"2247\" data-end=\"2284\">B\u00e1ny\u00e1szati \u00e9s \u00e9p\u00edt\u0151ipari berendez\u00e9sek<\/li>\n<li data-section-id=\"15oirsh\" data-start=\"2285\" data-end=\"2323\">Sebess\u00e9gv\u00e1lt\u00f3k \u00e9s hajt\u00e1srendszerek<\/li>\n<li data-section-id=\"dl2tr4\" data-start=\"2324\" data-end=\"2349\">Szivatty\u00fak \u00e9s kompresszorok<\/li>\n<li data-section-id=\"176s2ln\" data-start=\"2350\" data-end=\"2370\">Sz\u00e1ll\u00edt\u00f3szalag rendszerek<\/li>\n<\/ul>\n<h1 data-section-id=\"zdmnob\" data-start=\"2377\" data-end=\"2396\"><span role=\"text\"><strong data-start=\"2379\" data-end=\"2396\">Mi\u00e9rt v\u00e1lasszon minket<\/strong><\/span><\/h1>\n<ul data-start=\"2398\" data-end=\"2652\">\n<li data-section-id=\"e72s0b\" data-start=\"2398\" data-end=\"2458\">Gy\u00e1ri k\u00f6zvetlen ell\u00e1t\u00e1s stabil \u00e9s k\u00f6vetkezetes min\u0151s\u00e9ggel<\/li>\n<li data-section-id=\"w8c53i\" data-start=\"2459\" data-end=\"2503\">OEM \u00e9s testreszab\u00e1si szolg\u00e1ltat\u00e1sok el\u00e9rhet\u0151k<\/li>\n<li data-section-id=\"b8nq5v\" data-start=\"2504\" data-end=\"2557\">Versenyk\u00e9pes \u00e1rak nagykereskedelmi \u00e9s hossz\u00fa t\u00e1v\u00fa megrendel\u00e9sek eset\u00e9n<\/li>\n<li data-section-id=\"1dhnpi9\" data-start=\"2558\" data-end=\"2600\">Gyors gy\u00e1rt\u00e1s \u00e9s vil\u00e1gszerte sz\u00e1ll\u00edt\u00e1s<\/li>\n<li data-section-id=\"e7h9xh\" data-start=\"2601\" data-end=\"2652\">Szigor\u00fa min\u0151s\u00e9gellen\u0151rz\u00e9si \u00e9s tesztel\u00e9si szabv\u00e1nyok<\/li>\n<\/ul>\n<h1 data-section-id=\"1iusff4\" data-start=\"2659\" data-end=\"2668\"><span role=\"text\"><strong data-start=\"2661\" data-end=\"2668\">GYIK<\/strong><\/span><\/h1>\n<p data-start=\"2670\" data-end=\"2890\"><strong data-start=\"2670\" data-end=\"2730\">K1: Mi a k\u00fcl\u00f6nbs\u00e9g a 6308-ZZ \u00e9s a 6308-2RS k\u00f6z\u00f6tt?<\/strong><br data-start=\"2730\" data-end=\"2733\" \/>A: A 6308-ZZ f\u00e9mpajzsokat haszn\u00e1l a magasabb sebess\u00e9g \u00e9s alacsonyabb s\u00farl\u00f3d\u00e1s \u00e9rdek\u00e9ben, m\u00edg a 6308-2RS gumit\u00f6m\u00edt\u00e9seket alkalmaz a por \u00e9s nedvess\u00e9g elleni jobb t\u00f6m\u00edt\u00e9si teljes\u00edtm\u00e9ny \u00e9rdek\u00e9ben.<\/p>\n<p data-start=\"2892\" data-end=\"3067\"><strong data-start=\"2892\" data-end=\"2954\">Q2: Tudna neh\u00e9z ig\u00e9nybev\u00e9tel\u0171 vagy nagy pontoss\u00e1g\u00fa v\u00e1ltozatokat biztos\u00edtani?<\/strong><br data-start=\"2954\" data-end=\"2957\" \/>A: Igen, k\u00edn\u00e1lunk nagy terhel\u00e9s\u0171, nagy pontoss\u00e1g\u00fa \u00e9s egyedi anyagopci\u00f3kat, bele\u00e9rtve a rozsdamentes ac\u00e9lt \u00e9s a ker\u00e1mi\u00e1t.<\/p>\n<p data-start=\"3069\" data-end=\"3232\"><strong data-start=\"3069\" data-end=\"3112\">Q3: T\u00e1mogatj\u00e1k az OEM \u00e9s nagy t\u00e9teles megrendel\u00e9seket?<\/strong><br data-start=\"3112\" data-end=\"3115\" \/>A: Igen, t\u00e1mogatjuk az OEM szolg\u00e1ltat\u00e1sokat, bele\u00e9rtve a testreszabott specifik\u00e1ci\u00f3kat, csomagol\u00e1st \u00e9s m\u00e1rk\u00e1z\u00e1st a nagy mennyis\u00e9g\u0171 megrendel\u00e9sekhez.<\/p>","protected":false},"excerpt":{"rendered":"<p>The <strong data-start=\"406\" data-end=\"439\">6308 m\u00e9lyhorny\u00fa goly\u00f3scsap\u00e1gy<\/strong> egy neh\u00e9z terhel\u00e9s\u0171 csap\u00e1gy, amelyet magas radi\u00e1lis terhel\u00e9sek \u00e9s m\u00e9rs\u00e9kelt axi\u00e1lis terhel\u00e9sek kezel\u00e9s\u00e9re terveztek mindk\u00e9t ir\u00e1nyban. A m\u00e9ly versenyp\u00e1lya hornyokkal \u00e9s prec\u00edzi\u00f3s ac\u00e9l goly\u00f3kkal biztos\u00edtja a sima forg\u00e1st, alacsony s\u00farl\u00f3d\u00e1st \u00e9s megb\u00edzhat\u00f3 teljes\u00edtm\u00e9nyt a k\u00f6vetelm\u00e9nyeket t\u00e1maszt\u00f3 \u00fczemeltet\u00e9si k\u00f6r\u00fclm\u00e9nyek k\u00f6z\u00f6tt.<\/p>","protected":false},"featured_media":2579,"comment_status":"open","ping_status":"closed","template":"","meta":{"site-sidebar-layout":"default","site-content-layout":"","ast-site-content-layout":"default","site-content-style":"default","site-sidebar-style":"default","ast-global-header-display":"","ast-banner-title-visibility":"","ast-main-header-display":"","ast-hfb-above-header-display":"","ast-hfb-below-header-display":"","ast-hfb-mobile-header-display":"","site-post-title":"","ast-breadcrumbs-content":"","ast-featured-img":"","footer-sml-layout":"","ast-disable-related-posts":"","theme-transparent-header-meta":"default","adv-header-id-meta":"","stick-header-meta":"default","header-above-stick-meta":"","header-main-stick-meta":"","header-below-stick-meta":"","astra-migrate-meta-layouts":"set","ast-page-background-enabled":"default","ast-page-background-meta":{"desktop":{"background-color":"","background-image":"","background-repeat":"repeat","background-position":"center center","background-size":"auto","background-attachment":"scroll","background-type":"","background-media":"","overlay-type":"","overlay-color":"","overlay-opacity":"","overlay-gradient":""},"tablet":{"background-color":"","background-image":"","background-repeat":"repeat","background-position":"center center","background-size":"auto","background-attachment":"scroll","background-type":"","background-media":"","overlay-type":"","overlay-color":"","overlay-opacity":"","overlay-gradient":""},"mobile":{"background-color":"","background-image":"","background-repeat":"repeat","background-position":"center center","background-size":"auto","background-attachment":"scroll","background-type":"","background-media":"","overlay-type":"","overlay-color":"","overlay-opacity":"","overlay-gradient":""}},"ast-content-background-meta":{"desktop":{"background-color":"var(--ast-global-color-5)","background-image":"","background-repeat":"repeat","background-position":"center center","background-size":"auto","background-attachment":"scroll","background-type":"","background-media":"","overlay-type":"","overlay-color":"","overlay-opacity":"","overlay-gradient":""},"tablet":{"background-color":"var(--ast-global-color-5)","background-image":"","background-repeat":"repeat","background-position":"center center","background-size":"auto","background-attachment":"scroll","background-type":"","background-media":"","overlay-type":"","overlay-color":"","overlay-opacity":"","overlay-gradient":""},"mobile":{"background-color":"var(--ast-global-color-5)","background-image":"","background-repeat":"repeat","background-position":"center center","background-size":"auto","background-attachment":"scroll","background-type":"","background-media":"","overlay-type":"","overlay-color":"","overlay-opacity":"","overlay-gradient":""}}},"product_brand":[],"product_cat":[15],"product_tag":[55,53,54,41,33,56,51,45,57,38],"class_list":{"0":"post-2371","1":"product","2":"type-product","3":"status-publish","4":"has-post-thumbnail","6":"product_cat-deep-groove-ball-bearings","7":"product_tag-6308-2rs-bearing","8":"product_tag-6308-bearing","9":"product_tag-6308-zz-bearing","10":"product_tag-bearing-manufacturer","11":"product_tag-deep-groove-ball-bearing","12":"product_tag-heavy-duty-bearing","13":"product_tag-high-load-bearing","14":"product_tag-industrial-bearing","15":"product_tag-large-size-bearing","16":"product_tag-motor-bearing","17":"desktop-align-left","18":"tablet-align-left","19":"mobile-align-left","20":"ast-product-gallery-layout-horizontal-slider","21":"ast-product-gallery-with-no-image","22":"ast-product-tabs-layout-horizontal","24":"first","25":"instock","26":"shipping-taxable","27":"product-type-simple"},"_links":{"self":[{"href":"https:\/\/www.machinerybearings.com\/hu\/wp-json\/wp\/v2\/product\/2371","targetHints":{"allow":["GET"]}}],"collection":[{"href":"https:\/\/www.machinerybearings.com\/hu\/wp-json\/wp\/v2\/product"}],"about":[{"href":"https:\/\/www.machinerybearings.com\/hu\/wp-json\/wp\/v2\/types\/product"}],"replies":[{"embeddable":true,"href":"https:\/\/www.machinerybearings.com\/hu\/wp-json\/wp\/v2\/comments?post=2371"}],"wp:featuredmedia":[{"embeddable":true,"href":"https:\/\/www.machinerybearings.com\/hu\/wp-json\/wp\/v2\/media\/2579"}],"wp:attachment":[{"href":"https:\/\/www.machinerybearings.com\/hu\/wp-json\/wp\/v2\/media?parent=2371"}],"wp:term":[{"taxonomy":"product_brand","embeddable":true,"href":"https:\/\/www.machinerybearings.com\/hu\/wp-json\/wp\/v2\/product_brand?post=2371"},{"taxonomy":"product_cat","embeddable":true,"href":"https:\/\/www.machinerybearings.com\/hu\/wp-json\/wp\/v2\/product_cat?post=2371"},{"taxonomy":"product_tag","embeddable":true,"href":"https:\/\/www.machinerybearings.com\/hu\/wp-json\/wp\/v2\/product_tag?post=2371"}],"curies":[{"name":"wp","href":"https:\/\/api.w.org\/{rel}","templated":true}]}}