{"id":2372,"date":"2026-04-11T16:12:43","date_gmt":"2026-04-11T16:12:43","guid":{"rendered":"https:\/\/www.machinerybearings.com\/?post_type=product&#038;p=2372"},"modified":"2026-05-03T06:16:02","modified_gmt":"2026-05-03T06:16:02","slug":"16010-thin-section-deep-groove-ball-bearing-lightweight-large-diameter-bearing-for-industrial-applications","status":"publish","type":"product","link":"https:\/\/www.machinerybearings.com\/hu\/termek\/16010-thin-section-deep-groove-ball-bearing-lightweight-large-diameter-bearing-for-industrial-applications\/","title":{"rendered":"16010 V\u00e9kony Szekci\u00f3s M\u00e9lyhorny\u00fa Goly\u00f3scsap\u00e1gy \u2013 K\u00f6nny\u0171 Nagy \u00c1tm\u00e9r\u0151j\u0171 Csap\u00e1gy Ipari Alkalmaz\u00e1sokhoz"},"content":{"rendered":"<p data-start=\"419\" data-end=\"755\">The <strong data-start=\"423\" data-end=\"470\">16010 V\u00e9kony keresztmetszet\u0171 m\u00e9lyhorny\u00fa goly\u00f3scsap\u00e1gy<\/strong> olyan alkalmaz\u00e1sokhoz k\u00e9sz\u00fclt, amelyek kompakt keresztmetszetet ig\u00e9nyelnek, viszonylag nagy bels\u0151 \u00e9s k\u00fcls\u0151 \u00e1tm\u00e9r\u0151vel kombin\u00e1lva. Karcs\u00fa profilj\u00e1val \u00e9s optimaliz\u00e1lt bels\u0151 geometri\u00e1j\u00e1val cs\u00f6kkentett s\u00falyt, alacsonyabb s\u00farl\u00f3d\u00e1st \u00e9s hat\u00e9kony t\u00e9rkihaszn\u00e1l\u00e1st k\u00edn\u00e1l a teljes\u00edtm\u00e9ny fel\u00e1ldoz\u00e1sa n\u00e9lk\u00fcl.<\/p>\n<p data-start=\"757\" data-end=\"1053\">Magas min\u0151s\u00e9g\u0171 kr\u00f3mac\u00e9lb\u00f3l k\u00e9sz\u00fclt, rozsdamentes ac\u00e9l \u00e9s ker\u00e1mia opci\u00f3kban el\u00e9rhet\u0151, a 16010 csap\u00e1gy kiv\u00e1l\u00f3 tart\u00f3ss\u00e1got, korr\u00f3zi\u00f3\u00e1ll\u00f3s\u00e1got \u00e9s sima m\u0171k\u00f6d\u00e9st biztos\u00edt. M\u00e9ly fut\u00f3fel\u00fclete lehet\u0151v\u00e9 teszi, hogy mind a radi\u00e1lis, mind a k\u00f6nny\u0171 axi\u00e1lis terheket t\u00e1mogassa mindk\u00e9t ir\u00e1nyban.<\/p>\n<p data-start=\"1055\" data-end=\"1292\">Nyitott t\u00edpusban, f\u00e9mpajzsos (ZZ) \u00e9s gumit\u00f6m\u00edt\u00e9ses (2RS) konfigur\u00e1ci\u00f3kban el\u00e9rhet\u0151, a 16010 v\u00e9kony keresztmetszet\u0171 csap\u00e1gy sz\u00e9les ipari k\u00f6rnyezetekhez alkalmas, k\u00fcl\u00f6n\u00f6sen ott, ahol a helytakar\u00e9kos \u00e9s k\u00f6nny\u0171 kialak\u00edt\u00e1s kritikus.<\/p>\n<h1 data-section-id=\"8av2ty\" data-start=\"1299\" data-end=\"1317\"><span role=\"text\"><strong data-start=\"1301\" data-end=\"1317\">F\u0151bb jellemz\u0151k<\/strong><\/span><\/h1>\n<ul data-start=\"1319\" data-end=\"1682\">\n<li data-section-id=\"1ck2v1g\" data-start=\"1319\" data-end=\"1378\">V\u00e9kony keresztmetszet\u0171 kialak\u00edt\u00e1s helytakar\u00e9kos alkalmaz\u00e1sokhoz<\/li>\n<li data-section-id=\"1qqsaq8\" data-start=\"1379\" data-end=\"1436\">K\u00f6nny\u0171 szerkezet cs\u00f6kkentett forg\u00e1si tehetetlens\u00e9ggel<\/li>\n<li data-section-id=\"1bkzhsf\" data-start=\"1437\" data-end=\"1474\">Sim\u00e1n \u00e9s alacsony s\u00farl\u00f3d\u00e1ssal m\u0171k\u00f6dik<\/li>\n<li data-section-id=\"46y8gf\" data-start=\"1475\" data-end=\"1522\">T\u00e1mogatja a radi\u00e1lis terheket \u00e9s a k\u00f6nny\u0171 axi\u00e1lis terheket<\/li>\n<li data-section-id=\"97kjp5\" data-start=\"1523\" data-end=\"1572\">Nyitott, ZZ \u00e9s 2RS konfigur\u00e1ci\u00f3kban el\u00e9rhet\u0151<\/li>\n<li data-section-id=\"1799fsu\" data-start=\"1573\" data-end=\"1624\">Opcion\u00e1lis anyagok: rozsdamentes ac\u00e9l \u00e9s ker\u00e1mia<\/li>\n<li data-section-id=\"mm83ej\" data-start=\"1625\" data-end=\"1682\">Alkalmas prec\u00edzi\u00f3s berendez\u00e9sekhez \u00e9s OEM alkalmaz\u00e1sokhoz<\/li>\n<\/ul>\n<h1 data-section-id=\"10k15yz\" data-start=\"1689\" data-end=\"1719\"><span role=\"text\"><strong data-start=\"1691\" data-end=\"1719\">M\u0171szaki adatok<\/strong><\/span><\/h1>\n<div class=\"TyagGW_tableContainer\">\n<div class=\"group TyagGW_tableWrapper flex flex-col-reverse w-fit\" tabindex=\"-1\">\n<table class=\"w-fit min-w-(--thread-content-width)\" data-start=\"1721\" data-end=\"2119\">\n<thead data-start=\"1721\" data-end=\"1742\">\n<tr data-start=\"1721\" data-end=\"1742\">\n<th class=\"\" data-start=\"1721\" data-end=\"1733\" data-col-size=\"sm\">Param\u00e9ter<\/th>\n<th class=\"\" data-start=\"1733\" data-end=\"1742\" data-col-size=\"sm\">\u00c9rt\u00e9k<\/th>\n<\/tr>\n<\/thead>\n<tbody data-start=\"1763\" data-end=\"2119\">\n<tr data-start=\"1763\" data-end=\"1788\">\n<td data-start=\"1763\" data-end=\"1779\" data-col-size=\"sm\">Csap\u00e1gy modell<\/td>\n<td data-start=\"1779\" data-end=\"1788\" data-col-size=\"sm\">16010<\/td>\n<\/tr>\n<tr data-start=\"1789\" data-end=\"1819\">\n<td data-start=\"1789\" data-end=\"1810\" data-col-size=\"sm\">Bels\u0151 \u00e1tm\u00e9r\u0151 (d)<\/td>\n<td data-start=\"1810\" data-end=\"1819\" data-col-size=\"sm\">50 mm<\/td>\n<\/tr>\n<tr data-start=\"1820\" data-end=\"1850\">\n<td data-start=\"1820\" data-end=\"1841\" data-col-size=\"sm\">K\u00fcls\u0151 \u00e1tm\u00e9r\u0151 (D)<\/td>\n<td data-col-size=\"sm\" data-start=\"1841\" data-end=\"1850\">80 mm<\/td>\n<\/tr>\n<tr data-start=\"1851\" data-end=\"1872\">\n<td data-start=\"1851\" data-end=\"1863\" data-col-size=\"sm\">Sz\u00e9less\u00e9g (B)<\/td>\n<td data-col-size=\"sm\" data-start=\"1863\" data-end=\"1872\">10 mm<\/td>\n<\/tr>\n<tr data-start=\"1873\" data-end=\"1928\">\n<td data-start=\"1873\" data-end=\"1884\" data-col-size=\"sm\">Anyag<\/td>\n<td data-col-size=\"sm\" data-start=\"1884\" data-end=\"1928\">Kr\u00f3mac\u00e9l \/ Rozsdamentes ac\u00e9l \/ Ker\u00e1mia<\/td>\n<\/tr>\n<tr data-start=\"1929\" data-end=\"1962\">\n<td data-start=\"1929\" data-end=\"1945\" data-col-size=\"sm\">Kos\u00e1r anyaga<\/td>\n<td data-col-size=\"sm\" data-start=\"1945\" data-end=\"1962\">Ac\u00e9l \/ Nylon<\/td>\n<\/tr>\n<tr data-start=\"1963\" data-end=\"1997\">\n<td data-start=\"1963\" data-end=\"1978\" data-col-size=\"sm\">T\u00f6m\u00edt\u00e9si t\u00edpus<\/td>\n<td data-start=\"1978\" data-end=\"1997\" data-col-size=\"sm\">Nyitott \/ ZZ \/ 2RS<\/td>\n<\/tr>\n<tr data-start=\"1998\" data-end=\"2045\">\n<td data-start=\"1998\" data-end=\"2017\" data-col-size=\"sm\">Pontoss\u00e1gi oszt\u00e1ly<\/td>\n<td data-col-size=\"sm\" data-start=\"2017\" data-end=\"2045\">ABEC-1 \/ ABEC-3 \/ ABEC-5<\/td>\n<\/tr>\n<tr data-start=\"2046\" data-end=\"2076\">\n<td data-start=\"2046\" data-end=\"2060\" data-col-size=\"sm\">Ken\u00e9s<\/td>\n<td data-col-size=\"sm\" data-start=\"2060\" data-end=\"2076\">Zs\u00edr \/ Olaj<\/td>\n<\/tr>\n<tr data-start=\"2077\" data-end=\"2119\">\n<td data-start=\"2077\" data-end=\"2101\" data-col-size=\"sm\">M\u0171k\u00f6d\u00e9si h\u0151m\u00e9rs\u00e9klet<\/td>\n<td data-col-size=\"sm\" data-start=\"2101\" data-end=\"2119\">-20\u00b0C-t\u00f3l 120\u00b0C-ig<\/td>\n<\/tr>\n<\/tbody>\n<\/table>\n<\/div>\n<\/div>\n<h1 data-section-id=\"1p00fbj\" data-start=\"2126\" data-end=\"2144\"><span role=\"text\"><strong data-start=\"2128\" data-end=\"2144\">Alkalmaz\u00e1sok<\/strong><\/span><\/h1>\n<p data-start=\"2146\" data-end=\"2200\">A 16010 v\u00e9kony szelv\u00e9ny\u0171 goly\u00f3scsap\u00e1gy sz\u00e9les k\u00f6rben haszn\u00e1latos:<\/p>\n<ul data-start=\"2202\" data-end=\"2400\">\n<li data-section-id=\"atmlbz\" data-start=\"2202\" data-end=\"2238\">K\u00f6nny\u0171 ipari g\u00e9pek<\/li>\n<li data-section-id=\"1q02707\" data-start=\"2239\" data-end=\"2274\">Robotika \u00e9s automatiz\u00e1l\u00e1si rendszerek<\/li>\n<li data-section-id=\"kh47jd\" data-start=\"2275\" data-end=\"2296\">Orvosi berendez\u00e9sek<\/li>\n<li data-section-id=\"1tqjc7s\" data-start=\"2297\" data-end=\"2322\">Prec\u00edzi\u00f3s m\u0171szerek<\/li>\n<li data-section-id=\"1170ol2\" data-start=\"2323\" data-end=\"2360\">Sz\u00e1ll\u00edt\u00f3- \u00e9s \u00e1tvitel rendszerek<\/li>\n<li data-section-id=\"pjwe9y\" data-start=\"2361\" data-end=\"2400\">Helytakar\u00e9kos mechanikai \u00f6sszeszerel\u00e9sek<\/li>\n<\/ul>\n<h1 data-section-id=\"zdmnob\" data-start=\"2407\" data-end=\"2426\"><span role=\"text\"><strong data-start=\"2409\" data-end=\"2426\">Mi\u00e9rt v\u00e1lasszon minket<\/strong><\/span><\/h1>\n<ul data-start=\"2428\" data-end=\"2639\">\n<li data-section-id=\"xx8vmd\" data-start=\"2428\" data-end=\"2475\">K\u00f6zvetlen gy\u00e1ri ell\u00e1t\u00e1s megb\u00edzhat\u00f3 min\u0151s\u00e9ggel<\/li>\n<li data-section-id=\"ary9wy\" data-start=\"2476\" data-end=\"2520\">OEM \u00e9s egyedi tervez\u00e9si szolg\u00e1ltat\u00e1sok el\u00e9rhet\u0151k<\/li>\n<li data-section-id=\"18yrkc1\" data-start=\"2521\" data-end=\"2560\">Versenyk\u00e9pes \u00e1rak nagyobb megrendel\u00e9sek eset\u00e9n<\/li>\n<li data-section-id=\"1x678vr\" data-start=\"2561\" data-end=\"2600\">Gyors gy\u00e1rt\u00e1s \u00e9s glob\u00e1lis sz\u00e1ll\u00edt\u00e1s<\/li>\n<li data-section-id=\"1oidmxg\" data-start=\"2601\" data-end=\"2639\">Szigor\u00fa min\u0151s\u00e9gellen\u0151rz\u00e9s \u00e9s tesztel\u00e9s<\/li>\n<\/ul>\n<h1 data-section-id=\"1iusff4\" data-start=\"2646\" data-end=\"2655\"><span role=\"text\"><strong data-start=\"2648\" data-end=\"2655\">GYIK<\/strong><\/span><\/h1>\n<p data-start=\"2657\" data-end=\"2876\"><strong data-start=\"2657\" data-end=\"2731\">K1: Mi k\u00fcl\u00f6nb\u00f6zteti meg a v\u00e9kony szelv\u00e9ny\u0171 csap\u00e1gyakat a standard csap\u00e1gyakt\u00f3l?<\/strong><br data-start=\"2731\" data-end=\"2734\" \/>V: A v\u00e9kony szelv\u00e9ny\u0171 csap\u00e1gyak cs\u00f6kkentett keresztmetszettel rendelkeznek, lehet\u0151v\u00e9 t\u00e9ve a k\u00f6nnyebb s\u00falyt \u00e9s a helytakar\u00e9kos tervez\u00e9st, mik\u00f6zben meg\u0151rzik a j\u00f3 teljes\u00edtm\u00e9nyt.<\/p>\n<p data-start=\"2878\" data-end=\"3062\"><strong data-start=\"2878\" data-end=\"2947\">K2: Tudnak rozsdamentes ac\u00e9l vagy ker\u00e1mia v\u00e1ltozatokat biztos\u00edtani a 16010-b\u0151l?<\/strong><br data-start=\"2947\" data-end=\"2950\" \/>V: Igen, rozsdamentes ac\u00e9l \u00e9s ker\u00e1mia lehet\u0151s\u00e9geket k\u00edn\u00e1lunk a korr\u00f3zi\u00f3\u00e1ll\u00f3s\u00e1g \u00e9s a nagy teljes\u00edtm\u00e9ny\u0171 alkalmaz\u00e1sok \u00e9rdek\u00e9ben.<\/p>\n<p data-start=\"3064\" data-end=\"3201\"><strong data-start=\"3064\" data-end=\"3116\">K3: T\u00e1mogatj\u00e1k a testreszab\u00e1st \u00e9s az OEM megrendel\u00e9seket?<\/strong><br data-start=\"3116\" data-end=\"3119\" \/>V: Igen, t\u00e1mogatjuk a testreszabott m\u00e9reteket, anyagokat \u00e9s m\u00e1rk\u00e1z\u00e1st a nagyobb megrendel\u00e9sekhez.<\/p>","protected":false},"excerpt":{"rendered":"<p>The <strong data-start=\"423\" data-end=\"470\">16010 V\u00e9kony keresztmetszet\u0171 m\u00e9lyhorny\u00fa goly\u00f3scsap\u00e1gy<\/strong> olyan alkalmaz\u00e1sokhoz k\u00e9sz\u00fclt, amelyek kompakt keresztmetszetet ig\u00e9nyelnek, viszonylag nagy bels\u0151 \u00e9s k\u00fcls\u0151 \u00e1tm\u00e9r\u0151vel kombin\u00e1lva. Karcs\u00fa profilj\u00e1val \u00e9s optimaliz\u00e1lt bels\u0151 geometri\u00e1j\u00e1val cs\u00f6kkentett s\u00falyt, alacsonyabb s\u00farl\u00f3d\u00e1st \u00e9s hat\u00e9kony t\u00e9rkihaszn\u00e1l\u00e1st k\u00edn\u00e1l a teljes\u00edtm\u00e9ny fel\u00e1ldoz\u00e1sa n\u00e9lk\u00fcl.<\/p>","protected":false},"featured_media":2542,"comment_status":"open","ping_status":"closed","template":"","meta":{"site-sidebar-layout":"default","site-content-layout":"","ast-site-content-layout":"default","site-content-style":"default","site-sidebar-style":"default","ast-global-header-display":"","ast-banner-title-visibility":"","ast-main-header-display":"","ast-hfb-above-header-display":"","ast-hfb-below-header-display":"","ast-hfb-mobile-header-display":"","site-post-title":"","ast-breadcrumbs-content":"","ast-featured-img":"","footer-sml-layout":"","ast-disable-related-posts":"","theme-transparent-header-meta":"default","adv-header-id-meta":"","stick-header-meta":"default","header-above-stick-meta":"","header-main-stick-meta":"","header-below-stick-meta":"","astra-migrate-meta-layouts":"set","ast-page-background-enabled":"default","ast-page-background-meta":{"desktop":{"background-color":"","background-image":"","background-repeat":"repeat","background-position":"center center","background-size":"auto","background-attachment":"scroll","background-type":"","background-media":"","overlay-type":"","overlay-color":"","overlay-opacity":"","overlay-gradient":""},"tablet":{"background-color":"","background-image":"","background-repeat":"repeat","background-position":"center center","background-size":"auto","background-attachment":"scroll","background-type":"","background-media":"","overlay-type":"","overlay-color":"","overlay-opacity":"","overlay-gradient":""},"mobile":{"background-color":"","background-image":"","background-repeat":"repeat","background-position":"center center","background-size":"auto","background-attachment":"scroll","background-type":"","background-media":"","overlay-type":"","overlay-color":"","overlay-opacity":"","overlay-gradient":""}},"ast-content-background-meta":{"desktop":{"background-color":"var(--ast-global-color-5)","background-image":"","background-repeat":"repeat","background-position":"center center","background-size":"auto","background-attachment":"scroll","background-type":"","background-media":"","overlay-type":"","overlay-color":"","overlay-opacity":"","overlay-gradient":""},"tablet":{"background-color":"var(--ast-global-color-5)","background-image":"","background-repeat":"repeat","background-position":"center center","background-size":"auto","background-attachment":"scroll","background-type":"","background-media":"","overlay-type":"","overlay-color":"","overlay-opacity":"","overlay-gradient":""},"mobile":{"background-color":"var(--ast-global-color-5)","background-image":"","background-repeat":"repeat","background-position":"center center","background-size":"auto","background-attachment":"scroll","background-type":"","background-media":"","overlay-type":"","overlay-color":"","overlay-opacity":"","overlay-gradient":""}}},"product_brand":[],"product_cat":[15],"product_tag":[58,46,33,45,62,61,47,63,60,59],"class_list":{"0":"post-2372","1":"product","2":"type-product","3":"status-publish","4":"has-post-thumbnail","6":"product_cat-deep-groove-ball-bearings","7":"product_tag-16010-bearing","8":"product_tag-bearing-supplier","9":"product_tag-deep-groove-ball-bearing","10":"product_tag-industrial-bearing","11":"product_tag-large-diameter-bearing","12":"product_tag-lightweight-bearing","13":"product_tag-oem-bearing-manufacturer","14":"product_tag-precision-bearing","15":"product_tag-slim-bearing","16":"product_tag-thin-section-ball-bearing","17":"desktop-align-left","18":"tablet-align-left","19":"mobile-align-left","20":"ast-product-gallery-layout-horizontal-slider","21":"ast-product-gallery-with-no-image","22":"ast-product-tabs-layout-horizontal","24":"first","25":"instock","26":"shipping-taxable","27":"product-type-simple"},"_links":{"self":[{"href":"https:\/\/www.machinerybearings.com\/hu\/wp-json\/wp\/v2\/product\/2372","targetHints":{"allow":["GET"]}}],"collection":[{"href":"https:\/\/www.machinerybearings.com\/hu\/wp-json\/wp\/v2\/product"}],"about":[{"href":"https:\/\/www.machinerybearings.com\/hu\/wp-json\/wp\/v2\/types\/product"}],"replies":[{"embeddable":true,"href":"https:\/\/www.machinerybearings.com\/hu\/wp-json\/wp\/v2\/comments?post=2372"}],"wp:featuredmedia":[{"embeddable":true,"href":"https:\/\/www.machinerybearings.com\/hu\/wp-json\/wp\/v2\/media\/2542"}],"wp:attachment":[{"href":"https:\/\/www.machinerybearings.com\/hu\/wp-json\/wp\/v2\/media?parent=2372"}],"wp:term":[{"taxonomy":"product_brand","embeddable":true,"href":"https:\/\/www.machinerybearings.com\/hu\/wp-json\/wp\/v2\/product_brand?post=2372"},{"taxonomy":"product_cat","embeddable":true,"href":"https:\/\/www.machinerybearings.com\/hu\/wp-json\/wp\/v2\/product_cat?post=2372"},{"taxonomy":"product_tag","embeddable":true,"href":"https:\/\/www.machinerybearings.com\/hu\/wp-json\/wp\/v2\/product_tag?post=2372"}],"curies":[{"name":"wp","href":"https:\/\/api.w.org\/{rel}","templated":true}]}}