{"id":2435,"date":"2026-04-13T14:21:51","date_gmt":"2026-04-13T14:21:51","guid":{"rendered":"https:\/\/www.machinerybearings.com\/?post_type=product&#038;p=2435"},"modified":"2026-05-03T05:52:26","modified_gmt":"2026-05-03T05:52:26","slug":"1205-self-aligning-ball-bearing-double-row-bearing-for-misalignment-applications","status":"publish","type":"product","link":"https:\/\/www.machinerybearings.com\/hu\/termek\/1205-self-aligning-ball-bearing-double-row-bearing-for-misalignment-applications\/","title":{"rendered":"1205 \u00d6n\u00e1ll\u00f3an Igazod\u00f3 Goly\u00f3scsap\u00e1gy \u2013 K\u00e9trowos Csap\u00e1gy Elhajl\u00e1si Alkalmaz\u00e1sokhoz"},"content":{"rendered":"<p data-start=\"354\" data-end=\"704\">The <strong data-start=\"358\" data-end=\"393\">1205 \u00f6nbe\u00e1ll\u00f3 goly\u00f3scsap\u00e1gy<\/strong> egy dupla soros goly\u00f3scsap\u00e1gy, amelyet a tengely elhajl\u00e1s\u00e1nak \u00e9s eltol\u00f3d\u00e1s\u00e1nak kezel\u00e9s\u00e9re terveztek m\u0171k\u00f6d\u00e9s k\u00f6zben. Egyedi g\u00f6mb alak\u00fa k\u00fcls\u0151 fut\u00f3fel\u00fclete lehet\u0151v\u00e9 teszi a csap\u00e1gy automatikus igaz\u00edt\u00e1s\u00e1t, cs\u00f6kkentve a stresszt \u00e9s jav\u00edtva a teljes\u00edtm\u00e9nyt olyan alkalmaz\u00e1sokban, ahol a tengely vagy a h\u00e1z igaz\u00edt\u00e1sa nehezen fenntarthat\u00f3.<\/p>\n<p data-start=\"706\" data-end=\"1001\">Ez a csap\u00e1gy ide\u00e1lis olyan alkalmaz\u00e1sokhoz, amelyek tengelyelhajl\u00e1snak, szerel\u00e9si hib\u00e1knak vagy rezg\u00e9snek vannak kit\u00e9ve. Magas min\u0151s\u00e9g\u0171 kr\u00f3m ac\u00e9lb\u00f3l k\u00e9sz\u00fclt, \u00e9s rozsdamentes ac\u00e9l opci\u00f3kban is el\u00e9rhet\u0151, a 1205 csap\u00e1gy sima m\u0171k\u00f6d\u00e9st, alacsony s\u00farl\u00f3d\u00e1st \u00e9s megb\u00edzhat\u00f3 teljes\u00edtm\u00e9nyt biztos\u00edt hossz\u00fa szolg\u00e1lati \u00e9lettartam alatt.<\/p>\n<p data-start=\"1003\" data-end=\"1119\">A kompakt kialak\u00edt\u00e1s \u00e9s az \u00f6nbe\u00e1ll\u00f3 k\u00e9pess\u00e9g sz\u00e9les k\u00f6rben alkalmazhat\u00f3 k\u00f6nny\u0171 \u00e9s k\u00f6zepes terhel\u00e9s\u0171 ipari alkalmaz\u00e1sokban.<\/p>\n<h1 data-section-id=\"8av2ty\" data-start=\"1126\" data-end=\"1144\"><span role=\"text\"><strong data-start=\"1128\" data-end=\"1144\">F\u0151bb jellemz\u0151k<\/strong><\/span><\/h1>\n<ul data-start=\"1146\" data-end=\"1483\">\n<li data-section-id=\"1fr59o7\" data-start=\"1146\" data-end=\"1205\">Az \u00f6nbe\u00e1ll\u00f3 kialak\u00edt\u00e1s kompenz\u00e1lja a tengely eltol\u00f3d\u00e1s\u00e1t<\/li>\n<li data-section-id=\"1id6hoh\" data-start=\"1206\" data-end=\"1258\">Dupla soros goly\u00f3s szerkezet a stabilit\u00e1s jav\u00edt\u00e1sa \u00e9rdek\u00e9ben<\/li>\n<li data-section-id=\"1g811j7\" data-start=\"1259\" data-end=\"1295\">Alacsony s\u00farl\u00f3d\u00e1s \u00e9s sima forg\u00e1s<\/li>\n<li data-section-id=\"dcacpc\" data-start=\"1296\" data-end=\"1347\">Alkalmas tengelyelhajl\u00e1ssal j\u00e1r\u00f3 alkalmaz\u00e1sokhoz<\/li>\n<li data-section-id=\"f8hmgc\" data-start=\"1348\" data-end=\"1385\">K\u00f6nny\u0171 telep\u00edt\u00e9s \u00e9s karbantart\u00e1s<\/li>\n<li data-section-id=\"5mjdxq\" data-start=\"1386\" data-end=\"1431\">Hossz\u00fa \u00e9lettartam stabil teljes\u00edtm\u00e9nnyel<\/li>\n<li data-section-id=\"10s930\" data-start=\"1432\" data-end=\"1483\">Ac\u00e9l \u00e9s rozsdamentes ac\u00e9l v\u00e1ltozatokban el\u00e9rhet\u0151<\/li>\n<\/ul>\n<h1 data-section-id=\"10k15yz\" data-start=\"1490\" data-end=\"1520\"><span role=\"text\"><strong data-start=\"1492\" data-end=\"1520\">M\u0171szaki adatok<\/strong><\/span><\/h1>\n<div class=\"TyagGW_tableContainer\">\n<div class=\"group TyagGW_tableWrapper flex flex-col-reverse w-fit\" tabindex=\"-1\">\n<table class=\"w-fit min-w-(--thread-content-width)\" data-start=\"1522\" data-end=\"1943\">\n<thead data-start=\"1522\" data-end=\"1543\">\n<tr data-start=\"1522\" data-end=\"1543\">\n<th class=\"\" data-start=\"1522\" data-end=\"1534\" data-col-size=\"sm\">Param\u00e9ter<\/th>\n<th class=\"\" data-start=\"1534\" data-end=\"1543\" data-col-size=\"sm\">\u00c9rt\u00e9k<\/th>\n<\/tr>\n<\/thead>\n<tbody data-start=\"1564\" data-end=\"1943\">\n<tr data-start=\"1564\" data-end=\"1588\">\n<td data-start=\"1564\" data-end=\"1580\" data-col-size=\"sm\">Csap\u00e1gy modell<\/td>\n<td data-col-size=\"sm\" data-start=\"1580\" data-end=\"1588\">1205<\/td>\n<\/tr>\n<tr data-start=\"1589\" data-end=\"1619\">\n<td data-start=\"1589\" data-end=\"1610\" data-col-size=\"sm\">Bels\u0151 \u00e1tm\u00e9r\u0151 (d)<\/td>\n<td data-col-size=\"sm\" data-start=\"1610\" data-end=\"1619\">25 mm<\/td>\n<\/tr>\n<tr data-start=\"1620\" data-end=\"1650\">\n<td data-start=\"1620\" data-end=\"1641\" data-col-size=\"sm\">K\u00fcls\u0151 \u00e1tm\u00e9r\u0151 (D)<\/td>\n<td data-col-size=\"sm\" data-start=\"1641\" data-end=\"1650\">52 mm<\/td>\n<\/tr>\n<tr data-start=\"1651\" data-end=\"1672\">\n<td data-start=\"1651\" data-end=\"1663\" data-col-size=\"sm\">Sz\u00e9less\u00e9g (B)<\/td>\n<td data-start=\"1663\" data-end=\"1672\" data-col-size=\"sm\">15 mm<\/td>\n<\/tr>\n<tr data-start=\"1673\" data-end=\"1718\">\n<td data-start=\"1673\" data-end=\"1688\" data-col-size=\"sm\">Csap\u00e1gy t\u00edpusa<\/td>\n<td data-start=\"1688\" data-end=\"1718\" data-col-size=\"sm\">\u00d6n\u00e1ll\u00f3an igazod\u00f3 goly\u00f3scsap\u00e1gy<\/td>\n<\/tr>\n<tr data-start=\"1719\" data-end=\"1745\">\n<td data-start=\"1719\" data-end=\"1731\" data-col-size=\"sm\">Szerkezet<\/td>\n<td data-col-size=\"sm\" data-start=\"1731\" data-end=\"1745\">K\u00e9t soros<\/td>\n<\/tr>\n<tr data-start=\"1746\" data-end=\"1791\">\n<td data-start=\"1746\" data-end=\"1757\" data-col-size=\"sm\">Anyag<\/td>\n<td data-start=\"1757\" data-end=\"1791\" data-col-size=\"sm\">Kr\u00f3mac\u00e9l \/ Rozsdamentes ac\u00e9l<\/td>\n<\/tr>\n<tr data-start=\"1792\" data-end=\"1833\">\n<td data-start=\"1792\" data-end=\"1808\" data-col-size=\"sm\">Kos\u00e1r anyaga<\/td>\n<td data-start=\"1808\" data-end=\"1833\" data-col-size=\"sm\">Ac\u00e9l \/ S\u00e1rgar\u00e9z \/ Nylon<\/td>\n<\/tr>\n<tr data-start=\"1834\" data-end=\"1864\">\n<td data-start=\"1834\" data-end=\"1848\" data-col-size=\"sm\">Ken\u00e9s<\/td>\n<td data-col-size=\"sm\" data-start=\"1848\" data-end=\"1864\">Zs\u00edr \/ Olaj<\/td>\n<\/tr>\n<tr data-start=\"1865\" data-end=\"1900\">\n<td data-start=\"1865\" data-end=\"1884\" data-col-size=\"sm\">Pontoss\u00e1gi oszt\u00e1ly<\/td>\n<td data-start=\"1884\" data-end=\"1900\" data-col-size=\"sm\">P0 \/ P6 \/ P5<\/td>\n<\/tr>\n<tr data-start=\"1901\" data-end=\"1943\">\n<td data-start=\"1901\" data-end=\"1925\" data-col-size=\"sm\">M\u0171k\u00f6d\u00e9si h\u0151m\u00e9rs\u00e9klet<\/td>\n<td data-col-size=\"sm\" data-start=\"1925\" data-end=\"1943\">-20\u00b0C-t\u00f3l 120\u00b0C-ig<\/td>\n<\/tr>\n<\/tbody>\n<\/table>\n<\/div>\n<\/div>\n<h1 data-section-id=\"1p00fbj\" data-start=\"1950\" data-end=\"1968\"><span role=\"text\"><strong data-start=\"1952\" data-end=\"1968\">Alkalmaz\u00e1sok<\/strong><\/span><\/h1>\n<p data-start=\"1970\" data-end=\"2024\">A 1205 \u00f6n\u00e1ll\u00f3an igazod\u00f3 goly\u00f3scsap\u00e1gy sz\u00e9les k\u00f6rben haszn\u00e1latos:<\/p>\n<ul data-start=\"2026\" data-end=\"2183\">\n<li data-section-id=\"1n6ynun\" data-start=\"2026\" data-end=\"2052\">Mez\u0151gazdas\u00e1gi g\u00e9pek<\/li>\n<li data-section-id=\"176s2ln\" data-start=\"2053\" data-end=\"2073\">Sz\u00e1ll\u00edt\u00f3szalag rendszerek<\/li>\n<li data-section-id=\"io1u9n\" data-start=\"2074\" data-end=\"2095\">Textilipari g\u00e9pek<\/li>\n<li data-section-id=\"25txyz\" data-start=\"2096\" data-end=\"2126\">K\u00f6nny\u0171 ipari berendez\u00e9sek<\/li>\n<li data-section-id=\"646cyz\" data-start=\"2127\" data-end=\"2147\">Ventil\u00e1torok \u00e9s f\u00fav\u00f3k<\/li>\n<li data-section-id=\"ib1wqr\" data-start=\"2148\" data-end=\"2183\">Mechanikai hajt\u00e1si rendszerek<\/li>\n<\/ul>\n<h1 data-section-id=\"zdmnob\" data-start=\"2190\" data-end=\"2209\"><span role=\"text\"><strong data-start=\"2192\" data-end=\"2209\">Mi\u00e9rt v\u00e1lasszon minket<\/strong><\/span><\/h1>\n<ul data-start=\"2211\" data-end=\"2428\">\n<li data-section-id=\"t14xel\" data-start=\"2211\" data-end=\"2264\">Stabil gy\u00e1ri termel\u00e9s, k\u00f6vetkezetes min\u0151s\u00e9ggel<\/li>\n<li data-section-id=\"hq554l\" data-start=\"2265\" data-end=\"2310\">OEM \u00e9s egyedi anyagopci\u00f3k el\u00e9rhet\u0151k<\/li>\n<li data-section-id=\"18yrkc1\" data-start=\"2311\" data-end=\"2350\">Versenyk\u00e9pes \u00e1rak nagyobb megrendel\u00e9sek eset\u00e9n<\/li>\n<li data-section-id=\"k7xnqf\" data-start=\"2351\" data-end=\"2386\">Gyors sz\u00e1ll\u00edt\u00e1s \u00e9s glob\u00e1lis ell\u00e1t\u00e1s<\/li>\n<li data-section-id=\"1u6ytj0\" data-start=\"2387\" data-end=\"2428\">Szigor\u00fa ellen\u0151rz\u00e9s \u00e9s min\u0151s\u00e9g-ellen\u0151rz\u00e9s<\/li>\n<\/ul>\n<h1 data-section-id=\"1iusff4\" data-start=\"2435\" data-end=\"2444\"><span role=\"text\"><strong data-start=\"2437\" data-end=\"2444\">GYIK<\/strong><\/span><\/h1>\n<p data-start=\"2446\" data-end=\"2614\"><strong data-start=\"2446\" data-end=\"2507\">K1: Mi az \u00f6nbe\u00e1ll\u00f3 goly\u00f3scsap\u00e1gyak el\u0151nye?<\/strong><br data-start=\"2507\" data-end=\"2510\" \/>V: Automatikusan kompenz\u00e1lj\u00e1k a tengely eltol\u00f3d\u00e1s\u00e1t, cs\u00f6kkentve a stresszt \u00e9s meghosszabb\u00edtva a szolg\u00e1lati id\u0151t.<\/p>\n<p data-start=\"2616\" data-end=\"2750\"><strong data-start=\"2616\" data-end=\"2661\">K2: A 1205 csap\u00e1gyak k\u00e9pesek neh\u00e9z terhek kezel\u00e9s\u00e9re?<\/strong><br data-start=\"2661\" data-end=\"2664\" \/>V: K\u00f6nny\u0171 \u00e9s k\u00f6zepes terhel\u00e9s\u0171 alkalmaz\u00e1sokhoz alkalmasak, nem neh\u00e9z ig\u00e9nybev\u00e9telhez.<\/p>\n<p data-start=\"2752\" data-end=\"2874\"><strong data-start=\"2752\" data-end=\"2798\">K3: K\u00edn\u00e1lnak rozsdamentes ac\u00e9l v\u00e1ltozatokat?<\/strong><br data-start=\"2798\" data-end=\"2801\" \/>V: Igen, rozsdamentes ac\u00e9l opci\u00f3k el\u00e9rhet\u0151k korroz\u00edv k\u00f6rnyezetekhez.<\/p>","protected":false},"excerpt":{"rendered":"<p>The <strong data-start=\"358\" data-end=\"393\">1205 \u00f6nbe\u00e1ll\u00f3 goly\u00f3scsap\u00e1gy<\/strong> egy dupla soros goly\u00f3scsap\u00e1gy, amelyet a tengely elhajl\u00e1s\u00e1nak \u00e9s eltol\u00f3d\u00e1s\u00e1nak kezel\u00e9s\u00e9re terveztek m\u0171k\u00f6d\u00e9s k\u00f6zben. Egyedi g\u00f6mb alak\u00fa k\u00fcls\u0151 fut\u00f3fel\u00fclete lehet\u0151v\u00e9 teszi a csap\u00e1gy automatikus igaz\u00edt\u00e1s\u00e1t, cs\u00f6kkentve a stresszt \u00e9s jav\u00edtva a teljes\u00edtm\u00e9nyt olyan alkalmaz\u00e1sokban, ahol a tengely vagy a h\u00e1z igaz\u00edt\u00e1sa nehezen fenntarthat\u00f3.<\/p>","protected":false},"featured_media":2538,"comment_status":"open","ping_status":"closed","template":"","meta":{"site-sidebar-layout":"default","site-content-layout":"","ast-site-content-layout":"default","site-content-style":"default","site-sidebar-style":"default","ast-global-header-display":"","ast-banner-title-visibility":"","ast-main-header-display":"","ast-hfb-above-header-display":"","ast-hfb-below-header-display":"","ast-hfb-mobile-header-display":"","site-post-title":"","ast-breadcrumbs-content":"","ast-featured-img":"","footer-sml-layout":"","ast-disable-related-posts":"","theme-transparent-header-meta":"default","adv-header-id-meta":"","stick-header-meta":"default","header-above-stick-meta":"","header-main-stick-meta":"","header-below-stick-meta":"","astra-migrate-meta-layouts":"set","ast-page-background-enabled":"default","ast-page-background-meta":{"desktop":{"background-color":"","background-image":"","background-repeat":"repeat","background-position":"center center","background-size":"auto","background-attachment":"scroll","background-type":"","background-media":"","overlay-type":"","overlay-color":"","overlay-opacity":"","overlay-gradient":""},"tablet":{"background-color":"","background-image":"","background-repeat":"repeat","background-position":"center center","background-size":"auto","background-attachment":"scroll","background-type":"","background-media":"","overlay-type":"","overlay-color":"","overlay-opacity":"","overlay-gradient":""},"mobile":{"background-color":"","background-image":"","background-repeat":"repeat","background-position":"center center","background-size":"auto","background-attachment":"scroll","background-type":"","background-media":"","overlay-type":"","overlay-color":"","overlay-opacity":"","overlay-gradient":""}},"ast-content-background-meta":{"desktop":{"background-color":"var(--ast-global-color-5)","background-image":"","background-repeat":"repeat","background-position":"center center","background-size":"auto","background-attachment":"scroll","background-type":"","background-media":"","overlay-type":"","overlay-color":"","overlay-opacity":"","overlay-gradient":""},"tablet":{"background-color":"var(--ast-global-color-5)","background-image":"","background-repeat":"repeat","background-position":"center center","background-size":"auto","background-attachment":"scroll","background-type":"","background-media":"","overlay-type":"","overlay-color":"","overlay-opacity":"","overlay-gradient":""},"mobile":{"background-color":"var(--ast-global-color-5)","background-image":"","background-repeat":"repeat","background-position":"center center","background-size":"auto","background-attachment":"scroll","background-type":"","background-media":"","overlay-type":"","overlay-color":"","overlay-opacity":"","overlay-gradient":""}}},"product_brand":[],"product_cat":[22],"product_tag":[204,160,209,206,45,208,207,72,143,205],"class_list":{"0":"post-2435","1":"product","2":"type-product","3":"status-publish","4":"has-post-thumbnail","6":"product_cat-self-aligning-ball-bearings","7":"product_tag-1205-bearing","8":"product_tag-agricultural-bearing","9":"product_tag-conveyor-bearing","10":"product_tag-double-row-bearing","11":"product_tag-industrial-bearing","12":"product_tag-light-duty-bearing","13":"product_tag-misalignment-bearing","14":"product_tag-oem-bearing-supplier","15":"product_tag-precision-bearing-manufacturer","16":"product_tag-self-aligning-ball-bearing","17":"desktop-align-left","18":"tablet-align-left","19":"mobile-align-left","20":"ast-product-gallery-layout-horizontal-slider","21":"ast-product-gallery-with-no-image","22":"ast-product-tabs-layout-horizontal","24":"first","25":"instock","26":"shipping-taxable","27":"product-type-simple"},"_links":{"self":[{"href":"https:\/\/www.machinerybearings.com\/hu\/wp-json\/wp\/v2\/product\/2435","targetHints":{"allow":["GET"]}}],"collection":[{"href":"https:\/\/www.machinerybearings.com\/hu\/wp-json\/wp\/v2\/product"}],"about":[{"href":"https:\/\/www.machinerybearings.com\/hu\/wp-json\/wp\/v2\/types\/product"}],"replies":[{"embeddable":true,"href":"https:\/\/www.machinerybearings.com\/hu\/wp-json\/wp\/v2\/comments?post=2435"}],"wp:featuredmedia":[{"embeddable":true,"href":"https:\/\/www.machinerybearings.com\/hu\/wp-json\/wp\/v2\/media\/2538"}],"wp:attachment":[{"href":"https:\/\/www.machinerybearings.com\/hu\/wp-json\/wp\/v2\/media?parent=2435"}],"wp:term":[{"taxonomy":"product_brand","embeddable":true,"href":"https:\/\/www.machinerybearings.com\/hu\/wp-json\/wp\/v2\/product_brand?post=2435"},{"taxonomy":"product_cat","embeddable":true,"href":"https:\/\/www.machinerybearings.com\/hu\/wp-json\/wp\/v2\/product_cat?post=2435"},{"taxonomy":"product_tag","embeddable":true,"href":"https:\/\/www.machinerybearings.com\/hu\/wp-json\/wp\/v2\/product_tag?post=2435"}],"curies":[{"name":"wp","href":"https:\/\/api.w.org\/{rel}","templated":true}]}}