{"id":2436,"date":"2026-04-13T14:24:10","date_gmt":"2026-04-13T14:24:10","guid":{"rendered":"https:\/\/www.machinerybearings.com\/?post_type=product&#038;p=2436"},"modified":"2026-05-03T05:56:57","modified_gmt":"2026-05-03T05:56:57","slug":"1210-self-aligning-ball-bearing-double-row-bearing-for-shaft-misalignment-applications","status":"publish","type":"product","link":"https:\/\/www.machinerybearings.com\/hu\/termek\/1210-self-aligning-ball-bearing-double-row-bearing-for-shaft-misalignment-applications\/","title":{"rendered":"1210 \u00d6n\u00e1ll\u00f3an Igazod\u00f3 Goly\u00f3scsap\u00e1gy \u2013 K\u00e9trowos Csap\u00e1gy Tengely Elhajl\u00e1si Alkalmaz\u00e1sokhoz"},"content":{"rendered":"<p data-start=\"363\" data-end=\"651\">The <strong data-start=\"367\" data-end=\"402\">1210 \u00f6nbe\u00e1ll\u00f3 goly\u00f3scsap\u00e1gy<\/strong> egy dupla soros goly\u00f3scsap\u00e1gy, amely automatikusan kompenz\u00e1lja a tengely elhajl\u00e1s\u00e1t \u00e9s elmozdul\u00e1s\u00e1t m\u0171k\u00f6d\u00e9s k\u00f6zben. G\u00f6mb alak\u00fa k\u00fcls\u0151 fut\u00f3fel\u00fclete sima \u00f6nbe\u00e1ll\u00edt\u00e1st tesz lehet\u0151v\u00e9, cs\u00f6kkentve a csap\u00e1gyra nehezed\u0151 stresszt \u00e9s jav\u00edtva a m\u0171k\u00f6d\u00e9si stabilit\u00e1st.<\/p>\n<p data-start=\"653\" data-end=\"960\">Ez a csap\u00e1gy k\u00fcl\u00f6n\u00f6sen alkalmas olyan alkalmaz\u00e1sokhoz, ahol telep\u00edt\u00e9si hib\u00e1k, tengelyhajl\u00e1s vagy rezg\u00e9s l\u00e9phet fel. Magas min\u0151s\u00e9g\u0171 kr\u00f3mac\u00e9lb\u00f3l k\u00e9sz\u00fclt, \u00e9s rozsdamentes ac\u00e9l vagy speci\u00e1lis anyag opci\u00f3kban el\u00e9rhet\u0151, a 1210 csap\u00e1gy megb\u00edzhat\u00f3 teljes\u00edtm\u00e9nyt, alacsony s\u00farl\u00f3d\u00e1st \u00e9s hossz\u00fa \u00e9lettartamot k\u00edn\u00e1l.<\/p>\n<p data-start=\"962\" data-end=\"1111\">Robusztus kialak\u00edt\u00e1s\u00e1val \u00e9s nagyobb m\u00e9ret\u00e9vel a kisebb modellekhez k\u00e9pest a 1210 csap\u00e1gy nagyobb terhel\u00e9seket k\u00e9pes elviselni, mik\u00f6zben meg\u0151rzi az elhelyezked\u00e9si rugalmass\u00e1got.<\/p>\n<h1 data-section-id=\"8av2ty\" data-start=\"1118\" data-end=\"1136\"><span role=\"text\"><strong data-start=\"1120\" data-end=\"1136\">F\u0151bb jellemz\u0151k<\/strong><\/span><\/h1>\n<ul data-start=\"1138\" data-end=\"1457\">\n<li data-section-id=\"gmtb4x\" data-start=\"1138\" data-end=\"1192\">\u00d6nbe\u00e1ll\u00f3 kialak\u00edt\u00e1s az elhajl\u00e1s kompenz\u00e1l\u00e1s\u00e1ra<\/li>\n<li data-section-id=\"5a73n5\" data-start=\"1193\" data-end=\"1245\">Dupla soros goly\u00f3s szerkezet a fokozott stabilit\u00e1s \u00e9rdek\u00e9ben<\/li>\n<li data-section-id=\"1mpt223\" data-start=\"1246\" data-end=\"1284\">Z\u00f6kken\u0151mentes m\u0171k\u00f6d\u00e9s alacsony s\u00farl\u00f3d\u00e1ssal<\/li>\n<li data-section-id=\"hhcc7k\" data-start=\"1285\" data-end=\"1326\">K\u00f6zepes terhel\u00e9s\u0171 alkalmaz\u00e1sokhoz alkalmas<\/li>\n<li data-section-id=\"1cp3td6\" data-start=\"1327\" data-end=\"1371\">Cs\u00f6kkenti a rezg\u00e9st \u00e9s a m\u0171k\u00f6d\u00e9si stresszt<\/li>\n<li data-section-id=\"f8hmgc\" data-start=\"1372\" data-end=\"1409\">K\u00f6nny\u0171 telep\u00edt\u00e9s \u00e9s karbantart\u00e1s<\/li>\n<li data-section-id=\"fhnbqz\" data-start=\"1410\" data-end=\"1457\">Hossz\u00fa \u00e9lettartam megb\u00edzhat\u00f3 teljes\u00edtm\u00e9nnyel<\/li>\n<\/ul>\n<h1 data-section-id=\"10k15yz\" data-start=\"1464\" data-end=\"1494\"><span role=\"text\"><strong data-start=\"1466\" data-end=\"1494\">M\u0171szaki adatok<\/strong><\/span><\/h1>\n<div class=\"TyagGW_tableContainer\">\n<div class=\"group TyagGW_tableWrapper flex flex-col-reverse w-fit\" tabindex=\"-1\">\n<table class=\"w-fit min-w-(--thread-content-width)\" data-start=\"1496\" data-end=\"1917\">\n<thead data-start=\"1496\" data-end=\"1517\">\n<tr data-start=\"1496\" data-end=\"1517\">\n<th class=\"\" data-start=\"1496\" data-end=\"1508\" data-col-size=\"sm\">Param\u00e9ter<\/th>\n<th class=\"\" data-start=\"1508\" data-end=\"1517\" data-col-size=\"sm\">\u00c9rt\u00e9k<\/th>\n<\/tr>\n<\/thead>\n<tbody data-start=\"1538\" data-end=\"1917\">\n<tr data-start=\"1538\" data-end=\"1562\">\n<td data-start=\"1538\" data-end=\"1554\" data-col-size=\"sm\">Csap\u00e1gy modell<\/td>\n<td data-col-size=\"sm\" data-start=\"1554\" data-end=\"1562\">1210<\/td>\n<\/tr>\n<tr data-start=\"1563\" data-end=\"1593\">\n<td data-start=\"1563\" data-end=\"1584\" data-col-size=\"sm\">Bels\u0151 \u00e1tm\u00e9r\u0151 (d)<\/td>\n<td data-col-size=\"sm\" data-start=\"1584\" data-end=\"1593\">50 mm<\/td>\n<\/tr>\n<tr data-start=\"1594\" data-end=\"1624\">\n<td data-start=\"1594\" data-end=\"1615\" data-col-size=\"sm\">K\u00fcls\u0151 \u00e1tm\u00e9r\u0151 (D)<\/td>\n<td data-col-size=\"sm\" data-start=\"1615\" data-end=\"1624\">90 mm<\/td>\n<\/tr>\n<tr data-start=\"1625\" data-end=\"1646\">\n<td data-start=\"1625\" data-end=\"1637\" data-col-size=\"sm\">Sz\u00e9less\u00e9g (B)<\/td>\n<td data-col-size=\"sm\" data-start=\"1637\" data-end=\"1646\">20 mm<\/td>\n<\/tr>\n<tr data-start=\"1647\" data-end=\"1692\">\n<td data-start=\"1647\" data-end=\"1662\" data-col-size=\"sm\">Csap\u00e1gy t\u00edpusa<\/td>\n<td data-col-size=\"sm\" data-start=\"1662\" data-end=\"1692\">\u00d6n\u00e1ll\u00f3an igazod\u00f3 goly\u00f3scsap\u00e1gy<\/td>\n<\/tr>\n<tr data-start=\"1693\" data-end=\"1719\">\n<td data-start=\"1693\" data-end=\"1705\" data-col-size=\"sm\">Szerkezet<\/td>\n<td data-col-size=\"sm\" data-start=\"1705\" data-end=\"1719\">K\u00e9t soros<\/td>\n<\/tr>\n<tr data-start=\"1720\" data-end=\"1765\">\n<td data-start=\"1720\" data-end=\"1731\" data-col-size=\"sm\">Anyag<\/td>\n<td data-start=\"1731\" data-end=\"1765\" data-col-size=\"sm\">Kr\u00f3mac\u00e9l \/ Rozsdamentes ac\u00e9l<\/td>\n<\/tr>\n<tr data-start=\"1766\" data-end=\"1807\">\n<td data-start=\"1766\" data-end=\"1782\" data-col-size=\"sm\">Kos\u00e1r anyaga<\/td>\n<td data-start=\"1782\" data-end=\"1807\" data-col-size=\"sm\">Ac\u00e9l \/ S\u00e1rgar\u00e9z \/ Nylon<\/td>\n<\/tr>\n<tr data-start=\"1808\" data-end=\"1838\">\n<td data-start=\"1808\" data-end=\"1822\" data-col-size=\"sm\">Ken\u00e9s<\/td>\n<td data-col-size=\"sm\" data-start=\"1822\" data-end=\"1838\">Zs\u00edr \/ Olaj<\/td>\n<\/tr>\n<tr data-start=\"1839\" data-end=\"1874\">\n<td data-start=\"1839\" data-end=\"1858\" data-col-size=\"sm\">Pontoss\u00e1gi oszt\u00e1ly<\/td>\n<td data-start=\"1858\" data-end=\"1874\" data-col-size=\"sm\">P0 \/ P6 \/ P5<\/td>\n<\/tr>\n<tr data-start=\"1875\" data-end=\"1917\">\n<td data-start=\"1875\" data-end=\"1899\" data-col-size=\"sm\">M\u0171k\u00f6d\u00e9si h\u0151m\u00e9rs\u00e9klet<\/td>\n<td data-start=\"1899\" data-end=\"1917\" data-col-size=\"sm\">-20\u00b0C-t\u00f3l 120\u00b0C-ig<\/td>\n<\/tr>\n<\/tbody>\n<\/table>\n<\/div>\n<\/div>\n<h1 data-section-id=\"1p00fbj\" data-start=\"1924\" data-end=\"1942\"><span role=\"text\"><strong data-start=\"1926\" data-end=\"1942\">Alkalmaz\u00e1sok<\/strong><\/span><\/h1>\n<p data-start=\"1944\" data-end=\"1998\">A 1210 \u00f6nbe\u00e1ll\u00f3 goly\u00f3scsap\u00e1gy sz\u00e9les k\u00f6rben haszn\u00e1latos:<\/p>\n<ul data-start=\"2000\" data-end=\"2178\">\n<li data-section-id=\"1n6ynun\" data-start=\"2000\" data-end=\"2026\">Mez\u0151gazdas\u00e1gi g\u00e9pek<\/li>\n<li data-section-id=\"176s2ln\" data-start=\"2027\" data-end=\"2047\">Sz\u00e1ll\u00edt\u00f3szalag rendszerek<\/li>\n<li data-section-id=\"io1u9n\" data-start=\"2048\" data-end=\"2069\">Textilipari g\u00e9pek<\/li>\n<li data-section-id=\"1ahkbyk\" data-start=\"2070\" data-end=\"2101\">Ipari ventil\u00e1torok \u00e9s f\u00fav\u00f3k<\/li>\n<li data-section-id=\"1kib5nh\" data-start=\"2102\" data-end=\"2142\">K\u00f6nny\u0171 \u00e9s k\u00f6zepes ipari berendez\u00e9sek<\/li>\n<li data-section-id=\"ib1wqr\" data-start=\"2143\" data-end=\"2178\">Mechanikai hajt\u00e1si rendszerek<\/li>\n<\/ul>\n<h1 data-section-id=\"zdmnob\" data-start=\"2185\" data-end=\"2204\"><span role=\"text\"><strong data-start=\"2187\" data-end=\"2204\">Mi\u00e9rt v\u00e1lasszon minket<\/strong><\/span><\/h1>\n<ul data-start=\"2206\" data-end=\"2416\">\n<li data-section-id=\"t14xel\" data-start=\"2206\" data-end=\"2259\">Stabil gy\u00e1ri termel\u00e9s, k\u00f6vetkezetes min\u0151s\u00e9ggel<\/li>\n<li data-section-id=\"1h0w0om\" data-start=\"2260\" data-end=\"2302\">OEM \u00e9s testreszabott megold\u00e1sok el\u00e9rhet\u0151k<\/li>\n<li data-section-id=\"18yrkc1\" data-start=\"2303\" data-end=\"2342\">Versenyk\u00e9pes \u00e1rak nagyobb megrendel\u00e9sek eset\u00e9n<\/li>\n<li data-section-id=\"s44wzj\" data-start=\"2343\" data-end=\"2367\">Gyors glob\u00e1lis sz\u00e1ll\u00edt\u00e1s<\/li>\n<li data-section-id=\"1kx8zsp\" data-start=\"2368\" data-end=\"2416\">Szigor\u00fa ellen\u0151rz\u00e9si \u00e9s min\u0151s\u00e9g-ellen\u0151rz\u00e9si rendszer<\/li>\n<\/ul>\n<h1 data-section-id=\"1iusff4\" data-start=\"2423\" data-end=\"2432\"><span role=\"text\"><strong data-start=\"2425\" data-end=\"2432\">GYIK<\/strong><\/span><\/h1>\n<p data-start=\"2434\" data-end=\"2596\"><strong data-start=\"2434\" data-end=\"2498\">K1: Mi az \u00f6nbe\u00e1ll\u00f3 csap\u00e1gyak, mint a 1210, el\u0151nye?<\/strong><br data-start=\"2498\" data-end=\"2501\" \/>V: Automatikusan alkalmazkodnak a tengely eltol\u00f3d\u00e1s\u00e1hoz, cs\u00f6kkentve a fesz\u00fclts\u00e9get \u00e9s meghosszabb\u00edtva a csap\u00e1gy \u00e9lettartam\u00e1t.<\/p>\n<p data-start=\"2598\" data-end=\"2705\"><strong data-start=\"2598\" data-end=\"2643\">K2: A 1210 csap\u00e1gyak k\u00e9pesek neh\u00e9z terhek kezel\u00e9s\u00e9re?<\/strong><br data-start=\"2643\" data-end=\"2646\" \/>V: K\u00f6nny\u0171 \u00e9s k\u00f6zepes terhel\u00e9s\u0171 alkalmaz\u00e1sokhoz alkalmasak.<\/p>\n<p data-start=\"2707\" data-end=\"2837\"><strong data-start=\"2707\" data-end=\"2754\">K3: El\u00e9rhet\u0151k rozsdamentes ac\u00e9l v\u00e1ltozatok?<\/strong><br data-start=\"2754\" data-end=\"2757\" \/>V: Igen, rozsdamentes ac\u00e9l \u00e9s speci\u00e1lis anyag opci\u00f3k k\u00e9r\u00e9sre el\u00e9rhet\u0151k.<\/p>","protected":false},"excerpt":{"rendered":"<p>The <strong data-start=\"367\" data-end=\"402\">1210 \u00f6nbe\u00e1ll\u00f3 goly\u00f3scsap\u00e1gy<\/strong> egy dupla soros goly\u00f3scsap\u00e1gy, amely automatikusan kompenz\u00e1lja a tengely elhajl\u00e1s\u00e1t \u00e9s elmozdul\u00e1s\u00e1t m\u0171k\u00f6d\u00e9s k\u00f6zben. G\u00f6mb alak\u00fa k\u00fcls\u0151 fut\u00f3fel\u00fclete sima \u00f6nbe\u00e1ll\u00edt\u00e1st tesz lehet\u0151v\u00e9, cs\u00f6kkentve a csap\u00e1gyra nehezed\u0151 stresszt \u00e9s jav\u00edtva a m\u0171k\u00f6d\u00e9si stabilit\u00e1st.<\/p>","protected":false},"featured_media":2539,"comment_status":"open","ping_status":"closed","template":"","meta":{"site-sidebar-layout":"default","site-content-layout":"","ast-site-content-layout":"default","site-content-style":"default","site-sidebar-style":"default","ast-global-header-display":"","ast-banner-title-visibility":"","ast-main-header-display":"","ast-hfb-above-header-display":"","ast-hfb-below-header-display":"","ast-hfb-mobile-header-display":"","site-post-title":"","ast-breadcrumbs-content":"","ast-featured-img":"","footer-sml-layout":"","ast-disable-related-posts":"","theme-transparent-header-meta":"default","adv-header-id-meta":"","stick-header-meta":"default","header-above-stick-meta":"","header-main-stick-meta":"","header-below-stick-meta":"","astra-migrate-meta-layouts":"set","ast-page-background-enabled":"default","ast-page-background-meta":{"desktop":{"background-color":"","background-image":"","background-repeat":"repeat","background-position":"center center","background-size":"auto","background-attachment":"scroll","background-type":"","background-media":"","overlay-type":"","overlay-color":"","overlay-opacity":"","overlay-gradient":""},"tablet":{"background-color":"","background-image":"","background-repeat":"repeat","background-position":"center center","background-size":"auto","background-attachment":"scroll","background-type":"","background-media":"","overlay-type":"","overlay-color":"","overlay-opacity":"","overlay-gradient":""},"mobile":{"background-color":"","background-image":"","background-repeat":"repeat","background-position":"center center","background-size":"auto","background-attachment":"scroll","background-type":"","background-media":"","overlay-type":"","overlay-color":"","overlay-opacity":"","overlay-gradient":""}},"ast-content-background-meta":{"desktop":{"background-color":"var(--ast-global-color-5)","background-image":"","background-repeat":"repeat","background-position":"center center","background-size":"auto","background-attachment":"scroll","background-type":"","background-media":"","overlay-type":"","overlay-color":"","overlay-opacity":"","overlay-gradient":""},"tablet":{"background-color":"var(--ast-global-color-5)","background-image":"","background-repeat":"repeat","background-position":"center center","background-size":"auto","background-attachment":"scroll","background-type":"","background-media":"","overlay-type":"","overlay-color":"","overlay-opacity":"","overlay-gradient":""},"mobile":{"background-color":"var(--ast-global-color-5)","background-image":"","background-repeat":"repeat","background-position":"center center","background-size":"auto","background-attachment":"scroll","background-type":"","background-media":"","overlay-type":"","overlay-color":"","overlay-opacity":"","overlay-gradient":""}}},"product_brand":[],"product_cat":[22],"product_tag":[210,160,209,206,45,211,207,72,143,205],"class_list":{"0":"post-2436","1":"product","2":"type-product","3":"status-publish","4":"has-post-thumbnail","6":"product_cat-self-aligning-ball-bearings","7":"product_tag-1210-bearing","8":"product_tag-agricultural-bearing","9":"product_tag-conveyor-bearing","10":"product_tag-double-row-bearing","11":"product_tag-industrial-bearing","12":"product_tag-mechanical-bearing","13":"product_tag-misalignment-bearing","14":"product_tag-oem-bearing-supplier","15":"product_tag-precision-bearing-manufacturer","16":"product_tag-self-aligning-ball-bearing","17":"desktop-align-left","18":"tablet-align-left","19":"mobile-align-left","20":"ast-product-gallery-layout-horizontal-slider","21":"ast-product-gallery-with-no-image","22":"ast-product-tabs-layout-horizontal","24":"first","25":"instock","26":"shipping-taxable","27":"product-type-simple"},"_links":{"self":[{"href":"https:\/\/www.machinerybearings.com\/hu\/wp-json\/wp\/v2\/product\/2436","targetHints":{"allow":["GET"]}}],"collection":[{"href":"https:\/\/www.machinerybearings.com\/hu\/wp-json\/wp\/v2\/product"}],"about":[{"href":"https:\/\/www.machinerybearings.com\/hu\/wp-json\/wp\/v2\/types\/product"}],"replies":[{"embeddable":true,"href":"https:\/\/www.machinerybearings.com\/hu\/wp-json\/wp\/v2\/comments?post=2436"}],"wp:featuredmedia":[{"embeddable":true,"href":"https:\/\/www.machinerybearings.com\/hu\/wp-json\/wp\/v2\/media\/2539"}],"wp:attachment":[{"href":"https:\/\/www.machinerybearings.com\/hu\/wp-json\/wp\/v2\/media?parent=2436"}],"wp:term":[{"taxonomy":"product_brand","embeddable":true,"href":"https:\/\/www.machinerybearings.com\/hu\/wp-json\/wp\/v2\/product_brand?post=2436"},{"taxonomy":"product_cat","embeddable":true,"href":"https:\/\/www.machinerybearings.com\/hu\/wp-json\/wp\/v2\/product_cat?post=2436"},{"taxonomy":"product_tag","embeddable":true,"href":"https:\/\/www.machinerybearings.com\/hu\/wp-json\/wp\/v2\/product_tag?post=2436"}],"curies":[{"name":"wp","href":"https:\/\/api.w.org\/{rel}","templated":true}]}}