{"id":2438,"date":"2026-04-13T14:27:13","date_gmt":"2026-04-13T14:27:13","guid":{"rendered":"https:\/\/www.machinerybearings.com\/?post_type=product&#038;p=2438"},"modified":"2026-05-03T06:20:40","modified_gmt":"2026-05-03T06:20:40","slug":"2205-double-row-self-aligning-ball-bearing-high-stability-bearing-for-misalignment-applications","status":"publish","type":"product","link":"https:\/\/www.machinerybearings.com\/hu\/termek\/2205-double-row-self-aligning-ball-bearing-high-stability-bearing-for-misalignment-applications\/","title":{"rendered":"2205 K\u00e9trowos \u00d6n\u00e1ll\u00f3an Igazod\u00f3 Goly\u00f3scsap\u00e1gy \u2013 Magas Stabilit\u00e1s\u00fa Csap\u00e1gy Elhajl\u00e1si Alkalmaz\u00e1sokhoz"},"content":{"rendered":"<p data-start=\"371\" data-end=\"688\">The <strong data-start=\"375\" data-end=\"421\">2205 K\u00e9tsoros \u00d6n\u00e1ll\u00f3an Igazod\u00f3 Goly\u00f3scsap\u00e1gy<\/strong> \u00fagy van tervezve, hogy alkalmazkodjon a tengely eltol\u00f3d\u00e1s\u00e1hoz \u00e9s hajl\u00e1s\u00e1hoz, mik\u00f6zben sima \u00e9s stabil m\u0171k\u00f6d\u00e9st biztos\u00edt. A k\u00e9tsoros goly\u00f3s szerkezet \u00e9s a g\u00f6mb alak\u00fa k\u00fcls\u0151 fut\u00f3fel\u00fclet jellemzi, ez a csap\u00e1gy automatikusan igaz\u00edtja az elhelyezked\u00e9st, cs\u00f6kkentve a fesz\u00fclts\u00e9get \u00e9s meghosszabb\u00edtva a szolg\u00e1lati \u00e9lettartamot.<\/p>\n<p data-start=\"690\" data-end=\"1000\">A 1200 sorozathoz k\u00e9pest a 2205 csap\u00e1gy jav\u00edtott terhelhet\u0151s\u00e9get \u00e9s fokozott tart\u00f3ss\u00e1got k\u00edn\u00e1l, \u00edgy alkalmasabb a nagyobb ig\u00e9nybev\u00e9tel\u0171 ipari alkalmaz\u00e1sokhoz. Magas min\u0151s\u00e9g\u0171 kr\u00f3m ac\u00e9lb\u00f3l k\u00e9sz\u00fcl, \u00e9s rozsdamentes ac\u00e9l vagy speci\u00e1lis anyag opci\u00f3k is el\u00e9rhet\u0151k korroz\u00edv k\u00f6rnyezetekhez.<\/p>\n<p data-start=\"1002\" data-end=\"1171\">Ezt a csap\u00e1gynak sz\u00e9les k\u00f6r\u0171 alkalmaz\u00e1sa van olyan g\u00e9pekben, ahol a tengely igaz\u00edt\u00e1sa nehezen fenntarthat\u00f3, megb\u00edzhat\u00f3 teljes\u00edtm\u00e9nyt ny\u00fajtva m\u00e9g vibr\u00e1ci\u00f3s \u00e9s dinamikus terhel\u00e9si k\u00f6r\u00fclm\u00e9nyek k\u00f6z\u00f6tt is.<\/p>\n<h1 data-section-id=\"8av2ty\" data-start=\"1178\" data-end=\"1196\"><span role=\"text\"><strong data-start=\"1180\" data-end=\"1196\">F\u0151bb jellemz\u0151k<\/strong><\/span><\/h1>\n<ul data-start=\"1198\" data-end=\"1531\">\n<li data-section-id=\"1fr59o7\" data-start=\"1198\" data-end=\"1257\">Az \u00f6nbe\u00e1ll\u00f3 kialak\u00edt\u00e1s kompenz\u00e1lja a tengely eltol\u00f3d\u00e1s\u00e1t<\/li>\n<li data-section-id=\"nnbnhk\" data-start=\"1258\" data-end=\"1315\">Dupla soros goly\u00f3s szerkezet a megn\u00f6velt terhelhet\u0151s\u00e9g \u00e9rdek\u00e9ben<\/li>\n<li data-section-id=\"17sk4ga\" data-start=\"1316\" data-end=\"1353\">Sima forg\u00e1s alacsony s\u00farl\u00f3d\u00e1ssal<\/li>\n<li data-section-id=\"ib4eqx\" data-start=\"1354\" data-end=\"1403\">Fokozott stabilit\u00e1s vibr\u00e1ci\u00f3s k\u00f6r\u00fclm\u00e9nyek k\u00f6z\u00f6tt<\/li>\n<li data-section-id=\"hhcc7k\" data-start=\"1404\" data-end=\"1445\">K\u00f6zepes terhel\u00e9s\u0171 alkalmaz\u00e1sokhoz alkalmas<\/li>\n<li data-section-id=\"f8hmgc\" data-start=\"1446\" data-end=\"1483\">K\u00f6nny\u0171 telep\u00edt\u00e9s \u00e9s karbantart\u00e1s<\/li>\n<li data-section-id=\"fhnbqz\" data-start=\"1484\" data-end=\"1531\">Hossz\u00fa \u00e9lettartam megb\u00edzhat\u00f3 teljes\u00edtm\u00e9nnyel<\/li>\n<\/ul>\n<h1 data-section-id=\"10k15yz\" data-start=\"1538\" data-end=\"1568\"><span role=\"text\"><strong data-start=\"1540\" data-end=\"1568\">M\u0171szaki adatok<\/strong><\/span><\/h1>\n<div class=\"TyagGW_tableContainer\">\n<div class=\"group TyagGW_tableWrapper flex flex-col-reverse w-fit\" tabindex=\"-1\">\n<table class=\"w-fit min-w-(--thread-content-width)\" data-start=\"1570\" data-end=\"1991\">\n<thead data-start=\"1570\" data-end=\"1591\">\n<tr data-start=\"1570\" data-end=\"1591\">\n<th class=\"\" data-start=\"1570\" data-end=\"1582\" data-col-size=\"sm\">Param\u00e9ter<\/th>\n<th class=\"\" data-start=\"1582\" data-end=\"1591\" data-col-size=\"sm\">\u00c9rt\u00e9k<\/th>\n<\/tr>\n<\/thead>\n<tbody data-start=\"1612\" data-end=\"1991\">\n<tr data-start=\"1612\" data-end=\"1636\">\n<td data-start=\"1612\" data-end=\"1628\" data-col-size=\"sm\">Csap\u00e1gy modell<\/td>\n<td data-start=\"1628\" data-end=\"1636\" data-col-size=\"sm\">2205<\/td>\n<\/tr>\n<tr data-start=\"1637\" data-end=\"1667\">\n<td data-start=\"1637\" data-end=\"1658\" data-col-size=\"sm\">Bels\u0151 \u00e1tm\u00e9r\u0151 (d)<\/td>\n<td data-col-size=\"sm\" data-start=\"1658\" data-end=\"1667\">25 mm<\/td>\n<\/tr>\n<tr data-start=\"1668\" data-end=\"1698\">\n<td data-start=\"1668\" data-end=\"1689\" data-col-size=\"sm\">K\u00fcls\u0151 \u00e1tm\u00e9r\u0151 (D)<\/td>\n<td data-start=\"1689\" data-end=\"1698\" data-col-size=\"sm\">52 mm<\/td>\n<\/tr>\n<tr data-start=\"1699\" data-end=\"1720\">\n<td data-start=\"1699\" data-end=\"1711\" data-col-size=\"sm\">Sz\u00e9less\u00e9g (B)<\/td>\n<td data-col-size=\"sm\" data-start=\"1711\" data-end=\"1720\">18 mm<\/td>\n<\/tr>\n<tr data-start=\"1721\" data-end=\"1766\">\n<td data-start=\"1721\" data-end=\"1736\" data-col-size=\"sm\">Csap\u00e1gy t\u00edpusa<\/td>\n<td data-col-size=\"sm\" data-start=\"1736\" data-end=\"1766\">\u00d6n\u00e1ll\u00f3an igazod\u00f3 goly\u00f3scsap\u00e1gy<\/td>\n<\/tr>\n<tr data-start=\"1767\" data-end=\"1793\">\n<td data-start=\"1767\" data-end=\"1779\" data-col-size=\"sm\">Szerkezet<\/td>\n<td data-col-size=\"sm\" data-start=\"1779\" data-end=\"1793\">K\u00e9t soros<\/td>\n<\/tr>\n<tr data-start=\"1794\" data-end=\"1839\">\n<td data-start=\"1794\" data-end=\"1805\" data-col-size=\"sm\">Anyag<\/td>\n<td data-start=\"1805\" data-end=\"1839\" data-col-size=\"sm\">Kr\u00f3mac\u00e9l \/ Rozsdamentes ac\u00e9l<\/td>\n<\/tr>\n<tr data-start=\"1840\" data-end=\"1881\">\n<td data-start=\"1840\" data-end=\"1856\" data-col-size=\"sm\">Kos\u00e1r anyaga<\/td>\n<td data-col-size=\"sm\" data-start=\"1856\" data-end=\"1881\">Ac\u00e9l \/ S\u00e1rgar\u00e9z \/ Nylon<\/td>\n<\/tr>\n<tr data-start=\"1882\" data-end=\"1912\">\n<td data-start=\"1882\" data-end=\"1896\" data-col-size=\"sm\">Ken\u00e9s<\/td>\n<td data-col-size=\"sm\" data-start=\"1896\" data-end=\"1912\">Zs\u00edr \/ Olaj<\/td>\n<\/tr>\n<tr data-start=\"1913\" data-end=\"1948\">\n<td data-start=\"1913\" data-end=\"1932\" data-col-size=\"sm\">Pontoss\u00e1gi oszt\u00e1ly<\/td>\n<td data-start=\"1932\" data-end=\"1948\" data-col-size=\"sm\">P0 \/ P6 \/ P5<\/td>\n<\/tr>\n<tr data-start=\"1949\" data-end=\"1991\">\n<td data-start=\"1949\" data-end=\"1973\" data-col-size=\"sm\">M\u0171k\u00f6d\u00e9si h\u0151m\u00e9rs\u00e9klet<\/td>\n<td data-col-size=\"sm\" data-start=\"1973\" data-end=\"1991\">-20\u00b0C-t\u00f3l 120\u00b0C-ig<\/td>\n<\/tr>\n<\/tbody>\n<\/table>\n<\/div>\n<\/div>\n<h1 data-section-id=\"1p00fbj\" data-start=\"1998\" data-end=\"2016\"><span role=\"text\"><strong data-start=\"2000\" data-end=\"2016\">Alkalmaz\u00e1sok<\/strong><\/span><\/h1>\n<p data-start=\"2018\" data-end=\"2072\">A 2205 \u00f6nigazod\u00f3 goly\u00f3scsap\u00e1gy sz\u00e9les k\u00f6rben haszn\u00e1latos:<\/p>\n<ul data-start=\"2074\" data-end=\"2252\">\n<li data-section-id=\"1n6ynun\" data-start=\"2074\" data-end=\"2100\">Mez\u0151gazdas\u00e1gi g\u00e9pek<\/li>\n<li data-section-id=\"176s2ln\" data-start=\"2101\" data-end=\"2121\">Sz\u00e1ll\u00edt\u00f3szalag rendszerek<\/li>\n<li data-section-id=\"io1u9n\" data-start=\"2122\" data-end=\"2143\">Textilipari g\u00e9pek<\/li>\n<li data-section-id=\"1ahkbyk\" data-start=\"2144\" data-end=\"2175\">Ipari ventil\u00e1torok \u00e9s f\u00fav\u00f3k<\/li>\n<li data-section-id=\"1kib5nh\" data-start=\"2176\" data-end=\"2216\">K\u00f6nny\u0171 \u00e9s k\u00f6zepes ipari berendez\u00e9sek<\/li>\n<li data-section-id=\"ib1wqr\" data-start=\"2217\" data-end=\"2252\">Mechanikai hajt\u00e1si rendszerek<\/li>\n<\/ul>\n<h1 data-section-id=\"zdmnob\" data-start=\"2259\" data-end=\"2278\"><span role=\"text\"><strong data-start=\"2261\" data-end=\"2278\">Mi\u00e9rt v\u00e1lasszon minket<\/strong><\/span><\/h1>\n<ul data-start=\"2280\" data-end=\"2504\">\n<li data-section-id=\"t14xel\" data-start=\"2280\" data-end=\"2333\">Stabil gy\u00e1ri termel\u00e9s, k\u00f6vetkezetes min\u0151s\u00e9ggel<\/li>\n<li data-section-id=\"hq554l\" data-start=\"2334\" data-end=\"2379\">OEM \u00e9s egyedi anyagopci\u00f3k el\u00e9rhet\u0151k<\/li>\n<li data-section-id=\"18yrkc1\" data-start=\"2380\" data-end=\"2419\">Versenyk\u00e9pes \u00e1rak nagyobb megrendel\u00e9sek eset\u00e9n<\/li>\n<li data-section-id=\"k7xnqf\" data-start=\"2420\" data-end=\"2455\">Gyors sz\u00e1ll\u00edt\u00e1s \u00e9s glob\u00e1lis ell\u00e1t\u00e1s<\/li>\n<li data-section-id=\"1xn5vwo\" data-start=\"2456\" data-end=\"2504\">Szigor\u00fa min\u0151s\u00e9gellen\u0151rz\u00e9si \u00e9s tesztel\u00e9si rendszer<\/li>\n<\/ul>\n<h1 data-section-id=\"1iusff4\" data-start=\"2511\" data-end=\"2520\"><span role=\"text\"><strong data-start=\"2513\" data-end=\"2520\">GYIK<\/strong><\/span><\/h1>\n<p data-start=\"2522\" data-end=\"2667\"><strong data-start=\"2522\" data-end=\"2586\">K1: Mi az el\u0151nye a 2205-nek a 1205 csap\u00e1gyakkal szemben?<\/strong><br data-start=\"2586\" data-end=\"2589\" \/>V: A 2205 csap\u00e1gy nagyobb terhelhet\u0151s\u00e9ggel \u00e9s jav\u00edtott szerkezeti szil\u00e1rds\u00e1ggal rendelkezik.<\/p>\n<p data-start=\"2669\" data-end=\"2794\"><strong data-start=\"2669\" data-end=\"2715\">K2: Tudj\u00e1k a 2205 csap\u00e1gyak kezelni az eltol\u00f3d\u00e1st?<\/strong><br data-start=\"2715\" data-end=\"2718\" \/>V: Igen, kifejezetten \u00fagy vannak tervezve, hogy kompenz\u00e1lj\u00e1k a tengely eltol\u00f3d\u00e1s\u00e1t.<\/p>\n<p data-start=\"2796\" data-end=\"2940\"><strong data-start=\"2796\" data-end=\"2843\">K3: El\u00e9rhet\u0151k rozsdamentes ac\u00e9l v\u00e1ltozatok?<\/strong><br data-start=\"2843\" data-end=\"2846\" \/>V: Igen, rozsdamentes ac\u00e9l \u00e9s speci\u00e1lis anyag opci\u00f3k el\u00e9rhet\u0151k korroz\u00edv k\u00f6rnyezetekhez.<\/p>","protected":false},"excerpt":{"rendered":"<p>The <strong data-start=\"375\" data-end=\"421\">2205 K\u00e9tsoros \u00d6n\u00e1ll\u00f3an Igazod\u00f3 Goly\u00f3scsap\u00e1gy<\/strong> \u00fagy van tervezve, hogy alkalmazkodjon a tengely eltol\u00f3d\u00e1s\u00e1hoz \u00e9s hajl\u00e1s\u00e1hoz, mik\u00f6zben sima \u00e9s stabil m\u0171k\u00f6d\u00e9st biztos\u00edt. A k\u00e9tsoros goly\u00f3s szerkezet \u00e9s a g\u00f6mb alak\u00fa k\u00fcls\u0151 fut\u00f3fel\u00fclet jellemzi, ez a csap\u00e1gy automatikusan igaz\u00edtja az elhelyezked\u00e9st, cs\u00f6kkentve a fesz\u00fclts\u00e9get \u00e9s meghosszabb\u00edtva a szolg\u00e1lati \u00e9lettartamot.<\/p>","protected":false},"featured_media":2544,"comment_status":"open","ping_status":"closed","template":"","meta":{"site-sidebar-layout":"default","site-content-layout":"","ast-site-content-layout":"default","site-content-style":"default","site-sidebar-style":"default","ast-global-header-display":"","ast-banner-title-visibility":"","ast-main-header-display":"","ast-hfb-above-header-display":"","ast-hfb-below-header-display":"","ast-hfb-mobile-header-display":"","site-post-title":"","ast-breadcrumbs-content":"","ast-featured-img":"","footer-sml-layout":"","ast-disable-related-posts":"","theme-transparent-header-meta":"default","adv-header-id-meta":"","stick-header-meta":"default","header-above-stick-meta":"","header-main-stick-meta":"","header-below-stick-meta":"","astra-migrate-meta-layouts":"set","ast-page-background-enabled":"default","ast-page-background-meta":{"desktop":{"background-color":"","background-image":"","background-repeat":"repeat","background-position":"center center","background-size":"auto","background-attachment":"scroll","background-type":"","background-media":"","overlay-type":"","overlay-color":"","overlay-opacity":"","overlay-gradient":""},"tablet":{"background-color":"","background-image":"","background-repeat":"repeat","background-position":"center center","background-size":"auto","background-attachment":"scroll","background-type":"","background-media":"","overlay-type":"","overlay-color":"","overlay-opacity":"","overlay-gradient":""},"mobile":{"background-color":"","background-image":"","background-repeat":"repeat","background-position":"center center","background-size":"auto","background-attachment":"scroll","background-type":"","background-media":"","overlay-type":"","overlay-color":"","overlay-opacity":"","overlay-gradient":""}},"ast-content-background-meta":{"desktop":{"background-color":"var(--ast-global-color-5)","background-image":"","background-repeat":"repeat","background-position":"center center","background-size":"auto","background-attachment":"scroll","background-type":"","background-media":"","overlay-type":"","overlay-color":"","overlay-opacity":"","overlay-gradient":""},"tablet":{"background-color":"var(--ast-global-color-5)","background-image":"","background-repeat":"repeat","background-position":"center center","background-size":"auto","background-attachment":"scroll","background-type":"","background-media":"","overlay-type":"","overlay-color":"","overlay-opacity":"","overlay-gradient":""},"mobile":{"background-color":"var(--ast-global-color-5)","background-image":"","background-repeat":"repeat","background-position":"center center","background-size":"auto","background-attachment":"scroll","background-type":"","background-media":"","overlay-type":"","overlay-color":"","overlay-opacity":"","overlay-gradient":""}}},"product_brand":[],"product_cat":[22],"product_tag":[212,160,209,206,45,211,207,72,143,205],"class_list":{"0":"post-2438","1":"product","2":"type-product","3":"status-publish","4":"has-post-thumbnail","6":"product_cat-self-aligning-ball-bearings","7":"product_tag-2205-bearing","8":"product_tag-agricultural-bearing","9":"product_tag-conveyor-bearing","10":"product_tag-double-row-bearing","11":"product_tag-industrial-bearing","12":"product_tag-mechanical-bearing","13":"product_tag-misalignment-bearing","14":"product_tag-oem-bearing-supplier","15":"product_tag-precision-bearing-manufacturer","16":"product_tag-self-aligning-ball-bearing","17":"desktop-align-left","18":"tablet-align-left","19":"mobile-align-left","20":"ast-product-gallery-layout-horizontal-slider","21":"ast-product-gallery-with-no-image","22":"ast-product-tabs-layout-horizontal","24":"first","25":"instock","26":"shipping-taxable","27":"product-type-simple"},"_links":{"self":[{"href":"https:\/\/www.machinerybearings.com\/hu\/wp-json\/wp\/v2\/product\/2438","targetHints":{"allow":["GET"]}}],"collection":[{"href":"https:\/\/www.machinerybearings.com\/hu\/wp-json\/wp\/v2\/product"}],"about":[{"href":"https:\/\/www.machinerybearings.com\/hu\/wp-json\/wp\/v2\/types\/product"}],"replies":[{"embeddable":true,"href":"https:\/\/www.machinerybearings.com\/hu\/wp-json\/wp\/v2\/comments?post=2438"}],"wp:featuredmedia":[{"embeddable":true,"href":"https:\/\/www.machinerybearings.com\/hu\/wp-json\/wp\/v2\/media\/2544"}],"wp:attachment":[{"href":"https:\/\/www.machinerybearings.com\/hu\/wp-json\/wp\/v2\/media?parent=2438"}],"wp:term":[{"taxonomy":"product_brand","embeddable":true,"href":"https:\/\/www.machinerybearings.com\/hu\/wp-json\/wp\/v2\/product_brand?post=2438"},{"taxonomy":"product_cat","embeddable":true,"href":"https:\/\/www.machinerybearings.com\/hu\/wp-json\/wp\/v2\/product_cat?post=2438"},{"taxonomy":"product_tag","embeddable":true,"href":"https:\/\/www.machinerybearings.com\/hu\/wp-json\/wp\/v2\/product_tag?post=2438"}],"curies":[{"name":"wp","href":"https:\/\/api.w.org\/{rel}","templated":true}]}}