{"id":2439,"date":"2026-04-13T14:29:22","date_gmt":"2026-04-13T14:29:22","guid":{"rendered":"https:\/\/www.machinerybearings.com\/?post_type=product&#038;p=2439"},"modified":"2026-05-03T06:05:03","modified_gmt":"2026-05-03T06:05:03","slug":"1308-self-aligning-ball-bearing-double-row-bearing-for-shaft-misalignment-industrial-applications","status":"publish","type":"product","link":"https:\/\/www.machinerybearings.com\/hu\/termek\/1308-self-aligning-ball-bearing-double-row-bearing-for-shaft-misalignment-industrial-applications\/","title":{"rendered":"1308 \u00d6n\u00e1ll\u00f3an Igazod\u00f3 Goly\u00f3scsap\u00e1gy \u2013 K\u00e9trowos Csap\u00e1gy Tengely Elhajl\u00e1si \u00e9s Ipari Alkalmaz\u00e1sokhoz"},"content":{"rendered":"<p data-start=\"369\" data-end=\"656\">The <strong data-start=\"373\" data-end=\"408\">1308 \u00d6n\u00e1ll\u00f3an Igazod\u00f3 Goly\u00f3scsap\u00e1gy<\/strong> egy dupla soros csap\u00e1gy, amelyet kifejezetten a tengely eltol\u00f3d\u00e1s\u00e1nak \u00e9s hajl\u00e1s\u00e1nak kezel\u00e9s\u00e9re terveztek m\u0171k\u00f6d\u00e9s k\u00f6zben. G\u00f6mb alak\u00fa k\u00fcls\u0151 fut\u00f3fel\u00fclet\u00e9vel ez a csap\u00e1gy automatikusan igaz\u00edtja az elhelyezked\u00e9st, biztos\u00edtva a sima forg\u00e1st \u00e9s cs\u00f6kkentve a bels\u0151 fesz\u00fclts\u00e9get.<\/p>\n<p data-start=\"658\" data-end=\"943\">A kisebb sorozatokhoz k\u00e9pest a 1308 csap\u00e1gy magasabb terhelhet\u0151s\u00e9get \u00e9s jav\u00edtott szerkezeti szil\u00e1rds\u00e1got k\u00edn\u00e1l, \u00edgy k\u00f6zepes \u00e9s viszonylag neh\u00e9z ipari alkalmaz\u00e1sokhoz is alkalmas. Megb\u00edzhat\u00f3an m\u0171k\u00f6dik olyan rendszerekben, ahol tengelyhajl\u00e1s, rezg\u00e9s vagy telep\u00edt\u00e9si pontatlans\u00e1gok l\u00e9phetnek fel.<\/p>\n<p data-start=\"945\" data-end=\"1137\">Magas min\u0151s\u00e9g\u0171 kr\u00f3mac\u00e9lb\u00f3l k\u00e9sz\u00fclt, \u00e9s rozsdamentes ac\u00e9l vagy speci\u00e1lis anyagopci\u00f3kban el\u00e9rhet\u0151, a 1308 csap\u00e1gy alacsony s\u00farl\u00f3d\u00e1st, stabil teljes\u00edtm\u00e9nyt \u00e9s hossz\u00fa \u00e9lettartamot biztos\u00edt.<\/p>\n<h1 data-section-id=\"8av2ty\" data-start=\"1144\" data-end=\"1162\"><span role=\"text\"><strong data-start=\"1146\" data-end=\"1162\">F\u0151bb jellemz\u0151k<\/strong><\/span><\/h1>\n<ul data-start=\"1164\" data-end=\"1500\">\n<li data-section-id=\"1fr59o7\" data-start=\"1164\" data-end=\"1223\">Az \u00f6nbe\u00e1ll\u00f3 kialak\u00edt\u00e1s kompenz\u00e1lja a tengely eltol\u00f3d\u00e1s\u00e1t<\/li>\n<li data-section-id=\"nnbnhk\" data-start=\"1224\" data-end=\"1281\">Dupla soros goly\u00f3s szerkezet a megn\u00f6velt terhelhet\u0151s\u00e9g \u00e9rdek\u00e9ben<\/li>\n<li data-section-id=\"1mpt223\" data-start=\"1282\" data-end=\"1320\">Z\u00f6kken\u0151mentes m\u0171k\u00f6d\u00e9s alacsony s\u00farl\u00f3d\u00e1ssal<\/li>\n<li data-section-id=\"1cx40cl\" data-start=\"1321\" data-end=\"1370\">K\u00f6zepes \u00e9s magas terhel\u00e9s\u0171 alkalmaz\u00e1sokhoz alkalmas<\/li>\n<li data-section-id=\"1cp3td6\" data-start=\"1371\" data-end=\"1415\">Cs\u00f6kkenti a rezg\u00e9st \u00e9s a m\u0171k\u00f6d\u00e9si stresszt<\/li>\n<li data-section-id=\"f8hmgc\" data-start=\"1416\" data-end=\"1453\">K\u00f6nny\u0171 telep\u00edt\u00e9s \u00e9s karbantart\u00e1s<\/li>\n<li data-section-id=\"1kczbua\" data-start=\"1454\" data-end=\"1500\">Hossz\u00fa \u00e9lettartam \u00e9s megb\u00edzhat\u00f3 teljes\u00edtm\u00e9ny<\/li>\n<\/ul>\n<h1 data-section-id=\"10k15yz\" data-start=\"1507\" data-end=\"1537\"><span role=\"text\"><strong data-start=\"1509\" data-end=\"1537\">M\u0171szaki adatok<\/strong><\/span><\/h1>\n<div class=\"TyagGW_tableContainer\">\n<div class=\"group TyagGW_tableWrapper flex flex-col-reverse w-fit\" tabindex=\"-1\">\n<table class=\"w-fit min-w-(--thread-content-width)\" data-start=\"1539\" data-end=\"1960\">\n<thead data-start=\"1539\" data-end=\"1560\">\n<tr data-start=\"1539\" data-end=\"1560\">\n<th class=\"\" data-start=\"1539\" data-end=\"1551\" data-col-size=\"sm\">Param\u00e9ter<\/th>\n<th class=\"\" data-start=\"1551\" data-end=\"1560\" data-col-size=\"sm\">\u00c9rt\u00e9k<\/th>\n<\/tr>\n<\/thead>\n<tbody data-start=\"1581\" data-end=\"1960\">\n<tr data-start=\"1581\" data-end=\"1605\">\n<td data-start=\"1581\" data-end=\"1597\" data-col-size=\"sm\">Csap\u00e1gy modell<\/td>\n<td data-start=\"1597\" data-end=\"1605\" data-col-size=\"sm\">1308<\/td>\n<\/tr>\n<tr data-start=\"1606\" data-end=\"1636\">\n<td data-start=\"1606\" data-end=\"1627\" data-col-size=\"sm\">Bels\u0151 \u00e1tm\u00e9r\u0151 (d)<\/td>\n<td data-start=\"1627\" data-end=\"1636\" data-col-size=\"sm\">40 mm<\/td>\n<\/tr>\n<tr data-start=\"1637\" data-end=\"1667\">\n<td data-start=\"1637\" data-end=\"1658\" data-col-size=\"sm\">K\u00fcls\u0151 \u00e1tm\u00e9r\u0151 (D)<\/td>\n<td data-start=\"1658\" data-end=\"1667\" data-col-size=\"sm\">90 mm<\/td>\n<\/tr>\n<tr data-start=\"1668\" data-end=\"1689\">\n<td data-start=\"1668\" data-end=\"1680\" data-col-size=\"sm\">Sz\u00e9less\u00e9g (B)<\/td>\n<td data-start=\"1680\" data-end=\"1689\" data-col-size=\"sm\">23 mm<\/td>\n<\/tr>\n<tr data-start=\"1690\" data-end=\"1735\">\n<td data-start=\"1690\" data-end=\"1705\" data-col-size=\"sm\">Csap\u00e1gy t\u00edpusa<\/td>\n<td data-start=\"1705\" data-end=\"1735\" data-col-size=\"sm\">\u00d6n\u00e1ll\u00f3an igazod\u00f3 goly\u00f3scsap\u00e1gy<\/td>\n<\/tr>\n<tr data-start=\"1736\" data-end=\"1762\">\n<td data-start=\"1736\" data-end=\"1748\" data-col-size=\"sm\">Szerkezet<\/td>\n<td data-start=\"1748\" data-end=\"1762\" data-col-size=\"sm\">K\u00e9t soros<\/td>\n<\/tr>\n<tr data-start=\"1763\" data-end=\"1808\">\n<td data-start=\"1763\" data-end=\"1774\" data-col-size=\"sm\">Anyag<\/td>\n<td data-start=\"1774\" data-end=\"1808\" data-col-size=\"sm\">Kr\u00f3mac\u00e9l \/ Rozsdamentes ac\u00e9l<\/td>\n<\/tr>\n<tr data-start=\"1809\" data-end=\"1850\">\n<td data-start=\"1809\" data-end=\"1825\" data-col-size=\"sm\">Kos\u00e1r anyaga<\/td>\n<td data-start=\"1825\" data-end=\"1850\" data-col-size=\"sm\">Ac\u00e9l \/ S\u00e1rgar\u00e9z \/ Nylon<\/td>\n<\/tr>\n<tr data-start=\"1851\" data-end=\"1881\">\n<td data-start=\"1851\" data-end=\"1865\" data-col-size=\"sm\">Ken\u00e9s<\/td>\n<td data-start=\"1865\" data-end=\"1881\" data-col-size=\"sm\">Zs\u00edr \/ Olaj<\/td>\n<\/tr>\n<tr data-start=\"1882\" data-end=\"1917\">\n<td data-start=\"1882\" data-end=\"1901\" data-col-size=\"sm\">Pontoss\u00e1gi oszt\u00e1ly<\/td>\n<td data-start=\"1901\" data-end=\"1917\" data-col-size=\"sm\">P0 \/ P6 \/ P5<\/td>\n<\/tr>\n<tr data-start=\"1918\" data-end=\"1960\">\n<td data-start=\"1918\" data-end=\"1942\" data-col-size=\"sm\">M\u0171k\u00f6d\u00e9si h\u0151m\u00e9rs\u00e9klet<\/td>\n<td data-start=\"1942\" data-end=\"1960\" data-col-size=\"sm\">-20\u00b0C-t\u00f3l 120\u00b0C-ig<\/td>\n<\/tr>\n<\/tbody>\n<\/table>\n<\/div>\n<\/div>\n<h1 data-section-id=\"1p00fbj\" data-start=\"1967\" data-end=\"1985\"><span role=\"text\"><strong data-start=\"1969\" data-end=\"1985\">Alkalmaz\u00e1sok<\/strong><\/span><\/h1>\n<p data-start=\"1987\" data-end=\"2041\">A 1308 \u00f6n\u00e1ll\u00f3an igazod\u00f3 goly\u00f3scsap\u00e1gyat sz\u00e9les k\u00f6rben haszn\u00e1lj\u00e1k:<\/p>\n<ul data-start=\"2043\" data-end=\"2221\">\n<li data-section-id=\"1n6ynun\" data-start=\"2043\" data-end=\"2069\">Mez\u0151gazdas\u00e1gi g\u00e9pek<\/li>\n<li data-section-id=\"176s2ln\" data-start=\"2070\" data-end=\"2090\">Sz\u00e1ll\u00edt\u00f3szalag rendszerek<\/li>\n<li data-section-id=\"1ahkbyk\" data-start=\"2091\" data-end=\"2122\">Ipari ventil\u00e1torok \u00e9s f\u00fav\u00f3k<\/li>\n<li data-section-id=\"io1u9n\" data-start=\"2123\" data-end=\"2144\">Textilipari g\u00e9pek<\/li>\n<li data-section-id=\"ib1wqr\" data-start=\"2145\" data-end=\"2180\">Mechanikai hajt\u00e1si rendszerek<\/li>\n<li data-section-id=\"1kib5nh\" data-start=\"2181\" data-end=\"2221\">K\u00f6nny\u0171 \u00e9s k\u00f6zepes ipari berendez\u00e9sek<\/li>\n<\/ul>\n<h1 data-section-id=\"zdmnob\" data-start=\"2228\" data-end=\"2247\"><span role=\"text\"><strong data-start=\"2230\" data-end=\"2247\">Mi\u00e9rt v\u00e1lasszon minket<\/strong><\/span><\/h1>\n<ul data-start=\"2249\" data-end=\"2466\">\n<li data-section-id=\"t14xel\" data-start=\"2249\" data-end=\"2302\">Stabil gy\u00e1ri termel\u00e9s, k\u00f6vetkezetes min\u0151s\u00e9ggel<\/li>\n<li data-section-id=\"hq554l\" data-start=\"2303\" data-end=\"2348\">OEM \u00e9s egyedi anyagopci\u00f3k el\u00e9rhet\u0151k<\/li>\n<li data-section-id=\"18yrkc1\" data-start=\"2349\" data-end=\"2388\">Versenyk\u00e9pes \u00e1rak nagyobb megrendel\u00e9sek eset\u00e9n<\/li>\n<li data-section-id=\"k7xnqf\" data-start=\"2389\" data-end=\"2424\">Gyors sz\u00e1ll\u00edt\u00e1s \u00e9s glob\u00e1lis ell\u00e1t\u00e1s<\/li>\n<li data-section-id=\"1u6ytj0\" data-start=\"2425\" data-end=\"2466\">Szigor\u00fa ellen\u0151rz\u00e9s \u00e9s min\u0151s\u00e9g-ellen\u0151rz\u00e9s<\/li>\n<\/ul>\n<h1 data-section-id=\"1iusff4\" data-start=\"2473\" data-end=\"2482\"><span role=\"text\"><strong data-start=\"2475\" data-end=\"2482\">GYIK<\/strong><\/span><\/h1>\n<p data-start=\"2484\" data-end=\"2653\"><strong data-start=\"2484\" data-end=\"2550\">K1: Mi a 1308 \u00f6n\u00e1ll\u00f3an igazod\u00f3 csap\u00e1gyak f\u0151 el\u0151nye?<\/strong><br data-start=\"2550\" data-end=\"2553\" \/>V: Automatikusan kompenz\u00e1lj\u00e1k a tengely eltol\u00f3d\u00e1s\u00e1t, cs\u00f6kkentve a fesz\u00fclts\u00e9get \u00e9s meghosszabb\u00edtva az \u00e9lettartamot.<\/p>\n<p data-start=\"2655\" data-end=\"2816\"><strong data-start=\"2655\" data-end=\"2708\">K2: A 1308 alkalmas neh\u00e9z terhel\u00e9s\u0171 alkalmaz\u00e1sokhoz?<\/strong><br data-start=\"2708\" data-end=\"2711\" \/>V: K\u00f6zepes \u00e9s viszonylag magas terhel\u00e9s\u0171 alkalmaz\u00e1sokhoz alkalmas, de nem extr\u00e9m neh\u00e9z k\u00f6r\u00fclm\u00e9nyekhez.<\/p>\n<p data-start=\"2818\" data-end=\"2951\"><strong data-start=\"2818\" data-end=\"2865\">K3: El\u00e9rhet\u0151k rozsdamentes ac\u00e9l v\u00e1ltozatok?<\/strong><br data-start=\"2865\" data-end=\"2868\" \/>V: Igen, rozsdamentes ac\u00e9l \u00e9s testreszabott anyagopci\u00f3k k\u00e9r\u00e9sre el\u00e9rhet\u0151k.<\/p>","protected":false},"excerpt":{"rendered":"<p>The <strong data-start=\"373\" data-end=\"408\">1308 \u00d6n\u00e1ll\u00f3an Igazod\u00f3 Goly\u00f3scsap\u00e1gy<\/strong> egy dupla soros csap\u00e1gy, amelyet kifejezetten a tengely eltol\u00f3d\u00e1s\u00e1nak \u00e9s hajl\u00e1s\u00e1nak kezel\u00e9s\u00e9re terveztek m\u0171k\u00f6d\u00e9s k\u00f6zben. G\u00f6mb alak\u00fa k\u00fcls\u0151 fut\u00f3fel\u00fclet\u00e9vel ez a csap\u00e1gy automatikusan igaz\u00edtja az elhelyezked\u00e9st, biztos\u00edtva a sima forg\u00e1st \u00e9s cs\u00f6kkentve a bels\u0151 fesz\u00fclts\u00e9get.<\/p>","protected":false},"featured_media":2540,"comment_status":"open","ping_status":"closed","template":"","meta":{"site-sidebar-layout":"default","site-content-layout":"","ast-site-content-layout":"default","site-content-style":"default","site-sidebar-style":"default","ast-global-header-display":"","ast-banner-title-visibility":"","ast-main-header-display":"","ast-hfb-above-header-display":"","ast-hfb-below-header-display":"","ast-hfb-mobile-header-display":"","site-post-title":"","ast-breadcrumbs-content":"","ast-featured-img":"","footer-sml-layout":"","ast-disable-related-posts":"","theme-transparent-header-meta":"default","adv-header-id-meta":"","stick-header-meta":"default","header-above-stick-meta":"","header-main-stick-meta":"","header-below-stick-meta":"","astra-migrate-meta-layouts":"set","ast-page-background-enabled":"default","ast-page-background-meta":{"desktop":{"background-color":"","background-image":"","background-repeat":"repeat","background-position":"center center","background-size":"auto","background-attachment":"scroll","background-type":"","background-media":"","overlay-type":"","overlay-color":"","overlay-opacity":"","overlay-gradient":""},"tablet":{"background-color":"","background-image":"","background-repeat":"repeat","background-position":"center center","background-size":"auto","background-attachment":"scroll","background-type":"","background-media":"","overlay-type":"","overlay-color":"","overlay-opacity":"","overlay-gradient":""},"mobile":{"background-color":"","background-image":"","background-repeat":"repeat","background-position":"center center","background-size":"auto","background-attachment":"scroll","background-type":"","background-media":"","overlay-type":"","overlay-color":"","overlay-opacity":"","overlay-gradient":""}},"ast-content-background-meta":{"desktop":{"background-color":"var(--ast-global-color-5)","background-image":"","background-repeat":"repeat","background-position":"center center","background-size":"auto","background-attachment":"scroll","background-type":"","background-media":"","overlay-type":"","overlay-color":"","overlay-opacity":"","overlay-gradient":""},"tablet":{"background-color":"var(--ast-global-color-5)","background-image":"","background-repeat":"repeat","background-position":"center center","background-size":"auto","background-attachment":"scroll","background-type":"","background-media":"","overlay-type":"","overlay-color":"","overlay-opacity":"","overlay-gradient":""},"mobile":{"background-color":"var(--ast-global-color-5)","background-image":"","background-repeat":"repeat","background-position":"center center","background-size":"auto","background-attachment":"scroll","background-type":"","background-media":"","overlay-type":"","overlay-color":"","overlay-opacity":"","overlay-gradient":""}}},"product_brand":[],"product_cat":[22],"product_tag":[213,160,209,206,45,211,207,72,143,205],"class_list":{"0":"post-2439","1":"product","2":"type-product","3":"status-publish","4":"has-post-thumbnail","6":"product_cat-self-aligning-ball-bearings","7":"product_tag-1308-bearing","8":"product_tag-agricultural-bearing","9":"product_tag-conveyor-bearing","10":"product_tag-double-row-bearing","11":"product_tag-industrial-bearing","12":"product_tag-mechanical-bearing","13":"product_tag-misalignment-bearing","14":"product_tag-oem-bearing-supplier","15":"product_tag-precision-bearing-manufacturer","16":"product_tag-self-aligning-ball-bearing","17":"desktop-align-left","18":"tablet-align-left","19":"mobile-align-left","20":"ast-product-gallery-layout-horizontal-slider","21":"ast-product-gallery-with-no-image","22":"ast-product-tabs-layout-horizontal","24":"first","25":"instock","26":"shipping-taxable","27":"product-type-simple"},"_links":{"self":[{"href":"https:\/\/www.machinerybearings.com\/hu\/wp-json\/wp\/v2\/product\/2439","targetHints":{"allow":["GET"]}}],"collection":[{"href":"https:\/\/www.machinerybearings.com\/hu\/wp-json\/wp\/v2\/product"}],"about":[{"href":"https:\/\/www.machinerybearings.com\/hu\/wp-json\/wp\/v2\/types\/product"}],"replies":[{"embeddable":true,"href":"https:\/\/www.machinerybearings.com\/hu\/wp-json\/wp\/v2\/comments?post=2439"}],"wp:featuredmedia":[{"embeddable":true,"href":"https:\/\/www.machinerybearings.com\/hu\/wp-json\/wp\/v2\/media\/2540"}],"wp:attachment":[{"href":"https:\/\/www.machinerybearings.com\/hu\/wp-json\/wp\/v2\/media?parent=2439"}],"wp:term":[{"taxonomy":"product_brand","embeddable":true,"href":"https:\/\/www.machinerybearings.com\/hu\/wp-json\/wp\/v2\/product_brand?post=2439"},{"taxonomy":"product_cat","embeddable":true,"href":"https:\/\/www.machinerybearings.com\/hu\/wp-json\/wp\/v2\/product_cat?post=2439"},{"taxonomy":"product_tag","embeddable":true,"href":"https:\/\/www.machinerybearings.com\/hu\/wp-json\/wp\/v2\/product_tag?post=2439"}],"curies":[{"name":"wp","href":"https:\/\/api.w.org\/{rel}","templated":true}]}}