{"id":2440,"date":"2026-04-13T14:32:45","date_gmt":"2026-04-13T14:32:45","guid":{"rendered":"https:\/\/www.machinerybearings.com\/?post_type=product&#038;p=2440"},"modified":"2026-05-04T14:15:15","modified_gmt":"2026-05-04T14:15:15","slug":"wide-inner-ring-bearing-insert-bearing-with-extended-inner-ring-for-enhanced-shaft-support","status":"publish","type":"product","link":"https:\/\/www.machinerybearings.com\/hu\/termek\/wide-inner-ring-bearing-insert-bearing-with-extended-inner-ring-for-enhanced-shaft-support\/","title":{"rendered":"Sz\u00e9les Bels\u0151 Gy\u0171r\u0171s Csap\u00e1gy \u2013 Bet\u00e9t Csap\u00e1gy Kiterjesztett Bels\u0151 Gy\u0171r\u0171val a Fokozott Tengelyt\u00e1mogat\u00e1s\u00e9rt"},"content":{"rendered":"<p data-start=\"376\" data-end=\"699\">The <strong data-start=\"380\" data-end=\"407\">Sz\u00e9les bels\u0151 gy\u0171r\u0171s csap\u00e1gy<\/strong> egy speci\u00e1lis bet\u00e9tcsap\u00e1gy, amelyet egy vagy mindk\u00e9t oldalon kiterjesztett bels\u0151 gy\u0171r\u0171vel terveztek. Ez a kialak\u00edt\u00e1s tov\u00e1bbi tengelyt\u00e1mogat\u00e1st, jav\u00edtott stabilit\u00e1st \u00e9s jobb z\u00e1r\u00e1si teljes\u00edtm\u00e9nyt biztos\u00edt, \u00edgy ide\u00e1lis olyan alkalmaz\u00e1sokhoz, ahol tengelyelt\u00e9r\u00e9s, rezg\u00e9s vagy korl\u00e1tozott tengelyt\u00e1mogat\u00e1si hossz \u00e1ll fenn.<\/p>\n<p data-start=\"701\" data-end=\"997\">Sz\u00e9les k\u00f6rben haszn\u00e1lj\u00e1k mez\u0151gazdas\u00e1gi g\u00e9pekben \u00e9s sz\u00e1ll\u00edt\u00f3rendszerekben, a sz\u00e9les bels\u0151 gy\u0171r\u0171s csap\u00e1gyakat \u00e1ltal\u00e1ban p\u00e1rna blokk vagy peremh\u00e1zakban szerelik fel. A kiterjesztett bels\u0151 gy\u0171r\u0171 lehet\u0151v\u00e9 teszi a biztos r\u00f6gz\u00edt\u00e9st csavarokkal vagy excentrikus z\u00e1r\u00f3gy\u0171r\u0171kkel, biztos\u00edtva a megb\u00edzhat\u00f3 m\u0171k\u00f6d\u00e9st dinamikus terhel\u00e9si k\u00f6r\u00fclm\u00e9nyek k\u00f6z\u00f6tt.<\/p>\n<p data-start=\"999\" data-end=\"1194\">Magas min\u0151s\u00e9g\u0171 kr\u00f3m ac\u00e9lb\u00f3l k\u00e9sz\u00fclt \u00e9s rozsdamentes ac\u00e9l v\u00e1ltozatban is el\u00e9rhet\u0151, ezek a csap\u00e1gyak kiv\u00e1l\u00f3 tart\u00f3ss\u00e1got, sima forg\u00e1st \u00e9s hossz\u00fa \u00e9lettartamot k\u00edn\u00e1lnak ig\u00e9nyes k\u00f6rnyezetben.<\/p>\n<h1 data-section-id=\"8av2ty\" data-start=\"1201\" data-end=\"1219\"><span role=\"text\"><strong data-start=\"1203\" data-end=\"1219\">F\u0151bb jellemz\u0151k<\/strong><\/span><\/h1>\n<ul data-start=\"1221\" data-end=\"1567\">\n<li data-section-id=\"19holap\" data-start=\"1221\" data-end=\"1271\">Kiterjesztett bels\u0151 gy\u0171r\u0171 a fokozott tengelyt\u00e1mogat\u00e1s \u00e9rdek\u00e9ben<\/li>\n<li data-section-id=\"1j20xvq\" data-start=\"1272\" data-end=\"1332\">Jav\u00edtott stabilit\u00e1s tengelydeform\u00e1ci\u00f3val rendelkez\u0151 alkalmaz\u00e1sokban<\/li>\n<li data-section-id=\"1te2cmv\" data-start=\"1333\" data-end=\"1387\">Biztos z\u00e1r\u00e1s csavarokkal vagy excentrikus gy\u0171r\u0171vel<\/li>\n<li data-section-id=\"3br2ju\" data-start=\"1388\" data-end=\"1426\">\u00d6nbe\u00e1ll\u00f3 k\u00fcls\u0151 fel\u00fclet kialak\u00edt\u00e1s<\/li>\n<li data-section-id=\"hwxtx0\" data-start=\"1427\" data-end=\"1476\">Megfelel\u0151 p\u00e1rna blokk \u00e9s peremh\u00e1zakhoz<\/li>\n<li data-section-id=\"1lzu0yl\" data-start=\"1477\" data-end=\"1516\">El\u0151kenve a k\u00f6nny\u0171 karbantart\u00e1s \u00e9rdek\u00e9ben<\/li>\n<li data-section-id=\"1u6kvkj\" data-start=\"1517\" data-end=\"1567\">Er\u0151s rezg\u00e9s- \u00e9s \u00fct\u00e9s\u00e1ll\u00f3s\u00e1g<\/li>\n<\/ul>\n<h1 data-section-id=\"10k15yz\" data-start=\"1574\" data-end=\"1604\"><span role=\"text\"><strong data-start=\"1576\" data-end=\"1604\">M\u0171szaki adatok<\/strong><\/span><\/h1>\n<div class=\"TyagGW_tableContainer\">\n<div class=\"group TyagGW_tableWrapper flex flex-col-reverse w-fit\" tabindex=\"-1\">\n<table class=\"w-fit min-w-(--thread-content-width)\" data-start=\"1606\" data-end=\"2064\">\n<thead data-start=\"1606\" data-end=\"1627\">\n<tr data-start=\"1606\" data-end=\"1627\">\n<th class=\"\" data-start=\"1606\" data-end=\"1618\" data-col-size=\"sm\">Param\u00e9ter<\/th>\n<th class=\"\" data-start=\"1618\" data-end=\"1627\" data-col-size=\"md\">\u00c9rt\u00e9k<\/th>\n<\/tr>\n<\/thead>\n<tbody data-start=\"1648\" data-end=\"2064\">\n<tr data-start=\"1648\" data-end=\"1697\">\n<td data-start=\"1648\" data-end=\"1663\" data-col-size=\"sm\">Csap\u00e1gy t\u00edpusa<\/td>\n<td data-col-size=\"md\" data-start=\"1663\" data-end=\"1697\">Sz\u00e9les bels\u0151 gy\u0171r\u0171s bet\u00e9tcsap\u00e1gy<\/td>\n<\/tr>\n<tr data-start=\"1698\" data-end=\"1762\">\n<td data-start=\"1698\" data-end=\"1710\" data-col-size=\"sm\">Szerkezet<\/td>\n<td data-col-size=\"md\" data-start=\"1710\" data-end=\"1762\">Egysoros goly\u00f3scsap\u00e1gy kiterjesztett bels\u0151 gy\u0171r\u0171vel<\/td>\n<\/tr>\n<tr data-start=\"1763\" data-end=\"1808\">\n<td data-start=\"1763\" data-end=\"1774\" data-col-size=\"sm\">Anyag<\/td>\n<td data-col-size=\"md\" data-start=\"1774\" data-end=\"1808\">Kr\u00f3mac\u00e9l \/ Rozsdamentes ac\u00e9l<\/td>\n<\/tr>\n<tr data-start=\"1809\" data-end=\"1866\">\n<td data-start=\"1809\" data-end=\"1826\" data-col-size=\"sm\">Z\u00e1r\u00e1si m\u00f3dszer<\/td>\n<td data-col-size=\"md\" data-start=\"1826\" data-end=\"1866\">Be\u00e1ll\u00edt\u00f3 csavar \/ Eccentrikus z\u00e1r\u00f3gy\u0171r\u0171<\/td>\n<\/tr>\n<tr data-start=\"1867\" data-end=\"1904\">\n<td data-start=\"1867\" data-end=\"1882\" data-col-size=\"sm\">T\u00f6m\u00edt\u00e9si t\u00edpus<\/td>\n<td data-col-size=\"md\" data-start=\"1882\" data-end=\"1904\">Gumi t\u00f6m\u00edt\u00e9sek (2RS)<\/td>\n<\/tr>\n<tr data-start=\"1905\" data-end=\"1934\">\n<td data-start=\"1905\" data-end=\"1919\" data-col-size=\"sm\">Ken\u00e9s<\/td>\n<td data-col-size=\"md\" data-start=\"1919\" data-end=\"1934\">El\u0151kenve<\/td>\n<\/tr>\n<tr data-start=\"1935\" data-end=\"1986\">\n<td data-start=\"1935\" data-end=\"1959\" data-col-size=\"sm\">H\u00e1z kompatibilit\u00e1s<\/td>\n<td data-col-size=\"md\" data-start=\"1959\" data-end=\"1986\">UCP \/ UCF \/ UCFL sorozat<\/td>\n<\/tr>\n<tr data-start=\"1987\" data-end=\"2029\">\n<td data-start=\"1987\" data-end=\"2011\" data-col-size=\"sm\">M\u0171k\u00f6d\u00e9si h\u0151m\u00e9rs\u00e9klet<\/td>\n<td data-col-size=\"md\" data-start=\"2011\" data-end=\"2029\">-20\u00b0C-t\u00f3l 120\u00b0C-ig<\/td>\n<\/tr>\n<tr data-start=\"2030\" data-end=\"2064\">\n<td data-start=\"2030\" data-end=\"2042\" data-col-size=\"sm\">Terhel\u00e9si T\u00edpus<\/td>\n<td data-col-size=\"md\" data-start=\"2042\" data-end=\"2064\">K\u00f6zepes radi\u00e1lis terhel\u00e9s<\/td>\n<\/tr>\n<\/tbody>\n<\/table>\n<\/div>\n<\/div>\n<h1 data-section-id=\"1p00fbj\" data-start=\"2071\" data-end=\"2089\"><span role=\"text\"><strong data-start=\"2073\" data-end=\"2089\">Alkalmaz\u00e1sok<\/strong><\/span><\/h1>\n<p data-start=\"2091\" data-end=\"2135\">A sz\u00e9les bels\u0151 gy\u0171r\u0171s csap\u00e1gyakat sz\u00e9les k\u00f6rben haszn\u00e1lj\u00e1k:<\/p>\n<ul data-start=\"2137\" data-end=\"2291\">\n<li data-section-id=\"1n6ynun\" data-start=\"2137\" data-end=\"2163\">Mez\u0151gazdas\u00e1gi g\u00e9pek<\/li>\n<li data-section-id=\"176s2ln\" data-start=\"2164\" data-end=\"2184\">Sz\u00e1ll\u00edt\u00f3szalag rendszerek<\/li>\n<li data-section-id=\"1vok1mu\" data-start=\"2185\" data-end=\"2214\">F\u0171ny\u00edr\u00f3 \u00e9s kert\u00e9szeti berendez\u00e9sek<\/li>\n<li data-section-id=\"io1u9n\" data-start=\"2215\" data-end=\"2236\">Textilipari g\u00e9pek<\/li>\n<li data-section-id=\"1htpp6l\" data-start=\"2237\" data-end=\"2260\">Csomagol\u00f3 berendez\u00e9sek<\/li>\n<li data-section-id=\"14dhqtb\" data-start=\"2261\" data-end=\"2291\">K\u00f6nny\u0171 ipari g\u00e9pek<\/li>\n<\/ul>\n<h1 data-section-id=\"zdmnob\" data-start=\"2298\" data-end=\"2317\"><span role=\"text\"><strong data-start=\"2300\" data-end=\"2317\">Mi\u00e9rt v\u00e1lasszon minket<\/strong><\/span><\/h1>\n<ul data-start=\"2319\" data-end=\"2558\">\n<li data-section-id=\"27wjk1\" data-start=\"2319\" data-end=\"2372\">Er\u0151s tapasztalat a bet\u00e9tcsap\u00e1gy gy\u00e1rt\u00e1s\u00e1ban<\/li>\n<li data-section-id=\"1rc9oj3\" data-start=\"2373\" data-end=\"2419\">OEM \u00e9s egyedi z\u00e1r\u00e1si megold\u00e1sok el\u00e9rhet\u0151k<\/li>\n<li data-section-id=\"1veetvt\" data-start=\"2420\" data-end=\"2470\">Magas min\u0151s\u00e9g\u0171 anyagok stabil teljes\u00edtm\u00e9nnyel<\/li>\n<li data-section-id=\"25hgpv\" data-start=\"2471\" data-end=\"2513\">Kompatibilis a szabv\u00e1nyos h\u00e1z egys\u00e9gekkel<\/li>\n<li data-section-id=\"1lpvtyk\" data-start=\"2514\" data-end=\"2558\">Gyors sz\u00e1ll\u00edt\u00e1s \u00e9s nagy mennyis\u00e9g\u0171 ell\u00e1t\u00e1si k\u00e9pess\u00e9g<\/li>\n<\/ul>\n<h1 data-section-id=\"1iusff4\" data-start=\"2565\" data-end=\"2574\"><span role=\"text\"><strong data-start=\"2567\" data-end=\"2574\">GYIK<\/strong><\/span><\/h1>\n<p data-start=\"2576\" data-end=\"2751\"><strong data-start=\"2576\" data-end=\"2635\">K1: Mi az el\u0151nye a sz\u00e9les bels\u0151 gy\u0171r\u0171s csap\u00e1gyaknak?<\/strong><br data-start=\"2635\" data-end=\"2638\" \/>V: Jobb tengelyt\u00e1mogat\u00e1st \u00e9s stabilit\u00e1st biztos\u00edt, k\u00fcl\u00f6n\u00f6sen a tengely elhajl\u00e1s\u00e1val vagy rezg\u00e9s\u00e9vel j\u00e1r\u00f3 alkalmaz\u00e1sokban.<\/p>\n<p data-start=\"2753\" data-end=\"2877\"><strong data-start=\"2753\" data-end=\"2799\">K2: Hogyan van a csap\u00e1gy r\u00f6gz\u00edtve a tengelyhez?<\/strong><br data-start=\"2799\" data-end=\"2802\" \/>V: \u00c1ltal\u00e1ban be\u00e1ll\u00edt\u00f3 csavarokkal vagy eccentrikus z\u00e1r\u00f3gy\u0171r\u0171vel biztos\u00edtj\u00e1k.<\/p>\n<p data-start=\"2879\" data-end=\"3013\"><strong data-start=\"2879\" data-end=\"2938\">K3: Haszn\u00e1lhat\u00f3 szabv\u00e1nyos p\u00e1rnablokk h\u00e1zakkal?<\/strong><br data-start=\"2938\" data-end=\"2941\" \/>A: Igen, kompatibilis a szabv\u00e1nyos UCP, UCF \u00e9s UCFL h\u00e1z egys\u00e9gekkel.<\/p>","protected":false},"excerpt":{"rendered":"<p>The <strong data-start=\"380\" data-end=\"407\">Sz\u00e9les bels\u0151 gy\u0171r\u0171s csap\u00e1gy<\/strong> egy speci\u00e1lis bet\u00e9tcsap\u00e1gy, amelyet egy vagy mindk\u00e9t oldalon kiterjesztett bels\u0151 gy\u0171r\u0171vel terveztek. Ez a kialak\u00edt\u00e1s tov\u00e1bbi tengelyt\u00e1mogat\u00e1st, jav\u00edtott stabilit\u00e1st \u00e9s jobb z\u00e1r\u00e1si teljes\u00edtm\u00e9nyt biztos\u00edt, \u00edgy ide\u00e1lis olyan alkalmaz\u00e1sokhoz, ahol tengelyelt\u00e9r\u00e9s, rezg\u00e9s vagy korl\u00e1tozott tengelyt\u00e1mogat\u00e1si hossz \u00e1ll fenn.<\/p>","protected":false},"featured_media":2603,"comment_status":"open","ping_status":"closed","template":"","meta":{"site-sidebar-layout":"default","site-content-layout":"","ast-site-content-layout":"default","site-content-style":"default","site-sidebar-style":"default","ast-global-header-display":"","ast-banner-title-visibility":"","ast-main-header-display":"","ast-hfb-above-header-display":"","ast-hfb-below-header-display":"","ast-hfb-mobile-header-display":"","site-post-title":"","ast-breadcrumbs-content":"","ast-featured-img":"","footer-sml-layout":"","ast-disable-related-posts":"","theme-transparent-header-meta":"default","adv-header-id-meta":"","stick-header-meta":"default","header-above-stick-meta":"","header-main-stick-meta":"","header-below-stick-meta":"","astra-migrate-meta-layouts":"set","ast-page-background-enabled":"default","ast-page-background-meta":{"desktop":{"background-color":"","background-image":"","background-repeat":"repeat","background-position":"center center","background-size":"auto","background-attachment":"scroll","background-type":"","background-media":"","overlay-type":"","overlay-color":"","overlay-opacity":"","overlay-gradient":""},"tablet":{"background-color":"","background-image":"","background-repeat":"repeat","background-position":"center center","background-size":"auto","background-attachment":"scroll","background-type":"","background-media":"","overlay-type":"","overlay-color":"","overlay-opacity":"","overlay-gradient":""},"mobile":{"background-color":"","background-image":"","background-repeat":"repeat","background-position":"center center","background-size":"auto","background-attachment":"scroll","background-type":"","background-media":"","overlay-type":"","overlay-color":"","overlay-opacity":"","overlay-gradient":""}},"ast-content-background-meta":{"desktop":{"background-color":"var(--ast-global-color-5)","background-image":"","background-repeat":"repeat","background-position":"center center","background-size":"auto","background-attachment":"scroll","background-type":"","background-media":"","overlay-type":"","overlay-color":"","overlay-opacity":"","overlay-gradient":""},"tablet":{"background-color":"var(--ast-global-color-5)","background-image":"","background-repeat":"repeat","background-position":"center center","background-size":"auto","background-attachment":"scroll","background-type":"","background-media":"","overlay-type":"","overlay-color":"","overlay-opacity":"","overlay-gradient":""},"mobile":{"background-color":"var(--ast-global-color-5)","background-image":"","background-repeat":"repeat","background-position":"center center","background-size":"auto","background-attachment":"scroll","background-type":"","background-media":"","overlay-type":"","overlay-color":"","overlay-opacity":"","overlay-gradient":""}}},"product_brand":[],"product_cat":[22],"product_tag":[160,209,45,156,159,72,157,162,215,214],"class_list":{"0":"post-2440","1":"product","2":"type-product","3":"status-publish","4":"has-post-thumbnail","6":"product_cat-self-aligning-ball-bearings","7":"product_tag-agricultural-bearing","8":"product_tag-conveyor-bearing","9":"product_tag-industrial-bearing","10":"product_tag-insert-bearing","11":"product_tag-mounted-bearing","12":"product_tag-oem-bearing-supplier","13":"product_tag-pillow-block-bearing","14":"product_tag-self-aligning-bearing","15":"product_tag-uc-bearing","16":"product_tag-wide-inner-ring-bearing","17":"desktop-align-left","18":"tablet-align-left","19":"mobile-align-left","20":"ast-product-gallery-layout-horizontal-slider","21":"ast-product-gallery-with-no-image","22":"ast-product-tabs-layout-horizontal","24":"first","25":"instock","26":"shipping-taxable","27":"product-type-simple"},"_links":{"self":[{"href":"https:\/\/www.machinerybearings.com\/hu\/wp-json\/wp\/v2\/product\/2440","targetHints":{"allow":["GET"]}}],"collection":[{"href":"https:\/\/www.machinerybearings.com\/hu\/wp-json\/wp\/v2\/product"}],"about":[{"href":"https:\/\/www.machinerybearings.com\/hu\/wp-json\/wp\/v2\/types\/product"}],"replies":[{"embeddable":true,"href":"https:\/\/www.machinerybearings.com\/hu\/wp-json\/wp\/v2\/comments?post=2440"}],"wp:featuredmedia":[{"embeddable":true,"href":"https:\/\/www.machinerybearings.com\/hu\/wp-json\/wp\/v2\/media\/2603"}],"wp:attachment":[{"href":"https:\/\/www.machinerybearings.com\/hu\/wp-json\/wp\/v2\/media?parent=2440"}],"wp:term":[{"taxonomy":"product_brand","embeddable":true,"href":"https:\/\/www.machinerybearings.com\/hu\/wp-json\/wp\/v2\/product_brand?post=2440"},{"taxonomy":"product_cat","embeddable":true,"href":"https:\/\/www.machinerybearings.com\/hu\/wp-json\/wp\/v2\/product_cat?post=2440"},{"taxonomy":"product_tag","embeddable":true,"href":"https:\/\/www.machinerybearings.com\/hu\/wp-json\/wp\/v2\/product_tag?post=2440"}],"curies":[{"name":"wp","href":"https:\/\/api.w.org\/{rel}","templated":true}]}}