{"id":2444,"date":"2026-04-13T14:39:55","date_gmt":"2026-04-13T14:39:55","guid":{"rendered":"https:\/\/www.machinerybearings.com\/?post_type=product&#038;p=2444"},"modified":"2026-05-03T06:24:41","modified_gmt":"2026-05-03T06:24:41","slug":"22205-spherical-roller-bearing-self-aligning-heavy-load-bearing-for-industrial-applications","status":"publish","type":"product","link":"https:\/\/www.machinerybearings.com\/hu\/termek\/22205-spherical-roller-bearing-self-aligning-heavy-load-bearing-for-industrial-applications\/","title":{"rendered":"22205 G\u00f6mbcsap\u00e1gy \u2013 \u00d6n\u00e1ll\u00f3an Igazod\u00f3 Nagy Terhel\u00e9s\u0171 Csap\u00e1gy Ipari Alkalmaz\u00e1sokhoz"},"content":{"rendered":"<p data-start=\"379\" data-end=\"690\">The <strong data-start=\"383\" data-end=\"417\">22205 G\u00f6mb\u00f6ly\u0171 g\u00f6rd\u00fcl\u0151csap\u00e1gy<\/strong> egy dupla soros g\u00f6rd\u00fcl\u0151csap\u00e1gy, amelyet neh\u00e9z radi\u00e1lis terhek \u00e9s m\u00e9rs\u00e9kelt axi\u00e1lis terhek kezel\u00e9s\u00e9re terveztek, mik\u00f6zben kompenz\u00e1lja a tengely eltol\u00f3d\u00e1s\u00e1t. G\u00f6mb\u00f6ly\u0171 fut\u00f3fel\u00fclete automatikus igaz\u00edt\u00e1st tesz lehet\u0151v\u00e9, \u00edgy ide\u00e1lis olyan alkalmaz\u00e1sokhoz, ahol tengelydeform\u00e1ci\u00f3 vagy telep\u00edt\u00e9si hib\u00e1k fordulnak el\u0151.<\/p>\n<p data-start=\"692\" data-end=\"953\">Ez a csap\u00e1gy magas tart\u00f3ss\u00e1gra \u00e9s megb\u00edzhat\u00f3s\u00e1gra lett tervezve zord munkak\u00f6r\u00fclm\u00e9nyek k\u00f6z\u00f6tt. Az \u00f6nigaz\u00edt\u00f3 goly\u00f3scsap\u00e1gyakkal \u00f6sszehasonl\u00edtva a 22205-\u00f6s g\u00f6mb\u00f6ly\u0171 g\u00f6rd\u00fcl\u0151csap\u00e1gy jelent\u0151sen magasabb terhelhet\u0151s\u00e9get \u00e9s jav\u00edtott ellen\u00e1ll\u00e1st k\u00edn\u00e1l a sokk \u00e9s rezg\u00e9s ellen.<\/p>\n<p data-start=\"955\" data-end=\"1136\">Magas min\u0151s\u00e9g\u0171 \u00f6tv\u00f6z\u00f6tt vagy kr\u00f3mac\u00e9lb\u00f3l k\u00e9sz\u00fclt, a 22205 csap\u00e1gy hossz\u00fa \u00e9lettartamot, sima m\u0171k\u00f6d\u00e9st \u00e9s k\u00f6vetkezetes teljes\u00edtm\u00e9nyt biztos\u00edt a k\u00f6vetelm\u00e9nyeket t\u00e1maszt\u00f3 ipari k\u00f6rnyezetben.<\/p>\n<h1 data-section-id=\"8av2ty\" data-start=\"1143\" data-end=\"1161\"><span role=\"text\"><strong data-start=\"1145\" data-end=\"1161\">F\u0151bb jellemz\u0151k<\/strong><\/span><\/h1>\n<ul data-start=\"1163\" data-end=\"1499\">\n<li data-section-id=\"17ys86f\" data-start=\"1163\" data-end=\"1220\">Magas radi\u00e1lis terhelhet\u0151s\u00e9g neh\u00e9z alkalmaz\u00e1sokhoz<\/li>\n<li data-section-id=\"1fr59o7\" data-start=\"1221\" data-end=\"1280\">Az \u00f6nbe\u00e1ll\u00f3 kialak\u00edt\u00e1s kompenz\u00e1lja a tengely eltol\u00f3d\u00e1s\u00e1t<\/li>\n<li data-section-id=\"1vl001\" data-start=\"1281\" data-end=\"1325\">Kombin\u00e1lt radi\u00e1lis \u00e9s axi\u00e1lis terhek t\u00e1mogat\u00e1sa<\/li>\n<li data-section-id=\"4qe041\" data-start=\"1326\" data-end=\"1373\">Kiv\u00e1l\u00f3 ellen\u00e1ll\u00e1s a sokk \u00e9s rezg\u00e9s ellen<\/li>\n<li data-section-id=\"js9du9\" data-start=\"1374\" data-end=\"1418\">Hossz\u00fa \u00e9lettartam zord k\u00f6r\u00fclm\u00e9nyek k\u00f6z\u00f6tt<\/li>\n<li data-section-id=\"xjurbh\" data-start=\"1419\" data-end=\"1456\">Alacsony s\u00farl\u00f3d\u00e1s \u00e9s stabil m\u0171k\u00f6d\u00e9s<\/li>\n<li data-section-id=\"1398rv\" data-start=\"1457\" data-end=\"1499\">Folyamatos ipari haszn\u00e1latra alkalmas<\/li>\n<\/ul>\n<h1 data-section-id=\"10k15yz\" data-start=\"1506\" data-end=\"1536\"><span role=\"text\"><strong data-start=\"1508\" data-end=\"1536\">M\u0171szaki adatok<\/strong><\/span><\/h1>\n<div class=\"TyagGW_tableContainer\">\n<div class=\"group TyagGW_tableWrapper flex flex-col-reverse w-fit\" tabindex=\"-1\">\n<table class=\"w-fit min-w-(--thread-content-width)\" data-start=\"1538\" data-end=\"1953\">\n<thead data-start=\"1538\" data-end=\"1559\">\n<tr data-start=\"1538\" data-end=\"1559\">\n<th class=\"\" data-start=\"1538\" data-end=\"1550\" data-col-size=\"sm\">Param\u00e9ter<\/th>\n<th class=\"\" data-start=\"1550\" data-end=\"1559\" data-col-size=\"sm\">\u00c9rt\u00e9k<\/th>\n<\/tr>\n<\/thead>\n<tbody data-start=\"1580\" data-end=\"1953\">\n<tr data-start=\"1580\" data-end=\"1605\">\n<td data-start=\"1580\" data-end=\"1596\" data-col-size=\"sm\">Csap\u00e1gy modell<\/td>\n<td data-start=\"1596\" data-end=\"1605\" data-col-size=\"sm\">22205<\/td>\n<\/tr>\n<tr data-start=\"1606\" data-end=\"1636\">\n<td data-start=\"1606\" data-end=\"1627\" data-col-size=\"sm\">Bels\u0151 \u00e1tm\u00e9r\u0151 (d)<\/td>\n<td data-col-size=\"sm\" data-start=\"1627\" data-end=\"1636\">25 mm<\/td>\n<\/tr>\n<tr data-start=\"1637\" data-end=\"1667\">\n<td data-start=\"1637\" data-end=\"1658\" data-col-size=\"sm\">K\u00fcls\u0151 \u00e1tm\u00e9r\u0151 (D)<\/td>\n<td data-start=\"1658\" data-end=\"1667\" data-col-size=\"sm\">52 mm<\/td>\n<\/tr>\n<tr data-start=\"1668\" data-end=\"1689\">\n<td data-start=\"1668\" data-end=\"1680\" data-col-size=\"sm\">Sz\u00e9less\u00e9g (B)<\/td>\n<td data-col-size=\"sm\" data-start=\"1680\" data-end=\"1689\">18 mm<\/td>\n<\/tr>\n<tr data-start=\"1690\" data-end=\"1733\">\n<td data-start=\"1690\" data-end=\"1705\" data-col-size=\"sm\">Csap\u00e1gy t\u00edpusa<\/td>\n<td data-col-size=\"sm\" data-start=\"1705\" data-end=\"1733\">G\u00f6mb\u00f6ly\u0171 G\u00f6rd\u00fcl\u0151csap\u00e1gy<\/td>\n<\/tr>\n<tr data-start=\"1734\" data-end=\"1767\">\n<td data-start=\"1734\" data-end=\"1746\" data-col-size=\"sm\">Szerkezet<\/td>\n<td data-start=\"1746\" data-end=\"1767\" data-col-size=\"sm\">Dupla Soros G\u00f6rd\u00fcl\u0151<\/td>\n<\/tr>\n<tr data-start=\"1768\" data-end=\"1809\">\n<td data-start=\"1768\" data-end=\"1779\" data-col-size=\"sm\">Anyag<\/td>\n<td data-start=\"1779\" data-end=\"1809\" data-col-size=\"sm\">Kr\u00f3mac\u00e9l \/ \u00d6tv\u00f6z\u00f6tt Ac\u00e9l<\/td>\n<\/tr>\n<tr data-start=\"1810\" data-end=\"1843\">\n<td data-start=\"1810\" data-end=\"1826\" data-col-size=\"sm\">Kos\u00e1r anyaga<\/td>\n<td data-start=\"1826\" data-end=\"1843\" data-col-size=\"sm\">Ac\u00e9l \/ S\u00e1rgar\u00e9z<\/td>\n<\/tr>\n<tr data-start=\"1844\" data-end=\"1874\">\n<td data-start=\"1844\" data-end=\"1858\" data-col-size=\"sm\">Ken\u00e9s<\/td>\n<td data-start=\"1858\" data-end=\"1874\" data-col-size=\"sm\">Zs\u00edr \/ Olaj<\/td>\n<\/tr>\n<tr data-start=\"1875\" data-end=\"1910\">\n<td data-start=\"1875\" data-end=\"1894\" data-col-size=\"sm\">Pontoss\u00e1gi oszt\u00e1ly<\/td>\n<td data-start=\"1894\" data-end=\"1910\" data-col-size=\"sm\">P0 \/ P6 \/ P5<\/td>\n<\/tr>\n<tr data-start=\"1911\" data-end=\"1953\">\n<td data-start=\"1911\" data-end=\"1935\" data-col-size=\"sm\">M\u0171k\u00f6d\u00e9si h\u0151m\u00e9rs\u00e9klet<\/td>\n<td data-start=\"1935\" data-end=\"1953\" data-col-size=\"sm\">-20\u00b0C-t\u00f3l 150\u00b0C-ig<\/td>\n<\/tr>\n<\/tbody>\n<\/table>\n<\/div>\n<\/div>\n<h1 data-section-id=\"1p00fbj\" data-start=\"1960\" data-end=\"1978\"><span role=\"text\"><strong data-start=\"1962\" data-end=\"1978\">Alkalmaz\u00e1sok<\/strong><\/span><\/h1>\n<p data-start=\"1980\" data-end=\"2033\">A 22205 g\u00f6mbcsap\u00e1gy sz\u00e9les k\u00f6rben haszn\u00e1latos:<\/p>\n<ul data-start=\"2035\" data-end=\"2219\">\n<li data-section-id=\"byc78f\" data-start=\"2035\" data-end=\"2066\">B\u00e1ny\u00e1szati \u00e9s k\u0151fejt\u0151 berendez\u00e9sek<\/li>\n<li data-section-id=\"176s2ln\" data-start=\"2067\" data-end=\"2087\">Sz\u00e1ll\u00edt\u00f3szalag rendszerek<\/li>\n<li data-section-id=\"1n6ynun\" data-start=\"2088\" data-end=\"2114\">Mez\u0151gazdas\u00e1gi g\u00e9pek<\/li>\n<li data-section-id=\"942l0d\" data-start=\"2115\" data-end=\"2139\">Ipari sebess\u00e9gv\u00e1lt\u00f3k<\/li>\n<li data-section-id=\"10ok9wi\" data-start=\"2140\" data-end=\"2177\">Ac\u00e9l- \u00e9s cementgy\u00e1rt\u00f3 vonalak<\/li>\n<li data-section-id=\"azxdeo\" data-start=\"2178\" data-end=\"2219\">Neh\u00e9z g\u00e9p\u00e1tviteli rendszerek<\/li>\n<\/ul>\n<h1 data-section-id=\"zdmnob\" data-start=\"2226\" data-end=\"2245\"><span role=\"text\"><strong data-start=\"2228\" data-end=\"2245\">Mi\u00e9rt v\u00e1lasszon minket<\/strong><\/span><\/h1>\n<ul data-start=\"2247\" data-end=\"2490\">\n<li data-section-id=\"1vbjgp6\" data-start=\"2247\" data-end=\"2304\">Er\u0151s k\u00e9pess\u00e9g a neh\u00e9z terhel\u00e9s\u0171 csap\u00e1gyak gy\u00e1rt\u00e1s\u00e1ban<\/li>\n<li data-section-id=\"1eol690\" data-start=\"2305\" data-end=\"2343\">OEM \u00e9s egyedi megold\u00e1sok el\u00e9rhet\u0151k<\/li>\n<li data-section-id=\"gy7e8t\" data-start=\"2344\" data-end=\"2398\">Magas min\u0151s\u00e9g\u0171 anyagok szigor\u00fa min\u0151s\u00e9gellen\u0151rz\u00e9ssel<\/li>\n<li data-section-id=\"rqr2fb\" data-start=\"2399\" data-end=\"2443\">Stabil ell\u00e1t\u00e1s ipari nagy megrendel\u00e9sekhez<\/li>\n<li data-section-id=\"bhimnc\" data-start=\"2444\" data-end=\"2490\">Gyors glob\u00e1lis sz\u00e1ll\u00edt\u00e1s \u00e9s m\u0171szaki t\u00e1mogat\u00e1s<\/li>\n<\/ul>\n<h1 data-section-id=\"1iusff4\" data-start=\"2497\" data-end=\"2506\"><span role=\"text\"><strong data-start=\"2499\" data-end=\"2506\">GYIK<\/strong><\/span><\/h1>\n<p data-start=\"2508\" data-end=\"2645\"><strong data-start=\"2508\" data-end=\"2567\">K1: Mi az el\u0151nye a g\u00f6mbcsap\u00e1gyaknak?<\/strong><br data-start=\"2567\" data-end=\"2570\" \/>V: Magas terhelhet\u0151s\u00e9get \u00e9s kiv\u00e1l\u00f3 eltol\u00f3d\u00e1s kompenz\u00e1ci\u00f3t biztos\u00edtanak.<\/p>\n<p data-start=\"2647\" data-end=\"2770\"><strong data-start=\"2647\" data-end=\"2693\">K2: Tudj\u00e1k a 22205 csap\u00e1gyak kezelni a neh\u00e9z terheket?<\/strong><br data-start=\"2693\" data-end=\"2696\" \/>V: Igen, neh\u00e9z radi\u00e1lis terhel\u00e9sekhez \u00e9s m\u00e9rs\u00e9kelt axi\u00e1lis terhel\u00e9sekhez tervezt\u00e9k \u0151ket.<\/p>\n<p data-start=\"2772\" data-end=\"2896\"><strong data-start=\"2772\" data-end=\"2822\">K3: El\u00e9rhet\u0151k egyedi anyagok vagy tervek?<\/strong><br data-start=\"2822\" data-end=\"2825\" \/>V: Igen, t\u00e1mogatjuk az OEM testreszab\u00e1st az alkalmaz\u00e1si k\u00f6vetelm\u00e9nyek alapj\u00e1n.<\/p>","protected":false},"excerpt":{"rendered":"<p>The <strong data-start=\"383\" data-end=\"417\">22205 G\u00f6mb\u00f6ly\u0171 g\u00f6rd\u00fcl\u0151csap\u00e1gy<\/strong> egy dupla soros g\u00f6rd\u00fcl\u0151csap\u00e1gy, amelyet neh\u00e9z radi\u00e1lis terhek \u00e9s m\u00e9rs\u00e9kelt axi\u00e1lis terhek kezel\u00e9s\u00e9re terveztek, mik\u00f6zben kompenz\u00e1lja a tengely eltol\u00f3d\u00e1s\u00e1t. G\u00f6mb\u00f6ly\u0171 fut\u00f3fel\u00fclete automatikus igaz\u00edt\u00e1st tesz lehet\u0151v\u00e9, \u00edgy ide\u00e1lis olyan alkalmaz\u00e1sokhoz, ahol tengelydeform\u00e1ci\u00f3 vagy telep\u00edt\u00e9si hib\u00e1k fordulnak el\u0151.<\/p>","protected":false},"featured_media":2545,"comment_status":"open","ping_status":"closed","template":"","meta":{"site-sidebar-layout":"default","site-content-layout":"","ast-site-content-layout":"default","site-content-style":"default","site-sidebar-style":"default","ast-global-header-display":"","ast-banner-title-visibility":"","ast-main-header-display":"","ast-hfb-above-header-display":"","ast-hfb-below-header-display":"","ast-hfb-mobile-header-display":"","site-post-title":"","ast-breadcrumbs-content":"","ast-featured-img":"","footer-sml-layout":"","ast-disable-related-posts":"","theme-transparent-header-meta":"default","adv-header-id-meta":"","stick-header-meta":"default","header-above-stick-meta":"","header-main-stick-meta":"","header-below-stick-meta":"","astra-migrate-meta-layouts":"set","ast-page-background-enabled":"default","ast-page-background-meta":{"desktop":{"background-color":"","background-image":"","background-repeat":"repeat","background-position":"center center","background-size":"auto","background-attachment":"scroll","background-type":"","background-media":"","overlay-type":"","overlay-color":"","overlay-opacity":"","overlay-gradient":""},"tablet":{"background-color":"","background-image":"","background-repeat":"repeat","background-position":"center center","background-size":"auto","background-attachment":"scroll","background-type":"","background-media":"","overlay-type":"","overlay-color":"","overlay-opacity":"","overlay-gradient":""},"mobile":{"background-color":"","background-image":"","background-repeat":"repeat","background-position":"center center","background-size":"auto","background-attachment":"scroll","background-type":"","background-media":"","overlay-type":"","overlay-color":"","overlay-opacity":"","overlay-gradient":""}},"ast-content-background-meta":{"desktop":{"background-color":"var(--ast-global-color-5)","background-image":"","background-repeat":"repeat","background-position":"center center","background-size":"auto","background-attachment":"scroll","background-type":"","background-media":"","overlay-type":"","overlay-color":"","overlay-opacity":"","overlay-gradient":""},"tablet":{"background-color":"var(--ast-global-color-5)","background-image":"","background-repeat":"repeat","background-position":"center center","background-size":"auto","background-attachment":"scroll","background-type":"","background-media":"","overlay-type":"","overlay-color":"","overlay-opacity":"","overlay-gradient":""},"mobile":{"background-color":"var(--ast-global-color-5)","background-image":"","background-repeat":"repeat","background-position":"center center","background-size":"auto","background-attachment":"scroll","background-type":"","background-media":"","overlay-type":"","overlay-color":"","overlay-opacity":"","overlay-gradient":""}}},"product_brand":[],"product_cat":[24],"product_tag":[218,209,78,56,51,45,119,72,219,153],"class_list":{"0":"post-2444","1":"product","2":"type-product","3":"status-publish","4":"has-post-thumbnail","6":"product_cat-spherical-roller-bearings","7":"product_tag-22205-bearing","8":"product_tag-conveyor-bearing","9":"product_tag-gearbox-bearing","10":"product_tag-heavy-duty-bearing","11":"product_tag-high-load-bearing","12":"product_tag-industrial-bearing","13":"product_tag-mining-bearing","14":"product_tag-oem-bearing-supplier","15":"product_tag-self-aligning-roller-bearing","16":"product_tag-spherical-roller-bearing","17":"desktop-align-left","18":"tablet-align-left","19":"mobile-align-left","20":"ast-product-gallery-layout-horizontal-slider","21":"ast-product-gallery-with-no-image","22":"ast-product-tabs-layout-horizontal","24":"first","25":"instock","26":"shipping-taxable","27":"product-type-simple"},"_links":{"self":[{"href":"https:\/\/www.machinerybearings.com\/hu\/wp-json\/wp\/v2\/product\/2444","targetHints":{"allow":["GET"]}}],"collection":[{"href":"https:\/\/www.machinerybearings.com\/hu\/wp-json\/wp\/v2\/product"}],"about":[{"href":"https:\/\/www.machinerybearings.com\/hu\/wp-json\/wp\/v2\/types\/product"}],"replies":[{"embeddable":true,"href":"https:\/\/www.machinerybearings.com\/hu\/wp-json\/wp\/v2\/comments?post=2444"}],"wp:featuredmedia":[{"embeddable":true,"href":"https:\/\/www.machinerybearings.com\/hu\/wp-json\/wp\/v2\/media\/2545"}],"wp:attachment":[{"href":"https:\/\/www.machinerybearings.com\/hu\/wp-json\/wp\/v2\/media?parent=2444"}],"wp:term":[{"taxonomy":"product_brand","embeddable":true,"href":"https:\/\/www.machinerybearings.com\/hu\/wp-json\/wp\/v2\/product_brand?post=2444"},{"taxonomy":"product_cat","embeddable":true,"href":"https:\/\/www.machinerybearings.com\/hu\/wp-json\/wp\/v2\/product_cat?post=2444"},{"taxonomy":"product_tag","embeddable":true,"href":"https:\/\/www.machinerybearings.com\/hu\/wp-json\/wp\/v2\/product_tag?post=2444"}],"curies":[{"name":"wp","href":"https:\/\/api.w.org\/{rel}","templated":true}]}}