{"id":2446,"date":"2026-04-13T14:44:47","date_gmt":"2026-04-13T14:44:47","guid":{"rendered":"https:\/\/www.machinerybearings.com\/?post_type=product&#038;p=2446"},"modified":"2026-05-03T06:29:37","modified_gmt":"2026-05-03T06:29:37","slug":"22210-spherical-roller-bearing-heavy-load-self-aligning-bearing-for-industrial-machinery","status":"publish","type":"product","link":"https:\/\/www.machinerybearings.com\/hu\/termek\/22210-spherical-roller-bearing-heavy-load-self-aligning-bearing-for-industrial-machinery\/","title":{"rendered":"22210 G\u00f6mbcsap\u00e1gy \u2013 Nagy Terhel\u00e9s\u0171 \u00d6n\u00e1ll\u00f3an Igazod\u00f3 Csap\u00e1gy Ipari G\u00e9pekhez"},"content":{"rendered":"<p data-start=\"365\" data-end=\"710\">The <strong data-start=\"369\" data-end=\"403\">22210 G\u00f6mb\u00f6ly\u0171 g\u00f6rd\u00fcl\u0151csap\u00e1gy<\/strong> egy nagy teljes\u00edtm\u00e9ny\u0171, dupla soros csap\u00e1gy, amelyet neh\u00e9z radi\u00e1lis terhek \u00e9s m\u00e9rs\u00e9kelt axi\u00e1lis terhek kezel\u00e9s\u00e9re terveztek, mik\u00f6zben kompenz\u00e1lja a tengely eltol\u00f3d\u00e1s\u00e1t. G\u00f6mb\u00f6ly\u0171 fut\u00f3fel\u00fclete automatikus igaz\u00edt\u00e1st tesz lehet\u0151v\u00e9, \u00edgy ide\u00e1lis olyan alkalmaz\u00e1sokhoz, ahol tengelydeform\u00e1ci\u00f3, telep\u00edt\u00e9si hib\u00e1k vagy dinamikus \u00fczemeltet\u00e9si k\u00f6r\u00fclm\u00e9nyek \u00e1llnak fenn.<\/p>\n<p data-start=\"712\" data-end=\"971\">A standard goly\u00f3s csap\u00e1gyakhoz k\u00e9pest a 22210 csap\u00e1gy kiv\u00e1l\u00f3 terhelhet\u0151s\u00e9get, fokozott tart\u00f3ss\u00e1got \u00e9s kiv\u00e1l\u00f3 rezg\u00e9s- \u00e9s \u00fct\u00e9s\u00e1ll\u00f3s\u00e1got k\u00edn\u00e1l. Sz\u00e9les k\u00f6rben haszn\u00e1lj\u00e1k neh\u00e9zipari k\u00f6rnyezetekben, ahol a megb\u00edzhat\u00f3s\u00e1g \u00e9s a hossz\u00fa \u00e9lettartam kritikus.<\/p>\n<p data-start=\"973\" data-end=\"1150\">Magas min\u0151s\u00e9g\u0171 kr\u00f3mac\u00e9lb\u00f3l vagy \u00f6tv\u00f6z\u00f6tt ac\u00e9lb\u00f3l k\u00e9sz\u00fclt, a 22210 csap\u00e1gy sima forg\u00e1st, cs\u00f6kkentett s\u00farl\u00f3d\u00e1st \u00e9s stabil teljes\u00edtm\u00e9nyt biztos\u00edt folyamatos terhel\u00e9si k\u00f6r\u00fclm\u00e9nyek k\u00f6z\u00f6tt.<\/p>\n<h1 data-section-id=\"8av2ty\" data-start=\"1157\" data-end=\"1175\"><span role=\"text\"><strong data-start=\"1159\" data-end=\"1175\">F\u0151bb jellemz\u0151k<\/strong><\/span><\/h1>\n<ul data-start=\"1177\" data-end=\"1536\">\n<li data-section-id=\"17ys86f\" data-start=\"1177\" data-end=\"1234\">Magas radi\u00e1lis terhelhet\u0151s\u00e9g neh\u00e9z alkalmaz\u00e1sokhoz<\/li>\n<li data-section-id=\"1fr59o7\" data-start=\"1235\" data-end=\"1294\">Az \u00f6nbe\u00e1ll\u00f3 kialak\u00edt\u00e1s kompenz\u00e1lja a tengely eltol\u00f3d\u00e1s\u00e1t<\/li>\n<li data-section-id=\"1vl001\" data-start=\"1295\" data-end=\"1339\">Kombin\u00e1lt radi\u00e1lis \u00e9s axi\u00e1lis terhek t\u00e1mogat\u00e1sa<\/li>\n<li data-section-id=\"1n39sdg\" data-start=\"1340\" data-end=\"1393\">Kiv\u00e1l\u00f3 rezg\u00e9s- \u00e9s \u00fct\u00e9s\u00e1ll\u00f3s\u00e1g<\/li>\n<li data-section-id=\"yc3667\" data-start=\"1394\" data-end=\"1448\">Hossz\u00fa \u00e9lettartam zord ipari k\u00f6rnyezetben<\/li>\n<li data-section-id=\"1mpt223\" data-start=\"1449\" data-end=\"1487\">Z\u00f6kken\u0151mentes m\u0171k\u00f6d\u00e9s alacsony s\u00farl\u00f3d\u00e1ssal<\/li>\n<li data-section-id=\"1u0azbc\" data-start=\"1488\" data-end=\"1536\">Alkalmas folyamatos neh\u00e9z \u00fczemeltet\u00e9sre<\/li>\n<\/ul>\n<h1 data-section-id=\"10k15yz\" data-start=\"1543\" data-end=\"1573\"><span role=\"text\"><strong data-start=\"1545\" data-end=\"1573\">M\u0171szaki adatok<\/strong><\/span><\/h1>\n<div class=\"TyagGW_tableContainer\">\n<div class=\"group TyagGW_tableWrapper flex flex-col-reverse w-fit\" tabindex=\"-1\">\n<table class=\"w-fit min-w-(--thread-content-width)\" data-start=\"1575\" data-end=\"1990\">\n<thead data-start=\"1575\" data-end=\"1596\">\n<tr data-start=\"1575\" data-end=\"1596\">\n<th class=\"\" data-start=\"1575\" data-end=\"1587\" data-col-size=\"sm\">Param\u00e9ter<\/th>\n<th class=\"\" data-start=\"1587\" data-end=\"1596\" data-col-size=\"sm\">\u00c9rt\u00e9k<\/th>\n<\/tr>\n<\/thead>\n<tbody data-start=\"1617\" data-end=\"1990\">\n<tr data-start=\"1617\" data-end=\"1642\">\n<td data-start=\"1617\" data-end=\"1633\" data-col-size=\"sm\">Csap\u00e1gy modell<\/td>\n<td data-col-size=\"sm\" data-start=\"1633\" data-end=\"1642\">22210<\/td>\n<\/tr>\n<tr data-start=\"1643\" data-end=\"1673\">\n<td data-start=\"1643\" data-end=\"1664\" data-col-size=\"sm\">Bels\u0151 \u00e1tm\u00e9r\u0151 (d)<\/td>\n<td data-start=\"1664\" data-end=\"1673\" data-col-size=\"sm\">50 mm<\/td>\n<\/tr>\n<tr data-start=\"1674\" data-end=\"1704\">\n<td data-start=\"1674\" data-end=\"1695\" data-col-size=\"sm\">K\u00fcls\u0151 \u00e1tm\u00e9r\u0151 (D)<\/td>\n<td data-start=\"1695\" data-end=\"1704\" data-col-size=\"sm\">90 mm<\/td>\n<\/tr>\n<tr data-start=\"1705\" data-end=\"1726\">\n<td data-start=\"1705\" data-end=\"1717\" data-col-size=\"sm\">Sz\u00e9less\u00e9g (B)<\/td>\n<td data-start=\"1717\" data-end=\"1726\" data-col-size=\"sm\">23 mm<\/td>\n<\/tr>\n<tr data-start=\"1727\" data-end=\"1770\">\n<td data-start=\"1727\" data-end=\"1742\" data-col-size=\"sm\">Csap\u00e1gy t\u00edpusa<\/td>\n<td data-start=\"1742\" data-end=\"1770\" data-col-size=\"sm\">G\u00f6mb\u00f6ly\u0171 G\u00f6rd\u00fcl\u0151csap\u00e1gy<\/td>\n<\/tr>\n<tr data-start=\"1771\" data-end=\"1804\">\n<td data-start=\"1771\" data-end=\"1783\" data-col-size=\"sm\">Szerkezet<\/td>\n<td data-start=\"1783\" data-end=\"1804\" data-col-size=\"sm\">Dupla Soros G\u00f6rd\u00fcl\u0151<\/td>\n<\/tr>\n<tr data-start=\"1805\" data-end=\"1846\">\n<td data-start=\"1805\" data-end=\"1816\" data-col-size=\"sm\">Anyag<\/td>\n<td data-start=\"1816\" data-end=\"1846\" data-col-size=\"sm\">Kr\u00f3mac\u00e9l \/ \u00d6tv\u00f6z\u00f6tt Ac\u00e9l<\/td>\n<\/tr>\n<tr data-start=\"1847\" data-end=\"1880\">\n<td data-start=\"1847\" data-end=\"1863\" data-col-size=\"sm\">Kos\u00e1r anyaga<\/td>\n<td data-col-size=\"sm\" data-start=\"1863\" data-end=\"1880\">Ac\u00e9l \/ S\u00e1rgar\u00e9z<\/td>\n<\/tr>\n<tr data-start=\"1881\" data-end=\"1911\">\n<td data-start=\"1881\" data-end=\"1895\" data-col-size=\"sm\">Ken\u00e9s<\/td>\n<td data-start=\"1895\" data-end=\"1911\" data-col-size=\"sm\">Zs\u00edr \/ Olaj<\/td>\n<\/tr>\n<tr data-start=\"1912\" data-end=\"1947\">\n<td data-start=\"1912\" data-end=\"1931\" data-col-size=\"sm\">Pontoss\u00e1gi oszt\u00e1ly<\/td>\n<td data-start=\"1931\" data-end=\"1947\" data-col-size=\"sm\">P0 \/ P6 \/ P5<\/td>\n<\/tr>\n<tr data-start=\"1948\" data-end=\"1990\">\n<td data-start=\"1948\" data-end=\"1972\" data-col-size=\"sm\">M\u0171k\u00f6d\u00e9si h\u0151m\u00e9rs\u00e9klet<\/td>\n<td data-col-size=\"sm\" data-start=\"1972\" data-end=\"1990\">-20\u00b0C-t\u00f3l 150\u00b0C-ig<\/td>\n<\/tr>\n<\/tbody>\n<\/table>\n<\/div>\n<\/div>\n<h1 data-section-id=\"1p00fbj\" data-start=\"1997\" data-end=\"2015\"><span role=\"text\"><strong data-start=\"1999\" data-end=\"2015\">Alkalmaz\u00e1sok<\/strong><\/span><\/h1>\n<p data-start=\"2017\" data-end=\"2070\">A 22210 g\u00f6mb\u00f6ly\u0171 g\u00f6rd\u00fcl\u0151csap\u00e1gy sz\u00e9les k\u00f6rben haszn\u00e1latos:<\/p>\n<ul data-start=\"2072\" data-end=\"2256\">\n<li data-section-id=\"ew3yor\" data-start=\"2072\" data-end=\"2103\">B\u00e1ny\u00e1szati \u00e9s k\u0151b\u00e1ny\u00e1szati g\u00e9pek<\/li>\n<li data-section-id=\"176s2ln\" data-start=\"2104\" data-end=\"2124\">Sz\u00e1ll\u00edt\u00f3szalag rendszerek<\/li>\n<li data-section-id=\"942l0d\" data-start=\"2125\" data-end=\"2149\">Ipari sebess\u00e9gv\u00e1lt\u00f3k<\/li>\n<li data-section-id=\"10ok9wi\" data-start=\"2150\" data-end=\"2187\">Ac\u00e9l- \u00e9s cementgy\u00e1rt\u00f3 vonalak<\/li>\n<li data-section-id=\"azxdeo\" data-start=\"2188\" data-end=\"2229\">Neh\u00e9z g\u00e9p\u00e1tviteli rendszerek<\/li>\n<li data-section-id=\"y8acu3\" data-start=\"2230\" data-end=\"2256\">Mez\u0151gazdas\u00e1gi berendez\u00e9sek<\/li>\n<\/ul>\n<h1 data-section-id=\"zdmnob\" data-start=\"2263\" data-end=\"2282\"><span role=\"text\"><strong data-start=\"2265\" data-end=\"2282\">Mi\u00e9rt v\u00e1lasszon minket<\/strong><\/span><\/h1>\n<ul data-start=\"2284\" data-end=\"2526\">\n<li data-section-id=\"3u22ud\" data-start=\"2284\" data-end=\"2343\">Er\u0151s gy\u00e1rt\u00e1si kapacit\u00e1s neh\u00e9z csap\u00e1gyakhoz<\/li>\n<li data-section-id=\"1eol690\" data-start=\"2344\" data-end=\"2382\">OEM \u00e9s egyedi megold\u00e1sok el\u00e9rhet\u0151k<\/li>\n<li data-section-id=\"1hszmfc\" data-start=\"2383\" data-end=\"2434\">Magas min\u0151s\u00e9g\u0171 anyagok \u00e9s prec\u00edz feldolgoz\u00e1s<\/li>\n<li data-section-id=\"rqr2fb\" data-start=\"2435\" data-end=\"2479\">Stabil ell\u00e1t\u00e1s ipari nagy megrendel\u00e9sekhez<\/li>\n<li data-section-id=\"bhimnc\" data-start=\"2480\" data-end=\"2526\">Gyors glob\u00e1lis sz\u00e1ll\u00edt\u00e1s \u00e9s m\u0171szaki t\u00e1mogat\u00e1s<\/li>\n<\/ul>\n<h1 data-section-id=\"1iusff4\" data-start=\"2533\" data-end=\"2542\"><span role=\"text\"><strong data-start=\"2535\" data-end=\"2542\">GYIK<\/strong><\/span><\/h1>\n<p data-start=\"2544\" data-end=\"2720\"><strong data-start=\"2544\" data-end=\"2614\">K1: Mi a 22210 g\u00f6mb\u00f6ly\u0171 g\u00f6rd\u00fcl\u0151csap\u00e1gyak f\u0151 el\u0151nye?<\/strong><br data-start=\"2614\" data-end=\"2617\" \/>V: Magas terhelhet\u0151s\u00e9get \u00e9s kiv\u00e1l\u00f3 eltol\u00f3d\u00e1s-kompenz\u00e1ci\u00f3t biztos\u00edtanak neh\u00e9z alkalmaz\u00e1sokhoz.<\/p>\n<p data-start=\"2722\" data-end=\"2851\"><strong data-start=\"2722\" data-end=\"2768\">K2: A 22210 csap\u00e1gyak k\u00e9pesek axi\u00e1lis terheket kezelni?<\/strong><br data-start=\"2768\" data-end=\"2771\" \/>V: Igen, m\u00e9rs\u00e9kelt axi\u00e1lis terheket is t\u00e1mogatnak a neh\u00e9z radi\u00e1lis terhek mellett.<\/p>\n<p data-start=\"2853\" data-end=\"2986\"><strong data-start=\"2853\" data-end=\"2895\">K3: El\u00e9rhet\u0151k testreszabott v\u00e1ltozatok?<\/strong><br data-start=\"2895\" data-end=\"2898\" \/>V: Igen, OEM testreszab\u00e1st k\u00edn\u00e1lunk, bele\u00e9rtve az anyagokat, a h\u00e9zagokat \u00e9s a precizit\u00e1si oszt\u00e1lyokat.<\/p>","protected":false},"excerpt":{"rendered":"<p>The <strong data-start=\"369\" data-end=\"403\">22210 G\u00f6mb\u00f6ly\u0171 g\u00f6rd\u00fcl\u0151csap\u00e1gy<\/strong> egy nagy teljes\u00edtm\u00e9ny\u0171, dupla soros csap\u00e1gy, amelyet neh\u00e9z radi\u00e1lis terhek \u00e9s m\u00e9rs\u00e9kelt axi\u00e1lis terhek kezel\u00e9s\u00e9re terveztek, mik\u00f6zben kompenz\u00e1lja a tengely eltol\u00f3d\u00e1s\u00e1t. G\u00f6mb\u00f6ly\u0171 fut\u00f3fel\u00fclete automatikus igaz\u00edt\u00e1st tesz lehet\u0151v\u00e9, \u00edgy ide\u00e1lis olyan alkalmaz\u00e1sokhoz, ahol tengelydeform\u00e1ci\u00f3, telep\u00edt\u00e9si hib\u00e1k vagy dinamikus \u00fczemeltet\u00e9si k\u00f6r\u00fclm\u00e9nyek \u00e1llnak fenn.<\/p>","protected":false},"featured_media":2546,"comment_status":"open","ping_status":"closed","template":"","meta":{"site-sidebar-layout":"default","site-content-layout":"","ast-site-content-layout":"default","site-content-style":"default","site-sidebar-style":"default","ast-global-header-display":"","ast-banner-title-visibility":"","ast-main-header-display":"","ast-hfb-above-header-display":"","ast-hfb-below-header-display":"","ast-hfb-mobile-header-display":"","site-post-title":"","ast-breadcrumbs-content":"","ast-featured-img":"","footer-sml-layout":"","ast-disable-related-posts":"","theme-transparent-header-meta":"default","adv-header-id-meta":"","stick-header-meta":"default","header-above-stick-meta":"","header-main-stick-meta":"","header-below-stick-meta":"","astra-migrate-meta-layouts":"set","ast-page-background-enabled":"default","ast-page-background-meta":{"desktop":{"background-color":"","background-image":"","background-repeat":"repeat","background-position":"center center","background-size":"auto","background-attachment":"scroll","background-type":"","background-media":"","overlay-type":"","overlay-color":"","overlay-opacity":"","overlay-gradient":""},"tablet":{"background-color":"","background-image":"","background-repeat":"repeat","background-position":"center center","background-size":"auto","background-attachment":"scroll","background-type":"","background-media":"","overlay-type":"","overlay-color":"","overlay-opacity":"","overlay-gradient":""},"mobile":{"background-color":"","background-image":"","background-repeat":"repeat","background-position":"center center","background-size":"auto","background-attachment":"scroll","background-type":"","background-media":"","overlay-type":"","overlay-color":"","overlay-opacity":"","overlay-gradient":""}},"ast-content-background-meta":{"desktop":{"background-color":"var(--ast-global-color-5)","background-image":"","background-repeat":"repeat","background-position":"center center","background-size":"auto","background-attachment":"scroll","background-type":"","background-media":"","overlay-type":"","overlay-color":"","overlay-opacity":"","overlay-gradient":""},"tablet":{"background-color":"var(--ast-global-color-5)","background-image":"","background-repeat":"repeat","background-position":"center center","background-size":"auto","background-attachment":"scroll","background-type":"","background-media":"","overlay-type":"","overlay-color":"","overlay-opacity":"","overlay-gradient":""},"mobile":{"background-color":"var(--ast-global-color-5)","background-image":"","background-repeat":"repeat","background-position":"center center","background-size":"auto","background-attachment":"scroll","background-type":"","background-media":"","overlay-type":"","overlay-color":"","overlay-opacity":"","overlay-gradient":""}}},"product_brand":[],"product_cat":[24],"product_tag":[220,209,78,56,51,45,119,72,219,153],"class_list":{"0":"post-2446","1":"product","2":"type-product","3":"status-publish","4":"has-post-thumbnail","6":"product_cat-spherical-roller-bearings","7":"product_tag-22210-bearing","8":"product_tag-conveyor-bearing","9":"product_tag-gearbox-bearing","10":"product_tag-heavy-duty-bearing","11":"product_tag-high-load-bearing","12":"product_tag-industrial-bearing","13":"product_tag-mining-bearing","14":"product_tag-oem-bearing-supplier","15":"product_tag-self-aligning-roller-bearing","16":"product_tag-spherical-roller-bearing","17":"desktop-align-left","18":"tablet-align-left","19":"mobile-align-left","20":"ast-product-gallery-layout-horizontal-slider","21":"ast-product-gallery-with-no-image","22":"ast-product-tabs-layout-horizontal","24":"first","25":"instock","26":"shipping-taxable","27":"product-type-simple"},"_links":{"self":[{"href":"https:\/\/www.machinerybearings.com\/hu\/wp-json\/wp\/v2\/product\/2446","targetHints":{"allow":["GET"]}}],"collection":[{"href":"https:\/\/www.machinerybearings.com\/hu\/wp-json\/wp\/v2\/product"}],"about":[{"href":"https:\/\/www.machinerybearings.com\/hu\/wp-json\/wp\/v2\/types\/product"}],"replies":[{"embeddable":true,"href":"https:\/\/www.machinerybearings.com\/hu\/wp-json\/wp\/v2\/comments?post=2446"}],"wp:featuredmedia":[{"embeddable":true,"href":"https:\/\/www.machinerybearings.com\/hu\/wp-json\/wp\/v2\/media\/2546"}],"wp:attachment":[{"href":"https:\/\/www.machinerybearings.com\/hu\/wp-json\/wp\/v2\/media?parent=2446"}],"wp:term":[{"taxonomy":"product_brand","embeddable":true,"href":"https:\/\/www.machinerybearings.com\/hu\/wp-json\/wp\/v2\/product_brand?post=2446"},{"taxonomy":"product_cat","embeddable":true,"href":"https:\/\/www.machinerybearings.com\/hu\/wp-json\/wp\/v2\/product_cat?post=2446"},{"taxonomy":"product_tag","embeddable":true,"href":"https:\/\/www.machinerybearings.com\/hu\/wp-json\/wp\/v2\/product_tag?post=2446"}],"curies":[{"name":"wp","href":"https:\/\/api.w.org\/{rel}","templated":true}]}}