{"id":2448,"date":"2026-04-13T14:47:11","date_gmt":"2026-04-13T14:47:11","guid":{"rendered":"https:\/\/www.machinerybearings.com\/?post_type=product&#038;p=2448"},"modified":"2026-05-03T05:44:19","modified_gmt":"2026-05-03T05:44:19","slug":"22312-spherical-roller-bearing-heavy-load-self-aligning-bearing-for-industrial-applications","status":"publish","type":"product","link":"https:\/\/www.machinerybearings.com\/hu\/termek\/22312-spherical-roller-bearing-heavy-load-self-aligning-bearing-for-industrial-applications\/","title":{"rendered":"22312 G\u00f6mbcsap\u00e1gy \u2013 Nagy Terhel\u00e9s\u0171 \u00d6n\u00e1ll\u00f3an Igazod\u00f3 Csap\u00e1gy Ipari Alkalmaz\u00e1sokhoz"},"content":{"rendered":"<p data-start=\"386\" data-end=\"712\">The <strong data-start=\"390\" data-end=\"424\">22312 G\u00f6mb\u00f6ly\u0171 g\u00f6rd\u00fcl\u0151csap\u00e1gy<\/strong> egy neh\u00e9z terhel\u00e9s\u0171, dupla soros csap\u00e1gy, amelyet rendk\u00edv\u00fcl magas radi\u00e1lis terhel\u00e9sek \u00e9s m\u00e9rs\u00e9kelt axi\u00e1lis terhel\u00e9sek kezel\u00e9s\u00e9re terveztek, mik\u00f6zben kompenz\u00e1lja a tengely elhajl\u00e1s\u00e1t. G\u00f6mb\u00f6ly\u0171 fut\u00f3fel\u00fclete automatikus igaz\u00edt\u00e1st tesz lehet\u0151v\u00e9, biztos\u00edtva a stabil teljes\u00edtm\u00e9nyt m\u00e9g a tengely elhajl\u00e1sa vagy telep\u00edt\u00e9si hib\u00e1k eset\u00e9n is.<\/p>\n<p data-start=\"714\" data-end=\"980\">A 22200 sorozathoz k\u00e9pest a 22300 sorozat\u00fa csap\u00e1gyak <strong data-start=\"776\" data-end=\"868\">magasabb terhelhet\u0151s\u00e9get, nagyobb tart\u00f3ss\u00e1got \u00e9s jav\u00edtott ellen\u00e1ll\u00e1st k\u00edn\u00e1lnak a sokk \u00e9s rezg\u00e9s ellen<\/strong>, \u00edgy ide\u00e1lisak a k\u00f6vetelm\u00e9nyes ipari k\u00f6rnyezetekhez, mint p\u00e9ld\u00e1ul a b\u00e1ny\u00e1szat, ac\u00e9lgy\u00e1rt\u00e1s \u00e9s neh\u00e9zg\u00e9pek.<\/p>\n<p data-start=\"982\" data-end=\"1161\">Magas min\u0151s\u00e9g\u0171 \u00f6tv\u00f6z\u00f6tt vagy kr\u00f3mac\u00e9lb\u00f3l k\u00e9sz\u00fclt, a 22312 csap\u00e1gy kiv\u00e1l\u00f3 szil\u00e1rds\u00e1got, kop\u00e1s\u00e1ll\u00f3s\u00e1got \u00e9s hossz\u00fa \u00e9lettartamot biztos\u00edt folyamatos neh\u00e9z terhel\u00e9si k\u00f6r\u00fclm\u00e9nyek k\u00f6z\u00f6tt.<\/p>\n<h1 data-section-id=\"8av2ty\" data-start=\"1168\" data-end=\"1186\"><span role=\"text\"><strong data-start=\"1170\" data-end=\"1186\">F\u0151bb jellemz\u0151k<\/strong><\/span><\/h1>\n<ul data-start=\"1188\" data-end=\"1516\">\n<li data-section-id=\"1bxkwpw\" data-start=\"1188\" data-end=\"1227\">Rendk\u00edv\u00fcl magas radi\u00e1lis terhelhet\u0151s\u00e9g<\/li>\n<li data-section-id=\"1fr59o7\" data-start=\"1228\" data-end=\"1287\">Az \u00f6nbe\u00e1ll\u00f3 kialak\u00edt\u00e1s kompenz\u00e1lja a tengely eltol\u00f3d\u00e1s\u00e1t<\/li>\n<li data-section-id=\"1vl001\" data-start=\"1288\" data-end=\"1332\">Kombin\u00e1lt radi\u00e1lis \u00e9s axi\u00e1lis terhek t\u00e1mogat\u00e1sa<\/li>\n<li data-section-id=\"rdribk\" data-start=\"1333\" data-end=\"1379\">Kiv\u00e1l\u00f3 ellen\u00e1ll\u00e1s a sokk \u00e9s rezg\u00e9s ellen<\/li>\n<li data-section-id=\"1vtlpw4\" data-start=\"1380\" data-end=\"1432\">Meger\u0151s\u00edtett szerkezet neh\u00e9z terhel\u00e9s\u0171 alkalmaz\u00e1sokhoz<\/li>\n<li data-section-id=\"js9du9\" data-start=\"1433\" data-end=\"1477\">Hossz\u00fa \u00e9lettartam zord k\u00f6r\u00fclm\u00e9nyek k\u00f6z\u00f6tt<\/li>\n<li data-section-id=\"1mpt223\" data-start=\"1478\" data-end=\"1516\">Z\u00f6kken\u0151mentes m\u0171k\u00f6d\u00e9s alacsony s\u00farl\u00f3d\u00e1ssal<\/li>\n<\/ul>\n<h1 data-section-id=\"10k15yz\" data-start=\"1523\" data-end=\"1553\"><span role=\"text\"><strong data-start=\"1525\" data-end=\"1553\">M\u0171szaki adatok<\/strong><\/span><\/h1>\n<div class=\"TyagGW_tableContainer\">\n<div class=\"group TyagGW_tableWrapper flex flex-col-reverse w-fit\" tabindex=\"-1\">\n<table class=\"w-fit min-w-(--thread-content-width)\" data-start=\"1555\" data-end=\"1971\">\n<thead data-start=\"1555\" data-end=\"1576\">\n<tr data-start=\"1555\" data-end=\"1576\">\n<th class=\"\" data-start=\"1555\" data-end=\"1567\" data-col-size=\"sm\">Param\u00e9ter<\/th>\n<th class=\"\" data-start=\"1567\" data-end=\"1576\" data-col-size=\"sm\">\u00c9rt\u00e9k<\/th>\n<\/tr>\n<\/thead>\n<tbody data-start=\"1597\" data-end=\"1971\">\n<tr data-start=\"1597\" data-end=\"1622\">\n<td data-start=\"1597\" data-end=\"1613\" data-col-size=\"sm\">Csap\u00e1gy modell<\/td>\n<td data-start=\"1613\" data-end=\"1622\" data-col-size=\"sm\">22312<\/td>\n<\/tr>\n<tr data-start=\"1623\" data-end=\"1653\">\n<td data-start=\"1623\" data-end=\"1644\" data-col-size=\"sm\">Bels\u0151 \u00e1tm\u00e9r\u0151 (d)<\/td>\n<td data-col-size=\"sm\" data-start=\"1644\" data-end=\"1653\">60 mm<\/td>\n<\/tr>\n<tr data-start=\"1654\" data-end=\"1685\">\n<td data-start=\"1654\" data-end=\"1675\" data-col-size=\"sm\">K\u00fcls\u0151 \u00e1tm\u00e9r\u0151 (D)<\/td>\n<td data-start=\"1675\" data-end=\"1685\" data-col-size=\"sm\">130 mm<\/td>\n<\/tr>\n<tr data-start=\"1686\" data-end=\"1707\">\n<td data-start=\"1686\" data-end=\"1698\" data-col-size=\"sm\">Sz\u00e9less\u00e9g (B)<\/td>\n<td data-start=\"1698\" data-end=\"1707\" data-col-size=\"sm\">46 mm<\/td>\n<\/tr>\n<tr data-start=\"1708\" data-end=\"1751\">\n<td data-start=\"1708\" data-end=\"1723\" data-col-size=\"sm\">Csap\u00e1gy t\u00edpusa<\/td>\n<td data-start=\"1723\" data-end=\"1751\" data-col-size=\"sm\">G\u00f6mb\u00f6ly\u0171 G\u00f6rd\u00fcl\u0151csap\u00e1gy<\/td>\n<\/tr>\n<tr data-start=\"1752\" data-end=\"1785\">\n<td data-start=\"1752\" data-end=\"1764\" data-col-size=\"sm\">Szerkezet<\/td>\n<td data-start=\"1764\" data-end=\"1785\" data-col-size=\"sm\">Dupla Soros G\u00f6rd\u00fcl\u0151<\/td>\n<\/tr>\n<tr data-start=\"1786\" data-end=\"1827\">\n<td data-start=\"1786\" data-end=\"1797\" data-col-size=\"sm\">Anyag<\/td>\n<td data-start=\"1797\" data-end=\"1827\" data-col-size=\"sm\">Kr\u00f3mac\u00e9l \/ \u00d6tv\u00f6z\u00f6tt Ac\u00e9l<\/td>\n<\/tr>\n<tr data-start=\"1828\" data-end=\"1861\">\n<td data-start=\"1828\" data-end=\"1844\" data-col-size=\"sm\">Kos\u00e1r anyaga<\/td>\n<td data-start=\"1844\" data-end=\"1861\" data-col-size=\"sm\">Ac\u00e9l \/ S\u00e1rgar\u00e9z<\/td>\n<\/tr>\n<tr data-start=\"1862\" data-end=\"1892\">\n<td data-start=\"1862\" data-end=\"1876\" data-col-size=\"sm\">Ken\u00e9s<\/td>\n<td data-start=\"1876\" data-end=\"1892\" data-col-size=\"sm\">Zs\u00edr \/ Olaj<\/td>\n<\/tr>\n<tr data-start=\"1893\" data-end=\"1928\">\n<td data-start=\"1893\" data-end=\"1912\" data-col-size=\"sm\">Pontoss\u00e1gi oszt\u00e1ly<\/td>\n<td data-start=\"1912\" data-end=\"1928\" data-col-size=\"sm\">P0 \/ P6 \/ P5<\/td>\n<\/tr>\n<tr data-start=\"1929\" data-end=\"1971\">\n<td data-start=\"1929\" data-end=\"1953\" data-col-size=\"sm\">M\u0171k\u00f6d\u00e9si h\u0151m\u00e9rs\u00e9klet<\/td>\n<td data-start=\"1953\" data-end=\"1971\" data-col-size=\"sm\">-20\u00b0C-t\u00f3l 150\u00b0C-ig<\/td>\n<\/tr>\n<\/tbody>\n<\/table>\n<\/div>\n<\/div>\n<h1 data-section-id=\"1p00fbj\" data-start=\"1978\" data-end=\"1996\"><span role=\"text\"><strong data-start=\"1980\" data-end=\"1996\">Alkalmaz\u00e1sok<\/strong><\/span><\/h1>\n<p data-start=\"1998\" data-end=\"2051\">A 22312 g\u00f6mb\u00f6ly\u0171 g\u00f6rd\u00fcl\u0151csap\u00e1gyat sz\u00e9les k\u00f6rben haszn\u00e1lj\u00e1k:<\/p>\n<ul data-start=\"2053\" data-end=\"2234\">\n<li data-section-id=\"byc78f\" data-start=\"2053\" data-end=\"2084\">B\u00e1ny\u00e1szati \u00e9s k\u0151fejt\u0151 berendez\u00e9sek<\/li>\n<li data-section-id=\"10jsg4s\" data-start=\"2085\" data-end=\"2122\">Ac\u00e9lm\u0171vek \u00e9s hengerg\u00e9pek<\/li>\n<li data-section-id=\"siir4p\" data-start=\"2123\" data-end=\"2154\">Neh\u00e9z terhel\u00e9s\u0171 sz\u00e1ll\u00edt\u00f3szalag rendszerek<\/li>\n<li data-section-id=\"1tqmi6a\" data-start=\"2155\" data-end=\"2182\">Cementgy\u00e1rt\u00f3 vonalak<\/li>\n<li data-section-id=\"942l0d\" data-start=\"2183\" data-end=\"2207\">Ipari sebess\u00e9gv\u00e1lt\u00f3k<\/li>\n<li data-section-id=\"19d9gij\" data-start=\"2208\" data-end=\"2234\">\u00c9p\u00edt\u0151ipari g\u00e9pek<\/li>\n<\/ul>\n<h1 data-section-id=\"zdmnob\" data-start=\"2241\" data-end=\"2260\"><span role=\"text\"><strong data-start=\"2243\" data-end=\"2260\">Mi\u00e9rt v\u00e1lasszon minket<\/strong><\/span><\/h1>\n<ul data-start=\"2262\" data-end=\"2521\">\n<li data-section-id=\"1ygtht\" data-start=\"2262\" data-end=\"2318\">Er\u0151s szak\u00e9rtelem a neh\u00e9z terhel\u00e9s\u0171 gy\u00e1rt\u00e1sban<\/li>\n<li data-section-id=\"8lis3h\" data-start=\"2319\" data-end=\"2369\">OEM \u00e9s egyedi m\u00e9rn\u00f6ki megold\u00e1sok el\u00e9rhet\u0151k<\/li>\n<li data-section-id=\"gy7e8t\" data-start=\"2370\" data-end=\"2424\">Magas min\u0151s\u00e9g\u0171 anyagok szigor\u00fa min\u0151s\u00e9gellen\u0151rz\u00e9ssel<\/li>\n<li data-section-id=\"h81w5g\" data-start=\"2425\" data-end=\"2474\">Megb\u00edzhat\u00f3 ell\u00e1t\u00e1s nagy ipari projektekhez<\/li>\n<li data-section-id=\"bhimnc\" data-start=\"2475\" data-end=\"2521\">Gyors glob\u00e1lis sz\u00e1ll\u00edt\u00e1s \u00e9s m\u0171szaki t\u00e1mogat\u00e1s<\/li>\n<\/ul>\n<h1 data-section-id=\"1iusff4\" data-start=\"2528\" data-end=\"2537\"><span role=\"text\"><strong data-start=\"2530\" data-end=\"2537\">GYIK<\/strong><\/span><\/h1>\n<p data-start=\"2539\" data-end=\"2727\"><strong data-start=\"2539\" data-end=\"2606\">K1: Mi a k\u00fcl\u00f6nbs\u00e9g a 222 \u00e9s a 223 sorozat\u00fa csap\u00e1gyak k\u00f6z\u00f6tt?<\/strong><br data-start=\"2606\" data-end=\"2609\" \/>V: A 223 sorozat nagyobb terhelhet\u0151s\u00e9ggel rendelkezik, \u00e9s nehezebb alkalmaz\u00e1sokhoz k\u00e9sz\u00fclt, mint a 222 sorozat.<\/p>\n<p data-start=\"2729\" data-end=\"2883\"><strong data-start=\"2729\" data-end=\"2780\">K2: A 22312 alkalmas neh\u00e9zipari haszn\u00e1latra?<\/strong><br data-start=\"2780\" data-end=\"2783\" \/>V: Igen, kifejezetten sz\u00e9ls\u0151s\u00e9ges terhel\u00e9si k\u00f6r\u00fclm\u00e9nyekhez tervezt\u00e9k olyan ipar\u00e1gakban, mint a b\u00e1ny\u00e1szat \u00e9s az ac\u00e9lgy\u00e1rt\u00e1s.<\/p>\n<p data-start=\"2885\" data-end=\"3022\"><strong data-start=\"2885\" data-end=\"2930\">K3: Ez a csap\u00e1gy kezelni tudja a nem megfelel\u0151 igaz\u00edt\u00e1st?<\/strong><br data-start=\"2930\" data-end=\"2933\" \/>V: Igen, a g\u00f6mb alak\u00fa kialak\u00edt\u00e1s automatikus igaz\u00edt\u00e1st tesz lehet\u0151v\u00e9, \u00e9s cs\u00f6kkenti a rendszeren l\u00e9v\u0151 stresszt.<\/p>","protected":false},"excerpt":{"rendered":"<p>The <strong data-start=\"390\" data-end=\"424\">22312 G\u00f6mb\u00f6ly\u0171 g\u00f6rd\u00fcl\u0151csap\u00e1gy<\/strong> egy neh\u00e9z terhel\u00e9s\u0171, dupla soros csap\u00e1gy, amelyet rendk\u00edv\u00fcl magas radi\u00e1lis terhel\u00e9sek \u00e9s m\u00e9rs\u00e9kelt axi\u00e1lis terhel\u00e9sek kezel\u00e9s\u00e9re terveztek, mik\u00f6zben kompenz\u00e1lja a tengely elhajl\u00e1s\u00e1t. G\u00f6mb\u00f6ly\u0171 fut\u00f3fel\u00fclete automatikus igaz\u00edt\u00e1st tesz lehet\u0151v\u00e9, biztos\u00edtva a stabil teljes\u00edtm\u00e9nyt m\u00e9g a tengely elhajl\u00e1sa vagy telep\u00edt\u00e9si hib\u00e1k eset\u00e9n is.<\/p>","protected":false},"featured_media":2536,"comment_status":"open","ping_status":"closed","template":"","meta":{"site-sidebar-layout":"default","site-content-layout":"","ast-site-content-layout":"default","site-content-style":"default","site-sidebar-style":"default","ast-global-header-display":"","ast-banner-title-visibility":"","ast-main-header-display":"","ast-hfb-above-header-display":"","ast-hfb-below-header-display":"","ast-hfb-mobile-header-display":"","site-post-title":"","ast-breadcrumbs-content":"","ast-featured-img":"","footer-sml-layout":"","ast-disable-related-posts":"","theme-transparent-header-meta":"default","adv-header-id-meta":"","stick-header-meta":"default","header-above-stick-meta":"","header-main-stick-meta":"","header-below-stick-meta":"","astra-migrate-meta-layouts":"set","ast-page-background-enabled":"default","ast-page-background-meta":{"desktop":{"background-color":"","background-image":"","background-repeat":"repeat","background-position":"center center","background-size":"auto","background-attachment":"scroll","background-type":"","background-media":"","overlay-type":"","overlay-color":"","overlay-opacity":"","overlay-gradient":""},"tablet":{"background-color":"","background-image":"","background-repeat":"repeat","background-position":"center center","background-size":"auto","background-attachment":"scroll","background-type":"","background-media":"","overlay-type":"","overlay-color":"","overlay-opacity":"","overlay-gradient":""},"mobile":{"background-color":"","background-image":"","background-repeat":"repeat","background-position":"center center","background-size":"auto","background-attachment":"scroll","background-type":"","background-media":"","overlay-type":"","overlay-color":"","overlay-opacity":"","overlay-gradient":""}},"ast-content-background-meta":{"desktop":{"background-color":"var(--ast-global-color-5)","background-image":"","background-repeat":"repeat","background-position":"center center","background-size":"auto","background-attachment":"scroll","background-type":"","background-media":"","overlay-type":"","overlay-color":"","overlay-opacity":"","overlay-gradient":""},"tablet":{"background-color":"var(--ast-global-color-5)","background-image":"","background-repeat":"repeat","background-position":"center center","background-size":"auto","background-attachment":"scroll","background-type":"","background-media":"","overlay-type":"","overlay-color":"","overlay-opacity":"","overlay-gradient":""},"mobile":{"background-color":"var(--ast-global-color-5)","background-image":"","background-repeat":"repeat","background-position":"center center","background-size":"auto","background-attachment":"scroll","background-type":"","background-media":"","overlay-type":"","overlay-color":"","overlay-opacity":"","overlay-gradient":""}}},"product_brand":[],"product_cat":[24],"product_tag":[221,209,78,151,45,119,72,219,153,150],"class_list":{"0":"post-2448","1":"product","2":"type-product","3":"status-publish","4":"has-post-thumbnail","6":"product_cat-spherical-roller-bearings","7":"product_tag-22312-bearing","8":"product_tag-conveyor-bearing","9":"product_tag-gearbox-bearing","10":"product_tag-heavy-load-bearing","11":"product_tag-industrial-bearing","12":"product_tag-mining-bearing","13":"product_tag-oem-bearing-supplier","14":"product_tag-self-aligning-roller-bearing","15":"product_tag-spherical-roller-bearing","16":"product_tag-steel-mill-bearing","17":"desktop-align-left","18":"tablet-align-left","19":"mobile-align-left","20":"ast-product-gallery-layout-horizontal-slider","21":"ast-product-gallery-with-no-image","22":"ast-product-tabs-layout-horizontal","24":"first","25":"instock","26":"shipping-taxable","27":"product-type-simple"},"_links":{"self":[{"href":"https:\/\/www.machinerybearings.com\/hu\/wp-json\/wp\/v2\/product\/2448","targetHints":{"allow":["GET"]}}],"collection":[{"href":"https:\/\/www.machinerybearings.com\/hu\/wp-json\/wp\/v2\/product"}],"about":[{"href":"https:\/\/www.machinerybearings.com\/hu\/wp-json\/wp\/v2\/types\/product"}],"replies":[{"embeddable":true,"href":"https:\/\/www.machinerybearings.com\/hu\/wp-json\/wp\/v2\/comments?post=2448"}],"wp:featuredmedia":[{"embeddable":true,"href":"https:\/\/www.machinerybearings.com\/hu\/wp-json\/wp\/v2\/media\/2536"}],"wp:attachment":[{"href":"https:\/\/www.machinerybearings.com\/hu\/wp-json\/wp\/v2\/media?parent=2448"}],"wp:term":[{"taxonomy":"product_brand","embeddable":true,"href":"https:\/\/www.machinerybearings.com\/hu\/wp-json\/wp\/v2\/product_brand?post=2448"},{"taxonomy":"product_cat","embeddable":true,"href":"https:\/\/www.machinerybearings.com\/hu\/wp-json\/wp\/v2\/product_cat?post=2448"},{"taxonomy":"product_tag","embeddable":true,"href":"https:\/\/www.machinerybearings.com\/hu\/wp-json\/wp\/v2\/product_tag?post=2448"}],"curies":[{"name":"wp","href":"https:\/\/api.w.org\/{rel}","templated":true}]}}