{"id":2452,"date":"2026-04-13T15:02:11","date_gmt":"2026-04-13T15:02:11","guid":{"rendered":"https:\/\/www.machinerybearings.com\/?post_type=product&#038;p=2452"},"modified":"2026-05-03T05:28:34","modified_gmt":"2026-05-03T05:28:34","slug":"vibrating-screen-bearing-for-heavy-duty-mining-and-industrial-equipment","status":"publish","type":"product","link":"https:\/\/www.machinerybearings.com\/hu\/termek\/vibrating-screen-bearing-for-heavy-duty-mining-and-industrial-equipment\/","title":{"rendered":"Vibr\u00e1l\u00f3 K\u00e9perny\u0151 Csap\u00e1gy Neh\u00e9z B\u00e1ny\u00e1szati \u00e9s Ipari Berendez\u00e9sekhez"},"content":{"rendered":"<h3 data-section-id=\"1c8nfac\" data-start=\"214\" data-end=\"242\">Vibr\u00e1l\u00f3 K\u00e9perny\u0151 Csap\u00e1gy<\/h3>\n<p data-start=\"244\" data-end=\"430\">A vibr\u00e1l\u00f3 k\u00e9perny\u0151k csap\u00e1gyai kifejezetten magas terhel\u00e9s\u0171 \u00e9s magas vibr\u00e1ci\u00f3j\u00fa munkak\u00f6r\u00fclm\u00e9nyekhez k\u00e9sz\u00fcltek b\u00e1ny\u00e1szatban, k\u0151fejt\u00e9sben, aggreg\u00e1tum feldolgoz\u00e1sban \u00e9s neh\u00e9zipari sz\u0171r\u0151berendez\u00e9sekben.<\/p>\n<p data-start=\"432\" data-end=\"576\">\u00dagy tervezt\u00e9k \u0151ket, hogy stabil teljes\u00edtm\u00e9nyt biztos\u00edtsanak folyamatos \u00fct\u0151terhel\u00e9sek, magas forg\u00e1si vibr\u00e1ci\u00f3 \u00e9s s\u00falyos eltol\u00f3d\u00e1si k\u00f6r\u00fclm\u00e9nyek k\u00f6z\u00f6tt.<\/p>\n<p data-start=\"578\" data-end=\"790\">A standard ipari csap\u00e1gyakkal \u00f6sszehasonl\u00edtva a vibr\u00e1l\u00f3 k\u00e9perny\u0151k csap\u00e1gyai er\u0151sebb bels\u0151 meger\u0151s\u00edt\u00e9st, optimaliz\u00e1lt t\u0171r\u00e9st \u00e9s jav\u00edtott f\u00e1radts\u00e1g\u00e1ll\u00f3s\u00e1got k\u00edn\u00e1lnak, hogy biztos\u00edts\u00e1k a hossz\u00fa \u00e9lettartamot zord k\u00f6rnyezetben.<\/p>\n<h2 data-section-id=\"28z5ez\" data-start=\"797\" data-end=\"828\">\ud83d\udd37 M\u0171szaki Param\u00e9ter T\u00e1bl\u00e1zat<\/h2>\n<div class=\"TyagGW_tableContainer\">\n<div class=\"group TyagGW_tableWrapper flex flex-col-reverse w-fit\" tabindex=\"-1\">\n<table class=\"w-fit min-w-(--thread-content-width)\" data-start=\"830\" data-end=\"1415\">\n<thead data-start=\"830\" data-end=\"854\">\n<tr data-start=\"830\" data-end=\"854\">\n<th class=\"\" data-start=\"830\" data-end=\"837\" data-col-size=\"sm\">T\u00e9tel<\/th>\n<th class=\"\" data-start=\"837\" data-end=\"854\" data-col-size=\"md\">Megjegyz\u00e9s<\/th>\n<\/tr>\n<\/thead>\n<tbody data-start=\"879\" data-end=\"1415\">\n<tr data-start=\"879\" data-end=\"950\">\n<td data-start=\"879\" data-end=\"894\" data-col-size=\"sm\">Csap\u00e1gy t\u00edpusa<\/td>\n<td data-start=\"894\" data-end=\"950\" data-col-size=\"md\">G\u00f6mb\u00f6ly\u0171 G\u00f6rg\u0151 Csap\u00e1gy \/ Neh\u00e9z Teherb\u00edr\u00e1s\u00fa G\u00f6rg\u0151 Csap\u00e1gy<\/td>\n<\/tr>\n<tr data-start=\"951\" data-end=\"997\">\n<td data-start=\"951\" data-end=\"963\" data-col-size=\"sm\">Terhel\u00e9si T\u00edpus<\/td>\n<td data-col-size=\"md\" data-start=\"963\" data-end=\"997\">Magas radi\u00e1lis terhel\u00e9s + \u00fct\u0151terhel\u00e9s<\/td>\n<\/tr>\n<tr data-start=\"998\" data-end=\"1056\">\n<td data-start=\"998\" data-end=\"1020\" data-col-size=\"sm\">M\u0171k\u00f6d\u00e9si Felt\u00e9tel<\/td>\n<td data-col-size=\"md\" data-start=\"1020\" data-end=\"1056\">Magas vibr\u00e1ci\u00f3, folyamatos \u00fct\u00e9s<\/td>\n<\/tr>\n<tr data-start=\"1057\" data-end=\"1103\">\n<td data-start=\"1057\" data-end=\"1068\" data-col-size=\"sm\">Anyag<\/td>\n<td data-start=\"1068\" data-end=\"1103\" data-col-size=\"md\">GCr15 \/ GCr15SiMn Csap\u00e1gyac\u00e9l<\/td>\n<\/tr>\n<tr data-start=\"1104\" data-end=\"1154\">\n<td data-start=\"1104\" data-end=\"1116\" data-col-size=\"sm\">Kos\u00e1r T\u00edpus<\/td>\n<td data-col-size=\"md\" data-start=\"1116\" data-end=\"1154\">Ac\u00e9lkos\u00e1r \/ S\u00e1rgar\u00e9z kos\u00e1r (opcion\u00e1lis)<\/td>\n<\/tr>\n<tr data-start=\"1155\" data-end=\"1192\">\n<td data-start=\"1155\" data-end=\"1167\" data-col-size=\"sm\">T\u0171r\u00e9s<\/td>\n<td data-start=\"1167\" data-end=\"1192\" data-col-size=\"md\">C3 \/ C4 \/ C5 opcion\u00e1lis<\/td>\n<\/tr>\n<tr data-start=\"1193\" data-end=\"1236\">\n<td data-start=\"1193\" data-end=\"1207\" data-col-size=\"sm\">Ken\u00e9s<\/td>\n<td data-col-size=\"md\" data-start=\"1207\" data-end=\"1236\">Zs\u00edr vagy olaj ken\u00e9s<\/td>\n<\/tr>\n<tr data-start=\"1237\" data-end=\"1300\">\n<td data-start=\"1237\" data-end=\"1257\" data-col-size=\"sm\">H\u0151m\u00e9rs\u00e9kleti Tartom\u00e1ny<\/td>\n<td data-col-size=\"md\" data-start=\"1257\" data-end=\"1300\">-30\u00b0C-t\u00f3l 200\u00b0C-ig (a zs\u00edrt\u00edpust\u00f3l f\u00fcgg)<\/td>\n<\/tr>\n<tr data-start=\"1301\" data-end=\"1355\">\n<td data-start=\"1301\" data-end=\"1318\" data-col-size=\"sm\">T\u00f6m\u00edt\u00e9si Opci\u00f3<\/td>\n<td data-col-size=\"md\" data-start=\"1318\" data-end=\"1355\">Nyitott \/ Z\u00e1rt \/ Por\u00e1ll\u00f3 kialak\u00edt\u00e1s<\/td>\n<\/tr>\n<tr data-start=\"1356\" data-end=\"1415\">\n<td data-start=\"1356\" data-end=\"1382\" data-col-size=\"sm\">Elhajl\u00e1si K\u00e9pess\u00e9g<\/td>\n<td data-col-size=\"md\" data-start=\"1382\" data-end=\"1415\">Magas \u00f6nbe\u00e1ll\u00edt\u00f3 k\u00e9pess\u00e9g<\/td>\n<\/tr>\n<\/tbody>\n<\/table>\n<\/div>\n<\/div>\n<h2 data-section-id=\"1y8un7j\" data-start=\"1422\" data-end=\"1440\">\ud83d\udd37 F\u0151 Jellemz\u0151k<\/h2>\n<ul data-start=\"1442\" data-end=\"1785\">\n<li data-section-id=\"1u8enpv\" data-start=\"1442\" data-end=\"1496\">Magas frekvenci\u00e1j\u00fa vibr\u00e1ci\u00f3s k\u00f6rnyezetekhez tervezve<\/li>\n<li data-section-id=\"1kldcsm\" data-start=\"1497\" data-end=\"1553\">Kiv\u00e1l\u00f3 ellen\u00e1ll\u00e1s az \u00fct\u00e9sekkel \u00e9s neh\u00e9z radi\u00e1lis terhel\u00e9sekkel szemben<\/li>\n<li data-section-id=\"y8b7hk\" data-start=\"1554\" data-end=\"1620\">Er\u0151s \u00f6nbe\u00e1ll\u00edt\u00f3 teljes\u00edtm\u00e9ny a telep\u00edt\u00e9si stressz cs\u00f6kkent\u00e9s\u00e9re<\/li>\n<li data-section-id=\"5rf9z8\" data-start=\"1621\" data-end=\"1673\">Meghosszabb\u00edtott \u00e9lettartam folyamatos m\u0171k\u00f6d\u00e9s alatt<\/li>\n<li data-section-id=\"1h13109\" data-start=\"1674\" data-end=\"1720\">Cs\u00f6kkentett karbantart\u00e1si gyakoris\u00e1g \u00e9s le\u00e1ll\u00e1si id\u0151<\/li>\n<li data-section-id=\"ektqkh\" data-start=\"1721\" data-end=\"1785\">Alkalmas porra, p\u00e1ratartalomra \u00e9s zord ipari k\u00f6r\u00fclm\u00e9nyekre<\/li>\n<\/ul>\n<h2 data-section-id=\"1mxbwoh\" data-start=\"1792\" data-end=\"1815\">\ud83d\udd37 Alkalmaz\u00e1si ter\u00fcletek<\/h2>\n<ul data-start=\"1817\" data-end=\"2024\">\n<li data-section-id=\"1bd7p6v\" data-start=\"1817\" data-end=\"1845\">B\u00e1ny\u00e1szati rezg\u0151k\u00e9perny\u0151k<\/li>\n<li data-section-id=\"15q8jif\" data-start=\"1846\" data-end=\"1885\">K\u0151z\u00faz\u00f3 \u00e9s -sz\u0171r\u0151 \u00fczemek<\/li>\n<li data-section-id=\"14v4408\" data-start=\"1886\" data-end=\"1915\">Sz\u00e9nfeldolgoz\u00f3 berendez\u00e9sek<\/li>\n<li data-section-id=\"1tqmi6a\" data-start=\"1916\" data-end=\"1943\">Cementgy\u00e1rt\u00f3 vonalak<\/li>\n<li data-section-id=\"ewy2ju\" data-start=\"1944\" data-end=\"1989\">F\u00e9mipari \u00e9s \u00e1sv\u00e1nyi feldolgoz\u00f3 rendszerek<\/li>\n<li data-section-id=\"xfcvsg\" data-start=\"1990\" data-end=\"2024\">K\u0151b\u00e1ny\u00e1szati \u00e9s aggreg\u00e1tum g\u00e9pek<\/li>\n<\/ul>\n<h2 data-section-id=\"1a1u7ke\" data-start=\"2031\" data-end=\"2059\">\ud83d\udd37 M\u00e9rn\u00f6ki El\u0151ny\u00f6k<\/h2>\n<p data-start=\"2061\" data-end=\"2200\">A rezg\u0151k\u00e9perny\u0151 berendez\u00e9sek folyamatos dinamikus stresszt gener\u00e1lnak a csap\u00e1gyakon, ami gyakran korai meghib\u00e1sod\u00e1shoz vezet a standard csap\u00e1gyt\u00edpusokn\u00e1l.<\/p>\n<p data-start=\"2202\" data-end=\"2266\">Ez a term\u00e9k a k\u00f6vetkez\u0151 gyakori meghib\u00e1sod\u00e1si probl\u00e9m\u00e1k megold\u00e1s\u00e1ra k\u00e9sz\u00fclt:<\/p>\n<ul data-start=\"2268\" data-end=\"2409\">\n<li data-section-id=\"14i90g7\" data-start=\"2268\" data-end=\"2296\">Fut\u00f3p\u00e1lya f\u00e1rad\u00e1sos reped\u00e9s<\/li>\n<li data-section-id=\"bk7bso\" data-start=\"2297\" data-end=\"2333\">A ketrec deform\u00e1ci\u00f3ja rezg\u00e9s hat\u00e1s\u00e1ra<\/li>\n<li data-section-id=\"2qwo8v\" data-start=\"2334\" data-end=\"2379\">Ken\u0151anyag leboml\u00e1sa h\u0151felhalmoz\u00f3d\u00e1s miatt<\/li>\n<li data-section-id=\"ty5bi0\" data-start=\"2380\" data-end=\"2409\">Rosszall\u00e1s okozta kop\u00e1s<\/li>\n<\/ul>\n<p data-start=\"2411\" data-end=\"2532\">A bels\u0151 geometria \u00e9s az anyag szil\u00e1rds\u00e1g\u00e1nak optimaliz\u00e1l\u00e1s\u00e1val a szolg\u00e1ltat\u00e1si \u00e9lettartam jelent\u0151sen javul a neh\u00e9z alkalmaz\u00e1sokban.<\/p>\n<h2 data-section-id=\"bf9ua4\" data-start=\"2539\" data-end=\"2559\">\ud83d\udd37 Egyedi Opci\u00f3k<\/h2>\n<p data-start=\"2561\" data-end=\"2601\">T\u00e1mogatjuk az OEM \u00e9s testreszabott megold\u00e1sokat:<\/p>\n<ul data-start=\"2603\" data-end=\"2823\">\n<li data-section-id=\"12z25a6\" data-start=\"2603\" data-end=\"2645\">Bels\u0151 \u00e9s k\u00fcls\u0151 \u00e1tm\u00e9r\u0151 testreszab\u00e1s<\/li>\n<li data-section-id=\"11j4pt1\" data-start=\"2646\" data-end=\"2690\">Kaf\u00e9s anyag kiv\u00e1laszt\u00e1sa (ac\u00e9l vagy s\u00e1rgar\u00e9z)<\/li>\n<li data-section-id=\"rh4t0y\" data-start=\"2691\" data-end=\"2732\">J\u00e1t\u00e9koszt\u00e1ly be\u00e1ll\u00edt\u00e1sa (C3\/C4\/C5)<\/li>\n<li data-section-id=\"wvf30s\" data-start=\"2733\" data-end=\"2780\">K\u00fcl\u00f6nleges h\u0151kezel\u00e9s magas h\u0151m\u00e9rs\u00e9klethez<\/li>\n<li data-section-id=\"14r2iv5\" data-start=\"2781\" data-end=\"2823\">Por\u00e1ll\u00f3 \u00e9s z\u00e1rt szerkezet\u0171 tervez\u00e9s<\/li>\n<\/ul>","protected":false},"excerpt":{"rendered":"<p data-start=\"244\" data-end=\"430\">A vibr\u00e1l\u00f3 k\u00e9perny\u0151k csap\u00e1gyai kifejezetten magas terhel\u00e9s\u0171 \u00e9s magas vibr\u00e1ci\u00f3j\u00fa munkak\u00f6r\u00fclm\u00e9nyekhez k\u00e9sz\u00fcltek b\u00e1ny\u00e1szatban, k\u0151fejt\u00e9sben, aggreg\u00e1tum feldolgoz\u00e1sban \u00e9s neh\u00e9zipari sz\u0171r\u0151berendez\u00e9sekben.<\/p>\n<p data-start=\"432\" data-end=\"576\">\u00dagy tervezt\u00e9k \u0151ket, hogy stabil teljes\u00edtm\u00e9nyt biztos\u00edtsanak folyamatos \u00fct\u0151terhel\u00e9sek, magas forg\u00e1si vibr\u00e1ci\u00f3 \u00e9s s\u00falyos eltol\u00f3d\u00e1si k\u00f6r\u00fclm\u00e9nyek k\u00f6z\u00f6tt.<\/p>","protected":false},"featured_media":2533,"comment_status":"open","ping_status":"closed","template":"","meta":{"site-sidebar-layout":"default","site-content-layout":"","ast-site-content-layout":"default","site-content-style":"default","site-sidebar-style":"default","ast-global-header-display":"","ast-banner-title-visibility":"","ast-main-header-display":"","ast-hfb-above-header-display":"","ast-hfb-below-header-display":"","ast-hfb-mobile-header-display":"","site-post-title":"","ast-breadcrumbs-content":"","ast-featured-img":"","footer-sml-layout":"","ast-disable-related-posts":"","theme-transparent-header-meta":"default","adv-header-id-meta":"","stick-header-meta":"default","header-above-stick-meta":"","header-main-stick-meta":"","header-below-stick-meta":"","astra-migrate-meta-layouts":"set","ast-page-background-enabled":"default","ast-page-background-meta":{"desktop":{"background-color":"","background-image":"","background-repeat":"repeat","background-position":"center center","background-size":"auto","background-attachment":"scroll","background-type":"","background-media":"","overlay-type":"","overlay-color":"","overlay-opacity":"","overlay-gradient":""},"tablet":{"background-color":"","background-image":"","background-repeat":"repeat","background-position":"center center","background-size":"auto","background-attachment":"scroll","background-type":"","background-media":"","overlay-type":"","overlay-color":"","overlay-opacity":"","overlay-gradient":""},"mobile":{"background-color":"","background-image":"","background-repeat":"repeat","background-position":"center center","background-size":"auto","background-attachment":"scroll","background-type":"","background-media":"","overlay-type":"","overlay-color":"","overlay-opacity":"","overlay-gradient":""}},"ast-content-background-meta":{"desktop":{"background-color":"var(--ast-global-color-5)","background-image":"","background-repeat":"repeat","background-position":"center center","background-size":"auto","background-attachment":"scroll","background-type":"","background-media":"","overlay-type":"","overlay-color":"","overlay-opacity":"","overlay-gradient":""},"tablet":{"background-color":"var(--ast-global-color-5)","background-image":"","background-repeat":"repeat","background-position":"center center","background-size":"auto","background-attachment":"scroll","background-type":"","background-media":"","overlay-type":"","overlay-color":"","overlay-opacity":"","overlay-gradient":""},"mobile":{"background-color":"var(--ast-global-color-5)","background-image":"","background-repeat":"repeat","background-position":"center center","background-size":"auto","background-attachment":"scroll","background-type":"","background-media":"","overlay-type":"","overlay-color":"","overlay-opacity":"","overlay-gradient":""}}},"product_brand":[],"product_cat":[24],"product_tag":[231,234,232,233,56,51,228,119,47,230,162,229,153,235,227],"class_list":{"0":"post-2452","1":"product","2":"type-product","3":"status-publish","4":"has-post-thumbnail","6":"product_cat-spherical-roller-bearings","7":"product_tag-aggregate-equipment-bearing","8":"product_tag-c4-clearance-bearing","9":"product_tag-cement-plant-bearing","10":"product_tag-gcr15-bearing","11":"product_tag-heavy-duty-bearing","12":"product_tag-high-load-bearing","13":"product_tag-industrial-roller-bearing","14":"product_tag-mining-bearing","15":"product_tag-oem-bearing-manufacturer","16":"product_tag-quarry-machine-bearing","17":"product_tag-self-aligning-bearing","18":"product_tag-shock-resistant-bearing","19":"product_tag-spherical-roller-bearing","20":"product_tag-vibrating-machinery-parts","21":"product_tag-vibrating-screen-bearing","22":"desktop-align-left","23":"tablet-align-left","24":"mobile-align-left","25":"ast-product-gallery-layout-horizontal-slider","26":"ast-product-gallery-with-no-image","27":"ast-product-tabs-layout-horizontal","29":"first","30":"instock","31":"shipping-taxable","32":"product-type-simple"},"_links":{"self":[{"href":"https:\/\/www.machinerybearings.com\/hu\/wp-json\/wp\/v2\/product\/2452","targetHints":{"allow":["GET"]}}],"collection":[{"href":"https:\/\/www.machinerybearings.com\/hu\/wp-json\/wp\/v2\/product"}],"about":[{"href":"https:\/\/www.machinerybearings.com\/hu\/wp-json\/wp\/v2\/types\/product"}],"replies":[{"embeddable":true,"href":"https:\/\/www.machinerybearings.com\/hu\/wp-json\/wp\/v2\/comments?post=2452"}],"wp:featuredmedia":[{"embeddable":true,"href":"https:\/\/www.machinerybearings.com\/hu\/wp-json\/wp\/v2\/media\/2533"}],"wp:attachment":[{"href":"https:\/\/www.machinerybearings.com\/hu\/wp-json\/wp\/v2\/media?parent=2452"}],"wp:term":[{"taxonomy":"product_brand","embeddable":true,"href":"https:\/\/www.machinerybearings.com\/hu\/wp-json\/wp\/v2\/product_brand?post=2452"},{"taxonomy":"product_cat","embeddable":true,"href":"https:\/\/www.machinerybearings.com\/hu\/wp-json\/wp\/v2\/product_cat?post=2452"},{"taxonomy":"product_tag","embeddable":true,"href":"https:\/\/www.machinerybearings.com\/hu\/wp-json\/wp\/v2\/product_tag?post=2452"}],"curies":[{"name":"wp","href":"https:\/\/api.w.org\/{rel}","templated":true}]}}