{"id":2453,"date":"2026-04-13T15:06:47","date_gmt":"2026-04-13T15:06:47","guid":{"rendered":"https:\/\/www.machinerybearings.com\/?post_type=product&#038;p=2453"},"modified":"2026-05-03T05:20:35","modified_gmt":"2026-05-03T05:20:35","slug":"30205-tapered-roller-bearing-for-high-radial-and-axial-load-applications","status":"publish","type":"product","link":"https:\/\/www.machinerybearings.com\/hu\/termek\/30205-tapered-roller-bearing-for-high-radial-and-axial-load-applications\/","title":{"rendered":"30205 K\u00fap alak\u00fa G\u00f6rg\u0151scsap\u00e1gy Magas Radi\u00e1lis \u00e9s Ax\u00e1lis Terhel\u00e9si Alkalmaz\u00e1sokhoz"},"content":{"rendered":"<p data-start=\"231\" data-end=\"438\">A 30205 k\u00fapg\u00f6rg\u0151s csap\u00e1gy \u00fagy van tervezve, hogy kombin\u00e1lt radi\u00e1lis \u00e9s axi\u00e1lis terhel\u00e9seket t\u00e1mogasson, \u00edgy sz\u00e9les k\u00f6rben haszn\u00e1lj\u00e1k aut\u00f3s rendszerekben, sebess\u00e9gv\u00e1lt\u00f3kban, mez\u0151gazdas\u00e1gi g\u00e9pekben \u00e9s ipari hajt\u00e1stechnikai berendez\u00e9sekben.<\/p>\n<p data-start=\"440\" data-end=\"694\">K\u00fapos bels\u0151 \u00e9s k\u00fcls\u0151 gy\u0171r\u0171i lehet\u0151v\u00e9 teszik a g\u00f6rg\u0151k minim\u00e1lis s\u00farl\u00f3d\u00e1ssal val\u00f3 forg\u00e1s\u00e1t, mik\u00f6zben hat\u00e9konyan osztj\u00e1k el a terhel\u00e9seket a kontaktfel\u00fcleten. Ez a szerkezet jav\u00edtja a tart\u00f3ss\u00e1got \u00e9s a teljes\u00edtm\u00e9nyt magas terhel\u00e9s \u00e9s m\u00e9rs\u00e9kelt sebess\u00e9g mellett.<\/p>\n<h2 data-section-id=\"vlh4km\" data-start=\"701\" data-end=\"727\">\ud83d\udd37 M\u0171szaki Param\u00e9terek<\/h2>\n<div class=\"TyagGW_tableContainer\">\n<div class=\"group TyagGW_tableWrapper flex flex-col-reverse w-fit\" tabindex=\"-1\">\n<table class=\"w-fit min-w-(--thread-content-width)\" data-start=\"729\" data-end=\"1218\">\n<thead data-start=\"729\" data-end=\"753\">\n<tr data-start=\"729\" data-end=\"753\">\n<th class=\"\" data-start=\"729\" data-end=\"736\" data-col-size=\"sm\">T\u00e9tel<\/th>\n<th class=\"\" data-start=\"736\" data-end=\"753\" data-col-size=\"sm\">Megjegyz\u00e9s<\/th>\n<\/tr>\n<\/thead>\n<tbody data-start=\"778\" data-end=\"1218\">\n<tr data-start=\"778\" data-end=\"819\">\n<td data-start=\"778\" data-end=\"793\" data-col-size=\"sm\">Csap\u00e1gy t\u00edpusa<\/td>\n<td data-start=\"793\" data-end=\"819\" data-col-size=\"sm\">K\u00fapg\u00f6rg\u0151s Csap\u00e1gy<\/td>\n<\/tr>\n<tr data-start=\"820\" data-end=\"837\">\n<td data-start=\"820\" data-end=\"828\" data-col-size=\"sm\">Modell<\/td>\n<td data-start=\"828\" data-end=\"837\" data-col-size=\"sm\">30205<\/td>\n<\/tr>\n<tr data-start=\"838\" data-end=\"868\">\n<td data-start=\"838\" data-end=\"859\" data-col-size=\"sm\">Bels\u0151 \u00e1tm\u00e9r\u0151 (d)<\/td>\n<td data-col-size=\"sm\" data-start=\"859\" data-end=\"868\">25 mm<\/td>\n<\/tr>\n<tr data-start=\"869\" data-end=\"899\">\n<td data-start=\"869\" data-end=\"890\" data-col-size=\"sm\">K\u00fcls\u0151 \u00e1tm\u00e9r\u0151 (D)<\/td>\n<td data-col-size=\"sm\" data-start=\"890\" data-end=\"899\">52 mm<\/td>\n<\/tr>\n<tr data-start=\"900\" data-end=\"924\">\n<td data-start=\"900\" data-end=\"912\" data-col-size=\"sm\">Sz\u00e9less\u00e9g (T)<\/td>\n<td data-start=\"912\" data-end=\"924\" data-col-size=\"sm\">16,25 mm<\/td>\n<\/tr>\n<tr data-start=\"925\" data-end=\"969\">\n<td data-start=\"925\" data-end=\"937\" data-col-size=\"sm\">Terhel\u00e9si T\u00edpus<\/td>\n<td data-col-size=\"sm\" data-start=\"937\" data-end=\"969\">Radi\u00e1lis + Axi\u00e1lis kombin\u00e1lt terhel\u00e9s<\/td>\n<\/tr>\n<tr data-start=\"970\" data-end=\"1000\">\n<td data-start=\"970\" data-end=\"986\" data-col-size=\"sm\">Kos\u00e1r anyaga<\/td>\n<td data-col-size=\"sm\" data-start=\"986\" data-end=\"1000\">Ac\u00e9l ketrec<\/td>\n<\/tr>\n<tr data-start=\"1001\" data-end=\"1036\">\n<td data-start=\"1001\" data-end=\"1012\" data-col-size=\"sm\">Anyag<\/td>\n<td data-start=\"1012\" data-end=\"1036\" data-col-size=\"sm\">Kr\u00f3mac\u00e9l (GCr15)<\/td>\n<\/tr>\n<tr data-start=\"1037\" data-end=\"1080\">\n<td data-start=\"1037\" data-end=\"1051\" data-col-size=\"sm\">Ken\u00e9s<\/td>\n<td data-start=\"1051\" data-end=\"1080\" data-col-size=\"sm\">Zs\u00edr vagy olaj ken\u00e9s<\/td>\n<\/tr>\n<tr data-start=\"1081\" data-end=\"1130\">\n<td data-start=\"1081\" data-end=\"1093\" data-col-size=\"sm\">Szerkezet<\/td>\n<td data-col-size=\"sm\" data-start=\"1093\" data-end=\"1130\">Egysoros k\u00fapg\u00f6rg\u0151s csap\u00e1gy<\/td>\n<\/tr>\n<tr data-start=\"1131\" data-end=\"1179\">\n<td data-start=\"1131\" data-end=\"1150\" data-col-size=\"sm\">Sebess\u00e9g K\u00e9pess\u00e9g<\/td>\n<td data-start=\"1150\" data-end=\"1179\" data-col-size=\"sm\">K\u00f6zepes sebess\u00e9g\u0171 alkalmaz\u00e1sok<\/td>\n<\/tr>\n<tr data-start=\"1180\" data-end=\"1218\">\n<td data-start=\"1180\" data-end=\"1200\" data-col-size=\"sm\">H\u0151m\u00e9rs\u00e9kleti Tartom\u00e1ny<\/td>\n<td data-start=\"1200\" data-end=\"1218\" data-col-size=\"sm\">-30\u00b0C-t\u00f3l 150\u00b0C-ig<\/td>\n<\/tr>\n<\/tbody>\n<\/table>\n<\/div>\n<\/div>\n<h2 data-section-id=\"1y8un7j\" data-start=\"1225\" data-end=\"1243\">\ud83d\udd37 F\u0151 Jellemz\u0151k<\/h2>\n<ul data-start=\"1245\" data-end=\"1522\">\n<li data-section-id=\"7oool5\" data-start=\"1245\" data-end=\"1300\">T\u00e1mogatja a radi\u00e1lis \u00e9s axi\u00e1lis terhel\u00e9seket egyidej\u0171leg<\/li>\n<li data-section-id=\"nemjer\" data-start=\"1301\" data-end=\"1343\">Magas terhelhet\u0151s\u00e9g kompakt kialak\u00edt\u00e1ssal<\/li>\n<li data-section-id=\"xjurbh\" data-start=\"1344\" data-end=\"1381\">Alacsony s\u00farl\u00f3d\u00e1s \u00e9s stabil m\u0171k\u00f6d\u00e9s<\/li>\n<li data-section-id=\"1i63cz\" data-start=\"1382\" data-end=\"1431\">Hossz\u00fa \u00e9lettartam neh\u00e9z munkak\u00f6r\u00fclm\u00e9nyek k\u00f6z\u00f6tt<\/li>\n<li data-section-id=\"f8hmgc\" data-start=\"1432\" data-end=\"1469\">K\u00f6nny\u0171 telep\u00edt\u00e9s \u00e9s karbantart\u00e1s<\/li>\n<li data-section-id=\"1u616wn\" data-start=\"1470\" data-end=\"1522\">Magas precizit\u00e1s\u00fa \u00e1tvitel rendszerekhez alkalmas<\/li>\n<\/ul>\n<h2 data-section-id=\"4t5b8m\" data-start=\"1529\" data-end=\"1547\">\ud83d\udd37 Alkalmaz\u00e1sok<\/h2>\n<ul data-start=\"1549\" data-end=\"1745\">\n<li data-section-id=\"16jv93o\" data-start=\"1549\" data-end=\"1574\">G\u00e9pkocsi ker\u00e9kagyak<\/li>\n<li data-section-id=\"6p9cs0\" data-start=\"1575\" data-end=\"1601\">Sebess\u00e9gv\u00e1lt\u00f3k \u00e9s reduktorok<\/li>\n<li data-section-id=\"1n6ynun\" data-start=\"1602\" data-end=\"1628\">Mez\u0151gazdas\u00e1gi g\u00e9pek<\/li>\n<li data-section-id=\"16fhp27\" data-start=\"1629\" data-end=\"1655\">\u00c9p\u00edt\u0151ipari berendez\u00e9sek<\/li>\n<li data-section-id=\"1gp8co3\" data-start=\"1656\" data-end=\"1688\">Ipari motorok \u00e9s hajt\u00e1sok<\/li>\n<li data-section-id=\"176s2ln\" data-start=\"1689\" data-end=\"1709\">Sz\u00e1ll\u00edt\u00f3szalag rendszerek<\/li>\n<li data-section-id=\"1dq8qoq\" data-start=\"1710\" data-end=\"1745\">Neh\u00e9z terhel\u00e9s\u0171 \u00e1tvitel rendszerek<\/li>\n<\/ul>\n<h2 data-section-id=\"1a1u7ke\" data-start=\"1752\" data-end=\"1780\">\ud83d\udd37 M\u00e9rn\u00f6ki El\u0151ny\u00f6k<\/h2>\n<p data-start=\"1782\" data-end=\"1943\">A k\u00fapos g\u00f6rg\u0151s szerkezet jobb terhel\u00e9seloszl\u00e1st tesz lehet\u0151v\u00e9 a goly\u00f3scsap\u00e1gyakhoz k\u00e9pest, jelent\u0151sen jav\u00edtva a teljes\u00edtm\u00e9nyt a kombin\u00e1lt er\u0151kkel rendelkez\u0151 alkalmaz\u00e1sokban.<\/p>\n<p data-start=\"1945\" data-end=\"2071\">Cs\u00f6kkenti a sz\u00e9lekn\u00e9l a fesz\u00fclts\u00e9gkoncentr\u00e1ci\u00f3t, jav\u00edtva a f\u00e1radts\u00e1ggal szembeni ellen\u00e1ll\u00e1st \u00e9s meghosszabb\u00edtva a csap\u00e1gy \u00e9lettartam\u00e1t folyamatos m\u0171k\u00f6d\u00e9s mellett.<\/p>\n<h2 data-section-id=\"bf9ua4\" data-start=\"2078\" data-end=\"2098\">\ud83d\udd37 Egyedi Opci\u00f3k<\/h2>\n<ul data-start=\"2100\" data-end=\"2251\">\n<li data-section-id=\"4ijb\" data-start=\"2100\" data-end=\"2124\">J\u00e1t\u00e9kbe\u00e1ll\u00edt\u00e1s<\/li>\n<li data-section-id=\"5s0eb7\" data-start=\"2125\" data-end=\"2150\">K\u00fcll\u0151 anyag\u00e1nak fejleszt\u00e9se<\/li>\n<li data-section-id=\"1jq34of\" data-start=\"2151\" data-end=\"2186\">Magas h\u0151m\u00e9rs\u00e9klet\u0171 zs\u00edrt\u00f6lt\u00e9s<\/li>\n<li data-section-id=\"1515c9l\" data-start=\"2187\" data-end=\"2220\">Z\u00e1rt vagy nyitott kialak\u00edt\u00e1si lehet\u0151s\u00e9gek<\/li>\n<li data-section-id=\"1vg6tkw\" data-start=\"2221\" data-end=\"2251\">OEM m\u00e1rk\u00e1z\u00e1s \u00e9s csomagol\u00e1s<\/li>\n<\/ul>","protected":false},"excerpt":{"rendered":"<p>A 30205 k\u00fapg\u00f6rg\u0151s csap\u00e1gy \u00fagy van tervezve, hogy kombin\u00e1lt radi\u00e1lis \u00e9s axi\u00e1lis terhel\u00e9seket t\u00e1mogasson, \u00edgy sz\u00e9les k\u00f6rben haszn\u00e1lj\u00e1k aut\u00f3s rendszerekben, sebess\u00e9gv\u00e1lt\u00f3kban, mez\u0151gazdas\u00e1gi g\u00e9pekben \u00e9s ipari hajt\u00e1stechnikai berendez\u00e9sekben.<\/p>","protected":false},"featured_media":2532,"comment_status":"open","ping_status":"closed","template":"","meta":{"site-sidebar-layout":"default","site-content-layout":"","ast-site-content-layout":"default","site-content-style":"default","site-sidebar-style":"default","ast-global-header-display":"","ast-banner-title-visibility":"","ast-main-header-display":"","ast-hfb-above-header-display":"","ast-hfb-below-header-display":"","ast-hfb-mobile-header-display":"","site-post-title":"","ast-breadcrumbs-content":"","ast-featured-img":"","footer-sml-layout":"","ast-disable-related-posts":"","theme-transparent-header-meta":"default","adv-header-id-meta":"","stick-header-meta":"default","header-above-stick-meta":"","header-main-stick-meta":"","header-below-stick-meta":"","astra-migrate-meta-layouts":"set","ast-page-background-enabled":"default","ast-page-background-meta":{"desktop":{"background-color":"","background-image":"","background-repeat":"repeat","background-position":"center center","background-size":"auto","background-attachment":"scroll","background-type":"","background-media":"","overlay-type":"","overlay-color":"","overlay-opacity":"","overlay-gradient":""},"tablet":{"background-color":"","background-image":"","background-repeat":"repeat","background-position":"center center","background-size":"auto","background-attachment":"scroll","background-type":"","background-media":"","overlay-type":"","overlay-color":"","overlay-opacity":"","overlay-gradient":""},"mobile":{"background-color":"","background-image":"","background-repeat":"repeat","background-position":"center center","background-size":"auto","background-attachment":"scroll","background-type":"","background-media":"","overlay-type":"","overlay-color":"","overlay-opacity":"","overlay-gradient":""}},"ast-content-background-meta":{"desktop":{"background-color":"var(--ast-global-color-5)","background-image":"","background-repeat":"repeat","background-position":"center center","background-size":"auto","background-attachment":"scroll","background-type":"","background-media":"","overlay-type":"","overlay-color":"","overlay-opacity":"","overlay-gradient":""},"tablet":{"background-color":"var(--ast-global-color-5)","background-image":"","background-repeat":"repeat","background-position":"center center","background-size":"auto","background-attachment":"scroll","background-type":"","background-media":"","overlay-type":"","overlay-color":"","overlay-opacity":"","overlay-gradient":""},"mobile":{"background-color":"var(--ast-global-color-5)","background-image":"","background-repeat":"repeat","background-position":"center center","background-size":"auto","background-attachment":"scroll","background-type":"","background-media":"","overlay-type":"","overlay-color":"","overlay-opacity":"","overlay-gradient":""}}},"product_brand":[],"product_cat":[23],"product_tag":[236,237,240,233,78,56,51,45,47,239,241,154,242,238],"class_list":{"0":"post-2453","1":"product","2":"type-product","3":"status-publish","4":"has-post-thumbnail","6":"product_cat-tapered-roller-bearings","7":"product_tag-30205-tapered-roller-bearing","8":"product_tag-automotive-bearing","9":"product_tag-chrome-steel-bearing","10":"product_tag-gcr15-bearing","11":"product_tag-gearbox-bearing","12":"product_tag-heavy-duty-bearing","13":"product_tag-high-load-bearing","14":"product_tag-industrial-bearing","15":"product_tag-oem-bearing-manufacturer","16":"product_tag-radial-axial-bearing","17":"product_tag-single-row-roller-bearing","18":"product_tag-tapered-roller-bearing","19":"product_tag-transmission-bearing","20":"product_tag-wheel-hub-bearing","21":"desktop-align-left","22":"tablet-align-left","23":"mobile-align-left","24":"ast-product-gallery-layout-horizontal-slider","25":"ast-product-gallery-with-no-image","26":"ast-product-tabs-layout-horizontal","28":"first","29":"instock","30":"shipping-taxable","31":"product-type-simple"},"_links":{"self":[{"href":"https:\/\/www.machinerybearings.com\/hu\/wp-json\/wp\/v2\/product\/2453","targetHints":{"allow":["GET"]}}],"collection":[{"href":"https:\/\/www.machinerybearings.com\/hu\/wp-json\/wp\/v2\/product"}],"about":[{"href":"https:\/\/www.machinerybearings.com\/hu\/wp-json\/wp\/v2\/types\/product"}],"replies":[{"embeddable":true,"href":"https:\/\/www.machinerybearings.com\/hu\/wp-json\/wp\/v2\/comments?post=2453"}],"wp:featuredmedia":[{"embeddable":true,"href":"https:\/\/www.machinerybearings.com\/hu\/wp-json\/wp\/v2\/media\/2532"}],"wp:attachment":[{"href":"https:\/\/www.machinerybearings.com\/hu\/wp-json\/wp\/v2\/media?parent=2453"}],"wp:term":[{"taxonomy":"product_brand","embeddable":true,"href":"https:\/\/www.machinerybearings.com\/hu\/wp-json\/wp\/v2\/product_brand?post=2453"},{"taxonomy":"product_cat","embeddable":true,"href":"https:\/\/www.machinerybearings.com\/hu\/wp-json\/wp\/v2\/product_cat?post=2453"},{"taxonomy":"product_tag","embeddable":true,"href":"https:\/\/www.machinerybearings.com\/hu\/wp-json\/wp\/v2\/product_tag?post=2453"}],"curies":[{"name":"wp","href":"https:\/\/api.w.org\/{rel}","templated":true}]}}