{"id":2455,"date":"2026-04-13T15:09:58","date_gmt":"2026-04-13T15:09:58","guid":{"rendered":"https:\/\/www.machinerybearings.com\/?post_type=product&#038;p=2455"},"modified":"2026-05-03T05:17:20","modified_gmt":"2026-05-03T05:17:20","slug":"30306-tapered-roller-bearing-for-heavy-load-industrial-applications","status":"publish","type":"product","link":"https:\/\/www.machinerybearings.com\/hu\/termek\/30306-tapered-roller-bearing-for-heavy-load-industrial-applications\/","title":{"rendered":"30306 K\u00fap alak\u00fa G\u00f6rg\u0151scsap\u00e1gy Nagy Terhel\u00e9s\u0171 Ipari Alkalmaz\u00e1sokhoz"},"content":{"rendered":"<p data-start=\"149\" data-end=\"451\">A 30306 k\u00fapos g\u00f6rg\u0151s csap\u00e1gyat kombin\u00e1lt radi\u00e1lis \u00e9s axi\u00e1lis terhel\u00e9sek kezel\u00e9s\u00e9re tervezt\u00e9k, \u00edgy k\u00f6zepes \u00e9s neh\u00e9z ipari alkalmaz\u00e1sokhoz is alkalmas. K\u00fapos geometri\u00e1ja lehet\u0151v\u00e9 teszi a terhel\u00e9s hat\u00e9kony eloszl\u00e1s\u00e1t a g\u00f6rd\u00fcl\u0151 elemek k\u00f6z\u00f6tt, jav\u00edtva a tart\u00f3ss\u00e1got \u00e9s cs\u00f6kkentve a s\u00farl\u00f3d\u00e1st m\u0171k\u00f6d\u00e9s k\u00f6zben.<\/p>\n<p data-start=\"453\" data-end=\"626\">Ezt a modellt sz\u00e9les k\u00f6rben haszn\u00e1lj\u00e1k aut\u00f3ipari rendszerekben, sebess\u00e9gv\u00e1lt\u00f3kban, mez\u0151gazdas\u00e1gi g\u00e9pekben \u00e9s \u00e9p\u00edt\u0151ipari berendez\u00e9sekben, ahol terhel\u00e9s alatti stabilit\u00e1sra \u00e9s hossz\u00fa \u00e9lettartamra van sz\u00fcks\u00e9g.<\/p>\n<h3 data-section-id=\"sse2nj\" data-start=\"633\" data-end=\"657\">M\u0171szaki Param\u00e9terek<\/h3>\n<div class=\"TyagGW_tableContainer\">\n<div class=\"group TyagGW_tableWrapper flex flex-col-reverse w-fit\" tabindex=\"-1\">\n<table class=\"w-fit min-w-(--thread-content-width)\" data-start=\"659\" data-end=\"1141\">\n<thead data-start=\"659\" data-end=\"683\">\n<tr data-start=\"659\" data-end=\"683\">\n<th class=\"\" data-start=\"659\" data-end=\"666\" data-col-size=\"sm\">T\u00e9tel<\/th>\n<th class=\"\" data-start=\"666\" data-end=\"683\" data-col-size=\"sm\">Megjegyz\u00e9s<\/th>\n<\/tr>\n<\/thead>\n<tbody data-start=\"708\" data-end=\"1141\">\n<tr data-start=\"708\" data-end=\"749\">\n<td data-start=\"708\" data-end=\"723\" data-col-size=\"sm\">Csap\u00e1gy t\u00edpusa<\/td>\n<td data-start=\"723\" data-end=\"749\" data-col-size=\"sm\">K\u00fapg\u00f6rg\u0151s Csap\u00e1gy<\/td>\n<\/tr>\n<tr data-start=\"750\" data-end=\"767\">\n<td data-start=\"750\" data-end=\"758\" data-col-size=\"sm\">Modell<\/td>\n<td data-start=\"758\" data-end=\"767\" data-col-size=\"sm\">30306<\/td>\n<\/tr>\n<tr data-start=\"768\" data-end=\"798\">\n<td data-start=\"768\" data-end=\"789\" data-col-size=\"sm\">Bels\u0151 \u00e1tm\u00e9r\u0151 (d)<\/td>\n<td data-start=\"789\" data-end=\"798\" data-col-size=\"sm\">30 mm<\/td>\n<\/tr>\n<tr data-start=\"799\" data-end=\"829\">\n<td data-start=\"799\" data-end=\"820\" data-col-size=\"sm\">K\u00fcls\u0151 \u00e1tm\u00e9r\u0151 (D)<\/td>\n<td data-col-size=\"sm\" data-start=\"820\" data-end=\"829\">72 mm<\/td>\n<\/tr>\n<tr data-start=\"830\" data-end=\"854\">\n<td data-start=\"830\" data-end=\"842\" data-col-size=\"sm\">Sz\u00e9less\u00e9g (T)<\/td>\n<td data-start=\"842\" data-end=\"854\" data-col-size=\"sm\">20,75 mm<\/td>\n<\/tr>\n<tr data-start=\"855\" data-end=\"895\">\n<td data-start=\"855\" data-end=\"867\" data-col-size=\"sm\">Terhel\u00e9si T\u00edpus<\/td>\n<td data-start=\"867\" data-end=\"895\" data-col-size=\"sm\">Radi\u00e1lis terhel\u00e9s + Axi\u00e1lis terhel\u00e9s<\/td>\n<\/tr>\n<tr data-start=\"896\" data-end=\"926\">\n<td data-start=\"896\" data-end=\"912\" data-col-size=\"sm\">Kos\u00e1r anyaga<\/td>\n<td data-start=\"912\" data-end=\"926\" data-col-size=\"sm\">Ac\u00e9l ketrec<\/td>\n<\/tr>\n<tr data-start=\"927\" data-end=\"960\">\n<td data-start=\"927\" data-end=\"938\" data-col-size=\"sm\">Anyag<\/td>\n<td data-start=\"938\" data-end=\"960\" data-col-size=\"sm\">GCr15 Kr\u00f3mac\u00e9l<\/td>\n<\/tr>\n<tr data-start=\"961\" data-end=\"1004\">\n<td data-start=\"961\" data-end=\"975\" data-col-size=\"sm\">Ken\u00e9s<\/td>\n<td data-start=\"975\" data-end=\"1004\" data-col-size=\"sm\">Zs\u00edr vagy olaj ken\u00e9s<\/td>\n<\/tr>\n<tr data-start=\"1005\" data-end=\"1054\">\n<td data-start=\"1005\" data-end=\"1017\" data-col-size=\"sm\">Szerkezet<\/td>\n<td data-start=\"1017\" data-end=\"1054\" data-col-size=\"sm\">Egysoros k\u00fapg\u00f6rg\u0151s csap\u00e1gy<\/td>\n<\/tr>\n<tr data-start=\"1055\" data-end=\"1102\">\n<td data-start=\"1055\" data-end=\"1073\" data-col-size=\"sm\">M\u0171k\u00f6d\u00e9si Sebess\u00e9g<\/td>\n<td data-start=\"1073\" data-end=\"1102\" data-col-size=\"sm\">K\u00f6zepes sebess\u00e9g\u0171 alkalmaz\u00e1sok<\/td>\n<\/tr>\n<tr data-start=\"1103\" data-end=\"1141\">\n<td data-start=\"1103\" data-end=\"1123\" data-col-size=\"sm\">H\u0151m\u00e9rs\u00e9kleti Tartom\u00e1ny<\/td>\n<td data-start=\"1123\" data-end=\"1141\" data-col-size=\"sm\">-30\u00b0C-t\u00f3l 150\u00b0C-ig<\/td>\n<\/tr>\n<\/tbody>\n<\/table>\n<\/div>\n<\/div>\n<h3 data-section-id=\"1iz91iu\" data-start=\"1148\" data-end=\"1164\">F\u0151bb jellemz\u0151k<\/h3>\n<ul data-start=\"1166\" data-end=\"1430\">\n<li data-section-id=\"1vl001\" data-start=\"1166\" data-end=\"1210\">Kombin\u00e1lt radi\u00e1lis \u00e9s axi\u00e1lis terhek t\u00e1mogat\u00e1sa<\/li>\n<li data-section-id=\"tqfpov\" data-start=\"1211\" data-end=\"1242\">Magas terhelhet\u0151s\u00e9g<\/li>\n<li data-section-id=\"1e4pl9p\" data-start=\"1243\" data-end=\"1292\">Stabil teljes\u00edtm\u00e9ny folyamatos m\u0171k\u00f6d\u00e9s alatt<\/li>\n<li data-section-id=\"fmcfrv\" data-start=\"1293\" data-end=\"1333\">Cs\u00f6kkentett s\u00farl\u00f3d\u00e1s \u00e9s h\u0151termel\u00e9s<\/li>\n<li data-section-id=\"6jlrvu\" data-start=\"1334\" data-end=\"1382\">Hossz\u00fa \u00e9lettartam neh\u00e9z k\u00f6rnyezetben<\/li>\n<li data-section-id=\"1ugr03r\" data-start=\"1383\" data-end=\"1430\">Alkalmas \u00fct\u00e9s- \u00e9s rezg\u00e9sviszonyokhoz<\/li>\n<\/ul>\n<h3 data-section-id=\"wggvqn\" data-start=\"1437\" data-end=\"1453\">Alkalmaz\u00e1sok<\/h3>\n<ul data-start=\"1455\" data-end=\"1676\">\n<li data-section-id=\"16jv93o\" data-start=\"1455\" data-end=\"1480\">G\u00e9pkocsi ker\u00e9kagyak<\/li>\n<li data-section-id=\"15oirsh\" data-start=\"1481\" data-end=\"1519\">Sebess\u00e9gv\u00e1lt\u00f3k \u00e9s hajt\u00e1srendszerek<\/li>\n<li data-section-id=\"1n6ynun\" data-start=\"1520\" data-end=\"1546\">Mez\u0151gazdas\u00e1gi g\u00e9pek<\/li>\n<li data-section-id=\"19d9gij\" data-start=\"1547\" data-end=\"1573\">\u00c9p\u00edt\u0151ipari g\u00e9pek<\/li>\n<li data-section-id=\"gcuaph\" data-start=\"1574\" data-end=\"1602\">Ipari hajt\u00e1si rendszerek<\/li>\n<li data-section-id=\"1xhvdi8\" data-start=\"1603\" data-end=\"1633\">B\u00e1ny\u00e1szati \u00e9s neh\u00e9zg\u00e9pek<\/li>\n<li data-section-id=\"4ay2tg\" data-start=\"1634\" data-end=\"1676\">Sz\u00e1ll\u00edt\u00f3szalag \u00e9s anyagkezel\u0151 rendszerek<\/li>\n<\/ul>\n<h3 data-section-id=\"gqbmdj\" data-start=\"1683\" data-end=\"1709\">M\u00e9rn\u00f6ki El\u0151ny\u00f6k<\/h3>\n<p data-start=\"1711\" data-end=\"1877\">A k\u00fapos g\u00f6rg\u0151s szerkezet jav\u00edtja a g\u00f6rg\u0151k \u00e9s a fut\u00f3fel\u00fcletek k\u00f6z\u00f6tti \u00e9rintkez\u00e9si hat\u00e9konys\u00e1got, lehet\u0151v\u00e9 t\u00e9ve a csap\u00e1gy sz\u00e1m\u00e1ra, hogy magasabb terhel\u00e9seket kezeljen a standard goly\u00f3s csap\u00e1gyakhoz k\u00e9pest.<\/p>\n<p data-start=\"1879\" data-end=\"2005\">Ez cs\u00f6kkenti a fesz\u00fclts\u00e9gkoncentr\u00e1ci\u00f3t, jav\u00edtja az illeszked\u00e9s stabilit\u00e1s\u00e1t, \u00e9s n\u00f6veli a f\u00e1rad\u00e1ssal szembeni ellen\u00e1ll\u00e1st hossz\u00fa t\u00e1v\u00fa m\u0171k\u00f6d\u00e9s sor\u00e1n.<\/p>\n<h3 data-section-id=\"ex11qd\" data-start=\"2012\" data-end=\"2030\">Testreszab\u00e1si lehet\u0151s\u00e9gek<\/h3>\n<ul data-start=\"2032\" data-end=\"2219\">\n<li data-section-id=\"1mm7wk0\" data-start=\"2032\" data-end=\"2065\">Bels\u0151 h\u00e9zag be\u00e1ll\u00edt\u00e1sa<\/li>\n<li data-section-id=\"11j4pt1\" data-start=\"2066\" data-end=\"2110\">Kaf\u00e9s anyag kiv\u00e1laszt\u00e1sa (ac\u00e9l vagy s\u00e1rgar\u00e9z)<\/li>\n<li data-section-id=\"1515c9l\" data-start=\"2111\" data-end=\"2144\">Z\u00e1rt vagy nyitott kialak\u00edt\u00e1si lehet\u0151s\u00e9gek<\/li>\n<li data-section-id=\"1jq34of\" data-start=\"2145\" data-end=\"2180\">Magas h\u0151m\u00e9rs\u00e9klet\u0171 zs\u00edrt\u00f6lt\u00e9s<\/li>\n<li data-section-id=\"1mlx5yn\" data-start=\"2181\" data-end=\"2219\">OEM m\u00e1rk\u00e1z\u00e1si \u00e9s csomagol\u00e1si t\u00e1mogat\u00e1s<\/li>\n<\/ul>","protected":false},"excerpt":{"rendered":"<p>A 30306 k\u00fapos g\u00f6rg\u0151s csap\u00e1gyat kombin\u00e1lt radi\u00e1lis \u00e9s axi\u00e1lis terhel\u00e9sek kezel\u00e9s\u00e9re tervezt\u00e9k, \u00edgy k\u00f6zepes \u00e9s neh\u00e9z ipari alkalmaz\u00e1sokhoz is alkalmas. K\u00fapos geometri\u00e1ja lehet\u0151v\u00e9 teszi a terhel\u00e9s hat\u00e9kony eloszl\u00e1s\u00e1t a g\u00f6rd\u00fcl\u0151 elemek k\u00f6z\u00f6tt, jav\u00edtva a tart\u00f3ss\u00e1got \u00e9s cs\u00f6kkentve a s\u00farl\u00f3d\u00e1st m\u0171k\u00f6d\u00e9s k\u00f6zben.<\/p>","protected":false},"featured_media":2531,"comment_status":"open","ping_status":"closed","template":"","meta":{"site-sidebar-layout":"default","site-content-layout":"","ast-site-content-layout":"default","site-content-style":"default","site-sidebar-style":"default","ast-global-header-display":"","ast-banner-title-visibility":"","ast-main-header-display":"","ast-hfb-above-header-display":"","ast-hfb-below-header-display":"","ast-hfb-mobile-header-display":"","site-post-title":"","ast-breadcrumbs-content":"","ast-featured-img":"","footer-sml-layout":"","ast-disable-related-posts":"","theme-transparent-header-meta":"default","adv-header-id-meta":"","stick-header-meta":"default","header-above-stick-meta":"","header-main-stick-meta":"","header-below-stick-meta":"","astra-migrate-meta-layouts":"set","ast-page-background-enabled":"default","ast-page-background-meta":{"desktop":{"background-color":"","background-image":"","background-repeat":"repeat","background-position":"center center","background-size":"auto","background-attachment":"scroll","background-type":"","background-media":"","overlay-type":"","overlay-color":"","overlay-opacity":"","overlay-gradient":""},"tablet":{"background-color":"","background-image":"","background-repeat":"repeat","background-position":"center center","background-size":"auto","background-attachment":"scroll","background-type":"","background-media":"","overlay-type":"","overlay-color":"","overlay-opacity":"","overlay-gradient":""},"mobile":{"background-color":"","background-image":"","background-repeat":"repeat","background-position":"center center","background-size":"auto","background-attachment":"scroll","background-type":"","background-media":"","overlay-type":"","overlay-color":"","overlay-opacity":"","overlay-gradient":""}},"ast-content-background-meta":{"desktop":{"background-color":"var(--ast-global-color-5)","background-image":"","background-repeat":"repeat","background-position":"center center","background-size":"auto","background-attachment":"scroll","background-type":"","background-media":"","overlay-type":"","overlay-color":"","overlay-opacity":"","overlay-gradient":""},"tablet":{"background-color":"var(--ast-global-color-5)","background-image":"","background-repeat":"repeat","background-position":"center center","background-size":"auto","background-attachment":"scroll","background-type":"","background-media":"","overlay-type":"","overlay-color":"","overlay-opacity":"","overlay-gradient":""},"mobile":{"background-color":"var(--ast-global-color-5)","background-image":"","background-repeat":"repeat","background-position":"center center","background-size":"auto","background-attachment":"scroll","background-type":"","background-media":"","overlay-type":"","overlay-color":"","overlay-opacity":"","overlay-gradient":""}}},"product_brand":[],"product_cat":[23],"product_tag":[243,237,240,233,78,56,51,45,47,239,241,154,242,238],"class_list":{"0":"post-2455","1":"product","2":"type-product","3":"status-publish","4":"has-post-thumbnail","6":"product_cat-tapered-roller-bearings","7":"product_tag-30306-bearing","8":"product_tag-automotive-bearing","9":"product_tag-chrome-steel-bearing","10":"product_tag-gcr15-bearing","11":"product_tag-gearbox-bearing","12":"product_tag-heavy-duty-bearing","13":"product_tag-high-load-bearing","14":"product_tag-industrial-bearing","15":"product_tag-oem-bearing-manufacturer","16":"product_tag-radial-axial-bearing","17":"product_tag-single-row-roller-bearing","18":"product_tag-tapered-roller-bearing","19":"product_tag-transmission-bearing","20":"product_tag-wheel-hub-bearing","21":"desktop-align-left","22":"tablet-align-left","23":"mobile-align-left","24":"ast-product-gallery-layout-horizontal-slider","25":"ast-product-gallery-with-no-image","26":"ast-product-tabs-layout-horizontal","28":"first","29":"instock","30":"shipping-taxable","31":"product-type-simple"},"_links":{"self":[{"href":"https:\/\/www.machinerybearings.com\/hu\/wp-json\/wp\/v2\/product\/2455","targetHints":{"allow":["GET"]}}],"collection":[{"href":"https:\/\/www.machinerybearings.com\/hu\/wp-json\/wp\/v2\/product"}],"about":[{"href":"https:\/\/www.machinerybearings.com\/hu\/wp-json\/wp\/v2\/types\/product"}],"replies":[{"embeddable":true,"href":"https:\/\/www.machinerybearings.com\/hu\/wp-json\/wp\/v2\/comments?post=2455"}],"wp:featuredmedia":[{"embeddable":true,"href":"https:\/\/www.machinerybearings.com\/hu\/wp-json\/wp\/v2\/media\/2531"}],"wp:attachment":[{"href":"https:\/\/www.machinerybearings.com\/hu\/wp-json\/wp\/v2\/media?parent=2455"}],"wp:term":[{"taxonomy":"product_brand","embeddable":true,"href":"https:\/\/www.machinerybearings.com\/hu\/wp-json\/wp\/v2\/product_brand?post=2455"},{"taxonomy":"product_cat","embeddable":true,"href":"https:\/\/www.machinerybearings.com\/hu\/wp-json\/wp\/v2\/product_cat?post=2455"},{"taxonomy":"product_tag","embeddable":true,"href":"https:\/\/www.machinerybearings.com\/hu\/wp-json\/wp\/v2\/product_tag?post=2455"}],"curies":[{"name":"wp","href":"https:\/\/api.w.org\/{rel}","templated":true}]}}