{"id":2457,"date":"2026-04-13T15:12:14","date_gmt":"2026-04-13T15:12:14","guid":{"rendered":"https:\/\/www.machinerybearings.com\/?post_type=product&#038;p=2457"},"modified":"2026-05-03T05:11:38","modified_gmt":"2026-05-03T05:11:38","slug":"32210-tapered-roller-bearing-for-high-load-industrial-and-automotive-applications","status":"publish","type":"product","link":"https:\/\/www.machinerybearings.com\/hu\/termek\/32210-tapered-roller-bearing-for-high-load-industrial-and-automotive-applications\/","title":{"rendered":"32210 K\u00fapos G\u00f6rg\u0151s Csap\u00e1gy Magas Terhel\u00e9s\u0171 Ipari \u00e9s G\u00e9pkocsi Alkalmaz\u00e1sokhoz"},"content":{"rendered":"<p data-start=\"116\" data-end=\"413\">The 32210 tapered roller bearing is designed to support combined radial and axial loads in demanding industrial environments. With its optimized tapered geometry, it ensures smooth rolling motion, efficient load distribution, and stable performance under medium to heavy-duty operating conditions.<\/p>\n<p data-start=\"415\" data-end=\"584\">This bearing is widely used in automotive drivetrains, gear systems, agricultural machinery, and construction equipment where durability and load stability are critical.<\/p>\n<h3 data-section-id=\"sse2nj\" data-start=\"591\" data-end=\"615\">M\u0171szaki Param\u00e9terek<\/h3>\n<div class=\"TyagGW_tableContainer\">\n<div class=\"group TyagGW_tableWrapper flex flex-col-reverse w-fit\" tabindex=\"-1\">\n<table class=\"w-fit min-w-(--thread-content-width)\" data-start=\"617\" data-end=\"1099\">\n<thead data-start=\"617\" data-end=\"641\">\n<tr data-start=\"617\" data-end=\"641\">\n<th class=\"\" data-start=\"617\" data-end=\"624\" data-col-size=\"sm\">T\u00e9tel<\/th>\n<th class=\"\" data-start=\"624\" data-end=\"641\" data-col-size=\"sm\">Megjegyz\u00e9s<\/th>\n<\/tr>\n<\/thead>\n<tbody data-start=\"666\" data-end=\"1099\">\n<tr data-start=\"666\" data-end=\"707\">\n<td data-start=\"666\" data-end=\"681\" data-col-size=\"sm\">Csap\u00e1gy t\u00edpusa<\/td>\n<td data-col-size=\"sm\" data-start=\"681\" data-end=\"707\">K\u00fapg\u00f6rg\u0151s Csap\u00e1gy<\/td>\n<\/tr>\n<tr data-start=\"708\" data-end=\"725\">\n<td data-start=\"708\" data-end=\"716\" data-col-size=\"sm\">Modell<\/td>\n<td data-start=\"716\" data-end=\"725\" data-col-size=\"sm\">32210<\/td>\n<\/tr>\n<tr data-start=\"726\" data-end=\"756\">\n<td data-start=\"726\" data-end=\"747\" data-col-size=\"sm\">Bels\u0151 \u00e1tm\u00e9r\u0151 (d)<\/td>\n<td data-col-size=\"sm\" data-start=\"747\" data-end=\"756\">50 mm<\/td>\n<\/tr>\n<tr data-start=\"757\" data-end=\"787\">\n<td data-start=\"757\" data-end=\"778\" data-col-size=\"sm\">K\u00fcls\u0151 \u00e1tm\u00e9r\u0151 (D)<\/td>\n<td data-start=\"778\" data-end=\"787\" data-col-size=\"sm\">90 mm<\/td>\n<\/tr>\n<tr data-start=\"788\" data-end=\"812\">\n<td data-start=\"788\" data-end=\"800\" data-col-size=\"sm\">Sz\u00e9less\u00e9g (T)<\/td>\n<td data-start=\"800\" data-end=\"812\" data-col-size=\"sm\">24.75 mm<\/td>\n<\/tr>\n<tr data-start=\"813\" data-end=\"853\">\n<td data-start=\"813\" data-end=\"825\" data-col-size=\"sm\">Terhel\u00e9si T\u00edpus<\/td>\n<td data-start=\"825\" data-end=\"853\" data-col-size=\"sm\">Radi\u00e1lis terhel\u00e9s + Axi\u00e1lis terhel\u00e9s<\/td>\n<\/tr>\n<tr data-start=\"854\" data-end=\"884\">\n<td data-start=\"854\" data-end=\"870\" data-col-size=\"sm\">Kos\u00e1r anyaga<\/td>\n<td data-col-size=\"sm\" data-start=\"870\" data-end=\"884\">Ac\u00e9l ketrec<\/td>\n<\/tr>\n<tr data-start=\"885\" data-end=\"918\">\n<td data-start=\"885\" data-end=\"896\" data-col-size=\"sm\">Anyag<\/td>\n<td data-col-size=\"sm\" data-start=\"896\" data-end=\"918\">GCr15 Kr\u00f3mac\u00e9l<\/td>\n<\/tr>\n<tr data-start=\"919\" data-end=\"962\">\n<td data-start=\"919\" data-end=\"933\" data-col-size=\"sm\">Ken\u00e9s<\/td>\n<td data-col-size=\"sm\" data-start=\"933\" data-end=\"962\">Zs\u00edr vagy olaj ken\u00e9s<\/td>\n<\/tr>\n<tr data-start=\"963\" data-end=\"1012\">\n<td data-start=\"963\" data-end=\"975\" data-col-size=\"sm\">Szerkezet<\/td>\n<td data-start=\"975\" data-end=\"1012\" data-col-size=\"sm\">Egysoros k\u00fapg\u00f6rg\u0151s csap\u00e1gy<\/td>\n<\/tr>\n<tr data-start=\"1013\" data-end=\"1060\">\n<td data-start=\"1013\" data-end=\"1031\" data-col-size=\"sm\">M\u0171k\u00f6d\u00e9si Sebess\u00e9g<\/td>\n<td data-col-size=\"sm\" data-start=\"1031\" data-end=\"1060\">K\u00f6zepes sebess\u00e9g\u0171 alkalmaz\u00e1sok<\/td>\n<\/tr>\n<tr data-start=\"1061\" data-end=\"1099\">\n<td data-start=\"1061\" data-end=\"1081\" data-col-size=\"sm\">H\u0151m\u00e9rs\u00e9kleti Tartom\u00e1ny<\/td>\n<td data-col-size=\"sm\" data-start=\"1081\" data-end=\"1099\">-30\u00b0C-t\u00f3l 150\u00b0C-ig<\/td>\n<\/tr>\n<\/tbody>\n<\/table>\n<\/div>\n<\/div>\n<h3 data-section-id=\"1iz91iu\" data-start=\"1106\" data-end=\"1122\">F\u0151bb jellemz\u0151k<\/h3>\n<ul data-start=\"1124\" data-end=\"1401\">\n<li data-section-id=\"1vl001\" data-start=\"1124\" data-end=\"1168\">Kombin\u00e1lt radi\u00e1lis \u00e9s axi\u00e1lis terhek t\u00e1mogat\u00e1sa<\/li>\n<li data-section-id=\"1yq8vz9\" data-start=\"1169\" data-end=\"1215\">High load carrying capacity and durability<\/li>\n<li data-section-id=\"1e4pl9p\" data-start=\"1216\" data-end=\"1265\">Stabil teljes\u00edtm\u00e9ny folyamatos m\u0171k\u00f6d\u00e9s alatt<\/li>\n<li data-section-id=\"vearcf\" data-start=\"1266\" data-end=\"1310\">Low friction and reduced heat generation<\/li>\n<li data-section-id=\"dn8muc\" data-start=\"1311\" data-end=\"1352\">Strong resistance to wear and fatigue<\/li>\n<li data-section-id=\"s21j1z\" data-start=\"1353\" data-end=\"1401\">Suitable for heavy-duty working environments<\/li>\n<\/ul>\n<h3 data-section-id=\"wggvqn\" data-start=\"1408\" data-end=\"1424\">Alkalmaz\u00e1sok<\/h3>\n<ul data-start=\"1426\" data-end=\"1647\">\n<li data-section-id=\"16jv93o\" data-start=\"1426\" data-end=\"1451\">G\u00e9pkocsi ker\u00e9kagyak<\/li>\n<li data-section-id=\"15oirsh\" data-start=\"1452\" data-end=\"1490\">Sebess\u00e9gv\u00e1lt\u00f3k \u00e9s hajt\u00e1srendszerek<\/li>\n<li data-section-id=\"1n6ynun\" data-start=\"1491\" data-end=\"1517\">Mez\u0151gazdas\u00e1gi g\u00e9pek<\/li>\n<li data-section-id=\"19d9gij\" data-start=\"1518\" data-end=\"1544\">\u00c9p\u00edt\u0151ipari g\u00e9pek<\/li>\n<li data-section-id=\"gcuaph\" data-start=\"1545\" data-end=\"1573\">Ipari hajt\u00e1si rendszerek<\/li>\n<li data-section-id=\"1xhvdi8\" data-start=\"1574\" data-end=\"1604\">B\u00e1ny\u00e1szati \u00e9s neh\u00e9zg\u00e9pek<\/li>\n<li data-section-id=\"4ay2tg\" data-start=\"1605\" data-end=\"1647\">Sz\u00e1ll\u00edt\u00f3szalag \u00e9s anyagkezel\u0151 rendszerek<\/li>\n<\/ul>\n<h3 data-section-id=\"gqbmdj\" data-start=\"1654\" data-end=\"1680\">M\u00e9rn\u00f6ki El\u0151ny\u00f6k<\/h3>\n<p data-start=\"1682\" data-end=\"1848\">The tapered roller design allows the 32210 bearing to distribute load efficiently across the roller surface, reducing stress concentration and improving fatigue life.<\/p>\n<p data-start=\"1850\" data-end=\"1987\">It performs particularly well in applications involving shock loads, misalignment tolerance requirements, and continuous heavy operation.<\/p>\n<h3 data-section-id=\"ex11qd\" data-start=\"1994\" data-end=\"2012\">Testreszab\u00e1si lehet\u0151s\u00e9gek<\/h3>\n<ul data-start=\"2014\" data-end=\"2181\">\n<li data-section-id=\"2gl276\" data-start=\"2014\" data-end=\"2044\">Clearance grade adjustment<\/li>\n<li data-section-id=\"13bi5jf\" data-start=\"2045\" data-end=\"2088\">Cage material (steel or brass optional)<\/li>\n<li data-section-id=\"swm1rd\" data-start=\"2089\" data-end=\"2114\">Sealed or open design<\/li>\n<li data-section-id=\"1jq34of\" data-start=\"2115\" data-end=\"2150\">Magas h\u0151m\u00e9rs\u00e9klet\u0171 zs\u00edrt\u00f6lt\u00e9s<\/li>\n<li data-section-id=\"1vg6tkw\" data-start=\"2151\" data-end=\"2181\">OEM m\u00e1rk\u00e1z\u00e1s \u00e9s csomagol\u00e1s<\/li>\n<\/ul>","protected":false},"excerpt":{"rendered":"<p>The 32210 tapered roller bearing is designed to support combined radial and axial loads in demanding industrial environments. With its optimized tapered geometry, it ensures smooth rolling motion, efficient load distribution, and stable performance under medium to heavy-duty operating conditions.<\/p>","protected":false},"featured_media":2530,"comment_status":"open","ping_status":"closed","template":"","meta":{"site-sidebar-layout":"default","site-content-layout":"","ast-site-content-layout":"default","site-content-style":"default","site-sidebar-style":"default","ast-global-header-display":"","ast-banner-title-visibility":"","ast-main-header-display":"","ast-hfb-above-header-display":"","ast-hfb-below-header-display":"","ast-hfb-mobile-header-display":"","site-post-title":"","ast-breadcrumbs-content":"","ast-featured-img":"","footer-sml-layout":"","ast-disable-related-posts":"","theme-transparent-header-meta":"default","adv-header-id-meta":"","stick-header-meta":"default","header-above-stick-meta":"","header-main-stick-meta":"","header-below-stick-meta":"","astra-migrate-meta-layouts":"set","ast-page-background-enabled":"default","ast-page-background-meta":{"desktop":{"background-color":"","background-image":"","background-repeat":"repeat","background-position":"center center","background-size":"auto","background-attachment":"scroll","background-type":"","background-media":"","overlay-type":"","overlay-color":"","overlay-opacity":"","overlay-gradient":""},"tablet":{"background-color":"","background-image":"","background-repeat":"repeat","background-position":"center center","background-size":"auto","background-attachment":"scroll","background-type":"","background-media":"","overlay-type":"","overlay-color":"","overlay-opacity":"","overlay-gradient":""},"mobile":{"background-color":"","background-image":"","background-repeat":"repeat","background-position":"center center","background-size":"auto","background-attachment":"scroll","background-type":"","background-media":"","overlay-type":"","overlay-color":"","overlay-opacity":"","overlay-gradient":""}},"ast-content-background-meta":{"desktop":{"background-color":"var(--ast-global-color-5)","background-image":"","background-repeat":"repeat","background-position":"center center","background-size":"auto","background-attachment":"scroll","background-type":"","background-media":"","overlay-type":"","overlay-color":"","overlay-opacity":"","overlay-gradient":""},"tablet":{"background-color":"var(--ast-global-color-5)","background-image":"","background-repeat":"repeat","background-position":"center center","background-size":"auto","background-attachment":"scroll","background-type":"","background-media":"","overlay-type":"","overlay-color":"","overlay-opacity":"","overlay-gradient":""},"mobile":{"background-color":"var(--ast-global-color-5)","background-image":"","background-repeat":"repeat","background-position":"center center","background-size":"auto","background-attachment":"scroll","background-type":"","background-media":"","overlay-type":"","overlay-color":"","overlay-opacity":"","overlay-gradient":""}}},"product_brand":[],"product_cat":[23],"product_tag":[244,237,240,233,78,56,51,45,47,239,241,154,242,238],"class_list":{"0":"post-2457","1":"product","2":"type-product","3":"status-publish","4":"has-post-thumbnail","6":"product_cat-tapered-roller-bearings","7":"product_tag-32210-bearing","8":"product_tag-automotive-bearing","9":"product_tag-chrome-steel-bearing","10":"product_tag-gcr15-bearing","11":"product_tag-gearbox-bearing","12":"product_tag-heavy-duty-bearing","13":"product_tag-high-load-bearing","14":"product_tag-industrial-bearing","15":"product_tag-oem-bearing-manufacturer","16":"product_tag-radial-axial-bearing","17":"product_tag-single-row-roller-bearing","18":"product_tag-tapered-roller-bearing","19":"product_tag-transmission-bearing","20":"product_tag-wheel-hub-bearing","21":"desktop-align-left","22":"tablet-align-left","23":"mobile-align-left","24":"ast-product-gallery-layout-horizontal-slider","25":"ast-product-gallery-with-no-image","26":"ast-product-tabs-layout-horizontal","28":"first","29":"instock","30":"shipping-taxable","31":"product-type-simple"},"_links":{"self":[{"href":"https:\/\/www.machinerybearings.com\/hu\/wp-json\/wp\/v2\/product\/2457","targetHints":{"allow":["GET"]}}],"collection":[{"href":"https:\/\/www.machinerybearings.com\/hu\/wp-json\/wp\/v2\/product"}],"about":[{"href":"https:\/\/www.machinerybearings.com\/hu\/wp-json\/wp\/v2\/types\/product"}],"replies":[{"embeddable":true,"href":"https:\/\/www.machinerybearings.com\/hu\/wp-json\/wp\/v2\/comments?post=2457"}],"wp:featuredmedia":[{"embeddable":true,"href":"https:\/\/www.machinerybearings.com\/hu\/wp-json\/wp\/v2\/media\/2530"}],"wp:attachment":[{"href":"https:\/\/www.machinerybearings.com\/hu\/wp-json\/wp\/v2\/media?parent=2457"}],"wp:term":[{"taxonomy":"product_brand","embeddable":true,"href":"https:\/\/www.machinerybearings.com\/hu\/wp-json\/wp\/v2\/product_brand?post=2457"},{"taxonomy":"product_cat","embeddable":true,"href":"https:\/\/www.machinerybearings.com\/hu\/wp-json\/wp\/v2\/product_cat?post=2457"},{"taxonomy":"product_tag","embeddable":true,"href":"https:\/\/www.machinerybearings.com\/hu\/wp-json\/wp\/v2\/product_tag?post=2457"}],"curies":[{"name":"wp","href":"https:\/\/api.w.org\/{rel}","templated":true}]}}