{"id":2458,"date":"2026-04-13T15:15:27","date_gmt":"2026-04-13T15:15:27","guid":{"rendered":"https:\/\/www.machinerybearings.com\/?post_type=product&#038;p=2458"},"modified":"2026-05-03T05:04:49","modified_gmt":"2026-05-03T05:04:49","slug":"32008-tapered-roller-bearing-for-automotive-and-industrial-load-applications","status":"publish","type":"product","link":"https:\/\/www.machinerybearings.com\/hu\/termek\/32008-tapered-roller-bearing-for-automotive-and-industrial-load-applications\/","title":{"rendered":"32008 K\u00fap alak\u00fa G\u00f6rg\u0151scsap\u00e1gy G\u00e9pkocsi \u00e9s Ipari Terhel\u00e9si Alkalmaz\u00e1sokhoz"},"content":{"rendered":"<p data-start=\"111\" data-end=\"387\">A 32008 k\u00fapos g\u00f6rg\u0151s csap\u00e1gyat \u00fagy tervezt\u00e9k, hogy nagy hat\u00e9konys\u00e1ggal \u00e9s stabilit\u00e1ssal kezelje a kombin\u00e1lt radi\u00e1lis \u00e9s axi\u00e1lis terhel\u00e9seket. K\u00fapos g\u00f6rg\u0151 geometri\u00e1ja biztos\u00edtja a sima terhel\u00e9s\u00e1tvitelt, cs\u00f6kkenti a s\u00farl\u00f3d\u00e1st, \u00e9s megb\u00edzhat\u00f3 teljes\u00edtm\u00e9nyt ny\u00fajt k\u00f6zepes terhel\u00e9s\u0171 \u00e9s m\u00e9rs\u00e9kelt sebess\u00e9g\u0171 k\u00f6r\u00fclm\u00e9nyek k\u00f6z\u00f6tt.<\/p>\n<p data-start=\"389\" data-end=\"560\">Ezt a csap\u00e1gyat sz\u00e9les k\u00f6rben haszn\u00e1lj\u00e1k aut\u00f3ipari rendszerekben, mez\u0151gazdas\u00e1gi g\u00e9pekben, sebess\u00e9gv\u00e1lt\u00f3kban \u00e9s ipari berendez\u00e9sekben, ahol kompakt szerkezetre \u00e9s nagy terhelhet\u0151s\u00e9gre van sz\u00fcks\u00e9g.<\/p>\n<h3 data-section-id=\"sse2nj\" data-start=\"567\" data-end=\"591\">M\u0171szaki Param\u00e9terek<\/h3>\n<div class=\"TyagGW_tableContainer\">\n<div class=\"group TyagGW_tableWrapper flex flex-col-reverse w-fit\" tabindex=\"-1\">\n<table class=\"w-fit min-w-(--thread-content-width)\" data-start=\"593\" data-end=\"1072\">\n<thead data-start=\"593\" data-end=\"617\">\n<tr data-start=\"593\" data-end=\"617\">\n<th class=\"\" data-start=\"593\" data-end=\"600\" data-col-size=\"sm\">T\u00e9tel<\/th>\n<th class=\"\" data-start=\"600\" data-end=\"617\" data-col-size=\"sm\">Megjegyz\u00e9s<\/th>\n<\/tr>\n<\/thead>\n<tbody data-start=\"642\" data-end=\"1072\">\n<tr data-start=\"642\" data-end=\"683\">\n<td data-start=\"642\" data-end=\"657\" data-col-size=\"sm\">Csap\u00e1gy t\u00edpusa<\/td>\n<td data-start=\"657\" data-end=\"683\" data-col-size=\"sm\">K\u00fapg\u00f6rg\u0151s Csap\u00e1gy<\/td>\n<\/tr>\n<tr data-start=\"684\" data-end=\"701\">\n<td data-start=\"684\" data-end=\"692\" data-col-size=\"sm\">Modell<\/td>\n<td data-start=\"692\" data-end=\"701\" data-col-size=\"sm\">32008<\/td>\n<\/tr>\n<tr data-start=\"702\" data-end=\"732\">\n<td data-start=\"702\" data-end=\"723\" data-col-size=\"sm\">Bels\u0151 \u00e1tm\u00e9r\u0151 (d)<\/td>\n<td data-start=\"723\" data-end=\"732\" data-col-size=\"sm\">40 mm<\/td>\n<\/tr>\n<tr data-start=\"733\" data-end=\"763\">\n<td data-start=\"733\" data-end=\"754\" data-col-size=\"sm\">K\u00fcls\u0151 \u00e1tm\u00e9r\u0151 (D)<\/td>\n<td data-start=\"754\" data-end=\"763\" data-col-size=\"sm\">68 mm<\/td>\n<\/tr>\n<tr data-start=\"764\" data-end=\"785\">\n<td data-start=\"764\" data-end=\"776\" data-col-size=\"sm\">Sz\u00e9less\u00e9g (T)<\/td>\n<td data-start=\"776\" data-end=\"785\" data-col-size=\"sm\">19 mm<\/td>\n<\/tr>\n<tr data-start=\"786\" data-end=\"826\">\n<td data-start=\"786\" data-end=\"798\" data-col-size=\"sm\">Terhel\u00e9si T\u00edpus<\/td>\n<td data-start=\"798\" data-end=\"826\" data-col-size=\"sm\">Radi\u00e1lis terhel\u00e9s + Axi\u00e1lis terhel\u00e9s<\/td>\n<\/tr>\n<tr data-start=\"827\" data-end=\"857\">\n<td data-start=\"827\" data-end=\"843\" data-col-size=\"sm\">Kos\u00e1r anyaga<\/td>\n<td data-start=\"843\" data-end=\"857\" data-col-size=\"sm\">Ac\u00e9l ketrec<\/td>\n<\/tr>\n<tr data-start=\"858\" data-end=\"891\">\n<td data-start=\"858\" data-end=\"869\" data-col-size=\"sm\">Anyag<\/td>\n<td data-start=\"869\" data-end=\"891\" data-col-size=\"sm\">GCr15 Kr\u00f3mac\u00e9l<\/td>\n<\/tr>\n<tr data-start=\"892\" data-end=\"935\">\n<td data-start=\"892\" data-end=\"906\" data-col-size=\"sm\">Ken\u00e9s<\/td>\n<td data-start=\"906\" data-end=\"935\" data-col-size=\"sm\">Zs\u00edr vagy olaj ken\u00e9s<\/td>\n<\/tr>\n<tr data-start=\"936\" data-end=\"985\">\n<td data-start=\"936\" data-end=\"948\" data-col-size=\"sm\">Szerkezet<\/td>\n<td data-start=\"948\" data-end=\"985\" data-col-size=\"sm\">Egysoros k\u00fapg\u00f6rg\u0151s csap\u00e1gy<\/td>\n<\/tr>\n<tr data-start=\"986\" data-end=\"1033\">\n<td data-start=\"986\" data-end=\"1004\" data-col-size=\"sm\">M\u0171k\u00f6d\u00e9si Sebess\u00e9g<\/td>\n<td data-start=\"1004\" data-end=\"1033\" data-col-size=\"sm\">K\u00f6zepes sebess\u00e9g\u0171 alkalmaz\u00e1sok<\/td>\n<\/tr>\n<tr data-start=\"1034\" data-end=\"1072\">\n<td data-start=\"1034\" data-end=\"1054\" data-col-size=\"sm\">H\u0151m\u00e9rs\u00e9kleti Tartom\u00e1ny<\/td>\n<td data-start=\"1054\" data-end=\"1072\" data-col-size=\"sm\">-30\u00b0C-t\u00f3l 150\u00b0C-ig<\/td>\n<\/tr>\n<\/tbody>\n<\/table>\n<\/div>\n<\/div>\n<h3 data-section-id=\"1iz91iu\" data-start=\"1079\" data-end=\"1095\">F\u0151bb jellemz\u0151k<\/h3>\n<ul data-start=\"1097\" data-end=\"1388\">\n<li data-section-id=\"1vl001\" data-start=\"1097\" data-end=\"1141\">Kombin\u00e1lt radi\u00e1lis \u00e9s axi\u00e1lis terhek t\u00e1mogat\u00e1sa<\/li>\n<li data-section-id=\"1srodc3\" data-start=\"1142\" data-end=\"1184\">Kompakt kialak\u00edt\u00e1s nagy terhelhet\u0151s\u00e9ggel<\/li>\n<li data-section-id=\"93gu7o\" data-start=\"1185\" data-end=\"1241\">Stabil m\u0171k\u00f6d\u00e9s folyamatos munkak\u00f6r\u00fclm\u00e9nyek k\u00f6z\u00f6tt<\/li>\n<li data-section-id=\"fmcfrv\" data-start=\"1242\" data-end=\"1282\">Cs\u00f6kkentett s\u00farl\u00f3d\u00e1s \u00e9s h\u0151termel\u00e9s<\/li>\n<li data-section-id=\"77ge0v\" data-start=\"1283\" data-end=\"1331\">Hossz\u00fa \u00e9lettartam ipari k\u00f6rnyezetben<\/li>\n<li data-section-id=\"1fuex6u\" data-start=\"1332\" data-end=\"1388\">Megfelel\u0151 sokk- \u00e9s m\u00e9rs\u00e9kelt rezg\u00e9si k\u00f6r\u00fclm\u00e9nyekhez<\/li>\n<\/ul>\n<h3 data-section-id=\"wggvqn\" data-start=\"1395\" data-end=\"1411\">Alkalmaz\u00e1sok<\/h3>\n<ul data-start=\"1413\" data-end=\"1640\">\n<li data-section-id=\"16jv93o\" data-start=\"1413\" data-end=\"1438\">G\u00e9pkocsi ker\u00e9kagyak<\/li>\n<li data-section-id=\"15oirsh\" data-start=\"1439\" data-end=\"1477\">Sebess\u00e9gv\u00e1lt\u00f3k \u00e9s hajt\u00e1srendszerek<\/li>\n<li data-section-id=\"1n6ynun\" data-start=\"1478\" data-end=\"1504\">Mez\u0151gazdas\u00e1gi g\u00e9pek<\/li>\n<li data-section-id=\"16fhp27\" data-start=\"1505\" data-end=\"1531\">\u00c9p\u00edt\u0151ipari berendez\u00e9sek<\/li>\n<li data-section-id=\"gcuaph\" data-start=\"1532\" data-end=\"1560\">Ipari hajt\u00e1si rendszerek<\/li>\n<li data-section-id=\"4ay2tg\" data-start=\"1561\" data-end=\"1603\">Sz\u00e1ll\u00edt\u00f3szalag \u00e9s anyagkezel\u0151 rendszerek<\/li>\n<li data-section-id=\"a5j0us\" data-start=\"1604\" data-end=\"1640\">K\u00f6nny\u0171 \u00e9s k\u00f6zepes b\u00e1ny\u00e1szati g\u00e9pek<\/li>\n<\/ul>\n<h3 data-section-id=\"gqbmdj\" data-start=\"1647\" data-end=\"1673\">M\u00e9rn\u00f6ki El\u0151ny\u00f6k<\/h3>\n<p data-start=\"1675\" data-end=\"1844\">A 32008 k\u00fapos g\u00f6rg\u0151s csap\u00e1gy hat\u00e9kony terhel\u00e9seloszt\u00e1st biztos\u00edt k\u00fapos alak\u00fa g\u00f6rd\u00fcl\u0151 elemeivel, cs\u00f6kkentve a sz\u00e9ls\u0151 fesz\u00fclts\u00e9get \u00e9s jav\u00edtva a m\u0171k\u00f6d\u00e9si stabilit\u00e1st.<\/p>\n<p data-start=\"1846\" data-end=\"1975\">Szerkezete fokozza a f\u00e1rad\u00e1si ellen\u00e1ll\u00e1st, \u00e9s biztos\u00edtja a megb\u00edzhat\u00f3 teljes\u00edtm\u00e9nyt a kombin\u00e1lt axi\u00e1lis \u00e9s radi\u00e1lis er\u0151kkel rendelkez\u0151 alkalmaz\u00e1sokban.<\/p>\n<h3 data-section-id=\"ex11qd\" data-start=\"1982\" data-end=\"2000\">Testreszab\u00e1si lehet\u0151s\u00e9gek<\/h3>\n<ul data-start=\"2002\" data-end=\"2206\">\n<li data-section-id=\"1x00fvb\" data-start=\"2002\" data-end=\"2052\">Bels\u0151 h\u00e9zag be\u00e1ll\u00edt\u00e1sa (C3\/C4 v\u00e1laszthat\u00f3)<\/li>\n<li data-section-id=\"11j4pt1\" data-start=\"2053\" data-end=\"2097\">Kaf\u00e9s anyag kiv\u00e1laszt\u00e1sa (ac\u00e9l vagy s\u00e1rgar\u00e9z)<\/li>\n<li data-section-id=\"1icjogp\" data-start=\"2098\" data-end=\"2131\">Nyitott vagy z\u00e1rt kialak\u00edt\u00e1si lehet\u0151s\u00e9gek<\/li>\n<li data-section-id=\"1jq34of\" data-start=\"2132\" data-end=\"2167\">Magas h\u0151m\u00e9rs\u00e9klet\u0171 zs\u00edrt\u00f6lt\u00e9s<\/li>\n<li data-section-id=\"1mlx5yn\" data-start=\"2168\" data-end=\"2206\">OEM m\u00e1rk\u00e1z\u00e1si \u00e9s csomagol\u00e1si t\u00e1mogat\u00e1s<\/li>\n<\/ul>","protected":false},"excerpt":{"rendered":"<p>A 32008 k\u00fapos g\u00f6rg\u0151s csap\u00e1gyat \u00fagy tervezt\u00e9k, hogy nagy hat\u00e9konys\u00e1ggal \u00e9s stabilit\u00e1ssal kezelje a kombin\u00e1lt radi\u00e1lis \u00e9s axi\u00e1lis terhel\u00e9seket. K\u00fapos g\u00f6rg\u0151 geometri\u00e1ja biztos\u00edtja a sima terhel\u00e9s\u00e1tvitelt, cs\u00f6kkenti a s\u00farl\u00f3d\u00e1st, \u00e9s megb\u00edzhat\u00f3 teljes\u00edtm\u00e9nyt ny\u00fajt k\u00f6zepes terhel\u00e9s\u0171 \u00e9s m\u00e9rs\u00e9kelt sebess\u00e9g\u0171 k\u00f6r\u00fclm\u00e9nyek k\u00f6z\u00f6tt.<\/p>","protected":false},"featured_media":2524,"comment_status":"open","ping_status":"closed","template":"","meta":{"site-sidebar-layout":"default","site-content-layout":"","ast-site-content-layout":"default","site-content-style":"default","site-sidebar-style":"default","ast-global-header-display":"","ast-banner-title-visibility":"","ast-main-header-display":"","ast-hfb-above-header-display":"","ast-hfb-below-header-display":"","ast-hfb-mobile-header-display":"","site-post-title":"","ast-breadcrumbs-content":"","ast-featured-img":"","footer-sml-layout":"","ast-disable-related-posts":"","theme-transparent-header-meta":"default","adv-header-id-meta":"","stick-header-meta":"default","header-above-stick-meta":"","header-main-stick-meta":"","header-below-stick-meta":"","astra-migrate-meta-layouts":"set","ast-page-background-enabled":"default","ast-page-background-meta":{"desktop":{"background-color":"","background-image":"","background-repeat":"repeat","background-position":"center center","background-size":"auto","background-attachment":"scroll","background-type":"","background-media":"","overlay-type":"","overlay-color":"","overlay-opacity":"","overlay-gradient":""},"tablet":{"background-color":"","background-image":"","background-repeat":"repeat","background-position":"center center","background-size":"auto","background-attachment":"scroll","background-type":"","background-media":"","overlay-type":"","overlay-color":"","overlay-opacity":"","overlay-gradient":""},"mobile":{"background-color":"","background-image":"","background-repeat":"repeat","background-position":"center center","background-size":"auto","background-attachment":"scroll","background-type":"","background-media":"","overlay-type":"","overlay-color":"","overlay-opacity":"","overlay-gradient":""}},"ast-content-background-meta":{"desktop":{"background-color":"var(--ast-global-color-5)","background-image":"","background-repeat":"repeat","background-position":"center center","background-size":"auto","background-attachment":"scroll","background-type":"","background-media":"","overlay-type":"","overlay-color":"","overlay-opacity":"","overlay-gradient":""},"tablet":{"background-color":"var(--ast-global-color-5)","background-image":"","background-repeat":"repeat","background-position":"center center","background-size":"auto","background-attachment":"scroll","background-type":"","background-media":"","overlay-type":"","overlay-color":"","overlay-opacity":"","overlay-gradient":""},"mobile":{"background-color":"var(--ast-global-color-5)","background-image":"","background-repeat":"repeat","background-position":"center center","background-size":"auto","background-attachment":"scroll","background-type":"","background-media":"","overlay-type":"","overlay-color":"","overlay-opacity":"","overlay-gradient":""}}},"product_brand":[],"product_cat":[23],"product_tag":[245,237,240,233,78,56,45,47,239,241,154,242,238],"class_list":{"0":"post-2458","1":"product","2":"type-product","3":"status-publish","4":"has-post-thumbnail","6":"product_cat-tapered-roller-bearings","7":"product_tag-32008-bearing","8":"product_tag-automotive-bearing","9":"product_tag-chrome-steel-bearing","10":"product_tag-gcr15-bearing","11":"product_tag-gearbox-bearing","12":"product_tag-heavy-duty-bearing","13":"product_tag-industrial-bearing","14":"product_tag-oem-bearing-manufacturer","15":"product_tag-radial-axial-bearing","16":"product_tag-single-row-roller-bearing","17":"product_tag-tapered-roller-bearing","18":"product_tag-transmission-bearing","19":"product_tag-wheel-hub-bearing","20":"desktop-align-left","21":"tablet-align-left","22":"mobile-align-left","23":"ast-product-gallery-layout-horizontal-slider","24":"ast-product-gallery-with-no-image","25":"ast-product-tabs-layout-horizontal","27":"first","28":"instock","29":"shipping-taxable","30":"product-type-simple"},"_links":{"self":[{"href":"https:\/\/www.machinerybearings.com\/hu\/wp-json\/wp\/v2\/product\/2458","targetHints":{"allow":["GET"]}}],"collection":[{"href":"https:\/\/www.machinerybearings.com\/hu\/wp-json\/wp\/v2\/product"}],"about":[{"href":"https:\/\/www.machinerybearings.com\/hu\/wp-json\/wp\/v2\/types\/product"}],"replies":[{"embeddable":true,"href":"https:\/\/www.machinerybearings.com\/hu\/wp-json\/wp\/v2\/comments?post=2458"}],"wp:featuredmedia":[{"embeddable":true,"href":"https:\/\/www.machinerybearings.com\/hu\/wp-json\/wp\/v2\/media\/2524"}],"wp:attachment":[{"href":"https:\/\/www.machinerybearings.com\/hu\/wp-json\/wp\/v2\/media?parent=2458"}],"wp:term":[{"taxonomy":"product_brand","embeddable":true,"href":"https:\/\/www.machinerybearings.com\/hu\/wp-json\/wp\/v2\/product_brand?post=2458"},{"taxonomy":"product_cat","embeddable":true,"href":"https:\/\/www.machinerybearings.com\/hu\/wp-json\/wp\/v2\/product_cat?post=2458"},{"taxonomy":"product_tag","embeddable":true,"href":"https:\/\/www.machinerybearings.com\/hu\/wp-json\/wp\/v2\/product_tag?post=2458"}],"curies":[{"name":"wp","href":"https:\/\/api.w.org\/{rel}","templated":true}]}}