{"id":2460,"date":"2026-04-13T15:18:51","date_gmt":"2026-04-13T15:18:51","guid":{"rendered":"https:\/\/www.machinerybearings.com\/?post_type=product&#038;p=2460"},"modified":"2026-05-03T04:56:49","modified_gmt":"2026-05-03T04:56:49","slug":"inch-series-tapered-roller-bearing-for-automotive-and-industrial-applications","status":"publish","type":"product","link":"https:\/\/www.machinerybearings.com\/hu\/termek\/inch-series-tapered-roller-bearing-for-automotive-and-industrial-applications\/","title":{"rendered":"H\u00fcvelyk Sorozat K\u00fapos G\u00f6rg\u0151s Csap\u00e1gy G\u00e9pkocsi \u00e9s Ipari Alkalmaz\u00e1sokhoz"},"content":{"rendered":"<p data-start=\"112\" data-end=\"447\">Inch series tapered roller bearings are designed according to imperial size standards and are widely used in North American, European, and global heavy-duty mechanical systems. Models such as LM67048\/10 are engineered to support combined radial and axial loads, ensuring stable performance in high-load and high-precision applications.<\/p>\n<p data-start=\"449\" data-end=\"639\">The tapered geometry provides efficient load distribution and reduced friction, making it suitable for automotive hubs, agricultural machinery, trailers, and industrial transmission systems.<\/p>\n<h3 data-section-id=\"sse2nj\" data-start=\"646\" data-end=\"670\">M\u0171szaki Param\u00e9terek<\/h3>\n<div class=\"TyagGW_tableContainer\">\n<div class=\"group TyagGW_tableWrapper flex flex-col-reverse w-fit\" tabindex=\"-1\">\n<table class=\"w-fit min-w-(--thread-content-width)\" data-start=\"672\" data-end=\"1263\">\n<thead data-start=\"672\" data-end=\"696\">\n<tr data-start=\"672\" data-end=\"696\">\n<th class=\"\" data-start=\"672\" data-end=\"679\" data-col-size=\"sm\">T\u00e9tel<\/th>\n<th class=\"\" data-start=\"679\" data-end=\"696\" data-col-size=\"sm\">Megjegyz\u00e9s<\/th>\n<\/tr>\n<\/thead>\n<tbody data-start=\"721\" data-end=\"1263\">\n<tr data-start=\"721\" data-end=\"774\">\n<td data-start=\"721\" data-end=\"736\" data-col-size=\"sm\">Csap\u00e1gy t\u00edpusa<\/td>\n<td data-start=\"736\" data-end=\"774\" data-col-size=\"sm\">Inch Series Tapered Roller Bearing<\/td>\n<\/tr>\n<tr data-start=\"775\" data-end=\"812\">\n<td data-start=\"775\" data-end=\"791\" data-col-size=\"sm\">Model Example<\/td>\n<td data-start=\"791\" data-end=\"812\" data-col-size=\"sm\">LM67048 \/ LM67010<\/td>\n<\/tr>\n<tr data-start=\"813\" data-end=\"857\">\n<td data-start=\"813\" data-end=\"834\" data-col-size=\"sm\">Bels\u0151 \u00e1tm\u00e9r\u0151 (d)<\/td>\n<td data-start=\"834\" data-end=\"857\" data-col-size=\"sm\">31.75 mm (1.250 in)<\/td>\n<\/tr>\n<tr data-start=\"858\" data-end=\"902\">\n<td data-start=\"858\" data-end=\"879\" data-col-size=\"sm\">K\u00fcls\u0151 \u00e1tm\u00e9r\u0151 (D)<\/td>\n<td data-start=\"879\" data-end=\"902\" data-col-size=\"sm\">59.13 mm (2.328 in)<\/td>\n<\/tr>\n<tr data-start=\"903\" data-end=\"938\">\n<td data-start=\"903\" data-end=\"915\" data-col-size=\"sm\">Sz\u00e9less\u00e9g (T)<\/td>\n<td data-start=\"915\" data-end=\"938\" data-col-size=\"sm\">15.88 mm (0.625 in)<\/td>\n<\/tr>\n<tr data-start=\"939\" data-end=\"979\">\n<td data-start=\"939\" data-end=\"951\" data-col-size=\"sm\">Terhel\u00e9si T\u00edpus<\/td>\n<td data-start=\"951\" data-end=\"979\" data-col-size=\"sm\">Radi\u00e1lis terhel\u00e9s + Axi\u00e1lis terhel\u00e9s<\/td>\n<\/tr>\n<tr data-start=\"980\" data-end=\"1010\">\n<td data-start=\"980\" data-end=\"996\" data-col-size=\"sm\">Kos\u00e1r anyaga<\/td>\n<td data-start=\"996\" data-end=\"1010\" data-col-size=\"sm\">Ac\u00e9l ketrec<\/td>\n<\/tr>\n<tr data-start=\"1011\" data-end=\"1044\">\n<td data-start=\"1011\" data-end=\"1022\" data-col-size=\"sm\">Anyag<\/td>\n<td data-start=\"1022\" data-end=\"1044\" data-col-size=\"sm\">GCr15 Kr\u00f3mac\u00e9l<\/td>\n<\/tr>\n<tr data-start=\"1045\" data-end=\"1088\">\n<td data-start=\"1045\" data-end=\"1059\" data-col-size=\"sm\">Ken\u00e9s<\/td>\n<td data-start=\"1059\" data-end=\"1088\" data-col-size=\"sm\">Zs\u00edr vagy olaj ken\u00e9s<\/td>\n<\/tr>\n<tr data-start=\"1089\" data-end=\"1138\">\n<td data-start=\"1089\" data-end=\"1101\" data-col-size=\"sm\">Szerkezet<\/td>\n<td data-start=\"1101\" data-end=\"1138\" data-col-size=\"sm\">Egysoros k\u00fapg\u00f6rg\u0151s csap\u00e1gy<\/td>\n<\/tr>\n<tr data-start=\"1139\" data-end=\"1176\">\n<td data-start=\"1139\" data-end=\"1150\" data-col-size=\"sm\">Standard<\/td>\n<td data-start=\"1150\" data-end=\"1176\" data-col-size=\"sm\">Inch (Imperial) system<\/td>\n<\/tr>\n<tr data-start=\"1177\" data-end=\"1224\">\n<td data-start=\"1177\" data-end=\"1195\" data-col-size=\"sm\">M\u0171k\u00f6d\u00e9si Sebess\u00e9g<\/td>\n<td data-col-size=\"sm\" data-start=\"1195\" data-end=\"1224\">K\u00f6zepes sebess\u00e9g\u0171 alkalmaz\u00e1sok<\/td>\n<\/tr>\n<tr data-start=\"1225\" data-end=\"1263\">\n<td data-start=\"1225\" data-end=\"1245\" data-col-size=\"sm\">H\u0151m\u00e9rs\u00e9kleti Tartom\u00e1ny<\/td>\n<td data-start=\"1245\" data-end=\"1263\" data-col-size=\"sm\">-30\u00b0C-t\u00f3l 150\u00b0C-ig<\/td>\n<\/tr>\n<\/tbody>\n<\/table>\n<\/div>\n<\/div>\n<h3 data-section-id=\"1iz91iu\" data-start=\"1270\" data-end=\"1286\">F\u0151bb jellemz\u0151k<\/h3>\n<ul data-start=\"1288\" data-end=\"1569\">\n<li data-section-id=\"6liqey\" data-start=\"1288\" data-end=\"1339\">Designed according to inch (imperial) standards<\/li>\n<li data-section-id=\"1vl001\" data-start=\"1340\" data-end=\"1384\">Kombin\u00e1lt radi\u00e1lis \u00e9s axi\u00e1lis terhek t\u00e1mogat\u00e1sa<\/li>\n<li data-section-id=\"cti0ys\" data-start=\"1385\" data-end=\"1430\">High load capacity with compact structure<\/li>\n<li data-section-id=\"1e4pl9p\" data-start=\"1431\" data-end=\"1480\">Stabil teljes\u00edtm\u00e9ny folyamatos m\u0171k\u00f6d\u00e9s alatt<\/li>\n<li data-section-id=\"194oefw\" data-start=\"1481\" data-end=\"1521\">Low friction and improved efficiency<\/li>\n<li data-section-id=\"zll08v\" data-start=\"1522\" data-end=\"1569\">Long service life in demanding environments<\/li>\n<\/ul>\n<h3 data-section-id=\"wggvqn\" data-start=\"1576\" data-end=\"1592\">Alkalmaz\u00e1sok<\/h3>\n<ul data-start=\"1594\" data-end=\"1814\">\n<li data-section-id=\"ycqqd5\" data-start=\"1594\" data-end=\"1632\">Automotive wheel hubs and trailers<\/li>\n<li data-section-id=\"1n6ynun\" data-start=\"1633\" data-end=\"1659\">Mez\u0151gazdas\u00e1gi g\u00e9pek<\/li>\n<li data-section-id=\"942l0d\" data-start=\"1660\" data-end=\"1684\">Ipari sebess\u00e9gv\u00e1lt\u00f3k<\/li>\n<li data-section-id=\"16fhp27\" data-start=\"1685\" data-end=\"1711\">\u00c9p\u00edt\u0151ipari berendez\u00e9sek<\/li>\n<li data-section-id=\"1k09au2\" data-start=\"1712\" data-end=\"1741\">Material handling systems<\/li>\n<li data-section-id=\"hob13j\" data-start=\"1742\" data-end=\"1780\">Heavy-duty transportation vehicles<\/li>\n<li data-section-id=\"ngmc61\" data-start=\"1781\" data-end=\"1814\">Mining and off-road equipment<\/li>\n<\/ul>\n<h3 data-section-id=\"gqbmdj\" data-start=\"1821\" data-end=\"1847\">M\u00e9rn\u00f6ki El\u0151ny\u00f6k<\/h3>\n<p data-start=\"1849\" data-end=\"1996\">Inch series tapered roller bearings provide excellent interchangeability with global OEM standards, especially in North American equipment systems.<\/p>\n<p data-start=\"1998\" data-end=\"2158\">The tapered roller design ensures uniform load distribution, reducing stress concentration and improving fatigue resistance under heavy-duty working conditions.<\/p>\n<h3 data-section-id=\"ex11qd\" data-start=\"2165\" data-end=\"2183\">Testreszab\u00e1si lehet\u0151s\u00e9gek<\/h3>\n<ul data-start=\"2185\" data-end=\"2414\">\n<li data-section-id=\"1noc4vl\" data-start=\"2185\" data-end=\"2236\">Metric to inch conversion customization support<\/li>\n<li data-section-id=\"5w1bg0\" data-start=\"2237\" data-end=\"2278\">Clearance adjustment (C3\/C4 optional)<\/li>\n<li data-section-id=\"kk5oad\" data-start=\"2279\" data-end=\"2321\">Cage material options (steel or brass)<\/li>\n<li data-section-id=\"swm1rd\" data-start=\"2322\" data-end=\"2347\">Sealed or open design<\/li>\n<li data-section-id=\"1jq34of\" data-start=\"2348\" data-end=\"2383\">Magas h\u0151m\u00e9rs\u00e9klet\u0171 zs\u00edrt\u00f6lt\u00e9s<\/li>\n<li data-section-id=\"1vg6tkw\" data-start=\"2384\" data-end=\"2414\">OEM m\u00e1rk\u00e1z\u00e1s \u00e9s csomagol\u00e1s<\/li>\n<\/ul>","protected":false},"excerpt":{"rendered":"<p>Inch series tapered roller bearings are designed according to imperial size standards and are widely used in North American, European, and global heavy-duty mechanical systems. Models such as LM67048\/10 are engineered to support combined radial and axial loads, ensuring stable performance in high-load and high-precision applications.<\/p>","protected":false},"featured_media":2523,"comment_status":"open","ping_status":"closed","template":"","meta":{"site-sidebar-layout":"default","site-content-layout":"","ast-site-content-layout":"default","site-content-style":"default","site-sidebar-style":"default","ast-global-header-display":"","ast-banner-title-visibility":"","ast-main-header-display":"","ast-hfb-above-header-display":"","ast-hfb-below-header-display":"","ast-hfb-mobile-header-display":"","site-post-title":"","ast-breadcrumbs-content":"","ast-featured-img":"","footer-sml-layout":"","ast-disable-related-posts":"","theme-transparent-header-meta":"default","adv-header-id-meta":"","stick-header-meta":"default","header-above-stick-meta":"","header-main-stick-meta":"","header-below-stick-meta":"","astra-migrate-meta-layouts":"set","ast-page-background-enabled":"default","ast-page-background-meta":{"desktop":{"background-color":"","background-image":"","background-repeat":"repeat","background-position":"center center","background-size":"auto","background-attachment":"scroll","background-type":"","background-media":"","overlay-type":"","overlay-color":"","overlay-opacity":"","overlay-gradient":""},"tablet":{"background-color":"","background-image":"","background-repeat":"repeat","background-position":"center center","background-size":"auto","background-attachment":"scroll","background-type":"","background-media":"","overlay-type":"","overlay-color":"","overlay-opacity":"","overlay-gradient":""},"mobile":{"background-color":"","background-image":"","background-repeat":"repeat","background-position":"center center","background-size":"auto","background-attachment":"scroll","background-type":"","background-media":"","overlay-type":"","overlay-color":"","overlay-opacity":"","overlay-gradient":""}},"ast-content-background-meta":{"desktop":{"background-color":"var(--ast-global-color-5)","background-image":"","background-repeat":"repeat","background-position":"center center","background-size":"auto","background-attachment":"scroll","background-type":"","background-media":"","overlay-type":"","overlay-color":"","overlay-opacity":"","overlay-gradient":""},"tablet":{"background-color":"var(--ast-global-color-5)","background-image":"","background-repeat":"repeat","background-position":"center center","background-size":"auto","background-attachment":"scroll","background-type":"","background-media":"","overlay-type":"","overlay-color":"","overlay-opacity":"","overlay-gradient":""},"mobile":{"background-color":"var(--ast-global-color-5)","background-image":"","background-repeat":"repeat","background-position":"center center","background-size":"auto","background-attachment":"scroll","background-type":"","background-media":"","overlay-type":"","overlay-color":"","overlay-opacity":"","overlay-gradient":""}}},"product_brand":[],"product_cat":[23],"product_tag":[237,240,233,56,248,246,45,247,47,239,241,154,249,238],"class_list":{"0":"post-2460","1":"product","2":"type-product","3":"status-publish","4":"has-post-thumbnail","6":"product_cat-tapered-roller-bearings","7":"product_tag-automotive-bearing","8":"product_tag-chrome-steel-bearing","9":"product_tag-gcr15-bearing","10":"product_tag-heavy-duty-bearing","11":"product_tag-imperial-bearing","12":"product_tag-inch-series-bearing","13":"product_tag-industrial-bearing","14":"product_tag-lm67048-10-bearing","15":"product_tag-oem-bearing-manufacturer","16":"product_tag-radial-axial-bearing","17":"product_tag-single-row-roller-bearing","18":"product_tag-tapered-roller-bearing","19":"product_tag-trailer-bearing","20":"product_tag-wheel-hub-bearing","21":"desktop-align-left","22":"tablet-align-left","23":"mobile-align-left","24":"ast-product-gallery-layout-horizontal-slider","25":"ast-product-gallery-with-no-image","26":"ast-product-tabs-layout-horizontal","28":"first","29":"instock","30":"shipping-taxable","31":"product-type-simple"},"_links":{"self":[{"href":"https:\/\/www.machinerybearings.com\/hu\/wp-json\/wp\/v2\/product\/2460","targetHints":{"allow":["GET"]}}],"collection":[{"href":"https:\/\/www.machinerybearings.com\/hu\/wp-json\/wp\/v2\/product"}],"about":[{"href":"https:\/\/www.machinerybearings.com\/hu\/wp-json\/wp\/v2\/types\/product"}],"replies":[{"embeddable":true,"href":"https:\/\/www.machinerybearings.com\/hu\/wp-json\/wp\/v2\/comments?post=2460"}],"wp:featuredmedia":[{"embeddable":true,"href":"https:\/\/www.machinerybearings.com\/hu\/wp-json\/wp\/v2\/media\/2523"}],"wp:attachment":[{"href":"https:\/\/www.machinerybearings.com\/hu\/wp-json\/wp\/v2\/media?parent=2460"}],"wp:term":[{"taxonomy":"product_brand","embeddable":true,"href":"https:\/\/www.machinerybearings.com\/hu\/wp-json\/wp\/v2\/product_brand?post=2460"},{"taxonomy":"product_cat","embeddable":true,"href":"https:\/\/www.machinerybearings.com\/hu\/wp-json\/wp\/v2\/product_cat?post=2460"},{"taxonomy":"product_tag","embeddable":true,"href":"https:\/\/www.machinerybearings.com\/hu\/wp-json\/wp\/v2\/product_tag?post=2460"}],"curies":[{"name":"wp","href":"https:\/\/api.w.org\/{rel}","templated":true}]}}