{"id":2467,"date":"2026-04-13T15:38:00","date_gmt":"2026-04-13T15:38:00","guid":{"rendered":"https:\/\/www.machinerybearings.com\/?post_type=product&#038;p=2467"},"modified":"2026-05-03T04:25:39","modified_gmt":"2026-05-03T04:25:39","slug":"52205-double-direction-thrust-ball-bearing-for-bidirectional-axial-load-applications","status":"publish","type":"product","link":"https:\/\/www.machinerybearings.com\/hu\/termek\/52205-double-direction-thrust-ball-bearing-for-bidirectional-axial-load-applications\/","title":{"rendered":"52205 K\u00e9tir\u00e1ny\u00fa tol\u00f3g\u00f6mbcsap\u00e1gy bidirekcion\u00e1lis axi\u00e1lis terhel\u00e9s\u0171 alkalmaz\u00e1sokhoz"},"content":{"rendered":"<p data-start=\"119\" data-end=\"427\">The 52205 double direction thrust ball bearing is designed to support axial loads in both directions while operating at low to medium speeds. It consists of two sets of ball and cage assemblies positioned between a shaft washer and two housing washers, allowing stable bidirectional axial force transmission.<\/p>\n<p data-start=\"429\" data-end=\"605\">This bearing is widely used in industrial machinery, automotive systems, vertical shafts, and equipment requiring precise axial positioning and load control in both directions.<\/p>\n<h3 data-section-id=\"sse2nj\" data-start=\"612\" data-end=\"636\">M\u0171szaki Param\u00e9terek<\/h3>\n<div class=\"TyagGW_tableContainer\">\n<div class=\"group TyagGW_tableWrapper flex flex-col-reverse w-fit\" tabindex=\"-1\">\n<table class=\"w-fit min-w-(--thread-content-width)\" data-start=\"638\" data-end=\"1146\">\n<thead data-start=\"638\" data-end=\"662\">\n<tr data-start=\"638\" data-end=\"662\">\n<th class=\"\" data-start=\"638\" data-end=\"645\" data-col-size=\"sm\">T\u00e9tel<\/th>\n<th class=\"\" data-start=\"645\" data-end=\"662\" data-col-size=\"sm\">Megjegyz\u00e9s<\/th>\n<\/tr>\n<\/thead>\n<tbody data-start=\"687\" data-end=\"1146\">\n<tr data-start=\"687\" data-end=\"742\">\n<td data-start=\"687\" data-end=\"702\" data-col-size=\"sm\">Csap\u00e1gy t\u00edpusa<\/td>\n<td data-col-size=\"sm\" data-start=\"702\" data-end=\"742\">Double Direction Thrust Ball Bearing<\/td>\n<\/tr>\n<tr data-start=\"743\" data-end=\"760\">\n<td data-start=\"743\" data-end=\"751\" data-col-size=\"sm\">Modell<\/td>\n<td data-col-size=\"sm\" data-start=\"751\" data-end=\"760\">52205<\/td>\n<\/tr>\n<tr data-start=\"761\" data-end=\"791\">\n<td data-start=\"761\" data-end=\"782\" data-col-size=\"sm\">Bels\u0151 \u00e1tm\u00e9r\u0151 (d)<\/td>\n<td data-col-size=\"sm\" data-start=\"782\" data-end=\"791\">25 mm<\/td>\n<\/tr>\n<tr data-start=\"792\" data-end=\"822\">\n<td data-start=\"792\" data-end=\"813\" data-col-size=\"sm\">K\u00fcls\u0151 \u00e1tm\u00e9r\u0151 (D)<\/td>\n<td data-col-size=\"sm\" data-start=\"813\" data-end=\"822\">47 mm<\/td>\n<\/tr>\n<tr data-start=\"823\" data-end=\"845\">\n<td data-start=\"823\" data-end=\"836\" data-col-size=\"sm\">Height (H)<\/td>\n<td data-start=\"836\" data-end=\"845\" data-col-size=\"sm\">28 mm<\/td>\n<\/tr>\n<tr data-start=\"846\" data-end=\"890\">\n<td data-start=\"846\" data-end=\"858\" data-col-size=\"sm\">Terhel\u00e9si T\u00edpus<\/td>\n<td data-start=\"858\" data-end=\"890\" data-col-size=\"sm\">Axial load (both directions)<\/td>\n<\/tr>\n<tr data-start=\"891\" data-end=\"921\">\n<td data-start=\"891\" data-end=\"907\" data-col-size=\"sm\">Kos\u00e1r anyaga<\/td>\n<td data-col-size=\"sm\" data-start=\"907\" data-end=\"921\">Ac\u00e9l ketrec<\/td>\n<\/tr>\n<tr data-start=\"922\" data-end=\"955\">\n<td data-start=\"922\" data-end=\"933\" data-col-size=\"sm\">Anyag<\/td>\n<td data-col-size=\"sm\" data-start=\"933\" data-end=\"955\">GCr15 Kr\u00f3mac\u00e9l<\/td>\n<\/tr>\n<tr data-start=\"956\" data-end=\"999\">\n<td data-start=\"956\" data-end=\"970\" data-col-size=\"sm\">Ken\u00e9s<\/td>\n<td data-start=\"970\" data-end=\"999\" data-col-size=\"sm\">Zs\u00edr vagy olaj ken\u00e9s<\/td>\n<\/tr>\n<tr data-start=\"1000\" data-end=\"1052\">\n<td data-start=\"1000\" data-end=\"1012\" data-col-size=\"sm\">Szerkezet<\/td>\n<td data-start=\"1012\" data-end=\"1052\" data-col-size=\"sm\">Double direction thrust ball bearing<\/td>\n<\/tr>\n<tr data-start=\"1053\" data-end=\"1107\">\n<td data-start=\"1053\" data-end=\"1071\" data-col-size=\"sm\">M\u0171k\u00f6d\u00e9si Sebess\u00e9g<\/td>\n<td data-col-size=\"sm\" data-start=\"1071\" data-end=\"1107\">Low to medium speed applications<\/td>\n<\/tr>\n<tr data-start=\"1108\" data-end=\"1146\">\n<td data-start=\"1108\" data-end=\"1128\" data-col-size=\"sm\">H\u0151m\u00e9rs\u00e9kleti Tartom\u00e1ny<\/td>\n<td data-start=\"1128\" data-end=\"1146\" data-col-size=\"sm\">-30\u00b0C-t\u00f3l 150\u00b0C-ig<\/td>\n<\/tr>\n<\/tbody>\n<\/table>\n<\/div>\n<\/div>\n<h3 data-section-id=\"1iz91iu\" data-start=\"1153\" data-end=\"1169\">F\u0151bb jellemz\u0151k<\/h3>\n<ul data-start=\"1171\" data-end=\"1446\">\n<li data-section-id=\"bgzsu4\" data-start=\"1171\" data-end=\"1214\">Supports axial loads in both directions<\/li>\n<li data-section-id=\"mg3ilj\" data-start=\"1215\" data-end=\"1257\">High axial load capacity and stability<\/li>\n<li data-section-id=\"1ahtu2d\" data-start=\"1258\" data-end=\"1315\">Compact structure with integrated dual bearing design<\/li>\n<li data-section-id=\"1mpt223\" data-start=\"1316\" data-end=\"1354\">Z\u00f6kken\u0151mentes m\u0171k\u00f6d\u00e9s alacsony s\u00farl\u00f3d\u00e1ssal<\/li>\n<li data-section-id=\"1im36t5\" data-start=\"1355\" data-end=\"1397\">Reliable shaft positioning performance<\/li>\n<li data-section-id=\"11mhlq5\" data-start=\"1398\" data-end=\"1446\">Suitable for continuous industrial operation<\/li>\n<\/ul>\n<h3 data-section-id=\"wggvqn\" data-start=\"1453\" data-end=\"1469\">Alkalmaz\u00e1sok<\/h3>\n<ul data-start=\"1471\" data-end=\"1688\">\n<li data-section-id=\"mg5yuj\" data-start=\"1471\" data-end=\"1506\">Automotive transmission systems<\/li>\n<li data-section-id=\"942l0d\" data-start=\"1507\" data-end=\"1531\">Ipari sebess\u00e9gv\u00e1lt\u00f3k<\/li>\n<li data-section-id=\"1v5jfje\" data-start=\"1532\" data-end=\"1561\">Vertical shaft assemblies<\/li>\n<li data-section-id=\"i4bnzm\" data-start=\"1562\" data-end=\"1599\">Machine tools and spindle systems<\/li>\n<li data-section-id=\"dl2tr4\" data-start=\"1600\" data-end=\"1625\">Szivatty\u00fak \u00e9s kompresszorok<\/li>\n<li data-section-id=\"1jmg69j\" data-start=\"1626\" data-end=\"1661\">Heavy-duty industrial equipment<\/li>\n<li data-section-id=\"1n6ynun\" data-start=\"1662\" data-end=\"1688\">Mez\u0151gazdas\u00e1gi g\u00e9pek<\/li>\n<\/ul>\n<h3 data-section-id=\"gqbmdj\" data-start=\"1695\" data-end=\"1721\">M\u00e9rn\u00f6ki El\u0151ny\u00f6k<\/h3>\n<p data-start=\"1723\" data-end=\"1909\">The 52205 double direction thrust ball bearing eliminates the need for separate single-direction thrust bearings by integrating bidirectional axial load support into a compact structure.<\/p>\n<p data-start=\"1911\" data-end=\"2052\">This improves assembly efficiency, reduces space requirements, and enhances overall system stability under alternating axial load conditions.<\/p>\n<h3 data-section-id=\"ex11qd\" data-start=\"2059\" data-end=\"2077\">Testreszab\u00e1si lehet\u0151s\u00e9gek<\/h3>\n<ul data-start=\"2079\" data-end=\"2281\">\n<li data-section-id=\"11oted0\" data-start=\"2079\" data-end=\"2127\">Precision grade customization (P0 \/ P6 \/ P5)<\/li>\n<li data-section-id=\"kk5oad\" data-start=\"2128\" data-end=\"2170\">Cage material options (steel or brass)<\/li>\n<li data-section-id=\"1jq34of\" data-start=\"2171\" data-end=\"2206\">Magas h\u0151m\u00e9rs\u00e9klet\u0171 zs\u00edrt\u00f6lt\u00e9s<\/li>\n<li data-section-id=\"lmzun1\" data-start=\"2207\" data-end=\"2242\">Open or shielded design options<\/li>\n<li data-section-id=\"1mlx5yn\" data-start=\"2243\" data-end=\"2281\">OEM m\u00e1rk\u00e1z\u00e1si \u00e9s csomagol\u00e1si t\u00e1mogat\u00e1s<\/li>\n<\/ul>","protected":false},"excerpt":{"rendered":"<p>The 52205 double direction thrust ball bearing is designed to support axial loads in both directions while operating at low to medium speeds. It consists of two sets of ball and cage assemblies positioned between a shaft washer and two housing washers, allowing stable bidirectional axial force transmission.<\/p>","protected":false},"featured_media":2517,"comment_status":"open","ping_status":"closed","template":"","meta":{"site-sidebar-layout":"default","site-content-layout":"","ast-site-content-layout":"default","site-content-style":"default","site-sidebar-style":"default","ast-global-header-display":"","ast-banner-title-visibility":"","ast-main-header-display":"","ast-hfb-above-header-display":"","ast-hfb-below-header-display":"","ast-hfb-mobile-header-display":"","site-post-title":"","ast-breadcrumbs-content":"","ast-featured-img":"","footer-sml-layout":"","ast-disable-related-posts":"","theme-transparent-header-meta":"default","adv-header-id-meta":"","stick-header-meta":"default","header-above-stick-meta":"","header-main-stick-meta":"","header-below-stick-meta":"","astra-migrate-meta-layouts":"set","ast-page-background-enabled":"default","ast-page-background-meta":{"desktop":{"background-color":"","background-image":"","background-repeat":"repeat","background-position":"center center","background-size":"auto","background-attachment":"scroll","background-type":"","background-media":"","overlay-type":"","overlay-color":"","overlay-opacity":"","overlay-gradient":""},"tablet":{"background-color":"","background-image":"","background-repeat":"repeat","background-position":"center center","background-size":"auto","background-attachment":"scroll","background-type":"","background-media":"","overlay-type":"","overlay-color":"","overlay-opacity":"","overlay-gradient":""},"mobile":{"background-color":"","background-image":"","background-repeat":"repeat","background-position":"center center","background-size":"auto","background-attachment":"scroll","background-type":"","background-media":"","overlay-type":"","overlay-color":"","overlay-opacity":"","overlay-gradient":""}},"ast-content-background-meta":{"desktop":{"background-color":"var(--ast-global-color-5)","background-image":"","background-repeat":"repeat","background-position":"center center","background-size":"auto","background-attachment":"scroll","background-type":"","background-media":"","overlay-type":"","overlay-color":"","overlay-opacity":"","overlay-gradient":""},"tablet":{"background-color":"var(--ast-global-color-5)","background-image":"","background-repeat":"repeat","background-position":"center center","background-size":"auto","background-attachment":"scroll","background-type":"","background-media":"","overlay-type":"","overlay-color":"","overlay-opacity":"","overlay-gradient":""},"mobile":{"background-color":"var(--ast-global-color-5)","background-image":"","background-repeat":"repeat","background-position":"center center","background-size":"auto","background-attachment":"scroll","background-type":"","background-media":"","overlay-type":"","overlay-color":"","overlay-opacity":"","overlay-gradient":""}}},"product_brand":[],"product_cat":[26],"product_tag":[266,268,240,267,233,78,56,45,102,71,47,104,259],"class_list":{"0":"post-2467","1":"product","2":"type-product","3":"status-publish","4":"has-post-thumbnail","6":"product_cat-thrust-ball-bearings","7":"product_tag-52205-bearing","8":"product_tag-bidirectional-axial-bearing","9":"product_tag-chrome-steel-bearing","10":"product_tag-double-direction-thrust-ball-bearing","11":"product_tag-gcr15-bearing","12":"product_tag-gearbox-bearing","13":"product_tag-heavy-duty-bearing","14":"product_tag-industrial-bearing","15":"product_tag-low-friction-bearing","16":"product_tag-machine-tool-bearing","17":"product_tag-oem-bearing-manufacturer","18":"product_tag-pump-bearing","19":"product_tag-thrust-bearing","20":"desktop-align-left","21":"tablet-align-left","22":"mobile-align-left","23":"ast-product-gallery-layout-horizontal-slider","24":"ast-product-gallery-with-no-image","25":"ast-product-tabs-layout-horizontal","27":"first","28":"instock","29":"shipping-taxable","30":"product-type-simple"},"_links":{"self":[{"href":"https:\/\/www.machinerybearings.com\/hu\/wp-json\/wp\/v2\/product\/2467","targetHints":{"allow":["GET"]}}],"collection":[{"href":"https:\/\/www.machinerybearings.com\/hu\/wp-json\/wp\/v2\/product"}],"about":[{"href":"https:\/\/www.machinerybearings.com\/hu\/wp-json\/wp\/v2\/types\/product"}],"replies":[{"embeddable":true,"href":"https:\/\/www.machinerybearings.com\/hu\/wp-json\/wp\/v2\/comments?post=2467"}],"wp:featuredmedia":[{"embeddable":true,"href":"https:\/\/www.machinerybearings.com\/hu\/wp-json\/wp\/v2\/media\/2517"}],"wp:attachment":[{"href":"https:\/\/www.machinerybearings.com\/hu\/wp-json\/wp\/v2\/media?parent=2467"}],"wp:term":[{"taxonomy":"product_brand","embeddable":true,"href":"https:\/\/www.machinerybearings.com\/hu\/wp-json\/wp\/v2\/product_brand?post=2467"},{"taxonomy":"product_cat","embeddable":true,"href":"https:\/\/www.machinerybearings.com\/hu\/wp-json\/wp\/v2\/product_cat?post=2467"},{"taxonomy":"product_tag","embeddable":true,"href":"https:\/\/www.machinerybearings.com\/hu\/wp-json\/wp\/v2\/product_tag?post=2467"}],"curies":[{"name":"wp","href":"https:\/\/api.w.org\/{rel}","templated":true}]}}