{"id":395,"date":"2026-03-24T15:09:22","date_gmt":"2026-03-24T15:09:22","guid":{"rendered":"https:\/\/www.machinerybearings.com\/about\/"},"modified":"2026-05-02T21:07:09","modified_gmt":"2026-05-02T21:07:09","slug":"circa","status":"publish","type":"page","link":"https:\/\/www.machinerybearings.com\/it\/circa\/","title":{"rendered":"Chi siamo"},"content":{"rendered":"<div data-elementor-type=\"wp-page\" data-elementor-id=\"395\" class=\"elementor elementor-395\" data-elementor-post-type=\"page\">\n\t\t\t\t<div class=\"elementor-element elementor-element-443e739 e-flex e-con-boxed e-con e-parent\" data-id=\"443e739\" data-element_type=\"container\" data-e-type=\"container\" data-settings=\"{&quot;background_background&quot;:&quot;classic&quot;}\">\n\t\t\t\t\t<div class=\"e-con-inner\">\n\t\t<div class=\"elementor-element elementor-element-8816627 e-con-full e-flex e-con e-child\" data-id=\"8816627\" data-element_type=\"container\" data-e-type=\"container\">\n\t\t\t\t<div class=\"elementor-element elementor-element-c2fdea1 elementor-widget elementor-widget-heading\" data-id=\"c2fdea1\" data-element_type=\"widget\" data-e-type=\"widget\" data-widget_type=\"heading.default\">\n\t\t\t\t<div class=\"elementor-widget-container\">\n\t\t\t\t\t<h1 class=\"elementor-heading-title elementor-size-default\">Chi siamo<\/h1>\t\t\t\t<\/div>\n\t\t\t\t<\/div>\n\t\t\t\t<\/div>\n\t\t\t\t\t<\/div>\n\t\t\t\t<\/div>\n\t\t<div class=\"elementor-element elementor-element-9c4fb5e e-flex e-con-boxed e-con e-parent\" data-id=\"9c4fb5e\" data-element_type=\"container\" data-e-type=\"container\" data-settings=\"{&quot;background_background&quot;:&quot;classic&quot;}\">\n\t\t\t\t\t<div class=\"e-con-inner\">\n\t\t<div class=\"elementor-element elementor-element-ef2fe3d e-con-full e-flex e-con e-child\" data-id=\"ef2fe3d\" data-element_type=\"container\" data-e-type=\"container\" data-settings=\"{&quot;background_background&quot;:&quot;classic&quot;}\">\n\t\t\t\t<div class=\"elementor-element elementor-element-4be2227 elementor-widget elementor-widget-heading\" data-id=\"4be2227\" data-element_type=\"widget\" data-e-type=\"widget\" data-widget_type=\"heading.default\">\n\t\t\t\t<div class=\"elementor-widget-container\">\n\t\t\t\t\t<h5 class=\"elementor-heading-title elementor-size-default\">CuscinettiMacchinari<\/h5>\t\t\t\t<\/div>\n\t\t\t\t<\/div>\n\t\t\t\t<div class=\"elementor-element elementor-element-7e0a8fb elementor-widget elementor-widget-heading\" data-id=\"7e0a8fb\" data-element_type=\"widget\" data-e-type=\"widget\" data-widget_type=\"heading.default\">\n\t\t\t\t<div class=\"elementor-widget-container\">\n\t\t\t\t\t<h2 class=\"elementor-heading-title elementor-size-default\">Chi Siamo<\/h2>\t\t\t\t<\/div>\n\t\t\t\t<\/div>\n\t\t\t\t<\/div>\n\t\t\t\t\t<\/div>\n\t\t\t\t<\/div>\n\t\t<div class=\"elementor-element elementor-element-3790522 e-flex e-con-boxed e-con e-parent\" data-id=\"3790522\" data-element_type=\"container\" data-e-type=\"container\">\n\t\t\t\t\t<div class=\"e-con-inner\">\n\t\t<div class=\"elementor-element elementor-element-3149c78 e-con-full e-flex e-con e-child\" data-id=\"3149c78\" data-element_type=\"container\" data-e-type=\"container\">\n\t\t\t\t<div class=\"elementor-element elementor-element-ff7b81f elementor-widget elementor-widget-heading\" data-id=\"ff7b81f\" data-element_type=\"widget\" data-e-type=\"widget\" data-widget_type=\"heading.default\">\n\t\t\t\t<div class=\"elementor-widget-container\">\n\t\t\t\t\t<h6 class=\"elementor-heading-title elementor-size-default\">La nostra storia<\/h6>\t\t\t\t<\/div>\n\t\t\t\t<\/div>\n\t\t\t\t<\/div>\n\t\t<div class=\"elementor-element elementor-element-ba3fc8e e-con-full e-flex e-con e-child\" data-id=\"ba3fc8e\" data-element_type=\"container\" data-e-type=\"container\">\n\t\t\t\t<div class=\"elementor-element elementor-element-b8a8c9f elementor-widget-divider--view-line elementor-widget elementor-widget-divider\" data-id=\"b8a8c9f\" data-element_type=\"widget\" data-e-type=\"widget\" data-widget_type=\"divider.default\">\n\t\t\t\t<div class=\"elementor-widget-container\">\n\t\t\t\t\t\t\t<div class=\"elementor-divider\">\n\t\t\t<span class=\"elementor-divider-separator\">\n\t\t\t\t\t\t<\/span>\n\t\t<\/div>\n\t\t\t\t\t\t<\/div>\n\t\t\t\t<\/div>\n\t\t\t\t<div class=\"elementor-element elementor-element-84850f0 elementor-widget elementor-widget-text-editor\" data-id=\"84850f0\" data-element_type=\"widget\" data-e-type=\"widget\" data-widget_type=\"text-editor.default\">\n\t\t\t\t<div class=\"elementor-widget-container\">\n\t\t\t\t\t\t\t\t\t<p data-start=\"154\" data-end=\"371\">CuscinettiMacchinari \u00e8 una piattaforma professionale di cuscinetti industriali sotto Henan Wonzh Precision Manufacturing Co., Ltd., dedicata a fornire soluzioni di cuscinetti affidabili e ad alte prestazioni per clienti globali.<\/p><p data-start=\"373\" data-end=\"583\">Con anni di esperienza nella produzione di precisione, ci specializziamo nella produzione e fornitura di una vasta gamma di cuscinetti utilizzati in macchinari, sistemi di trasmissione di potenza e ambienti industriali pesanti.<\/p><p data-start=\"585\" data-end=\"759\">Il nostro obiettivo non \u00e8 solo fornire prodotti, ma anche offrire soluzioni ingegneristiche che migliorano le prestazioni delle attrezzature, riducono i tempi di inattivit\u00e0 e prolungano la vita utile.<\/p><p data-start=\"784\" data-end=\"950\">Henan Wonzh Precision Manufacturing Co., Ltd. \u00e8 stata fondata con una visione chiara: portare ingegneria di precisione e componenti affidabili nel mercato industriale globale.<\/p><p data-start=\"952\" data-end=\"1279\">Negli anni, abbiamo continuamente ampliato le nostre capacit\u00e0 nella produzione di cuscinetti, soluzioni di tenuta e componenti meccanici correlati. Attraverso investimenti continui nella tecnologia di produzione e nei sistemi di controllo qualit\u00e0, abbiamo costruito una catena di fornitura stabile e partnership a lungo termine con clienti in diversi settori.<\/p><p data-start=\"1281\" data-end=\"1472\">Oggi, CuscinettiMacchinari funge da piattaforma dedicata per connettersi con clienti internazionali, offrendo sia soluzioni di cuscinetti standard che personalizzate adattate ad applicazioni reali.<\/p>\t\t\t\t\t\t\t\t<\/div>\n\t\t\t\t<\/div>\n\t\t\t\t<\/div>\n\t\t\t\t\t<\/div>\n\t\t\t\t<\/div>\n\t\t<div class=\"elementor-element elementor-element-ec04f94 e-flex e-con-boxed e-con e-parent\" data-id=\"ec04f94\" data-element_type=\"container\" data-e-type=\"container\" data-settings=\"{&quot;background_background&quot;:&quot;classic&quot;}\">\n\t\t\t\t\t<div class=\"e-con-inner\">\n\t\t<div class=\"elementor-element elementor-element-1c9762f e-con-full e-flex e-con e-child\" data-id=\"1c9762f\" data-element_type=\"container\" data-e-type=\"container\">\n\t\t<div class=\"elementor-element elementor-element-ba45ee9 e-con-full e-flex e-con e-child\" data-id=\"ba45ee9\" data-element_type=\"container\" data-e-type=\"container\">\n\t\t<div class=\"elementor-element elementor-element-4e3ff3d e-con-full e-flex e-con e-child\" data-id=\"4e3ff3d\" data-element_type=\"container\" data-e-type=\"container\">\n\t\t\t\t<div class=\"elementor-element elementor-element-e9b7223 elementor-widget elementor-widget-heading\" data-id=\"e9b7223\" data-element_type=\"widget\" data-e-type=\"widget\" data-widget_type=\"heading.default\">\n\t\t\t\t<div class=\"elementor-widget-container\">\n\t\t\t\t\t<h6 class=\"elementor-heading-title elementor-size-default\">La Nostra Visione<\/h6>\t\t\t\t<\/div>\n\t\t\t\t<\/div>\n\t\t\t\t<\/div>\n\t\t<div class=\"elementor-element elementor-element-d7f54ae e-con-full e-flex e-con e-child\" data-id=\"d7f54ae\" data-element_type=\"container\" data-e-type=\"container\">\n\t\t\t\t<div class=\"elementor-element elementor-element-518860d elementor-widget-divider--view-line elementor-widget elementor-widget-divider\" data-id=\"518860d\" data-element_type=\"widget\" data-e-type=\"widget\" data-widget_type=\"divider.default\">\n\t\t\t\t<div class=\"elementor-widget-container\">\n\t\t\t\t\t\t\t<div class=\"elementor-divider\">\n\t\t\t<span class=\"elementor-divider-separator\">\n\t\t\t\t\t\t<\/span>\n\t\t<\/div>\n\t\t\t\t\t\t<\/div>\n\t\t\t\t<\/div>\n\t\t\t\t<div class=\"elementor-element elementor-element-442f3f8 elementor-widget elementor-widget-text-editor\" data-id=\"442f3f8\" data-element_type=\"widget\" data-e-type=\"widget\" data-widget_type=\"text-editor.default\">\n\t\t\t\t<div class=\"elementor-widget-container\">\n\t\t\t\t\t\t\t\t\t<p data-start=\"1498\" data-end=\"1646\">Diventare un fornitore globale di cuscinetti di precisione e componenti meccanici di fiducia, riconosciuto per qualit\u00e0, affidabilit\u00e0 e competenza ingegneristica.<\/p><p data-start=\"1648\" data-end=\"1772\">Miriamo a supportare le industrie in tutto il mondo fornendo prodotti che soddisfano i pi\u00f9 alti standard di prestazioni e durata.<\/p>\t\t\t\t\t\t\t\t<\/div>\n\t\t\t\t<\/div>\n\t\t\t\t<\/div>\n\t\t\t\t<\/div>\n\t\t<div class=\"elementor-element elementor-element-d382d58 e-con-full e-flex e-con e-child\" data-id=\"d382d58\" data-element_type=\"container\" data-e-type=\"container\">\n\t\t<div class=\"elementor-element elementor-element-2398d76 e-con-full e-flex e-con e-child\" data-id=\"2398d76\" data-element_type=\"container\" data-e-type=\"container\">\n\t\t\t\t<div class=\"elementor-element elementor-element-82836ee elementor-widget elementor-widget-heading\" data-id=\"82836ee\" data-element_type=\"widget\" data-e-type=\"widget\" data-widget_type=\"heading.default\">\n\t\t\t\t<div class=\"elementor-widget-container\">\n\t\t\t\t\t<h6 class=\"elementor-heading-title elementor-size-default\">La Nostra Missione<\/h6>\t\t\t\t<\/div>\n\t\t\t\t<\/div>\n\t\t\t\t<\/div>\n\t\t<div class=\"elementor-element elementor-element-9de1ae7 e-con-full e-flex e-con e-child\" data-id=\"9de1ae7\" data-element_type=\"container\" data-e-type=\"container\">\n\t\t\t\t<div class=\"elementor-element elementor-element-88206b2 elementor-widget-divider--view-line elementor-widget elementor-widget-divider\" data-id=\"88206b2\" data-element_type=\"widget\" data-e-type=\"widget\" data-widget_type=\"divider.default\">\n\t\t\t\t<div class=\"elementor-widget-container\">\n\t\t\t\t\t\t\t<div class=\"elementor-divider\">\n\t\t\t<span class=\"elementor-divider-separator\">\n\t\t\t\t\t\t<\/span>\n\t\t<\/div>\n\t\t\t\t\t\t<\/div>\n\t\t\t\t<\/div>\n\t\t\t\t<div class=\"elementor-element elementor-element-60f644e elementor-widget elementor-widget-text-editor\" data-id=\"60f644e\" data-element_type=\"widget\" data-e-type=\"widget\" data-widget_type=\"text-editor.default\">\n\t\t\t\t<div class=\"elementor-widget-container\">\n\t\t\t\t\t\t\t\t\t<p data-start=\"95\" data-end=\"285\">Siamo impegnati a fornire pi\u00f9 di semplici prodotti per cuscinetti. Presso CuscinettiMacchinari, la nostra missione \u00e8 guidata da un chiaro focus sulla qualit\u00e0, sulle prestazioni e sul valore a lungo termine per i nostri clienti.<\/p><p data-start=\"287\" data-end=\"491\">Combinando la produzione di precisione con un supporto ingegneristico pratico, miriamo ad aiutare le aziende a migliorare l'efficienza, ridurre i tempi di inattivit\u00e0 e raggiungere un funzionamento affidabile in ambienti industriali impegnativi.<\/p>\t\t\t\t\t\t\t\t<\/div>\n\t\t\t\t<\/div>\n\t\t\t\t<div class=\"elementor-element elementor-element-2f19918 elementor-icon-list--layout-traditional elementor-list-item-link-full_width elementor-widget elementor-widget-icon-list\" data-id=\"2f19918\" data-element_type=\"widget\" data-e-type=\"widget\" data-widget_type=\"icon-list.default\">\n\t\t\t\t<div class=\"elementor-widget-container\">\n\t\t\t\t\t\t\t<ul class=\"elementor-icon-list-items\">\n\t\t\t\t\t\t\t<li class=\"elementor-icon-list-item\">\n\t\t\t\t\t\t\t\t\t\t\t<span class=\"elementor-icon-list-icon\">\n\t\t\t\t\t\t\t<i aria-hidden=\"true\" class=\"fas fa-caret-right\"><\/i>\t\t\t\t\t\t<\/span>\n\t\t\t\t\t\t\t\t\t\t<span class=\"elementor-icon-list-text\">Fornire prodotti per cuscinetti di alta qualit\u00e0 con prestazioni costanti<\/span>\n\t\t\t\t\t\t\t\t\t<\/li>\n\t\t\t\t\t\t\t\t<li class=\"elementor-icon-list-item\">\n\t\t\t\t\t\t\t\t\t\t\t<span class=\"elementor-icon-list-icon\">\n\t\t\t\t\t\t\t<i aria-hidden=\"true\" class=\"fas fa-caret-right\"><\/i>\t\t\t\t\t\t<\/span>\n\t\t\t\t\t\t\t\t\t\t<span class=\"elementor-icon-list-text\">Offrire soluzioni ingegneristiche pratiche ed efficienti<\/span>\n\t\t\t\t\t\t\t\t\t<\/li>\n\t\t\t\t\t\t\t\t<li class=\"elementor-icon-list-item\">\n\t\t\t\t\t\t\t\t\t\t\t<span class=\"elementor-icon-list-icon\">\n\t\t\t\t\t\t\t<i aria-hidden=\"true\" class=\"fas fa-caret-right\"><\/i>\t\t\t\t\t\t<\/span>\n\t\t\t\t\t\t\t\t\t\t<span class=\"elementor-icon-list-text\">Aiutare i clienti a ridurre i costi operativi e migliorare l'affidabilit\u00e0 del sistema<\/span>\n\t\t\t\t\t\t\t\t\t<\/li>\n\t\t\t\t\t\t\t\t<li class=\"elementor-icon-list-item\">\n\t\t\t\t\t\t\t\t\t\t\t<span class=\"elementor-icon-list-icon\">\n\t\t\t\t\t\t\t<i aria-hidden=\"true\" class=\"fas fa-caret-right\"><\/i>\t\t\t\t\t\t<\/span>\n\t\t\t\t\t\t\t\t\t\t<span class=\"elementor-icon-list-text\">Costruire partnership a lungo termine basate su fiducia e professionalit\u00e0<\/span>\n\t\t\t\t\t\t\t\t\t<\/li>\n\t\t\t\t\t\t<\/ul>\n\t\t\t\t\t\t<\/div>\n\t\t\t\t<\/div>\n\t\t\t\t<\/div>\n\t\t\t\t<\/div>\n\t\t\t\t<\/div>\n\t\t\t\t\t<\/div>\n\t\t\t\t<\/div>\n\t\t\t\t<\/div>","protected":false},"excerpt":{"rendered":"<p>About MachineryBearings Who We Are Our story MachineryBearings is a professional industrial bearing platform under Henan Wonzh Precision Manufacturing Co., Ltd., dedicated to providing reliable and high-performance bearing solutions for global customers. With years of experience in precision manufacturing, we specialize in the production and supply of a wide range of bearings used in machinery, [&hellip;]<\/p>\n","protected":false},"author":1,"featured_media":0,"parent":0,"menu_order":0,"comment_status":"closed","ping_status":"closed","template":"","meta":{"site-sidebar-layout":"no-sidebar","site-content-layout":"page-builder","ast-site-content-layout":"default","site-content-style":"default","site-sidebar-style":"default","ast-global-header-display":"","ast-banner-title-visibility":"","ast-main-header-display":"","ast-hfb-above-header-display":"","ast-hfb-below-header-display":"","ast-hfb-mobile-header-display":"","site-post-title":"disabled","ast-breadcrumbs-content":"disabled","ast-featured-img":"disabled","footer-sml-layout":"","ast-disable-related-posts":"","theme-transparent-header-meta":"enabled","adv-header-id-meta":"","stick-header-meta":"","header-above-stick-meta":"","header-main-stick-meta":"","header-below-stick-meta":"","astra-migrate-meta-layouts":"default","ast-page-background-enabled":"default","ast-page-background-meta":{"desktop":{"background-color":"","background-image":"","background-repeat":"repeat","background-position":"center center","background-size":"auto","background-attachment":"scroll","background-type":"","background-media":"","overlay-type":"","overlay-color":"","overlay-opacity":"","overlay-gradient":""},"tablet":{"background-color":"","background-image":"","background-repeat":"repeat","background-position":"center center","background-size":"auto","background-attachment":"scroll","background-type":"","background-media":"","overlay-type":"","overlay-color":"","overlay-opacity":"","overlay-gradient":""},"mobile":{"background-color":"","background-image":"","background-repeat":"repeat","background-position":"center center","background-size":"auto","background-attachment":"scroll","background-type":"","background-media":"","overlay-type":"","overlay-color":"","overlay-opacity":"","overlay-gradient":""}},"ast-content-background-meta":{"desktop":{"background-color":"var(--ast-global-color-5)","background-image":"","background-repeat":"repeat","background-position":"center center","background-size":"auto","background-attachment":"scroll","background-type":"","background-media":"","overlay-type":"","overlay-color":"","overlay-opacity":"","overlay-gradient":""},"tablet":{"background-color":"var(--ast-global-color-5)","background-image":"","background-repeat":"repeat","background-position":"center center","background-size":"auto","background-attachment":"scroll","background-type":"","background-media":"","overlay-type":"","overlay-color":"","overlay-opacity":"","overlay-gradient":""},"mobile":{"background-color":"var(--ast-global-color-5)","background-image":"","background-repeat":"repeat","background-position":"center center","background-size":"auto","background-attachment":"scroll","background-type":"","background-media":"","overlay-type":"","overlay-color":"","overlay-opacity":"","overlay-gradient":""}},"footnotes":""},"class_list":["post-395","page","type-page","status-publish","hentry"],"_links":{"self":[{"href":"https:\/\/www.machinerybearings.com\/it\/wp-json\/wp\/v2\/pages\/395","targetHints":{"allow":["GET"]}}],"collection":[{"href":"https:\/\/www.machinerybearings.com\/it\/wp-json\/wp\/v2\/pages"}],"about":[{"href":"https:\/\/www.machinerybearings.com\/it\/wp-json\/wp\/v2\/types\/page"}],"author":[{"embeddable":true,"href":"https:\/\/www.machinerybearings.com\/it\/wp-json\/wp\/v2\/users\/1"}],"replies":[{"embeddable":true,"href":"https:\/\/www.machinerybearings.com\/it\/wp-json\/wp\/v2\/comments?post=395"}],"version-history":[{"count":9,"href":"https:\/\/www.machinerybearings.com\/it\/wp-json\/wp\/v2\/pages\/395\/revisions"}],"predecessor-version":[{"id":2492,"href":"https:\/\/www.machinerybearings.com\/it\/wp-json\/wp\/v2\/pages\/395\/revisions\/2492"}],"wp:attachment":[{"href":"https:\/\/www.machinerybearings.com\/it\/wp-json\/wp\/v2\/media?parent=395"}],"curies":[{"name":"wp","href":"https:\/\/api.w.org\/{rel}","templated":true}]}}