{"id":2422,"date":"2026-04-12T15:14:52","date_gmt":"2026-04-12T15:14:52","guid":{"rendered":"https:\/\/www.machinerybearings.com\/?post_type=product&#038;p=2422"},"modified":"2026-05-04T14:10:09","modified_gmt":"2026-05-04T14:10:09","slug":"ucp205-pillow-block-insert-bearing-unit-self-aligning-mounted-bearing-for-industrial-applications","status":"publish","type":"product","link":"https:\/\/www.machinerybearings.com\/it\/prodotto\/ucp205-pillow-block-insert-bearing-unit-self-aligning-mounted-bearing-for-industrial-applications\/","title":{"rendered":"Unit\u00e0 di cuscinetto a blocco UCP205 \u2013 Cuscinetto montato auto-allineante per applicazioni industriali"},"content":{"rendered":"<p data-start=\"363\" data-end=\"674\">Il <strong data-start=\"367\" data-end=\"410\">UCP205 Unit\u00e0 di Cuscinetto a Cuscino<\/strong> \u00e8 una soluzione di cuscinetto montato ampiamente utilizzata composta da un <strong data-start=\"469\" data-end=\"529\">cuscinetto inserto UC205 e un alloggiamento a cuscino della serie P<\/strong>. \u00c8 progettato per un'installazione facile, un supporto dell'albero affidabile e un funzionamento stabile in una vasta gamma di applicazioni industriali e agricole.<\/p>\n<p data-start=\"676\" data-end=\"1021\">Il cuscinetto inserto UC205 presenta una superficie esterna sferica che consente l'auto-allineamento all'interno dell'alloggiamento, aiutando a compensare il disallineamento dell'albero e ridurre lo stress di installazione. Combinato con un robusto alloggiamento a cuscino in ghisa, l'unit\u00e0 UCP205 offre un'eccellente durata e una lunga vita utile anche in condizioni di carico continuo.<\/p>\n<p data-start=\"1023\" data-end=\"1160\">Questa unit\u00e0 di cuscinetto \u00e8 pre-lubrificata e sigillata, rendendola a bassa manutenzione e adatta per un funzionamento a lungo termine in ambienti impegnativi.<\/p>\n<h1 data-section-id=\"8av2ty\" data-start=\"1167\" data-end=\"1185\"><span role=\"text\"><strong data-start=\"1169\" data-end=\"1185\">Caratteristiche principali<\/strong><\/span><\/h1>\n<ul data-start=\"1187\" data-end=\"1537\">\n<li data-section-id=\"1eo27wa\" data-start=\"1187\" data-end=\"1254\">Unit\u00e0 completa: cuscinetto inserto UC205 + alloggiamento a cuscino P205<\/li>\n<li data-section-id=\"41j4o2\" data-start=\"1255\" data-end=\"1307\">Design auto-allineante riduce gli errori di installazione<\/li>\n<li data-section-id=\"g14pap\" data-start=\"1308\" data-end=\"1356\">Robusto alloggiamento in ghisa per alta durata<\/li>\n<li data-section-id=\"1jun2sr\" data-start=\"1357\" data-end=\"1403\">Pre-greased per un funzionamento senza manutenzione<\/li>\n<li data-section-id=\"1owb0yh\" data-start=\"1404\" data-end=\"1456\">Alta capacit\u00e0 di carico radiale e prestazioni stabili<\/li>\n<li data-section-id=\"1l42fwv\" data-start=\"1457\" data-end=\"1494\">Installazione e sostituzione facili<\/li>\n<li data-section-id=\"1398rv\" data-start=\"1495\" data-end=\"1537\">Adatto per uso industriale continuo<\/li>\n<\/ul>\n<h1 data-section-id=\"10k15yz\" data-start=\"1544\" data-end=\"1574\"><span role=\"text\"><strong data-start=\"1546\" data-end=\"1574\">Specifiche tecniche<\/strong><\/span><\/h1>\n<div class=\"TyagGW_tableContainer\">\n<div class=\"group TyagGW_tableWrapper flex flex-col-reverse w-fit\" tabindex=\"-1\">\n<table class=\"w-fit min-w-(--thread-content-width)\" data-start=\"1576\" data-end=\"1960\">\n<thead data-start=\"1576\" data-end=\"1597\">\n<tr data-start=\"1576\" data-end=\"1597\">\n<th class=\"\" data-start=\"1576\" data-end=\"1588\" data-col-size=\"sm\">Parametro<\/th>\n<th class=\"\" data-start=\"1588\" data-end=\"1597\" data-col-size=\"sm\">Valore<\/th>\n<\/tr>\n<\/thead>\n<tbody data-start=\"1618\" data-end=\"1960\">\n<tr data-start=\"1618\" data-end=\"1644\">\n<td data-start=\"1618\" data-end=\"1634\" data-col-size=\"sm\">Modello di cuscinetto<\/td>\n<td data-start=\"1634\" data-end=\"1644\" data-col-size=\"sm\">UCP205<\/td>\n<\/tr>\n<tr data-start=\"1645\" data-end=\"1671\">\n<td data-start=\"1645\" data-end=\"1662\" data-col-size=\"sm\">Cuscinetto Inserto<\/td>\n<td data-start=\"1662\" data-end=\"1671\" data-col-size=\"sm\">UC205<\/td>\n<\/tr>\n<tr data-start=\"1672\" data-end=\"1712\">\n<td data-start=\"1672\" data-end=\"1687\" data-col-size=\"sm\">Tipo di Alloggiamento<\/td>\n<td data-start=\"1687\" data-end=\"1712\" data-col-size=\"sm\">cuscino della serie P<\/td>\n<\/tr>\n<tr data-start=\"1713\" data-end=\"1739\">\n<td data-start=\"1713\" data-end=\"1730\" data-col-size=\"sm\">Diametro dell'Albero<\/td>\n<td data-start=\"1730\" data-end=\"1739\" data-col-size=\"sm\">25 mm<\/td>\n<\/tr>\n<tr data-start=\"1740\" data-end=\"1772\">\n<td data-start=\"1740\" data-end=\"1759\" data-col-size=\"sm\">Materiale dell'Alloggiamento<\/td>\n<td data-start=\"1759\" data-end=\"1772\" data-col-size=\"sm\">Ghisa<\/td>\n<\/tr>\n<tr data-start=\"1773\" data-end=\"1808\">\n<td data-start=\"1773\" data-end=\"1792\" data-col-size=\"sm\">Materiale del Cuscinetto<\/td>\n<td data-start=\"1792\" data-end=\"1808\" data-col-size=\"sm\">Acciaio al Cromo<\/td>\n<\/tr>\n<tr data-start=\"1809\" data-end=\"1847\">\n<td data-start=\"1809\" data-end=\"1824\" data-col-size=\"sm\">Tipo di sigillatura<\/td>\n<td data-start=\"1824\" data-end=\"1847\" data-col-size=\"sm\">Sigillato in gomma (2RS)<\/td>\n<\/tr>\n<tr data-start=\"1848\" data-end=\"1877\">\n<td data-start=\"1848\" data-end=\"1862\" data-col-size=\"sm\">Lubrificazione<\/td>\n<td data-start=\"1862\" data-end=\"1877\" data-col-size=\"sm\">Pre-grease<\/td>\n<\/tr>\n<tr data-start=\"1878\" data-end=\"1917\">\n<td data-start=\"1878\" data-end=\"1894\" data-col-size=\"sm\">Tipo di Montaggio<\/td>\n<td data-start=\"1894\" data-end=\"1917\" data-col-size=\"sm\">Montato su base a 2 bulloni<\/td>\n<\/tr>\n<tr data-start=\"1918\" data-end=\"1960\">\n<td data-start=\"1918\" data-end=\"1942\" data-col-size=\"sm\">Temperatura di esercizio<\/td>\n<td data-start=\"1942\" data-end=\"1960\" data-col-size=\"sm\">-20\u00b0C a 120\u00b0C<\/td>\n<\/tr>\n<\/tbody>\n<\/table>\n<\/div>\n<\/div>\n<h1 data-section-id=\"1p00fbj\" data-start=\"1967\" data-end=\"1985\"><span role=\"text\"><strong data-start=\"1969\" data-end=\"1985\">Applicazioni<\/strong><\/span><\/h1>\n<p data-start=\"1987\" data-end=\"2042\">L'unit\u00e0 di cuscinetto a blocco cuscino UCP205 \u00e8 ampiamente utilizzata in:<\/p>\n<ul data-start=\"2044\" data-end=\"2208\">\n<li data-section-id=\"176s2ln\" data-start=\"2044\" data-end=\"2064\">Sistemi di trasporto<\/li>\n<li data-section-id=\"1n6ynun\" data-start=\"2065\" data-end=\"2091\">Macchinari agricoli<\/li>\n<li data-section-id=\"1htpp6l\" data-start=\"2092\" data-end=\"2115\">Attrezzature per imballaggio<\/li>\n<li data-section-id=\"io1u9n\" data-start=\"2116\" data-end=\"2137\">Macchinari tessili<\/li>\n<li data-section-id=\"i9rybb\" data-start=\"2138\" data-end=\"2166\">Macchine per la lavorazione degli alimenti<\/li>\n<li data-section-id=\"1075gc1\" data-start=\"2167\" data-end=\"2208\">Sistemi di trasmissione industriale leggeri<\/li>\n<\/ul>\n<h1 data-section-id=\"zdmnob\" data-start=\"2215\" data-end=\"2234\"><span role=\"text\"><strong data-start=\"2217\" data-end=\"2234\">Perch\u00e9 scegliere noi<\/strong><\/span><\/h1>\n<ul data-start=\"2236\" data-end=\"2459\">\n<li data-section-id=\"17c68gd\" data-start=\"2236\" data-end=\"2285\">Fornitura stabile in fabbrica con qualit\u00e0 costante<\/li>\n<li data-section-id=\"1ccoc9p\" data-start=\"2286\" data-end=\"2326\">Alloggiamenti OEM e personalizzati disponibili<\/li>\n<li data-section-id=\"19poq3t\" data-start=\"2327\" data-end=\"2376\">Compatibile con sistemi di blocco cuscino standard<\/li>\n<li data-section-id=\"1ons1n2\" data-start=\"2377\" data-end=\"2417\">Consegna rapida e supporto per ordini in grandi quantit\u00e0<\/li>\n<li data-section-id=\"1w1qi25\" data-start=\"2418\" data-end=\"2459\">Rigida ispezione e test di qualit\u00e0<\/li>\n<\/ul>\n<h1 data-section-id=\"1iusff4\" data-start=\"2466\" data-end=\"2475\"><span role=\"text\"><strong data-start=\"2468\" data-end=\"2475\">FAQ<\/strong><\/span><\/h1>\n<p data-start=\"2477\" data-end=\"2631\"><strong data-start=\"2477\" data-end=\"2512\">Q1: Che cos'\u00e8 un'unit\u00e0 di cuscinetto UCP?<\/strong><br data-start=\"2512\" data-end=\"2515\" \/>A: \u00c8 un'unit\u00e0 di cuscinetto montata composta da un cuscinetto a inserto UC e un alloggiamento a blocco cuscino per un facile supporto dell'albero.<\/p>\n<p data-start=\"2633\" data-end=\"2751\"><strong data-start=\"2633\" data-end=\"2671\">Q2: Pu\u00f2 essere sostituito facilmente il UCP205?<\/strong><br data-start=\"2671\" data-end=\"2674\" \/>A: S\u00ec, \u00e8 progettato per l'intercambiabilit\u00e0 standard nei sistemi industriali.<\/p>\n<p data-start=\"2753\" data-end=\"2906\"><strong data-start=\"2753\" data-end=\"2804\">Q3: \u00c8 adatto per applicazioni a carico pesante?<\/strong><br data-start=\"2804\" data-end=\"2807\" \/>A: \u00c8 adatto per applicazioni a carico medio e per funzionamento continuo in ambienti industriali.<\/p>","protected":false},"excerpt":{"rendered":"<p>Il <strong data-start=\"367\" data-end=\"410\">UCP205 Unit\u00e0 di Cuscinetto a Cuscino<\/strong> \u00e8 una soluzione di cuscinetto montato ampiamente utilizzata composta da un <strong data-start=\"469\" data-end=\"529\">cuscinetto inserto UC205 e un alloggiamento a cuscino della serie P<\/strong>. \u00c8 progettato per un'installazione facile, un supporto dell'albero affidabile e un funzionamento stabile in una vasta gamma di applicazioni industriali e agricole.<\/p>","protected":false},"featured_media":2602,"comment_status":"open","ping_status":"closed","template":"","meta":{"site-sidebar-layout":"default","site-content-layout":"","ast-site-content-layout":"default","site-content-style":"default","site-sidebar-style":"default","ast-global-header-display":"","ast-banner-title-visibility":"","ast-main-header-display":"","ast-hfb-above-header-display":"","ast-hfb-below-header-display":"","ast-hfb-mobile-header-display":"","site-post-title":"","ast-breadcrumbs-content":"","ast-featured-img":"","footer-sml-layout":"","ast-disable-related-posts":"","theme-transparent-header-meta":"default","adv-header-id-meta":"","stick-header-meta":"default","header-above-stick-meta":"","header-main-stick-meta":"","header-below-stick-meta":"","astra-migrate-meta-layouts":"set","ast-page-background-enabled":"default","ast-page-background-meta":{"desktop":{"background-color":"","background-image":"","background-repeat":"repeat","background-position":"center center","background-size":"auto","background-attachment":"scroll","background-type":"","background-media":"","overlay-type":"","overlay-color":"","overlay-opacity":"","overlay-gradient":""},"tablet":{"background-color":"","background-image":"","background-repeat":"repeat","background-position":"center center","background-size":"auto","background-attachment":"scroll","background-type":"","background-media":"","overlay-type":"","overlay-color":"","overlay-opacity":"","overlay-gradient":""},"mobile":{"background-color":"","background-image":"","background-repeat":"repeat","background-position":"center center","background-size":"auto","background-attachment":"scroll","background-type":"","background-media":"","overlay-type":"","overlay-color":"","overlay-opacity":"","overlay-gradient":""}},"ast-content-background-meta":{"desktop":{"background-color":"var(--ast-global-color-5)","background-image":"","background-repeat":"repeat","background-position":"center center","background-size":"auto","background-attachment":"scroll","background-type":"","background-media":"","overlay-type":"","overlay-color":"","overlay-opacity":"","overlay-gradient":""},"tablet":{"background-color":"var(--ast-global-color-5)","background-image":"","background-repeat":"repeat","background-position":"center center","background-size":"auto","background-attachment":"scroll","background-type":"","background-media":"","overlay-type":"","overlay-color":"","overlay-opacity":"","overlay-gradient":""},"mobile":{"background-color":"var(--ast-global-color-5)","background-image":"","background-repeat":"repeat","background-position":"center center","background-size":"auto","background-attachment":"scroll","background-type":"","background-media":"","overlay-type":"","overlay-color":"","overlay-opacity":"","overlay-gradient":""}}},"product_brand":[],"product_cat":[27],"product_tag":[161,45,171,159,72,157,172,162,155,170],"class_list":{"0":"post-2422","1":"product","2":"type-product","3":"status-publish","4":"has-post-thumbnail","6":"product_cat-insert-bearings","7":"product_tag-bearing-housing-unit","8":"product_tag-industrial-bearing","9":"product_tag-insert-bearing-unit","10":"product_tag-mounted-bearing","11":"product_tag-oem-bearing-supplier","12":"product_tag-pillow-block-bearing","13":"product_tag-plummer-block-bearing","14":"product_tag-self-aligning-bearing","15":"product_tag-uc205-bearing","16":"product_tag-ucp205-bearing","17":"desktop-align-left","18":"tablet-align-left","19":"mobile-align-left","20":"ast-product-gallery-layout-horizontal-slider","21":"ast-product-gallery-with-no-image","22":"ast-product-tabs-layout-horizontal","24":"first","25":"instock","26":"shipping-taxable","27":"product-type-simple"},"_links":{"self":[{"href":"https:\/\/www.machinerybearings.com\/it\/wp-json\/wp\/v2\/product\/2422","targetHints":{"allow":["GET"]}}],"collection":[{"href":"https:\/\/www.machinerybearings.com\/it\/wp-json\/wp\/v2\/product"}],"about":[{"href":"https:\/\/www.machinerybearings.com\/it\/wp-json\/wp\/v2\/types\/product"}],"replies":[{"embeddable":true,"href":"https:\/\/www.machinerybearings.com\/it\/wp-json\/wp\/v2\/comments?post=2422"}],"wp:featuredmedia":[{"embeddable":true,"href":"https:\/\/www.machinerybearings.com\/it\/wp-json\/wp\/v2\/media\/2602"}],"wp:attachment":[{"href":"https:\/\/www.machinerybearings.com\/it\/wp-json\/wp\/v2\/media?parent=2422"}],"wp:term":[{"taxonomy":"product_brand","embeddable":true,"href":"https:\/\/www.machinerybearings.com\/it\/wp-json\/wp\/v2\/product_brand?post=2422"},{"taxonomy":"product_cat","embeddable":true,"href":"https:\/\/www.machinerybearings.com\/it\/wp-json\/wp\/v2\/product_cat?post=2422"},{"taxonomy":"product_tag","embeddable":true,"href":"https:\/\/www.machinerybearings.com\/it\/wp-json\/wp\/v2\/product_tag?post=2422"}],"curies":[{"name":"wp","href":"https:\/\/api.w.org\/{rel}","templated":true}]}}