{"id":2438,"date":"2026-04-13T14:27:13","date_gmt":"2026-04-13T14:27:13","guid":{"rendered":"https:\/\/www.machinerybearings.com\/?post_type=product&#038;p=2438"},"modified":"2026-05-03T06:20:40","modified_gmt":"2026-05-03T06:20:40","slug":"2205-double-row-self-aligning-ball-bearing-high-stability-bearing-for-misalignment-applications","status":"publish","type":"product","link":"https:\/\/www.machinerybearings.com\/it\/prodotto\/2205-double-row-self-aligning-ball-bearing-high-stability-bearing-for-misalignment-applications\/","title":{"rendered":"2205 Cuscinetto a sfere autoallineante a doppia fila \u2013 Cuscinetto ad alta stabilit\u00e0 per applicazioni di disallineamento"},"content":{"rendered":"<p data-start=\"371\" data-end=\"688\">Il <strong data-start=\"375\" data-end=\"421\">2205 Cuscinetto a sfere autoallineante a doppia fila<\/strong> \u00e8 progettato per accogliere disallineamenti e flessioni dell'albero mantenendo un funzionamento fluido e stabile. Caratterizzato da una struttura a sfere a doppia fila e una pista esterna sferica, questo cuscinetto regola automaticamente l'allineamento, riducendo lo stress e prolungando la vita utile.<\/p>\n<p data-start=\"690\" data-end=\"1000\">Rispetto alla serie 1200, il cuscinetto 2205 offre una capacit\u00e0 di carico migliorata e una maggiore durata, rendendolo adatto per applicazioni industriali pi\u00f9 impegnative. \u00c8 realizzato in acciaio al cromo di alta qualit\u00e0 ed \u00e8 disponibile anche in acciaio inossidabile o opzioni di materiali speciali per ambienti corrosivi.<\/p>\n<p data-start=\"1002\" data-end=\"1171\">Questo cuscinetto \u00e8 ampiamente utilizzato in macchinari dove \u00e8 difficile mantenere l'allineamento dell'albero, fornendo prestazioni affidabili anche in condizioni di vibrazione e carico dinamico.<\/p>\n<h1 data-section-id=\"8av2ty\" data-start=\"1178\" data-end=\"1196\"><span role=\"text\"><strong data-start=\"1180\" data-end=\"1196\">Caratteristiche principali<\/strong><\/span><\/h1>\n<ul data-start=\"1198\" data-end=\"1531\">\n<li data-section-id=\"1fr59o7\" data-start=\"1198\" data-end=\"1257\">Design autoallineante che compensano il disallineamento dell'albero<\/li>\n<li data-section-id=\"nnbnhk\" data-start=\"1258\" data-end=\"1315\">Struttura a sfere a doppia fila per una maggiore capacit\u00e0 di carico<\/li>\n<li data-section-id=\"17sk4ga\" data-start=\"1316\" data-end=\"1353\">Rotazione fluida con bassa frizione<\/li>\n<li data-section-id=\"ib4eqx\" data-start=\"1354\" data-end=\"1403\">Stabilit\u00e0 migliorata in condizioni di vibrazione<\/li>\n<li data-section-id=\"hhcc7k\" data-start=\"1404\" data-end=\"1445\">Adatto per applicazioni a carico medio<\/li>\n<li data-section-id=\"f8hmgc\" data-start=\"1446\" data-end=\"1483\">Facile installazione e manutenzione<\/li>\n<li data-section-id=\"fhnbqz\" data-start=\"1484\" data-end=\"1531\">Lunga durata con prestazioni affidabili<\/li>\n<\/ul>\n<h1 data-section-id=\"10k15yz\" data-start=\"1538\" data-end=\"1568\"><span role=\"text\"><strong data-start=\"1540\" data-end=\"1568\">Specifiche tecniche<\/strong><\/span><\/h1>\n<div class=\"TyagGW_tableContainer\">\n<div class=\"group TyagGW_tableWrapper flex flex-col-reverse w-fit\" tabindex=\"-1\">\n<table class=\"w-fit min-w-(--thread-content-width)\" data-start=\"1570\" data-end=\"1991\">\n<thead data-start=\"1570\" data-end=\"1591\">\n<tr data-start=\"1570\" data-end=\"1591\">\n<th class=\"\" data-start=\"1570\" data-end=\"1582\" data-col-size=\"sm\">Parametro<\/th>\n<th class=\"\" data-start=\"1582\" data-end=\"1591\" data-col-size=\"sm\">Valore<\/th>\n<\/tr>\n<\/thead>\n<tbody data-start=\"1612\" data-end=\"1991\">\n<tr data-start=\"1612\" data-end=\"1636\">\n<td data-start=\"1612\" data-end=\"1628\" data-col-size=\"sm\">Modello di cuscinetto<\/td>\n<td data-start=\"1628\" data-end=\"1636\" data-col-size=\"sm\">2205<\/td>\n<\/tr>\n<tr data-start=\"1637\" data-end=\"1667\">\n<td data-start=\"1637\" data-end=\"1658\" data-col-size=\"sm\">Diametro interno (d)<\/td>\n<td data-col-size=\"sm\" data-start=\"1658\" data-end=\"1667\">25 mm<\/td>\n<\/tr>\n<tr data-start=\"1668\" data-end=\"1698\">\n<td data-start=\"1668\" data-end=\"1689\" data-col-size=\"sm\">Diametro esterno (D)<\/td>\n<td data-start=\"1689\" data-end=\"1698\" data-col-size=\"sm\">52 mm<\/td>\n<\/tr>\n<tr data-start=\"1699\" data-end=\"1720\">\n<td data-start=\"1699\" data-end=\"1711\" data-col-size=\"sm\">Larghezza (B)<\/td>\n<td data-col-size=\"sm\" data-start=\"1711\" data-end=\"1720\">18 mm<\/td>\n<\/tr>\n<tr data-start=\"1721\" data-end=\"1766\">\n<td data-start=\"1721\" data-end=\"1736\" data-col-size=\"sm\">Tipo di cuscinetto<\/td>\n<td data-col-size=\"sm\" data-start=\"1736\" data-end=\"1766\">Cuscinetto a sfere autoallineante<\/td>\n<\/tr>\n<tr data-start=\"1767\" data-end=\"1793\">\n<td data-start=\"1767\" data-end=\"1779\" data-col-size=\"sm\">Struttura<\/td>\n<td data-col-size=\"sm\" data-start=\"1779\" data-end=\"1793\">Doppia fila<\/td>\n<\/tr>\n<tr data-start=\"1794\" data-end=\"1839\">\n<td data-start=\"1794\" data-end=\"1805\" data-col-size=\"sm\">Materiale<\/td>\n<td data-start=\"1805\" data-end=\"1839\" data-col-size=\"sm\">Acciaio al cromo \/ Acciaio inossidabile<\/td>\n<\/tr>\n<tr data-start=\"1840\" data-end=\"1881\">\n<td data-start=\"1840\" data-end=\"1856\" data-col-size=\"sm\">Materiale della gabbia<\/td>\n<td data-col-size=\"sm\" data-start=\"1856\" data-end=\"1881\">Acciaio \/ Ottone \/ Nylon<\/td>\n<\/tr>\n<tr data-start=\"1882\" data-end=\"1912\">\n<td data-start=\"1882\" data-end=\"1896\" data-col-size=\"sm\">Lubrificazione<\/td>\n<td data-col-size=\"sm\" data-start=\"1896\" data-end=\"1912\">Grasso \/ Olio<\/td>\n<\/tr>\n<tr data-start=\"1913\" data-end=\"1948\">\n<td data-start=\"1913\" data-end=\"1932\" data-col-size=\"sm\">Classe di precisione<\/td>\n<td data-start=\"1932\" data-end=\"1948\" data-col-size=\"sm\">P0 \/ P6 \/ P5<\/td>\n<\/tr>\n<tr data-start=\"1949\" data-end=\"1991\">\n<td data-start=\"1949\" data-end=\"1973\" data-col-size=\"sm\">Temperatura di esercizio<\/td>\n<td data-col-size=\"sm\" data-start=\"1973\" data-end=\"1991\">-20\u00b0C a 120\u00b0C<\/td>\n<\/tr>\n<\/tbody>\n<\/table>\n<\/div>\n<\/div>\n<h1 data-section-id=\"1p00fbj\" data-start=\"1998\" data-end=\"2016\"><span role=\"text\"><strong data-start=\"2000\" data-end=\"2016\">Applicazioni<\/strong><\/span><\/h1>\n<p data-start=\"2018\" data-end=\"2072\">Il cuscinetto a sfere autoallineante 2205 \u00e8 ampiamente utilizzato in:<\/p>\n<ul data-start=\"2074\" data-end=\"2252\">\n<li data-section-id=\"1n6ynun\" data-start=\"2074\" data-end=\"2100\">Macchinari agricoli<\/li>\n<li data-section-id=\"176s2ln\" data-start=\"2101\" data-end=\"2121\">Sistemi di trasporto<\/li>\n<li data-section-id=\"io1u9n\" data-start=\"2122\" data-end=\"2143\">Macchinari tessili<\/li>\n<li data-section-id=\"1ahkbyk\" data-start=\"2144\" data-end=\"2175\">Ventilatori e soffiatori industriali<\/li>\n<li data-section-id=\"1kib5nh\" data-start=\"2176\" data-end=\"2216\">Attrezzature industriali leggere e medie<\/li>\n<li data-section-id=\"ib1wqr\" data-start=\"2217\" data-end=\"2252\">Sistemi di trasmissione meccanica<\/li>\n<\/ul>\n<h1 data-section-id=\"zdmnob\" data-start=\"2259\" data-end=\"2278\"><span role=\"text\"><strong data-start=\"2261\" data-end=\"2278\">Perch\u00e9 scegliere noi<\/strong><\/span><\/h1>\n<ul data-start=\"2280\" data-end=\"2504\">\n<li data-section-id=\"t14xel\" data-start=\"2280\" data-end=\"2333\">Produzione stabile in fabbrica con qualit\u00e0 costante<\/li>\n<li data-section-id=\"hq554l\" data-start=\"2334\" data-end=\"2379\">Opzioni di materiali OEM e personalizzati disponibili<\/li>\n<li data-section-id=\"18yrkc1\" data-start=\"2380\" data-end=\"2419\">Prezzi competitivi per ordini all'ingrosso<\/li>\n<li data-section-id=\"k7xnqf\" data-start=\"2420\" data-end=\"2455\">Consegna rapida e fornitura globale<\/li>\n<li data-section-id=\"1xn5vwo\" data-start=\"2456\" data-end=\"2504\">Sistema di ispezione e collaudo di qualit\u00e0 rigorosa<\/li>\n<\/ul>\n<h1 data-section-id=\"1iusff4\" data-start=\"2511\" data-end=\"2520\"><span role=\"text\"><strong data-start=\"2513\" data-end=\"2520\">FAQ<\/strong><\/span><\/h1>\n<p data-start=\"2522\" data-end=\"2667\"><strong data-start=\"2522\" data-end=\"2586\">Q1: Qual \u00e8 il vantaggio del 2205 rispetto ai cuscinetti 1205?<\/strong><br data-start=\"2586\" data-end=\"2589\" \/>A: Il cuscinetto 2205 ha una capacit\u00e0 di carico superiore e una resistenza strutturale migliorata.<\/p>\n<p data-start=\"2669\" data-end=\"2794\"><strong data-start=\"2669\" data-end=\"2715\">Q2: I cuscinetti 2205 possono gestire il disallineamento?<\/strong><br data-start=\"2715\" data-end=\"2718\" \/>A: S\u00ec, sono specificamente progettati per compensare il disallineamento dell'albero.<\/p>\n<p data-start=\"2796\" data-end=\"2940\"><strong data-start=\"2796\" data-end=\"2843\">Q3: Sono disponibili versioni in acciaio inossidabile?<\/strong><br data-start=\"2843\" data-end=\"2846\" \/>A: S\u00ec, sono disponibili opzioni in acciaio inossidabile e materiali speciali per ambienti corrosivi.<\/p>","protected":false},"excerpt":{"rendered":"<p>Il <strong data-start=\"375\" data-end=\"421\">2205 Cuscinetto a sfere autoallineante a doppia fila<\/strong> \u00e8 progettato per accogliere disallineamenti e flessioni dell'albero mantenendo un funzionamento fluido e stabile. Caratterizzato da una struttura a sfere a doppia fila e una pista esterna sferica, questo cuscinetto regola automaticamente l'allineamento, riducendo lo stress e prolungando la vita utile.<\/p>","protected":false},"featured_media":2544,"comment_status":"open","ping_status":"closed","template":"","meta":{"site-sidebar-layout":"default","site-content-layout":"","ast-site-content-layout":"default","site-content-style":"default","site-sidebar-style":"default","ast-global-header-display":"","ast-banner-title-visibility":"","ast-main-header-display":"","ast-hfb-above-header-display":"","ast-hfb-below-header-display":"","ast-hfb-mobile-header-display":"","site-post-title":"","ast-breadcrumbs-content":"","ast-featured-img":"","footer-sml-layout":"","ast-disable-related-posts":"","theme-transparent-header-meta":"default","adv-header-id-meta":"","stick-header-meta":"default","header-above-stick-meta":"","header-main-stick-meta":"","header-below-stick-meta":"","astra-migrate-meta-layouts":"set","ast-page-background-enabled":"default","ast-page-background-meta":{"desktop":{"background-color":"","background-image":"","background-repeat":"repeat","background-position":"center center","background-size":"auto","background-attachment":"scroll","background-type":"","background-media":"","overlay-type":"","overlay-color":"","overlay-opacity":"","overlay-gradient":""},"tablet":{"background-color":"","background-image":"","background-repeat":"repeat","background-position":"center center","background-size":"auto","background-attachment":"scroll","background-type":"","background-media":"","overlay-type":"","overlay-color":"","overlay-opacity":"","overlay-gradient":""},"mobile":{"background-color":"","background-image":"","background-repeat":"repeat","background-position":"center center","background-size":"auto","background-attachment":"scroll","background-type":"","background-media":"","overlay-type":"","overlay-color":"","overlay-opacity":"","overlay-gradient":""}},"ast-content-background-meta":{"desktop":{"background-color":"var(--ast-global-color-5)","background-image":"","background-repeat":"repeat","background-position":"center center","background-size":"auto","background-attachment":"scroll","background-type":"","background-media":"","overlay-type":"","overlay-color":"","overlay-opacity":"","overlay-gradient":""},"tablet":{"background-color":"var(--ast-global-color-5)","background-image":"","background-repeat":"repeat","background-position":"center center","background-size":"auto","background-attachment":"scroll","background-type":"","background-media":"","overlay-type":"","overlay-color":"","overlay-opacity":"","overlay-gradient":""},"mobile":{"background-color":"var(--ast-global-color-5)","background-image":"","background-repeat":"repeat","background-position":"center center","background-size":"auto","background-attachment":"scroll","background-type":"","background-media":"","overlay-type":"","overlay-color":"","overlay-opacity":"","overlay-gradient":""}}},"product_brand":[],"product_cat":[22],"product_tag":[212,160,209,206,45,211,207,72,143,205],"class_list":{"0":"post-2438","1":"product","2":"type-product","3":"status-publish","4":"has-post-thumbnail","6":"product_cat-self-aligning-ball-bearings","7":"product_tag-2205-bearing","8":"product_tag-agricultural-bearing","9":"product_tag-conveyor-bearing","10":"product_tag-double-row-bearing","11":"product_tag-industrial-bearing","12":"product_tag-mechanical-bearing","13":"product_tag-misalignment-bearing","14":"product_tag-oem-bearing-supplier","15":"product_tag-precision-bearing-manufacturer","16":"product_tag-self-aligning-ball-bearing","17":"desktop-align-left","18":"tablet-align-left","19":"mobile-align-left","20":"ast-product-gallery-layout-horizontal-slider","21":"ast-product-gallery-with-no-image","22":"ast-product-tabs-layout-horizontal","24":"first","25":"instock","26":"shipping-taxable","27":"product-type-simple"},"_links":{"self":[{"href":"https:\/\/www.machinerybearings.com\/it\/wp-json\/wp\/v2\/product\/2438","targetHints":{"allow":["GET"]}}],"collection":[{"href":"https:\/\/www.machinerybearings.com\/it\/wp-json\/wp\/v2\/product"}],"about":[{"href":"https:\/\/www.machinerybearings.com\/it\/wp-json\/wp\/v2\/types\/product"}],"replies":[{"embeddable":true,"href":"https:\/\/www.machinerybearings.com\/it\/wp-json\/wp\/v2\/comments?post=2438"}],"wp:featuredmedia":[{"embeddable":true,"href":"https:\/\/www.machinerybearings.com\/it\/wp-json\/wp\/v2\/media\/2544"}],"wp:attachment":[{"href":"https:\/\/www.machinerybearings.com\/it\/wp-json\/wp\/v2\/media?parent=2438"}],"wp:term":[{"taxonomy":"product_brand","embeddable":true,"href":"https:\/\/www.machinerybearings.com\/it\/wp-json\/wp\/v2\/product_brand?post=2438"},{"taxonomy":"product_cat","embeddable":true,"href":"https:\/\/www.machinerybearings.com\/it\/wp-json\/wp\/v2\/product_cat?post=2438"},{"taxonomy":"product_tag","embeddable":true,"href":"https:\/\/www.machinerybearings.com\/it\/wp-json\/wp\/v2\/product_tag?post=2438"}],"curies":[{"name":"wp","href":"https:\/\/api.w.org\/{rel}","templated":true}]}}