{"id":2440,"date":"2026-04-13T14:32:45","date_gmt":"2026-04-13T14:32:45","guid":{"rendered":"https:\/\/www.machinerybearings.com\/?post_type=product&#038;p=2440"},"modified":"2026-05-04T14:15:15","modified_gmt":"2026-05-04T14:15:15","slug":"wide-inner-ring-bearing-insert-bearing-with-extended-inner-ring-for-enhanced-shaft-support","status":"publish","type":"product","link":"https:\/\/www.machinerybearings.com\/it\/prodotto\/wide-inner-ring-bearing-insert-bearing-with-extended-inner-ring-for-enhanced-shaft-support\/","title":{"rendered":"Cuscinetto con anello interno largo \u2013 Cuscinetto a inserto con anello interno esteso per un supporto dell'albero migliorato"},"content":{"rendered":"<p data-start=\"376\" data-end=\"699\">Il <strong data-start=\"380\" data-end=\"407\">Cuscinetto a sfere con anello interno largo<\/strong> \u00e8 un cuscinetto a inserto specializzato progettato con un anello interno esteso su uno o entrambi i lati. Questo design fornisce supporto aggiuntivo all'albero, stabilit\u00e0 migliorata e migliori prestazioni di bloccaggio, rendendolo ideale per applicazioni con disallineamento dell'albero, vibrazioni o lunghezza di supporto dell'albero limitata.<\/p>\n<p data-start=\"701\" data-end=\"997\">Ampiamente utilizzati in macchinari agricoli e sistemi di trasporto, i cuscinetti a anello interno largo sono tipicamente montati in alloggiamenti a blocco cuscinetto o a flangia. L'anello interno esteso consente un fissaggio sicuro utilizzando viti di serraggio o collari di bloccaggio eccentrici, garantendo un funzionamento affidabile in condizioni di carico dinamico.<\/p>\n<p data-start=\"999\" data-end=\"1194\">Fabbricati in acciaio al cromo di alta qualit\u00e0 e disponibili in versioni in acciaio inossidabile, questi cuscinetti offrono un'eccellente durata, rotazione fluida e lunga vita utile in ambienti impegnativi.<\/p>\n<h1 data-section-id=\"8av2ty\" data-start=\"1201\" data-end=\"1219\"><span role=\"text\"><strong data-start=\"1203\" data-end=\"1219\">Caratteristiche principali<\/strong><\/span><\/h1>\n<ul data-start=\"1221\" data-end=\"1567\">\n<li data-section-id=\"19holap\" data-start=\"1221\" data-end=\"1271\">Anello interno esteso per un supporto dell'albero migliorato<\/li>\n<li data-section-id=\"1j20xvq\" data-start=\"1272\" data-end=\"1332\">Stabilit\u00e0 migliorata in applicazioni con deflessione dell'albero<\/li>\n<li data-section-id=\"1te2cmv\" data-start=\"1333\" data-end=\"1387\">Bloccaggio sicuro con viti di serraggio o collare eccentrico<\/li>\n<li data-section-id=\"3br2ju\" data-start=\"1388\" data-end=\"1426\">Design della superficie esterna autoallineante<\/li>\n<li data-section-id=\"hwxtx0\" data-start=\"1427\" data-end=\"1476\">Adatto per alloggiamenti a blocco cuscinetto e a flangia<\/li>\n<li data-section-id=\"1lzu0yl\" data-start=\"1477\" data-end=\"1516\">Pre-lubrificato per una facile manutenzione<\/li>\n<li data-section-id=\"1u6kvkj\" data-start=\"1517\" data-end=\"1567\">Forte resistenza a vibrazioni e carichi d'urto<\/li>\n<\/ul>\n<h1 data-section-id=\"10k15yz\" data-start=\"1574\" data-end=\"1604\"><span role=\"text\"><strong data-start=\"1576\" data-end=\"1604\">Specifiche tecniche<\/strong><\/span><\/h1>\n<div class=\"TyagGW_tableContainer\">\n<div class=\"group TyagGW_tableWrapper flex flex-col-reverse w-fit\" tabindex=\"-1\">\n<table class=\"w-fit min-w-(--thread-content-width)\" data-start=\"1606\" data-end=\"2064\">\n<thead data-start=\"1606\" data-end=\"1627\">\n<tr data-start=\"1606\" data-end=\"1627\">\n<th class=\"\" data-start=\"1606\" data-end=\"1618\" data-col-size=\"sm\">Parametro<\/th>\n<th class=\"\" data-start=\"1618\" data-end=\"1627\" data-col-size=\"md\">Valore<\/th>\n<\/tr>\n<\/thead>\n<tbody data-start=\"1648\" data-end=\"2064\">\n<tr data-start=\"1648\" data-end=\"1697\">\n<td data-start=\"1648\" data-end=\"1663\" data-col-size=\"sm\">Tipo di cuscinetto<\/td>\n<td data-col-size=\"md\" data-start=\"1663\" data-end=\"1697\">Cuscinetto a inserto con anello interno largo<\/td>\n<\/tr>\n<tr data-start=\"1698\" data-end=\"1762\">\n<td data-start=\"1698\" data-end=\"1710\" data-col-size=\"sm\">Struttura<\/td>\n<td data-col-size=\"md\" data-start=\"1710\" data-end=\"1762\">Cuscinetto a sfere a singola fila con anello interno esteso<\/td>\n<\/tr>\n<tr data-start=\"1763\" data-end=\"1808\">\n<td data-start=\"1763\" data-end=\"1774\" data-col-size=\"sm\">Materiale<\/td>\n<td data-col-size=\"md\" data-start=\"1774\" data-end=\"1808\">Acciaio al cromo \/ Acciaio inossidabile<\/td>\n<\/tr>\n<tr data-start=\"1809\" data-end=\"1866\">\n<td data-start=\"1809\" data-end=\"1826\" data-col-size=\"sm\">Metodo di bloccaggio<\/td>\n<td data-col-size=\"md\" data-start=\"1826\" data-end=\"1866\">Vite di fissaggio \/ Collare di bloccaggio eccentrico<\/td>\n<\/tr>\n<tr data-start=\"1867\" data-end=\"1904\">\n<td data-start=\"1867\" data-end=\"1882\" data-col-size=\"sm\">Tipo di sigillatura<\/td>\n<td data-col-size=\"md\" data-start=\"1882\" data-end=\"1904\">Guarnizioni in gomma (2RS)<\/td>\n<\/tr>\n<tr data-start=\"1905\" data-end=\"1934\">\n<td data-start=\"1905\" data-end=\"1919\" data-col-size=\"sm\">Lubrificazione<\/td>\n<td data-col-size=\"md\" data-start=\"1919\" data-end=\"1934\">Pre-grease<\/td>\n<\/tr>\n<tr data-start=\"1935\" data-end=\"1986\">\n<td data-start=\"1935\" data-end=\"1959\" data-col-size=\"sm\">Compatibilit\u00e0 dell'alloggiamento<\/td>\n<td data-col-size=\"md\" data-start=\"1959\" data-end=\"1986\">Serie UCP \/ UCF \/ UCFL<\/td>\n<\/tr>\n<tr data-start=\"1987\" data-end=\"2029\">\n<td data-start=\"1987\" data-end=\"2011\" data-col-size=\"sm\">Temperatura di esercizio<\/td>\n<td data-col-size=\"md\" data-start=\"2011\" data-end=\"2029\">-20\u00b0C a 120\u00b0C<\/td>\n<\/tr>\n<tr data-start=\"2030\" data-end=\"2064\">\n<td data-start=\"2030\" data-end=\"2042\" data-col-size=\"sm\">Tipo di Carico<\/td>\n<td data-col-size=\"md\" data-start=\"2042\" data-end=\"2064\">Carico radiale medio<\/td>\n<\/tr>\n<\/tbody>\n<\/table>\n<\/div>\n<\/div>\n<h1 data-section-id=\"1p00fbj\" data-start=\"2071\" data-end=\"2089\"><span role=\"text\"><strong data-start=\"2073\" data-end=\"2089\">Applicazioni<\/strong><\/span><\/h1>\n<p data-start=\"2091\" data-end=\"2135\">I cuscinetti a raggio interno largo sono ampiamente utilizzati in:<\/p>\n<ul data-start=\"2137\" data-end=\"2291\">\n<li data-section-id=\"1n6ynun\" data-start=\"2137\" data-end=\"2163\">Macchinari agricoli<\/li>\n<li data-section-id=\"176s2ln\" data-start=\"2164\" data-end=\"2184\">Sistemi di trasporto<\/li>\n<li data-section-id=\"1vok1mu\" data-start=\"2185\" data-end=\"2214\">Attrezzature per prati e giardini<\/li>\n<li data-section-id=\"io1u9n\" data-start=\"2215\" data-end=\"2236\">Macchinari tessili<\/li>\n<li data-section-id=\"1htpp6l\" data-start=\"2237\" data-end=\"2260\">Attrezzature per imballaggio<\/li>\n<li data-section-id=\"14dhqtb\" data-start=\"2261\" data-end=\"2291\">Macchinari industriali leggeri<\/li>\n<\/ul>\n<h1 data-section-id=\"zdmnob\" data-start=\"2298\" data-end=\"2317\"><span role=\"text\"><strong data-start=\"2300\" data-end=\"2317\">Perch\u00e9 scegliere noi<\/strong><\/span><\/h1>\n<ul data-start=\"2319\" data-end=\"2558\">\n<li data-section-id=\"27wjk1\" data-start=\"2319\" data-end=\"2372\">Forte esperienza nella produzione di cuscinetti a inserto<\/li>\n<li data-section-id=\"1rc9oj3\" data-start=\"2373\" data-end=\"2419\">Soluzioni di bloccaggio OEM e personalizzate disponibili<\/li>\n<li data-section-id=\"1veetvt\" data-start=\"2420\" data-end=\"2470\">Materiali di alta qualit\u00e0 con prestazioni stabili<\/li>\n<li data-section-id=\"25hgpv\" data-start=\"2471\" data-end=\"2513\">Compatibile con unit\u00e0 di alloggiamento standard<\/li>\n<li data-section-id=\"1lpvtyk\" data-start=\"2514\" data-end=\"2558\">Consegna rapida e capacit\u00e0 di fornitura in grandi quantit\u00e0<\/li>\n<\/ul>\n<h1 data-section-id=\"1iusff4\" data-start=\"2565\" data-end=\"2574\"><span role=\"text\"><strong data-start=\"2567\" data-end=\"2574\">FAQ<\/strong><\/span><\/h1>\n<p data-start=\"2576\" data-end=\"2751\"><strong data-start=\"2576\" data-end=\"2635\">Q1: Qual \u00e8 il vantaggio di un cuscinetto a raggio interno largo?<\/strong><br data-start=\"2635\" data-end=\"2638\" \/>A: Fornisce un migliore supporto dell'albero e stabilit\u00e0, specialmente in applicazioni con deflessione o vibrazione dell'albero.<\/p>\n<p data-start=\"2753\" data-end=\"2877\"><strong data-start=\"2753\" data-end=\"2799\">Q2: Come viene fissato il cuscinetto all'albero?<\/strong><br data-start=\"2799\" data-end=\"2802\" \/>A: Viene tipicamente bloccato utilizzando viti di fissaggio o un collare di bloccaggio eccentrico.<\/p>\n<p data-start=\"2879\" data-end=\"3013\"><strong data-start=\"2879\" data-end=\"2938\">Q3: Pu\u00f2 essere utilizzato con alloggiamenti standard per cuscinetti a cuscino?<\/strong><br data-start=\"2938\" data-end=\"2941\" \/>A: S\u00ec, \u00e8 compatibile con le unit\u00e0 abitative standard UCP, UCF e UCFL.<\/p>","protected":false},"excerpt":{"rendered":"<p>Il <strong data-start=\"380\" data-end=\"407\">Cuscinetto a sfere con anello interno largo<\/strong> \u00e8 un cuscinetto a inserto specializzato progettato con un anello interno esteso su uno o entrambi i lati. Questo design fornisce supporto aggiuntivo all'albero, stabilit\u00e0 migliorata e migliori prestazioni di bloccaggio, rendendolo ideale per applicazioni con disallineamento dell'albero, vibrazioni o lunghezza di supporto dell'albero limitata.<\/p>","protected":false},"featured_media":2603,"comment_status":"open","ping_status":"closed","template":"","meta":{"site-sidebar-layout":"default","site-content-layout":"","ast-site-content-layout":"default","site-content-style":"default","site-sidebar-style":"default","ast-global-header-display":"","ast-banner-title-visibility":"","ast-main-header-display":"","ast-hfb-above-header-display":"","ast-hfb-below-header-display":"","ast-hfb-mobile-header-display":"","site-post-title":"","ast-breadcrumbs-content":"","ast-featured-img":"","footer-sml-layout":"","ast-disable-related-posts":"","theme-transparent-header-meta":"default","adv-header-id-meta":"","stick-header-meta":"default","header-above-stick-meta":"","header-main-stick-meta":"","header-below-stick-meta":"","astra-migrate-meta-layouts":"set","ast-page-background-enabled":"default","ast-page-background-meta":{"desktop":{"background-color":"","background-image":"","background-repeat":"repeat","background-position":"center center","background-size":"auto","background-attachment":"scroll","background-type":"","background-media":"","overlay-type":"","overlay-color":"","overlay-opacity":"","overlay-gradient":""},"tablet":{"background-color":"","background-image":"","background-repeat":"repeat","background-position":"center center","background-size":"auto","background-attachment":"scroll","background-type":"","background-media":"","overlay-type":"","overlay-color":"","overlay-opacity":"","overlay-gradient":""},"mobile":{"background-color":"","background-image":"","background-repeat":"repeat","background-position":"center center","background-size":"auto","background-attachment":"scroll","background-type":"","background-media":"","overlay-type":"","overlay-color":"","overlay-opacity":"","overlay-gradient":""}},"ast-content-background-meta":{"desktop":{"background-color":"var(--ast-global-color-5)","background-image":"","background-repeat":"repeat","background-position":"center center","background-size":"auto","background-attachment":"scroll","background-type":"","background-media":"","overlay-type":"","overlay-color":"","overlay-opacity":"","overlay-gradient":""},"tablet":{"background-color":"var(--ast-global-color-5)","background-image":"","background-repeat":"repeat","background-position":"center center","background-size":"auto","background-attachment":"scroll","background-type":"","background-media":"","overlay-type":"","overlay-color":"","overlay-opacity":"","overlay-gradient":""},"mobile":{"background-color":"var(--ast-global-color-5)","background-image":"","background-repeat":"repeat","background-position":"center center","background-size":"auto","background-attachment":"scroll","background-type":"","background-media":"","overlay-type":"","overlay-color":"","overlay-opacity":"","overlay-gradient":""}}},"product_brand":[],"product_cat":[22],"product_tag":[160,209,45,156,159,72,157,162,215,214],"class_list":{"0":"post-2440","1":"product","2":"type-product","3":"status-publish","4":"has-post-thumbnail","6":"product_cat-self-aligning-ball-bearings","7":"product_tag-agricultural-bearing","8":"product_tag-conveyor-bearing","9":"product_tag-industrial-bearing","10":"product_tag-insert-bearing","11":"product_tag-mounted-bearing","12":"product_tag-oem-bearing-supplier","13":"product_tag-pillow-block-bearing","14":"product_tag-self-aligning-bearing","15":"product_tag-uc-bearing","16":"product_tag-wide-inner-ring-bearing","17":"desktop-align-left","18":"tablet-align-left","19":"mobile-align-left","20":"ast-product-gallery-layout-horizontal-slider","21":"ast-product-gallery-with-no-image","22":"ast-product-tabs-layout-horizontal","24":"first","25":"instock","26":"shipping-taxable","27":"product-type-simple"},"_links":{"self":[{"href":"https:\/\/www.machinerybearings.com\/it\/wp-json\/wp\/v2\/product\/2440","targetHints":{"allow":["GET"]}}],"collection":[{"href":"https:\/\/www.machinerybearings.com\/it\/wp-json\/wp\/v2\/product"}],"about":[{"href":"https:\/\/www.machinerybearings.com\/it\/wp-json\/wp\/v2\/types\/product"}],"replies":[{"embeddable":true,"href":"https:\/\/www.machinerybearings.com\/it\/wp-json\/wp\/v2\/comments?post=2440"}],"wp:featuredmedia":[{"embeddable":true,"href":"https:\/\/www.machinerybearings.com\/it\/wp-json\/wp\/v2\/media\/2603"}],"wp:attachment":[{"href":"https:\/\/www.machinerybearings.com\/it\/wp-json\/wp\/v2\/media?parent=2440"}],"wp:term":[{"taxonomy":"product_brand","embeddable":true,"href":"https:\/\/www.machinerybearings.com\/it\/wp-json\/wp\/v2\/product_brand?post=2440"},{"taxonomy":"product_cat","embeddable":true,"href":"https:\/\/www.machinerybearings.com\/it\/wp-json\/wp\/v2\/product_cat?post=2440"},{"taxonomy":"product_tag","embeddable":true,"href":"https:\/\/www.machinerybearings.com\/it\/wp-json\/wp\/v2\/product_tag?post=2440"}],"curies":[{"name":"wp","href":"https:\/\/api.w.org\/{rel}","templated":true}]}}