{"id":2448,"date":"2026-04-13T14:47:11","date_gmt":"2026-04-13T14:47:11","guid":{"rendered":"https:\/\/www.machinerybearings.com\/?post_type=product&#038;p=2448"},"modified":"2026-05-03T05:44:19","modified_gmt":"2026-05-03T05:44:19","slug":"22312-spherical-roller-bearing-heavy-load-self-aligning-bearing-for-industrial-applications","status":"publish","type":"product","link":"https:\/\/www.machinerybearings.com\/it\/prodotto\/22312-spherical-roller-bearing-heavy-load-self-aligning-bearing-for-industrial-applications\/","title":{"rendered":"22312 Cuscinetto a rulli sferici \u2013 Cuscinetto autoallineante per carichi pesanti per applicazioni industriali"},"content":{"rendered":"<p data-start=\"386\" data-end=\"712\">Il <strong data-start=\"390\" data-end=\"424\">22312 Cuscinetto a rulli sferici<\/strong> \u00e8 un cuscinetto pesante a doppia fila progettato per gestire carichi radiali estremamente elevati e carichi assiali moderati, compensando l'allineamento dell'albero. Il suo design a pista sferica consente un allineamento automatico, garantendo prestazioni stabili anche in caso di deflessione dell'albero o errori di installazione.<\/p>\n<p data-start=\"714\" data-end=\"980\">Rispetto alla serie 22200, i cuscinetti della serie 22300 offrono <strong data-start=\"776\" data-end=\"868\">una maggiore capacit\u00e0 di carico, una maggiore durata e una migliore resistenza agli urti e alle vibrazioni<\/strong>, rendendoli ideali per ambienti industriali impegnativi come miniere, produzione di acciaio e macchinari pesanti.<\/p>\n<p data-start=\"982\" data-end=\"1161\">Fabbricato in acciaio legato o acciaio al cromo di alta qualit\u00e0, il cuscinetto 22312 offre eccellente resistenza, resistenza all'usura e lunga durata in condizioni di carico pesante continuo.<\/p>\n<h1 data-section-id=\"8av2ty\" data-start=\"1168\" data-end=\"1186\"><span role=\"text\"><strong data-start=\"1170\" data-end=\"1186\">Caratteristiche principali<\/strong><\/span><\/h1>\n<ul data-start=\"1188\" data-end=\"1516\">\n<li data-section-id=\"1bxkwpw\" data-start=\"1188\" data-end=\"1227\">Capacit\u00e0 di carico radiale estremamente elevata<\/li>\n<li data-section-id=\"1fr59o7\" data-start=\"1228\" data-end=\"1287\">Design autoallineante che compensano il disallineamento dell'albero<\/li>\n<li data-section-id=\"1vl001\" data-start=\"1288\" data-end=\"1332\">Supporta carichi radiali e assiali combinati<\/li>\n<li data-section-id=\"rdribk\" data-start=\"1333\" data-end=\"1379\">Superiore resistenza agli urti e alle vibrazioni<\/li>\n<li data-section-id=\"1vtlpw4\" data-start=\"1380\" data-end=\"1432\">Struttura rinforzata per applicazioni pesanti<\/li>\n<li data-section-id=\"js9du9\" data-start=\"1433\" data-end=\"1477\">Lunga vita utile in condizioni difficili<\/li>\n<li data-section-id=\"1mpt223\" data-start=\"1478\" data-end=\"1516\">Funzionamento fluido con bassa frizione<\/li>\n<\/ul>\n<h1 data-section-id=\"10k15yz\" data-start=\"1523\" data-end=\"1553\"><span role=\"text\"><strong data-start=\"1525\" data-end=\"1553\">Specifiche tecniche<\/strong><\/span><\/h1>\n<div class=\"TyagGW_tableContainer\">\n<div class=\"group TyagGW_tableWrapper flex flex-col-reverse w-fit\" tabindex=\"-1\">\n<table class=\"w-fit min-w-(--thread-content-width)\" data-start=\"1555\" data-end=\"1971\">\n<thead data-start=\"1555\" data-end=\"1576\">\n<tr data-start=\"1555\" data-end=\"1576\">\n<th class=\"\" data-start=\"1555\" data-end=\"1567\" data-col-size=\"sm\">Parametro<\/th>\n<th class=\"\" data-start=\"1567\" data-end=\"1576\" data-col-size=\"sm\">Valore<\/th>\n<\/tr>\n<\/thead>\n<tbody data-start=\"1597\" data-end=\"1971\">\n<tr data-start=\"1597\" data-end=\"1622\">\n<td data-start=\"1597\" data-end=\"1613\" data-col-size=\"sm\">Modello di cuscinetto<\/td>\n<td data-start=\"1613\" data-end=\"1622\" data-col-size=\"sm\">22312<\/td>\n<\/tr>\n<tr data-start=\"1623\" data-end=\"1653\">\n<td data-start=\"1623\" data-end=\"1644\" data-col-size=\"sm\">Diametro interno (d)<\/td>\n<td data-col-size=\"sm\" data-start=\"1644\" data-end=\"1653\">60 mm<\/td>\n<\/tr>\n<tr data-start=\"1654\" data-end=\"1685\">\n<td data-start=\"1654\" data-end=\"1675\" data-col-size=\"sm\">Diametro esterno (D)<\/td>\n<td data-start=\"1675\" data-end=\"1685\" data-col-size=\"sm\">130 mm<\/td>\n<\/tr>\n<tr data-start=\"1686\" data-end=\"1707\">\n<td data-start=\"1686\" data-end=\"1698\" data-col-size=\"sm\">Larghezza (B)<\/td>\n<td data-start=\"1698\" data-end=\"1707\" data-col-size=\"sm\">46 mm<\/td>\n<\/tr>\n<tr data-start=\"1708\" data-end=\"1751\">\n<td data-start=\"1708\" data-end=\"1723\" data-col-size=\"sm\">Tipo di cuscinetto<\/td>\n<td data-start=\"1723\" data-end=\"1751\" data-col-size=\"sm\">Cuscinetto a rulli sferici<\/td>\n<\/tr>\n<tr data-start=\"1752\" data-end=\"1785\">\n<td data-start=\"1752\" data-end=\"1764\" data-col-size=\"sm\">Struttura<\/td>\n<td data-start=\"1764\" data-end=\"1785\" data-col-size=\"sm\">Rullo a doppia fila<\/td>\n<\/tr>\n<tr data-start=\"1786\" data-end=\"1827\">\n<td data-start=\"1786\" data-end=\"1797\" data-col-size=\"sm\">Materiale<\/td>\n<td data-start=\"1797\" data-end=\"1827\" data-col-size=\"sm\">Acciaio al cromo \/ Acciaio legato<\/td>\n<\/tr>\n<tr data-start=\"1828\" data-end=\"1861\">\n<td data-start=\"1828\" data-end=\"1844\" data-col-size=\"sm\">Materiale della gabbia<\/td>\n<td data-start=\"1844\" data-end=\"1861\" data-col-size=\"sm\">Acciaio \/ Ottone<\/td>\n<\/tr>\n<tr data-start=\"1862\" data-end=\"1892\">\n<td data-start=\"1862\" data-end=\"1876\" data-col-size=\"sm\">Lubrificazione<\/td>\n<td data-start=\"1876\" data-end=\"1892\" data-col-size=\"sm\">Grasso \/ Olio<\/td>\n<\/tr>\n<tr data-start=\"1893\" data-end=\"1928\">\n<td data-start=\"1893\" data-end=\"1912\" data-col-size=\"sm\">Classe di precisione<\/td>\n<td data-start=\"1912\" data-end=\"1928\" data-col-size=\"sm\">P0 \/ P6 \/ P5<\/td>\n<\/tr>\n<tr data-start=\"1929\" data-end=\"1971\">\n<td data-start=\"1929\" data-end=\"1953\" data-col-size=\"sm\">Temperatura di esercizio<\/td>\n<td data-start=\"1953\" data-end=\"1971\" data-col-size=\"sm\">-20\u00b0C a 150\u00b0C<\/td>\n<\/tr>\n<\/tbody>\n<\/table>\n<\/div>\n<\/div>\n<h1 data-section-id=\"1p00fbj\" data-start=\"1978\" data-end=\"1996\"><span role=\"text\"><strong data-start=\"1980\" data-end=\"1996\">Applicazioni<\/strong><\/span><\/h1>\n<p data-start=\"1998\" data-end=\"2051\">Il cuscinetto a rulli sferici 22312 \u00e8 ampiamente utilizzato in:<\/p>\n<ul data-start=\"2053\" data-end=\"2234\">\n<li data-section-id=\"byc78f\" data-start=\"2053\" data-end=\"2084\">Attrezzature per miniere e cave<\/li>\n<li data-section-id=\"10jsg4s\" data-start=\"2085\" data-end=\"2122\">Acciaierie e macchinari per laminazione<\/li>\n<li data-section-id=\"siir4p\" data-start=\"2123\" data-end=\"2154\">Sistemi di trasporto pesanti<\/li>\n<li data-section-id=\"1tqmi6a\" data-start=\"2155\" data-end=\"2182\">Linee di produzione di cemento<\/li>\n<li data-section-id=\"942l0d\" data-start=\"2183\" data-end=\"2207\">Riduttori industriali<\/li>\n<li data-section-id=\"19d9gij\" data-start=\"2208\" data-end=\"2234\">Macchinari per costruzione<\/li>\n<\/ul>\n<h1 data-section-id=\"zdmnob\" data-start=\"2241\" data-end=\"2260\"><span role=\"text\"><strong data-start=\"2243\" data-end=\"2260\">Perch\u00e9 scegliere noi<\/strong><\/span><\/h1>\n<ul data-start=\"2262\" data-end=\"2521\">\n<li data-section-id=\"1ygtht\" data-start=\"2262\" data-end=\"2318\">Forte esperienza nella produzione di cuscinetti per carichi pesanti<\/li>\n<li data-section-id=\"8lis3h\" data-start=\"2319\" data-end=\"2369\">Soluzioni ingegneristiche OEM e personalizzate disponibili<\/li>\n<li data-section-id=\"gy7e8t\" data-start=\"2370\" data-end=\"2424\">Materiali di alta qualit\u00e0 con rigoroso controllo qualit\u00e0<\/li>\n<li data-section-id=\"h81w5g\" data-start=\"2425\" data-end=\"2474\">Fornitura affidabile per grandi progetti industriali<\/li>\n<li data-section-id=\"bhimnc\" data-start=\"2475\" data-end=\"2521\">Consegna globale rapida e supporto tecnico<\/li>\n<\/ul>\n<h1 data-section-id=\"1iusff4\" data-start=\"2528\" data-end=\"2537\"><span role=\"text\"><strong data-start=\"2530\" data-end=\"2537\">FAQ<\/strong><\/span><\/h1>\n<p data-start=\"2539\" data-end=\"2727\"><strong data-start=\"2539\" data-end=\"2606\">Q1: Qual \u00e8 la differenza tra i cuscinetti della serie 222 e 223?<\/strong><br data-start=\"2606\" data-end=\"2609\" \/>A: La serie 223 ha una capacit\u00e0 di carico superiore ed \u00e8 progettata per applicazioni pi\u00f9 pesanti rispetto alla serie 222.<\/p>\n<p data-start=\"2729\" data-end=\"2883\"><strong data-start=\"2729\" data-end=\"2780\">Q2: Il 22312 \u00e8 adatto per un uso industriale pesante?<\/strong><br data-start=\"2780\" data-end=\"2783\" \/>A: S\u00ec, \u00e8 specificamente progettato per condizioni di carico estreme in settori come l'estrazione mineraria e l'acciaio.<\/p>\n<p data-start=\"2885\" data-end=\"3022\"><strong data-start=\"2885\" data-end=\"2930\">Q3: Questo cuscinetto pu\u00f2 gestire il disallineamento?<\/strong><br data-start=\"2930\" data-end=\"2933\" \/>A: S\u00ec, il design sferico consente un allineamento automatico e riduce lo stress sul sistema.<\/p>","protected":false},"excerpt":{"rendered":"<p>Il <strong data-start=\"390\" data-end=\"424\">22312 Cuscinetto a rulli sferici<\/strong> \u00e8 un cuscinetto pesante a doppia fila progettato per gestire carichi radiali estremamente elevati e carichi assiali moderati, compensando l'allineamento dell'albero. Il suo design a pista sferica consente un allineamento automatico, garantendo prestazioni stabili anche in caso di deflessione dell'albero o errori di installazione.<\/p>","protected":false},"featured_media":2536,"comment_status":"open","ping_status":"closed","template":"","meta":{"site-sidebar-layout":"default","site-content-layout":"","ast-site-content-layout":"default","site-content-style":"default","site-sidebar-style":"default","ast-global-header-display":"","ast-banner-title-visibility":"","ast-main-header-display":"","ast-hfb-above-header-display":"","ast-hfb-below-header-display":"","ast-hfb-mobile-header-display":"","site-post-title":"","ast-breadcrumbs-content":"","ast-featured-img":"","footer-sml-layout":"","ast-disable-related-posts":"","theme-transparent-header-meta":"default","adv-header-id-meta":"","stick-header-meta":"default","header-above-stick-meta":"","header-main-stick-meta":"","header-below-stick-meta":"","astra-migrate-meta-layouts":"set","ast-page-background-enabled":"default","ast-page-background-meta":{"desktop":{"background-color":"","background-image":"","background-repeat":"repeat","background-position":"center center","background-size":"auto","background-attachment":"scroll","background-type":"","background-media":"","overlay-type":"","overlay-color":"","overlay-opacity":"","overlay-gradient":""},"tablet":{"background-color":"","background-image":"","background-repeat":"repeat","background-position":"center center","background-size":"auto","background-attachment":"scroll","background-type":"","background-media":"","overlay-type":"","overlay-color":"","overlay-opacity":"","overlay-gradient":""},"mobile":{"background-color":"","background-image":"","background-repeat":"repeat","background-position":"center center","background-size":"auto","background-attachment":"scroll","background-type":"","background-media":"","overlay-type":"","overlay-color":"","overlay-opacity":"","overlay-gradient":""}},"ast-content-background-meta":{"desktop":{"background-color":"var(--ast-global-color-5)","background-image":"","background-repeat":"repeat","background-position":"center center","background-size":"auto","background-attachment":"scroll","background-type":"","background-media":"","overlay-type":"","overlay-color":"","overlay-opacity":"","overlay-gradient":""},"tablet":{"background-color":"var(--ast-global-color-5)","background-image":"","background-repeat":"repeat","background-position":"center center","background-size":"auto","background-attachment":"scroll","background-type":"","background-media":"","overlay-type":"","overlay-color":"","overlay-opacity":"","overlay-gradient":""},"mobile":{"background-color":"var(--ast-global-color-5)","background-image":"","background-repeat":"repeat","background-position":"center center","background-size":"auto","background-attachment":"scroll","background-type":"","background-media":"","overlay-type":"","overlay-color":"","overlay-opacity":"","overlay-gradient":""}}},"product_brand":[],"product_cat":[24],"product_tag":[221,209,78,151,45,119,72,219,153,150],"class_list":{"0":"post-2448","1":"product","2":"type-product","3":"status-publish","4":"has-post-thumbnail","6":"product_cat-spherical-roller-bearings","7":"product_tag-22312-bearing","8":"product_tag-conveyor-bearing","9":"product_tag-gearbox-bearing","10":"product_tag-heavy-load-bearing","11":"product_tag-industrial-bearing","12":"product_tag-mining-bearing","13":"product_tag-oem-bearing-supplier","14":"product_tag-self-aligning-roller-bearing","15":"product_tag-spherical-roller-bearing","16":"product_tag-steel-mill-bearing","17":"desktop-align-left","18":"tablet-align-left","19":"mobile-align-left","20":"ast-product-gallery-layout-horizontal-slider","21":"ast-product-gallery-with-no-image","22":"ast-product-tabs-layout-horizontal","24":"first","25":"instock","26":"shipping-taxable","27":"product-type-simple"},"_links":{"self":[{"href":"https:\/\/www.machinerybearings.com\/it\/wp-json\/wp\/v2\/product\/2448","targetHints":{"allow":["GET"]}}],"collection":[{"href":"https:\/\/www.machinerybearings.com\/it\/wp-json\/wp\/v2\/product"}],"about":[{"href":"https:\/\/www.machinerybearings.com\/it\/wp-json\/wp\/v2\/types\/product"}],"replies":[{"embeddable":true,"href":"https:\/\/www.machinerybearings.com\/it\/wp-json\/wp\/v2\/comments?post=2448"}],"wp:featuredmedia":[{"embeddable":true,"href":"https:\/\/www.machinerybearings.com\/it\/wp-json\/wp\/v2\/media\/2536"}],"wp:attachment":[{"href":"https:\/\/www.machinerybearings.com\/it\/wp-json\/wp\/v2\/media?parent=2448"}],"wp:term":[{"taxonomy":"product_brand","embeddable":true,"href":"https:\/\/www.machinerybearings.com\/it\/wp-json\/wp\/v2\/product_brand?post=2448"},{"taxonomy":"product_cat","embeddable":true,"href":"https:\/\/www.machinerybearings.com\/it\/wp-json\/wp\/v2\/product_cat?post=2448"},{"taxonomy":"product_tag","embeddable":true,"href":"https:\/\/www.machinerybearings.com\/it\/wp-json\/wp\/v2\/product_tag?post=2448"}],"curies":[{"name":"wp","href":"https:\/\/api.w.org\/{rel}","templated":true}]}}