{"id":2449,"date":"2026-04-13T14:51:13","date_gmt":"2026-04-13T14:51:13","guid":{"rendered":"https:\/\/www.machinerybearings.com\/?post_type=product&#038;p=2449"},"modified":"2026-05-03T05:40:19","modified_gmt":"2026-05-03T05:40:19","slug":"23022-spherical-roller-bearing-large-size-heavy-load-bearing-for-industrial-machinery","status":"publish","type":"product","link":"https:\/\/www.machinerybearings.com\/it\/prodotto\/23022-spherical-roller-bearing-large-size-heavy-load-bearing-for-industrial-machinery\/","title":{"rendered":"23022 Cuscinetto a rulli sferici \u2013 Cuscinetto per carichi pesanti di grande dimensione per macchinari industriali"},"content":{"rendered":"<p data-start=\"383\" data-end=\"755\">Il <strong data-start=\"387\" data-end=\"421\">23022 Cuscinetto a rulli sferici<\/strong> \u00e8 un cuscinetto di grande dimensione e pesante, progettato per supportare carichi radiali estremamente elevati e carichi assiali moderati in ambienti industriali impegnativi. La sua struttura a rulli a doppia fila e la pista sferica consentono un allineamento automatico, rendendolo altamente adatto per applicazioni che coinvolgono disallineamento dell'albero, deflessione o forti vibrazioni.<\/p>\n<p data-start=\"757\" data-end=\"1072\">Come parte della serie 23000, il cuscinetto 23022 presenta una sezione trasversale pi\u00f9 ampia e una capacit\u00e0 di carico migliorata rispetto ai modelli pi\u00f9 piccoli, rendendolo ideale per macchinari di grandi dimensioni e sistemi industriali pesanti. Garantisce un funzionamento stabile, riduzione dell'attrito e una vita utile prolungata anche in condizioni di carico elevato continuo.<\/p>\n<p data-start=\"1074\" data-end=\"1237\">Fabbricato in acciaio legato o acciaio al cromo di alta qualit\u00e0, questo cuscinetto offre un'eccellente resistenza all'usura, durata e affidabilit\u00e0 in ambienti operativi difficili.<\/p>\n<h1 data-section-id=\"8av2ty\" data-start=\"1244\" data-end=\"1262\"><span role=\"text\"><strong data-start=\"1246\" data-end=\"1262\">Caratteristiche principali<\/strong><\/span><\/h1>\n<ul data-start=\"1264\" data-end=\"1618\">\n<li data-section-id=\"xw7v8y\" data-start=\"1264\" data-end=\"1320\">Cuscinetto di grande dimensione per applicazioni industriali pesanti<\/li>\n<li data-section-id=\"1bxkwpw\" data-start=\"1321\" data-end=\"1360\">Capacit\u00e0 di carico radiale estremamente elevata<\/li>\n<li data-section-id=\"1fr59o7\" data-start=\"1361\" data-end=\"1420\">Design autoallineante che compensano il disallineamento dell'albero<\/li>\n<li data-section-id=\"1vl001\" data-start=\"1421\" data-end=\"1465\">Supporta carichi radiali e assiali combinati<\/li>\n<li data-section-id=\"1n39sdg\" data-start=\"1466\" data-end=\"1519\">Eccellente resistenza a vibrazioni e carichi d'urto<\/li>\n<li data-section-id=\"jg05ft\" data-start=\"1520\" data-end=\"1568\">Lunga vita utile in condizioni di funzionamento continuo<\/li>\n<li data-section-id=\"a2gkmg\" data-start=\"1569\" data-end=\"1618\">Adatto per ambienti difficili e impegnativi<\/li>\n<\/ul>\n<h1 data-section-id=\"10k15yz\" data-start=\"1625\" data-end=\"1655\"><span role=\"text\"><strong data-start=\"1627\" data-end=\"1655\">Specifiche tecniche<\/strong><\/span><\/h1>\n<div class=\"TyagGW_tableContainer\">\n<div class=\"group TyagGW_tableWrapper flex flex-col-reverse w-fit\" tabindex=\"-1\">\n<table class=\"w-fit min-w-(--thread-content-width)\" data-start=\"1657\" data-end=\"2074\">\n<thead data-start=\"1657\" data-end=\"1678\">\n<tr data-start=\"1657\" data-end=\"1678\">\n<th class=\"\" data-start=\"1657\" data-end=\"1669\" data-col-size=\"sm\">Parametro<\/th>\n<th class=\"\" data-start=\"1669\" data-end=\"1678\" data-col-size=\"sm\">Valore<\/th>\n<\/tr>\n<\/thead>\n<tbody data-start=\"1699\" data-end=\"2074\">\n<tr data-start=\"1699\" data-end=\"1724\">\n<td data-start=\"1699\" data-end=\"1715\" data-col-size=\"sm\">Modello di cuscinetto<\/td>\n<td data-start=\"1715\" data-end=\"1724\" data-col-size=\"sm\">23022<\/td>\n<\/tr>\n<tr data-start=\"1725\" data-end=\"1756\">\n<td data-start=\"1725\" data-end=\"1746\" data-col-size=\"sm\">Diametro interno (d)<\/td>\n<td data-start=\"1746\" data-end=\"1756\" data-col-size=\"sm\">110 mm<\/td>\n<\/tr>\n<tr data-start=\"1757\" data-end=\"1788\">\n<td data-start=\"1757\" data-end=\"1778\" data-col-size=\"sm\">Diametro esterno (D)<\/td>\n<td data-start=\"1778\" data-end=\"1788\" data-col-size=\"sm\">170 mm<\/td>\n<\/tr>\n<tr data-start=\"1789\" data-end=\"1810\">\n<td data-start=\"1789\" data-end=\"1801\" data-col-size=\"sm\">Larghezza (B)<\/td>\n<td data-start=\"1801\" data-end=\"1810\" data-col-size=\"sm\">45 mm<\/td>\n<\/tr>\n<tr data-start=\"1811\" data-end=\"1854\">\n<td data-start=\"1811\" data-end=\"1826\" data-col-size=\"sm\">Tipo di cuscinetto<\/td>\n<td data-start=\"1826\" data-end=\"1854\" data-col-size=\"sm\">Cuscinetto a rulli sferici<\/td>\n<\/tr>\n<tr data-start=\"1855\" data-end=\"1888\">\n<td data-start=\"1855\" data-end=\"1867\" data-col-size=\"sm\">Struttura<\/td>\n<td data-start=\"1867\" data-end=\"1888\" data-col-size=\"sm\">Rullo a doppia fila<\/td>\n<\/tr>\n<tr data-start=\"1889\" data-end=\"1930\">\n<td data-start=\"1889\" data-end=\"1900\" data-col-size=\"sm\">Materiale<\/td>\n<td data-start=\"1900\" data-end=\"1930\" data-col-size=\"sm\">Acciaio al cromo \/ Acciaio legato<\/td>\n<\/tr>\n<tr data-start=\"1931\" data-end=\"1964\">\n<td data-start=\"1931\" data-end=\"1947\" data-col-size=\"sm\">Materiale della gabbia<\/td>\n<td data-col-size=\"sm\" data-start=\"1947\" data-end=\"1964\">Acciaio \/ Ottone<\/td>\n<\/tr>\n<tr data-start=\"1965\" data-end=\"1995\">\n<td data-start=\"1965\" data-end=\"1979\" data-col-size=\"sm\">Lubrificazione<\/td>\n<td data-start=\"1979\" data-end=\"1995\" data-col-size=\"sm\">Grasso \/ Olio<\/td>\n<\/tr>\n<tr data-start=\"1996\" data-end=\"2031\">\n<td data-start=\"1996\" data-end=\"2015\" data-col-size=\"sm\">Classe di precisione<\/td>\n<td data-start=\"2015\" data-end=\"2031\" data-col-size=\"sm\">P0 \/ P6 \/ P5<\/td>\n<\/tr>\n<tr data-start=\"2032\" data-end=\"2074\">\n<td data-start=\"2032\" data-end=\"2056\" data-col-size=\"sm\">Temperatura di esercizio<\/td>\n<td data-start=\"2056\" data-end=\"2074\" data-col-size=\"sm\">-20\u00b0C a 150\u00b0C<\/td>\n<\/tr>\n<\/tbody>\n<\/table>\n<\/div>\n<\/div>\n<h1 data-section-id=\"1p00fbj\" data-start=\"2081\" data-end=\"2099\"><span role=\"text\"><strong data-start=\"2083\" data-end=\"2099\">Applicazioni<\/strong><\/span><\/h1>\n<p data-start=\"2101\" data-end=\"2154\">Il cuscinetto a rulli sferici 23022 \u00e8 ampiamente utilizzato in:<\/p>\n<ul data-start=\"2156\" data-end=\"2353\">\n<li data-section-id=\"ew3yor\" data-start=\"2156\" data-end=\"2187\">Macchinari per miniere e cave<\/li>\n<li data-section-id=\"vrb1u3\" data-start=\"2188\" data-end=\"2231\">Acciaierie e attrezzature di laminazione pesante<\/li>\n<li data-section-id=\"oy2bti\" data-start=\"2232\" data-end=\"2258\">Grandi sistemi di trasporto<\/li>\n<li data-section-id=\"1tqmi6a\" data-start=\"2259\" data-end=\"2286\">Linee di produzione di cemento<\/li>\n<li data-section-id=\"oxv5q8\" data-start=\"2287\" data-end=\"2322\">Attrezzature per energia eolica e energetica<\/li>\n<li data-section-id=\"qz39ge\" data-start=\"2323\" data-end=\"2353\">Riduttori industriali pesanti<\/li>\n<\/ul>\n<h1 data-section-id=\"zdmnob\" data-start=\"2360\" data-end=\"2379\"><span role=\"text\"><strong data-start=\"2362\" data-end=\"2379\">Perch\u00e9 scegliere noi<\/strong><\/span><\/h1>\n<ul data-start=\"2381\" data-end=\"2655\">\n<li data-section-id=\"1u48kst\" data-start=\"2381\" data-end=\"2438\">Forte capacit\u00e0 nella produzione di cuscinetti di grande dimensione<\/li>\n<li data-section-id=\"1otcjj4\" data-start=\"2439\" data-end=\"2498\">Soluzioni OEM e personalizzate disponibili per le industrie pesanti<\/li>\n<li data-section-id=\"u3pp8e\" data-start=\"2499\" data-end=\"2554\">Materiali di alta qualit\u00e0 con trattamento termico avanzato<\/li>\n<li data-section-id=\"1yivzpg\" data-start=\"2555\" data-end=\"2608\">Fornitura stabile per progetti industriali su larga scala<\/li>\n<li data-section-id=\"bhimnc\" data-start=\"2609\" data-end=\"2655\">Consegna globale rapida e supporto tecnico<\/li>\n<\/ul>\n<h1 data-section-id=\"1iusff4\" data-start=\"2662\" data-end=\"2671\"><span role=\"text\"><strong data-start=\"2664\" data-end=\"2671\">FAQ<\/strong><\/span><\/h1>\n<p data-start=\"2673\" data-end=\"2846\"><strong data-start=\"2673\" data-end=\"2721\">Q1: Cosa rende 23022 un \u201ccuscinetto di grande dimensione\u201d?<\/strong><br data-start=\"2721\" data-end=\"2724\" \/>A: Le sue dimensioni maggiori e la capacit\u00e0 di carico superiore lo rendono adatto per macchinari industriali pesanti e grandi sistemi di alberi.<\/p>\n<p data-start=\"2848\" data-end=\"3000\"><strong data-start=\"2848\" data-end=\"2893\">Q2: Questo cuscinetto pu\u00f2 gestire il disallineamento?<\/strong><br data-start=\"2893\" data-end=\"2896\" \/>A: S\u00ec, il design a rulli sferici consente un allineamento automatico e riduce lo stress da deflessione dell'albero.<\/p>\n<p data-start=\"3002\" data-end=\"3147\"><strong data-start=\"3002\" data-end=\"3056\">Q3: \u00c8 disponibile la personalizzazione per cuscinetti di grandi dimensioni?<\/strong><br data-start=\"3056\" data-end=\"3059\" \/>A: S\u00ec, offriamo personalizzazione OEM inclusi materiali, gioco e rivestimenti speciali.<\/p>","protected":false},"excerpt":{"rendered":"<p>Il <strong data-start=\"387\" data-end=\"421\">23022 Cuscinetto a rulli sferici<\/strong> \u00e8 un cuscinetto di grande dimensione e pesante, progettato per supportare carichi radiali estremamente elevati e carichi assiali moderati in ambienti industriali impegnativi. La sua struttura a rulli a doppia fila e la pista sferica consentono un allineamento automatico, rendendolo altamente adatto per applicazioni che coinvolgono disallineamento dell'albero, deflessione o forti vibrazioni.<\/p>","protected":false},"featured_media":2535,"comment_status":"open","ping_status":"closed","template":"","meta":{"site-sidebar-layout":"default","site-content-layout":"","ast-site-content-layout":"default","site-content-style":"default","site-sidebar-style":"default","ast-global-header-display":"","ast-banner-title-visibility":"","ast-main-header-display":"","ast-hfb-above-header-display":"","ast-hfb-below-header-display":"","ast-hfb-mobile-header-display":"","site-post-title":"","ast-breadcrumbs-content":"","ast-featured-img":"","footer-sml-layout":"","ast-disable-related-posts":"","theme-transparent-header-meta":"default","adv-header-id-meta":"","stick-header-meta":"default","header-above-stick-meta":"","header-main-stick-meta":"","header-below-stick-meta":"","astra-migrate-meta-layouts":"set","ast-page-background-enabled":"default","ast-page-background-meta":{"desktop":{"background-color":"","background-image":"","background-repeat":"repeat","background-position":"center center","background-size":"auto","background-attachment":"scroll","background-type":"","background-media":"","overlay-type":"","overlay-color":"","overlay-opacity":"","overlay-gradient":""},"tablet":{"background-color":"","background-image":"","background-repeat":"repeat","background-position":"center center","background-size":"auto","background-attachment":"scroll","background-type":"","background-media":"","overlay-type":"","overlay-color":"","overlay-opacity":"","overlay-gradient":""},"mobile":{"background-color":"","background-image":"","background-repeat":"repeat","background-position":"center center","background-size":"auto","background-attachment":"scroll","background-type":"","background-media":"","overlay-type":"","overlay-color":"","overlay-opacity":"","overlay-gradient":""}},"ast-content-background-meta":{"desktop":{"background-color":"var(--ast-global-color-5)","background-image":"","background-repeat":"repeat","background-position":"center center","background-size":"auto","background-attachment":"scroll","background-type":"","background-media":"","overlay-type":"","overlay-color":"","overlay-opacity":"","overlay-gradient":""},"tablet":{"background-color":"var(--ast-global-color-5)","background-image":"","background-repeat":"repeat","background-position":"center center","background-size":"auto","background-attachment":"scroll","background-type":"","background-media":"","overlay-type":"","overlay-color":"","overlay-opacity":"","overlay-gradient":""},"mobile":{"background-color":"var(--ast-global-color-5)","background-image":"","background-repeat":"repeat","background-position":"center center","background-size":"auto","background-attachment":"scroll","background-type":"","background-media":"","overlay-type":"","overlay-color":"","overlay-opacity":"","overlay-gradient":""}}},"product_brand":[],"product_cat":[24],"product_tag":[222,209,78,56,45,57,119,72,153,150],"class_list":{"0":"post-2449","1":"product","2":"type-product","3":"status-publish","4":"has-post-thumbnail","6":"product_cat-spherical-roller-bearings","7":"product_tag-23022-bearing","8":"product_tag-conveyor-bearing","9":"product_tag-gearbox-bearing","10":"product_tag-heavy-duty-bearing","11":"product_tag-industrial-bearing","12":"product_tag-large-size-bearing","13":"product_tag-mining-bearing","14":"product_tag-oem-bearing-supplier","15":"product_tag-spherical-roller-bearing","16":"product_tag-steel-mill-bearing","17":"desktop-align-left","18":"tablet-align-left","19":"mobile-align-left","20":"ast-product-gallery-layout-horizontal-slider","21":"ast-product-gallery-with-no-image","22":"ast-product-tabs-layout-horizontal","24":"first","25":"instock","26":"shipping-taxable","27":"product-type-simple"},"_links":{"self":[{"href":"https:\/\/www.machinerybearings.com\/it\/wp-json\/wp\/v2\/product\/2449","targetHints":{"allow":["GET"]}}],"collection":[{"href":"https:\/\/www.machinerybearings.com\/it\/wp-json\/wp\/v2\/product"}],"about":[{"href":"https:\/\/www.machinerybearings.com\/it\/wp-json\/wp\/v2\/types\/product"}],"replies":[{"embeddable":true,"href":"https:\/\/www.machinerybearings.com\/it\/wp-json\/wp\/v2\/comments?post=2449"}],"wp:featuredmedia":[{"embeddable":true,"href":"https:\/\/www.machinerybearings.com\/it\/wp-json\/wp\/v2\/media\/2535"}],"wp:attachment":[{"href":"https:\/\/www.machinerybearings.com\/it\/wp-json\/wp\/v2\/media?parent=2449"}],"wp:term":[{"taxonomy":"product_brand","embeddable":true,"href":"https:\/\/www.machinerybearings.com\/it\/wp-json\/wp\/v2\/product_brand?post=2449"},{"taxonomy":"product_cat","embeddable":true,"href":"https:\/\/www.machinerybearings.com\/it\/wp-json\/wp\/v2\/product_cat?post=2449"},{"taxonomy":"product_tag","embeddable":true,"href":"https:\/\/www.machinerybearings.com\/it\/wp-json\/wp\/v2\/product_tag?post=2449"}],"curies":[{"name":"wp","href":"https:\/\/api.w.org\/{rel}","templated":true}]}}