{"id":395,"date":"2026-03-24T15:09:22","date_gmt":"2026-03-24T15:09:22","guid":{"rendered":"https:\/\/www.machinerybearings.com\/about\/"},"modified":"2026-05-02T21:07:09","modified_gmt":"2026-05-02T21:07:09","slug":"about","status":"publish","type":"page","link":"https:\/\/www.machinerybearings.com\/pl\/about\/","title":{"rendered":"O nas"},"content":{"rendered":"<div data-elementor-type=\"wp-page\" data-elementor-id=\"395\" class=\"elementor elementor-395\" data-elementor-post-type=\"page\">\n\t\t\t\t<div class=\"elementor-element elementor-element-443e739 e-flex e-con-boxed e-con e-parent\" data-id=\"443e739\" data-element_type=\"container\" data-e-type=\"container\" data-settings=\"{&quot;background_background&quot;:&quot;classic&quot;}\">\n\t\t\t\t\t<div class=\"e-con-inner\">\n\t\t<div class=\"elementor-element elementor-element-8816627 e-con-full e-flex e-con e-child\" data-id=\"8816627\" data-element_type=\"container\" data-e-type=\"container\">\n\t\t\t\t<div class=\"elementor-element elementor-element-c2fdea1 elementor-widget elementor-widget-heading\" data-id=\"c2fdea1\" data-element_type=\"widget\" data-e-type=\"widget\" data-widget_type=\"heading.default\">\n\t\t\t\t<div class=\"elementor-widget-container\">\n\t\t\t\t\t<h1 class=\"elementor-heading-title elementor-size-default\">O nas<\/h1>\t\t\t\t<\/div>\n\t\t\t\t<\/div>\n\t\t\t\t<\/div>\n\t\t\t\t\t<\/div>\n\t\t\t\t<\/div>\n\t\t<div class=\"elementor-element elementor-element-9c4fb5e e-flex e-con-boxed e-con e-parent\" data-id=\"9c4fb5e\" data-element_type=\"container\" data-e-type=\"container\" data-settings=\"{&quot;background_background&quot;:&quot;classic&quot;}\">\n\t\t\t\t\t<div class=\"e-con-inner\">\n\t\t<div class=\"elementor-element elementor-element-ef2fe3d e-con-full e-flex e-con e-child\" data-id=\"ef2fe3d\" data-element_type=\"container\" data-e-type=\"container\" data-settings=\"{&quot;background_background&quot;:&quot;classic&quot;}\">\n\t\t\t\t<div class=\"elementor-element elementor-element-4be2227 elementor-widget elementor-widget-heading\" data-id=\"4be2227\" data-element_type=\"widget\" data-e-type=\"widget\" data-widget_type=\"heading.default\">\n\t\t\t\t<div class=\"elementor-widget-container\">\n\t\t\t\t\t<h5 class=\"elementor-heading-title elementor-size-default\">Maszyny\u0141o\u017cyska<\/h5>\t\t\t\t<\/div>\n\t\t\t\t<\/div>\n\t\t\t\t<div class=\"elementor-element elementor-element-7e0a8fb elementor-widget elementor-widget-heading\" data-id=\"7e0a8fb\" data-element_type=\"widget\" data-e-type=\"widget\" data-widget_type=\"heading.default\">\n\t\t\t\t<div class=\"elementor-widget-container\">\n\t\t\t\t\t<h2 class=\"elementor-heading-title elementor-size-default\">Kim jeste\u015bmy<\/h2>\t\t\t\t<\/div>\n\t\t\t\t<\/div>\n\t\t\t\t<\/div>\n\t\t\t\t\t<\/div>\n\t\t\t\t<\/div>\n\t\t<div class=\"elementor-element elementor-element-3790522 e-flex e-con-boxed e-con e-parent\" data-id=\"3790522\" data-element_type=\"container\" data-e-type=\"container\">\n\t\t\t\t\t<div class=\"e-con-inner\">\n\t\t<div class=\"elementor-element elementor-element-3149c78 e-con-full e-flex e-con e-child\" data-id=\"3149c78\" data-element_type=\"container\" data-e-type=\"container\">\n\t\t\t\t<div class=\"elementor-element elementor-element-ff7b81f elementor-widget elementor-widget-heading\" data-id=\"ff7b81f\" data-element_type=\"widget\" data-e-type=\"widget\" data-widget_type=\"heading.default\">\n\t\t\t\t<div class=\"elementor-widget-container\">\n\t\t\t\t\t<h6 class=\"elementor-heading-title elementor-size-default\">Nasza historia<\/h6>\t\t\t\t<\/div>\n\t\t\t\t<\/div>\n\t\t\t\t<\/div>\n\t\t<div class=\"elementor-element elementor-element-ba3fc8e e-con-full e-flex e-con e-child\" data-id=\"ba3fc8e\" data-element_type=\"container\" data-e-type=\"container\">\n\t\t\t\t<div class=\"elementor-element elementor-element-b8a8c9f elementor-widget-divider--view-line elementor-widget elementor-widget-divider\" data-id=\"b8a8c9f\" data-element_type=\"widget\" data-e-type=\"widget\" data-widget_type=\"divider.default\">\n\t\t\t\t<div class=\"elementor-widget-container\">\n\t\t\t\t\t\t\t<div class=\"elementor-divider\">\n\t\t\t<span class=\"elementor-divider-separator\">\n\t\t\t\t\t\t<\/span>\n\t\t<\/div>\n\t\t\t\t\t\t<\/div>\n\t\t\t\t<\/div>\n\t\t\t\t<div class=\"elementor-element elementor-element-84850f0 elementor-widget elementor-widget-text-editor\" data-id=\"84850f0\" data-element_type=\"widget\" data-e-type=\"widget\" data-widget_type=\"text-editor.default\">\n\t\t\t\t<div class=\"elementor-widget-container\">\n\t\t\t\t\t\t\t\t\t<p data-start=\"154\" data-end=\"371\">MachineryBearings to profesjonalna platforma przemys\u0142owa zajmuj\u0105ca si\u0119 \u0142o\u017cyskami, dzia\u0142aj\u0105ca pod firm\u0105 Henan Wonzh Precision Manufacturing Co., Ltd., po\u015bwi\u0119cona dostarczaniu niezawodnych i wydajnych rozwi\u0105za\u0144 \u0142o\u017cyskowych dla klient\u00f3w na ca\u0142ym \u015bwiecie.<\/p><p data-start=\"373\" data-end=\"583\">Z wieloletnim do\u015bwiadczeniem w precyzyjnej produkcji specjalizujemy si\u0119 w produkcji i dostawie szerokiej gamy \u0142o\u017cysk stosowanych w maszynach, systemach przenoszenia mocy i ci\u0119\u017ckich \u015brodowiskach przemys\u0142owych.<\/p><p data-start=\"585\" data-end=\"759\">Naszym celem jest nie tylko dostarczanie produkt\u00f3w, ale tak\u017ce oferowanie rozwi\u0105za\u0144 opartych na in\u017cynierii, kt\u00f3re poprawiaj\u0105 wydajno\u015b\u0107 sprz\u0119tu, redukuj\u0105 przestoje i wyd\u0142u\u017caj\u0105 \u017cywotno\u015b\u0107.<\/p><p data-start=\"784\" data-end=\"950\">Henan Wonzh Precision Manufacturing Co., Ltd. zosta\u0142a za\u0142o\u017cona z wyra\u017an\u0105 wizj\u0105: wprowadzenie precyzyjnej in\u017cynierii i niezawodnych komponent\u00f3w na globalny rynek przemys\u0142owy.<\/p><p data-start=\"952\" data-end=\"1279\">Na przestrzeni lat nieustannie rozwijali\u015bmy nasze mo\u017cliwo\u015bci w zakresie produkcji \u0142o\u017cysk, rozwi\u0105za\u0144 uszczelniaj\u0105cych i pokrewnych komponent\u00f3w mechanicznych. Dzi\u0119ki ci\u0105g\u0142ym inwestycjom w technologie produkcji i systemy kontroli jako\u015bci zbudowali\u015bmy stabilny \u0142a\u0144cuch dostaw oraz d\u0142ugoterminowe partnerstwa z klientami w r\u00f3\u017cnych bran\u017cach.<\/p><p data-start=\"1281\" data-end=\"1472\">Dzi\u015b MachineryBearings s\u0142u\u017cy jako nasza dedykowana platforma do nawi\u0105zywania kontakt\u00f3w z mi\u0119dzynarodowymi klientami, oferuj\u0105c zar\u00f3wno standardowe, jak i dostosowane do potrzeb rozwi\u0105zania \u0142o\u017cyskowe, dostosowane do rzeczywistych zastosowa\u0144.<\/p>\t\t\t\t\t\t\t\t<\/div>\n\t\t\t\t<\/div>\n\t\t\t\t<\/div>\n\t\t\t\t\t<\/div>\n\t\t\t\t<\/div>\n\t\t<div class=\"elementor-element elementor-element-ec04f94 e-flex e-con-boxed e-con e-parent\" data-id=\"ec04f94\" data-element_type=\"container\" data-e-type=\"container\" data-settings=\"{&quot;background_background&quot;:&quot;classic&quot;}\">\n\t\t\t\t\t<div class=\"e-con-inner\">\n\t\t<div class=\"elementor-element elementor-element-1c9762f e-con-full e-flex e-con e-child\" data-id=\"1c9762f\" data-element_type=\"container\" data-e-type=\"container\">\n\t\t<div class=\"elementor-element elementor-element-ba45ee9 e-con-full e-flex e-con e-child\" data-id=\"ba45ee9\" data-element_type=\"container\" data-e-type=\"container\">\n\t\t<div class=\"elementor-element elementor-element-4e3ff3d e-con-full e-flex e-con e-child\" data-id=\"4e3ff3d\" data-element_type=\"container\" data-e-type=\"container\">\n\t\t\t\t<div class=\"elementor-element elementor-element-e9b7223 elementor-widget elementor-widget-heading\" data-id=\"e9b7223\" data-element_type=\"widget\" data-e-type=\"widget\" data-widget_type=\"heading.default\">\n\t\t\t\t<div class=\"elementor-widget-container\">\n\t\t\t\t\t<h6 class=\"elementor-heading-title elementor-size-default\">Nasza wizja<\/h6>\t\t\t\t<\/div>\n\t\t\t\t<\/div>\n\t\t\t\t<\/div>\n\t\t<div class=\"elementor-element elementor-element-d7f54ae e-con-full e-flex e-con e-child\" data-id=\"d7f54ae\" data-element_type=\"container\" data-e-type=\"container\">\n\t\t\t\t<div class=\"elementor-element elementor-element-518860d elementor-widget-divider--view-line elementor-widget elementor-widget-divider\" data-id=\"518860d\" data-element_type=\"widget\" data-e-type=\"widget\" data-widget_type=\"divider.default\">\n\t\t\t\t<div class=\"elementor-widget-container\">\n\t\t\t\t\t\t\t<div class=\"elementor-divider\">\n\t\t\t<span class=\"elementor-divider-separator\">\n\t\t\t\t\t\t<\/span>\n\t\t<\/div>\n\t\t\t\t\t\t<\/div>\n\t\t\t\t<\/div>\n\t\t\t\t<div class=\"elementor-element elementor-element-442f3f8 elementor-widget elementor-widget-text-editor\" data-id=\"442f3f8\" data-element_type=\"widget\" data-e-type=\"widget\" data-widget_type=\"text-editor.default\">\n\t\t\t\t<div class=\"elementor-widget-container\">\n\t\t\t\t\t\t\t\t\t<p data-start=\"1498\" data-end=\"1646\">Sta\u0107 si\u0119 zaufanym globalnym dostawc\u0105 precyzyjnych \u0142o\u017cysk i komponent\u00f3w mechanicznych, uznawanym za jako\u015b\u0107, niezawodno\u015b\u0107 i ekspertyz\u0119 in\u017cynieryjn\u0105.<\/p><p data-start=\"1648\" data-end=\"1772\">D\u0105\u017cymy do wspierania przemys\u0142u na ca\u0142ym \u015bwiecie, dostarczaj\u0105c produkty, kt\u00f3re spe\u0142niaj\u0105 najwy\u017csze standardy wydajno\u015bci i trwa\u0142o\u015bci.<\/p>\t\t\t\t\t\t\t\t<\/div>\n\t\t\t\t<\/div>\n\t\t\t\t<\/div>\n\t\t\t\t<\/div>\n\t\t<div class=\"elementor-element elementor-element-d382d58 e-con-full e-flex e-con e-child\" data-id=\"d382d58\" data-element_type=\"container\" data-e-type=\"container\">\n\t\t<div class=\"elementor-element elementor-element-2398d76 e-con-full e-flex e-con e-child\" data-id=\"2398d76\" data-element_type=\"container\" data-e-type=\"container\">\n\t\t\t\t<div class=\"elementor-element elementor-element-82836ee elementor-widget elementor-widget-heading\" data-id=\"82836ee\" data-element_type=\"widget\" data-e-type=\"widget\" data-widget_type=\"heading.default\">\n\t\t\t\t<div class=\"elementor-widget-container\">\n\t\t\t\t\t<h6 class=\"elementor-heading-title elementor-size-default\">Nasza misja<\/h6>\t\t\t\t<\/div>\n\t\t\t\t<\/div>\n\t\t\t\t<\/div>\n\t\t<div class=\"elementor-element elementor-element-9de1ae7 e-con-full e-flex e-con e-child\" data-id=\"9de1ae7\" data-element_type=\"container\" data-e-type=\"container\">\n\t\t\t\t<div class=\"elementor-element elementor-element-88206b2 elementor-widget-divider--view-line elementor-widget elementor-widget-divider\" data-id=\"88206b2\" data-element_type=\"widget\" data-e-type=\"widget\" data-widget_type=\"divider.default\">\n\t\t\t\t<div class=\"elementor-widget-container\">\n\t\t\t\t\t\t\t<div class=\"elementor-divider\">\n\t\t\t<span class=\"elementor-divider-separator\">\n\t\t\t\t\t\t<\/span>\n\t\t<\/div>\n\t\t\t\t\t\t<\/div>\n\t\t\t\t<\/div>\n\t\t\t\t<div class=\"elementor-element elementor-element-60f644e elementor-widget elementor-widget-text-editor\" data-id=\"60f644e\" data-element_type=\"widget\" data-e-type=\"widget\" data-widget_type=\"text-editor.default\">\n\t\t\t\t<div class=\"elementor-widget-container\">\n\t\t\t\t\t\t\t\t\t<p data-start=\"95\" data-end=\"285\">Jeste\u015bmy zobowi\u0105zani do dostarczania wi\u0119cej ni\u017c tylko produkt\u00f3w \u0142o\u017cyskowych. W MachineryBearings nasza misja opiera si\u0119 na wyra\u017anym skupieniu na jako\u015bci, wydajno\u015bci i d\u0142ugoterminowej warto\u015bci dla naszych klient\u00f3w.<\/p><p data-start=\"287\" data-end=\"491\">\u0141\u0105cz\u0105c precyzyjn\u0105 produkcj\u0119 z praktycznym wsparciem in\u017cynieryjnym, d\u0105\u017cymy do pomocy firmom w poprawie efektywno\u015bci, redukcji przestoj\u00f3w i osi\u0105ganiu niezawodnej pracy w wymagaj\u0105cych \u015brodowiskach przemys\u0142owych.<\/p>\t\t\t\t\t\t\t\t<\/div>\n\t\t\t\t<\/div>\n\t\t\t\t<div class=\"elementor-element elementor-element-2f19918 elementor-icon-list--layout-traditional elementor-list-item-link-full_width elementor-widget elementor-widget-icon-list\" data-id=\"2f19918\" data-element_type=\"widget\" data-e-type=\"widget\" data-widget_type=\"icon-list.default\">\n\t\t\t\t<div class=\"elementor-widget-container\">\n\t\t\t\t\t\t\t<ul class=\"elementor-icon-list-items\">\n\t\t\t\t\t\t\t<li class=\"elementor-icon-list-item\">\n\t\t\t\t\t\t\t\t\t\t\t<span class=\"elementor-icon-list-icon\">\n\t\t\t\t\t\t\t<i aria-hidden=\"true\" class=\"fas fa-caret-right\"><\/i>\t\t\t\t\t\t<\/span>\n\t\t\t\t\t\t\t\t\t\t<span class=\"elementor-icon-list-text\">Dostarcza\u0107 wysokiej jako\u015bci produkty \u0142o\u017cyskowe o sta\u0142ej wydajno\u015bci<\/span>\n\t\t\t\t\t\t\t\t\t<\/li>\n\t\t\t\t\t\t\t\t<li class=\"elementor-icon-list-item\">\n\t\t\t\t\t\t\t\t\t\t\t<span class=\"elementor-icon-list-icon\">\n\t\t\t\t\t\t\t<i aria-hidden=\"true\" class=\"fas fa-caret-right\"><\/i>\t\t\t\t\t\t<\/span>\n\t\t\t\t\t\t\t\t\t\t<span class=\"elementor-icon-list-text\">Oferowa\u0107 praktyczne i efektywne rozwi\u0105zania in\u017cynieryjne<\/span>\n\t\t\t\t\t\t\t\t\t<\/li>\n\t\t\t\t\t\t\t\t<li class=\"elementor-icon-list-item\">\n\t\t\t\t\t\t\t\t\t\t\t<span class=\"elementor-icon-list-icon\">\n\t\t\t\t\t\t\t<i aria-hidden=\"true\" class=\"fas fa-caret-right\"><\/i>\t\t\t\t\t\t<\/span>\n\t\t\t\t\t\t\t\t\t\t<span class=\"elementor-icon-list-text\">Pomaga\u0107 klientom w redukcji koszt\u00f3w operacyjnych i poprawie niezawodno\u015bci system\u00f3w<\/span>\n\t\t\t\t\t\t\t\t\t<\/li>\n\t\t\t\t\t\t\t\t<li class=\"elementor-icon-list-item\">\n\t\t\t\t\t\t\t\t\t\t\t<span class=\"elementor-icon-list-icon\">\n\t\t\t\t\t\t\t<i aria-hidden=\"true\" class=\"fas fa-caret-right\"><\/i>\t\t\t\t\t\t<\/span>\n\t\t\t\t\t\t\t\t\t\t<span class=\"elementor-icon-list-text\">Budowa\u0107 d\u0142ugoterminowe partnerstwa oparte na zaufaniu i profesjonalizmie<\/span>\n\t\t\t\t\t\t\t\t\t<\/li>\n\t\t\t\t\t\t<\/ul>\n\t\t\t\t\t\t<\/div>\n\t\t\t\t<\/div>\n\t\t\t\t<\/div>\n\t\t\t\t<\/div>\n\t\t\t\t<\/div>\n\t\t\t\t\t<\/div>\n\t\t\t\t<\/div>\n\t\t\t\t<\/div>","protected":false},"excerpt":{"rendered":"<p>About MachineryBearings Who We Are Our story MachineryBearings is a professional industrial bearing platform under Henan Wonzh Precision Manufacturing Co., Ltd., dedicated to providing reliable and high-performance bearing solutions for global customers. With years of experience in precision manufacturing, we specialize in the production and supply of a wide range of bearings used in machinery, [&hellip;]<\/p>\n","protected":false},"author":1,"featured_media":0,"parent":0,"menu_order":0,"comment_status":"closed","ping_status":"closed","template":"","meta":{"site-sidebar-layout":"no-sidebar","site-content-layout":"page-builder","ast-site-content-layout":"default","site-content-style":"default","site-sidebar-style":"default","ast-global-header-display":"","ast-banner-title-visibility":"","ast-main-header-display":"","ast-hfb-above-header-display":"","ast-hfb-below-header-display":"","ast-hfb-mobile-header-display":"","site-post-title":"disabled","ast-breadcrumbs-content":"disabled","ast-featured-img":"disabled","footer-sml-layout":"","ast-disable-related-posts":"","theme-transparent-header-meta":"enabled","adv-header-id-meta":"","stick-header-meta":"","header-above-stick-meta":"","header-main-stick-meta":"","header-below-stick-meta":"","astra-migrate-meta-layouts":"default","ast-page-background-enabled":"default","ast-page-background-meta":{"desktop":{"background-color":"","background-image":"","background-repeat":"repeat","background-position":"center center","background-size":"auto","background-attachment":"scroll","background-type":"","background-media":"","overlay-type":"","overlay-color":"","overlay-opacity":"","overlay-gradient":""},"tablet":{"background-color":"","background-image":"","background-repeat":"repeat","background-position":"center center","background-size":"auto","background-attachment":"scroll","background-type":"","background-media":"","overlay-type":"","overlay-color":"","overlay-opacity":"","overlay-gradient":""},"mobile":{"background-color":"","background-image":"","background-repeat":"repeat","background-position":"center center","background-size":"auto","background-attachment":"scroll","background-type":"","background-media":"","overlay-type":"","overlay-color":"","overlay-opacity":"","overlay-gradient":""}},"ast-content-background-meta":{"desktop":{"background-color":"var(--ast-global-color-5)","background-image":"","background-repeat":"repeat","background-position":"center center","background-size":"auto","background-attachment":"scroll","background-type":"","background-media":"","overlay-type":"","overlay-color":"","overlay-opacity":"","overlay-gradient":""},"tablet":{"background-color":"var(--ast-global-color-5)","background-image":"","background-repeat":"repeat","background-position":"center center","background-size":"auto","background-attachment":"scroll","background-type":"","background-media":"","overlay-type":"","overlay-color":"","overlay-opacity":"","overlay-gradient":""},"mobile":{"background-color":"var(--ast-global-color-5)","background-image":"","background-repeat":"repeat","background-position":"center center","background-size":"auto","background-attachment":"scroll","background-type":"","background-media":"","overlay-type":"","overlay-color":"","overlay-opacity":"","overlay-gradient":""}},"footnotes":""},"class_list":["post-395","page","type-page","status-publish","hentry"],"_links":{"self":[{"href":"https:\/\/www.machinerybearings.com\/pl\/wp-json\/wp\/v2\/pages\/395","targetHints":{"allow":["GET"]}}],"collection":[{"href":"https:\/\/www.machinerybearings.com\/pl\/wp-json\/wp\/v2\/pages"}],"about":[{"href":"https:\/\/www.machinerybearings.com\/pl\/wp-json\/wp\/v2\/types\/page"}],"author":[{"embeddable":true,"href":"https:\/\/www.machinerybearings.com\/pl\/wp-json\/wp\/v2\/users\/1"}],"replies":[{"embeddable":true,"href":"https:\/\/www.machinerybearings.com\/pl\/wp-json\/wp\/v2\/comments?post=395"}],"version-history":[{"count":9,"href":"https:\/\/www.machinerybearings.com\/pl\/wp-json\/wp\/v2\/pages\/395\/revisions"}],"predecessor-version":[{"id":2492,"href":"https:\/\/www.machinerybearings.com\/pl\/wp-json\/wp\/v2\/pages\/395\/revisions\/2492"}],"wp:attachment":[{"href":"https:\/\/www.machinerybearings.com\/pl\/wp-json\/wp\/v2\/media?parent=395"}],"curies":[{"name":"wp","href":"https:\/\/api.w.org\/{rel}","templated":true}]}}