{"id":2368,"date":"2026-04-11T15:43:17","date_gmt":"2026-04-11T15:43:17","guid":{"rendered":"https:\/\/www.machinerybearings.com\/?post_type=product&#038;p=2368"},"modified":"2026-05-03T14:19:01","modified_gmt":"2026-05-03T14:19:01","slug":"6001-deep-groove-ball-bearing-high-speed-precision-bearing-for-motors-industrial-equipment","status":"publish","type":"product","link":"https:\/\/www.machinerybearings.com\/pl\/produkt\/6001-deep-groove-ball-bearing-high-speed-precision-bearing-for-motors-industrial-equipment\/","title":{"rendered":"6001 \u0141o\u017cysko kulkowe g\u0142\u0119bokie \u2013 \u0141o\u017cysko precyzyjne o wysokiej pr\u0119dko\u015bci do silnik\u00f3w i sprz\u0119tu przemys\u0142owego"},"content":{"rendered":"<p data-start=\"397\" data-end=\"688\">Ten <strong data-start=\"401\" data-end=\"434\">6001 Deep Groove Ball Bearing<\/strong> is a compact and high-performance bearing designed for smooth rotation, low noise, and long operational life. With deep raceway grooves and precision steel balls, it is capable of supporting both radial loads and moderate axial loads in both directions.<\/p>\n<p data-start=\"690\" data-end=\"1066\">Manufactured from high-quality chrome steel, and available in stainless steel and ceramic options, the 6001 bearing offers excellent wear resistance, corrosion protection, and high-speed capability. It is available in multiple sealing configurations, including open type, metal shield (ZZ), and rubber seal (2RS), ensuring reliable performance in various working environments.<\/p>\n<p data-start=\"1068\" data-end=\"1200\">Due to its versatility and durability, the 6001 bearing is widely used in electric motors, pumps, gearboxes, and automation systems.<\/p>\n<h1 data-section-id=\"8av2ty\" data-start=\"1207\" data-end=\"1225\"><span role=\"text\"><strong data-start=\"1209\" data-end=\"1225\">Kluczowe cechy<\/strong><\/span><\/h1>\n<ul data-start=\"1227\" data-end=\"1545\">\n<li data-section-id=\"ceobeo\" data-start=\"1227\" data-end=\"1271\">High-speed performance with low friction<\/li>\n<li data-section-id=\"1mmgltn\" data-start=\"1272\" data-end=\"1330\">Compact design suitable for limited installation space<\/li>\n<li data-section-id=\"6rb5ny\" data-start=\"1331\" data-end=\"1374\">Multiple sealing options: Open, ZZ, 2RS<\/li>\n<li data-section-id=\"mzdcj0\" data-start=\"1375\" data-end=\"1412\">Low vibration and quiet operation<\/li>\n<li data-section-id=\"1dkc69x\" data-start=\"1413\" data-end=\"1456\">Long service life with high reliability<\/li>\n<li data-section-id=\"1799fsu\" data-start=\"1457\" data-end=\"1508\">Opcjonalne materia\u0142y: stal nierdzewna i ceramika<\/li>\n<li data-section-id=\"15114ml\" data-start=\"1509\" data-end=\"1545\">Odpowiednie do OEM i dostaw hurtowych<\/li>\n<\/ul>\n<h1 data-section-id=\"10k15yz\" data-start=\"1552\" data-end=\"1582\"><span role=\"text\"><strong data-start=\"1554\" data-end=\"1582\">Specyfikacje techniczne<\/strong><\/span><\/h1>\n<div class=\"TyagGW_tableContainer\">\n<div class=\"group TyagGW_tableWrapper flex flex-col-reverse w-fit\" tabindex=\"-1\">\n<table class=\"w-fit min-w-(--thread-content-width)\" data-start=\"1584\" data-end=\"1980\">\n<thead data-start=\"1584\" data-end=\"1605\">\n<tr data-start=\"1584\" data-end=\"1605\">\n<th class=\"\" data-start=\"1584\" data-end=\"1596\" data-col-size=\"sm\">Parametr<\/th>\n<th class=\"\" data-start=\"1596\" data-end=\"1605\" data-col-size=\"sm\">Warto\u015b\u0107<\/th>\n<\/tr>\n<\/thead>\n<tbody data-start=\"1626\" data-end=\"1980\">\n<tr data-start=\"1626\" data-end=\"1650\">\n<td data-start=\"1626\" data-end=\"1642\" data-col-size=\"sm\">Model \u0142o\u017cyska<\/td>\n<td data-start=\"1642\" data-end=\"1650\" data-col-size=\"sm\">6001<\/td>\n<\/tr>\n<tr data-start=\"1651\" data-end=\"1681\">\n<td data-start=\"1651\" data-end=\"1672\" data-col-size=\"sm\">\u015arednica wewn\u0119trzna (d)<\/td>\n<td data-start=\"1672\" data-end=\"1681\" data-col-size=\"sm\">12 mm<\/td>\n<\/tr>\n<tr data-start=\"1682\" data-end=\"1712\">\n<td data-start=\"1682\" data-end=\"1703\" data-col-size=\"sm\">\u015arednica zewn\u0119trzna (D)<\/td>\n<td data-start=\"1703\" data-end=\"1712\" data-col-size=\"sm\">28 mm<\/td>\n<\/tr>\n<tr data-start=\"1713\" data-end=\"1733\">\n<td data-start=\"1713\" data-end=\"1725\" data-col-size=\"sm\">Szeroko\u015b\u0107 (B)<\/td>\n<td data-start=\"1725\" data-end=\"1733\" data-col-size=\"sm\">8 mm<\/td>\n<\/tr>\n<tr data-start=\"1734\" data-end=\"1789\">\n<td data-start=\"1734\" data-end=\"1745\" data-col-size=\"sm\">Materia\u0142<\/td>\n<td data-start=\"1745\" data-end=\"1789\" data-col-size=\"sm\">Stal chromowa \/ Stal nierdzewna \/ Ceramika<\/td>\n<\/tr>\n<tr data-start=\"1790\" data-end=\"1823\">\n<td data-start=\"1790\" data-end=\"1806\" data-col-size=\"sm\">Materia\u0142 kosza<\/td>\n<td data-col-size=\"sm\" data-start=\"1806\" data-end=\"1823\">Stal \/ Nylon<\/td>\n<\/tr>\n<tr data-start=\"1824\" data-end=\"1858\">\n<td data-start=\"1824\" data-end=\"1839\" data-col-size=\"sm\">Typ uszczelnienia<\/td>\n<td data-col-size=\"sm\" data-start=\"1839\" data-end=\"1858\">Otwarty \/ ZZ \/ 2RS<\/td>\n<\/tr>\n<tr data-start=\"1859\" data-end=\"1906\">\n<td data-start=\"1859\" data-end=\"1878\" data-col-size=\"sm\">Klasa dok\u0142adno\u015bci<\/td>\n<td data-col-size=\"sm\" data-start=\"1878\" data-end=\"1906\">ABEC-1 \/ ABEC-3 \/ ABEC-5<\/td>\n<\/tr>\n<tr data-start=\"1907\" data-end=\"1937\">\n<td data-start=\"1907\" data-end=\"1921\" data-col-size=\"sm\">Smarowanie<\/td>\n<td data-col-size=\"sm\" data-start=\"1921\" data-end=\"1937\">Smar \/ Olej<\/td>\n<\/tr>\n<tr data-start=\"1938\" data-end=\"1980\">\n<td data-start=\"1938\" data-end=\"1962\" data-col-size=\"sm\">Temperatura pracy<\/td>\n<td data-col-size=\"sm\" data-start=\"1962\" data-end=\"1980\">-20\u00b0C do 120\u00b0C<\/td>\n<\/tr>\n<\/tbody>\n<\/table>\n<\/div>\n<\/div>\n<h1 data-section-id=\"1p00fbj\" data-start=\"1987\" data-end=\"2005\"><span role=\"text\"><strong data-start=\"1989\" data-end=\"2005\">Zastosowania<\/strong><\/span><\/h1>\n<p data-start=\"2007\" data-end=\"2059\">The 6001 deep groove ball bearing is widely used in:<\/p>\n<ul data-start=\"2061\" data-end=\"2222\">\n<li data-section-id=\"zp4m4p\" data-start=\"2061\" data-end=\"2100\">Electric motors and small machinery<\/li>\n<li data-section-id=\"1q8fyka\" data-start=\"2101\" data-end=\"2124\">Pumps and gearboxes<\/li>\n<li data-section-id=\"wiznod\" data-start=\"2125\" data-end=\"2149\">Household appliances<\/li>\n<li data-section-id=\"1me5um2\" data-start=\"2150\" data-end=\"2185\">Industrial automation equipment<\/li>\n<li data-section-id=\"4dlwv0\" data-start=\"2186\" data-end=\"2201\">Power tools<\/li>\n<li data-section-id=\"176s2ln\" data-start=\"2202\" data-end=\"2222\">Systemach przeno\u015bnikowych<\/li>\n<\/ul>\n<h1 data-section-id=\"zdmnob\" data-start=\"2229\" data-end=\"2248\"><span role=\"text\"><strong data-start=\"2231\" data-end=\"2248\">Dlaczego warto wybra\u0107 nas<\/strong><\/span><\/h1>\n<ul data-start=\"2250\" data-end=\"2460\">\n<li data-section-id=\"1rg4ijk\" data-start=\"2250\" data-end=\"2295\">Direct factory supply with stable quality<\/li>\n<li data-section-id=\"w8c53i\" data-start=\"2296\" data-end=\"2340\">Us\u0142ugi OEM i dostosowywania dost\u0119pne<\/li>\n<li data-section-id=\"18yrkc1\" data-start=\"2341\" data-end=\"2380\">Konkurencyjne ceny dla zam\u00f3wie\u0144 hurtowych<\/li>\n<li data-section-id=\"1x678vr\" data-start=\"2381\" data-end=\"2420\">Szybka produkcja i globalna dostawa<\/li>\n<li data-section-id=\"fn7cjc\" data-start=\"2421\" data-end=\"2460\">Strict quality inspection standards<\/li>\n<\/ul>\n<h1 data-section-id=\"1iusff4\" data-start=\"2467\" data-end=\"2476\"><span role=\"text\"><strong data-start=\"2469\" data-end=\"2476\">FAQ<\/strong><\/span><\/h1>\n<p data-start=\"2478\" data-end=\"2693\"><strong data-start=\"2478\" data-end=\"2538\">Q1: What is the difference between 6001-ZZ and 6001-2RS?<\/strong><br data-start=\"2538\" data-end=\"2541\" \/>A: 6001-ZZ features metal shields for lower friction and higher speed, while 6001-2RS uses rubber seals for better protection against dust and moisture.<\/p>\n<p data-start=\"2695\" data-end=\"2870\"><strong data-start=\"2695\" data-end=\"2760\">Q2: Can you provide stainless steel or ceramic 6001 bearings?<\/strong><br data-start=\"2760\" data-end=\"2763\" \/>A: Yes, we offer stainless steel and ceramic versions for corrosion resistance and high-speed applications.<\/p>\n<p data-start=\"2872\" data-end=\"3005\"><strong data-start=\"2872\" data-end=\"2913\">Q3: Do you support OEM customization?<\/strong><br data-start=\"2913\" data-end=\"2916\" \/>A: Yes, we support custom materials, dimensions, packaging, and branding for bulk orders.<\/p>","protected":false},"excerpt":{"rendered":"<p>Ten <strong data-start=\"401\" data-end=\"434\">6001 Deep Groove Ball Bearing<\/strong> is a compact and high-performance bearing designed for smooth rotation, low noise, and long operational life. With deep raceway grooves and precision steel balls, it is capable of supporting both radial loads and moderate axial loads in both directions.<\/p>","protected":false},"featured_media":2572,"comment_status":"open","ping_status":"closed","template":"","meta":{"site-sidebar-layout":"default","site-content-layout":"","ast-site-content-layout":"default","site-content-style":"default","site-sidebar-style":"default","ast-global-header-display":"","ast-banner-title-visibility":"","ast-main-header-display":"","ast-hfb-above-header-display":"","ast-hfb-below-header-display":"","ast-hfb-mobile-header-display":"","site-post-title":"","ast-breadcrumbs-content":"","ast-featured-img":"","footer-sml-layout":"","ast-disable-related-posts":"","theme-transparent-header-meta":"default","adv-header-id-meta":"","stick-header-meta":"default","header-above-stick-meta":"","header-main-stick-meta":"","header-below-stick-meta":"","astra-migrate-meta-layouts":"set","ast-page-background-enabled":"default","ast-page-background-meta":{"desktop":{"background-color":"","background-image":"","background-repeat":"repeat","background-position":"center center","background-size":"auto","background-attachment":"scroll","background-type":"","background-media":"","overlay-type":"","overlay-color":"","overlay-opacity":"","overlay-gradient":""},"tablet":{"background-color":"","background-image":"","background-repeat":"repeat","background-position":"center center","background-size":"auto","background-attachment":"scroll","background-type":"","background-media":"","overlay-type":"","overlay-color":"","overlay-opacity":"","overlay-gradient":""},"mobile":{"background-color":"","background-image":"","background-repeat":"repeat","background-position":"center center","background-size":"auto","background-attachment":"scroll","background-type":"","background-media":"","overlay-type":"","overlay-color":"","overlay-opacity":"","overlay-gradient":""}},"ast-content-background-meta":{"desktop":{"background-color":"var(--ast-global-color-5)","background-image":"","background-repeat":"repeat","background-position":"center center","background-size":"auto","background-attachment":"scroll","background-type":"","background-media":"","overlay-type":"","overlay-color":"","overlay-opacity":"","overlay-gradient":""},"tablet":{"background-color":"var(--ast-global-color-5)","background-image":"","background-repeat":"repeat","background-position":"center center","background-size":"auto","background-attachment":"scroll","background-type":"","background-media":"","overlay-type":"","overlay-color":"","overlay-opacity":"","overlay-gradient":""},"mobile":{"background-color":"var(--ast-global-color-5)","background-image":"","background-repeat":"repeat","background-position":"center center","background-size":"auto","background-attachment":"scroll","background-type":"","background-media":"","overlay-type":"","overlay-color":"","overlay-opacity":"","overlay-gradient":""}}},"product_brand":[],"product_cat":[15],"product_tag":[44,42,43,46,33,39,45,38,47,37],"class_list":{"0":"post-2368","1":"product","2":"type-product","3":"status-publish","4":"has-post-thumbnail","6":"product_cat-deep-groove-ball-bearings","7":"product_tag-6001-2rs-bearing","8":"product_tag-6001-bearing","9":"product_tag-6001-zz-bearing","10":"product_tag-bearing-supplier","11":"product_tag-deep-groove-ball-bearing","12":"product_tag-high-speed-bearing","13":"product_tag-industrial-bearing","14":"product_tag-motor-bearing","15":"product_tag-oem-bearing-manufacturer","16":"product_tag-small-ball-bearing","17":"desktop-align-left","18":"tablet-align-left","19":"mobile-align-left","20":"ast-product-gallery-layout-horizontal-slider","21":"ast-product-gallery-with-no-image","22":"ast-product-tabs-layout-horizontal","24":"first","25":"instock","26":"shipping-taxable","27":"product-type-simple"},"_links":{"self":[{"href":"https:\/\/www.machinerybearings.com\/pl\/wp-json\/wp\/v2\/product\/2368","targetHints":{"allow":["GET"]}}],"collection":[{"href":"https:\/\/www.machinerybearings.com\/pl\/wp-json\/wp\/v2\/product"}],"about":[{"href":"https:\/\/www.machinerybearings.com\/pl\/wp-json\/wp\/v2\/types\/product"}],"replies":[{"embeddable":true,"href":"https:\/\/www.machinerybearings.com\/pl\/wp-json\/wp\/v2\/comments?post=2368"}],"wp:featuredmedia":[{"embeddable":true,"href":"https:\/\/www.machinerybearings.com\/pl\/wp-json\/wp\/v2\/media\/2572"}],"wp:attachment":[{"href":"https:\/\/www.machinerybearings.com\/pl\/wp-json\/wp\/v2\/media?parent=2368"}],"wp:term":[{"taxonomy":"product_brand","embeddable":true,"href":"https:\/\/www.machinerybearings.com\/pl\/wp-json\/wp\/v2\/product_brand?post=2368"},{"taxonomy":"product_cat","embeddable":true,"href":"https:\/\/www.machinerybearings.com\/pl\/wp-json\/wp\/v2\/product_cat?post=2368"},{"taxonomy":"product_tag","embeddable":true,"href":"https:\/\/www.machinerybearings.com\/pl\/wp-json\/wp\/v2\/product_tag?post=2368"}],"curies":[{"name":"wp","href":"https:\/\/api.w.org\/{rel}","templated":true}]}}