{"id":2369,"date":"2026-04-11T15:49:21","date_gmt":"2026-04-11T15:49:21","guid":{"rendered":"https:\/\/www.machinerybearings.com\/?post_type=product&#038;p=2369"},"modified":"2026-05-03T14:26:38","modified_gmt":"2026-05-03T14:26:38","slug":"6205-deep-groove-ball-bearing-high-load-high-speed-bearing-for-motors-pumps-industrial-equipment","status":"publish","type":"product","link":"https:\/\/www.machinerybearings.com\/pl\/produkt\/6205-deep-groove-ball-bearing-high-load-high-speed-bearing-for-motors-pumps-industrial-equipment\/","title":{"rendered":"\u0141o\u017cysko kulkowe g\u0142\u0119bokiego rowka 6205 \u2013 \u0142o\u017cysko o du\u017cym obci\u0105\u017ceniu i wysokiej pr\u0119dko\u015bci dla silnik\u00f3w, pomp i sprz\u0119tu przemys\u0142owego"},"content":{"rendered":"<p data-start=\"407\" data-end=\"705\">Ten <strong data-start=\"411\" data-end=\"444\">\u0141o\u017cysko kulkowe g\u0142\u0119bokiego rowka 6205<\/strong> jest powszechnie stosowanym i wszechstronnym \u0142o\u017cyskiem zaprojektowanym do du\u017cej no\u015bno\u015bci, p\u0142ynnego obrotu i d\u0142ugiej \u017cywotno\u015bci. Posiada g\u0142\u0119bokie rowki bie\u017cni i precyzyjne kulki stalowe, co pozwala na podtrzymywanie zar\u00f3wno obci\u0105\u017ce\u0144 promieniowych, jak i umiarkowanych obci\u0105\u017ce\u0144 osiowych w obu kierunkach.<\/p>\n<p data-start=\"707\" data-end=\"1070\">Wykonane z wysokiej jako\u015bci stali chromowej, dost\u0119pne w opcjach ze stali nierdzewnej i ceramicznych, \u0142o\u017cysko 6205 oferuje doskona\u0142\u0105 wytrzyma\u0142o\u015b\u0107, odporno\u015b\u0107 na zu\u017cycie i ochron\u0119 przed korozj\u0105. Jest dost\u0119pne w wielu konfiguracjach, w tym typie otwartym, os\u0142onie metalowej (ZZ) i uszczelnieniu gumowym (2RS), zapewniaj\u0105c niezawodne dzia\u0142anie w r\u00f3\u017cnych warunkach eksploatacyjnych.<\/p>\n<p data-start=\"1072\" data-end=\"1239\">Dzi\u0119ki swojej solidnej konstrukcji i mo\u017cliwo\u015bci pracy z du\u017cymi pr\u0119dko\u015bciami, \u0142o\u017cysko 6205 jest idealne do silnik\u00f3w elektrycznych, pomp, maszyn rolniczych i przemys\u0142owych system\u00f3w transmisyjnych.<\/p>\n<h1 data-section-id=\"8av2ty\" data-start=\"1246\" data-end=\"1264\"><span role=\"text\"><strong data-start=\"1248\" data-end=\"1264\">Kluczowe cechy<\/strong><\/span><\/h1>\n<ul data-start=\"1266\" data-end=\"1590\">\n<li data-section-id=\"jc024j\" data-start=\"1266\" data-end=\"1315\">Du\u017ca no\u015bno\u015b\u0107 i wydajno\u015b\u0107 przy wysokich pr\u0119dko\u015bciach<\/li>\n<li data-section-id=\"18ey2rm\" data-start=\"1316\" data-end=\"1353\">Niski wsp\u00f3\u0142czynnik tarcia i p\u0142ynna praca<\/li>\n<li data-section-id=\"11wwjkv\" data-start=\"1354\" data-end=\"1417\">Dost\u0119pne w wersji otwartej, ZZ (os\u0142ona metalowa) i 2RS (uszczelnienie gumowe)<\/li>\n<li data-section-id=\"1nj7ysv\" data-start=\"1418\" data-end=\"1465\">Trwa\u0142a konstrukcja z d\u0142ug\u0105 \u017cywotno\u015bci\u0105<\/li>\n<li data-section-id=\"rusbjz\" data-start=\"1466\" data-end=\"1501\">Niski ha\u0142as i zredukowane wibracje<\/li>\n<li data-section-id=\"1799fsu\" data-start=\"1502\" data-end=\"1553\">Opcjonalne materia\u0142y: stal nierdzewna i ceramika<\/li>\n<li data-section-id=\"15114ml\" data-start=\"1554\" data-end=\"1590\">Odpowiednie do OEM i dostaw hurtowych<\/li>\n<\/ul>\n<h1 data-section-id=\"10k15yz\" data-start=\"1597\" data-end=\"1627\"><span role=\"text\"><strong data-start=\"1599\" data-end=\"1627\">Specyfikacje techniczne<\/strong><\/span><\/h1>\n<div class=\"TyagGW_tableContainer\">\n<div class=\"group TyagGW_tableWrapper flex flex-col-reverse w-fit\" tabindex=\"-1\">\n<table class=\"w-fit min-w-(--thread-content-width)\" data-start=\"1629\" data-end=\"2026\">\n<thead data-start=\"1629\" data-end=\"1650\">\n<tr data-start=\"1629\" data-end=\"1650\">\n<th class=\"\" data-start=\"1629\" data-end=\"1641\" data-col-size=\"sm\">Parametr<\/th>\n<th class=\"\" data-start=\"1641\" data-end=\"1650\" data-col-size=\"sm\">Warto\u015b\u0107<\/th>\n<\/tr>\n<\/thead>\n<tbody data-start=\"1671\" data-end=\"2026\">\n<tr data-start=\"1671\" data-end=\"1695\">\n<td data-start=\"1671\" data-end=\"1687\" data-col-size=\"sm\">Model \u0142o\u017cyska<\/td>\n<td data-col-size=\"sm\" data-start=\"1687\" data-end=\"1695\">6205<\/td>\n<\/tr>\n<tr data-start=\"1696\" data-end=\"1726\">\n<td data-start=\"1696\" data-end=\"1717\" data-col-size=\"sm\">\u015arednica wewn\u0119trzna (d)<\/td>\n<td data-col-size=\"sm\" data-start=\"1717\" data-end=\"1726\">25 mm<\/td>\n<\/tr>\n<tr data-start=\"1727\" data-end=\"1757\">\n<td data-start=\"1727\" data-end=\"1748\" data-col-size=\"sm\">\u015arednica zewn\u0119trzna (D)<\/td>\n<td data-col-size=\"sm\" data-start=\"1748\" data-end=\"1757\">52 mm<\/td>\n<\/tr>\n<tr data-start=\"1758\" data-end=\"1779\">\n<td data-start=\"1758\" data-end=\"1770\" data-col-size=\"sm\">Szeroko\u015b\u0107 (B)<\/td>\n<td data-col-size=\"sm\" data-start=\"1770\" data-end=\"1779\">15 mm<\/td>\n<\/tr>\n<tr data-start=\"1780\" data-end=\"1835\">\n<td data-start=\"1780\" data-end=\"1791\" data-col-size=\"sm\">Materia\u0142<\/td>\n<td data-start=\"1791\" data-end=\"1835\" data-col-size=\"sm\">Stal chromowa \/ Stal nierdzewna \/ Ceramika<\/td>\n<\/tr>\n<tr data-start=\"1836\" data-end=\"1869\">\n<td data-start=\"1836\" data-end=\"1852\" data-col-size=\"sm\">Materia\u0142 kosza<\/td>\n<td data-col-size=\"sm\" data-start=\"1852\" data-end=\"1869\">Stal \/ Nylon<\/td>\n<\/tr>\n<tr data-start=\"1870\" data-end=\"1904\">\n<td data-start=\"1870\" data-end=\"1885\" data-col-size=\"sm\">Typ uszczelnienia<\/td>\n<td data-start=\"1885\" data-end=\"1904\" data-col-size=\"sm\">Otwarty \/ ZZ \/ 2RS<\/td>\n<\/tr>\n<tr data-start=\"1905\" data-end=\"1952\">\n<td data-start=\"1905\" data-end=\"1924\" data-col-size=\"sm\">Klasa dok\u0142adno\u015bci<\/td>\n<td data-start=\"1924\" data-end=\"1952\" data-col-size=\"sm\">ABEC-1 \/ ABEC-3 \/ ABEC-5<\/td>\n<\/tr>\n<tr data-start=\"1953\" data-end=\"1983\">\n<td data-start=\"1953\" data-end=\"1967\" data-col-size=\"sm\">Smarowanie<\/td>\n<td data-col-size=\"sm\" data-start=\"1967\" data-end=\"1983\">Smar \/ Olej<\/td>\n<\/tr>\n<tr data-start=\"1984\" data-end=\"2026\">\n<td data-start=\"1984\" data-end=\"2008\" data-col-size=\"sm\">Temperatura pracy<\/td>\n<td data-col-size=\"sm\" data-start=\"2008\" data-end=\"2026\">-20\u00b0C do 120\u00b0C<\/td>\n<\/tr>\n<\/tbody>\n<\/table>\n<\/div>\n<\/div>\n<h1 data-section-id=\"1p00fbj\" data-start=\"2033\" data-end=\"2051\"><span role=\"text\"><strong data-start=\"2035\" data-end=\"2051\">Zastosowania<\/strong><\/span><\/h1>\n<p data-start=\"2053\" data-end=\"2105\">\u0141o\u017cysko kulkowe g\u0142\u0119bokiego rowka 6205 jest powszechnie stosowane w:<\/p>\n<ul data-start=\"2107\" data-end=\"2281\">\n<li data-section-id=\"19ja8o\" data-start=\"2107\" data-end=\"2141\">Silnikach elektrycznych i generatorach<\/li>\n<li data-section-id=\"dl2tr4\" data-start=\"2142\" data-end=\"2167\">Pompach i spr\u0119\u017carkach<\/li>\n<li data-section-id=\"1n6ynun\" data-start=\"2168\" data-end=\"2194\">Maszynach rolniczych<\/li>\n<li data-section-id=\"15oirsh\" data-start=\"2195\" data-end=\"2233\">Skrzyniach bieg\u00f3w i systemach przeniesienia nap\u0119du<\/li>\n<li data-section-id=\"1fzl3dj\" data-start=\"2234\" data-end=\"2256\">Urz\u0105dzeniach transportowych<\/li>\n<li data-section-id=\"ho81mp\" data-start=\"2257\" data-end=\"2281\">Maszynach przemys\u0142owych<\/li>\n<\/ul>\n<h1 data-section-id=\"zdmnob\" data-start=\"2288\" data-end=\"2307\"><span role=\"text\"><strong data-start=\"2290\" data-end=\"2307\">Dlaczego warto wybra\u0107 nas<\/strong><\/span><\/h1>\n<ul data-start=\"2309\" data-end=\"2521\">\n<li data-section-id=\"1hoqfcd\" data-start=\"2309\" data-end=\"2358\">Bezpo\u015brednia dostawa z fabryki z zachowaniem sta\u0142ej jako\u015bci<\/li>\n<li data-section-id=\"1h0w0om\" data-start=\"2359\" data-end=\"2401\">Dost\u0119pne rozwi\u0105zania OEM i dostosowane<\/li>\n<li data-section-id=\"18yrkc1\" data-start=\"2402\" data-end=\"2441\">Konkurencyjne ceny dla zam\u00f3wie\u0144 hurtowych<\/li>\n<li data-section-id=\"tuyq12\" data-start=\"2442\" data-end=\"2479\">Szybka dostawa i globalna wysy\u0142ka<\/li>\n<li data-section-id=\"1warmzg\" data-start=\"2480\" data-end=\"2521\">\u015acis\u0142a kontrola jako\u015bci i inspekcja<\/li>\n<\/ul>\n<h1 data-section-id=\"1iusff4\" data-start=\"2528\" data-end=\"2537\"><span role=\"text\"><strong data-start=\"2530\" data-end=\"2537\">FAQ<\/strong><\/span><\/h1>\n<p data-start=\"2539\" data-end=\"2750\"><strong data-start=\"2539\" data-end=\"2599\">Q1: Jaka jest r\u00f3\u017cnica mi\u0119dzy 6205-ZZ a 6205-2RS?<\/strong><br data-start=\"2599\" data-end=\"2602\" \/>A: 6205-ZZ u\u017cywa metalowych os\u0142on dla wy\u017cszej pr\u0119dko\u015bci i ni\u017cszego tarcia, podczas gdy 6205-2RS u\u017cywa gumowych uszczelek dla lepszej ochrony przed kurzem i wilgoci\u0105.<\/p>\n<p data-start=\"2752\" data-end=\"2928\"><strong data-start=\"2752\" data-end=\"2816\">Q2: Czy mo\u017cesz dostarczy\u0107 \u0142o\u017cyska 6205 o wysokiej precyzji lub ceramiczne?<\/strong><br data-start=\"2816\" data-end=\"2819\" \/>A: Tak, oferujemy klasy o wysokiej precyzji, a tak\u017ce opcje hybrydowe i pe\u0142noceramiczne dla wymagaj\u0105cych zastosowa\u0144.<\/p>\n<p data-start=\"2930\" data-end=\"3084\"><strong data-start=\"2930\" data-end=\"2973\">Q3: Czy wspieracie zam\u00f3wienia OEM i hurtowe?<\/strong><br data-start=\"2973\" data-end=\"2976\" \/>A: Tak, \u015bwiadczymy us\u0142ugi OEM, w tym niestandardowe materia\u0142y, opakowania i branding dla zam\u00f3wie\u0144 o du\u017cej obj\u0119to\u015bci.<\/p>","protected":false},"excerpt":{"rendered":"<p>Ten <strong data-start=\"411\" data-end=\"444\">\u0141o\u017cysko kulkowe g\u0142\u0119bokiego rowka 6205<\/strong> jest powszechnie stosowanym i wszechstronnym \u0142o\u017cyskiem zaprojektowanym do du\u017cej no\u015bno\u015bci, p\u0142ynnego obrotu i d\u0142ugiej \u017cywotno\u015bci. Posiada g\u0142\u0119bokie rowki bie\u017cni i precyzyjne kulki stalowe, co pozwala na podtrzymywanie zar\u00f3wno obci\u0105\u017ce\u0144 promieniowych, jak i umiarkowanych obci\u0105\u017ce\u0144 osiowych w obu kierunkach.<\/p>","protected":false},"featured_media":2575,"comment_status":"open","ping_status":"closed","template":"","meta":{"site-sidebar-layout":"default","site-content-layout":"","ast-site-content-layout":"default","site-content-style":"default","site-sidebar-style":"default","ast-global-header-display":"","ast-banner-title-visibility":"","ast-main-header-display":"","ast-hfb-above-header-display":"","ast-hfb-below-header-display":"","ast-hfb-mobile-header-display":"","site-post-title":"","ast-breadcrumbs-content":"","ast-featured-img":"","footer-sml-layout":"","ast-disable-related-posts":"","theme-transparent-header-meta":"default","adv-header-id-meta":"","stick-header-meta":"default","header-above-stick-meta":"","header-main-stick-meta":"","header-below-stick-meta":"","astra-migrate-meta-layouts":"set","ast-page-background-enabled":"default","ast-page-background-meta":{"desktop":{"background-color":"","background-image":"","background-repeat":"repeat","background-position":"center center","background-size":"auto","background-attachment":"scroll","background-type":"","background-media":"","overlay-type":"","overlay-color":"","overlay-opacity":"","overlay-gradient":""},"tablet":{"background-color":"","background-image":"","background-repeat":"repeat","background-position":"center center","background-size":"auto","background-attachment":"scroll","background-type":"","background-media":"","overlay-type":"","overlay-color":"","overlay-opacity":"","overlay-gradient":""},"mobile":{"background-color":"","background-image":"","background-repeat":"repeat","background-position":"center center","background-size":"auto","background-attachment":"scroll","background-type":"","background-media":"","overlay-type":"","overlay-color":"","overlay-opacity":"","overlay-gradient":""}},"ast-content-background-meta":{"desktop":{"background-color":"var(--ast-global-color-5)","background-image":"","background-repeat":"repeat","background-position":"center center","background-size":"auto","background-attachment":"scroll","background-type":"","background-media":"","overlay-type":"","overlay-color":"","overlay-opacity":"","overlay-gradient":""},"tablet":{"background-color":"var(--ast-global-color-5)","background-image":"","background-repeat":"repeat","background-position":"center center","background-size":"auto","background-attachment":"scroll","background-type":"","background-media":"","overlay-type":"","overlay-color":"","overlay-opacity":"","overlay-gradient":""},"mobile":{"background-color":"var(--ast-global-color-5)","background-image":"","background-repeat":"repeat","background-position":"center center","background-size":"auto","background-attachment":"scroll","background-type":"","background-media":"","overlay-type":"","overlay-color":"","overlay-opacity":"","overlay-gradient":""}}},"product_brand":[],"product_cat":[15],"product_tag":[50,48,49,46,33,52,51,45,38,47],"class_list":{"0":"post-2369","1":"product","2":"type-product","3":"status-publish","4":"has-post-thumbnail","6":"product_cat-deep-groove-ball-bearings","7":"product_tag-6205-2rs-bearing","8":"product_tag-6205-bearing","9":"product_tag-6205-zz-bearing","10":"product_tag-bearing-supplier","11":"product_tag-deep-groove-ball-bearing","12":"product_tag-electric-motor-bearing","13":"product_tag-high-load-bearing","14":"product_tag-industrial-bearing","15":"product_tag-motor-bearing","16":"product_tag-oem-bearing-manufacturer","17":"desktop-align-left","18":"tablet-align-left","19":"mobile-align-left","20":"ast-product-gallery-layout-horizontal-slider","21":"ast-product-gallery-with-no-image","22":"ast-product-tabs-layout-horizontal","24":"first","25":"instock","26":"shipping-taxable","27":"product-type-simple"},"_links":{"self":[{"href":"https:\/\/www.machinerybearings.com\/pl\/wp-json\/wp\/v2\/product\/2369","targetHints":{"allow":["GET"]}}],"collection":[{"href":"https:\/\/www.machinerybearings.com\/pl\/wp-json\/wp\/v2\/product"}],"about":[{"href":"https:\/\/www.machinerybearings.com\/pl\/wp-json\/wp\/v2\/types\/product"}],"replies":[{"embeddable":true,"href":"https:\/\/www.machinerybearings.com\/pl\/wp-json\/wp\/v2\/comments?post=2369"}],"wp:featuredmedia":[{"embeddable":true,"href":"https:\/\/www.machinerybearings.com\/pl\/wp-json\/wp\/v2\/media\/2575"}],"wp:attachment":[{"href":"https:\/\/www.machinerybearings.com\/pl\/wp-json\/wp\/v2\/media?parent=2369"}],"wp:term":[{"taxonomy":"product_brand","embeddable":true,"href":"https:\/\/www.machinerybearings.com\/pl\/wp-json\/wp\/v2\/product_brand?post=2369"},{"taxonomy":"product_cat","embeddable":true,"href":"https:\/\/www.machinerybearings.com\/pl\/wp-json\/wp\/v2\/product_cat?post=2369"},{"taxonomy":"product_tag","embeddable":true,"href":"https:\/\/www.machinerybearings.com\/pl\/wp-json\/wp\/v2\/product_tag?post=2369"}],"curies":[{"name":"wp","href":"https:\/\/api.w.org\/{rel}","templated":true}]}}