{"id":2372,"date":"2026-04-11T16:12:43","date_gmt":"2026-04-11T16:12:43","guid":{"rendered":"https:\/\/www.machinerybearings.com\/?post_type=product&#038;p=2372"},"modified":"2026-05-03T06:16:02","modified_gmt":"2026-05-03T06:16:02","slug":"16010-thin-section-deep-groove-ball-bearing-lightweight-large-diameter-bearing-for-industrial-applications","status":"publish","type":"product","link":"https:\/\/www.machinerybearings.com\/pl\/produkt\/16010-thin-section-deep-groove-ball-bearing-lightweight-large-diameter-bearing-for-industrial-applications\/","title":{"rendered":"\u0141o\u017cysko kulkowe 16010 cienkowarstwowe \u2013 Lekka du\u017ca \u015brednica \u0142o\u017cyska do zastosowa\u0144 przemys\u0142owych"},"content":{"rendered":"<p data-start=\"419\" data-end=\"755\">Ten <strong data-start=\"423\" data-end=\"470\">\u0141o\u017cysko kulkowe o cienkim profilu 16010<\/strong> jest zaprojektowane do zastosowa\u0144 wymagaj\u0105cych kompaktowego przekroju po\u0142\u0105czonego z relatywnie du\u017c\u0105 \u015brednic\u0105 wewn\u0119trzn\u0105 i zewn\u0119trzn\u0105. Dzi\u0119ki smuk\u0142emu profilowi i zoptymalizowanej geometrii wewn\u0119trznej oferuje zmniejszon\u0105 wag\u0119, ni\u017cszy wsp\u00f3\u0142czynnik tarcia i efektywne wykorzystanie przestrzeni bez kompromis\u00f3w w wydajno\u015bci.<\/p>\n<p data-start=\"757\" data-end=\"1053\">Wykonane z wysokiej jako\u015bci stali chromowej, dost\u0119pne w opcjach ze stali nierdzewnej i ceramicznych, \u0142o\u017cysko 16010 zapewnia doskona\u0142\u0105 trwa\u0142o\u015b\u0107, odporno\u015b\u0107 na korozj\u0119 i p\u0142ynne dzia\u0142anie. Jego g\u0142\u0119boki projekt toru pozwala na podtrzymywanie zar\u00f3wno obci\u0105\u017ce\u0144 promieniowych, jak i lekkich obci\u0105\u017ce\u0144 osiowych w obu kierunkach.<\/p>\n<p data-start=\"1055\" data-end=\"1292\">Dost\u0119pne w wersji otwartej, z os\u0142on\u0105 metalow\u0105 (ZZ) i uszczelnionej gum\u0105 (2RS), \u0142o\u017cysko o cienkim profilu 16010 jest odpowiednie do szerokiego zakresu \u015brodowisk przemys\u0142owych, szczeg\u00f3lnie tam, gdzie oszcz\u0119dno\u015b\u0107 miejsca i lekka konstrukcja s\u0105 kluczowe.<\/p>\n<h1 data-section-id=\"8av2ty\" data-start=\"1299\" data-end=\"1317\"><span role=\"text\"><strong data-start=\"1301\" data-end=\"1317\">Kluczowe cechy<\/strong><\/span><\/h1>\n<ul data-start=\"1319\" data-end=\"1682\">\n<li data-section-id=\"1ck2v1g\" data-start=\"1319\" data-end=\"1378\">Projekt o cienkim przekroju do zastosowa\u0144 oszcz\u0119dzaj\u0105cych miejsce<\/li>\n<li data-section-id=\"1qqsaq8\" data-start=\"1379\" data-end=\"1436\">Lekka konstrukcja z redukowan\u0105 bezw\u0142adno\u015bci\u0105 obrotow\u0105<\/li>\n<li data-section-id=\"1bkzhsf\" data-start=\"1437\" data-end=\"1474\">P\u0142ynne i niskotarciowe dzia\u0142anie<\/li>\n<li data-section-id=\"46y8gf\" data-start=\"1475\" data-end=\"1522\">Wspiera obci\u0105\u017cenia promieniowe i lekkie obci\u0105\u017cenia osiowe<\/li>\n<li data-section-id=\"97kjp5\" data-start=\"1523\" data-end=\"1572\">Dost\u0119pne w konfiguracjach Open, ZZ i 2RS<\/li>\n<li data-section-id=\"1799fsu\" data-start=\"1573\" data-end=\"1624\">Opcjonalne materia\u0142y: stal nierdzewna i ceramika<\/li>\n<li data-section-id=\"mm83ej\" data-start=\"1625\" data-end=\"1682\">Odpowiednie do sprz\u0119tu precyzyjnego i zastosowa\u0144 OEM<\/li>\n<\/ul>\n<h1 data-section-id=\"10k15yz\" data-start=\"1689\" data-end=\"1719\"><span role=\"text\"><strong data-start=\"1691\" data-end=\"1719\">Specyfikacje techniczne<\/strong><\/span><\/h1>\n<div class=\"TyagGW_tableContainer\">\n<div class=\"group TyagGW_tableWrapper flex flex-col-reverse w-fit\" tabindex=\"-1\">\n<table class=\"w-fit min-w-(--thread-content-width)\" data-start=\"1721\" data-end=\"2119\">\n<thead data-start=\"1721\" data-end=\"1742\">\n<tr data-start=\"1721\" data-end=\"1742\">\n<th class=\"\" data-start=\"1721\" data-end=\"1733\" data-col-size=\"sm\">Parametr<\/th>\n<th class=\"\" data-start=\"1733\" data-end=\"1742\" data-col-size=\"sm\">Warto\u015b\u0107<\/th>\n<\/tr>\n<\/thead>\n<tbody data-start=\"1763\" data-end=\"2119\">\n<tr data-start=\"1763\" data-end=\"1788\">\n<td data-start=\"1763\" data-end=\"1779\" data-col-size=\"sm\">Model \u0142o\u017cyska<\/td>\n<td data-start=\"1779\" data-end=\"1788\" data-col-size=\"sm\">16010<\/td>\n<\/tr>\n<tr data-start=\"1789\" data-end=\"1819\">\n<td data-start=\"1789\" data-end=\"1810\" data-col-size=\"sm\">\u015arednica wewn\u0119trzna (d)<\/td>\n<td data-start=\"1810\" data-end=\"1819\" data-col-size=\"sm\">50 mm<\/td>\n<\/tr>\n<tr data-start=\"1820\" data-end=\"1850\">\n<td data-start=\"1820\" data-end=\"1841\" data-col-size=\"sm\">\u015arednica zewn\u0119trzna (D)<\/td>\n<td data-col-size=\"sm\" data-start=\"1841\" data-end=\"1850\">80 mm<\/td>\n<\/tr>\n<tr data-start=\"1851\" data-end=\"1872\">\n<td data-start=\"1851\" data-end=\"1863\" data-col-size=\"sm\">Szeroko\u015b\u0107 (B)<\/td>\n<td data-col-size=\"sm\" data-start=\"1863\" data-end=\"1872\">10 mm<\/td>\n<\/tr>\n<tr data-start=\"1873\" data-end=\"1928\">\n<td data-start=\"1873\" data-end=\"1884\" data-col-size=\"sm\">Materia\u0142<\/td>\n<td data-col-size=\"sm\" data-start=\"1884\" data-end=\"1928\">Stal chromowa \/ Stal nierdzewna \/ Ceramika<\/td>\n<\/tr>\n<tr data-start=\"1929\" data-end=\"1962\">\n<td data-start=\"1929\" data-end=\"1945\" data-col-size=\"sm\">Materia\u0142 kosza<\/td>\n<td data-col-size=\"sm\" data-start=\"1945\" data-end=\"1962\">Stal \/ Nylon<\/td>\n<\/tr>\n<tr data-start=\"1963\" data-end=\"1997\">\n<td data-start=\"1963\" data-end=\"1978\" data-col-size=\"sm\">Typ uszczelnienia<\/td>\n<td data-start=\"1978\" data-end=\"1997\" data-col-size=\"sm\">Otwarty \/ ZZ \/ 2RS<\/td>\n<\/tr>\n<tr data-start=\"1998\" data-end=\"2045\">\n<td data-start=\"1998\" data-end=\"2017\" data-col-size=\"sm\">Klasa dok\u0142adno\u015bci<\/td>\n<td data-col-size=\"sm\" data-start=\"2017\" data-end=\"2045\">ABEC-1 \/ ABEC-3 \/ ABEC-5<\/td>\n<\/tr>\n<tr data-start=\"2046\" data-end=\"2076\">\n<td data-start=\"2046\" data-end=\"2060\" data-col-size=\"sm\">Smarowanie<\/td>\n<td data-col-size=\"sm\" data-start=\"2060\" data-end=\"2076\">Smar \/ Olej<\/td>\n<\/tr>\n<tr data-start=\"2077\" data-end=\"2119\">\n<td data-start=\"2077\" data-end=\"2101\" data-col-size=\"sm\">Temperatura pracy<\/td>\n<td data-col-size=\"sm\" data-start=\"2101\" data-end=\"2119\">-20\u00b0C do 120\u00b0C<\/td>\n<\/tr>\n<\/tbody>\n<\/table>\n<\/div>\n<\/div>\n<h1 data-section-id=\"1p00fbj\" data-start=\"2126\" data-end=\"2144\"><span role=\"text\"><strong data-start=\"2128\" data-end=\"2144\">Zastosowania<\/strong><\/span><\/h1>\n<p data-start=\"2146\" data-end=\"2200\">\u0141o\u017cysko kulkowe o cienkim profilu 16010 jest szeroko stosowane w:<\/p>\n<ul data-start=\"2202\" data-end=\"2400\">\n<li data-section-id=\"atmlbz\" data-start=\"2202\" data-end=\"2238\">Lekkich maszynach przemys\u0142owych<\/li>\n<li data-section-id=\"1q02707\" data-start=\"2239\" data-end=\"2274\">Systemach robotyki i automatyzacji<\/li>\n<li data-section-id=\"kh47jd\" data-start=\"2275\" data-end=\"2296\">Sprz\u0119cie medycznym<\/li>\n<li data-section-id=\"1tqjc7s\" data-start=\"2297\" data-end=\"2322\">Instrumentach precyzyjnych<\/li>\n<li data-section-id=\"1170ol2\" data-start=\"2323\" data-end=\"2360\">Systemach przeno\u015bnik\u00f3w i transmisji<\/li>\n<li data-section-id=\"pjwe9y\" data-start=\"2361\" data-end=\"2400\">Zestawach mechanicznych o ograniczonej przestrzeni<\/li>\n<\/ul>\n<h1 data-section-id=\"zdmnob\" data-start=\"2407\" data-end=\"2426\"><span role=\"text\"><strong data-start=\"2409\" data-end=\"2426\">Dlaczego warto wybra\u0107 nas<\/strong><\/span><\/h1>\n<ul data-start=\"2428\" data-end=\"2639\">\n<li data-section-id=\"xx8vmd\" data-start=\"2428\" data-end=\"2475\">Bezpo\u015bredniej dostawie z fabryki z niezawodn\u0105 jako\u015bci\u0105<\/li>\n<li data-section-id=\"ary9wy\" data-start=\"2476\" data-end=\"2520\">Us\u0142ugi projektowania OEM i na zam\u00f3wienie dost\u0119pne<\/li>\n<li data-section-id=\"18yrkc1\" data-start=\"2521\" data-end=\"2560\">Konkurencyjne ceny dla zam\u00f3wie\u0144 hurtowych<\/li>\n<li data-section-id=\"1x678vr\" data-start=\"2561\" data-end=\"2600\">Szybka produkcja i globalna dostawa<\/li>\n<li data-section-id=\"1oidmxg\" data-start=\"2601\" data-end=\"2639\">\u015acis\u0142a kontrola jako\u015bci i testowanie<\/li>\n<\/ul>\n<h1 data-section-id=\"1iusff4\" data-start=\"2646\" data-end=\"2655\"><span role=\"text\"><strong data-start=\"2648\" data-end=\"2655\">FAQ<\/strong><\/span><\/h1>\n<p data-start=\"2657\" data-end=\"2876\"><strong data-start=\"2657\" data-end=\"2731\">Q1: Co sprawia, \u017ce \u0142o\u017cyska o cienkim profilu r\u00f3\u017cni\u0105 si\u0119 od standardowych \u0142o\u017cysk?<\/strong><br data-start=\"2731\" data-end=\"2734\" \/>A: \u0141o\u017cyska o cienkim profilu maj\u0105 zmniejszony przekr\u00f3j, co pozwala na l\u017cejsz\u0105 wag\u0119 i oszcz\u0119dno\u015b\u0107 miejsca przy zachowaniu dobrej wydajno\u015bci.<\/p>\n<p data-start=\"2878\" data-end=\"3062\"><strong data-start=\"2878\" data-end=\"2947\">Q2: Czy mo\u017cesz dostarczy\u0107 wersje ze stali nierdzewnej lub ceramiki 16010?<\/strong><br data-start=\"2947\" data-end=\"2950\" \/>A: Tak, oferujemy opcje ze stali nierdzewnej i ceramiki dla odporno\u015bci na korozj\u0119 i zastosowa\u0144 o wysokiej wydajno\u015bci.<\/p>\n<p data-start=\"3064\" data-end=\"3201\"><strong data-start=\"3064\" data-end=\"3116\">Q3: Czy wspieracie dostosowywanie i zam\u00f3wienia OEM?<\/strong><br data-start=\"3116\" data-end=\"3119\" \/>A: Tak, wspieramy dostosowane wymiary, materia\u0142y i branding dla zam\u00f3wie\u0144 hurtowych.<\/p>","protected":false},"excerpt":{"rendered":"<p>Ten <strong data-start=\"423\" data-end=\"470\">\u0141o\u017cysko kulkowe o cienkim profilu 16010<\/strong> jest zaprojektowane do zastosowa\u0144 wymagaj\u0105cych kompaktowego przekroju po\u0142\u0105czonego z relatywnie du\u017c\u0105 \u015brednic\u0105 wewn\u0119trzn\u0105 i zewn\u0119trzn\u0105. Dzi\u0119ki smuk\u0142emu profilowi i zoptymalizowanej geometrii wewn\u0119trznej oferuje zmniejszon\u0105 wag\u0119, ni\u017cszy wsp\u00f3\u0142czynnik tarcia i efektywne wykorzystanie przestrzeni bez kompromis\u00f3w w wydajno\u015bci.<\/p>","protected":false},"featured_media":2542,"comment_status":"open","ping_status":"closed","template":"","meta":{"site-sidebar-layout":"default","site-content-layout":"","ast-site-content-layout":"default","site-content-style":"default","site-sidebar-style":"default","ast-global-header-display":"","ast-banner-title-visibility":"","ast-main-header-display":"","ast-hfb-above-header-display":"","ast-hfb-below-header-display":"","ast-hfb-mobile-header-display":"","site-post-title":"","ast-breadcrumbs-content":"","ast-featured-img":"","footer-sml-layout":"","ast-disable-related-posts":"","theme-transparent-header-meta":"default","adv-header-id-meta":"","stick-header-meta":"default","header-above-stick-meta":"","header-main-stick-meta":"","header-below-stick-meta":"","astra-migrate-meta-layouts":"set","ast-page-background-enabled":"default","ast-page-background-meta":{"desktop":{"background-color":"","background-image":"","background-repeat":"repeat","background-position":"center center","background-size":"auto","background-attachment":"scroll","background-type":"","background-media":"","overlay-type":"","overlay-color":"","overlay-opacity":"","overlay-gradient":""},"tablet":{"background-color":"","background-image":"","background-repeat":"repeat","background-position":"center center","background-size":"auto","background-attachment":"scroll","background-type":"","background-media":"","overlay-type":"","overlay-color":"","overlay-opacity":"","overlay-gradient":""},"mobile":{"background-color":"","background-image":"","background-repeat":"repeat","background-position":"center center","background-size":"auto","background-attachment":"scroll","background-type":"","background-media":"","overlay-type":"","overlay-color":"","overlay-opacity":"","overlay-gradient":""}},"ast-content-background-meta":{"desktop":{"background-color":"var(--ast-global-color-5)","background-image":"","background-repeat":"repeat","background-position":"center center","background-size":"auto","background-attachment":"scroll","background-type":"","background-media":"","overlay-type":"","overlay-color":"","overlay-opacity":"","overlay-gradient":""},"tablet":{"background-color":"var(--ast-global-color-5)","background-image":"","background-repeat":"repeat","background-position":"center center","background-size":"auto","background-attachment":"scroll","background-type":"","background-media":"","overlay-type":"","overlay-color":"","overlay-opacity":"","overlay-gradient":""},"mobile":{"background-color":"var(--ast-global-color-5)","background-image":"","background-repeat":"repeat","background-position":"center center","background-size":"auto","background-attachment":"scroll","background-type":"","background-media":"","overlay-type":"","overlay-color":"","overlay-opacity":"","overlay-gradient":""}}},"product_brand":[],"product_cat":[15],"product_tag":[58,46,33,45,62,61,47,63,60,59],"class_list":{"0":"post-2372","1":"product","2":"type-product","3":"status-publish","4":"has-post-thumbnail","6":"product_cat-deep-groove-ball-bearings","7":"product_tag-16010-bearing","8":"product_tag-bearing-supplier","9":"product_tag-deep-groove-ball-bearing","10":"product_tag-industrial-bearing","11":"product_tag-large-diameter-bearing","12":"product_tag-lightweight-bearing","13":"product_tag-oem-bearing-manufacturer","14":"product_tag-precision-bearing","15":"product_tag-slim-bearing","16":"product_tag-thin-section-ball-bearing","17":"desktop-align-left","18":"tablet-align-left","19":"mobile-align-left","20":"ast-product-gallery-layout-horizontal-slider","21":"ast-product-gallery-with-no-image","22":"ast-product-tabs-layout-horizontal","24":"first","25":"instock","26":"shipping-taxable","27":"product-type-simple"},"_links":{"self":[{"href":"https:\/\/www.machinerybearings.com\/pl\/wp-json\/wp\/v2\/product\/2372","targetHints":{"allow":["GET"]}}],"collection":[{"href":"https:\/\/www.machinerybearings.com\/pl\/wp-json\/wp\/v2\/product"}],"about":[{"href":"https:\/\/www.machinerybearings.com\/pl\/wp-json\/wp\/v2\/types\/product"}],"replies":[{"embeddable":true,"href":"https:\/\/www.machinerybearings.com\/pl\/wp-json\/wp\/v2\/comments?post=2372"}],"wp:featuredmedia":[{"embeddable":true,"href":"https:\/\/www.machinerybearings.com\/pl\/wp-json\/wp\/v2\/media\/2542"}],"wp:attachment":[{"href":"https:\/\/www.machinerybearings.com\/pl\/wp-json\/wp\/v2\/media?parent=2372"}],"wp:term":[{"taxonomy":"product_brand","embeddable":true,"href":"https:\/\/www.machinerybearings.com\/pl\/wp-json\/wp\/v2\/product_brand?post=2372"},{"taxonomy":"product_cat","embeddable":true,"href":"https:\/\/www.machinerybearings.com\/pl\/wp-json\/wp\/v2\/product_cat?post=2372"},{"taxonomy":"product_tag","embeddable":true,"href":"https:\/\/www.machinerybearings.com\/pl\/wp-json\/wp\/v2\/product_tag?post=2372"}],"curies":[{"name":"wp","href":"https:\/\/api.w.org\/{rel}","templated":true}]}}