{"id":2407,"date":"2026-04-12T14:42:53","date_gmt":"2026-04-12T14:42:53","guid":{"rendered":"https:\/\/www.machinerybearings.com\/?post_type=product&#038;p=2407"},"modified":"2026-05-04T12:56:11","modified_gmt":"2026-05-04T12:56:11","slug":"nup2208-cylindrical-roller-bearing-high-load-precision-bearing-for-industrial-gearboxes-machinery","status":"publish","type":"product","link":"https:\/\/www.machinerybearings.com\/pl\/produkt\/nup2208-cylindrical-roller-bearing-high-load-precision-bearing-for-industrial-gearboxes-machinery\/","title":{"rendered":"NUP2208 \u0141o\u017cysko walcowe \u2013 \u0141o\u017cysko precyzyjne o du\u017cym obci\u0105\u017ceniu do przek\u0142adni przemys\u0142owych i maszyn"},"content":{"rendered":"<p data-start=\"402\" data-end=\"768\">Ten <strong data-start=\"406\" data-end=\"444\">NUP2208 Cylindrical Roller Bearing<\/strong> is a high-performance bearing designed to support heavy radial loads while also accommodating limited axial loads in both directions. Its NUP-type structure features fixed ribs on both sides of the inner ring and a loose rib on the outer ring, combined with a separate loose thrust ring, allowing precise axial positioning.<\/p>\n<p data-start=\"770\" data-end=\"1120\">Manufactured from premium chrome steel and available in stainless steel and special material options, the NUP2208 bearing delivers excellent rigidity, low friction, and stable performance under demanding industrial conditions. It is widely used in gearboxes, motors, and heavy machinery requiring reliable load support and accurate shaft positioning.<\/p>\n<p data-start=\"1122\" data-end=\"1283\">With its separable design, the NUP2208 bearing is easy to install, maintain, and inspect, making it ideal for continuous operation in harsh working environments.<\/p>\n<h1 data-section-id=\"8av2ty\" data-start=\"1290\" data-end=\"1308\"><span role=\"text\"><strong data-start=\"1292\" data-end=\"1308\">Kluczowe cechy<\/strong><\/span><\/h1>\n<ul data-start=\"1310\" data-end=\"1686\">\n<li data-section-id=\"q13978\" data-start=\"1310\" data-end=\"1372\">High radial load capacity with bidirectional axial support<\/li>\n<li data-section-id=\"gri0tg\" data-start=\"1373\" data-end=\"1435\">NUP-type design with locating ribs and loose rib structure<\/li>\n<li data-section-id=\"1xrcu5l\" data-start=\"1436\" data-end=\"1485\">Includes loose rib ring for axial positioning<\/li>\n<li data-section-id=\"1uhi5cz\" data-start=\"1486\" data-end=\"1537\">High rigidity and stable performance under load<\/li>\n<li data-section-id=\"18ey2rm\" data-start=\"1538\" data-end=\"1575\">Niski wsp\u00f3\u0142czynnik tarcia i p\u0142ynna praca<\/li>\n<li data-section-id=\"f0z0ca\" data-start=\"1576\" data-end=\"1634\">Separable design for easy installation and maintenance<\/li>\n<li data-section-id=\"qd0666\" data-start=\"1635\" data-end=\"1686\">Suitable for heavy-duty industrial applications<\/li>\n<\/ul>\n<h1 data-section-id=\"10k15yz\" data-start=\"1693\" data-end=\"1723\"><span role=\"text\"><strong data-start=\"1695\" data-end=\"1723\">Specyfikacje techniczne<\/strong><\/span><\/h1>\n<div class=\"TyagGW_tableContainer\">\n<div class=\"group TyagGW_tableWrapper flex flex-col-reverse w-fit\" tabindex=\"-1\">\n<table class=\"w-fit min-w-(--thread-content-width)\" data-start=\"1725\" data-end=\"2133\">\n<thead data-start=\"1725\" data-end=\"1746\">\n<tr data-start=\"1725\" data-end=\"1746\">\n<th class=\"\" data-start=\"1725\" data-end=\"1737\" data-col-size=\"sm\">Parametr<\/th>\n<th class=\"\" data-start=\"1737\" data-end=\"1746\" data-col-size=\"sm\">Warto\u015b\u0107<\/th>\n<\/tr>\n<\/thead>\n<tbody data-start=\"1767\" data-end=\"2133\">\n<tr data-start=\"1767\" data-end=\"1794\">\n<td data-start=\"1767\" data-end=\"1783\" data-col-size=\"sm\">Model \u0142o\u017cyska<\/td>\n<td data-start=\"1783\" data-end=\"1794\" data-col-size=\"sm\">NUP2208<\/td>\n<\/tr>\n<tr data-start=\"1795\" data-end=\"1825\">\n<td data-start=\"1795\" data-end=\"1816\" data-col-size=\"sm\">\u015arednica wewn\u0119trzna (d)<\/td>\n<td data-start=\"1816\" data-end=\"1825\" data-col-size=\"sm\">40 mm<\/td>\n<\/tr>\n<tr data-start=\"1826\" data-end=\"1856\">\n<td data-start=\"1826\" data-end=\"1847\" data-col-size=\"sm\">\u015arednica zewn\u0119trzna (D)<\/td>\n<td data-start=\"1847\" data-end=\"1856\" data-col-size=\"sm\">80 mm<\/td>\n<\/tr>\n<tr data-start=\"1857\" data-end=\"1878\">\n<td data-start=\"1857\" data-end=\"1869\" data-col-size=\"sm\">Szeroko\u015b\u0107 (B)<\/td>\n<td data-start=\"1869\" data-end=\"1878\" data-col-size=\"sm\">23 mm<\/td>\n<\/tr>\n<tr data-start=\"1879\" data-end=\"1935\">\n<td data-start=\"1879\" data-end=\"1894\" data-col-size=\"sm\">Typ \u0142o\u017cyska<\/td>\n<td data-start=\"1894\" data-end=\"1935\" data-col-size=\"sm\">Cylindrical Roller Bearing (NUP Type)<\/td>\n<\/tr>\n<tr data-start=\"1936\" data-end=\"1981\">\n<td data-start=\"1936\" data-end=\"1947\" data-col-size=\"sm\">Materia\u0142<\/td>\n<td data-start=\"1947\" data-end=\"1981\" data-col-size=\"sm\">Stal chromowa \/ Stal nierdzewna<\/td>\n<\/tr>\n<tr data-start=\"1982\" data-end=\"2023\">\n<td data-start=\"1982\" data-end=\"1998\" data-col-size=\"sm\">Materia\u0142 kosza<\/td>\n<td data-start=\"1998\" data-end=\"2023\" data-col-size=\"sm\">Stal \/ Mosi\u0105dz \/ Nylon<\/td>\n<\/tr>\n<tr data-start=\"2024\" data-end=\"2054\">\n<td data-start=\"2024\" data-end=\"2038\" data-col-size=\"sm\">Smarowanie<\/td>\n<td data-start=\"2038\" data-end=\"2054\" data-col-size=\"sm\">Smar \/ Olej<\/td>\n<\/tr>\n<tr data-start=\"2055\" data-end=\"2090\">\n<td data-start=\"2055\" data-end=\"2074\" data-col-size=\"sm\">Klasa dok\u0142adno\u015bci<\/td>\n<td data-start=\"2074\" data-end=\"2090\" data-col-size=\"sm\">P0 \/ P6 \/ P5<\/td>\n<\/tr>\n<tr data-start=\"2091\" data-end=\"2133\">\n<td data-start=\"2091\" data-end=\"2115\" data-col-size=\"sm\">Temperatura pracy<\/td>\n<td data-col-size=\"sm\" data-start=\"2115\" data-end=\"2133\">-20\u00b0C do 120\u00b0C<\/td>\n<\/tr>\n<\/tbody>\n<\/table>\n<\/div>\n<\/div>\n<h1 data-section-id=\"1p00fbj\" data-start=\"2140\" data-end=\"2158\"><span role=\"text\"><strong data-start=\"2142\" data-end=\"2158\">Zastosowania<\/strong><\/span><\/h1>\n<p data-start=\"2160\" data-end=\"2217\">The NUP2208 cylindrical roller bearing is widely used in:<\/p>\n<ul data-start=\"2219\" data-end=\"2420\">\n<li data-section-id=\"942l0d\" data-start=\"2219\" data-end=\"2243\">Przek\u0142adniach przemys\u0142owych<\/li>\n<li data-section-id=\"1qq25ir\" data-start=\"2244\" data-end=\"2271\">Heavy machinery systems<\/li>\n<li data-section-id=\"19ja8o\" data-start=\"2272\" data-end=\"2306\">Silnikach elektrycznych i generatorach<\/li>\n<li data-section-id=\"i7ylry\" data-start=\"2307\" data-end=\"2344\">Sprz\u0119cie g\u00f3rniczym i budowlanym<\/li>\n<li data-section-id=\"1170ol2\" data-start=\"2345\" data-end=\"2382\">Systemach przeno\u015bnik\u00f3w i transmisji<\/li>\n<li data-section-id=\"1h4j3k2\" data-start=\"2383\" data-end=\"2420\">Steel and manufacturing equipment<\/li>\n<\/ul>\n<h1 data-section-id=\"zdmnob\" data-start=\"2427\" data-end=\"2446\"><span role=\"text\"><strong data-start=\"2429\" data-end=\"2446\">Dlaczego warto wybra\u0107 nas<\/strong><\/span><\/h1>\n<ul data-start=\"2448\" data-end=\"2694\">\n<li data-section-id=\"19q7jog\" data-start=\"2448\" data-end=\"2493\">Factory direct supply with stable quality<\/li>\n<li data-section-id=\"rezg8o\" data-start=\"2494\" data-end=\"2542\">OEM and custom engineering support available<\/li>\n<li data-section-id=\"1irlpvz\" data-start=\"2543\" data-end=\"2598\">Strong capability for heavy-load bearing production<\/li>\n<li data-section-id=\"1dexhew\" data-start=\"2599\" data-end=\"2645\">Fast global delivery and logistics support<\/li>\n<li data-section-id=\"1kx8zsp\" data-start=\"2646\" data-end=\"2694\">\u015acis\u0142y system inspekcji i kontroli jako\u015bci<\/li>\n<\/ul>\n<h1 data-section-id=\"1iusff4\" data-start=\"2701\" data-end=\"2710\"><span role=\"text\"><strong data-start=\"2703\" data-end=\"2710\">FAQ<\/strong><\/span><\/h1>\n<p data-start=\"2712\" data-end=\"2945\"><strong data-start=\"2712\" data-end=\"2774\">Q1: What is the difference between NUP and NJ\/NU bearings?<\/strong><br data-start=\"2774\" data-end=\"2777\" \/>A: NUP bearings can support axial loads in both directions and provide axial location, while NU mainly supports radial load and NJ supports axial load in one direction.<\/p>\n<p data-start=\"2947\" data-end=\"3105\"><strong data-start=\"2947\" data-end=\"3000\">Q2: Is NUP2208 suitable for heavy-duty machinery?<\/strong><br data-start=\"3000\" data-end=\"3003\" \/>A: Yes, it is designed for high radial loads and precise shaft positioning in industrial applications.<\/p>\n<p data-start=\"3107\" data-end=\"3270\"><strong data-start=\"3107\" data-end=\"3167\">Q3: Do you offer stainless steel or customized versions?<\/strong><br data-start=\"3167\" data-end=\"3170\" \/>A: Yes, stainless steel and custom material options are available based on application requirements.<\/p>","protected":false},"excerpt":{"rendered":"<p>Ten <strong data-start=\"406\" data-end=\"444\">NUP2208 Cylindrical Roller Bearing<\/strong> is a high-performance bearing designed to support heavy radial loads while also accommodating limited axial loads in both directions. Its NUP-type structure features fixed ribs on both sides of the inner ring and a loose rib on the outer ring, combined with a separate loose thrust ring, allowing precise axial positioning.<\/p>","protected":false},"featured_media":2593,"comment_status":"open","ping_status":"closed","template":"","meta":{"site-sidebar-layout":"default","site-content-layout":"","ast-site-content-layout":"default","site-content-style":"default","site-sidebar-style":"default","ast-global-header-display":"","ast-banner-title-visibility":"","ast-main-header-display":"","ast-hfb-above-header-display":"","ast-hfb-below-header-display":"","ast-hfb-mobile-header-display":"","site-post-title":"","ast-breadcrumbs-content":"","ast-featured-img":"","footer-sml-layout":"","ast-disable-related-posts":"","theme-transparent-header-meta":"default","adv-header-id-meta":"","stick-header-meta":"default","header-above-stick-meta":"","header-main-stick-meta":"","header-below-stick-meta":"","astra-migrate-meta-layouts":"set","ast-page-background-enabled":"default","ast-page-background-meta":{"desktop":{"background-color":"","background-image":"","background-repeat":"repeat","background-position":"center center","background-size":"auto","background-attachment":"scroll","background-type":"","background-media":"","overlay-type":"","overlay-color":"","overlay-opacity":"","overlay-gradient":""},"tablet":{"background-color":"","background-image":"","background-repeat":"repeat","background-position":"center center","background-size":"auto","background-attachment":"scroll","background-type":"","background-media":"","overlay-type":"","overlay-color":"","overlay-opacity":"","overlay-gradient":""},"mobile":{"background-color":"","background-image":"","background-repeat":"repeat","background-position":"center center","background-size":"auto","background-attachment":"scroll","background-type":"","background-media":"","overlay-type":"","overlay-color":"","overlay-opacity":"","overlay-gradient":""}},"ast-content-background-meta":{"desktop":{"background-color":"var(--ast-global-color-5)","background-image":"","background-repeat":"repeat","background-position":"center center","background-size":"auto","background-attachment":"scroll","background-type":"","background-media":"","overlay-type":"","overlay-color":"","overlay-opacity":"","overlay-gradient":""},"tablet":{"background-color":"var(--ast-global-color-5)","background-image":"","background-repeat":"repeat","background-position":"center center","background-size":"auto","background-attachment":"scroll","background-type":"","background-media":"","overlay-type":"","overlay-color":"","overlay-opacity":"","overlay-gradient":""},"mobile":{"background-color":"var(--ast-global-color-5)","background-image":"","background-repeat":"repeat","background-position":"center center","background-size":"auto","background-attachment":"scroll","background-type":"","background-media":"","overlay-type":"","overlay-color":"","overlay-opacity":"","overlay-gradient":""}}},"product_brand":[],"product_cat":[25],"product_tag":[139,78,56,45,38,145,144,122,143,133],"class_list":{"0":"post-2407","1":"product","2":"type-product","3":"status-publish","4":"has-post-thumbnail","6":"product_cat-cylindrical-roller-bearings","7":"product_tag-cylindrical-roller-bearing","8":"product_tag-gearbox-bearing","9":"product_tag-heavy-duty-bearing","10":"product_tag-industrial-bearing","11":"product_tag-motor-bearing","12":"product_tag-nup-type-bearing","13":"product_tag-nup2208-bearing","14":"product_tag-oem-bearing","15":"product_tag-precision-bearing-manufacturer","16":"product_tag-roller-bearing-supplier","17":"desktop-align-left","18":"tablet-align-left","19":"mobile-align-left","20":"ast-product-gallery-layout-horizontal-slider","21":"ast-product-gallery-with-no-image","22":"ast-product-tabs-layout-horizontal","24":"first","25":"instock","26":"shipping-taxable","27":"product-type-simple"},"_links":{"self":[{"href":"https:\/\/www.machinerybearings.com\/pl\/wp-json\/wp\/v2\/product\/2407","targetHints":{"allow":["GET"]}}],"collection":[{"href":"https:\/\/www.machinerybearings.com\/pl\/wp-json\/wp\/v2\/product"}],"about":[{"href":"https:\/\/www.machinerybearings.com\/pl\/wp-json\/wp\/v2\/types\/product"}],"replies":[{"embeddable":true,"href":"https:\/\/www.machinerybearings.com\/pl\/wp-json\/wp\/v2\/comments?post=2407"}],"wp:featuredmedia":[{"embeddable":true,"href":"https:\/\/www.machinerybearings.com\/pl\/wp-json\/wp\/v2\/media\/2593"}],"wp:attachment":[{"href":"https:\/\/www.machinerybearings.com\/pl\/wp-json\/wp\/v2\/media?parent=2407"}],"wp:term":[{"taxonomy":"product_brand","embeddable":true,"href":"https:\/\/www.machinerybearings.com\/pl\/wp-json\/wp\/v2\/product_brand?post=2407"},{"taxonomy":"product_cat","embeddable":true,"href":"https:\/\/www.machinerybearings.com\/pl\/wp-json\/wp\/v2\/product_cat?post=2407"},{"taxonomy":"product_tag","embeddable":true,"href":"https:\/\/www.machinerybearings.com\/pl\/wp-json\/wp\/v2\/product_tag?post=2407"}],"curies":[{"name":"wp","href":"https:\/\/api.w.org\/{rel}","templated":true}]}}