{"id":2412,"date":"2026-04-12T14:46:24","date_gmt":"2026-04-12T14:46:24","guid":{"rendered":"https:\/\/www.machinerybearings.com\/?post_type=product&#038;p=2412"},"modified":"2026-05-04T12:49:17","modified_gmt":"2026-05-04T12:49:17","slug":"nu1010-cylindrical-roller-bearing-high-speed-precision-bearing-for-industrial-machinery","status":"publish","type":"product","link":"https:\/\/www.machinerybearings.com\/pl\/produkt\/nu1010-cylindrical-roller-bearing-high-speed-precision-bearing-for-industrial-machinery\/","title":{"rendered":"\u0141o\u017cysko walcowe NU1010 \u2013 Precyzyjne \u0142o\u017cysko o wysokiej pr\u0119dko\u015bci do maszyn przemys\u0142owych"},"content":{"rendered":"<p data-start=\"368\" data-end=\"692\">Ten <strong data-start=\"372\" data-end=\"409\">NU1010 Cylindrical Roller Bearing<\/strong> is a high-performance bearing designed for applications requiring high radial load capacity and excellent high-speed performance. Its NU-type structure allows axial displacement of the shaft in one direction, making it ideal for thermal expansion compensation in industrial systems.<\/p>\n<p data-start=\"694\" data-end=\"1002\">Manufactured from premium chrome steel and available in stainless steel and special material options, the NU1010 bearing offers high rigidity, low friction, and stable operation under continuous load conditions. Its precision engineering ensures smooth rotation, reduced vibration, and extended service life.<\/p>\n<p data-start=\"1004\" data-end=\"1214\">Thanks to its separable design, the NU1010 bearing is easy to install, inspect, and maintain, making it suitable for a wide range of industrial applications including motors, gearboxes, and precision machinery.<\/p>\n<h1 data-section-id=\"8av2ty\" data-start=\"1221\" data-end=\"1239\"><span role=\"text\"><strong data-start=\"1223\" data-end=\"1239\">Kluczowe cechy<\/strong><\/span><\/h1>\n<ul data-start=\"1241\" data-end=\"1544\">\n<li data-section-id=\"1lhs7t3\" data-start=\"1241\" data-end=\"1270\">Wysok\u0105 no\u015bno\u015b\u0107 promieniow\u0105<\/li>\n<li data-section-id=\"kmpq7n\" data-start=\"1271\" data-end=\"1308\">Suitable for high-speed operation<\/li>\n<li data-section-id=\"5joglu\" data-start=\"1309\" data-end=\"1370\">NU-type design allows axial displacement in one direction<\/li>\n<li data-section-id=\"adwkpb\" data-start=\"1371\" data-end=\"1410\">Low friction and smooth performance<\/li>\n<li data-section-id=\"1fcrrc0\" data-start=\"1411\" data-end=\"1449\">High rigidity and stable operation<\/li>\n<li data-section-id=\"12swrd7\" data-start=\"1450\" data-end=\"1495\">Separable structure for easy installation<\/li>\n<li data-section-id=\"77ge0v\" data-start=\"1496\" data-end=\"1544\">D\u0142uga \u017cywotno\u015b\u0107 w \u015brodowisku przemys\u0142owym<\/li>\n<\/ul>\n<h1 data-section-id=\"10k15yz\" data-start=\"1551\" data-end=\"1581\"><span role=\"text\"><strong data-start=\"1553\" data-end=\"1581\">Specyfikacje techniczne<\/strong><\/span><\/h1>\n<div class=\"TyagGW_tableContainer\">\n<div class=\"group TyagGW_tableWrapper flex flex-col-reverse w-fit\" tabindex=\"-1\">\n<table class=\"w-fit min-w-(--thread-content-width)\" data-start=\"1583\" data-end=\"1989\">\n<thead data-start=\"1583\" data-end=\"1604\">\n<tr data-start=\"1583\" data-end=\"1604\">\n<th class=\"\" data-start=\"1583\" data-end=\"1595\" data-col-size=\"sm\">Parametr<\/th>\n<th class=\"\" data-start=\"1595\" data-end=\"1604\" data-col-size=\"sm\">Warto\u015b\u0107<\/th>\n<\/tr>\n<\/thead>\n<tbody data-start=\"1625\" data-end=\"1989\">\n<tr data-start=\"1625\" data-end=\"1651\">\n<td data-start=\"1625\" data-end=\"1641\" data-col-size=\"sm\">Model \u0142o\u017cyska<\/td>\n<td data-start=\"1641\" data-end=\"1651\" data-col-size=\"sm\">NU1010<\/td>\n<\/tr>\n<tr data-start=\"1652\" data-end=\"1682\">\n<td data-start=\"1652\" data-end=\"1673\" data-col-size=\"sm\">\u015arednica wewn\u0119trzna (d)<\/td>\n<td data-start=\"1673\" data-end=\"1682\" data-col-size=\"sm\">50 mm<\/td>\n<\/tr>\n<tr data-start=\"1683\" data-end=\"1713\">\n<td data-start=\"1683\" data-end=\"1704\" data-col-size=\"sm\">\u015arednica zewn\u0119trzna (D)<\/td>\n<td data-start=\"1704\" data-end=\"1713\" data-col-size=\"sm\">80 mm<\/td>\n<\/tr>\n<tr data-start=\"1714\" data-end=\"1735\">\n<td data-start=\"1714\" data-end=\"1726\" data-col-size=\"sm\">Szeroko\u015b\u0107 (B)<\/td>\n<td data-start=\"1726\" data-end=\"1735\" data-col-size=\"sm\">16 mm<\/td>\n<\/tr>\n<tr data-start=\"1736\" data-end=\"1791\">\n<td data-start=\"1736\" data-end=\"1751\" data-col-size=\"sm\">Typ \u0142o\u017cyska<\/td>\n<td data-start=\"1751\" data-end=\"1791\" data-col-size=\"sm\">Cylindrical Roller Bearing (NU Type)<\/td>\n<\/tr>\n<tr data-start=\"1792\" data-end=\"1837\">\n<td data-start=\"1792\" data-end=\"1803\" data-col-size=\"sm\">Materia\u0142<\/td>\n<td data-start=\"1803\" data-end=\"1837\" data-col-size=\"sm\">Stal chromowa \/ Stal nierdzewna<\/td>\n<\/tr>\n<tr data-start=\"1838\" data-end=\"1879\">\n<td data-start=\"1838\" data-end=\"1854\" data-col-size=\"sm\">Materia\u0142 kosza<\/td>\n<td data-col-size=\"sm\" data-start=\"1854\" data-end=\"1879\">Stal \/ Mosi\u0105dz \/ Nylon<\/td>\n<\/tr>\n<tr data-start=\"1880\" data-end=\"1910\">\n<td data-start=\"1880\" data-end=\"1894\" data-col-size=\"sm\">Smarowanie<\/td>\n<td data-start=\"1894\" data-end=\"1910\" data-col-size=\"sm\">Smar \/ Olej<\/td>\n<\/tr>\n<tr data-start=\"1911\" data-end=\"1946\">\n<td data-start=\"1911\" data-end=\"1930\" data-col-size=\"sm\">Klasa dok\u0142adno\u015bci<\/td>\n<td data-start=\"1930\" data-end=\"1946\" data-col-size=\"sm\">P0 \/ P6 \/ P5<\/td>\n<\/tr>\n<tr data-start=\"1947\" data-end=\"1989\">\n<td data-start=\"1947\" data-end=\"1971\" data-col-size=\"sm\">Temperatura pracy<\/td>\n<td data-start=\"1971\" data-end=\"1989\" data-col-size=\"sm\">-20\u00b0C do 120\u00b0C<\/td>\n<\/tr>\n<\/tbody>\n<\/table>\n<\/div>\n<\/div>\n<h1 data-section-id=\"1p00fbj\" data-start=\"1996\" data-end=\"2014\"><span role=\"text\"><strong data-start=\"1998\" data-end=\"2014\">Zastosowania<\/strong><\/span><\/h1>\n<p data-start=\"2016\" data-end=\"2072\">The NU1010 cylindrical roller bearing is widely used in:<\/p>\n<ul data-start=\"2074\" data-end=\"2250\">\n<li data-section-id=\"gccqvr\" data-start=\"2074\" data-end=\"2104\">Silnikach elektrycznych o wysokiej pr\u0119dko\u015bci<\/li>\n<li data-section-id=\"15oirsh\" data-start=\"2105\" data-end=\"2143\">Skrzyniach bieg\u00f3w i systemach przeniesienia nap\u0119du<\/li>\n<li data-section-id=\"1052t9j\" data-start=\"2144\" data-end=\"2180\">Industrial pumps and compressors<\/li>\n<li data-section-id=\"1hksgdi\" data-start=\"2181\" data-end=\"2198\">Machine tools<\/li>\n<li data-section-id=\"176s2ln\" data-start=\"2199\" data-end=\"2219\">Systemach przeno\u015bnikowych<\/li>\n<li data-section-id=\"q2883m\" data-start=\"2220\" data-end=\"2250\">Ci\u0119\u017ckich maszynach przemys\u0142owych<\/li>\n<\/ul>\n<h1 data-section-id=\"zdmnob\" data-start=\"2257\" data-end=\"2276\"><span role=\"text\"><strong data-start=\"2259\" data-end=\"2276\">Dlaczego warto wybra\u0107 nas<\/strong><\/span><\/h1>\n<ul data-start=\"2278\" data-end=\"2501\">\n<li data-section-id=\"19q7jog\" data-start=\"2278\" data-end=\"2323\">Factory direct supply with stable quality<\/li>\n<li data-section-id=\"rezg8o\" data-start=\"2324\" data-end=\"2372\">OEM and custom engineering support available<\/li>\n<li data-section-id=\"12bx37f\" data-start=\"2373\" data-end=\"2427\">Strong high-speed bearing manufacturing capability<\/li>\n<li data-section-id=\"s44wzj\" data-start=\"2428\" data-end=\"2452\">Szybka globalna dostawa<\/li>\n<li data-section-id=\"1xn5vwo\" data-start=\"2453\" data-end=\"2501\">\u015acis\u0142y system kontroli jako\u015bci i testowania<\/li>\n<\/ul>\n<h1 data-section-id=\"1iusff4\" data-start=\"2508\" data-end=\"2517\"><span role=\"text\"><strong data-start=\"2510\" data-end=\"2517\">FAQ<\/strong><\/span><\/h1>\n<p data-start=\"2519\" data-end=\"2689\"><strong data-start=\"2519\" data-end=\"2582\">Q1: What makes NU1010 suitable for high-speed applications?<\/strong><br data-start=\"2582\" data-end=\"2585\" \/>A: Its cylindrical roller design reduces friction and allows stable operation at high rotational speeds.<\/p>\n<p data-start=\"2691\" data-end=\"2840\"><strong data-start=\"2691\" data-end=\"2729\">Q2: Can NU1010 support axial load?<\/strong><br data-start=\"2729\" data-end=\"2732\" \/>A: It supports radial load only and allows axial movement in one direction to accommodate thermal expansion.<\/p>\n<p data-start=\"2842\" data-end=\"2984\"><strong data-start=\"2842\" data-end=\"2902\">Q3: Do you offer stainless steel or customized versions?<\/strong><br data-start=\"2902\" data-end=\"2905\" \/>A: Yes, stainless steel and custom material options are available upon request.<\/p>","protected":false},"excerpt":{"rendered":"<p>Ten <strong data-start=\"372\" data-end=\"409\">NU1010 Cylindrical Roller Bearing<\/strong> is a high-performance bearing designed for applications requiring high radial load capacity and excellent high-speed performance. Its NU-type structure allows axial displacement of the shaft in one direction, making it ideal for thermal expansion compensation in industrial systems.<\/p>","protected":false},"featured_media":2591,"comment_status":"open","ping_status":"closed","template":"","meta":{"site-sidebar-layout":"default","site-content-layout":"","ast-site-content-layout":"default","site-content-style":"default","site-sidebar-style":"default","ast-global-header-display":"","ast-banner-title-visibility":"","ast-main-header-display":"","ast-hfb-above-header-display":"","ast-hfb-below-header-display":"","ast-hfb-mobile-header-display":"","site-post-title":"","ast-breadcrumbs-content":"","ast-featured-img":"","footer-sml-layout":"","ast-disable-related-posts":"","theme-transparent-header-meta":"default","adv-header-id-meta":"","stick-header-meta":"default","header-above-stick-meta":"","header-main-stick-meta":"","header-below-stick-meta":"","astra-migrate-meta-layouts":"set","ast-page-background-enabled":"default","ast-page-background-meta":{"desktop":{"background-color":"","background-image":"","background-repeat":"repeat","background-position":"center center","background-size":"auto","background-attachment":"scroll","background-type":"","background-media":"","overlay-type":"","overlay-color":"","overlay-opacity":"","overlay-gradient":""},"tablet":{"background-color":"","background-image":"","background-repeat":"repeat","background-position":"center center","background-size":"auto","background-attachment":"scroll","background-type":"","background-media":"","overlay-type":"","overlay-color":"","overlay-opacity":"","overlay-gradient":""},"mobile":{"background-color":"","background-image":"","background-repeat":"repeat","background-position":"center center","background-size":"auto","background-attachment":"scroll","background-type":"","background-media":"","overlay-type":"","overlay-color":"","overlay-opacity":"","overlay-gradient":""}},"ast-content-background-meta":{"desktop":{"background-color":"var(--ast-global-color-5)","background-image":"","background-repeat":"repeat","background-position":"center center","background-size":"auto","background-attachment":"scroll","background-type":"","background-media":"","overlay-type":"","overlay-color":"","overlay-opacity":"","overlay-gradient":""},"tablet":{"background-color":"var(--ast-global-color-5)","background-image":"","background-repeat":"repeat","background-position":"center center","background-size":"auto","background-attachment":"scroll","background-type":"","background-media":"","overlay-type":"","overlay-color":"","overlay-opacity":"","overlay-gradient":""},"mobile":{"background-color":"var(--ast-global-color-5)","background-image":"","background-repeat":"repeat","background-position":"center center","background-size":"auto","background-attachment":"scroll","background-type":"","background-media":"","overlay-type":"","overlay-color":"","overlay-opacity":"","overlay-gradient":""}}},"product_brand":[],"product_cat":[25],"product_tag":[139,78,39,45,38,147,146,47,63,133],"class_list":{"0":"post-2412","1":"product","2":"type-product","3":"status-publish","4":"has-post-thumbnail","6":"product_cat-cylindrical-roller-bearings","7":"product_tag-cylindrical-roller-bearing","8":"product_tag-gearbox-bearing","9":"product_tag-high-speed-bearing","10":"product_tag-industrial-bearing","11":"product_tag-motor-bearing","12":"product_tag-nu-type-bearing","13":"product_tag-nu1010-bearing","14":"product_tag-oem-bearing-manufacturer","15":"product_tag-precision-bearing","16":"product_tag-roller-bearing-supplier","17":"desktop-align-left","18":"tablet-align-left","19":"mobile-align-left","20":"ast-product-gallery-layout-horizontal-slider","21":"ast-product-gallery-with-no-image","22":"ast-product-tabs-layout-horizontal","24":"first","25":"instock","26":"shipping-taxable","27":"product-type-simple"},"_links":{"self":[{"href":"https:\/\/www.machinerybearings.com\/pl\/wp-json\/wp\/v2\/product\/2412","targetHints":{"allow":["GET"]}}],"collection":[{"href":"https:\/\/www.machinerybearings.com\/pl\/wp-json\/wp\/v2\/product"}],"about":[{"href":"https:\/\/www.machinerybearings.com\/pl\/wp-json\/wp\/v2\/types\/product"}],"replies":[{"embeddable":true,"href":"https:\/\/www.machinerybearings.com\/pl\/wp-json\/wp\/v2\/comments?post=2412"}],"wp:featuredmedia":[{"embeddable":true,"href":"https:\/\/www.machinerybearings.com\/pl\/wp-json\/wp\/v2\/media\/2591"}],"wp:attachment":[{"href":"https:\/\/www.machinerybearings.com\/pl\/wp-json\/wp\/v2\/media?parent=2412"}],"wp:term":[{"taxonomy":"product_brand","embeddable":true,"href":"https:\/\/www.machinerybearings.com\/pl\/wp-json\/wp\/v2\/product_brand?post=2412"},{"taxonomy":"product_cat","embeddable":true,"href":"https:\/\/www.machinerybearings.com\/pl\/wp-json\/wp\/v2\/product_cat?post=2412"},{"taxonomy":"product_tag","embeddable":true,"href":"https:\/\/www.machinerybearings.com\/pl\/wp-json\/wp\/v2\/product_tag?post=2412"}],"curies":[{"name":"wp","href":"https:\/\/api.w.org\/{rel}","templated":true}]}}