{"id":2414,"date":"2026-04-12T14:49:56","date_gmt":"2026-04-12T14:49:56","guid":{"rendered":"https:\/\/www.machinerybearings.com\/?post_type=product&#038;p=2414"},"modified":"2026-05-04T12:45:14","modified_gmt":"2026-05-04T12:45:14","slug":"nn3020-double-row-cylindrical-roller-bearing-high-load-precision-bearing-for-heavy-industrial-applications","status":"publish","type":"product","link":"https:\/\/www.machinerybearings.com\/pl\/produkt\/nn3020-double-row-cylindrical-roller-bearing-high-load-precision-bearing-for-heavy-industrial-applications\/","title":{"rendered":"\u0141o\u017cysko cylindryczne podw\u00f3jnego rz\u0119du NN3020 \u2013 Precyzyjne \u0142o\u017cysko o du\u017cym obci\u0105\u017ceniu do ci\u0119\u017ckich zastosowa\u0144 przemys\u0142owych"},"content":{"rendered":"<p data-start=\"414\" data-end=\"729\">Ten <strong data-start=\"418\" data-end=\"466\">NN3020 Double Row Cylindrical Roller Bearing<\/strong> is a high-capacity precision bearing designed for applications requiring extremely high radial load capacity and excellent rigidity. Its double-row structure significantly increases load performance while maintaining stable operation under heavy-duty conditions.<\/p>\n<p data-start=\"731\" data-end=\"999\">Unlike single-row bearings, the NN type features a non-locating design that allows axial displacement, making it ideal for systems where thermal expansion must be accommodated. This ensures smooth operation and reduced internal stress during continuous industrial use.<\/p>\n<p data-start=\"1001\" data-end=\"1269\">Manufactured from high-quality chrome steel and available in stainless steel or special material options, the NN3020 bearing delivers long service life, low friction, and high reliability in demanding environments such as steel production, mining, and heavy machinery.<\/p>\n<h1 data-section-id=\"8av2ty\" data-start=\"1276\" data-end=\"1294\"><span role=\"text\"><strong data-start=\"1278\" data-end=\"1294\">Kluczowe cechy<\/strong><\/span><\/h1>\n<ul data-start=\"1296\" data-end=\"1683\">\n<li data-section-id=\"1ksk214\" data-start=\"1296\" data-end=\"1372\">Double row cylindrical roller design for ultra-high radial load capacity<\/li>\n<li data-section-id=\"vg1aoj\" data-start=\"1373\" data-end=\"1431\">High rigidity and stable performance under heavy loads<\/li>\n<li data-section-id=\"ixsy7e\" data-start=\"1432\" data-end=\"1484\">Non-locating structure allows axial displacement<\/li>\n<li data-section-id=\"18ey2rm\" data-start=\"1485\" data-end=\"1522\">Niski wsp\u00f3\u0142czynnik tarcia i p\u0142ynna praca<\/li>\n<li data-section-id=\"ytmae\" data-start=\"1523\" data-end=\"1578\">Suitable for high-speed and heavy-duty applications<\/li>\n<li data-section-id=\"zv2j13\" data-start=\"1579\" data-end=\"1625\">Excellent durability and long service life<\/li>\n<li data-section-id=\"jjm1jz\" data-start=\"1626\" data-end=\"1683\">Optional stainless steel and custom material versions<\/li>\n<\/ul>\n<h1 data-section-id=\"10k15yz\" data-start=\"1690\" data-end=\"1720\"><span role=\"text\"><strong data-start=\"1692\" data-end=\"1720\">Specyfikacje techniczne<\/strong><\/span><\/h1>\n<div class=\"TyagGW_tableContainer\">\n<div class=\"group TyagGW_tableWrapper flex flex-col-reverse w-fit\" tabindex=\"-1\">\n<table class=\"w-fit min-w-(--thread-content-width)\" data-start=\"1722\" data-end=\"2133\">\n<thead data-start=\"1722\" data-end=\"1743\">\n<tr data-start=\"1722\" data-end=\"1743\">\n<th class=\"\" data-start=\"1722\" data-end=\"1734\" data-col-size=\"sm\">Parametr<\/th>\n<th class=\"\" data-start=\"1734\" data-end=\"1743\" data-col-size=\"md\">Warto\u015b\u0107<\/th>\n<\/tr>\n<\/thead>\n<tbody data-start=\"1764\" data-end=\"2133\">\n<tr data-start=\"1764\" data-end=\"1790\">\n<td data-start=\"1764\" data-end=\"1780\" data-col-size=\"sm\">Model \u0142o\u017cyska<\/td>\n<td data-col-size=\"md\" data-start=\"1780\" data-end=\"1790\">NN3020<\/td>\n<\/tr>\n<tr data-start=\"1791\" data-end=\"1822\">\n<td data-start=\"1791\" data-end=\"1812\" data-col-size=\"sm\">\u015arednica wewn\u0119trzna (d)<\/td>\n<td data-start=\"1812\" data-end=\"1822\" data-col-size=\"md\">100 mm<\/td>\n<\/tr>\n<tr data-start=\"1823\" data-end=\"1854\">\n<td data-start=\"1823\" data-end=\"1844\" data-col-size=\"sm\">\u015arednica zewn\u0119trzna (D)<\/td>\n<td data-col-size=\"md\" data-start=\"1844\" data-end=\"1854\">150 mm<\/td>\n<\/tr>\n<tr data-start=\"1855\" data-end=\"1876\">\n<td data-start=\"1855\" data-end=\"1867\" data-col-size=\"sm\">Szeroko\u015b\u0107 (B)<\/td>\n<td data-col-size=\"md\" data-start=\"1867\" data-end=\"1876\">37 mm<\/td>\n<\/tr>\n<tr data-start=\"1877\" data-end=\"1943\">\n<td data-start=\"1877\" data-end=\"1892\" data-col-size=\"sm\">Typ \u0142o\u017cyska<\/td>\n<td data-start=\"1892\" data-end=\"1943\" data-col-size=\"md\">Double Row Cylindrical Roller Bearing (NN Type)<\/td>\n<\/tr>\n<tr data-start=\"1944\" data-end=\"1989\">\n<td data-start=\"1944\" data-end=\"1955\" data-col-size=\"sm\">Materia\u0142<\/td>\n<td data-start=\"1955\" data-end=\"1989\" data-col-size=\"md\">Stal chromowa \/ Stal nierdzewna<\/td>\n<\/tr>\n<tr data-start=\"1990\" data-end=\"2023\">\n<td data-start=\"1990\" data-end=\"2006\" data-col-size=\"sm\">Materia\u0142 kosza<\/td>\n<td data-start=\"2006\" data-end=\"2023\" data-col-size=\"md\">Stal \/ Mosi\u0105dz<\/td>\n<\/tr>\n<tr data-start=\"2024\" data-end=\"2054\">\n<td data-start=\"2024\" data-end=\"2038\" data-col-size=\"sm\">Smarowanie<\/td>\n<td data-start=\"2038\" data-end=\"2054\" data-col-size=\"md\">Smar \/ Olej<\/td>\n<\/tr>\n<tr data-start=\"2055\" data-end=\"2090\">\n<td data-start=\"2055\" data-end=\"2074\" data-col-size=\"sm\">Klasa dok\u0142adno\u015bci<\/td>\n<td data-start=\"2074\" data-end=\"2090\" data-col-size=\"md\">P0 \/ P6 \/ P5<\/td>\n<\/tr>\n<tr data-start=\"2091\" data-end=\"2133\">\n<td data-start=\"2091\" data-end=\"2115\" data-col-size=\"sm\">Temperatura pracy<\/td>\n<td data-col-size=\"md\" data-start=\"2115\" data-end=\"2133\">-20\u00b0C do 120\u00b0C<\/td>\n<\/tr>\n<\/tbody>\n<\/table>\n<\/div>\n<\/div>\n<h1 data-section-id=\"1p00fbj\" data-start=\"2140\" data-end=\"2158\"><span role=\"text\"><strong data-start=\"2142\" data-end=\"2158\">Zastosowania<\/strong><\/span><\/h1>\n<p data-start=\"2160\" data-end=\"2227\">The NN3020 double row cylindrical roller bearing is widely used in:<\/p>\n<ul data-start=\"2229\" data-end=\"2430\">\n<li data-section-id=\"eqy2o9\" data-start=\"2229\" data-end=\"2252\">Steel rolling mills<\/li>\n<li data-section-id=\"ck5pr\" data-start=\"2253\" data-end=\"2288\">Heavy-duty industrial gearboxes<\/li>\n<li data-section-id=\"m4tbd8\" data-start=\"2289\" data-end=\"2309\">Mining machinery<\/li>\n<li data-section-id=\"16fhp27\" data-start=\"2310\" data-end=\"2336\">Sprz\u0119t budowlany<\/li>\n<li data-section-id=\"1ez8eoe\" data-start=\"2337\" data-end=\"2362\">Large electric motors<\/li>\n<li data-section-id=\"1ar4fa\" data-start=\"2363\" data-end=\"2394\">Paper and textile machinery<\/li>\n<li data-section-id=\"1y5lqn\" data-start=\"2395\" data-end=\"2430\">Industrial transmission systems<\/li>\n<\/ul>\n<h1 data-section-id=\"zdmnob\" data-start=\"2437\" data-end=\"2456\"><span role=\"text\"><strong data-start=\"2439\" data-end=\"2456\">Dlaczego warto wybra\u0107 nas<\/strong><\/span><\/h1>\n<ul data-start=\"2458\" data-end=\"2710\">\n<li data-section-id=\"1vbjgp6\" data-start=\"2458\" data-end=\"2515\">Silna zdolno\u015b\u0107 w produkcji \u0142o\u017cysk do ci\u0119\u017ckich zastosowa\u0144<\/li>\n<li data-section-id=\"rezg8o\" data-start=\"2516\" data-end=\"2564\">OEM and custom engineering support available<\/li>\n<li data-section-id=\"p6o36s\" data-start=\"2565\" data-end=\"2618\">Advanced production and heat treatment technology<\/li>\n<li data-section-id=\"1xn5vwo\" data-start=\"2619\" data-end=\"2667\">\u015acis\u0142y system kontroli jako\u015bci i testowania<\/li>\n<li data-section-id=\"1mnen6y\" data-start=\"2668\" data-end=\"2710\">Fast global delivery and stable supply<\/li>\n<\/ul>\n<h1 data-section-id=\"1iusff4\" data-start=\"2717\" data-end=\"2726\"><span role=\"text\"><strong data-start=\"2719\" data-end=\"2726\">FAQ<\/strong><\/span><\/h1>\n<p data-start=\"2728\" data-end=\"2914\"><strong data-start=\"2728\" data-end=\"2800\">Q1: What is the advantage of double row cylindrical roller bearings?<\/strong><br data-start=\"2800\" data-end=\"2803\" \/>A: They provide significantly higher radial load capacity and improved rigidity compared to single-row designs.<\/p>\n<p data-start=\"2916\" data-end=\"3082\"><strong data-start=\"2916\" data-end=\"2972\">Q2: What is the difference between NN and NNU types?<\/strong><br data-start=\"2972\" data-end=\"2975\" \/>A: NN type allows axial displacement of the shaft, while NNU type allows axial displacement of the housing.<\/p>\n<p data-start=\"3084\" data-end=\"3252\"><strong data-start=\"3084\" data-end=\"3144\">Q3: Can NN3020 be used in heavy industrial applications?<\/strong><br data-start=\"3144\" data-end=\"3147\" \/>A: Yes, it is specifically designed for heavy-load environments such as steel mills and mining equipment.<\/p>","protected":false},"excerpt":{"rendered":"<p>Ten <strong data-start=\"418\" data-end=\"466\">NN3020 Double Row Cylindrical Roller Bearing<\/strong> is a high-capacity precision bearing designed for applications requiring extremely high radial load capacity and excellent rigidity. Its double-row structure significantly increases load performance while maintaining stable operation under heavy-duty conditions.<\/p>","protected":false},"featured_media":2590,"comment_status":"open","ping_status":"closed","template":"","meta":{"site-sidebar-layout":"default","site-content-layout":"","ast-site-content-layout":"default","site-content-style":"default","site-sidebar-style":"default","ast-global-header-display":"","ast-banner-title-visibility":"","ast-main-header-display":"","ast-hfb-above-header-display":"","ast-hfb-below-header-display":"","ast-hfb-mobile-header-display":"","site-post-title":"","ast-breadcrumbs-content":"","ast-featured-img":"","footer-sml-layout":"","ast-disable-related-posts":"","theme-transparent-header-meta":"default","adv-header-id-meta":"","stick-header-meta":"default","header-above-stick-meta":"","header-main-stick-meta":"","header-below-stick-meta":"","astra-migrate-meta-layouts":"set","ast-page-background-enabled":"default","ast-page-background-meta":{"desktop":{"background-color":"","background-image":"","background-repeat":"repeat","background-position":"center center","background-size":"auto","background-attachment":"scroll","background-type":"","background-media":"","overlay-type":"","overlay-color":"","overlay-opacity":"","overlay-gradient":""},"tablet":{"background-color":"","background-image":"","background-repeat":"repeat","background-position":"center center","background-size":"auto","background-attachment":"scroll","background-type":"","background-media":"","overlay-type":"","overlay-color":"","overlay-opacity":"","overlay-gradient":""},"mobile":{"background-color":"","background-image":"","background-repeat":"repeat","background-position":"center center","background-size":"auto","background-attachment":"scroll","background-type":"","background-media":"","overlay-type":"","overlay-color":"","overlay-opacity":"","overlay-gradient":""}},"ast-content-background-meta":{"desktop":{"background-color":"var(--ast-global-color-5)","background-image":"","background-repeat":"repeat","background-position":"center center","background-size":"auto","background-attachment":"scroll","background-type":"","background-media":"","overlay-type":"","overlay-color":"","overlay-opacity":"","overlay-gradient":""},"tablet":{"background-color":"var(--ast-global-color-5)","background-image":"","background-repeat":"repeat","background-position":"center center","background-size":"auto","background-attachment":"scroll","background-type":"","background-media":"","overlay-type":"","overlay-color":"","overlay-opacity":"","overlay-gradient":""},"mobile":{"background-color":"var(--ast-global-color-5)","background-image":"","background-repeat":"repeat","background-position":"center center","background-size":"auto","background-attachment":"scroll","background-type":"","background-media":"","overlay-type":"","overlay-color":"","overlay-opacity":"","overlay-gradient":""}}},"product_brand":[],"product_cat":[25],"product_tag":[149,78,56,51,45,148,122,143,133,150],"class_list":{"0":"post-2414","1":"product","2":"type-product","3":"status-publish","4":"has-post-thumbnail","6":"product_cat-cylindrical-roller-bearings","7":"product_tag-double-row-cylindrical-roller-bearing","8":"product_tag-gearbox-bearing","9":"product_tag-heavy-duty-bearing","10":"product_tag-high-load-bearing","11":"product_tag-industrial-bearing","12":"product_tag-nn3020-bearing","13":"product_tag-oem-bearing","14":"product_tag-precision-bearing-manufacturer","15":"product_tag-roller-bearing-supplier","16":"product_tag-steel-mill-bearing","17":"desktop-align-left","18":"tablet-align-left","19":"mobile-align-left","20":"ast-product-gallery-layout-horizontal-slider","21":"ast-product-gallery-with-no-image","22":"ast-product-tabs-layout-horizontal","24":"first","25":"instock","26":"shipping-taxable","27":"product-type-simple"},"_links":{"self":[{"href":"https:\/\/www.machinerybearings.com\/pl\/wp-json\/wp\/v2\/product\/2414","targetHints":{"allow":["GET"]}}],"collection":[{"href":"https:\/\/www.machinerybearings.com\/pl\/wp-json\/wp\/v2\/product"}],"about":[{"href":"https:\/\/www.machinerybearings.com\/pl\/wp-json\/wp\/v2\/types\/product"}],"replies":[{"embeddable":true,"href":"https:\/\/www.machinerybearings.com\/pl\/wp-json\/wp\/v2\/comments?post=2414"}],"wp:featuredmedia":[{"embeddable":true,"href":"https:\/\/www.machinerybearings.com\/pl\/wp-json\/wp\/v2\/media\/2590"}],"wp:attachment":[{"href":"https:\/\/www.machinerybearings.com\/pl\/wp-json\/wp\/v2\/media?parent=2414"}],"wp:term":[{"taxonomy":"product_brand","embeddable":true,"href":"https:\/\/www.machinerybearings.com\/pl\/wp-json\/wp\/v2\/product_brand?post=2414"},{"taxonomy":"product_cat","embeddable":true,"href":"https:\/\/www.machinerybearings.com\/pl\/wp-json\/wp\/v2\/product_cat?post=2414"},{"taxonomy":"product_tag","embeddable":true,"href":"https:\/\/www.machinerybearings.com\/pl\/wp-json\/wp\/v2\/product_tag?post=2414"}],"curies":[{"name":"wp","href":"https:\/\/api.w.org\/{rel}","templated":true}]}}