{"id":2421,"date":"2026-04-12T15:09:40","date_gmt":"2026-04-12T15:09:40","guid":{"rendered":"https:\/\/www.machinerybearings.com\/?post_type=product&#038;p=2421"},"modified":"2026-05-04T14:05:11","modified_gmt":"2026-05-04T14:05:11","slug":"ucfl204-bearing-unit-flanged-pillow-block-insert-bearing-for-industrial-applications","status":"publish","type":"product","link":"https:\/\/www.machinerybearings.com\/pl\/produkt\/ucfl204-bearing-unit-flanged-pillow-block-insert-bearing-for-industrial-applications\/","title":{"rendered":"Jednostka \u0142o\u017cyskowa UCFL204 \u2013 \u0142o\u017cysko wk\u0142adkowe z ko\u0142nierzem do zastosowa\u0144 przemys\u0142owych"},"content":{"rendered":"<p data-start=\"349\" data-end=\"599\">Ten <strong data-start=\"353\" data-end=\"377\">Jednostka \u0142o\u017cyskowa UCFL204<\/strong> jest zmontowan\u0105 zespo\u0142em \u0142o\u017cyskowym sk\u0142adaj\u0105cym si\u0119 z <strong data-start=\"424\" data-end=\"484\">\u0142o\u017cyska wk\u0142adkowego UC204 i obudowy flanszowej typu FL z 2 \u015brubami<\/strong>. Zosta\u0142a zaprojektowana z my\u015bl\u0105 o \u0142atwej instalacji, stabilnej pracy i niezawodnym wsparciu wa\u0142u w kompaktowych systemach przemys\u0142owych.<\/p>\n<p data-start=\"601\" data-end=\"928\">Sferyczna zewn\u0119trzna powierzchnia \u0142o\u017cyska wk\u0142adkowego UC204 umo\u017cliwia samonastawienie wewn\u0105trz obudowy, co pomaga kompensowa\u0107 niewsp\u00f3\u0142osiowo\u015b\u0107 wa\u0142u i redukuje b\u0142\u0119dy instalacyjne. W po\u0142\u0105czeniu z trwa\u0142\u0105 \u017celiwn\u0105 obudow\u0105 flanszow\u0105, jednostka UCFL204 zapewnia du\u017c\u0105 sztywno\u015b\u0107 i d\u0142ug\u0105 \u017cywotno\u015b\u0107 nawet przy ci\u0105g\u0142ej pracy.<\/p>\n<p data-start=\"930\" data-end=\"1048\">Ta jednostka \u0142o\u017cyskowa jest szeroko stosowana w maszynach, gdzie wymagane jest oszcz\u0119dne w przestrzeni montowanie i pewne mocowanie flanszy.<\/p>\n<h1 data-section-id=\"8av2ty\" data-start=\"1055\" data-end=\"1073\"><span role=\"text\"><strong data-start=\"1057\" data-end=\"1073\">Kluczowe cechy<\/strong><\/span><\/h1>\n<ul data-start=\"1075\" data-end=\"1418\">\n<li data-section-id=\"1iip39r\" data-start=\"1075\" data-end=\"1137\">Kompletny zesp\u00f3\u0142 \u0142o\u017cyskowy: \u0142o\u017cysko wk\u0142adkowe UC204 + obudowa flanszowa FL204<\/li>\n<li data-section-id=\"c8j627\" data-start=\"1138\" data-end=\"1180\">Konstrukcja flanszy z 2 \u015brubami dla \u0142atwego monta\u017cu<\/li>\n<li data-section-id=\"1htcgf9\" data-start=\"1181\" data-end=\"1236\">Samonastawna struktura redukuje b\u0142\u0119dy instalacyjne<\/li>\n<li data-section-id=\"hz8ven\" data-start=\"1237\" data-end=\"1286\">Wst\u0119pnie nasmarowane dla bezobs\u0142ugowej pracy<\/li>\n<li data-section-id=\"50mpjz\" data-start=\"1287\" data-end=\"1330\">Mocna \u017celiwna obudowa dla trwa\u0142o\u015bci<\/li>\n<li data-section-id=\"1sh2lpk\" data-start=\"1331\" data-end=\"1375\">P\u0142ynna praca z stabiln\u0105 wydajno\u015bci\u0105<\/li>\n<li data-section-id=\"1398rv\" data-start=\"1376\" data-end=\"1418\">Odpowiednie do ci\u0105g\u0142ego u\u017cytku przemys\u0142owego<\/li>\n<\/ul>\n<h1 data-section-id=\"10k15yz\" data-start=\"1425\" data-end=\"1455\"><span role=\"text\"><strong data-start=\"1427\" data-end=\"1455\">Specyfikacje techniczne<\/strong><\/span><\/h1>\n<div class=\"TyagGW_tableContainer\">\n<div class=\"group TyagGW_tableWrapper flex flex-col-reverse w-fit\" tabindex=\"-1\">\n<table class=\"w-fit min-w-(--thread-content-width)\" data-start=\"1457\" data-end=\"1828\">\n<thead data-start=\"1457\" data-end=\"1478\">\n<tr data-start=\"1457\" data-end=\"1478\">\n<th class=\"\" data-start=\"1457\" data-end=\"1469\" data-col-size=\"sm\">Parametr<\/th>\n<th class=\"\" data-start=\"1469\" data-end=\"1478\" data-col-size=\"md\">Warto\u015b\u0107<\/th>\n<\/tr>\n<\/thead>\n<tbody data-start=\"1499\" data-end=\"1828\">\n<tr data-start=\"1499\" data-end=\"1526\">\n<td data-start=\"1499\" data-end=\"1515\" data-col-size=\"sm\">Model \u0142o\u017cyska<\/td>\n<td data-start=\"1515\" data-end=\"1526\" data-col-size=\"md\">UCFL204<\/td>\n<\/tr>\n<tr data-start=\"1527\" data-end=\"1553\">\n<td data-start=\"1527\" data-end=\"1544\" data-col-size=\"sm\">Wk\u0142adka \u0142o\u017cyskowa<\/td>\n<td data-start=\"1544\" data-end=\"1553\" data-col-size=\"md\">UC204<\/td>\n<\/tr>\n<tr data-start=\"1554\" data-end=\"1594\">\n<td data-start=\"1554\" data-end=\"1569\" data-col-size=\"sm\">Typ obudowy<\/td>\n<td data-start=\"1569\" data-end=\"1594\" data-col-size=\"md\">Jednostka flanszowa z 2 \u015brubami FL<\/td>\n<\/tr>\n<tr data-start=\"1595\" data-end=\"1621\">\n<td data-start=\"1595\" data-end=\"1612\" data-col-size=\"sm\">\u015arednica wa\u0142u<\/td>\n<td data-start=\"1612\" data-end=\"1621\" data-col-size=\"md\">20 mm<\/td>\n<\/tr>\n<tr data-start=\"1622\" data-end=\"1681\">\n<td data-start=\"1622\" data-end=\"1633\" data-col-size=\"sm\">Materia\u0142<\/td>\n<td data-start=\"1633\" data-end=\"1681\" data-col-size=\"md\">Stal chromowa (\u0142o\u017cysko) \/ \u017beliwo (obudowa)<\/td>\n<\/tr>\n<tr data-start=\"1682\" data-end=\"1720\">\n<td data-start=\"1682\" data-end=\"1697\" data-col-size=\"sm\">Typ uszczelnienia<\/td>\n<td data-start=\"1697\" data-end=\"1720\" data-col-size=\"md\">Uszczelnione gum\u0105 (2RS)<\/td>\n<\/tr>\n<tr data-start=\"1721\" data-end=\"1750\">\n<td data-start=\"1721\" data-end=\"1735\" data-col-size=\"sm\">Smarowanie<\/td>\n<td data-start=\"1735\" data-end=\"1750\" data-col-size=\"md\">Wst\u0119pnie nasmarowane<\/td>\n<\/tr>\n<tr data-start=\"1751\" data-end=\"1785\">\n<td data-start=\"1751\" data-end=\"1767\" data-col-size=\"sm\">Typ monta\u017cu<\/td>\n<td data-start=\"1767\" data-end=\"1785\" data-col-size=\"md\">Monta\u017c na flanszy<\/td>\n<\/tr>\n<tr data-start=\"1786\" data-end=\"1828\">\n<td data-start=\"1786\" data-end=\"1810\" data-col-size=\"sm\">Temperatura pracy<\/td>\n<td data-start=\"1810\" data-end=\"1828\" data-col-size=\"md\">-20\u00b0C do 120\u00b0C<\/td>\n<\/tr>\n<\/tbody>\n<\/table>\n<\/div>\n<\/div>\n<h1 data-section-id=\"1p00fbj\" data-start=\"1835\" data-end=\"1853\"><span role=\"text\"><strong data-start=\"1837\" data-end=\"1853\">Zastosowania<\/strong><\/span><\/h1>\n<p data-start=\"1855\" data-end=\"1898\">Jednostka \u0142o\u017cyskowa UCFL204 jest szeroko stosowana w:<\/p>\n<ul data-start=\"1900\" data-end=\"2062\">\n<li data-section-id=\"176s2ln\" data-start=\"1900\" data-end=\"1920\">Systemach przeno\u015bnikowych<\/li>\n<li data-section-id=\"1n6ynun\" data-start=\"1921\" data-end=\"1947\">Maszynach rolniczych<\/li>\n<li data-section-id=\"1htpp6l\" data-start=\"1948\" data-end=\"1971\">Sprz\u0119cie pakuj\u0105cym<\/li>\n<li data-section-id=\"i9rybb\" data-start=\"1972\" data-end=\"2000\">Maszynach do przetwarzania \u017cywno\u015bci<\/li>\n<li data-section-id=\"io1u9n\" data-start=\"2001\" data-end=\"2022\">Maszynach w\u0142\u00f3kienniczych<\/li>\n<li data-section-id=\"1rjvugo\" data-start=\"2023\" data-end=\"2062\">Systemach automatyzacji przemys\u0142owej lekkiej<\/li>\n<\/ul>\n<h1 data-section-id=\"zdmnob\" data-start=\"2069\" data-end=\"2088\"><span role=\"text\"><strong data-start=\"2071\" data-end=\"2088\">Dlaczego warto wybra\u0107 nas<\/strong><\/span><\/h1>\n<ul data-start=\"2090\" data-end=\"2300\">\n<li data-section-id=\"17c68gd\" data-start=\"2090\" data-end=\"2139\">Stabilnym zaopatrzeniu fabrycznym o sta\u0142ej jako\u015bci<\/li>\n<li data-section-id=\"u89jr3\" data-start=\"2140\" data-end=\"2184\">Dost\u0119pne opcje obudowy OEM i na zam\u00f3wienie<\/li>\n<li data-section-id=\"fwknz2\" data-start=\"2185\" data-end=\"2224\">Kompatybilna z standardowymi jednostkami UCFL<\/li>\n<li data-section-id=\"g74bia\" data-start=\"2225\" data-end=\"2258\">Szybka dostawa dla zam\u00f3wie\u0144 hurtowych<\/li>\n<li data-section-id=\"1u6ytj0\" data-start=\"2259\" data-end=\"2300\">\u015acis\u0142a inspekcja i kontrola jako\u015bci<\/li>\n<\/ul>\n<h1 data-section-id=\"1iusff4\" data-start=\"2307\" data-end=\"2316\"><span role=\"text\"><strong data-start=\"2309\" data-end=\"2316\">FAQ<\/strong><\/span><\/h1>\n<p data-start=\"2318\" data-end=\"2475\"><strong data-start=\"2318\" data-end=\"2354\">Q1: Czym jest jednostka \u0142o\u017cyskowa UCFL?<\/strong><br data-start=\"2354\" data-end=\"2357\" \/>A: To kompletny zamontowany zesp\u00f3\u0142 \u0142o\u017cyskowy sk\u0142adaj\u0105cy si\u0119 z \u0142o\u017cyska wk\u0142adkowego UC i obudowy flanszowej do \u0142atwego monta\u017cu.<\/p>\n<p data-start=\"2477\" data-end=\"2593\"><strong data-start=\"2477\" data-end=\"2516\">Q2: Czy UCFL204 mo\u017cna \u0142atwo wymieni\u0107?<\/strong><br data-start=\"2516\" data-end=\"2519\" \/>A: Tak, jest zaprojektowana do standardowej wymiany w systemach montowanych na flanszy.<\/p>\n<p data-start=\"2595\" data-end=\"2710\"><strong data-start=\"2595\" data-end=\"2641\">Q3: Czy nadaje si\u0119 do zapylonych \u015brodowisk?<\/strong><br data-start=\"2641\" data-end=\"2644\" \/>A: Tak, uszczelniona konstrukcja pomaga chroni\u0107 przed py\u0142em i wilgoci\u0105.<\/p>","protected":false},"excerpt":{"rendered":"<p>Ten <strong data-start=\"353\" data-end=\"377\">Jednostka \u0142o\u017cyskowa UCFL204<\/strong> jest zmontowan\u0105 zespo\u0142em \u0142o\u017cyskowym sk\u0142adaj\u0105cym si\u0119 z <strong data-start=\"424\" data-end=\"484\">\u0142o\u017cyska wk\u0142adkowego UC204 i obudowy flanszowej typu FL z 2 \u015brubami<\/strong>. Zosta\u0142a zaprojektowana z my\u015bl\u0105 o \u0142atwej instalacji, stabilnej pracy i niezawodnym wsparciu wa\u0142u w kompaktowych systemach przemys\u0142owych.<\/p>","protected":false},"featured_media":2601,"comment_status":"open","ping_status":"closed","template":"","meta":{"site-sidebar-layout":"default","site-content-layout":"","ast-site-content-layout":"default","site-content-style":"default","site-sidebar-style":"default","ast-global-header-display":"","ast-banner-title-visibility":"","ast-main-header-display":"","ast-hfb-above-header-display":"","ast-hfb-below-header-display":"","ast-hfb-mobile-header-display":"","site-post-title":"","ast-breadcrumbs-content":"","ast-featured-img":"","footer-sml-layout":"","ast-disable-related-posts":"","theme-transparent-header-meta":"default","adv-header-id-meta":"","stick-header-meta":"default","header-above-stick-meta":"","header-main-stick-meta":"","header-below-stick-meta":"","astra-migrate-meta-layouts":"set","ast-page-background-enabled":"default","ast-page-background-meta":{"desktop":{"background-color":"","background-image":"","background-repeat":"repeat","background-position":"center center","background-size":"auto","background-attachment":"scroll","background-type":"","background-media":"","overlay-type":"","overlay-color":"","overlay-opacity":"","overlay-gradient":""},"tablet":{"background-color":"","background-image":"","background-repeat":"repeat","background-position":"center center","background-size":"auto","background-attachment":"scroll","background-type":"","background-media":"","overlay-type":"","overlay-color":"","overlay-opacity":"","overlay-gradient":""},"mobile":{"background-color":"","background-image":"","background-repeat":"repeat","background-position":"center center","background-size":"auto","background-attachment":"scroll","background-type":"","background-media":"","overlay-type":"","overlay-color":"","overlay-opacity":"","overlay-gradient":""}},"ast-content-background-meta":{"desktop":{"background-color":"var(--ast-global-color-5)","background-image":"","background-repeat":"repeat","background-position":"center center","background-size":"auto","background-attachment":"scroll","background-type":"","background-media":"","overlay-type":"","overlay-color":"","overlay-opacity":"","overlay-gradient":""},"tablet":{"background-color":"var(--ast-global-color-5)","background-image":"","background-repeat":"repeat","background-position":"center center","background-size":"auto","background-attachment":"scroll","background-type":"","background-media":"","overlay-type":"","overlay-color":"","overlay-opacity":"","overlay-gradient":""},"mobile":{"background-color":"var(--ast-global-color-5)","background-image":"","background-repeat":"repeat","background-position":"center center","background-size":"auto","background-attachment":"scroll","background-type":"","background-media":"","overlay-type":"","overlay-color":"","overlay-opacity":"","overlay-gradient":""}}},"product_brand":[],"product_cat":[27],"product_tag":[165,169,45,167,72,157,162,166,168,164],"class_list":{"0":"post-2421","1":"product","2":"type-product","3":"status-publish","4":"has-post-thumbnail","6":"product_cat-insert-bearings","7":"product_tag-flange-bearing-unit","8":"product_tag-flange-mounted-bearing","9":"product_tag-industrial-bearing","10":"product_tag-mounted-bearing-unit","11":"product_tag-oem-bearing-supplier","12":"product_tag-pillow-block-bearing","13":"product_tag-self-aligning-bearing","14":"product_tag-uc-insert-bearing","15":"product_tag-ucfl-housing-bearing","16":"product_tag-ucfl204-bearing","17":"desktop-align-left","18":"tablet-align-left","19":"mobile-align-left","20":"ast-product-gallery-layout-horizontal-slider","21":"ast-product-gallery-with-no-image","22":"ast-product-tabs-layout-horizontal","24":"first","25":"instock","26":"shipping-taxable","27":"product-type-simple"},"_links":{"self":[{"href":"https:\/\/www.machinerybearings.com\/pl\/wp-json\/wp\/v2\/product\/2421","targetHints":{"allow":["GET"]}}],"collection":[{"href":"https:\/\/www.machinerybearings.com\/pl\/wp-json\/wp\/v2\/product"}],"about":[{"href":"https:\/\/www.machinerybearings.com\/pl\/wp-json\/wp\/v2\/types\/product"}],"replies":[{"embeddable":true,"href":"https:\/\/www.machinerybearings.com\/pl\/wp-json\/wp\/v2\/comments?post=2421"}],"wp:featuredmedia":[{"embeddable":true,"href":"https:\/\/www.machinerybearings.com\/pl\/wp-json\/wp\/v2\/media\/2601"}],"wp:attachment":[{"href":"https:\/\/www.machinerybearings.com\/pl\/wp-json\/wp\/v2\/media?parent=2421"}],"wp:term":[{"taxonomy":"product_brand","embeddable":true,"href":"https:\/\/www.machinerybearings.com\/pl\/wp-json\/wp\/v2\/product_brand?post=2421"},{"taxonomy":"product_cat","embeddable":true,"href":"https:\/\/www.machinerybearings.com\/pl\/wp-json\/wp\/v2\/product_cat?post=2421"},{"taxonomy":"product_tag","embeddable":true,"href":"https:\/\/www.machinerybearings.com\/pl\/wp-json\/wp\/v2\/product_tag?post=2421"}],"curies":[{"name":"wp","href":"https:\/\/api.w.org\/{rel}","templated":true}]}}