{"id":2422,"date":"2026-04-12T15:14:52","date_gmt":"2026-04-12T15:14:52","guid":{"rendered":"https:\/\/www.machinerybearings.com\/?post_type=product&#038;p=2422"},"modified":"2026-05-04T14:10:09","modified_gmt":"2026-05-04T14:10:09","slug":"ucp205-pillow-block-insert-bearing-unit-self-aligning-mounted-bearing-for-industrial-applications","status":"publish","type":"product","link":"https:\/\/www.machinerybearings.com\/pl\/produkt\/ucp205-pillow-block-insert-bearing-unit-self-aligning-mounted-bearing-for-industrial-applications\/","title":{"rendered":"Jednostka \u0142o\u017cyskowa UCP205 \u2013 \u0142o\u017cysko wk\u0142adkowe samonastawne do zastosowa\u0144 przemys\u0142owych"},"content":{"rendered":"<p data-start=\"363\" data-end=\"674\">Ten <strong data-start=\"367\" data-end=\"410\">UCP205 Blok \u0142o\u017cyskowy z wk\u0142adk\u0105<\/strong> jest szeroko stosowanym rozwi\u0105zaniem \u0142o\u017cyskowym sk\u0142adaj\u0105cym si\u0119 z <strong data-start=\"469\" data-end=\"529\">wk\u0142adki \u0142o\u017cyskowej UC205 i obudowy bloku poduszkowego serii P<\/strong>. Zosta\u0142 zaprojektowany z my\u015bl\u0105 o \u0142atwej instalacji, niezawodnym wsparciu wa\u0142u i stabilnej pracy w szerokim zakresie zastosowa\u0144 przemys\u0142owych i rolniczych.<\/p>\n<p data-start=\"676\" data-end=\"1021\">Wk\u0142adka \u0142o\u017cyskowa UC205 ma sferyczn\u0105 zewn\u0119trzn\u0105 powierzchni\u0119, kt\u00f3ra umo\u017cliwia samonastawno\u015b\u0107 w obudowie, pomagaj\u0105c w kompensacji niewsp\u00f3\u0142osiowo\u015bci wa\u0142u i redukcji stresu instalacyjnego. W po\u0142\u0105czeniu z mocn\u0105 obudow\u0105 bloku poduszkowego z \u017celiwa, jednostka UCP205 zapewnia doskona\u0142\u0105 trwa\u0142o\u015b\u0107 i d\u0142ug\u0105 \u017cywotno\u015b\u0107 nawet w warunkach ci\u0105g\u0142ego obci\u0105\u017cenia.<\/p>\n<p data-start=\"1023\" data-end=\"1160\">Ta jednostka \u0142o\u017cyskowa jest wst\u0119pnie nasmarowana i uszczelniona, co czyni j\u0105 niskonak\u0142adow\u0105 w utrzymaniu i odpowiedni\u0105 do d\u0142ugoterminowej pracy w wymagaj\u0105cych \u015brodowiskach.<\/p>\n<h1 data-section-id=\"8av2ty\" data-start=\"1167\" data-end=\"1185\"><span role=\"text\"><strong data-start=\"1169\" data-end=\"1185\">Kluczowe cechy<\/strong><\/span><\/h1>\n<ul data-start=\"1187\" data-end=\"1537\">\n<li data-section-id=\"1eo27wa\" data-start=\"1187\" data-end=\"1254\">Pe\u0142na jednostka: wk\u0142adka \u0142o\u017cyskowa UC205 + obudowa bloku poduszkowego P205<\/li>\n<li data-section-id=\"41j4o2\" data-start=\"1255\" data-end=\"1307\">Samonastawny design redukuje b\u0142\u0119dy instalacyjne<\/li>\n<li data-section-id=\"g14pap\" data-start=\"1308\" data-end=\"1356\">Mocna obudowa z \u017celiwa dla wysokiej trwa\u0142o\u015bci<\/li>\n<li data-section-id=\"1jun2sr\" data-start=\"1357\" data-end=\"1403\">Wst\u0119pnie nasmarowana do pracy bezobs\u0142ugowej<\/li>\n<li data-section-id=\"1owb0yh\" data-start=\"1404\" data-end=\"1456\">Wysoka no\u015bno\u015b\u0107 promieniowa i stabilna wydajno\u015b\u0107<\/li>\n<li data-section-id=\"1l42fwv\" data-start=\"1457\" data-end=\"1494\">\u0141atwa instalacja i wymiana<\/li>\n<li data-section-id=\"1398rv\" data-start=\"1495\" data-end=\"1537\">Odpowiednie do ci\u0105g\u0142ego u\u017cytku przemys\u0142owego<\/li>\n<\/ul>\n<h1 data-section-id=\"10k15yz\" data-start=\"1544\" data-end=\"1574\"><span role=\"text\"><strong data-start=\"1546\" data-end=\"1574\">Specyfikacje techniczne<\/strong><\/span><\/h1>\n<div class=\"TyagGW_tableContainer\">\n<div class=\"group TyagGW_tableWrapper flex flex-col-reverse w-fit\" tabindex=\"-1\">\n<table class=\"w-fit min-w-(--thread-content-width)\" data-start=\"1576\" data-end=\"1960\">\n<thead data-start=\"1576\" data-end=\"1597\">\n<tr data-start=\"1576\" data-end=\"1597\">\n<th class=\"\" data-start=\"1576\" data-end=\"1588\" data-col-size=\"sm\">Parametr<\/th>\n<th class=\"\" data-start=\"1588\" data-end=\"1597\" data-col-size=\"sm\">Warto\u015b\u0107<\/th>\n<\/tr>\n<\/thead>\n<tbody data-start=\"1618\" data-end=\"1960\">\n<tr data-start=\"1618\" data-end=\"1644\">\n<td data-start=\"1618\" data-end=\"1634\" data-col-size=\"sm\">Model \u0142o\u017cyska<\/td>\n<td data-start=\"1634\" data-end=\"1644\" data-col-size=\"sm\">UCP205<\/td>\n<\/tr>\n<tr data-start=\"1645\" data-end=\"1671\">\n<td data-start=\"1645\" data-end=\"1662\" data-col-size=\"sm\">Wk\u0142adka \u0142o\u017cyskowa<\/td>\n<td data-start=\"1662\" data-end=\"1671\" data-col-size=\"sm\">UC205<\/td>\n<\/tr>\n<tr data-start=\"1672\" data-end=\"1712\">\n<td data-start=\"1672\" data-end=\"1687\" data-col-size=\"sm\">Typ obudowy<\/td>\n<td data-start=\"1687\" data-end=\"1712\" data-col-size=\"sm\">Blok poduszkowy serii P<\/td>\n<\/tr>\n<tr data-start=\"1713\" data-end=\"1739\">\n<td data-start=\"1713\" data-end=\"1730\" data-col-size=\"sm\">\u015arednica wa\u0142u<\/td>\n<td data-start=\"1730\" data-end=\"1739\" data-col-size=\"sm\">25 mm<\/td>\n<\/tr>\n<tr data-start=\"1740\" data-end=\"1772\">\n<td data-start=\"1740\" data-end=\"1759\" data-col-size=\"sm\">Materia\u0142 obudowy<\/td>\n<td data-start=\"1759\" data-end=\"1772\" data-col-size=\"sm\">\u017beliwo<\/td>\n<\/tr>\n<tr data-start=\"1773\" data-end=\"1808\">\n<td data-start=\"1773\" data-end=\"1792\" data-col-size=\"sm\">Materia\u0142 \u0142o\u017cyska<\/td>\n<td data-start=\"1792\" data-end=\"1808\" data-col-size=\"sm\">Stal chromowa<\/td>\n<\/tr>\n<tr data-start=\"1809\" data-end=\"1847\">\n<td data-start=\"1809\" data-end=\"1824\" data-col-size=\"sm\">Typ uszczelnienia<\/td>\n<td data-start=\"1824\" data-end=\"1847\" data-col-size=\"sm\">Uszczelnione gum\u0105 (2RS)<\/td>\n<\/tr>\n<tr data-start=\"1848\" data-end=\"1877\">\n<td data-start=\"1848\" data-end=\"1862\" data-col-size=\"sm\">Smarowanie<\/td>\n<td data-start=\"1862\" data-end=\"1877\" data-col-size=\"sm\">Wst\u0119pnie nasmarowane<\/td>\n<\/tr>\n<tr data-start=\"1878\" data-end=\"1917\">\n<td data-start=\"1878\" data-end=\"1894\" data-col-size=\"sm\">Typ monta\u017cu<\/td>\n<td data-start=\"1894\" data-end=\"1917\" data-col-size=\"sm\">Monta\u017c na podstawie z 2 \u015brubami<\/td>\n<\/tr>\n<tr data-start=\"1918\" data-end=\"1960\">\n<td data-start=\"1918\" data-end=\"1942\" data-col-size=\"sm\">Temperatura pracy<\/td>\n<td data-start=\"1942\" data-end=\"1960\" data-col-size=\"sm\">-20\u00b0C do 120\u00b0C<\/td>\n<\/tr>\n<\/tbody>\n<\/table>\n<\/div>\n<\/div>\n<h1 data-section-id=\"1p00fbj\" data-start=\"1967\" data-end=\"1985\"><span role=\"text\"><strong data-start=\"1969\" data-end=\"1985\">Zastosowania<\/strong><\/span><\/h1>\n<p data-start=\"1987\" data-end=\"2042\">Jednostka \u0142o\u017cyska bloku poduszki UCP205 jest szeroko stosowana w:<\/p>\n<ul data-start=\"2044\" data-end=\"2208\">\n<li data-section-id=\"176s2ln\" data-start=\"2044\" data-end=\"2064\">Systemach przeno\u015bnikowych<\/li>\n<li data-section-id=\"1n6ynun\" data-start=\"2065\" data-end=\"2091\">Maszynach rolniczych<\/li>\n<li data-section-id=\"1htpp6l\" data-start=\"2092\" data-end=\"2115\">Sprz\u0119cie pakuj\u0105cym<\/li>\n<li data-section-id=\"io1u9n\" data-start=\"2116\" data-end=\"2137\">Maszynach w\u0142\u00f3kienniczych<\/li>\n<li data-section-id=\"i9rybb\" data-start=\"2138\" data-end=\"2166\">Maszynach do przetwarzania \u017cywno\u015bci<\/li>\n<li data-section-id=\"1075gc1\" data-start=\"2167\" data-end=\"2208\">Lekkich systemach transmisji przemys\u0142owej<\/li>\n<\/ul>\n<h1 data-section-id=\"zdmnob\" data-start=\"2215\" data-end=\"2234\"><span role=\"text\"><strong data-start=\"2217\" data-end=\"2234\">Dlaczego warto wybra\u0107 nas<\/strong><\/span><\/h1>\n<ul data-start=\"2236\" data-end=\"2459\">\n<li data-section-id=\"17c68gd\" data-start=\"2236\" data-end=\"2285\">Stabilnym zaopatrzeniu fabrycznym o sta\u0142ej jako\u015bci<\/li>\n<li data-section-id=\"1ccoc9p\" data-start=\"2286\" data-end=\"2326\">Dost\u0119pne obudowy OEM i dostosowane<\/li>\n<li data-section-id=\"19poq3t\" data-start=\"2327\" data-end=\"2376\">Kompatybilna z standardowymi systemami blok\u00f3w poduszkowych<\/li>\n<li data-section-id=\"1ons1n2\" data-start=\"2377\" data-end=\"2417\">Szybka dostawa i wsparcie dla zam\u00f3wie\u0144 hurtowych<\/li>\n<li data-section-id=\"1w1qi25\" data-start=\"2418\" data-end=\"2459\">\u015acis\u0142a kontrola jako\u015bci i testowanie<\/li>\n<\/ul>\n<h1 data-section-id=\"1iusff4\" data-start=\"2466\" data-end=\"2475\"><span role=\"text\"><strong data-start=\"2468\" data-end=\"2475\">FAQ<\/strong><\/span><\/h1>\n<p data-start=\"2477\" data-end=\"2631\"><strong data-start=\"2477\" data-end=\"2512\">Q1: Czym jest jednostka \u0142o\u017cyska UCP?<\/strong><br data-start=\"2512\" data-end=\"2515\" \/>A: Jest to zamontowana jednostka \u0142o\u017cyskowa sk\u0142adaj\u0105ca si\u0119 z \u0142o\u017cyska wk\u0142adkowego UC i obudowy bloku poduszki dla \u0142atwego wsparcia wa\u0142u.<\/p>\n<p data-start=\"2633\" data-end=\"2751\"><strong data-start=\"2633\" data-end=\"2671\">Q2: Czy UCP205 mo\u017cna \u0142atwo wymieni\u0107?<\/strong><br data-start=\"2671\" data-end=\"2674\" \/>A: Tak, jest zaprojektowana do standardowej wymienno\u015bci w systemach przemys\u0142owych.<\/p>\n<p data-start=\"2753\" data-end=\"2906\"><strong data-start=\"2753\" data-end=\"2804\">Q3: Czy nadaje si\u0119 do zastosowa\u0144 z du\u017cym obci\u0105\u017ceniem?<\/strong><br data-start=\"2804\" data-end=\"2807\" \/>A: Nadaje si\u0119 do zastosowa\u0144 o \u015brednim obci\u0105\u017ceniu i ci\u0105g\u0142ej pracy w \u015brodowiskach przemys\u0142owych.<\/p>","protected":false},"excerpt":{"rendered":"<p>Ten <strong data-start=\"367\" data-end=\"410\">UCP205 Blok \u0142o\u017cyskowy z wk\u0142adk\u0105<\/strong> jest szeroko stosowanym rozwi\u0105zaniem \u0142o\u017cyskowym sk\u0142adaj\u0105cym si\u0119 z <strong data-start=\"469\" data-end=\"529\">wk\u0142adki \u0142o\u017cyskowej UC205 i obudowy bloku poduszkowego serii P<\/strong>. Zosta\u0142 zaprojektowany z my\u015bl\u0105 o \u0142atwej instalacji, niezawodnym wsparciu wa\u0142u i stabilnej pracy w szerokim zakresie zastosowa\u0144 przemys\u0142owych i rolniczych.<\/p>","protected":false},"featured_media":2602,"comment_status":"open","ping_status":"closed","template":"","meta":{"site-sidebar-layout":"default","site-content-layout":"","ast-site-content-layout":"default","site-content-style":"default","site-sidebar-style":"default","ast-global-header-display":"","ast-banner-title-visibility":"","ast-main-header-display":"","ast-hfb-above-header-display":"","ast-hfb-below-header-display":"","ast-hfb-mobile-header-display":"","site-post-title":"","ast-breadcrumbs-content":"","ast-featured-img":"","footer-sml-layout":"","ast-disable-related-posts":"","theme-transparent-header-meta":"default","adv-header-id-meta":"","stick-header-meta":"default","header-above-stick-meta":"","header-main-stick-meta":"","header-below-stick-meta":"","astra-migrate-meta-layouts":"set","ast-page-background-enabled":"default","ast-page-background-meta":{"desktop":{"background-color":"","background-image":"","background-repeat":"repeat","background-position":"center center","background-size":"auto","background-attachment":"scroll","background-type":"","background-media":"","overlay-type":"","overlay-color":"","overlay-opacity":"","overlay-gradient":""},"tablet":{"background-color":"","background-image":"","background-repeat":"repeat","background-position":"center center","background-size":"auto","background-attachment":"scroll","background-type":"","background-media":"","overlay-type":"","overlay-color":"","overlay-opacity":"","overlay-gradient":""},"mobile":{"background-color":"","background-image":"","background-repeat":"repeat","background-position":"center center","background-size":"auto","background-attachment":"scroll","background-type":"","background-media":"","overlay-type":"","overlay-color":"","overlay-opacity":"","overlay-gradient":""}},"ast-content-background-meta":{"desktop":{"background-color":"var(--ast-global-color-5)","background-image":"","background-repeat":"repeat","background-position":"center center","background-size":"auto","background-attachment":"scroll","background-type":"","background-media":"","overlay-type":"","overlay-color":"","overlay-opacity":"","overlay-gradient":""},"tablet":{"background-color":"var(--ast-global-color-5)","background-image":"","background-repeat":"repeat","background-position":"center center","background-size":"auto","background-attachment":"scroll","background-type":"","background-media":"","overlay-type":"","overlay-color":"","overlay-opacity":"","overlay-gradient":""},"mobile":{"background-color":"var(--ast-global-color-5)","background-image":"","background-repeat":"repeat","background-position":"center center","background-size":"auto","background-attachment":"scroll","background-type":"","background-media":"","overlay-type":"","overlay-color":"","overlay-opacity":"","overlay-gradient":""}}},"product_brand":[],"product_cat":[27],"product_tag":[161,45,171,159,72,157,172,162,155,170],"class_list":{"0":"post-2422","1":"product","2":"type-product","3":"status-publish","4":"has-post-thumbnail","6":"product_cat-insert-bearings","7":"product_tag-bearing-housing-unit","8":"product_tag-industrial-bearing","9":"product_tag-insert-bearing-unit","10":"product_tag-mounted-bearing","11":"product_tag-oem-bearing-supplier","12":"product_tag-pillow-block-bearing","13":"product_tag-plummer-block-bearing","14":"product_tag-self-aligning-bearing","15":"product_tag-uc205-bearing","16":"product_tag-ucp205-bearing","17":"desktop-align-left","18":"tablet-align-left","19":"mobile-align-left","20":"ast-product-gallery-layout-horizontal-slider","21":"ast-product-gallery-with-no-image","22":"ast-product-tabs-layout-horizontal","24":"first","25":"instock","26":"shipping-taxable","27":"product-type-simple"},"_links":{"self":[{"href":"https:\/\/www.machinerybearings.com\/pl\/wp-json\/wp\/v2\/product\/2422","targetHints":{"allow":["GET"]}}],"collection":[{"href":"https:\/\/www.machinerybearings.com\/pl\/wp-json\/wp\/v2\/product"}],"about":[{"href":"https:\/\/www.machinerybearings.com\/pl\/wp-json\/wp\/v2\/types\/product"}],"replies":[{"embeddable":true,"href":"https:\/\/www.machinerybearings.com\/pl\/wp-json\/wp\/v2\/comments?post=2422"}],"wp:featuredmedia":[{"embeddable":true,"href":"https:\/\/www.machinerybearings.com\/pl\/wp-json\/wp\/v2\/media\/2602"}],"wp:attachment":[{"href":"https:\/\/www.machinerybearings.com\/pl\/wp-json\/wp\/v2\/media?parent=2422"}],"wp:term":[{"taxonomy":"product_brand","embeddable":true,"href":"https:\/\/www.machinerybearings.com\/pl\/wp-json\/wp\/v2\/product_brand?post=2422"},{"taxonomy":"product_cat","embeddable":true,"href":"https:\/\/www.machinerybearings.com\/pl\/wp-json\/wp\/v2\/product_cat?post=2422"},{"taxonomy":"product_tag","embeddable":true,"href":"https:\/\/www.machinerybearings.com\/pl\/wp-json\/wp\/v2\/product_tag?post=2422"}],"curies":[{"name":"wp","href":"https:\/\/api.w.org\/{rel}","templated":true}]}}