{"id":2435,"date":"2026-04-13T14:21:51","date_gmt":"2026-04-13T14:21:51","guid":{"rendered":"https:\/\/www.machinerybearings.com\/?post_type=product&#038;p=2435"},"modified":"2026-05-03T05:52:26","modified_gmt":"2026-05-03T05:52:26","slug":"1205-self-aligning-ball-bearing-double-row-bearing-for-misalignment-applications","status":"publish","type":"product","link":"https:\/\/www.machinerybearings.com\/pl\/produkt\/1205-self-aligning-ball-bearing-double-row-bearing-for-misalignment-applications\/","title":{"rendered":"\u0141o\u017cysko kulkowe 1205 samonastawne \u2013 \u0141o\u017cysko podw\u00f3jne do zastosowa\u0144 z niewsp\u00f3\u0142osiowo\u015bci\u0105"},"content":{"rendered":"<p data-start=\"354\" data-end=\"704\">Ten <strong data-start=\"358\" data-end=\"393\">\u0141o\u017cysko kulkowe 1205 z samonastawieniem<\/strong> jest \u0142o\u017cyskiem kulkowym o podw\u00f3jnym rz\u0119dzie zaprojektowanym do kompensacji niewsp\u00f3\u0142osiowo\u015bci wa\u0142u i ugi\u0119cia podczas pracy. Jego unikalna sferyczna zewn\u0119trzna bie\u017cnia pozwala \u0142o\u017cysku automatycznie dostosowa\u0107 si\u0119 do wyr\u00f3wnania, zmniejszaj\u0105c napr\u0119\u017cenia i poprawiaj\u0105c wydajno\u015b\u0107 w zastosowaniach, gdzie utrzymanie wyr\u00f3wnania wa\u0142u lub obudowy jest trudne.<\/p>\n<p data-start=\"706\" data-end=\"1001\">To \u0142o\u017cysko jest idealne do zastosowa\u0144 nara\u017conych na ugi\u0119cie wa\u0142u, b\u0142\u0119dy monta\u017cowe lub wibracje. Wykonane z wysokiej jako\u015bci stali chromowej i dost\u0119pne w wersjach ze stali nierdzewnej, \u0142o\u017cysko 1205 zapewnia p\u0142ynne dzia\u0142anie, niskie tarcie i niezawodn\u0105 wydajno\u015b\u0107 przez d\u0142ugi czas eksploatacji.<\/p>\n<p data-start=\"1003\" data-end=\"1119\">Kompaktowa konstrukcja i zdolno\u015b\u0107 do samonastawienia sprawiaj\u0105, \u017ce jest szeroko stosowane w przemys\u0142owych zastosowaniach o lekkim i \u015brednim obci\u0105\u017ceniu.<\/p>\n<h1 data-section-id=\"8av2ty\" data-start=\"1126\" data-end=\"1144\"><span role=\"text\"><strong data-start=\"1128\" data-end=\"1144\">Kluczowe cechy<\/strong><\/span><\/h1>\n<ul data-start=\"1146\" data-end=\"1483\">\n<li data-section-id=\"1fr59o7\" data-start=\"1146\" data-end=\"1205\">Konstrukcja samonastawna kompensuje niewsp\u00f3\u0142osiowo\u015b\u0107 wa\u0142u<\/li>\n<li data-section-id=\"1id6hoh\" data-start=\"1206\" data-end=\"1258\">Podw\u00f3jna struktura kulkowa dla lepszej stabilno\u015bci<\/li>\n<li data-section-id=\"1g811j7\" data-start=\"1259\" data-end=\"1295\">Niskie tarcie i p\u0142ynny obr\u00f3t<\/li>\n<li data-section-id=\"dcacpc\" data-start=\"1296\" data-end=\"1347\">Odpowiednie do zastosowa\u0144 z ugi\u0119ciem wa\u0142u<\/li>\n<li data-section-id=\"f8hmgc\" data-start=\"1348\" data-end=\"1385\">\u0141atwa instalacja i konserwacja<\/li>\n<li data-section-id=\"5mjdxq\" data-start=\"1386\" data-end=\"1431\">D\u0142ugi czas eksploatacji z stabiln\u0105 wydajno\u015bci\u0105<\/li>\n<li data-section-id=\"10s930\" data-start=\"1432\" data-end=\"1483\">Dost\u0119pne w wersjach stalowych i ze stali nierdzewnej<\/li>\n<\/ul>\n<h1 data-section-id=\"10k15yz\" data-start=\"1490\" data-end=\"1520\"><span role=\"text\"><strong data-start=\"1492\" data-end=\"1520\">Specyfikacje techniczne<\/strong><\/span><\/h1>\n<div class=\"TyagGW_tableContainer\">\n<div class=\"group TyagGW_tableWrapper flex flex-col-reverse w-fit\" tabindex=\"-1\">\n<table class=\"w-fit min-w-(--thread-content-width)\" data-start=\"1522\" data-end=\"1943\">\n<thead data-start=\"1522\" data-end=\"1543\">\n<tr data-start=\"1522\" data-end=\"1543\">\n<th class=\"\" data-start=\"1522\" data-end=\"1534\" data-col-size=\"sm\">Parametr<\/th>\n<th class=\"\" data-start=\"1534\" data-end=\"1543\" data-col-size=\"sm\">Warto\u015b\u0107<\/th>\n<\/tr>\n<\/thead>\n<tbody data-start=\"1564\" data-end=\"1943\">\n<tr data-start=\"1564\" data-end=\"1588\">\n<td data-start=\"1564\" data-end=\"1580\" data-col-size=\"sm\">Model \u0142o\u017cyska<\/td>\n<td data-col-size=\"sm\" data-start=\"1580\" data-end=\"1588\">1205<\/td>\n<\/tr>\n<tr data-start=\"1589\" data-end=\"1619\">\n<td data-start=\"1589\" data-end=\"1610\" data-col-size=\"sm\">\u015arednica wewn\u0119trzna (d)<\/td>\n<td data-col-size=\"sm\" data-start=\"1610\" data-end=\"1619\">25 mm<\/td>\n<\/tr>\n<tr data-start=\"1620\" data-end=\"1650\">\n<td data-start=\"1620\" data-end=\"1641\" data-col-size=\"sm\">\u015arednica zewn\u0119trzna (D)<\/td>\n<td data-col-size=\"sm\" data-start=\"1641\" data-end=\"1650\">52 mm<\/td>\n<\/tr>\n<tr data-start=\"1651\" data-end=\"1672\">\n<td data-start=\"1651\" data-end=\"1663\" data-col-size=\"sm\">Szeroko\u015b\u0107 (B)<\/td>\n<td data-start=\"1663\" data-end=\"1672\" data-col-size=\"sm\">15 mm<\/td>\n<\/tr>\n<tr data-start=\"1673\" data-end=\"1718\">\n<td data-start=\"1673\" data-end=\"1688\" data-col-size=\"sm\">Typ \u0142o\u017cyska<\/td>\n<td data-start=\"1688\" data-end=\"1718\" data-col-size=\"sm\">\u0141o\u017cysko kulkowe samonastawne<\/td>\n<\/tr>\n<tr data-start=\"1719\" data-end=\"1745\">\n<td data-start=\"1719\" data-end=\"1731\" data-col-size=\"sm\">Budowa<\/td>\n<td data-col-size=\"sm\" data-start=\"1731\" data-end=\"1745\">Podw\u00f3jny rz\u0105d<\/td>\n<\/tr>\n<tr data-start=\"1746\" data-end=\"1791\">\n<td data-start=\"1746\" data-end=\"1757\" data-col-size=\"sm\">Materia\u0142<\/td>\n<td data-start=\"1757\" data-end=\"1791\" data-col-size=\"sm\">Stal chromowa \/ Stal nierdzewna<\/td>\n<\/tr>\n<tr data-start=\"1792\" data-end=\"1833\">\n<td data-start=\"1792\" data-end=\"1808\" data-col-size=\"sm\">Materia\u0142 kosza<\/td>\n<td data-start=\"1808\" data-end=\"1833\" data-col-size=\"sm\">Stal \/ Mosi\u0105dz \/ Nylon<\/td>\n<\/tr>\n<tr data-start=\"1834\" data-end=\"1864\">\n<td data-start=\"1834\" data-end=\"1848\" data-col-size=\"sm\">Smarowanie<\/td>\n<td data-col-size=\"sm\" data-start=\"1848\" data-end=\"1864\">Smar \/ Olej<\/td>\n<\/tr>\n<tr data-start=\"1865\" data-end=\"1900\">\n<td data-start=\"1865\" data-end=\"1884\" data-col-size=\"sm\">Klasa dok\u0142adno\u015bci<\/td>\n<td data-start=\"1884\" data-end=\"1900\" data-col-size=\"sm\">P0 \/ P6 \/ P5<\/td>\n<\/tr>\n<tr data-start=\"1901\" data-end=\"1943\">\n<td data-start=\"1901\" data-end=\"1925\" data-col-size=\"sm\">Temperatura pracy<\/td>\n<td data-col-size=\"sm\" data-start=\"1925\" data-end=\"1943\">-20\u00b0C do 120\u00b0C<\/td>\n<\/tr>\n<\/tbody>\n<\/table>\n<\/div>\n<\/div>\n<h1 data-section-id=\"1p00fbj\" data-start=\"1950\" data-end=\"1968\"><span role=\"text\"><strong data-start=\"1952\" data-end=\"1968\">Zastosowania<\/strong><\/span><\/h1>\n<p data-start=\"1970\" data-end=\"2024\">\u0141o\u017cysko kulkowe samonastawne 1205 jest szeroko stosowane w:<\/p>\n<ul data-start=\"2026\" data-end=\"2183\">\n<li data-section-id=\"1n6ynun\" data-start=\"2026\" data-end=\"2052\">Maszynach rolniczych<\/li>\n<li data-section-id=\"176s2ln\" data-start=\"2053\" data-end=\"2073\">Systemach przeno\u015bnikowych<\/li>\n<li data-section-id=\"io1u9n\" data-start=\"2074\" data-end=\"2095\">Maszynach w\u0142\u00f3kienniczych<\/li>\n<li data-section-id=\"25txyz\" data-start=\"2096\" data-end=\"2126\">Lekkim sprz\u0119cie przemys\u0142owym<\/li>\n<li data-section-id=\"646cyz\" data-start=\"2127\" data-end=\"2147\">Wentylatorach i dmuchawach<\/li>\n<li data-section-id=\"ib1wqr\" data-start=\"2148\" data-end=\"2183\">Systemach transmisji mechanicznej<\/li>\n<\/ul>\n<h1 data-section-id=\"zdmnob\" data-start=\"2190\" data-end=\"2209\"><span role=\"text\"><strong data-start=\"2192\" data-end=\"2209\">Dlaczego warto wybra\u0107 nas<\/strong><\/span><\/h1>\n<ul data-start=\"2211\" data-end=\"2428\">\n<li data-section-id=\"t14xel\" data-start=\"2211\" data-end=\"2264\">Stabilna produkcja fabryczna z konsekwentn\u0105 jako\u015bci\u0105<\/li>\n<li data-section-id=\"hq554l\" data-start=\"2265\" data-end=\"2310\">Opcje materia\u0142\u00f3w OEM i niestandardowych dost\u0119pne<\/li>\n<li data-section-id=\"18yrkc1\" data-start=\"2311\" data-end=\"2350\">Konkurencyjne ceny dla zam\u00f3wie\u0144 hurtowych<\/li>\n<li data-section-id=\"k7xnqf\" data-start=\"2351\" data-end=\"2386\">Szybka dostawa i globalna dostawa<\/li>\n<li data-section-id=\"1u6ytj0\" data-start=\"2387\" data-end=\"2428\">\u015acis\u0142a inspekcja i kontrola jako\u015bci<\/li>\n<\/ul>\n<h1 data-section-id=\"1iusff4\" data-start=\"2435\" data-end=\"2444\"><span role=\"text\"><strong data-start=\"2437\" data-end=\"2444\">FAQ<\/strong><\/span><\/h1>\n<p data-start=\"2446\" data-end=\"2614\"><strong data-start=\"2446\" data-end=\"2507\">Q1: Jaka jest zaleta \u0142o\u017cysk kulkowych samonastawnych?<\/strong><br data-start=\"2507\" data-end=\"2510\" \/>A: Mog\u0105 automatycznie kompensowa\u0107 niewsp\u00f3\u0142osiowo\u015b\u0107 wa\u0142u, zmniejszaj\u0105c napr\u0119\u017cenia i wyd\u0142u\u017caj\u0105c \u017cywotno\u015b\u0107.<\/p>\n<p data-start=\"2616\" data-end=\"2750\"><strong data-start=\"2616\" data-end=\"2661\">Q2: Czy \u0142o\u017cyska 1205 mog\u0105 obs\u0142ugiwa\u0107 du\u017ce obci\u0105\u017cenia?<\/strong><br data-start=\"2661\" data-end=\"2664\" \/>A: S\u0105 odpowiednie do zastosowa\u0144 o lekkim i \u015brednim obci\u0105\u017ceniu, nie do warunk\u00f3w ci\u0119\u017ckiego u\u017cytku.<\/p>\n<p data-start=\"2752\" data-end=\"2874\"><strong data-start=\"2752\" data-end=\"2798\">Q3: Czy oferujecie wersje ze stali nierdzewnej?<\/strong><br data-start=\"2798\" data-end=\"2801\" \/>A: Tak, dost\u0119pne s\u0105 opcje ze stali nierdzewnej do \u015brodowisk korozyjnych.<\/p>","protected":false},"excerpt":{"rendered":"<p>Ten <strong data-start=\"358\" data-end=\"393\">\u0141o\u017cysko kulkowe 1205 z samonastawieniem<\/strong> jest \u0142o\u017cyskiem kulkowym o podw\u00f3jnym rz\u0119dzie zaprojektowanym do kompensacji niewsp\u00f3\u0142osiowo\u015bci wa\u0142u i ugi\u0119cia podczas pracy. Jego unikalna sferyczna zewn\u0119trzna bie\u017cnia pozwala \u0142o\u017cysku automatycznie dostosowa\u0107 si\u0119 do wyr\u00f3wnania, zmniejszaj\u0105c napr\u0119\u017cenia i poprawiaj\u0105c wydajno\u015b\u0107 w zastosowaniach, gdzie utrzymanie wyr\u00f3wnania wa\u0142u lub obudowy jest trudne.<\/p>","protected":false},"featured_media":2538,"comment_status":"open","ping_status":"closed","template":"","meta":{"site-sidebar-layout":"default","site-content-layout":"","ast-site-content-layout":"default","site-content-style":"default","site-sidebar-style":"default","ast-global-header-display":"","ast-banner-title-visibility":"","ast-main-header-display":"","ast-hfb-above-header-display":"","ast-hfb-below-header-display":"","ast-hfb-mobile-header-display":"","site-post-title":"","ast-breadcrumbs-content":"","ast-featured-img":"","footer-sml-layout":"","ast-disable-related-posts":"","theme-transparent-header-meta":"default","adv-header-id-meta":"","stick-header-meta":"default","header-above-stick-meta":"","header-main-stick-meta":"","header-below-stick-meta":"","astra-migrate-meta-layouts":"set","ast-page-background-enabled":"default","ast-page-background-meta":{"desktop":{"background-color":"","background-image":"","background-repeat":"repeat","background-position":"center center","background-size":"auto","background-attachment":"scroll","background-type":"","background-media":"","overlay-type":"","overlay-color":"","overlay-opacity":"","overlay-gradient":""},"tablet":{"background-color":"","background-image":"","background-repeat":"repeat","background-position":"center center","background-size":"auto","background-attachment":"scroll","background-type":"","background-media":"","overlay-type":"","overlay-color":"","overlay-opacity":"","overlay-gradient":""},"mobile":{"background-color":"","background-image":"","background-repeat":"repeat","background-position":"center center","background-size":"auto","background-attachment":"scroll","background-type":"","background-media":"","overlay-type":"","overlay-color":"","overlay-opacity":"","overlay-gradient":""}},"ast-content-background-meta":{"desktop":{"background-color":"var(--ast-global-color-5)","background-image":"","background-repeat":"repeat","background-position":"center center","background-size":"auto","background-attachment":"scroll","background-type":"","background-media":"","overlay-type":"","overlay-color":"","overlay-opacity":"","overlay-gradient":""},"tablet":{"background-color":"var(--ast-global-color-5)","background-image":"","background-repeat":"repeat","background-position":"center center","background-size":"auto","background-attachment":"scroll","background-type":"","background-media":"","overlay-type":"","overlay-color":"","overlay-opacity":"","overlay-gradient":""},"mobile":{"background-color":"var(--ast-global-color-5)","background-image":"","background-repeat":"repeat","background-position":"center center","background-size":"auto","background-attachment":"scroll","background-type":"","background-media":"","overlay-type":"","overlay-color":"","overlay-opacity":"","overlay-gradient":""}}},"product_brand":[],"product_cat":[22],"product_tag":[204,160,209,206,45,208,207,72,143,205],"class_list":{"0":"post-2435","1":"product","2":"type-product","3":"status-publish","4":"has-post-thumbnail","6":"product_cat-self-aligning-ball-bearings","7":"product_tag-1205-bearing","8":"product_tag-agricultural-bearing","9":"product_tag-conveyor-bearing","10":"product_tag-double-row-bearing","11":"product_tag-industrial-bearing","12":"product_tag-light-duty-bearing","13":"product_tag-misalignment-bearing","14":"product_tag-oem-bearing-supplier","15":"product_tag-precision-bearing-manufacturer","16":"product_tag-self-aligning-ball-bearing","17":"desktop-align-left","18":"tablet-align-left","19":"mobile-align-left","20":"ast-product-gallery-layout-horizontal-slider","21":"ast-product-gallery-with-no-image","22":"ast-product-tabs-layout-horizontal","24":"first","25":"instock","26":"shipping-taxable","27":"product-type-simple"},"_links":{"self":[{"href":"https:\/\/www.machinerybearings.com\/pl\/wp-json\/wp\/v2\/product\/2435","targetHints":{"allow":["GET"]}}],"collection":[{"href":"https:\/\/www.machinerybearings.com\/pl\/wp-json\/wp\/v2\/product"}],"about":[{"href":"https:\/\/www.machinerybearings.com\/pl\/wp-json\/wp\/v2\/types\/product"}],"replies":[{"embeddable":true,"href":"https:\/\/www.machinerybearings.com\/pl\/wp-json\/wp\/v2\/comments?post=2435"}],"wp:featuredmedia":[{"embeddable":true,"href":"https:\/\/www.machinerybearings.com\/pl\/wp-json\/wp\/v2\/media\/2538"}],"wp:attachment":[{"href":"https:\/\/www.machinerybearings.com\/pl\/wp-json\/wp\/v2\/media?parent=2435"}],"wp:term":[{"taxonomy":"product_brand","embeddable":true,"href":"https:\/\/www.machinerybearings.com\/pl\/wp-json\/wp\/v2\/product_brand?post=2435"},{"taxonomy":"product_cat","embeddable":true,"href":"https:\/\/www.machinerybearings.com\/pl\/wp-json\/wp\/v2\/product_cat?post=2435"},{"taxonomy":"product_tag","embeddable":true,"href":"https:\/\/www.machinerybearings.com\/pl\/wp-json\/wp\/v2\/product_tag?post=2435"}],"curies":[{"name":"wp","href":"https:\/\/api.w.org\/{rel}","templated":true}]}}