{"id":2436,"date":"2026-04-13T14:24:10","date_gmt":"2026-04-13T14:24:10","guid":{"rendered":"https:\/\/www.machinerybearings.com\/?post_type=product&#038;p=2436"},"modified":"2026-05-03T05:56:57","modified_gmt":"2026-05-03T05:56:57","slug":"1210-self-aligning-ball-bearing-double-row-bearing-for-shaft-misalignment-applications","status":"publish","type":"product","link":"https:\/\/www.machinerybearings.com\/pl\/produkt\/1210-self-aligning-ball-bearing-double-row-bearing-for-shaft-misalignment-applications\/","title":{"rendered":"\u0141o\u017cysko kulkowe 1210 samonastawne \u2013 \u0141o\u017cysko podw\u00f3jne do zastosowa\u0144 z niewsp\u00f3\u0142osiowo\u015bci\u0105 wa\u0142u"},"content":{"rendered":"<p data-start=\"363\" data-end=\"651\">Ten <strong data-start=\"367\" data-end=\"402\">\u0141o\u017cysko kulkowe 1210 samonastawne<\/strong> jest \u0142o\u017cyskiem kulkowym podw\u00f3jnego rz\u0119du zaprojektowanym do automatycznego kompensowania niewsp\u00f3\u0142osiowo\u015bci wa\u0142u i ugi\u0119cia podczas pracy. Jego sferyczny zewn\u0119trzny tor bie\u017cny umo\u017cliwia p\u0142ynne samonastawienie, redukuj\u0105c napr\u0119\u017cenia na \u0142o\u017cysku i poprawiaj\u0105c stabilno\u015b\u0107 operacyjn\u0105.<\/p>\n<p data-start=\"653\" data-end=\"960\">To \u0142o\u017cysko jest szczeg\u00f3lnie odpowiednie do zastosowa\u0144, w kt\u00f3rych mog\u0105 wyst\u0105pi\u0107 b\u0142\u0119dy monta\u017cowe, wyginanie wa\u0142u lub wibracje. Wykonane z wysokiej jako\u015bci stali chromowej i dost\u0119pne w opcjach ze stali nierdzewnej lub specjalnych materia\u0142\u00f3w, \u0142o\u017cysko 1210 oferuje niezawodn\u0105 wydajno\u015b\u0107, niskie tarcie i d\u0142ug\u0105 \u017cywotno\u015b\u0107.<\/p>\n<p data-start=\"962\" data-end=\"1111\">Dzi\u0119ki swojej solidnej konstrukcji i wi\u0119kszym rozmiarze w por\u00f3wnaniu do mniejszych modeli, \u0142o\u017cysko 1210 mo\u017ce wspiera\u0107 wy\u017csze obci\u0105\u017cenia, zachowuj\u0105c elastyczno\u015b\u0107 w ustawieniu.<\/p>\n<h1 data-section-id=\"8av2ty\" data-start=\"1118\" data-end=\"1136\"><span role=\"text\"><strong data-start=\"1120\" data-end=\"1136\">Kluczowe cechy<\/strong><\/span><\/h1>\n<ul data-start=\"1138\" data-end=\"1457\">\n<li data-section-id=\"gmtb4x\" data-start=\"1138\" data-end=\"1192\">Samonastawna konstrukcja do kompensacji niewsp\u00f3\u0142osiowo\u015bci<\/li>\n<li data-section-id=\"5a73n5\" data-start=\"1193\" data-end=\"1245\">Podw\u00f3jna struktura kulkowa dla zwi\u0119kszonej stabilno\u015bci<\/li>\n<li data-section-id=\"1mpt223\" data-start=\"1246\" data-end=\"1284\">P\u0142ynna praca przy niskim tarciu<\/li>\n<li data-section-id=\"hhcc7k\" data-start=\"1285\" data-end=\"1326\">Odpowiednie do zastosowa\u0144 o \u015brednim obci\u0105\u017ceniu<\/li>\n<li data-section-id=\"1cp3td6\" data-start=\"1327\" data-end=\"1371\">Redukuje wibracje i stres operacyjny<\/li>\n<li data-section-id=\"f8hmgc\" data-start=\"1372\" data-end=\"1409\">\u0141atwa instalacja i konserwacja<\/li>\n<li data-section-id=\"fhnbqz\" data-start=\"1410\" data-end=\"1457\">D\u0142uga \u017cywotno\u015b\u0107 z niezawodn\u0105 wydajno\u015bci\u0105<\/li>\n<\/ul>\n<h1 data-section-id=\"10k15yz\" data-start=\"1464\" data-end=\"1494\"><span role=\"text\"><strong data-start=\"1466\" data-end=\"1494\">Specyfikacje techniczne<\/strong><\/span><\/h1>\n<div class=\"TyagGW_tableContainer\">\n<div class=\"group TyagGW_tableWrapper flex flex-col-reverse w-fit\" tabindex=\"-1\">\n<table class=\"w-fit min-w-(--thread-content-width)\" data-start=\"1496\" data-end=\"1917\">\n<thead data-start=\"1496\" data-end=\"1517\">\n<tr data-start=\"1496\" data-end=\"1517\">\n<th class=\"\" data-start=\"1496\" data-end=\"1508\" data-col-size=\"sm\">Parametr<\/th>\n<th class=\"\" data-start=\"1508\" data-end=\"1517\" data-col-size=\"sm\">Warto\u015b\u0107<\/th>\n<\/tr>\n<\/thead>\n<tbody data-start=\"1538\" data-end=\"1917\">\n<tr data-start=\"1538\" data-end=\"1562\">\n<td data-start=\"1538\" data-end=\"1554\" data-col-size=\"sm\">Model \u0142o\u017cyska<\/td>\n<td data-col-size=\"sm\" data-start=\"1554\" data-end=\"1562\">1210<\/td>\n<\/tr>\n<tr data-start=\"1563\" data-end=\"1593\">\n<td data-start=\"1563\" data-end=\"1584\" data-col-size=\"sm\">\u015arednica wewn\u0119trzna (d)<\/td>\n<td data-col-size=\"sm\" data-start=\"1584\" data-end=\"1593\">50 mm<\/td>\n<\/tr>\n<tr data-start=\"1594\" data-end=\"1624\">\n<td data-start=\"1594\" data-end=\"1615\" data-col-size=\"sm\">\u015arednica zewn\u0119trzna (D)<\/td>\n<td data-col-size=\"sm\" data-start=\"1615\" data-end=\"1624\">90 mm<\/td>\n<\/tr>\n<tr data-start=\"1625\" data-end=\"1646\">\n<td data-start=\"1625\" data-end=\"1637\" data-col-size=\"sm\">Szeroko\u015b\u0107 (B)<\/td>\n<td data-col-size=\"sm\" data-start=\"1637\" data-end=\"1646\">20 mm<\/td>\n<\/tr>\n<tr data-start=\"1647\" data-end=\"1692\">\n<td data-start=\"1647\" data-end=\"1662\" data-col-size=\"sm\">Typ \u0142o\u017cyska<\/td>\n<td data-col-size=\"sm\" data-start=\"1662\" data-end=\"1692\">\u0141o\u017cysko kulkowe samonastawne<\/td>\n<\/tr>\n<tr data-start=\"1693\" data-end=\"1719\">\n<td data-start=\"1693\" data-end=\"1705\" data-col-size=\"sm\">Budowa<\/td>\n<td data-col-size=\"sm\" data-start=\"1705\" data-end=\"1719\">Podw\u00f3jny rz\u0105d<\/td>\n<\/tr>\n<tr data-start=\"1720\" data-end=\"1765\">\n<td data-start=\"1720\" data-end=\"1731\" data-col-size=\"sm\">Materia\u0142<\/td>\n<td data-start=\"1731\" data-end=\"1765\" data-col-size=\"sm\">Stal chromowa \/ Stal nierdzewna<\/td>\n<\/tr>\n<tr data-start=\"1766\" data-end=\"1807\">\n<td data-start=\"1766\" data-end=\"1782\" data-col-size=\"sm\">Materia\u0142 kosza<\/td>\n<td data-start=\"1782\" data-end=\"1807\" data-col-size=\"sm\">Stal \/ Mosi\u0105dz \/ Nylon<\/td>\n<\/tr>\n<tr data-start=\"1808\" data-end=\"1838\">\n<td data-start=\"1808\" data-end=\"1822\" data-col-size=\"sm\">Smarowanie<\/td>\n<td data-col-size=\"sm\" data-start=\"1822\" data-end=\"1838\">Smar \/ Olej<\/td>\n<\/tr>\n<tr data-start=\"1839\" data-end=\"1874\">\n<td data-start=\"1839\" data-end=\"1858\" data-col-size=\"sm\">Klasa dok\u0142adno\u015bci<\/td>\n<td data-start=\"1858\" data-end=\"1874\" data-col-size=\"sm\">P0 \/ P6 \/ P5<\/td>\n<\/tr>\n<tr data-start=\"1875\" data-end=\"1917\">\n<td data-start=\"1875\" data-end=\"1899\" data-col-size=\"sm\">Temperatura pracy<\/td>\n<td data-start=\"1899\" data-end=\"1917\" data-col-size=\"sm\">-20\u00b0C do 120\u00b0C<\/td>\n<\/tr>\n<\/tbody>\n<\/table>\n<\/div>\n<\/div>\n<h1 data-section-id=\"1p00fbj\" data-start=\"1924\" data-end=\"1942\"><span role=\"text\"><strong data-start=\"1926\" data-end=\"1942\">Zastosowania<\/strong><\/span><\/h1>\n<p data-start=\"1944\" data-end=\"1998\">\u0141o\u017cysko kulkowe 1210 samonastawne jest szeroko stosowane w:<\/p>\n<ul data-start=\"2000\" data-end=\"2178\">\n<li data-section-id=\"1n6ynun\" data-start=\"2000\" data-end=\"2026\">Maszynach rolniczych<\/li>\n<li data-section-id=\"176s2ln\" data-start=\"2027\" data-end=\"2047\">Systemach przeno\u015bnikowych<\/li>\n<li data-section-id=\"io1u9n\" data-start=\"2048\" data-end=\"2069\">Maszynach w\u0142\u00f3kienniczych<\/li>\n<li data-section-id=\"1ahkbyk\" data-start=\"2070\" data-end=\"2101\">Wentylatorach i dmuchawach przemys\u0142owych<\/li>\n<li data-section-id=\"1kib5nh\" data-start=\"2102\" data-end=\"2142\">Lekkim i \u015brednim sprz\u0119cie przemys\u0142owym<\/li>\n<li data-section-id=\"ib1wqr\" data-start=\"2143\" data-end=\"2178\">Systemach transmisji mechanicznej<\/li>\n<\/ul>\n<h1 data-section-id=\"zdmnob\" data-start=\"2185\" data-end=\"2204\"><span role=\"text\"><strong data-start=\"2187\" data-end=\"2204\">Dlaczego warto wybra\u0107 nas<\/strong><\/span><\/h1>\n<ul data-start=\"2206\" data-end=\"2416\">\n<li data-section-id=\"t14xel\" data-start=\"2206\" data-end=\"2259\">Stabilna produkcja fabryczna z konsekwentn\u0105 jako\u015bci\u0105<\/li>\n<li data-section-id=\"1h0w0om\" data-start=\"2260\" data-end=\"2302\">Dost\u0119pne rozwi\u0105zania OEM i dostosowane<\/li>\n<li data-section-id=\"18yrkc1\" data-start=\"2303\" data-end=\"2342\">Konkurencyjne ceny dla zam\u00f3wie\u0144 hurtowych<\/li>\n<li data-section-id=\"s44wzj\" data-start=\"2343\" data-end=\"2367\">Szybka globalna dostawa<\/li>\n<li data-section-id=\"1kx8zsp\" data-start=\"2368\" data-end=\"2416\">\u015acis\u0142y system inspekcji i kontroli jako\u015bci<\/li>\n<\/ul>\n<h1 data-section-id=\"1iusff4\" data-start=\"2423\" data-end=\"2432\"><span role=\"text\"><strong data-start=\"2425\" data-end=\"2432\">FAQ<\/strong><\/span><\/h1>\n<p data-start=\"2434\" data-end=\"2596\"><strong data-start=\"2434\" data-end=\"2498\">Q1: Jaka jest korzy\u015b\u0107 z \u0142o\u017cysk samonastawnych, takich jak 1210?<\/strong><br data-start=\"2498\" data-end=\"2501\" \/>A: Automatycznie dostosowuj\u0105 si\u0119 do niewsp\u00f3\u0142osiowo\u015bci wa\u0142u, redukuj\u0105c napr\u0119\u017cenia i wyd\u0142u\u017caj\u0105c \u017cywotno\u015b\u0107 \u0142o\u017cyska.<\/p>\n<p data-start=\"2598\" data-end=\"2705\"><strong data-start=\"2598\" data-end=\"2643\">Q2: Czy \u0142o\u017cyska 1210 mog\u0105 obs\u0142ugiwa\u0107 du\u017ce obci\u0105\u017cenia?<\/strong><br data-start=\"2643\" data-end=\"2646\" \/>A: S\u0105 odpowiednie do zastosowa\u0144 o lekkim i \u015brednim obci\u0105\u017ceniu.<\/p>\n<p data-start=\"2707\" data-end=\"2837\"><strong data-start=\"2707\" data-end=\"2754\">Q3: Czy dost\u0119pne s\u0105 wersje ze stali nierdzewnej?<\/strong><br data-start=\"2754\" data-end=\"2757\" \/>A: Tak, wersje ze stali nierdzewnej i specjalne opcje materia\u0142owe s\u0105 dost\u0119pne na \u017cyczenie.<\/p>","protected":false},"excerpt":{"rendered":"<p>Ten <strong data-start=\"367\" data-end=\"402\">\u0141o\u017cysko kulkowe 1210 samonastawne<\/strong> jest \u0142o\u017cyskiem kulkowym podw\u00f3jnego rz\u0119du zaprojektowanym do automatycznego kompensowania niewsp\u00f3\u0142osiowo\u015bci wa\u0142u i ugi\u0119cia podczas pracy. Jego sferyczny zewn\u0119trzny tor bie\u017cny umo\u017cliwia p\u0142ynne samonastawienie, redukuj\u0105c napr\u0119\u017cenia na \u0142o\u017cysku i poprawiaj\u0105c stabilno\u015b\u0107 operacyjn\u0105.<\/p>","protected":false},"featured_media":2539,"comment_status":"open","ping_status":"closed","template":"","meta":{"site-sidebar-layout":"default","site-content-layout":"","ast-site-content-layout":"default","site-content-style":"default","site-sidebar-style":"default","ast-global-header-display":"","ast-banner-title-visibility":"","ast-main-header-display":"","ast-hfb-above-header-display":"","ast-hfb-below-header-display":"","ast-hfb-mobile-header-display":"","site-post-title":"","ast-breadcrumbs-content":"","ast-featured-img":"","footer-sml-layout":"","ast-disable-related-posts":"","theme-transparent-header-meta":"default","adv-header-id-meta":"","stick-header-meta":"default","header-above-stick-meta":"","header-main-stick-meta":"","header-below-stick-meta":"","astra-migrate-meta-layouts":"set","ast-page-background-enabled":"default","ast-page-background-meta":{"desktop":{"background-color":"","background-image":"","background-repeat":"repeat","background-position":"center center","background-size":"auto","background-attachment":"scroll","background-type":"","background-media":"","overlay-type":"","overlay-color":"","overlay-opacity":"","overlay-gradient":""},"tablet":{"background-color":"","background-image":"","background-repeat":"repeat","background-position":"center center","background-size":"auto","background-attachment":"scroll","background-type":"","background-media":"","overlay-type":"","overlay-color":"","overlay-opacity":"","overlay-gradient":""},"mobile":{"background-color":"","background-image":"","background-repeat":"repeat","background-position":"center center","background-size":"auto","background-attachment":"scroll","background-type":"","background-media":"","overlay-type":"","overlay-color":"","overlay-opacity":"","overlay-gradient":""}},"ast-content-background-meta":{"desktop":{"background-color":"var(--ast-global-color-5)","background-image":"","background-repeat":"repeat","background-position":"center center","background-size":"auto","background-attachment":"scroll","background-type":"","background-media":"","overlay-type":"","overlay-color":"","overlay-opacity":"","overlay-gradient":""},"tablet":{"background-color":"var(--ast-global-color-5)","background-image":"","background-repeat":"repeat","background-position":"center center","background-size":"auto","background-attachment":"scroll","background-type":"","background-media":"","overlay-type":"","overlay-color":"","overlay-opacity":"","overlay-gradient":""},"mobile":{"background-color":"var(--ast-global-color-5)","background-image":"","background-repeat":"repeat","background-position":"center center","background-size":"auto","background-attachment":"scroll","background-type":"","background-media":"","overlay-type":"","overlay-color":"","overlay-opacity":"","overlay-gradient":""}}},"product_brand":[],"product_cat":[22],"product_tag":[210,160,209,206,45,211,207,72,143,205],"class_list":{"0":"post-2436","1":"product","2":"type-product","3":"status-publish","4":"has-post-thumbnail","6":"product_cat-self-aligning-ball-bearings","7":"product_tag-1210-bearing","8":"product_tag-agricultural-bearing","9":"product_tag-conveyor-bearing","10":"product_tag-double-row-bearing","11":"product_tag-industrial-bearing","12":"product_tag-mechanical-bearing","13":"product_tag-misalignment-bearing","14":"product_tag-oem-bearing-supplier","15":"product_tag-precision-bearing-manufacturer","16":"product_tag-self-aligning-ball-bearing","17":"desktop-align-left","18":"tablet-align-left","19":"mobile-align-left","20":"ast-product-gallery-layout-horizontal-slider","21":"ast-product-gallery-with-no-image","22":"ast-product-tabs-layout-horizontal","24":"first","25":"instock","26":"shipping-taxable","27":"product-type-simple"},"_links":{"self":[{"href":"https:\/\/www.machinerybearings.com\/pl\/wp-json\/wp\/v2\/product\/2436","targetHints":{"allow":["GET"]}}],"collection":[{"href":"https:\/\/www.machinerybearings.com\/pl\/wp-json\/wp\/v2\/product"}],"about":[{"href":"https:\/\/www.machinerybearings.com\/pl\/wp-json\/wp\/v2\/types\/product"}],"replies":[{"embeddable":true,"href":"https:\/\/www.machinerybearings.com\/pl\/wp-json\/wp\/v2\/comments?post=2436"}],"wp:featuredmedia":[{"embeddable":true,"href":"https:\/\/www.machinerybearings.com\/pl\/wp-json\/wp\/v2\/media\/2539"}],"wp:attachment":[{"href":"https:\/\/www.machinerybearings.com\/pl\/wp-json\/wp\/v2\/media?parent=2436"}],"wp:term":[{"taxonomy":"product_brand","embeddable":true,"href":"https:\/\/www.machinerybearings.com\/pl\/wp-json\/wp\/v2\/product_brand?post=2436"},{"taxonomy":"product_cat","embeddable":true,"href":"https:\/\/www.machinerybearings.com\/pl\/wp-json\/wp\/v2\/product_cat?post=2436"},{"taxonomy":"product_tag","embeddable":true,"href":"https:\/\/www.machinerybearings.com\/pl\/wp-json\/wp\/v2\/product_tag?post=2436"}],"curies":[{"name":"wp","href":"https:\/\/api.w.org\/{rel}","templated":true}]}}