{"id":2438,"date":"2026-04-13T14:27:13","date_gmt":"2026-04-13T14:27:13","guid":{"rendered":"https:\/\/www.machinerybearings.com\/?post_type=product&#038;p=2438"},"modified":"2026-05-03T06:20:40","modified_gmt":"2026-05-03T06:20:40","slug":"2205-double-row-self-aligning-ball-bearing-high-stability-bearing-for-misalignment-applications","status":"publish","type":"product","link":"https:\/\/www.machinerybearings.com\/pl\/produkt\/2205-double-row-self-aligning-ball-bearing-high-stability-bearing-for-misalignment-applications\/","title":{"rendered":"\u0141o\u017cysko kulkowe 2205 podw\u00f3jne samonastawne \u2013 \u0141o\u017cysko o wysokiej stabilno\u015bci do zastosowa\u0144 z niewsp\u00f3\u0142osiowo\u015bci\u0105"},"content":{"rendered":"<p data-start=\"371\" data-end=\"688\">Ten <strong data-start=\"375\" data-end=\"421\">\u0141o\u017cysko kulkowe samonastawne 2205 podw\u00f3jnego rz\u0119du<\/strong> jest zaprojektowane, aby pomie\u015bci\u0107 niedopasowanie wa\u0142u i ugi\u0119cie, jednocze\u015bnie utrzymuj\u0105c p\u0142ynne i stabilne dzia\u0142anie. Posiadaj\u0105c struktur\u0119 podw\u00f3jnego rz\u0119du kulkowego i sferyczny zewn\u0119trzny tor, to \u0142o\u017cysko automatycznie dostosowuje wyr\u00f3wnanie, redukuj\u0105c napr\u0119\u017cenia i wyd\u0142u\u017caj\u0105c \u017cywotno\u015b\u0107.<\/p>\n<p data-start=\"690\" data-end=\"1000\">W por\u00f3wnaniu do serii 1200, \u0142o\u017cysko 2205 oferuje lepsz\u0105 no\u015bno\u015b\u0107 i zwi\u0119kszon\u0105 trwa\u0142o\u015b\u0107, co czyni je odpowiednim do bardziej wymagaj\u0105cych zastosowa\u0144 przemys\u0142owych. Jest produkowane z wysokiej jako\u015bci stali chromowej i jest r\u00f3wnie\u017c dost\u0119pne w opcjach ze stali nierdzewnej lub specjalnych materia\u0142\u00f3w do \u015brodowisk korozyjnych.<\/p>\n<p data-start=\"1002\" data-end=\"1171\">To \u0142o\u017cysko jest szeroko stosowane w maszynach, gdzie trudno utrzyma\u0107 wyr\u00f3wnanie wa\u0142u, zapewniaj\u0105c niezawodne dzia\u0142anie nawet w warunkach wibracji i obci\u0105\u017ce\u0144 dynamicznych.<\/p>\n<h1 data-section-id=\"8av2ty\" data-start=\"1178\" data-end=\"1196\"><span role=\"text\"><strong data-start=\"1180\" data-end=\"1196\">Kluczowe cechy<\/strong><\/span><\/h1>\n<ul data-start=\"1198\" data-end=\"1531\">\n<li data-section-id=\"1fr59o7\" data-start=\"1198\" data-end=\"1257\">Konstrukcja samonastawna kompensuje niewsp\u00f3\u0142osiowo\u015b\u0107 wa\u0142u<\/li>\n<li data-section-id=\"nnbnhk\" data-start=\"1258\" data-end=\"1315\">Podw\u00f3jna struktura kulkowa dla zwi\u0119kszonej no\u015bno\u015bci<\/li>\n<li data-section-id=\"17sk4ga\" data-start=\"1316\" data-end=\"1353\">P\u0142ynny obr\u00f3t przy niskim tarciu<\/li>\n<li data-section-id=\"ib4eqx\" data-start=\"1354\" data-end=\"1403\">Zwi\u0119kszona stabilno\u015b\u0107 w warunkach wibracji<\/li>\n<li data-section-id=\"hhcc7k\" data-start=\"1404\" data-end=\"1445\">Odpowiednie do zastosowa\u0144 o \u015brednim obci\u0105\u017ceniu<\/li>\n<li data-section-id=\"f8hmgc\" data-start=\"1446\" data-end=\"1483\">\u0141atwa instalacja i konserwacja<\/li>\n<li data-section-id=\"fhnbqz\" data-start=\"1484\" data-end=\"1531\">D\u0142uga \u017cywotno\u015b\u0107 z niezawodn\u0105 wydajno\u015bci\u0105<\/li>\n<\/ul>\n<h1 data-section-id=\"10k15yz\" data-start=\"1538\" data-end=\"1568\"><span role=\"text\"><strong data-start=\"1540\" data-end=\"1568\">Specyfikacje techniczne<\/strong><\/span><\/h1>\n<div class=\"TyagGW_tableContainer\">\n<div class=\"group TyagGW_tableWrapper flex flex-col-reverse w-fit\" tabindex=\"-1\">\n<table class=\"w-fit min-w-(--thread-content-width)\" data-start=\"1570\" data-end=\"1991\">\n<thead data-start=\"1570\" data-end=\"1591\">\n<tr data-start=\"1570\" data-end=\"1591\">\n<th class=\"\" data-start=\"1570\" data-end=\"1582\" data-col-size=\"sm\">Parametr<\/th>\n<th class=\"\" data-start=\"1582\" data-end=\"1591\" data-col-size=\"sm\">Warto\u015b\u0107<\/th>\n<\/tr>\n<\/thead>\n<tbody data-start=\"1612\" data-end=\"1991\">\n<tr data-start=\"1612\" data-end=\"1636\">\n<td data-start=\"1612\" data-end=\"1628\" data-col-size=\"sm\">Model \u0142o\u017cyska<\/td>\n<td data-start=\"1628\" data-end=\"1636\" data-col-size=\"sm\">2205<\/td>\n<\/tr>\n<tr data-start=\"1637\" data-end=\"1667\">\n<td data-start=\"1637\" data-end=\"1658\" data-col-size=\"sm\">\u015arednica wewn\u0119trzna (d)<\/td>\n<td data-col-size=\"sm\" data-start=\"1658\" data-end=\"1667\">25 mm<\/td>\n<\/tr>\n<tr data-start=\"1668\" data-end=\"1698\">\n<td data-start=\"1668\" data-end=\"1689\" data-col-size=\"sm\">\u015arednica zewn\u0119trzna (D)<\/td>\n<td data-start=\"1689\" data-end=\"1698\" data-col-size=\"sm\">52 mm<\/td>\n<\/tr>\n<tr data-start=\"1699\" data-end=\"1720\">\n<td data-start=\"1699\" data-end=\"1711\" data-col-size=\"sm\">Szeroko\u015b\u0107 (B)<\/td>\n<td data-col-size=\"sm\" data-start=\"1711\" data-end=\"1720\">18 mm<\/td>\n<\/tr>\n<tr data-start=\"1721\" data-end=\"1766\">\n<td data-start=\"1721\" data-end=\"1736\" data-col-size=\"sm\">Typ \u0142o\u017cyska<\/td>\n<td data-col-size=\"sm\" data-start=\"1736\" data-end=\"1766\">\u0141o\u017cysko kulkowe samonastawne<\/td>\n<\/tr>\n<tr data-start=\"1767\" data-end=\"1793\">\n<td data-start=\"1767\" data-end=\"1779\" data-col-size=\"sm\">Budowa<\/td>\n<td data-col-size=\"sm\" data-start=\"1779\" data-end=\"1793\">Podw\u00f3jny rz\u0105d<\/td>\n<\/tr>\n<tr data-start=\"1794\" data-end=\"1839\">\n<td data-start=\"1794\" data-end=\"1805\" data-col-size=\"sm\">Materia\u0142<\/td>\n<td data-start=\"1805\" data-end=\"1839\" data-col-size=\"sm\">Stal chromowa \/ Stal nierdzewna<\/td>\n<\/tr>\n<tr data-start=\"1840\" data-end=\"1881\">\n<td data-start=\"1840\" data-end=\"1856\" data-col-size=\"sm\">Materia\u0142 kosza<\/td>\n<td data-col-size=\"sm\" data-start=\"1856\" data-end=\"1881\">Stal \/ Mosi\u0105dz \/ Nylon<\/td>\n<\/tr>\n<tr data-start=\"1882\" data-end=\"1912\">\n<td data-start=\"1882\" data-end=\"1896\" data-col-size=\"sm\">Smarowanie<\/td>\n<td data-col-size=\"sm\" data-start=\"1896\" data-end=\"1912\">Smar \/ Olej<\/td>\n<\/tr>\n<tr data-start=\"1913\" data-end=\"1948\">\n<td data-start=\"1913\" data-end=\"1932\" data-col-size=\"sm\">Klasa dok\u0142adno\u015bci<\/td>\n<td data-start=\"1932\" data-end=\"1948\" data-col-size=\"sm\">P0 \/ P6 \/ P5<\/td>\n<\/tr>\n<tr data-start=\"1949\" data-end=\"1991\">\n<td data-start=\"1949\" data-end=\"1973\" data-col-size=\"sm\">Temperatura pracy<\/td>\n<td data-col-size=\"sm\" data-start=\"1973\" data-end=\"1991\">-20\u00b0C do 120\u00b0C<\/td>\n<\/tr>\n<\/tbody>\n<\/table>\n<\/div>\n<\/div>\n<h1 data-section-id=\"1p00fbj\" data-start=\"1998\" data-end=\"2016\"><span role=\"text\"><strong data-start=\"2000\" data-end=\"2016\">Zastosowania<\/strong><\/span><\/h1>\n<p data-start=\"2018\" data-end=\"2072\">\u0141o\u017cysko kulkowe samonastawne 2205 jest szeroko stosowane w:<\/p>\n<ul data-start=\"2074\" data-end=\"2252\">\n<li data-section-id=\"1n6ynun\" data-start=\"2074\" data-end=\"2100\">Maszynach rolniczych<\/li>\n<li data-section-id=\"176s2ln\" data-start=\"2101\" data-end=\"2121\">Systemach przeno\u015bnikowych<\/li>\n<li data-section-id=\"io1u9n\" data-start=\"2122\" data-end=\"2143\">Maszynach w\u0142\u00f3kienniczych<\/li>\n<li data-section-id=\"1ahkbyk\" data-start=\"2144\" data-end=\"2175\">Wentylatorach i dmuchawach przemys\u0142owych<\/li>\n<li data-section-id=\"1kib5nh\" data-start=\"2176\" data-end=\"2216\">Lekkim i \u015brednim sprz\u0119cie przemys\u0142owym<\/li>\n<li data-section-id=\"ib1wqr\" data-start=\"2217\" data-end=\"2252\">Systemach transmisji mechanicznej<\/li>\n<\/ul>\n<h1 data-section-id=\"zdmnob\" data-start=\"2259\" data-end=\"2278\"><span role=\"text\"><strong data-start=\"2261\" data-end=\"2278\">Dlaczego warto wybra\u0107 nas<\/strong><\/span><\/h1>\n<ul data-start=\"2280\" data-end=\"2504\">\n<li data-section-id=\"t14xel\" data-start=\"2280\" data-end=\"2333\">Stabilna produkcja fabryczna z konsekwentn\u0105 jako\u015bci\u0105<\/li>\n<li data-section-id=\"hq554l\" data-start=\"2334\" data-end=\"2379\">Opcje materia\u0142\u00f3w OEM i niestandardowych dost\u0119pne<\/li>\n<li data-section-id=\"18yrkc1\" data-start=\"2380\" data-end=\"2419\">Konkurencyjne ceny dla zam\u00f3wie\u0144 hurtowych<\/li>\n<li data-section-id=\"k7xnqf\" data-start=\"2420\" data-end=\"2455\">Szybka dostawa i globalna dostawa<\/li>\n<li data-section-id=\"1xn5vwo\" data-start=\"2456\" data-end=\"2504\">\u015acis\u0142y system kontroli jako\u015bci i testowania<\/li>\n<\/ul>\n<h1 data-section-id=\"1iusff4\" data-start=\"2511\" data-end=\"2520\"><span role=\"text\"><strong data-start=\"2513\" data-end=\"2520\">FAQ<\/strong><\/span><\/h1>\n<p data-start=\"2522\" data-end=\"2667\"><strong data-start=\"2522\" data-end=\"2586\">Q1: Jaka jest zaleta 2205 w por\u00f3wnaniu do \u0142o\u017cysk 1205?<\/strong><br data-start=\"2586\" data-end=\"2589\" \/>A: \u0141o\u017cysko 2205 ma wy\u017csz\u0105 no\u015bno\u015b\u0107 i poprawion\u0105 wytrzyma\u0142o\u015b\u0107 strukturaln\u0105.<\/p>\n<p data-start=\"2669\" data-end=\"2794\"><strong data-start=\"2669\" data-end=\"2715\">Q2: Czy \u0142o\u017cyska 2205 mog\u0105 radzi\u0107 sobie z niedopasowaniem?<\/strong><br data-start=\"2715\" data-end=\"2718\" \/>A: Tak, s\u0105 specjalnie zaprojektowane, aby kompensowa\u0107 niedopasowanie wa\u0142u.<\/p>\n<p data-start=\"2796\" data-end=\"2940\"><strong data-start=\"2796\" data-end=\"2843\">Q3: Czy dost\u0119pne s\u0105 wersje ze stali nierdzewnej?<\/strong><br data-start=\"2843\" data-end=\"2846\" \/>A: Tak, dost\u0119pne s\u0105 opcje ze stali nierdzewnej i specjalnych materia\u0142\u00f3w do \u015brodowisk korozyjnych.<\/p>","protected":false},"excerpt":{"rendered":"<p>Ten <strong data-start=\"375\" data-end=\"421\">\u0141o\u017cysko kulkowe samonastawne 2205 podw\u00f3jnego rz\u0119du<\/strong> jest zaprojektowane, aby pomie\u015bci\u0107 niedopasowanie wa\u0142u i ugi\u0119cie, jednocze\u015bnie utrzymuj\u0105c p\u0142ynne i stabilne dzia\u0142anie. Posiadaj\u0105c struktur\u0119 podw\u00f3jnego rz\u0119du kulkowego i sferyczny zewn\u0119trzny tor, to \u0142o\u017cysko automatycznie dostosowuje wyr\u00f3wnanie, redukuj\u0105c napr\u0119\u017cenia i wyd\u0142u\u017caj\u0105c \u017cywotno\u015b\u0107.<\/p>","protected":false},"featured_media":2544,"comment_status":"open","ping_status":"closed","template":"","meta":{"site-sidebar-layout":"default","site-content-layout":"","ast-site-content-layout":"default","site-content-style":"default","site-sidebar-style":"default","ast-global-header-display":"","ast-banner-title-visibility":"","ast-main-header-display":"","ast-hfb-above-header-display":"","ast-hfb-below-header-display":"","ast-hfb-mobile-header-display":"","site-post-title":"","ast-breadcrumbs-content":"","ast-featured-img":"","footer-sml-layout":"","ast-disable-related-posts":"","theme-transparent-header-meta":"default","adv-header-id-meta":"","stick-header-meta":"default","header-above-stick-meta":"","header-main-stick-meta":"","header-below-stick-meta":"","astra-migrate-meta-layouts":"set","ast-page-background-enabled":"default","ast-page-background-meta":{"desktop":{"background-color":"","background-image":"","background-repeat":"repeat","background-position":"center center","background-size":"auto","background-attachment":"scroll","background-type":"","background-media":"","overlay-type":"","overlay-color":"","overlay-opacity":"","overlay-gradient":""},"tablet":{"background-color":"","background-image":"","background-repeat":"repeat","background-position":"center center","background-size":"auto","background-attachment":"scroll","background-type":"","background-media":"","overlay-type":"","overlay-color":"","overlay-opacity":"","overlay-gradient":""},"mobile":{"background-color":"","background-image":"","background-repeat":"repeat","background-position":"center center","background-size":"auto","background-attachment":"scroll","background-type":"","background-media":"","overlay-type":"","overlay-color":"","overlay-opacity":"","overlay-gradient":""}},"ast-content-background-meta":{"desktop":{"background-color":"var(--ast-global-color-5)","background-image":"","background-repeat":"repeat","background-position":"center center","background-size":"auto","background-attachment":"scroll","background-type":"","background-media":"","overlay-type":"","overlay-color":"","overlay-opacity":"","overlay-gradient":""},"tablet":{"background-color":"var(--ast-global-color-5)","background-image":"","background-repeat":"repeat","background-position":"center center","background-size":"auto","background-attachment":"scroll","background-type":"","background-media":"","overlay-type":"","overlay-color":"","overlay-opacity":"","overlay-gradient":""},"mobile":{"background-color":"var(--ast-global-color-5)","background-image":"","background-repeat":"repeat","background-position":"center center","background-size":"auto","background-attachment":"scroll","background-type":"","background-media":"","overlay-type":"","overlay-color":"","overlay-opacity":"","overlay-gradient":""}}},"product_brand":[],"product_cat":[22],"product_tag":[212,160,209,206,45,211,207,72,143,205],"class_list":{"0":"post-2438","1":"product","2":"type-product","3":"status-publish","4":"has-post-thumbnail","6":"product_cat-self-aligning-ball-bearings","7":"product_tag-2205-bearing","8":"product_tag-agricultural-bearing","9":"product_tag-conveyor-bearing","10":"product_tag-double-row-bearing","11":"product_tag-industrial-bearing","12":"product_tag-mechanical-bearing","13":"product_tag-misalignment-bearing","14":"product_tag-oem-bearing-supplier","15":"product_tag-precision-bearing-manufacturer","16":"product_tag-self-aligning-ball-bearing","17":"desktop-align-left","18":"tablet-align-left","19":"mobile-align-left","20":"ast-product-gallery-layout-horizontal-slider","21":"ast-product-gallery-with-no-image","22":"ast-product-tabs-layout-horizontal","24":"first","25":"instock","26":"shipping-taxable","27":"product-type-simple"},"_links":{"self":[{"href":"https:\/\/www.machinerybearings.com\/pl\/wp-json\/wp\/v2\/product\/2438","targetHints":{"allow":["GET"]}}],"collection":[{"href":"https:\/\/www.machinerybearings.com\/pl\/wp-json\/wp\/v2\/product"}],"about":[{"href":"https:\/\/www.machinerybearings.com\/pl\/wp-json\/wp\/v2\/types\/product"}],"replies":[{"embeddable":true,"href":"https:\/\/www.machinerybearings.com\/pl\/wp-json\/wp\/v2\/comments?post=2438"}],"wp:featuredmedia":[{"embeddable":true,"href":"https:\/\/www.machinerybearings.com\/pl\/wp-json\/wp\/v2\/media\/2544"}],"wp:attachment":[{"href":"https:\/\/www.machinerybearings.com\/pl\/wp-json\/wp\/v2\/media?parent=2438"}],"wp:term":[{"taxonomy":"product_brand","embeddable":true,"href":"https:\/\/www.machinerybearings.com\/pl\/wp-json\/wp\/v2\/product_brand?post=2438"},{"taxonomy":"product_cat","embeddable":true,"href":"https:\/\/www.machinerybearings.com\/pl\/wp-json\/wp\/v2\/product_cat?post=2438"},{"taxonomy":"product_tag","embeddable":true,"href":"https:\/\/www.machinerybearings.com\/pl\/wp-json\/wp\/v2\/product_tag?post=2438"}],"curies":[{"name":"wp","href":"https:\/\/api.w.org\/{rel}","templated":true}]}}