{"id":2439,"date":"2026-04-13T14:29:22","date_gmt":"2026-04-13T14:29:22","guid":{"rendered":"https:\/\/www.machinerybearings.com\/?post_type=product&#038;p=2439"},"modified":"2026-05-03T06:05:03","modified_gmt":"2026-05-03T06:05:03","slug":"1308-self-aligning-ball-bearing-double-row-bearing-for-shaft-misalignment-industrial-applications","status":"publish","type":"product","link":"https:\/\/www.machinerybearings.com\/pl\/produkt\/1308-self-aligning-ball-bearing-double-row-bearing-for-shaft-misalignment-industrial-applications\/","title":{"rendered":"\u0141o\u017cysko kulkowe 1308 samonastawne \u2013 \u0141o\u017cysko podw\u00f3jne do zastosowa\u0144 z niewsp\u00f3\u0142osiowo\u015bci\u0105 wa\u0142u i przemys\u0142owych"},"content":{"rendered":"<p data-start=\"369\" data-end=\"656\">Ten <strong data-start=\"373\" data-end=\"408\">\u0141o\u017cysko kulkowe samonastawne 1308<\/strong> jest \u0142o\u017cyskiem podw\u00f3jnym zaprojektowanym specjalnie do kompensacji niewsp\u00f3\u0142osiowo\u015bci wa\u0142u i ugi\u0119cia podczas pracy. Dzi\u0119ki sferycznej zewn\u0119trznej bie\u017cni, to \u0142o\u017cysko automatycznie dostosowuje ustawienie, zapewniaj\u0105c p\u0142ynny obr\u00f3t i redukuj\u0105c wewn\u0119trzne napr\u0119\u017cenia.<\/p>\n<p data-start=\"658\" data-end=\"943\">W por\u00f3wnaniu do mniejszych serii, \u0142o\u017cysko 1308 oferuje wy\u017csz\u0105 no\u015bno\u015b\u0107 i poprawion\u0105 wytrzyma\u0142o\u015b\u0107 strukturaln\u0105, co czyni je odpowiednim do \u015brednich i stosunkowo ci\u0119\u017ckich zastosowa\u0144 przemys\u0142owych. Dzia\u0142a niezawodnie w systemach, w kt\u00f3rych mog\u0105 wyst\u0119powa\u0107 ugi\u0119cia wa\u0142u, wibracje lub b\u0142\u0119dy monta\u017cowe.<\/p>\n<p data-start=\"945\" data-end=\"1137\">Wykonane z wysokiej jako\u015bci stali chromowej i dost\u0119pne w opcjach ze stali nierdzewnej lub specjalnych materia\u0142\u00f3w, \u0142o\u017cysko 1308 zapewnia niskie tarcie, stabiln\u0105 wydajno\u015b\u0107 i wyd\u0142u\u017con\u0105 \u017cywotno\u015b\u0107.<\/p>\n<h1 data-section-id=\"8av2ty\" data-start=\"1144\" data-end=\"1162\"><span role=\"text\"><strong data-start=\"1146\" data-end=\"1162\">Kluczowe cechy<\/strong><\/span><\/h1>\n<ul data-start=\"1164\" data-end=\"1500\">\n<li data-section-id=\"1fr59o7\" data-start=\"1164\" data-end=\"1223\">Konstrukcja samonastawna kompensuje niewsp\u00f3\u0142osiowo\u015b\u0107 wa\u0142u<\/li>\n<li data-section-id=\"nnbnhk\" data-start=\"1224\" data-end=\"1281\">Podw\u00f3jna struktura kulkowa dla zwi\u0119kszonej no\u015bno\u015bci<\/li>\n<li data-section-id=\"1mpt223\" data-start=\"1282\" data-end=\"1320\">P\u0142ynna praca przy niskim tarciu<\/li>\n<li data-section-id=\"1cx40cl\" data-start=\"1321\" data-end=\"1370\">Odpowiednie do zastosowa\u0144 o \u015brednim i wysokim obci\u0105\u017ceniu<\/li>\n<li data-section-id=\"1cp3td6\" data-start=\"1371\" data-end=\"1415\">Redukuje wibracje i stres operacyjny<\/li>\n<li data-section-id=\"f8hmgc\" data-start=\"1416\" data-end=\"1453\">\u0141atwa instalacja i konserwacja<\/li>\n<li data-section-id=\"1kczbua\" data-start=\"1454\" data-end=\"1500\">D\u0142uga \u017cywotno\u015b\u0107 i niezawodna wydajno\u015b\u0107<\/li>\n<\/ul>\n<h1 data-section-id=\"10k15yz\" data-start=\"1507\" data-end=\"1537\"><span role=\"text\"><strong data-start=\"1509\" data-end=\"1537\">Specyfikacje techniczne<\/strong><\/span><\/h1>\n<div class=\"TyagGW_tableContainer\">\n<div class=\"group TyagGW_tableWrapper flex flex-col-reverse w-fit\" tabindex=\"-1\">\n<table class=\"w-fit min-w-(--thread-content-width)\" data-start=\"1539\" data-end=\"1960\">\n<thead data-start=\"1539\" data-end=\"1560\">\n<tr data-start=\"1539\" data-end=\"1560\">\n<th class=\"\" data-start=\"1539\" data-end=\"1551\" data-col-size=\"sm\">Parametr<\/th>\n<th class=\"\" data-start=\"1551\" data-end=\"1560\" data-col-size=\"sm\">Warto\u015b\u0107<\/th>\n<\/tr>\n<\/thead>\n<tbody data-start=\"1581\" data-end=\"1960\">\n<tr data-start=\"1581\" data-end=\"1605\">\n<td data-start=\"1581\" data-end=\"1597\" data-col-size=\"sm\">Model \u0142o\u017cyska<\/td>\n<td data-start=\"1597\" data-end=\"1605\" data-col-size=\"sm\">1308<\/td>\n<\/tr>\n<tr data-start=\"1606\" data-end=\"1636\">\n<td data-start=\"1606\" data-end=\"1627\" data-col-size=\"sm\">\u015arednica wewn\u0119trzna (d)<\/td>\n<td data-start=\"1627\" data-end=\"1636\" data-col-size=\"sm\">40 mm<\/td>\n<\/tr>\n<tr data-start=\"1637\" data-end=\"1667\">\n<td data-start=\"1637\" data-end=\"1658\" data-col-size=\"sm\">\u015arednica zewn\u0119trzna (D)<\/td>\n<td data-start=\"1658\" data-end=\"1667\" data-col-size=\"sm\">90 mm<\/td>\n<\/tr>\n<tr data-start=\"1668\" data-end=\"1689\">\n<td data-start=\"1668\" data-end=\"1680\" data-col-size=\"sm\">Szeroko\u015b\u0107 (B)<\/td>\n<td data-start=\"1680\" data-end=\"1689\" data-col-size=\"sm\">23 mm<\/td>\n<\/tr>\n<tr data-start=\"1690\" data-end=\"1735\">\n<td data-start=\"1690\" data-end=\"1705\" data-col-size=\"sm\">Typ \u0142o\u017cyska<\/td>\n<td data-start=\"1705\" data-end=\"1735\" data-col-size=\"sm\">\u0141o\u017cysko kulkowe samonastawne<\/td>\n<\/tr>\n<tr data-start=\"1736\" data-end=\"1762\">\n<td data-start=\"1736\" data-end=\"1748\" data-col-size=\"sm\">Budowa<\/td>\n<td data-start=\"1748\" data-end=\"1762\" data-col-size=\"sm\">Podw\u00f3jny rz\u0105d<\/td>\n<\/tr>\n<tr data-start=\"1763\" data-end=\"1808\">\n<td data-start=\"1763\" data-end=\"1774\" data-col-size=\"sm\">Materia\u0142<\/td>\n<td data-start=\"1774\" data-end=\"1808\" data-col-size=\"sm\">Stal chromowa \/ Stal nierdzewna<\/td>\n<\/tr>\n<tr data-start=\"1809\" data-end=\"1850\">\n<td data-start=\"1809\" data-end=\"1825\" data-col-size=\"sm\">Materia\u0142 kosza<\/td>\n<td data-start=\"1825\" data-end=\"1850\" data-col-size=\"sm\">Stal \/ Mosi\u0105dz \/ Nylon<\/td>\n<\/tr>\n<tr data-start=\"1851\" data-end=\"1881\">\n<td data-start=\"1851\" data-end=\"1865\" data-col-size=\"sm\">Smarowanie<\/td>\n<td data-start=\"1865\" data-end=\"1881\" data-col-size=\"sm\">Smar \/ Olej<\/td>\n<\/tr>\n<tr data-start=\"1882\" data-end=\"1917\">\n<td data-start=\"1882\" data-end=\"1901\" data-col-size=\"sm\">Klasa dok\u0142adno\u015bci<\/td>\n<td data-start=\"1901\" data-end=\"1917\" data-col-size=\"sm\">P0 \/ P6 \/ P5<\/td>\n<\/tr>\n<tr data-start=\"1918\" data-end=\"1960\">\n<td data-start=\"1918\" data-end=\"1942\" data-col-size=\"sm\">Temperatura pracy<\/td>\n<td data-start=\"1942\" data-end=\"1960\" data-col-size=\"sm\">-20\u00b0C do 120\u00b0C<\/td>\n<\/tr>\n<\/tbody>\n<\/table>\n<\/div>\n<\/div>\n<h1 data-section-id=\"1p00fbj\" data-start=\"1967\" data-end=\"1985\"><span role=\"text\"><strong data-start=\"1969\" data-end=\"1985\">Zastosowania<\/strong><\/span><\/h1>\n<p data-start=\"1987\" data-end=\"2041\">\u0141o\u017cysko kulkowe samonastawne 1308 jest szeroko stosowane w:<\/p>\n<ul data-start=\"2043\" data-end=\"2221\">\n<li data-section-id=\"1n6ynun\" data-start=\"2043\" data-end=\"2069\">Maszynach rolniczych<\/li>\n<li data-section-id=\"176s2ln\" data-start=\"2070\" data-end=\"2090\">Systemach przeno\u015bnikowych<\/li>\n<li data-section-id=\"1ahkbyk\" data-start=\"2091\" data-end=\"2122\">Wentylatorach i dmuchawach przemys\u0142owych<\/li>\n<li data-section-id=\"io1u9n\" data-start=\"2123\" data-end=\"2144\">Maszynach w\u0142\u00f3kienniczych<\/li>\n<li data-section-id=\"ib1wqr\" data-start=\"2145\" data-end=\"2180\">Systemach transmisji mechanicznej<\/li>\n<li data-section-id=\"1kib5nh\" data-start=\"2181\" data-end=\"2221\">Lekkim i \u015brednim sprz\u0119cie przemys\u0142owym<\/li>\n<\/ul>\n<h1 data-section-id=\"zdmnob\" data-start=\"2228\" data-end=\"2247\"><span role=\"text\"><strong data-start=\"2230\" data-end=\"2247\">Dlaczego warto wybra\u0107 nas<\/strong><\/span><\/h1>\n<ul data-start=\"2249\" data-end=\"2466\">\n<li data-section-id=\"t14xel\" data-start=\"2249\" data-end=\"2302\">Stabilna produkcja fabryczna z konsekwentn\u0105 jako\u015bci\u0105<\/li>\n<li data-section-id=\"hq554l\" data-start=\"2303\" data-end=\"2348\">Opcje materia\u0142\u00f3w OEM i niestandardowych dost\u0119pne<\/li>\n<li data-section-id=\"18yrkc1\" data-start=\"2349\" data-end=\"2388\">Konkurencyjne ceny dla zam\u00f3wie\u0144 hurtowych<\/li>\n<li data-section-id=\"k7xnqf\" data-start=\"2389\" data-end=\"2424\">Szybka dostawa i globalna dostawa<\/li>\n<li data-section-id=\"1u6ytj0\" data-start=\"2425\" data-end=\"2466\">\u015acis\u0142a inspekcja i kontrola jako\u015bci<\/li>\n<\/ul>\n<h1 data-section-id=\"1iusff4\" data-start=\"2473\" data-end=\"2482\"><span role=\"text\"><strong data-start=\"2475\" data-end=\"2482\">FAQ<\/strong><\/span><\/h1>\n<p data-start=\"2484\" data-end=\"2653\"><strong data-start=\"2484\" data-end=\"2550\">Q1: Jaka jest g\u0142\u00f3wna zaleta \u0142o\u017cysk samonastawnych 1308?<\/strong><br data-start=\"2550\" data-end=\"2553\" \/>A: Automatycznie kompensuj\u0105 niewsp\u00f3\u0142osiowo\u015b\u0107 wa\u0142u, redukuj\u0105c napr\u0119\u017cenia i wyd\u0142u\u017caj\u0105c \u017cywotno\u015b\u0107.<\/p>\n<p data-start=\"2655\" data-end=\"2816\"><strong data-start=\"2655\" data-end=\"2708\">Q2: Czy 1308 nadaje si\u0119 do zastosowa\u0144 o du\u017cym obci\u0105\u017ceniu?<\/strong><br data-start=\"2708\" data-end=\"2711\" \/>A: Jest odpowiednie do \u015brednich i stosunkowo du\u017cych obci\u0105\u017ce\u0144, ale nie do ekstremalnych warunk\u00f3w ci\u0119\u017ckiego u\u017cytkowania.<\/p>\n<p data-start=\"2818\" data-end=\"2951\"><strong data-start=\"2818\" data-end=\"2865\">Q3: Czy dost\u0119pne s\u0105 wersje ze stali nierdzewnej?<\/strong><br data-start=\"2865\" data-end=\"2868\" \/>A: Tak, opcje ze stali nierdzewnej i dostosowanych materia\u0142\u00f3w s\u0105 dost\u0119pne na \u017cyczenie.<\/p>","protected":false},"excerpt":{"rendered":"<p>Ten <strong data-start=\"373\" data-end=\"408\">\u0141o\u017cysko kulkowe samonastawne 1308<\/strong> jest \u0142o\u017cyskiem podw\u00f3jnym zaprojektowanym specjalnie do kompensacji niewsp\u00f3\u0142osiowo\u015bci wa\u0142u i ugi\u0119cia podczas pracy. Dzi\u0119ki sferycznej zewn\u0119trznej bie\u017cni, to \u0142o\u017cysko automatycznie dostosowuje ustawienie, zapewniaj\u0105c p\u0142ynny obr\u00f3t i redukuj\u0105c wewn\u0119trzne napr\u0119\u017cenia.<\/p>","protected":false},"featured_media":2540,"comment_status":"open","ping_status":"closed","template":"","meta":{"site-sidebar-layout":"default","site-content-layout":"","ast-site-content-layout":"default","site-content-style":"default","site-sidebar-style":"default","ast-global-header-display":"","ast-banner-title-visibility":"","ast-main-header-display":"","ast-hfb-above-header-display":"","ast-hfb-below-header-display":"","ast-hfb-mobile-header-display":"","site-post-title":"","ast-breadcrumbs-content":"","ast-featured-img":"","footer-sml-layout":"","ast-disable-related-posts":"","theme-transparent-header-meta":"default","adv-header-id-meta":"","stick-header-meta":"default","header-above-stick-meta":"","header-main-stick-meta":"","header-below-stick-meta":"","astra-migrate-meta-layouts":"set","ast-page-background-enabled":"default","ast-page-background-meta":{"desktop":{"background-color":"","background-image":"","background-repeat":"repeat","background-position":"center center","background-size":"auto","background-attachment":"scroll","background-type":"","background-media":"","overlay-type":"","overlay-color":"","overlay-opacity":"","overlay-gradient":""},"tablet":{"background-color":"","background-image":"","background-repeat":"repeat","background-position":"center center","background-size":"auto","background-attachment":"scroll","background-type":"","background-media":"","overlay-type":"","overlay-color":"","overlay-opacity":"","overlay-gradient":""},"mobile":{"background-color":"","background-image":"","background-repeat":"repeat","background-position":"center center","background-size":"auto","background-attachment":"scroll","background-type":"","background-media":"","overlay-type":"","overlay-color":"","overlay-opacity":"","overlay-gradient":""}},"ast-content-background-meta":{"desktop":{"background-color":"var(--ast-global-color-5)","background-image":"","background-repeat":"repeat","background-position":"center center","background-size":"auto","background-attachment":"scroll","background-type":"","background-media":"","overlay-type":"","overlay-color":"","overlay-opacity":"","overlay-gradient":""},"tablet":{"background-color":"var(--ast-global-color-5)","background-image":"","background-repeat":"repeat","background-position":"center center","background-size":"auto","background-attachment":"scroll","background-type":"","background-media":"","overlay-type":"","overlay-color":"","overlay-opacity":"","overlay-gradient":""},"mobile":{"background-color":"var(--ast-global-color-5)","background-image":"","background-repeat":"repeat","background-position":"center center","background-size":"auto","background-attachment":"scroll","background-type":"","background-media":"","overlay-type":"","overlay-color":"","overlay-opacity":"","overlay-gradient":""}}},"product_brand":[],"product_cat":[22],"product_tag":[213,160,209,206,45,211,207,72,143,205],"class_list":{"0":"post-2439","1":"product","2":"type-product","3":"status-publish","4":"has-post-thumbnail","6":"product_cat-self-aligning-ball-bearings","7":"product_tag-1308-bearing","8":"product_tag-agricultural-bearing","9":"product_tag-conveyor-bearing","10":"product_tag-double-row-bearing","11":"product_tag-industrial-bearing","12":"product_tag-mechanical-bearing","13":"product_tag-misalignment-bearing","14":"product_tag-oem-bearing-supplier","15":"product_tag-precision-bearing-manufacturer","16":"product_tag-self-aligning-ball-bearing","17":"desktop-align-left","18":"tablet-align-left","19":"mobile-align-left","20":"ast-product-gallery-layout-horizontal-slider","21":"ast-product-gallery-with-no-image","22":"ast-product-tabs-layout-horizontal","24":"first","25":"instock","26":"shipping-taxable","27":"product-type-simple"},"_links":{"self":[{"href":"https:\/\/www.machinerybearings.com\/pl\/wp-json\/wp\/v2\/product\/2439","targetHints":{"allow":["GET"]}}],"collection":[{"href":"https:\/\/www.machinerybearings.com\/pl\/wp-json\/wp\/v2\/product"}],"about":[{"href":"https:\/\/www.machinerybearings.com\/pl\/wp-json\/wp\/v2\/types\/product"}],"replies":[{"embeddable":true,"href":"https:\/\/www.machinerybearings.com\/pl\/wp-json\/wp\/v2\/comments?post=2439"}],"wp:featuredmedia":[{"embeddable":true,"href":"https:\/\/www.machinerybearings.com\/pl\/wp-json\/wp\/v2\/media\/2540"}],"wp:attachment":[{"href":"https:\/\/www.machinerybearings.com\/pl\/wp-json\/wp\/v2\/media?parent=2439"}],"wp:term":[{"taxonomy":"product_brand","embeddable":true,"href":"https:\/\/www.machinerybearings.com\/pl\/wp-json\/wp\/v2\/product_brand?post=2439"},{"taxonomy":"product_cat","embeddable":true,"href":"https:\/\/www.machinerybearings.com\/pl\/wp-json\/wp\/v2\/product_cat?post=2439"},{"taxonomy":"product_tag","embeddable":true,"href":"https:\/\/www.machinerybearings.com\/pl\/wp-json\/wp\/v2\/product_tag?post=2439"}],"curies":[{"name":"wp","href":"https:\/\/api.w.org\/{rel}","templated":true}]}}