{"id":2440,"date":"2026-04-13T14:32:45","date_gmt":"2026-04-13T14:32:45","guid":{"rendered":"https:\/\/www.machinerybearings.com\/?post_type=product&#038;p=2440"},"modified":"2026-05-04T14:15:15","modified_gmt":"2026-05-04T14:15:15","slug":"wide-inner-ring-bearing-insert-bearing-with-extended-inner-ring-for-enhanced-shaft-support","status":"publish","type":"product","link":"https:\/\/www.machinerybearings.com\/pl\/produkt\/wide-inner-ring-bearing-insert-bearing-with-extended-inner-ring-for-enhanced-shaft-support\/","title":{"rendered":"\u0141o\u017cysko z szerokim pier\u015bcieniem wewn\u0119trznym \u2013 \u0142o\u017cysko wk\u0142adkowe z wyd\u0142u\u017conym pier\u015bcieniem wewn\u0119trznym dla lepszego wsparcia wa\u0142u"},"content":{"rendered":"<p data-start=\"376\" data-end=\"699\">Ten <strong data-start=\"380\" data-end=\"407\">\u0141o\u017cysko z szerokim wewn\u0119trznym pier\u015bcieniem<\/strong> jest specjalistycznym \u0142o\u017cyskiem wk\u0142adkowym zaprojektowanym z wyd\u0142u\u017conym wewn\u0119trznym pier\u015bcieniem po jednej lub obu stronach. Taki projekt zapewnia dodatkowe wsparcie wa\u0142u, poprawion\u0105 stabilno\u015b\u0107 i lepsz\u0105 wydajno\u015b\u0107 blokowania, co czyni go idealnym do zastosowa\u0144 z niewsp\u00f3\u0142osiowo\u015bci\u0105 wa\u0142u, wibracjami lub ograniczon\u0105 d\u0142ugo\u015bci\u0105 wsparcia wa\u0142u.<\/p>\n<p data-start=\"701\" data-end=\"997\">Szeroko stosowane w maszynach rolniczych i systemach przeno\u015bnikowych, \u0142o\u017cyska z szerokim wewn\u0119trznym pier\u015bcieniem s\u0105 zazwyczaj montowane w blokach poduszkowych lub obudowach z ko\u0142nierzem. Wyd\u0142u\u017cony wewn\u0119trzny pier\u015bcie\u0144 umo\u017cliwia pewne mocowanie za pomoc\u0105 \u015brub dociskowych lub ekscentrycznych ko\u0142nierzy blokuj\u0105cych, zapewniaj\u0105c niezawodn\u0105 prac\u0119 w warunkach dynamicznego obci\u0105\u017cenia.<\/p>\n<p data-start=\"999\" data-end=\"1194\">Wykonane z wysokiej jako\u015bci stali chromowej i dost\u0119pne w wersjach ze stali nierdzewnej, te \u0142o\u017cyska oferuj\u0105 doskona\u0142\u0105 trwa\u0142o\u015b\u0107, p\u0142ynny ruch i d\u0142ug\u0105 \u017cywotno\u015b\u0107 w wymagaj\u0105cych warunkach.<\/p>\n<h1 data-section-id=\"8av2ty\" data-start=\"1201\" data-end=\"1219\"><span role=\"text\"><strong data-start=\"1203\" data-end=\"1219\">Kluczowe cechy<\/strong><\/span><\/h1>\n<ul data-start=\"1221\" data-end=\"1567\">\n<li data-section-id=\"19holap\" data-start=\"1221\" data-end=\"1271\">Wyd\u0142u\u017cony wewn\u0119trzny pier\u015bcie\u0144 dla lepszego wsparcia wa\u0142u<\/li>\n<li data-section-id=\"1j20xvq\" data-start=\"1272\" data-end=\"1332\">Poprawiona stabilno\u015b\u0107 w zastosowaniach z ugi\u0119ciem wa\u0142u<\/li>\n<li data-section-id=\"1te2cmv\" data-start=\"1333\" data-end=\"1387\">Pewne blokowanie za pomoc\u0105 \u015brub dociskowych lub ekscentrycznego ko\u0142nierza<\/li>\n<li data-section-id=\"3br2ju\" data-start=\"1388\" data-end=\"1426\">Projekt samonastawnej powierzchni zewn\u0119trznej<\/li>\n<li data-section-id=\"hwxtx0\" data-start=\"1427\" data-end=\"1476\">Odpowiednie do blok\u00f3w poduszkowych i obud\u00f3w z ko\u0142nierzem<\/li>\n<li data-section-id=\"1lzu0yl\" data-start=\"1477\" data-end=\"1516\">Wst\u0119pnie nasmarowane dla \u0142atwej konserwacji<\/li>\n<li data-section-id=\"1u6kvkj\" data-start=\"1517\" data-end=\"1567\">Silna odporno\u015b\u0107 na wibracje i obci\u0105\u017cenia udarowe<\/li>\n<\/ul>\n<h1 data-section-id=\"10k15yz\" data-start=\"1574\" data-end=\"1604\"><span role=\"text\"><strong data-start=\"1576\" data-end=\"1604\">Specyfikacje techniczne<\/strong><\/span><\/h1>\n<div class=\"TyagGW_tableContainer\">\n<div class=\"group TyagGW_tableWrapper flex flex-col-reverse w-fit\" tabindex=\"-1\">\n<table class=\"w-fit min-w-(--thread-content-width)\" data-start=\"1606\" data-end=\"2064\">\n<thead data-start=\"1606\" data-end=\"1627\">\n<tr data-start=\"1606\" data-end=\"1627\">\n<th class=\"\" data-start=\"1606\" data-end=\"1618\" data-col-size=\"sm\">Parametr<\/th>\n<th class=\"\" data-start=\"1618\" data-end=\"1627\" data-col-size=\"md\">Warto\u015b\u0107<\/th>\n<\/tr>\n<\/thead>\n<tbody data-start=\"1648\" data-end=\"2064\">\n<tr data-start=\"1648\" data-end=\"1697\">\n<td data-start=\"1648\" data-end=\"1663\" data-col-size=\"sm\">Typ \u0142o\u017cyska<\/td>\n<td data-col-size=\"md\" data-start=\"1663\" data-end=\"1697\">\u0141o\u017cysko wk\u0142adkowe z szerokim wewn\u0119trznym pier\u015bcieniem<\/td>\n<\/tr>\n<tr data-start=\"1698\" data-end=\"1762\">\n<td data-start=\"1698\" data-end=\"1710\" data-col-size=\"sm\">Budowa<\/td>\n<td data-col-size=\"md\" data-start=\"1710\" data-end=\"1762\">\u0141o\u017cysko kulkowe jednorz\u0119dowe z wyd\u0142u\u017conym wewn\u0119trznym pier\u015bcieniem<\/td>\n<\/tr>\n<tr data-start=\"1763\" data-end=\"1808\">\n<td data-start=\"1763\" data-end=\"1774\" data-col-size=\"sm\">Materia\u0142<\/td>\n<td data-col-size=\"md\" data-start=\"1774\" data-end=\"1808\">Stal chromowa \/ Stal nierdzewna<\/td>\n<\/tr>\n<tr data-start=\"1809\" data-end=\"1866\">\n<td data-start=\"1809\" data-end=\"1826\" data-col-size=\"sm\">Metoda blokowania<\/td>\n<td data-col-size=\"md\" data-start=\"1826\" data-end=\"1866\">\u015aruba ustalaj\u0105ca \/ Eccentric locking collar<\/td>\n<\/tr>\n<tr data-start=\"1867\" data-end=\"1904\">\n<td data-start=\"1867\" data-end=\"1882\" data-col-size=\"sm\">Typ uszczelnienia<\/td>\n<td data-col-size=\"md\" data-start=\"1882\" data-end=\"1904\">Uszczelki gumowe (2RS)<\/td>\n<\/tr>\n<tr data-start=\"1905\" data-end=\"1934\">\n<td data-start=\"1905\" data-end=\"1919\" data-col-size=\"sm\">Smarowanie<\/td>\n<td data-col-size=\"md\" data-start=\"1919\" data-end=\"1934\">Wst\u0119pnie nasmarowane<\/td>\n<\/tr>\n<tr data-start=\"1935\" data-end=\"1986\">\n<td data-start=\"1935\" data-end=\"1959\" data-col-size=\"sm\">Kompatybilno\u015b\u0107 obudowy<\/td>\n<td data-col-size=\"md\" data-start=\"1959\" data-end=\"1986\">Serie UCP \/ UCF \/ UCFL<\/td>\n<\/tr>\n<tr data-start=\"1987\" data-end=\"2029\">\n<td data-start=\"1987\" data-end=\"2011\" data-col-size=\"sm\">Temperatura pracy<\/td>\n<td data-col-size=\"md\" data-start=\"2011\" data-end=\"2029\">-20\u00b0C do 120\u00b0C<\/td>\n<\/tr>\n<tr data-start=\"2030\" data-end=\"2064\">\n<td data-start=\"2030\" data-end=\"2042\" data-col-size=\"sm\">Typ obci\u0105\u017cenia<\/td>\n<td data-col-size=\"md\" data-start=\"2042\" data-end=\"2064\">\u015arednie obci\u0105\u017cenie promieniowe<\/td>\n<\/tr>\n<\/tbody>\n<\/table>\n<\/div>\n<\/div>\n<h1 data-section-id=\"1p00fbj\" data-start=\"2071\" data-end=\"2089\"><span role=\"text\"><strong data-start=\"2073\" data-end=\"2089\">Zastosowania<\/strong><\/span><\/h1>\n<p data-start=\"2091\" data-end=\"2135\">\u0141o\u017cyska z szerokim pier\u015bcieniem wewn\u0119trznym s\u0105 szeroko stosowane w:<\/p>\n<ul data-start=\"2137\" data-end=\"2291\">\n<li data-section-id=\"1n6ynun\" data-start=\"2137\" data-end=\"2163\">Maszynach rolniczych<\/li>\n<li data-section-id=\"176s2ln\" data-start=\"2164\" data-end=\"2184\">Systemach przeno\u015bnikowych<\/li>\n<li data-section-id=\"1vok1mu\" data-start=\"2185\" data-end=\"2214\">Sprz\u0119cie do trawnika i ogrodu<\/li>\n<li data-section-id=\"io1u9n\" data-start=\"2215\" data-end=\"2236\">Maszynach w\u0142\u00f3kienniczych<\/li>\n<li data-section-id=\"1htpp6l\" data-start=\"2237\" data-end=\"2260\">Sprz\u0119cie pakuj\u0105cym<\/li>\n<li data-section-id=\"14dhqtb\" data-start=\"2261\" data-end=\"2291\">Lekkiej maszynie przemys\u0142owej<\/li>\n<\/ul>\n<h1 data-section-id=\"zdmnob\" data-start=\"2298\" data-end=\"2317\"><span role=\"text\"><strong data-start=\"2300\" data-end=\"2317\">Dlaczego warto wybra\u0107 nas<\/strong><\/span><\/h1>\n<ul data-start=\"2319\" data-end=\"2558\">\n<li data-section-id=\"27wjk1\" data-start=\"2319\" data-end=\"2372\">Silne do\u015bwiadczenie w produkcji \u0142o\u017cysk wk\u0142adkowych<\/li>\n<li data-section-id=\"1rc9oj3\" data-start=\"2373\" data-end=\"2419\">Rozwi\u0105zania OEM i niestandardowe dost\u0119pne<\/li>\n<li data-section-id=\"1veetvt\" data-start=\"2420\" data-end=\"2470\">Materia\u0142y wysokiej jako\u015bci o stabilnej wydajno\u015bci<\/li>\n<li data-section-id=\"25hgpv\" data-start=\"2471\" data-end=\"2513\">Kompatybilne z standardowymi jednostkami obudowy<\/li>\n<li data-section-id=\"1lpvtyk\" data-start=\"2514\" data-end=\"2558\">Szybka dostawa i mo\u017cliwo\u015b\u0107 dostaw hurtowych<\/li>\n<\/ul>\n<h1 data-section-id=\"1iusff4\" data-start=\"2565\" data-end=\"2574\"><span role=\"text\"><strong data-start=\"2567\" data-end=\"2574\">FAQ<\/strong><\/span><\/h1>\n<p data-start=\"2576\" data-end=\"2751\"><strong data-start=\"2576\" data-end=\"2635\">Q1: Jaka jest zaleta \u0142o\u017cyska z szerokim pier\u015bcieniem wewn\u0119trznym?<\/strong><br data-start=\"2635\" data-end=\"2638\" \/>A: Zapewnia lepsze wsparcie wa\u0142u i stabilno\u015b\u0107, szczeg\u00f3lnie w zastosowaniach z ugi\u0119ciem wa\u0142u lub drganiami.<\/p>\n<p data-start=\"2753\" data-end=\"2877\"><strong data-start=\"2753\" data-end=\"2799\">Q2: Jak \u0142o\u017cysko jest mocowane do wa\u0142u?<\/strong><br data-start=\"2799\" data-end=\"2802\" \/>A: Zazwyczaj jest zabezpieczane za pomoc\u0105 \u015brub ustalaj\u0105cych lub ekscentrycznej obr\u0119czy blokuj\u0105cej.<\/p>\n<p data-start=\"2879\" data-end=\"3013\"><strong data-start=\"2879\" data-end=\"2938\">Q3: Czy mo\u017cna je stosowa\u0107 z standardowymi obudowami poduszkowymi?<\/strong><br data-start=\"2938\" data-end=\"2941\" \/>A: Tak, jest kompatybilny z standardowymi jednostkami obudowy UCP, UCF i UCFL.<\/p>","protected":false},"excerpt":{"rendered":"<p>Ten <strong data-start=\"380\" data-end=\"407\">\u0141o\u017cysko z szerokim wewn\u0119trznym pier\u015bcieniem<\/strong> jest specjalistycznym \u0142o\u017cyskiem wk\u0142adkowym zaprojektowanym z wyd\u0142u\u017conym wewn\u0119trznym pier\u015bcieniem po jednej lub obu stronach. Taki projekt zapewnia dodatkowe wsparcie wa\u0142u, poprawion\u0105 stabilno\u015b\u0107 i lepsz\u0105 wydajno\u015b\u0107 blokowania, co czyni go idealnym do zastosowa\u0144 z niewsp\u00f3\u0142osiowo\u015bci\u0105 wa\u0142u, wibracjami lub ograniczon\u0105 d\u0142ugo\u015bci\u0105 wsparcia wa\u0142u.<\/p>","protected":false},"featured_media":2603,"comment_status":"open","ping_status":"closed","template":"","meta":{"site-sidebar-layout":"default","site-content-layout":"","ast-site-content-layout":"default","site-content-style":"default","site-sidebar-style":"default","ast-global-header-display":"","ast-banner-title-visibility":"","ast-main-header-display":"","ast-hfb-above-header-display":"","ast-hfb-below-header-display":"","ast-hfb-mobile-header-display":"","site-post-title":"","ast-breadcrumbs-content":"","ast-featured-img":"","footer-sml-layout":"","ast-disable-related-posts":"","theme-transparent-header-meta":"default","adv-header-id-meta":"","stick-header-meta":"default","header-above-stick-meta":"","header-main-stick-meta":"","header-below-stick-meta":"","astra-migrate-meta-layouts":"set","ast-page-background-enabled":"default","ast-page-background-meta":{"desktop":{"background-color":"","background-image":"","background-repeat":"repeat","background-position":"center center","background-size":"auto","background-attachment":"scroll","background-type":"","background-media":"","overlay-type":"","overlay-color":"","overlay-opacity":"","overlay-gradient":""},"tablet":{"background-color":"","background-image":"","background-repeat":"repeat","background-position":"center center","background-size":"auto","background-attachment":"scroll","background-type":"","background-media":"","overlay-type":"","overlay-color":"","overlay-opacity":"","overlay-gradient":""},"mobile":{"background-color":"","background-image":"","background-repeat":"repeat","background-position":"center center","background-size":"auto","background-attachment":"scroll","background-type":"","background-media":"","overlay-type":"","overlay-color":"","overlay-opacity":"","overlay-gradient":""}},"ast-content-background-meta":{"desktop":{"background-color":"var(--ast-global-color-5)","background-image":"","background-repeat":"repeat","background-position":"center center","background-size":"auto","background-attachment":"scroll","background-type":"","background-media":"","overlay-type":"","overlay-color":"","overlay-opacity":"","overlay-gradient":""},"tablet":{"background-color":"var(--ast-global-color-5)","background-image":"","background-repeat":"repeat","background-position":"center center","background-size":"auto","background-attachment":"scroll","background-type":"","background-media":"","overlay-type":"","overlay-color":"","overlay-opacity":"","overlay-gradient":""},"mobile":{"background-color":"var(--ast-global-color-5)","background-image":"","background-repeat":"repeat","background-position":"center center","background-size":"auto","background-attachment":"scroll","background-type":"","background-media":"","overlay-type":"","overlay-color":"","overlay-opacity":"","overlay-gradient":""}}},"product_brand":[],"product_cat":[22],"product_tag":[160,209,45,156,159,72,157,162,215,214],"class_list":{"0":"post-2440","1":"product","2":"type-product","3":"status-publish","4":"has-post-thumbnail","6":"product_cat-self-aligning-ball-bearings","7":"product_tag-agricultural-bearing","8":"product_tag-conveyor-bearing","9":"product_tag-industrial-bearing","10":"product_tag-insert-bearing","11":"product_tag-mounted-bearing","12":"product_tag-oem-bearing-supplier","13":"product_tag-pillow-block-bearing","14":"product_tag-self-aligning-bearing","15":"product_tag-uc-bearing","16":"product_tag-wide-inner-ring-bearing","17":"desktop-align-left","18":"tablet-align-left","19":"mobile-align-left","20":"ast-product-gallery-layout-horizontal-slider","21":"ast-product-gallery-with-no-image","22":"ast-product-tabs-layout-horizontal","24":"first","25":"instock","26":"shipping-taxable","27":"product-type-simple"},"_links":{"self":[{"href":"https:\/\/www.machinerybearings.com\/pl\/wp-json\/wp\/v2\/product\/2440","targetHints":{"allow":["GET"]}}],"collection":[{"href":"https:\/\/www.machinerybearings.com\/pl\/wp-json\/wp\/v2\/product"}],"about":[{"href":"https:\/\/www.machinerybearings.com\/pl\/wp-json\/wp\/v2\/types\/product"}],"replies":[{"embeddable":true,"href":"https:\/\/www.machinerybearings.com\/pl\/wp-json\/wp\/v2\/comments?post=2440"}],"wp:featuredmedia":[{"embeddable":true,"href":"https:\/\/www.machinerybearings.com\/pl\/wp-json\/wp\/v2\/media\/2603"}],"wp:attachment":[{"href":"https:\/\/www.machinerybearings.com\/pl\/wp-json\/wp\/v2\/media?parent=2440"}],"wp:term":[{"taxonomy":"product_brand","embeddable":true,"href":"https:\/\/www.machinerybearings.com\/pl\/wp-json\/wp\/v2\/product_brand?post=2440"},{"taxonomy":"product_cat","embeddable":true,"href":"https:\/\/www.machinerybearings.com\/pl\/wp-json\/wp\/v2\/product_cat?post=2440"},{"taxonomy":"product_tag","embeddable":true,"href":"https:\/\/www.machinerybearings.com\/pl\/wp-json\/wp\/v2\/product_tag?post=2440"}],"curies":[{"name":"wp","href":"https:\/\/api.w.org\/{rel}","templated":true}]}}